{"id":20232,"date":"2023-03-24T17:37:05","date_gmt":"2023-03-24T15:37:05","guid":{"rendered":"http:\/\/lottespapery.com\/products\/magnet-chipmunk\/"},"modified":"2023-04-17T00:02:44","modified_gmt":"2023-04-16T21:02:44","slug":"chipmunk-magnet","status":"publish","type":"product","link":"https:\/\/lottespapery.com\/en\/products\/chipmunk-magnet\/","title":{"rendered":"Magnet &#8221; Chipmunk &#8220;"},"content":{"rendered":"","protected":false},"excerpt":{"rendered":"","protected":false},"featured_media":19234,"template":"","meta":[],"product_brand":[],"product_cat":[847],"product_tag":[],"class_list":{"0":"post-20232","1":"product","2":"type-product","3":"status-publish","4":"has-post-thumbnail","6":"product_cat-magnets","8":"first","9":"outofstock","10":"taxable","11":"shipping-taxable","12":"purchasable","13":"product-type-simple"},"raw_content":{"name":"Magnet \" Chipmunk \"","description":"","short_description":"","status":"publish","sku":"54AC-92B5FE","original":19232},"wpml":{"translation_type":1,"has_translations":true,"original":19232,"duplicates":[],"translations":{"lv":19232,"en":20232}},"yoast_head":"<!-- This site is optimized with the Yoast SEO plugin v19.10 - https:\/\/yoast.com\/wordpress\/plugins\/seo\/ -->\n<title>Magnet &quot; Chipmunk &quot; - Lotte&#039;s Papery<\/title>\n<meta name=\"description\" content=\"Whether it&#039;s a sticky note, a photo or the next shopping list, this magnet will make sure everything stays organized. Size: 5.6 cm Made in Europe.\" \/>\n<meta name=\"robots\" content=\"index, follow, max-snippet:-1, max-image-preview:large, max-video-preview:-1\" \/>\n<link rel=\"canonical\" href=\"https:\/\/lottespapery.com\/en\/products\/chipmunk-magnet\/\" \/>\n<meta property=\"og:locale\" content=\"en_US\" \/>\n<meta property=\"og:type\" content=\"article\" \/>\n<meta property=\"og:title\" content=\"Magnet &quot; Chipmunk &quot; - Lotte&#039;s Papery\" \/>\n<meta property=\"og:description\" content=\"Whether it&#039;s a sticky note, a photo or the next shopping list, this magnet will make sure everything stays organized. Size: 5.6 cm Made in Europe.\" \/>\n<meta property=\"og:url\" content=\"https:\/\/lottespapery.com\/en\/products\/chipmunk-magnet\/\" \/>\n<meta property=\"og:site_name\" content=\"Lotte&#039;s Papery\" \/>\n<meta property=\"article:publisher\" content=\"https:\/\/www.facebook.com\/LottesPapery\/\" \/>\n<meta property=\"article:modified_time\" content=\"2023-04-16T21:02:44+00:00\" \/>\n<meta property=\"og:image\" content=\"https:\/\/lottespapery.com\/wp-content\/uploads\/2023\/03\/fgc.jpg\" \/>\n\t<meta property=\"og:image:width\" content=\"833\" \/>\n\t<meta property=\"og:image:height\" content=\"817\" \/>\n\t<meta property=\"og:image:type\" content=\"image\/jpeg\" \/>\n<meta name=\"twitter:card\" content=\"summary_large_image\" \/>\n<script type=\"application\/ld+json\" class=\"yoast-schema-graph\">{\"@context\":\"https:\/\/schema.org\",\"@graph\":[{\"@type\":\"WebPage\",\"@id\":\"https:\/\/lottespapery.com\/en\/products\/chipmunk-magnet\/\",\"url\":\"https:\/\/lottespapery.com\/en\/products\/chipmunk-magnet\/\",\"name\":\"Magnet \\\" Chipmunk \\\" - Lotte&#039;s Papery\",\"isPartOf\":{\"@id\":\"https:\/\/lottespapery.com\/en\/#website\"},\"datePublished\":\"2023-03-24T15:37:05+00:00\",\"dateModified\":\"2023-04-16T21:02:44+00:00\",\"description\":\"Whether it's a sticky note, a photo or the next shopping list, this magnet will make sure everything stays organized. Size: 5.6 cm Made in Europe.\",\"breadcrumb\":{\"@id\":\"https:\/\/lottespapery.com\/en\/products\/chipmunk-magnet\/#breadcrumb\"},\"inLanguage\":\"en-US\",\"potentialAction\":[{\"@type\":\"ReadAction\",\"target\":[\"https:\/\/lottespapery.com\/en\/products\/chipmunk-magnet\/\"]}]},{\"@type\":\"BreadcrumbList\",\"@id\":\"https:\/\/lottespapery.com\/en\/products\/chipmunk-magnet\/#breadcrumb\",\"itemListElement\":[{\"@type\":\"ListItem\",\"position\":1,\"name\":\"Home\",\"item\":\"https:\/\/lottespapery.com\/en\/\"},{\"@type\":\"ListItem\",\"position\":2,\"name\":\"Shop\",\"item\":\"https:\/\/lottespapery.com\/en\/shop\/\"},{\"@type\":\"ListItem\",\"position\":3,\"name\":\"Magnet &#8221; Chipmunk &#8220;\"}]},{\"@type\":\"WebSite\",\"@id\":\"https:\/\/lottespapery.com\/en\/#website\",\"url\":\"https:\/\/lottespapery.com\/en\/\",\"name\":\"Lotte&#039;s Papery\",\"description\":\"Pap\u012brlietas un \u0101das izstr\u0101d\u0101jumi\",\"publisher\":{\"@id\":\"https:\/\/lottespapery.com\/en\/#organization\"},\"potentialAction\":[{\"@type\":\"SearchAction\",\"target\":{\"@type\":\"EntryPoint\",\"urlTemplate\":\"https:\/\/lottespapery.com\/en\/?s={search_term_string}\"},\"query-input\":\"required name=search_term_string\"}],\"inLanguage\":\"en-US\"},{\"@type\":\"Organization\",\"@id\":\"https:\/\/lottespapery.com\/en\/#organization\",\"name\":\"Lotte&#039;s Papery\",\"url\":\"https:\/\/lottespapery.com\/en\/\",\"logo\":{\"@type\":\"ImageObject\",\"inLanguage\":\"en-US\",\"@id\":\"https:\/\/lottespapery.com\/en\/#\/schema\/logo\/image\/\",\"url\":\"http:\/\/lottespapery.com\/wp-content\/uploads\/2022\/11\/logo-dark_180x@2x.png\",\"contentUrl\":\"http:\/\/lottespapery.com\/wp-content\/uploads\/2022\/11\/logo-dark_180x@2x.png\",\"width\":360,\"height\":100,\"caption\":\"Lotte&#039;s Papery\"},\"image\":{\"@id\":\"https:\/\/lottespapery.com\/en\/#\/schema\/logo\/image\/\"},\"sameAs\":[\"https:\/\/www.instagram.com\/lottes_papery\/\",\"https:\/\/www.facebook.com\/LottesPapery\/\"]}]}<\/script>\n<!-- \/ Yoast SEO plugin. -->","yoast_head_json":{"title":"Magnet \" Chipmunk \" - Lotte&#039;s Papery","description":"Whether it's a sticky note, a photo or the next shopping list, this magnet will make sure everything stays organized. Size: 5.6 cm Made in Europe.","robots":{"index":"index","follow":"follow","max-snippet":"max-snippet:-1","max-image-preview":"max-image-preview:large","max-video-preview":"max-video-preview:-1"},"canonical":"https:\/\/lottespapery.com\/en\/products\/chipmunk-magnet\/","og_locale":"en_US","og_type":"article","og_title":"Magnet \" Chipmunk \" - Lotte&#039;s Papery","og_description":"Whether it's a sticky note, a photo or the next shopping list, this magnet will make sure everything stays organized. Size: 5.6 cm Made in Europe.","og_url":"https:\/\/lottespapery.com\/en\/products\/chipmunk-magnet\/","og_site_name":"Lotte&#039;s Papery","article_publisher":"https:\/\/www.facebook.com\/LottesPapery\/","article_modified_time":"2023-04-16T21:02:44+00:00","og_image":[{"width":833,"height":817,"url":"https:\/\/lottespapery.com\/wp-content\/uploads\/2023\/03\/fgc.jpg","type":"image\/jpeg"}],"twitter_card":"summary_large_image","schema":{"@context":"https:\/\/schema.org","@graph":[{"@type":"WebPage","@id":"https:\/\/lottespapery.com\/en\/products\/chipmunk-magnet\/","url":"https:\/\/lottespapery.com\/en\/products\/chipmunk-magnet\/","name":"Magnet \" Chipmunk \" - Lotte&#039;s Papery","isPartOf":{"@id":"https:\/\/lottespapery.com\/en\/#website"},"datePublished":"2023-03-24T15:37:05+00:00","dateModified":"2023-04-16T21:02:44+00:00","description":"Whether it's a sticky note, a photo or the next shopping list, this magnet will make sure everything stays organized. Size: 5.6 cm Made in Europe.","breadcrumb":{"@id":"https:\/\/lottespapery.com\/en\/products\/chipmunk-magnet\/#breadcrumb"},"inLanguage":"en-US","potentialAction":[{"@type":"ReadAction","target":["https:\/\/lottespapery.com\/en\/products\/chipmunk-magnet\/"]}]},{"@type":"BreadcrumbList","@id":"https:\/\/lottespapery.com\/en\/products\/chipmunk-magnet\/#breadcrumb","itemListElement":[{"@type":"ListItem","position":1,"name":"Home","item":"https:\/\/lottespapery.com\/en\/"},{"@type":"ListItem","position":2,"name":"Shop","item":"https:\/\/lottespapery.com\/en\/shop\/"},{"@type":"ListItem","position":3,"name":"Magnet &#8221; Chipmunk &#8220;"}]},{"@type":"WebSite","@id":"https:\/\/lottespapery.com\/en\/#website","url":"https:\/\/lottespapery.com\/en\/","name":"Lotte&#039;s Papery","description":"Pap\u012brlietas un \u0101das izstr\u0101d\u0101jumi","publisher":{"@id":"https:\/\/lottespapery.com\/en\/#organization"},"potentialAction":[{"@type":"SearchAction","target":{"@type":"EntryPoint","urlTemplate":"https:\/\/lottespapery.com\/en\/?s={search_term_string}"},"query-input":"required name=search_term_string"}],"inLanguage":"en-US"},{"@type":"Organization","@id":"https:\/\/lottespapery.com\/en\/#organization","name":"Lotte&#039;s Papery","url":"https:\/\/lottespapery.com\/en\/","logo":{"@type":"ImageObject","inLanguage":"en-US","@id":"https:\/\/lottespapery.com\/en\/#\/schema\/logo\/image\/","url":"http:\/\/lottespapery.com\/wp-content\/uploads\/2022\/11\/logo-dark_180x@2x.png","contentUrl":"http:\/\/lottespapery.com\/wp-content\/uploads\/2022\/11\/logo-dark_180x@2x.png","width":360,"height":100,"caption":"Lotte&#039;s Papery"},"image":{"@id":"https:\/\/lottespapery.com\/en\/#\/schema\/logo\/image\/"},"sameAs":["https:\/\/www.instagram.com\/lottes_papery\/","https:\/\/www.facebook.com\/LottesPapery\/"]}]}},"_links":{"self":[{"href":"https:\/\/lottespapery.com\/en\/wp-json\/wp\/v2\/product\/20232","targetHints":{"allow":["GET"]}}],"collection":[{"href":"https:\/\/lottespapery.com\/en\/wp-json\/wp\/v2\/product"}],"about":[{"href":"https:\/\/lottespapery.com\/en\/wp-json\/wp\/v2\/types\/product"}],"wp:featuredmedia":[{"embeddable":true,"href":"https:\/\/lottespapery.com\/en\/wp-json\/wp\/v2\/media\/19234"}],"wp:attachment":[{"href":"https:\/\/lottespapery.com\/en\/wp-json\/wp\/v2\/media?parent=20232"}],"wp:term":[{"taxonomy":"product_brand","embeddable":true,"href":"https:\/\/lottespapery.com\/en\/wp-json\/wp\/v2\/product_brand?post=20232"},{"taxonomy":"product_cat","embeddable":true,"href":"https:\/\/lottespapery.com\/en\/wp-json\/wp\/v2\/product_cat?post=20232"},{"taxonomy":"product_tag","embeddable":true,"href":"https:\/\/lottespapery.com\/en\/wp-json\/wp\/v2\/product_tag?post=20232"}],"curies":[{"name":"wp","href":"https:\/\/api.w.org\/{rel}","templated":true}]}}