{"id":20271,"date":"2022-11-15T06:49:06","date_gmt":"2022-11-15T04:49:06","guid":{"rendered":"http:\/\/lottespapery.com\/products\/you-are-bearilicious-greeting-card\/"},"modified":"2026-02-27T15:58:42","modified_gmt":"2026-02-27T13:58:42","slug":"you-are-bearilicious-greeting-card","status":"publish","type":"product","link":"https:\/\/lottespapery.com\/en\/products\/you-are-bearilicious-greeting-card\/","title":{"rendered":"Greeting card &#8220;You are BEARilicious&#8221;"},"content":{"rendered":"","protected":false},"excerpt":{"rendered":"","protected":false},"featured_media":5901,"template":"","meta":[],"product_brand":[],"product_cat":[2045],"product_tag":[],"class_list":{"0":"post-20271","1":"product","2":"type-product","3":"status-publish","4":"has-post-thumbnail","6":"product_cat-all-cards","8":"first","9":"instock","10":"taxable","11":"shipping-taxable","12":"purchasable","13":"product-type-simple"},"raw_content":{"name":"Greeting card \"You are BEARilicious\"","description":"","short_description":"","status":"publish","sku":"LPCDS_040","original":5899},"wpml":{"translation_type":1,"has_translations":true,"original":5899,"duplicates":[],"translations":{"lv":5899,"en":20271}},"yoast_head":"<!-- This site is optimized with the Yoast SEO plugin v19.10 - https:\/\/yoast.com\/wordpress\/plugins\/seo\/ -->\n<title>Greeting card &quot;You are BEARilicious&quot; - Lotte&#039;s Papery<\/title>\n<meta name=\"description\" content=\"Folded greeting card with a black-and-white print and gold foil embossed elements, crafted from thick, textured designer paper. The inside of the card is left blank for your personal message. Illustration by artist Ilona Ka\u0137\u012bte.  Card size: 10.5 \u00d7 14.8 cm (when folded)  Our greeting cards are crafted from eco-friendly paper made with 100% recycled fibres, featuring a luxurious deluxe finish.\" \/>\n<meta name=\"robots\" content=\"index, follow, max-snippet:-1, max-image-preview:large, max-video-preview:-1\" \/>\n<link rel=\"canonical\" href=\"https:\/\/lottespapery.com\/en\/products\/you-are-bearilicious-greeting-card\/\" \/>\n<meta property=\"og:locale\" content=\"en_US\" \/>\n<meta property=\"og:type\" content=\"article\" \/>\n<meta property=\"og:title\" content=\"Greeting card &quot;You are BEARilicious&quot; - Lotte&#039;s Papery\" \/>\n<meta property=\"og:description\" content=\"Folded greeting card with a black-and-white print and gold foil embossed elements, crafted from thick, textured designer paper. The inside of the card is left blank for your personal message. Illustration by artist Ilona Ka\u0137\u012bte.  Card size: 10.5 \u00d7 14.8 cm (when folded)  Our greeting cards are crafted from eco-friendly paper made with 100% recycled fibres, featuring a luxurious deluxe finish.\" \/>\n<meta property=\"og:url\" content=\"https:\/\/lottespapery.com\/en\/products\/you-are-bearilicious-greeting-card\/\" \/>\n<meta property=\"og:site_name\" content=\"Lotte&#039;s Papery\" \/>\n<meta property=\"article:publisher\" content=\"https:\/\/www.facebook.com\/LottesPapery\/\" \/>\n<meta property=\"article:modified_time\" content=\"2026-02-27T13:58:42+00:00\" \/>\n<meta property=\"og:image\" content=\"http:\/\/lottespapery.com\/wp-content\/uploads\/2022\/11\/vintage_print-02.jpg\" \/>\n\t<meta property=\"og:image:width\" content=\"1419\" \/>\n\t<meta property=\"og:image:height\" content=\"1890\" \/>\n\t<meta property=\"og:image:type\" content=\"image\/jpeg\" \/>\n<meta name=\"twitter:card\" content=\"summary_large_image\" \/>\n<script type=\"application\/ld+json\" class=\"yoast-schema-graph\">{\"@context\":\"https:\/\/schema.org\",\"@graph\":[{\"@type\":\"WebPage\",\"@id\":\"https:\/\/lottespapery.com\/en\/products\/you-are-bearilicious-greeting-card\/\",\"url\":\"https:\/\/lottespapery.com\/en\/products\/you-are-bearilicious-greeting-card\/\",\"name\":\"Greeting card \\\"You are BEARilicious\\\" - Lotte&#039;s Papery\",\"isPartOf\":{\"@id\":\"https:\/\/lottespapery.com\/en\/#website\"},\"datePublished\":\"2022-11-15T04:49:06+00:00\",\"dateModified\":\"2026-02-27T13:58:42+00:00\",\"description\":\"Folded greeting card with a black-and-white print and gold foil embossed elements, crafted from thick, textured designer paper. The inside of the card is left blank for your personal message. Illustration by artist Ilona Ka\u0137\u012bte. Card size: 10.5 \u00d7 14.8 cm (when folded) Our greeting cards are crafted from eco-friendly paper made with 100% recycled fibres, featuring a luxurious deluxe finish.\",\"breadcrumb\":{\"@id\":\"https:\/\/lottespapery.com\/en\/products\/you-are-bearilicious-greeting-card\/#breadcrumb\"},\"inLanguage\":\"en-US\",\"potentialAction\":[{\"@type\":\"ReadAction\",\"target\":[\"https:\/\/lottespapery.com\/en\/products\/you-are-bearilicious-greeting-card\/\"]}]},{\"@type\":\"BreadcrumbList\",\"@id\":\"https:\/\/lottespapery.com\/en\/products\/you-are-bearilicious-greeting-card\/#breadcrumb\",\"itemListElement\":[{\"@type\":\"ListItem\",\"position\":1,\"name\":\"Home\",\"item\":\"https:\/\/lottespapery.com\/en\/\"},{\"@type\":\"ListItem\",\"position\":2,\"name\":\"Shop\",\"item\":\"https:\/\/lottespapery.com\/en\/shop\/\"},{\"@type\":\"ListItem\",\"position\":3,\"name\":\"Greeting card &#8220;You are BEARilicious&#8221;\"}]},{\"@type\":\"WebSite\",\"@id\":\"https:\/\/lottespapery.com\/en\/#website\",\"url\":\"https:\/\/lottespapery.com\/en\/\",\"name\":\"Lotte&#039;s Papery\",\"description\":\"Pap\u012brlietas un \u0101das izstr\u0101d\u0101jumi\",\"publisher\":{\"@id\":\"https:\/\/lottespapery.com\/en\/#organization\"},\"potentialAction\":[{\"@type\":\"SearchAction\",\"target\":{\"@type\":\"EntryPoint\",\"urlTemplate\":\"https:\/\/lottespapery.com\/en\/?s={search_term_string}\"},\"query-input\":\"required name=search_term_string\"}],\"inLanguage\":\"en-US\"},{\"@type\":\"Organization\",\"@id\":\"https:\/\/lottespapery.com\/en\/#organization\",\"name\":\"Lotte&#039;s Papery\",\"url\":\"https:\/\/lottespapery.com\/en\/\",\"logo\":{\"@type\":\"ImageObject\",\"inLanguage\":\"en-US\",\"@id\":\"https:\/\/lottespapery.com\/en\/#\/schema\/logo\/image\/\",\"url\":\"http:\/\/lottespapery.com\/wp-content\/uploads\/2022\/11\/logo-dark_180x@2x.png\",\"contentUrl\":\"http:\/\/lottespapery.com\/wp-content\/uploads\/2022\/11\/logo-dark_180x@2x.png\",\"width\":360,\"height\":100,\"caption\":\"Lotte&#039;s Papery\"},\"image\":{\"@id\":\"https:\/\/lottespapery.com\/en\/#\/schema\/logo\/image\/\"},\"sameAs\":[\"https:\/\/www.instagram.com\/lottes_papery\/\",\"https:\/\/www.facebook.com\/LottesPapery\/\"]}]}<\/script>\n<!-- \/ Yoast SEO plugin. -->","yoast_head_json":{"title":"Greeting card \"You are BEARilicious\" - Lotte&#039;s Papery","description":"Folded greeting card with a black-and-white print and gold foil embossed elements, crafted from thick, textured designer paper. The inside of the card is left blank for your personal message. Illustration by artist Ilona Ka\u0137\u012bte.  Card size: 10.5 \u00d7 14.8 cm (when folded)  Our greeting cards are crafted from eco-friendly paper made with 100% recycled fibres, featuring a luxurious deluxe finish.","robots":{"index":"index","follow":"follow","max-snippet":"max-snippet:-1","max-image-preview":"max-image-preview:large","max-video-preview":"max-video-preview:-1"},"canonical":"https:\/\/lottespapery.com\/en\/products\/you-are-bearilicious-greeting-card\/","og_locale":"en_US","og_type":"article","og_title":"Greeting card \"You are BEARilicious\" - Lotte&#039;s Papery","og_description":"Folded greeting card with a black-and-white print and gold foil embossed elements, crafted from thick, textured designer paper. The inside of the card is left blank for your personal message. Illustration by artist Ilona Ka\u0137\u012bte.  Card size: 10.5 \u00d7 14.8 cm (when folded)  Our greeting cards are crafted from eco-friendly paper made with 100% recycled fibres, featuring a luxurious deluxe finish.","og_url":"https:\/\/lottespapery.com\/en\/products\/you-are-bearilicious-greeting-card\/","og_site_name":"Lotte&#039;s Papery","article_publisher":"https:\/\/www.facebook.com\/LottesPapery\/","article_modified_time":"2026-02-27T13:58:42+00:00","og_image":[{"width":1419,"height":1890,"url":"http:\/\/lottespapery.com\/wp-content\/uploads\/2022\/11\/vintage_print-02.jpg","type":"image\/jpeg"}],"twitter_card":"summary_large_image","schema":{"@context":"https:\/\/schema.org","@graph":[{"@type":"WebPage","@id":"https:\/\/lottespapery.com\/en\/products\/you-are-bearilicious-greeting-card\/","url":"https:\/\/lottespapery.com\/en\/products\/you-are-bearilicious-greeting-card\/","name":"Greeting card \"You are BEARilicious\" - Lotte&#039;s Papery","isPartOf":{"@id":"https:\/\/lottespapery.com\/en\/#website"},"datePublished":"2022-11-15T04:49:06+00:00","dateModified":"2026-02-27T13:58:42+00:00","description":"Folded greeting card with a black-and-white print and gold foil embossed elements, crafted from thick, textured designer paper. The inside of the card is left blank for your personal message. Illustration by artist Ilona Ka\u0137\u012bte. Card size: 10.5 \u00d7 14.8 cm (when folded) Our greeting cards are crafted from eco-friendly paper made with 100% recycled fibres, featuring a luxurious deluxe finish.","breadcrumb":{"@id":"https:\/\/lottespapery.com\/en\/products\/you-are-bearilicious-greeting-card\/#breadcrumb"},"inLanguage":"en-US","potentialAction":[{"@type":"ReadAction","target":["https:\/\/lottespapery.com\/en\/products\/you-are-bearilicious-greeting-card\/"]}]},{"@type":"BreadcrumbList","@id":"https:\/\/lottespapery.com\/en\/products\/you-are-bearilicious-greeting-card\/#breadcrumb","itemListElement":[{"@type":"ListItem","position":1,"name":"Home","item":"https:\/\/lottespapery.com\/en\/"},{"@type":"ListItem","position":2,"name":"Shop","item":"https:\/\/lottespapery.com\/en\/shop\/"},{"@type":"ListItem","position":3,"name":"Greeting card &#8220;You are BEARilicious&#8221;"}]},{"@type":"WebSite","@id":"https:\/\/lottespapery.com\/en\/#website","url":"https:\/\/lottespapery.com\/en\/","name":"Lotte&#039;s Papery","description":"Pap\u012brlietas un \u0101das izstr\u0101d\u0101jumi","publisher":{"@id":"https:\/\/lottespapery.com\/en\/#organization"},"potentialAction":[{"@type":"SearchAction","target":{"@type":"EntryPoint","urlTemplate":"https:\/\/lottespapery.com\/en\/?s={search_term_string}"},"query-input":"required name=search_term_string"}],"inLanguage":"en-US"},{"@type":"Organization","@id":"https:\/\/lottespapery.com\/en\/#organization","name":"Lotte&#039;s Papery","url":"https:\/\/lottespapery.com\/en\/","logo":{"@type":"ImageObject","inLanguage":"en-US","@id":"https:\/\/lottespapery.com\/en\/#\/schema\/logo\/image\/","url":"http:\/\/lottespapery.com\/wp-content\/uploads\/2022\/11\/logo-dark_180x@2x.png","contentUrl":"http:\/\/lottespapery.com\/wp-content\/uploads\/2022\/11\/logo-dark_180x@2x.png","width":360,"height":100,"caption":"Lotte&#039;s Papery"},"image":{"@id":"https:\/\/lottespapery.com\/en\/#\/schema\/logo\/image\/"},"sameAs":["https:\/\/www.instagram.com\/lottes_papery\/","https:\/\/www.facebook.com\/LottesPapery\/"]}]}},"_links":{"self":[{"href":"https:\/\/lottespapery.com\/en\/wp-json\/wp\/v2\/product\/20271","targetHints":{"allow":["GET"]}}],"collection":[{"href":"https:\/\/lottespapery.com\/en\/wp-json\/wp\/v2\/product"}],"about":[{"href":"https:\/\/lottespapery.com\/en\/wp-json\/wp\/v2\/types\/product"}],"wp:featuredmedia":[{"embeddable":true,"href":"https:\/\/lottespapery.com\/en\/wp-json\/wp\/v2\/media\/5901"}],"wp:attachment":[{"href":"https:\/\/lottespapery.com\/en\/wp-json\/wp\/v2\/media?parent=20271"}],"wp:term":[{"taxonomy":"product_brand","embeddable":true,"href":"https:\/\/lottespapery.com\/en\/wp-json\/wp\/v2\/product_brand?post=20271"},{"taxonomy":"product_cat","embeddable":true,"href":"https:\/\/lottespapery.com\/en\/wp-json\/wp\/v2\/product_cat?post=20271"},{"taxonomy":"product_tag","embeddable":true,"href":"https:\/\/lottespapery.com\/en\/wp-json\/wp\/v2\/product_tag?post=20271"}],"curies":[{"name":"wp","href":"https:\/\/api.w.org\/{rel}","templated":true}]}}