{"id":20285,"date":"2022-11-15T08:26:05","date_gmt":"2022-11-15T06:26:05","guid":{"rendered":"http:\/\/lottespapery.com\/products\/hand-case-white-paper-envelope-with-texture\/"},"modified":"2025-02-18T10:42:51","modified_gmt":"2025-02-18T08:42:51","slug":"hand-case-white-paper-envelope-with-texture","status":"publish","type":"product","link":"https:\/\/lottespapery.com\/en\/products\/hand-case-white-paper-envelope-with-texture\/","title":{"rendered":"Textured handmade paper envelope with straight flap"},"content":{"rendered":"","protected":false},"excerpt":{"rendered":"","protected":false},"featured_media":10880,"template":"","meta":[],"product_brand":[],"product_cat":[1763,874,878],"product_tag":[],"class_list":{"0":"post-20285","1":"product","2":"type-product","3":"status-publish","4":"has-post-thumbnail","6":"product_cat-envelopes-en","7":"product_cat-envelopes","8":"product_cat-handmade-paper","10":"first","11":"instock","12":"taxable","13":"shipping-taxable","14":"purchasable","15":"product-type-variable","16":"has-default-attributes"},"raw_content":{"name":"Textured handmade paper envelope with straight flap","description":"","short_description":"","status":"publish","sku":"5279-C2BE19","original":10876},"wpml":{"translation_type":1,"has_translations":true,"original":10876,"duplicates":[],"translations":{"lv":10876,"en":20285}},"yoast_head":"<!-- This site is optimized with the Yoast SEO plugin v19.10 - https:\/\/yoast.com\/wordpress\/plugins\/seo\/ -->\n<title>Textured handmade paper envelope with straight flap - Lotte&#039;s Papery<\/title>\n<meta name=\"description\" content=\"Handmade envelopes crafted from natural cotton and abaca, a unique banana tree fiber. Their raw edges, soft natural whiteness, and delicate texture create a truly authentic feel.  Perfect for heartfelt moments\u2014writing a special note to an old friend, marriage vows, love letters, gift messages, personal poetry, and more. Each envelope is uniquely textured, with slight variations in thickness, size, and pigmentation, making every piece beautifully imperfect.  Available in two sizes: 11.5 \u00d7 8.2 cm and 23 \u00d7 16.1 cm Paper thickness: 150gsm\" \/>\n<meta name=\"robots\" content=\"index, follow, max-snippet:-1, max-image-preview:large, max-video-preview:-1\" \/>\n<link rel=\"canonical\" href=\"https:\/\/lottespapery.com\/en\/products\/hand-case-white-paper-envelope-with-texture\/\" \/>\n<meta property=\"og:locale\" content=\"en_US\" \/>\n<meta property=\"og:type\" content=\"article\" \/>\n<meta property=\"og:title\" content=\"Textured handmade paper envelope with straight flap - Lotte&#039;s Papery\" \/>\n<meta property=\"og:description\" content=\"Handmade envelopes crafted from natural cotton and abaca, a unique banana tree fiber. Their raw edges, soft natural whiteness, and delicate texture create a truly authentic feel.  Perfect for heartfelt moments\u2014writing a special note to an old friend, marriage vows, love letters, gift messages, personal poetry, and more. Each envelope is uniquely textured, with slight variations in thickness, size, and pigmentation, making every piece beautifully imperfect.  Available in two sizes: 11.5 \u00d7 8.2 cm and 23 \u00d7 16.1 cm Paper thickness: 150gsm\" \/>\n<meta property=\"og:url\" content=\"https:\/\/lottespapery.com\/en\/products\/hand-case-white-paper-envelope-with-texture\/\" \/>\n<meta property=\"og:site_name\" content=\"Lotte&#039;s Papery\" \/>\n<meta property=\"article:publisher\" content=\"https:\/\/www.facebook.com\/LottesPapery\/\" \/>\n<meta property=\"article:modified_time\" content=\"2025-02-18T08:42:51+00:00\" \/>\n<meta property=\"og:image\" content=\"http:\/\/lottespapery.com\/wp-content\/uploads\/2022\/11\/rokam_lietie_papiri-04_1024x102411-01.jpg\" \/>\n\t<meta property=\"og:image:width\" content=\"1071\" \/>\n\t<meta property=\"og:image:height\" content=\"979\" \/>\n\t<meta property=\"og:image:type\" content=\"image\/jpeg\" \/>\n<meta name=\"twitter:card\" content=\"summary_large_image\" \/>\n<script type=\"application\/ld+json\" class=\"yoast-schema-graph\">{\"@context\":\"https:\/\/schema.org\",\"@graph\":[{\"@type\":\"WebPage\",\"@id\":\"https:\/\/lottespapery.com\/en\/products\/hand-case-white-paper-envelope-with-texture\/\",\"url\":\"https:\/\/lottespapery.com\/en\/products\/hand-case-white-paper-envelope-with-texture\/\",\"name\":\"Textured handmade paper envelope with straight flap - Lotte&#039;s Papery\",\"isPartOf\":{\"@id\":\"https:\/\/lottespapery.com\/en\/#website\"},\"datePublished\":\"2022-11-15T06:26:05+00:00\",\"dateModified\":\"2025-02-18T08:42:51+00:00\",\"description\":\"Handmade envelopes crafted from natural cotton and abaca, a unique banana tree fiber. Their raw edges, soft natural whiteness, and delicate texture create a truly authentic feel. Perfect for heartfelt moments\u2014writing a special note to an old friend, marriage vows, love letters, gift messages, personal poetry, and more. Each envelope is uniquely textured, with slight variations in thickness, size, and pigmentation, making every piece beautifully imperfect. Available in two sizes: 11.5 \u00d7 8.2 cm and 23 \u00d7 16.1 cm Paper thickness: 150gsm\",\"breadcrumb\":{\"@id\":\"https:\/\/lottespapery.com\/en\/products\/hand-case-white-paper-envelope-with-texture\/#breadcrumb\"},\"inLanguage\":\"en-US\",\"potentialAction\":[{\"@type\":\"ReadAction\",\"target\":[\"https:\/\/lottespapery.com\/en\/products\/hand-case-white-paper-envelope-with-texture\/\"]}]},{\"@type\":\"BreadcrumbList\",\"@id\":\"https:\/\/lottespapery.com\/en\/products\/hand-case-white-paper-envelope-with-texture\/#breadcrumb\",\"itemListElement\":[{\"@type\":\"ListItem\",\"position\":1,\"name\":\"Home\",\"item\":\"https:\/\/lottespapery.com\/en\/\"},{\"@type\":\"ListItem\",\"position\":2,\"name\":\"Shop\",\"item\":\"https:\/\/lottespapery.com\/en\/shop\/\"},{\"@type\":\"ListItem\",\"position\":3,\"name\":\"Textured handmade paper envelope with straight flap\"}]},{\"@type\":\"WebSite\",\"@id\":\"https:\/\/lottespapery.com\/en\/#website\",\"url\":\"https:\/\/lottespapery.com\/en\/\",\"name\":\"Lotte&#039;s Papery\",\"description\":\"Pap\u012brlietas un \u0101das izstr\u0101d\u0101jumi\",\"publisher\":{\"@id\":\"https:\/\/lottespapery.com\/en\/#organization\"},\"potentialAction\":[{\"@type\":\"SearchAction\",\"target\":{\"@type\":\"EntryPoint\",\"urlTemplate\":\"https:\/\/lottespapery.com\/en\/?s={search_term_string}\"},\"query-input\":\"required name=search_term_string\"}],\"inLanguage\":\"en-US\"},{\"@type\":\"Organization\",\"@id\":\"https:\/\/lottespapery.com\/en\/#organization\",\"name\":\"Lotte&#039;s Papery\",\"url\":\"https:\/\/lottespapery.com\/en\/\",\"logo\":{\"@type\":\"ImageObject\",\"inLanguage\":\"en-US\",\"@id\":\"https:\/\/lottespapery.com\/en\/#\/schema\/logo\/image\/\",\"url\":\"http:\/\/lottespapery.com\/wp-content\/uploads\/2022\/11\/logo-dark_180x@2x.png\",\"contentUrl\":\"http:\/\/lottespapery.com\/wp-content\/uploads\/2022\/11\/logo-dark_180x@2x.png\",\"width\":360,\"height\":100,\"caption\":\"Lotte&#039;s Papery\"},\"image\":{\"@id\":\"https:\/\/lottespapery.com\/en\/#\/schema\/logo\/image\/\"},\"sameAs\":[\"https:\/\/www.instagram.com\/lottes_papery\/\",\"https:\/\/www.facebook.com\/LottesPapery\/\"]}]}<\/script>\n<!-- \/ Yoast SEO plugin. -->","yoast_head_json":{"title":"Textured handmade paper envelope with straight flap - Lotte&#039;s Papery","description":"Handmade envelopes crafted from natural cotton and abaca, a unique banana tree fiber. Their raw edges, soft natural whiteness, and delicate texture create a truly authentic feel.  Perfect for heartfelt moments\u2014writing a special note to an old friend, marriage vows, love letters, gift messages, personal poetry, and more. Each envelope is uniquely textured, with slight variations in thickness, size, and pigmentation, making every piece beautifully imperfect.  Available in two sizes: 11.5 \u00d7 8.2 cm and 23 \u00d7 16.1 cm Paper thickness: 150gsm","robots":{"index":"index","follow":"follow","max-snippet":"max-snippet:-1","max-image-preview":"max-image-preview:large","max-video-preview":"max-video-preview:-1"},"canonical":"https:\/\/lottespapery.com\/en\/products\/hand-case-white-paper-envelope-with-texture\/","og_locale":"en_US","og_type":"article","og_title":"Textured handmade paper envelope with straight flap - Lotte&#039;s Papery","og_description":"Handmade envelopes crafted from natural cotton and abaca, a unique banana tree fiber. Their raw edges, soft natural whiteness, and delicate texture create a truly authentic feel.  Perfect for heartfelt moments\u2014writing a special note to an old friend, marriage vows, love letters, gift messages, personal poetry, and more. Each envelope is uniquely textured, with slight variations in thickness, size, and pigmentation, making every piece beautifully imperfect.  Available in two sizes: 11.5 \u00d7 8.2 cm and 23 \u00d7 16.1 cm Paper thickness: 150gsm","og_url":"https:\/\/lottespapery.com\/en\/products\/hand-case-white-paper-envelope-with-texture\/","og_site_name":"Lotte&#039;s Papery","article_publisher":"https:\/\/www.facebook.com\/LottesPapery\/","article_modified_time":"2025-02-18T08:42:51+00:00","og_image":[{"width":1071,"height":979,"url":"http:\/\/lottespapery.com\/wp-content\/uploads\/2022\/11\/rokam_lietie_papiri-04_1024x102411-01.jpg","type":"image\/jpeg"}],"twitter_card":"summary_large_image","schema":{"@context":"https:\/\/schema.org","@graph":[{"@type":"WebPage","@id":"https:\/\/lottespapery.com\/en\/products\/hand-case-white-paper-envelope-with-texture\/","url":"https:\/\/lottespapery.com\/en\/products\/hand-case-white-paper-envelope-with-texture\/","name":"Textured handmade paper envelope with straight flap - Lotte&#039;s Papery","isPartOf":{"@id":"https:\/\/lottespapery.com\/en\/#website"},"datePublished":"2022-11-15T06:26:05+00:00","dateModified":"2025-02-18T08:42:51+00:00","description":"Handmade envelopes crafted from natural cotton and abaca, a unique banana tree fiber. Their raw edges, soft natural whiteness, and delicate texture create a truly authentic feel. Perfect for heartfelt moments\u2014writing a special note to an old friend, marriage vows, love letters, gift messages, personal poetry, and more. Each envelope is uniquely textured, with slight variations in thickness, size, and pigmentation, making every piece beautifully imperfect. Available in two sizes: 11.5 \u00d7 8.2 cm and 23 \u00d7 16.1 cm Paper thickness: 150gsm","breadcrumb":{"@id":"https:\/\/lottespapery.com\/en\/products\/hand-case-white-paper-envelope-with-texture\/#breadcrumb"},"inLanguage":"en-US","potentialAction":[{"@type":"ReadAction","target":["https:\/\/lottespapery.com\/en\/products\/hand-case-white-paper-envelope-with-texture\/"]}]},{"@type":"BreadcrumbList","@id":"https:\/\/lottespapery.com\/en\/products\/hand-case-white-paper-envelope-with-texture\/#breadcrumb","itemListElement":[{"@type":"ListItem","position":1,"name":"Home","item":"https:\/\/lottespapery.com\/en\/"},{"@type":"ListItem","position":2,"name":"Shop","item":"https:\/\/lottespapery.com\/en\/shop\/"},{"@type":"ListItem","position":3,"name":"Textured handmade paper envelope with straight flap"}]},{"@type":"WebSite","@id":"https:\/\/lottespapery.com\/en\/#website","url":"https:\/\/lottespapery.com\/en\/","name":"Lotte&#039;s Papery","description":"Pap\u012brlietas un \u0101das izstr\u0101d\u0101jumi","publisher":{"@id":"https:\/\/lottespapery.com\/en\/#organization"},"potentialAction":[{"@type":"SearchAction","target":{"@type":"EntryPoint","urlTemplate":"https:\/\/lottespapery.com\/en\/?s={search_term_string}"},"query-input":"required name=search_term_string"}],"inLanguage":"en-US"},{"@type":"Organization","@id":"https:\/\/lottespapery.com\/en\/#organization","name":"Lotte&#039;s Papery","url":"https:\/\/lottespapery.com\/en\/","logo":{"@type":"ImageObject","inLanguage":"en-US","@id":"https:\/\/lottespapery.com\/en\/#\/schema\/logo\/image\/","url":"http:\/\/lottespapery.com\/wp-content\/uploads\/2022\/11\/logo-dark_180x@2x.png","contentUrl":"http:\/\/lottespapery.com\/wp-content\/uploads\/2022\/11\/logo-dark_180x@2x.png","width":360,"height":100,"caption":"Lotte&#039;s Papery"},"image":{"@id":"https:\/\/lottespapery.com\/en\/#\/schema\/logo\/image\/"},"sameAs":["https:\/\/www.instagram.com\/lottes_papery\/","https:\/\/www.facebook.com\/LottesPapery\/"]}]}},"_links":{"self":[{"href":"https:\/\/lottespapery.com\/en\/wp-json\/wp\/v2\/product\/20285","targetHints":{"allow":["GET"]}}],"collection":[{"href":"https:\/\/lottespapery.com\/en\/wp-json\/wp\/v2\/product"}],"about":[{"href":"https:\/\/lottespapery.com\/en\/wp-json\/wp\/v2\/types\/product"}],"wp:featuredmedia":[{"embeddable":true,"href":"https:\/\/lottespapery.com\/en\/wp-json\/wp\/v2\/media\/10880"}],"wp:attachment":[{"href":"https:\/\/lottespapery.com\/en\/wp-json\/wp\/v2\/media?parent=20285"}],"wp:term":[{"taxonomy":"product_brand","embeddable":true,"href":"https:\/\/lottespapery.com\/en\/wp-json\/wp\/v2\/product_brand?post=20285"},{"taxonomy":"product_cat","embeddable":true,"href":"https:\/\/lottespapery.com\/en\/wp-json\/wp\/v2\/product_cat?post=20285"},{"taxonomy":"product_tag","embeddable":true,"href":"https:\/\/lottespapery.com\/en\/wp-json\/wp\/v2\/product_tag?post=20285"}],"curies":[{"name":"wp","href":"https:\/\/api.w.org\/{rel}","templated":true}]}}