{"id":20332,"date":"2023-03-07T16:12:19","date_gmt":"2023-03-07T14:12:19","guid":{"rendered":"http:\/\/lottespapery.com\/products\/card-flowers\/"},"modified":"2026-02-23T18:03:32","modified_gmt":"2026-02-23T16:03:32","slug":"card-flowers","status":"publish","type":"product","link":"https:\/\/lottespapery.com\/en\/products\/card-flowers\/","title":{"rendered":"Greeting card &#8220;Flowers&#8221;"},"content":{"rendered":"<div>One-sided greeting card on hand-torn watercolor paper. The card is decorated with colorful drawings of meadow flowers <span class=\"gmail_default\">.<\/span><\/div>\n<div><\/div>\n<div>\n<div>The other side of the card is blank so you can write your wish.<\/div>\n<div><\/div>\n<div>This will be a great card to give <span class=\"gmail_default\">for any<\/span> holiday and will make a great addition to the interior <span class=\"gmail_default\">as<\/span> <span class=\"gmail_default\">a small<\/span> decoration.<\/div>\n<div><\/div>\n<div>Card dimensions: 10x15cm.<\/div>\n<div><\/div>\n<\/div>\n","protected":false},"excerpt":{"rendered":"<p>One-sided greeting card on hand-torn watercolor paper. The card is decorated with colorful drawings of meadow flowers . The other side of the card is blank so you can write your wish. This will be a great card to give for any holiday and will make a great addition to the interior as a small [&hellip;]<\/p>\n","protected":false},"featured_media":17695,"template":"","meta":[],"product_brand":[],"product_cat":[71,2045,849,852,857],"product_tag":[],"class_list":{"0":"post-20332","1":"product","2":"type-product","3":"status-publish","4":"has-post-thumbnail","6":"product_cat-greeting-cards","7":"product_cat-all-cards","8":"product_cat-congratulations","9":"product_cat-birthday","10":"product_cat-love","12":"first","13":"instock","14":"taxable","15":"shipping-taxable","16":"purchasable","17":"product-type-simple"},"raw_content":{"name":"Greeting card \"Flowers\"","description":"<div>One-sided greeting card on hand-torn watercolor paper. The card is decorated with colorful drawings of meadow flowers <span class=\"gmail_default\">.<\/span><\/div>\r\n<div><\/div>\r\n<div>\r\n<div>The other side of the card is blank so you can write your wish.<\/div>\r\n<div><\/div>\r\n<div>This will be a great card to give <span class=\"gmail_default\">for any<\/span> holiday and will make a great addition to the interior <span class=\"gmail_default\">as<\/span> <span class=\"gmail_default\">a small<\/span> decoration.<\/div>\r\n<div><\/div>\r\n<div>Card dimensions: 10x15cm.<\/div>\r\n<div><\/div>\r\n<\/div>","short_description":"","status":"publish","sku":"LPCDS_086","original":17689},"wpml":{"translation_type":1,"has_translations":true,"original":17689,"duplicates":[],"translations":{"lv":17689,"en":20332}},"yoast_head":"<!-- This site is optimized with the Yoast SEO plugin v19.10 - https:\/\/yoast.com\/wordpress\/plugins\/seo\/ -->\n<title>Greeting card &quot;Flowers&quot; - Lotte&#039;s Papery<\/title>\n<meta name=\"description\" content=\"Single-sided greeting card with a colour print, crafted from hand-torn watercolor paper. The reverse side is left blank for your personal message.  Approximate card size: 10.5 \u00d7 14.8 cm  Our greeting cards are crafted from eco-friendly paper made with 100% recycled fibres, featuring a luxurious deluxe finish.\" \/>\n<meta name=\"robots\" content=\"index, follow, max-snippet:-1, max-image-preview:large, max-video-preview:-1\" \/>\n<link rel=\"canonical\" href=\"https:\/\/lottespapery.com\/en\/products\/card-flowers\/\" \/>\n<meta property=\"og:locale\" content=\"en_US\" \/>\n<meta property=\"og:type\" content=\"article\" \/>\n<meta property=\"og:title\" content=\"Greeting card &quot;Flowers&quot; - Lotte&#039;s Papery\" \/>\n<meta property=\"og:description\" content=\"Single-sided greeting card with a colour print, crafted from hand-torn watercolor paper. The reverse side is left blank for your personal message.  Approximate card size: 10.5 \u00d7 14.8 cm  Our greeting cards are crafted from eco-friendly paper made with 100% recycled fibres, featuring a luxurious deluxe finish.\" \/>\n<meta property=\"og:url\" content=\"https:\/\/lottespapery.com\/en\/products\/card-flowers\/\" \/>\n<meta property=\"og:site_name\" content=\"Lotte&#039;s Papery\" \/>\n<meta property=\"article:publisher\" content=\"https:\/\/www.facebook.com\/LottesPapery\/\" \/>\n<meta property=\"article:modified_time\" content=\"2026-02-23T16:03:32+00:00\" \/>\n<meta property=\"og:image\" content=\"http:\/\/lottespapery.com\/wp-content\/uploads\/2023\/03\/IMG_2134-scaled-e1678197875981.jpg\" \/>\n\t<meta property=\"og:image:width\" content=\"1920\" \/>\n\t<meta property=\"og:image:height\" content=\"2560\" \/>\n\t<meta property=\"og:image:type\" content=\"image\/jpeg\" \/>\n<meta name=\"twitter:card\" content=\"summary_large_image\" \/>\n<script type=\"application\/ld+json\" class=\"yoast-schema-graph\">{\"@context\":\"https:\/\/schema.org\",\"@graph\":[{\"@type\":\"WebPage\",\"@id\":\"https:\/\/lottespapery.com\/en\/products\/card-flowers\/\",\"url\":\"https:\/\/lottespapery.com\/en\/products\/card-flowers\/\",\"name\":\"Greeting card \\\"Flowers\\\" - Lotte&#039;s Papery\",\"isPartOf\":{\"@id\":\"https:\/\/lottespapery.com\/en\/#website\"},\"datePublished\":\"2023-03-07T14:12:19+00:00\",\"dateModified\":\"2026-02-23T16:03:32+00:00\",\"description\":\"Single-sided greeting card with a colour print, crafted from hand-torn watercolor paper. The reverse side is left blank for your personal message. Approximate card size: 10.5 \u00d7 14.8 cm Our greeting cards are crafted from eco-friendly paper made with 100% recycled fibres, featuring a luxurious deluxe finish.\",\"breadcrumb\":{\"@id\":\"https:\/\/lottespapery.com\/en\/products\/card-flowers\/#breadcrumb\"},\"inLanguage\":\"en-US\",\"potentialAction\":[{\"@type\":\"ReadAction\",\"target\":[\"https:\/\/lottespapery.com\/en\/products\/card-flowers\/\"]}]},{\"@type\":\"BreadcrumbList\",\"@id\":\"https:\/\/lottespapery.com\/en\/products\/card-flowers\/#breadcrumb\",\"itemListElement\":[{\"@type\":\"ListItem\",\"position\":1,\"name\":\"Home\",\"item\":\"https:\/\/lottespapery.com\/en\/\"},{\"@type\":\"ListItem\",\"position\":2,\"name\":\"Shop\",\"item\":\"https:\/\/lottespapery.com\/en\/shop\/\"},{\"@type\":\"ListItem\",\"position\":3,\"name\":\"Greeting card &#8220;Flowers&#8221;\"}]},{\"@type\":\"WebSite\",\"@id\":\"https:\/\/lottespapery.com\/en\/#website\",\"url\":\"https:\/\/lottespapery.com\/en\/\",\"name\":\"Lotte&#039;s Papery\",\"description\":\"Pap\u012brlietas un \u0101das izstr\u0101d\u0101jumi\",\"publisher\":{\"@id\":\"https:\/\/lottespapery.com\/en\/#organization\"},\"potentialAction\":[{\"@type\":\"SearchAction\",\"target\":{\"@type\":\"EntryPoint\",\"urlTemplate\":\"https:\/\/lottespapery.com\/en\/?s={search_term_string}\"},\"query-input\":\"required name=search_term_string\"}],\"inLanguage\":\"en-US\"},{\"@type\":\"Organization\",\"@id\":\"https:\/\/lottespapery.com\/en\/#organization\",\"name\":\"Lotte&#039;s Papery\",\"url\":\"https:\/\/lottespapery.com\/en\/\",\"logo\":{\"@type\":\"ImageObject\",\"inLanguage\":\"en-US\",\"@id\":\"https:\/\/lottespapery.com\/en\/#\/schema\/logo\/image\/\",\"url\":\"http:\/\/lottespapery.com\/wp-content\/uploads\/2022\/11\/logo-dark_180x@2x.png\",\"contentUrl\":\"http:\/\/lottespapery.com\/wp-content\/uploads\/2022\/11\/logo-dark_180x@2x.png\",\"width\":360,\"height\":100,\"caption\":\"Lotte&#039;s Papery\"},\"image\":{\"@id\":\"https:\/\/lottespapery.com\/en\/#\/schema\/logo\/image\/\"},\"sameAs\":[\"https:\/\/www.instagram.com\/lottes_papery\/\",\"https:\/\/www.facebook.com\/LottesPapery\/\"]}]}<\/script>\n<!-- \/ Yoast SEO plugin. -->","yoast_head_json":{"title":"Greeting card \"Flowers\" - Lotte&#039;s Papery","description":"Single-sided greeting card with a colour print, crafted from hand-torn watercolor paper. The reverse side is left blank for your personal message.  Approximate card size: 10.5 \u00d7 14.8 cm  Our greeting cards are crafted from eco-friendly paper made with 100% recycled fibres, featuring a luxurious deluxe finish.","robots":{"index":"index","follow":"follow","max-snippet":"max-snippet:-1","max-image-preview":"max-image-preview:large","max-video-preview":"max-video-preview:-1"},"canonical":"https:\/\/lottespapery.com\/en\/products\/card-flowers\/","og_locale":"en_US","og_type":"article","og_title":"Greeting card \"Flowers\" - Lotte&#039;s Papery","og_description":"Single-sided greeting card with a colour print, crafted from hand-torn watercolor paper. The reverse side is left blank for your personal message.  Approximate card size: 10.5 \u00d7 14.8 cm  Our greeting cards are crafted from eco-friendly paper made with 100% recycled fibres, featuring a luxurious deluxe finish.","og_url":"https:\/\/lottespapery.com\/en\/products\/card-flowers\/","og_site_name":"Lotte&#039;s Papery","article_publisher":"https:\/\/www.facebook.com\/LottesPapery\/","article_modified_time":"2026-02-23T16:03:32+00:00","og_image":[{"width":1920,"height":2560,"url":"http:\/\/lottespapery.com\/wp-content\/uploads\/2023\/03\/IMG_2134-scaled-e1678197875981.jpg","type":"image\/jpeg"}],"twitter_card":"summary_large_image","schema":{"@context":"https:\/\/schema.org","@graph":[{"@type":"WebPage","@id":"https:\/\/lottespapery.com\/en\/products\/card-flowers\/","url":"https:\/\/lottespapery.com\/en\/products\/card-flowers\/","name":"Greeting card \"Flowers\" - Lotte&#039;s Papery","isPartOf":{"@id":"https:\/\/lottespapery.com\/en\/#website"},"datePublished":"2023-03-07T14:12:19+00:00","dateModified":"2026-02-23T16:03:32+00:00","description":"Single-sided greeting card with a colour print, crafted from hand-torn watercolor paper. The reverse side is left blank for your personal message. Approximate card size: 10.5 \u00d7 14.8 cm Our greeting cards are crafted from eco-friendly paper made with 100% recycled fibres, featuring a luxurious deluxe finish.","breadcrumb":{"@id":"https:\/\/lottespapery.com\/en\/products\/card-flowers\/#breadcrumb"},"inLanguage":"en-US","potentialAction":[{"@type":"ReadAction","target":["https:\/\/lottespapery.com\/en\/products\/card-flowers\/"]}]},{"@type":"BreadcrumbList","@id":"https:\/\/lottespapery.com\/en\/products\/card-flowers\/#breadcrumb","itemListElement":[{"@type":"ListItem","position":1,"name":"Home","item":"https:\/\/lottespapery.com\/en\/"},{"@type":"ListItem","position":2,"name":"Shop","item":"https:\/\/lottespapery.com\/en\/shop\/"},{"@type":"ListItem","position":3,"name":"Greeting card &#8220;Flowers&#8221;"}]},{"@type":"WebSite","@id":"https:\/\/lottespapery.com\/en\/#website","url":"https:\/\/lottespapery.com\/en\/","name":"Lotte&#039;s Papery","description":"Pap\u012brlietas un \u0101das izstr\u0101d\u0101jumi","publisher":{"@id":"https:\/\/lottespapery.com\/en\/#organization"},"potentialAction":[{"@type":"SearchAction","target":{"@type":"EntryPoint","urlTemplate":"https:\/\/lottespapery.com\/en\/?s={search_term_string}"},"query-input":"required name=search_term_string"}],"inLanguage":"en-US"},{"@type":"Organization","@id":"https:\/\/lottespapery.com\/en\/#organization","name":"Lotte&#039;s Papery","url":"https:\/\/lottespapery.com\/en\/","logo":{"@type":"ImageObject","inLanguage":"en-US","@id":"https:\/\/lottespapery.com\/en\/#\/schema\/logo\/image\/","url":"http:\/\/lottespapery.com\/wp-content\/uploads\/2022\/11\/logo-dark_180x@2x.png","contentUrl":"http:\/\/lottespapery.com\/wp-content\/uploads\/2022\/11\/logo-dark_180x@2x.png","width":360,"height":100,"caption":"Lotte&#039;s Papery"},"image":{"@id":"https:\/\/lottespapery.com\/en\/#\/schema\/logo\/image\/"},"sameAs":["https:\/\/www.instagram.com\/lottes_papery\/","https:\/\/www.facebook.com\/LottesPapery\/"]}]}},"_links":{"self":[{"href":"https:\/\/lottespapery.com\/en\/wp-json\/wp\/v2\/product\/20332","targetHints":{"allow":["GET"]}}],"collection":[{"href":"https:\/\/lottespapery.com\/en\/wp-json\/wp\/v2\/product"}],"about":[{"href":"https:\/\/lottespapery.com\/en\/wp-json\/wp\/v2\/types\/product"}],"wp:featuredmedia":[{"embeddable":true,"href":"https:\/\/lottespapery.com\/en\/wp-json\/wp\/v2\/media\/17695"}],"wp:attachment":[{"href":"https:\/\/lottespapery.com\/en\/wp-json\/wp\/v2\/media?parent=20332"}],"wp:term":[{"taxonomy":"product_brand","embeddable":true,"href":"https:\/\/lottespapery.com\/en\/wp-json\/wp\/v2\/product_brand?post=20332"},{"taxonomy":"product_cat","embeddable":true,"href":"https:\/\/lottespapery.com\/en\/wp-json\/wp\/v2\/product_cat?post=20332"},{"taxonomy":"product_tag","embeddable":true,"href":"https:\/\/lottespapery.com\/en\/wp-json\/wp\/v2\/product_tag?post=20332"}],"curies":[{"name":"wp","href":"https:\/\/api.w.org\/{rel}","templated":true}]}}