{"id":20510,"date":"2022-11-15T07:45:32","date_gmt":"2022-11-15T05:45:32","guid":{"rendered":"http:\/\/lottespapery.com\/products\/greeting-card-im-obsessed-with-you\/"},"modified":"2026-02-23T18:16:42","modified_gmt":"2026-02-23T16:16:42","slug":"greeting-card-im-obsessed-with-you","status":"publish","type":"product","link":"https:\/\/lottespapery.com\/en\/products\/greeting-card-im-obsessed-with-you\/","title":{"rendered":"Greeting card &#8220;I&#8217;m obsessed with you&#8221;"},"content":{"rendered":"","protected":false},"excerpt":{"rendered":"","protected":false},"featured_media":8842,"template":"","meta":[],"product_brand":[],"product_cat":[2120,2045,857],"product_tag":[],"class_list":{"0":"post-20510","1":"product","2":"type-product","3":"status-publish","4":"has-post-thumbnail","6":"product_cat-vday-greeting-cards","7":"product_cat-all-cards","8":"product_cat-love","10":"first","11":"instock","12":"taxable","13":"shipping-taxable","14":"purchasable","15":"product-type-variable","16":"has-default-attributes"},"raw_content":{"name":"Greeting card \"I'm obsessed with you\"","description":"","short_description":"","status":"publish","sku":"LPCDS_098","original":8836},"wpml":{"translation_type":1,"has_translations":true,"original":8836,"duplicates":[],"translations":{"lv":8836,"en":20510}},"yoast_head":"<!-- This site is optimized with the Yoast SEO plugin v19.10 - https:\/\/yoast.com\/wordpress\/plugins\/seo\/ -->\n<title>Greeting card &quot;I&#039;m obsessed with you&quot; - Lotte&#039;s Papery<\/title>\n<meta name=\"description\" content=\"Greeting card with foil embossed elements, crafted from thick, textured designer paper. You can choose between two card options.  1) Opening card in dark gray color with a dark purple-gray metal print made in the hot foil printing technique. Cards inhalf is empty so you can write your wish.  2) One-sided card in light gray color with rounded corners and a holographic foil indentation made in the hot foil printing technique. The reverse side of the card is blank so you can write your wish.  Card size: 10.5 \u00d7 14.8 cm  Our greeting cards are crafted from eco-friendly paper made with 100% recycled fibres, featuring a luxurious deluxe finish.\" \/>\n<meta name=\"robots\" content=\"index, follow, max-snippet:-1, max-image-preview:large, max-video-preview:-1\" \/>\n<link rel=\"canonical\" href=\"https:\/\/lottespapery.com\/en\/products\/greeting-card-im-obsessed-with-you\/\" \/>\n<meta property=\"og:locale\" content=\"en_US\" \/>\n<meta property=\"og:type\" content=\"article\" \/>\n<meta property=\"og:title\" content=\"Greeting card &quot;I&#039;m obsessed with you&quot; - Lotte&#039;s Papery\" \/>\n<meta property=\"og:description\" content=\"Greeting card with foil embossed elements, crafted from thick, textured designer paper. You can choose between two card options.  1) Opening card in dark gray color with a dark purple-gray metal print made in the hot foil printing technique. Cards inhalf is empty so you can write your wish.  2) One-sided card in light gray color with rounded corners and a holographic foil indentation made in the hot foil printing technique. The reverse side of the card is blank so you can write your wish.  Card size: 10.5 \u00d7 14.8 cm  Our greeting cards are crafted from eco-friendly paper made with 100% recycled fibres, featuring a luxurious deluxe finish.\" \/>\n<meta property=\"og:url\" content=\"https:\/\/lottespapery.com\/en\/products\/greeting-card-im-obsessed-with-you\/\" \/>\n<meta property=\"og:site_name\" content=\"Lotte&#039;s Papery\" \/>\n<meta property=\"article:publisher\" content=\"https:\/\/www.facebook.com\/LottesPapery\/\" \/>\n<meta property=\"article:modified_time\" content=\"2026-02-23T16:16:42+00:00\" \/>\n<meta property=\"og:image\" content=\"http:\/\/lottespapery.com\/wp-content\/uploads\/2022\/11\/b.jpg\" \/>\n\t<meta property=\"og:image:width\" content=\"1182\" \/>\n\t<meta property=\"og:image:height\" content=\"1182\" \/>\n\t<meta property=\"og:image:type\" content=\"image\/jpeg\" \/>\n<meta name=\"twitter:card\" content=\"summary_large_image\" \/>\n<script type=\"application\/ld+json\" class=\"yoast-schema-graph\">{\"@context\":\"https:\/\/schema.org\",\"@graph\":[{\"@type\":\"WebPage\",\"@id\":\"https:\/\/lottespapery.com\/en\/products\/greeting-card-im-obsessed-with-you\/\",\"url\":\"https:\/\/lottespapery.com\/en\/products\/greeting-card-im-obsessed-with-you\/\",\"name\":\"Greeting card \\\"I'm obsessed with you\\\" - Lotte&#039;s Papery\",\"isPartOf\":{\"@id\":\"https:\/\/lottespapery.com\/en\/#website\"},\"datePublished\":\"2022-11-15T05:45:32+00:00\",\"dateModified\":\"2026-02-23T16:16:42+00:00\",\"description\":\"Greeting card with foil embossed elements, crafted from thick, textured designer paper. You can choose between two card options. 1) Opening card in dark gray color with a dark purple-gray metal print made in the hot foil printing technique. Cards inhalf is empty so you can write your wish. 2) One-sided card in light gray color with rounded corners and a holographic foil indentation made in the hot foil printing technique. The reverse side of the card is blank so you can write your wish. Card size: 10.5 \u00d7 14.8 cm Our greeting cards are crafted from eco-friendly paper made with 100% recycled fibres, featuring a luxurious deluxe finish.\",\"breadcrumb\":{\"@id\":\"https:\/\/lottespapery.com\/en\/products\/greeting-card-im-obsessed-with-you\/#breadcrumb\"},\"inLanguage\":\"en-US\",\"potentialAction\":[{\"@type\":\"ReadAction\",\"target\":[\"https:\/\/lottespapery.com\/en\/products\/greeting-card-im-obsessed-with-you\/\"]}]},{\"@type\":\"BreadcrumbList\",\"@id\":\"https:\/\/lottespapery.com\/en\/products\/greeting-card-im-obsessed-with-you\/#breadcrumb\",\"itemListElement\":[{\"@type\":\"ListItem\",\"position\":1,\"name\":\"Home\",\"item\":\"https:\/\/lottespapery.com\/en\/\"},{\"@type\":\"ListItem\",\"position\":2,\"name\":\"Shop\",\"item\":\"https:\/\/lottespapery.com\/en\/shop\/\"},{\"@type\":\"ListItem\",\"position\":3,\"name\":\"Greeting card &#8220;I&#8217;m obsessed with you&#8221;\"}]},{\"@type\":\"WebSite\",\"@id\":\"https:\/\/lottespapery.com\/en\/#website\",\"url\":\"https:\/\/lottespapery.com\/en\/\",\"name\":\"Lotte&#039;s Papery\",\"description\":\"Pap\u012brlietas un \u0101das izstr\u0101d\u0101jumi\",\"publisher\":{\"@id\":\"https:\/\/lottespapery.com\/en\/#organization\"},\"potentialAction\":[{\"@type\":\"SearchAction\",\"target\":{\"@type\":\"EntryPoint\",\"urlTemplate\":\"https:\/\/lottespapery.com\/en\/?s={search_term_string}\"},\"query-input\":\"required name=search_term_string\"}],\"inLanguage\":\"en-US\"},{\"@type\":\"Organization\",\"@id\":\"https:\/\/lottespapery.com\/en\/#organization\",\"name\":\"Lotte&#039;s Papery\",\"url\":\"https:\/\/lottespapery.com\/en\/\",\"logo\":{\"@type\":\"ImageObject\",\"inLanguage\":\"en-US\",\"@id\":\"https:\/\/lottespapery.com\/en\/#\/schema\/logo\/image\/\",\"url\":\"http:\/\/lottespapery.com\/wp-content\/uploads\/2022\/11\/logo-dark_180x@2x.png\",\"contentUrl\":\"http:\/\/lottespapery.com\/wp-content\/uploads\/2022\/11\/logo-dark_180x@2x.png\",\"width\":360,\"height\":100,\"caption\":\"Lotte&#039;s Papery\"},\"image\":{\"@id\":\"https:\/\/lottespapery.com\/en\/#\/schema\/logo\/image\/\"},\"sameAs\":[\"https:\/\/www.instagram.com\/lottes_papery\/\",\"https:\/\/www.facebook.com\/LottesPapery\/\"]}]}<\/script>\n<!-- \/ Yoast SEO plugin. -->","yoast_head_json":{"title":"Greeting card \"I'm obsessed with you\" - Lotte&#039;s Papery","description":"Greeting card with foil embossed elements, crafted from thick, textured designer paper. You can choose between two card options.  1) Opening card in dark gray color with a dark purple-gray metal print made in the hot foil printing technique. Cards inhalf is empty so you can write your wish.  2) One-sided card in light gray color with rounded corners and a holographic foil indentation made in the hot foil printing technique. The reverse side of the card is blank so you can write your wish.  Card size: 10.5 \u00d7 14.8 cm  Our greeting cards are crafted from eco-friendly paper made with 100% recycled fibres, featuring a luxurious deluxe finish.","robots":{"index":"index","follow":"follow","max-snippet":"max-snippet:-1","max-image-preview":"max-image-preview:large","max-video-preview":"max-video-preview:-1"},"canonical":"https:\/\/lottespapery.com\/en\/products\/greeting-card-im-obsessed-with-you\/","og_locale":"en_US","og_type":"article","og_title":"Greeting card \"I'm obsessed with you\" - Lotte&#039;s Papery","og_description":"Greeting card with foil embossed elements, crafted from thick, textured designer paper. You can choose between two card options.  1) Opening card in dark gray color with a dark purple-gray metal print made in the hot foil printing technique. Cards inhalf is empty so you can write your wish.  2) One-sided card in light gray color with rounded corners and a holographic foil indentation made in the hot foil printing technique. The reverse side of the card is blank so you can write your wish.  Card size: 10.5 \u00d7 14.8 cm  Our greeting cards are crafted from eco-friendly paper made with 100% recycled fibres, featuring a luxurious deluxe finish.","og_url":"https:\/\/lottespapery.com\/en\/products\/greeting-card-im-obsessed-with-you\/","og_site_name":"Lotte&#039;s Papery","article_publisher":"https:\/\/www.facebook.com\/LottesPapery\/","article_modified_time":"2026-02-23T16:16:42+00:00","og_image":[{"width":1182,"height":1182,"url":"http:\/\/lottespapery.com\/wp-content\/uploads\/2022\/11\/b.jpg","type":"image\/jpeg"}],"twitter_card":"summary_large_image","schema":{"@context":"https:\/\/schema.org","@graph":[{"@type":"WebPage","@id":"https:\/\/lottespapery.com\/en\/products\/greeting-card-im-obsessed-with-you\/","url":"https:\/\/lottespapery.com\/en\/products\/greeting-card-im-obsessed-with-you\/","name":"Greeting card \"I'm obsessed with you\" - Lotte&#039;s Papery","isPartOf":{"@id":"https:\/\/lottespapery.com\/en\/#website"},"datePublished":"2022-11-15T05:45:32+00:00","dateModified":"2026-02-23T16:16:42+00:00","description":"Greeting card with foil embossed elements, crafted from thick, textured designer paper. You can choose between two card options. 1) Opening card in dark gray color with a dark purple-gray metal print made in the hot foil printing technique. Cards inhalf is empty so you can write your wish. 2) One-sided card in light gray color with rounded corners and a holographic foil indentation made in the hot foil printing technique. The reverse side of the card is blank so you can write your wish. Card size: 10.5 \u00d7 14.8 cm Our greeting cards are crafted from eco-friendly paper made with 100% recycled fibres, featuring a luxurious deluxe finish.","breadcrumb":{"@id":"https:\/\/lottespapery.com\/en\/products\/greeting-card-im-obsessed-with-you\/#breadcrumb"},"inLanguage":"en-US","potentialAction":[{"@type":"ReadAction","target":["https:\/\/lottespapery.com\/en\/products\/greeting-card-im-obsessed-with-you\/"]}]},{"@type":"BreadcrumbList","@id":"https:\/\/lottespapery.com\/en\/products\/greeting-card-im-obsessed-with-you\/#breadcrumb","itemListElement":[{"@type":"ListItem","position":1,"name":"Home","item":"https:\/\/lottespapery.com\/en\/"},{"@type":"ListItem","position":2,"name":"Shop","item":"https:\/\/lottespapery.com\/en\/shop\/"},{"@type":"ListItem","position":3,"name":"Greeting card &#8220;I&#8217;m obsessed with you&#8221;"}]},{"@type":"WebSite","@id":"https:\/\/lottespapery.com\/en\/#website","url":"https:\/\/lottespapery.com\/en\/","name":"Lotte&#039;s Papery","description":"Pap\u012brlietas un \u0101das izstr\u0101d\u0101jumi","publisher":{"@id":"https:\/\/lottespapery.com\/en\/#organization"},"potentialAction":[{"@type":"SearchAction","target":{"@type":"EntryPoint","urlTemplate":"https:\/\/lottespapery.com\/en\/?s={search_term_string}"},"query-input":"required name=search_term_string"}],"inLanguage":"en-US"},{"@type":"Organization","@id":"https:\/\/lottespapery.com\/en\/#organization","name":"Lotte&#039;s Papery","url":"https:\/\/lottespapery.com\/en\/","logo":{"@type":"ImageObject","inLanguage":"en-US","@id":"https:\/\/lottespapery.com\/en\/#\/schema\/logo\/image\/","url":"http:\/\/lottespapery.com\/wp-content\/uploads\/2022\/11\/logo-dark_180x@2x.png","contentUrl":"http:\/\/lottespapery.com\/wp-content\/uploads\/2022\/11\/logo-dark_180x@2x.png","width":360,"height":100,"caption":"Lotte&#039;s Papery"},"image":{"@id":"https:\/\/lottespapery.com\/en\/#\/schema\/logo\/image\/"},"sameAs":["https:\/\/www.instagram.com\/lottes_papery\/","https:\/\/www.facebook.com\/LottesPapery\/"]}]}},"_links":{"self":[{"href":"https:\/\/lottespapery.com\/en\/wp-json\/wp\/v2\/product\/20510","targetHints":{"allow":["GET"]}}],"collection":[{"href":"https:\/\/lottespapery.com\/en\/wp-json\/wp\/v2\/product"}],"about":[{"href":"https:\/\/lottespapery.com\/en\/wp-json\/wp\/v2\/types\/product"}],"wp:featuredmedia":[{"embeddable":true,"href":"https:\/\/lottespapery.com\/en\/wp-json\/wp\/v2\/media\/8842"}],"wp:attachment":[{"href":"https:\/\/lottespapery.com\/en\/wp-json\/wp\/v2\/media?parent=20510"}],"wp:term":[{"taxonomy":"product_brand","embeddable":true,"href":"https:\/\/lottespapery.com\/en\/wp-json\/wp\/v2\/product_brand?post=20510"},{"taxonomy":"product_cat","embeddable":true,"href":"https:\/\/lottespapery.com\/en\/wp-json\/wp\/v2\/product_cat?post=20510"},{"taxonomy":"product_tag","embeddable":true,"href":"https:\/\/lottespapery.com\/en\/wp-json\/wp\/v2\/product_tag?post=20510"}],"curies":[{"name":"wp","href":"https:\/\/api.w.org\/{rel}","templated":true}]}}