{"id":20568,"date":"2022-11-15T08:21:35","date_gmt":"2022-11-15T06:21:35","guid":{"rendered":"http:\/\/lottespapery.com\/products\/leather-case-for-brushes\/"},"modified":"2026-03-13T15:51:09","modified_gmt":"2026-03-13T13:51:09","slug":"leather-case-for-brushes","status":"publish","type":"product","link":"https:\/\/lottespapery.com\/en\/products\/leather-case-for-brushes\/","title":{"rendered":"Leather case for brushes"},"content":{"rendered":"","protected":false},"excerpt":{"rendered":"","protected":false},"featured_media":40350,"template":"","meta":[],"product_brand":[],"product_cat":[2051,872],"product_tag":[],"class_list":{"0":"post-20568","1":"product","2":"type-product","3":"status-publish","4":"has-post-thumbnail","6":"product_cat-other-en","7":"product_cat-for-artists","9":"first","10":"instock","11":"taxable","12":"shipping-taxable","13":"purchasable","14":"product-type-variable","15":"has-default-attributes"},"raw_content":{"name":"Leather case for brushes","description":"","short_description":"","status":"publish","sku":"LPLTHR_052","original":10613},"wpml":{"translation_type":1,"has_translations":true,"original":10613,"duplicates":[],"translations":{"lv":10613,"en":20568}},"yoast_head":"<!-- This site is optimized with the Yoast SEO plugin v19.10 - https:\/\/yoast.com\/wordpress\/plugins\/seo\/ -->\n<title>Leather case for brushes - Lotte&#039;s Papery<\/title>\n<meta name=\"description\" content=\"Brush case made of quality rustic leather. The leather straps of the wallet come in two different heights, so it will fit both large brushes and small pencils. The leather straps of the wallet will hold art tools of various thicknesses and shapes very well. There is a pocket at the bottom of the wallet that will ensure that the contents of the wallet stay securely in place. The wallet is designed to be functional, it unfolds completely and is easy to see and use, but when you&#039;re done, roll it up and it&#039;s compactly packed together. The wallet has two pockets for small items - one for very small trinkets, the other for pencils and other slightly larger tools.  Brush case size (when opened): - 40 x 24 cm. - Brushes with a length of up to 22.5 cm can be placed in the brush case.  This product can be personalized with embossed initials or a word (up to 6 characters in one line). Personalization is available in gold, silver, or colorless.  PRODUCTION TIME: - If the product in the selected color is available in stock at the time of placing the order, the order will be completed within 3 business days. - If the product in the selected color is not in stock, the production time is up to 1.5 weeks.  For information about availability of the finished product in specific colors, please contact us by calling +371 2208 7727 or e-mailing info@lottespapery.com  PLEASE NOTE: - If you choose personalization, please indicate the exact word in the comment section when placing your order. - The leather may have minor scratches, natural pigment marks, and slight color variations. The shade of the leather may also differ slightly from what you see on your screen, depending on your individual monitor settings.  _  All of Lotte\u2019s leather products are handmade by a master craftsman right here in Latvia, in our small but warm-hearted workshop. We believe that leather is a special and beautiful material, and we are grateful for its past life, so we use it as sparingly as possible.  Our products are primarily made from \u201cCrazy Horse\u201d leather \u2013 high-quality, thick cow leather (full grain), treated with natural waxes. Since leather is a natural material, it may have small scratches or imperfections. We make every effort not to place such \u201cimperfections\u201d in central areas, but please note that light scratches or marks may appear on the back or less visible parts of the product.  Everyday use only enhances the leather \u2013 scratches and friction change its color, creating rich tones and a natural \u201cvintage\u201d effect, making each product unique. The more the product is used, the more distinctive its pattern becomes.  To maintain the leather\u2019s appearance and refresh its \u201cvintage\u201d effect, it can be lightly moistened, rubbed with a clean cloth, and finally polished with a wool glove, sock, or other wool item using linear motions until the leather becomes even and slightly glossy.\" \/>\n<meta name=\"robots\" content=\"index, follow, max-snippet:-1, max-image-preview:large, max-video-preview:-1\" \/>\n<link rel=\"canonical\" href=\"https:\/\/lottespapery.com\/en\/products\/leather-case-for-brushes\/\" \/>\n<meta property=\"og:locale\" content=\"en_US\" \/>\n<meta property=\"og:type\" content=\"article\" \/>\n<meta property=\"og:title\" content=\"Leather case for brushes - Lotte&#039;s Papery\" \/>\n<meta property=\"og:description\" content=\"Brush case made of quality rustic leather. The leather straps of the wallet come in two different heights, so it will fit both large brushes and small pencils. The leather straps of the wallet will hold art tools of various thicknesses and shapes very well. There is a pocket at the bottom of the wallet that will ensure that the contents of the wallet stay securely in place. The wallet is designed to be functional, it unfolds completely and is easy to see and use, but when you&#039;re done, roll it up and it&#039;s compactly packed together. The wallet has two pockets for small items - one for very small trinkets, the other for pencils and other slightly larger tools.  Brush case size (when opened): - 40 x 24 cm. - Brushes with a length of up to 22.5 cm can be placed in the brush case.  This product can be personalized with embossed initials or a word (up to 6 characters in one line). Personalization is available in gold, silver, or colorless.  PRODUCTION TIME: - If the product in the selected color is available in stock at the time of placing the order, the order will be completed within 3 business days. - If the product in the selected color is not in stock, the production time is up to 1.5 weeks.  For information about availability of the finished product in specific colors, please contact us by calling +371 2208 7727 or e-mailing info@lottespapery.com  PLEASE NOTE: - If you choose personalization, please indicate the exact word in the comment section when placing your order. - The leather may have minor scratches, natural pigment marks, and slight color variations. The shade of the leather may also differ slightly from what you see on your screen, depending on your individual monitor settings.  _  All of Lotte\u2019s leather products are handmade by a master craftsman right here in Latvia, in our small but warm-hearted workshop. We believe that leather is a special and beautiful material, and we are grateful for its past life, so we use it as sparingly as possible.  Our products are primarily made from \u201cCrazy Horse\u201d leather \u2013 high-quality, thick cow leather (full grain), treated with natural waxes. Since leather is a natural material, it may have small scratches or imperfections. We make every effort not to place such \u201cimperfections\u201d in central areas, but please note that light scratches or marks may appear on the back or less visible parts of the product.  Everyday use only enhances the leather \u2013 scratches and friction change its color, creating rich tones and a natural \u201cvintage\u201d effect, making each product unique. The more the product is used, the more distinctive its pattern becomes.  To maintain the leather\u2019s appearance and refresh its \u201cvintage\u201d effect, it can be lightly moistened, rubbed with a clean cloth, and finally polished with a wool glove, sock, or other wool item using linear motions until the leather becomes even and slightly glossy.\" \/>\n<meta property=\"og:url\" content=\"https:\/\/lottespapery.com\/en\/products\/leather-case-for-brushes\/\" \/>\n<meta property=\"og:site_name\" content=\"Lotte&#039;s Papery\" \/>\n<meta property=\"article:publisher\" content=\"https:\/\/www.facebook.com\/LottesPapery\/\" \/>\n<meta property=\"article:modified_time\" content=\"2026-03-13T13:51:09+00:00\" \/>\n<meta property=\"og:image\" content=\"http:\/\/lottespapery.com\/wp-content\/uploads\/2022\/11\/il_fullxfull.4939739388_99x9-scaled.jpg\" \/>\n\t<meta property=\"og:image:width\" content=\"2560\" \/>\n\t<meta property=\"og:image:height\" content=\"1707\" \/>\n\t<meta property=\"og:image:type\" content=\"image\/jpeg\" \/>\n<meta name=\"twitter:card\" content=\"summary_large_image\" \/>\n<script type=\"application\/ld+json\" class=\"yoast-schema-graph\">{\"@context\":\"https:\/\/schema.org\",\"@graph\":[{\"@type\":\"WebPage\",\"@id\":\"https:\/\/lottespapery.com\/en\/products\/leather-case-for-brushes\/\",\"url\":\"https:\/\/lottespapery.com\/en\/products\/leather-case-for-brushes\/\",\"name\":\"Leather case for brushes - Lotte&#039;s Papery\",\"isPartOf\":{\"@id\":\"https:\/\/lottespapery.com\/en\/#website\"},\"datePublished\":\"2022-11-15T06:21:35+00:00\",\"dateModified\":\"2026-03-13T13:51:09+00:00\",\"description\":\"Brush case made of quality rustic leather. The leather straps of the wallet come in two different heights, so it will fit both large brushes and small pencils. The leather straps of the wallet will hold art tools of various thicknesses and shapes very well. There is a pocket at the bottom of the wallet that will ensure that the contents of the wallet stay securely in place. The wallet is designed to be functional, it unfolds completely and is easy to see and use, but when you're done, roll it up and it's compactly packed together. The wallet has two pockets for small items - one for very small trinkets, the other for pencils and other slightly larger tools. Brush case size (when opened): - 40 x 24 cm. - Brushes with a length of up to 22.5 cm can be placed in the brush case. This product can be personalized with embossed initials or a word (up to 6 characters in one line). Personalization is available in gold, silver, or colorless. PRODUCTION TIME: - If the product in the selected color is available in stock at the time of placing the order, the order will be completed within 3 business days. - If the product in the selected color is not in stock, the production time is up to 1.5 weeks. For information about availability of the finished product in specific colors, please contact us by calling +371 2208 7727 or e-mailing info@lottespapery.com PLEASE NOTE: - If you choose personalization, please indicate the exact word in the comment section when placing your order. - The leather may have minor scratches, natural pigment marks, and slight color variations. The shade of the leather may also differ slightly from what you see on your screen, depending on your individual monitor settings. _ All of Lotte\u2019s leather products are handmade by a master craftsman right here in Latvia, in our small but warm-hearted workshop. We believe that leather is a special and beautiful material, and we are grateful for its past life, so we use it as sparingly as possible. Our products are primarily made from \u201cCrazy Horse\u201d leather \u2013 high-quality, thick cow leather (full grain), treated with natural waxes. Since leather is a natural material, it may have small scratches or imperfections. We make every effort not to place such \u201cimperfections\u201d in central areas, but please note that light scratches or marks may appear on the back or less visible parts of the product. Everyday use only enhances the leather \u2013 scratches and friction change its color, creating rich tones and a natural \u201cvintage\u201d effect, making each product unique. The more the product is used, the more distinctive its pattern becomes. To maintain the leather\u2019s appearance and refresh its \u201cvintage\u201d effect, it can be lightly moistened, rubbed with a clean cloth, and finally polished with a wool glove, sock, or other wool item using linear motions until the leather becomes even and slightly glossy.\",\"breadcrumb\":{\"@id\":\"https:\/\/lottespapery.com\/en\/products\/leather-case-for-brushes\/#breadcrumb\"},\"inLanguage\":\"en-US\",\"potentialAction\":[{\"@type\":\"ReadAction\",\"target\":[\"https:\/\/lottespapery.com\/en\/products\/leather-case-for-brushes\/\"]}]},{\"@type\":\"BreadcrumbList\",\"@id\":\"https:\/\/lottespapery.com\/en\/products\/leather-case-for-brushes\/#breadcrumb\",\"itemListElement\":[{\"@type\":\"ListItem\",\"position\":1,\"name\":\"Home\",\"item\":\"https:\/\/lottespapery.com\/en\/\"},{\"@type\":\"ListItem\",\"position\":2,\"name\":\"Shop\",\"item\":\"https:\/\/lottespapery.com\/en\/shop\/\"},{\"@type\":\"ListItem\",\"position\":3,\"name\":\"Leather case for brushes\"}]},{\"@type\":\"WebSite\",\"@id\":\"https:\/\/lottespapery.com\/en\/#website\",\"url\":\"https:\/\/lottespapery.com\/en\/\",\"name\":\"Lotte&#039;s Papery\",\"description\":\"Pap\u012brlietas un \u0101das izstr\u0101d\u0101jumi\",\"publisher\":{\"@id\":\"https:\/\/lottespapery.com\/en\/#organization\"},\"potentialAction\":[{\"@type\":\"SearchAction\",\"target\":{\"@type\":\"EntryPoint\",\"urlTemplate\":\"https:\/\/lottespapery.com\/en\/?s={search_term_string}\"},\"query-input\":\"required name=search_term_string\"}],\"inLanguage\":\"en-US\"},{\"@type\":\"Organization\",\"@id\":\"https:\/\/lottespapery.com\/en\/#organization\",\"name\":\"Lotte&#039;s Papery\",\"url\":\"https:\/\/lottespapery.com\/en\/\",\"logo\":{\"@type\":\"ImageObject\",\"inLanguage\":\"en-US\",\"@id\":\"https:\/\/lottespapery.com\/en\/#\/schema\/logo\/image\/\",\"url\":\"http:\/\/lottespapery.com\/wp-content\/uploads\/2022\/11\/logo-dark_180x@2x.png\",\"contentUrl\":\"http:\/\/lottespapery.com\/wp-content\/uploads\/2022\/11\/logo-dark_180x@2x.png\",\"width\":360,\"height\":100,\"caption\":\"Lotte&#039;s Papery\"},\"image\":{\"@id\":\"https:\/\/lottespapery.com\/en\/#\/schema\/logo\/image\/\"},\"sameAs\":[\"https:\/\/www.instagram.com\/lottes_papery\/\",\"https:\/\/www.facebook.com\/LottesPapery\/\"]}]}<\/script>\n<!-- \/ Yoast SEO plugin. -->","yoast_head_json":{"title":"Leather case for brushes - Lotte&#039;s Papery","description":"Brush case made of quality rustic leather. The leather straps of the wallet come in two different heights, so it will fit both large brushes and small pencils. The leather straps of the wallet will hold art tools of various thicknesses and shapes very well. There is a pocket at the bottom of the wallet that will ensure that the contents of the wallet stay securely in place. The wallet is designed to be functional, it unfolds completely and is easy to see and use, but when you're done, roll it up and it's compactly packed together. The wallet has two pockets for small items - one for very small trinkets, the other for pencils and other slightly larger tools.  Brush case size (when opened): - 40 x 24 cm. - Brushes with a length of up to 22.5 cm can be placed in the brush case.  This product can be personalized with embossed initials or a word (up to 6 characters in one line). Personalization is available in gold, silver, or colorless.  PRODUCTION TIME: - If the product in the selected color is available in stock at the time of placing the order, the order will be completed within 3 business days. - If the product in the selected color is not in stock, the production time is up to 1.5 weeks.  For information about availability of the finished product in specific colors, please contact us by calling +371 2208 7727 or e-mailing info@lottespapery.com  PLEASE NOTE: - If you choose personalization, please indicate the exact word in the comment section when placing your order. - The leather may have minor scratches, natural pigment marks, and slight color variations. The shade of the leather may also differ slightly from what you see on your screen, depending on your individual monitor settings.  _  All of Lotte\u2019s leather products are handmade by a master craftsman right here in Latvia, in our small but warm-hearted workshop. We believe that leather is a special and beautiful material, and we are grateful for its past life, so we use it as sparingly as possible.  Our products are primarily made from \u201cCrazy Horse\u201d leather \u2013 high-quality, thick cow leather (full grain), treated with natural waxes. Since leather is a natural material, it may have small scratches or imperfections. We make every effort not to place such \u201cimperfections\u201d in central areas, but please note that light scratches or marks may appear on the back or less visible parts of the product.  Everyday use only enhances the leather \u2013 scratches and friction change its color, creating rich tones and a natural \u201cvintage\u201d effect, making each product unique. The more the product is used, the more distinctive its pattern becomes.  To maintain the leather\u2019s appearance and refresh its \u201cvintage\u201d effect, it can be lightly moistened, rubbed with a clean cloth, and finally polished with a wool glove, sock, or other wool item using linear motions until the leather becomes even and slightly glossy.","robots":{"index":"index","follow":"follow","max-snippet":"max-snippet:-1","max-image-preview":"max-image-preview:large","max-video-preview":"max-video-preview:-1"},"canonical":"https:\/\/lottespapery.com\/en\/products\/leather-case-for-brushes\/","og_locale":"en_US","og_type":"article","og_title":"Leather case for brushes - Lotte&#039;s Papery","og_description":"Brush case made of quality rustic leather. The leather straps of the wallet come in two different heights, so it will fit both large brushes and small pencils. The leather straps of the wallet will hold art tools of various thicknesses and shapes very well. There is a pocket at the bottom of the wallet that will ensure that the contents of the wallet stay securely in place. The wallet is designed to be functional, it unfolds completely and is easy to see and use, but when you're done, roll it up and it's compactly packed together. The wallet has two pockets for small items - one for very small trinkets, the other for pencils and other slightly larger tools.  Brush case size (when opened): - 40 x 24 cm. - Brushes with a length of up to 22.5 cm can be placed in the brush case.  This product can be personalized with embossed initials or a word (up to 6 characters in one line). Personalization is available in gold, silver, or colorless.  PRODUCTION TIME: - If the product in the selected color is available in stock at the time of placing the order, the order will be completed within 3 business days. - If the product in the selected color is not in stock, the production time is up to 1.5 weeks.  For information about availability of the finished product in specific colors, please contact us by calling +371 2208 7727 or e-mailing info@lottespapery.com  PLEASE NOTE: - If you choose personalization, please indicate the exact word in the comment section when placing your order. - The leather may have minor scratches, natural pigment marks, and slight color variations. The shade of the leather may also differ slightly from what you see on your screen, depending on your individual monitor settings.  _  All of Lotte\u2019s leather products are handmade by a master craftsman right here in Latvia, in our small but warm-hearted workshop. We believe that leather is a special and beautiful material, and we are grateful for its past life, so we use it as sparingly as possible.  Our products are primarily made from \u201cCrazy Horse\u201d leather \u2013 high-quality, thick cow leather (full grain), treated with natural waxes. Since leather is a natural material, it may have small scratches or imperfections. We make every effort not to place such \u201cimperfections\u201d in central areas, but please note that light scratches or marks may appear on the back or less visible parts of the product.  Everyday use only enhances the leather \u2013 scratches and friction change its color, creating rich tones and a natural \u201cvintage\u201d effect, making each product unique. The more the product is used, the more distinctive its pattern becomes.  To maintain the leather\u2019s appearance and refresh its \u201cvintage\u201d effect, it can be lightly moistened, rubbed with a clean cloth, and finally polished with a wool glove, sock, or other wool item using linear motions until the leather becomes even and slightly glossy.","og_url":"https:\/\/lottespapery.com\/en\/products\/leather-case-for-brushes\/","og_site_name":"Lotte&#039;s Papery","article_publisher":"https:\/\/www.facebook.com\/LottesPapery\/","article_modified_time":"2026-03-13T13:51:09+00:00","og_image":[{"width":2560,"height":1707,"url":"http:\/\/lottespapery.com\/wp-content\/uploads\/2022\/11\/il_fullxfull.4939739388_99x9-scaled.jpg","type":"image\/jpeg"}],"twitter_card":"summary_large_image","schema":{"@context":"https:\/\/schema.org","@graph":[{"@type":"WebPage","@id":"https:\/\/lottespapery.com\/en\/products\/leather-case-for-brushes\/","url":"https:\/\/lottespapery.com\/en\/products\/leather-case-for-brushes\/","name":"Leather case for brushes - Lotte&#039;s Papery","isPartOf":{"@id":"https:\/\/lottespapery.com\/en\/#website"},"datePublished":"2022-11-15T06:21:35+00:00","dateModified":"2026-03-13T13:51:09+00:00","description":"Brush case made of quality rustic leather. The leather straps of the wallet come in two different heights, so it will fit both large brushes and small pencils. The leather straps of the wallet will hold art tools of various thicknesses and shapes very well. There is a pocket at the bottom of the wallet that will ensure that the contents of the wallet stay securely in place. The wallet is designed to be functional, it unfolds completely and is easy to see and use, but when you're done, roll it up and it's compactly packed together. The wallet has two pockets for small items - one for very small trinkets, the other for pencils and other slightly larger tools. Brush case size (when opened): - 40 x 24 cm. - Brushes with a length of up to 22.5 cm can be placed in the brush case. This product can be personalized with embossed initials or a word (up to 6 characters in one line). Personalization is available in gold, silver, or colorless. PRODUCTION TIME: - If the product in the selected color is available in stock at the time of placing the order, the order will be completed within 3 business days. - If the product in the selected color is not in stock, the production time is up to 1.5 weeks. For information about availability of the finished product in specific colors, please contact us by calling +371 2208 7727 or e-mailing info@lottespapery.com PLEASE NOTE: - If you choose personalization, please indicate the exact word in the comment section when placing your order. - The leather may have minor scratches, natural pigment marks, and slight color variations. The shade of the leather may also differ slightly from what you see on your screen, depending on your individual monitor settings. _ All of Lotte\u2019s leather products are handmade by a master craftsman right here in Latvia, in our small but warm-hearted workshop. We believe that leather is a special and beautiful material, and we are grateful for its past life, so we use it as sparingly as possible. Our products are primarily made from \u201cCrazy Horse\u201d leather \u2013 high-quality, thick cow leather (full grain), treated with natural waxes. Since leather is a natural material, it may have small scratches or imperfections. We make every effort not to place such \u201cimperfections\u201d in central areas, but please note that light scratches or marks may appear on the back or less visible parts of the product. Everyday use only enhances the leather \u2013 scratches and friction change its color, creating rich tones and a natural \u201cvintage\u201d effect, making each product unique. The more the product is used, the more distinctive its pattern becomes. To maintain the leather\u2019s appearance and refresh its \u201cvintage\u201d effect, it can be lightly moistened, rubbed with a clean cloth, and finally polished with a wool glove, sock, or other wool item using linear motions until the leather becomes even and slightly glossy.","breadcrumb":{"@id":"https:\/\/lottespapery.com\/en\/products\/leather-case-for-brushes\/#breadcrumb"},"inLanguage":"en-US","potentialAction":[{"@type":"ReadAction","target":["https:\/\/lottespapery.com\/en\/products\/leather-case-for-brushes\/"]}]},{"@type":"BreadcrumbList","@id":"https:\/\/lottespapery.com\/en\/products\/leather-case-for-brushes\/#breadcrumb","itemListElement":[{"@type":"ListItem","position":1,"name":"Home","item":"https:\/\/lottespapery.com\/en\/"},{"@type":"ListItem","position":2,"name":"Shop","item":"https:\/\/lottespapery.com\/en\/shop\/"},{"@type":"ListItem","position":3,"name":"Leather case for brushes"}]},{"@type":"WebSite","@id":"https:\/\/lottespapery.com\/en\/#website","url":"https:\/\/lottespapery.com\/en\/","name":"Lotte&#039;s Papery","description":"Pap\u012brlietas un \u0101das izstr\u0101d\u0101jumi","publisher":{"@id":"https:\/\/lottespapery.com\/en\/#organization"},"potentialAction":[{"@type":"SearchAction","target":{"@type":"EntryPoint","urlTemplate":"https:\/\/lottespapery.com\/en\/?s={search_term_string}"},"query-input":"required name=search_term_string"}],"inLanguage":"en-US"},{"@type":"Organization","@id":"https:\/\/lottespapery.com\/en\/#organization","name":"Lotte&#039;s Papery","url":"https:\/\/lottespapery.com\/en\/","logo":{"@type":"ImageObject","inLanguage":"en-US","@id":"https:\/\/lottespapery.com\/en\/#\/schema\/logo\/image\/","url":"http:\/\/lottespapery.com\/wp-content\/uploads\/2022\/11\/logo-dark_180x@2x.png","contentUrl":"http:\/\/lottespapery.com\/wp-content\/uploads\/2022\/11\/logo-dark_180x@2x.png","width":360,"height":100,"caption":"Lotte&#039;s Papery"},"image":{"@id":"https:\/\/lottespapery.com\/en\/#\/schema\/logo\/image\/"},"sameAs":["https:\/\/www.instagram.com\/lottes_papery\/","https:\/\/www.facebook.com\/LottesPapery\/"]}]}},"_links":{"self":[{"href":"https:\/\/lottespapery.com\/en\/wp-json\/wp\/v2\/product\/20568","targetHints":{"allow":["GET"]}}],"collection":[{"href":"https:\/\/lottespapery.com\/en\/wp-json\/wp\/v2\/product"}],"about":[{"href":"https:\/\/lottespapery.com\/en\/wp-json\/wp\/v2\/types\/product"}],"wp:featuredmedia":[{"embeddable":true,"href":"https:\/\/lottespapery.com\/en\/wp-json\/wp\/v2\/media\/40350"}],"wp:attachment":[{"href":"https:\/\/lottespapery.com\/en\/wp-json\/wp\/v2\/media?parent=20568"}],"wp:term":[{"taxonomy":"product_brand","embeddable":true,"href":"https:\/\/lottespapery.com\/en\/wp-json\/wp\/v2\/product_brand?post=20568"},{"taxonomy":"product_cat","embeddable":true,"href":"https:\/\/lottespapery.com\/en\/wp-json\/wp\/v2\/product_cat?post=20568"},{"taxonomy":"product_tag","embeddable":true,"href":"https:\/\/lottespapery.com\/en\/wp-json\/wp\/v2\/product_tag?post=20568"}],"curies":[{"name":"wp","href":"https:\/\/api.w.org\/{rel}","templated":true}]}}