{"id":20654,"date":"2023-03-24T11:53:49","date_gmt":"2023-03-24T09:53:49","guid":{"rendered":"http:\/\/lottespapery.com\/products\/leather-covers-for-the-moleskine-classic-a4-notebook\/"},"modified":"2026-03-04T16:29:27","modified_gmt":"2026-03-04T14:29:27","slug":"leather-covers-for-the-moleskine-classic-a4-notebook","status":"publish","type":"product","link":"https:\/\/lottespapery.com\/en\/products\/leather-covers-for-the-moleskine-classic-a4-notebook\/","title":{"rendered":"Leather covers for the Moleskine Classic A4 notebook"},"content":{"rendered":"","protected":false},"excerpt":{"rendered":"","protected":false},"featured_media":18986,"template":"","meta":[],"product_brand":[],"product_cat":[883],"product_tag":[],"class_list":{"0":"post-20654","1":"product","2":"type-product","3":"status-publish","4":"has-post-thumbnail","6":"product_cat-notebooks-in-leather-covers","8":"first","9":"instock","10":"taxable","11":"shipping-taxable","12":"purchasable","13":"product-type-variable","14":"has-default-attributes"},"raw_content":{"name":"Leather covers for the Moleskine Classic A4 notebook","description":"","short_description":"","status":"publish","sku":"LPLTHR_004","original":18978},"wpml":{"translation_type":1,"has_translations":true,"original":18978,"duplicates":[],"translations":{"lv":18978,"en":20654}},"yoast_head":"<!-- This site is optimized with the Yoast SEO plugin v19.10 - https:\/\/yoast.com\/wordpress\/plugins\/seo\/ -->\n<title>Leather covers for the Moleskine Classic A4 notebook - Lotte&#039;s Papery<\/title>\n<meta name=\"description\" content=\"Genuine leather covers for Moleskine Classic 21,6 x 27,9 cm notebooks. The Moleskine Classic notebook is placed in the cover pockets, the pocket on the front can also be used to store larger notebooks, while the small pocket can be used to store business cards and very small notebooks. The back pocket has a space for a notebook elastic to wrap around and close the book together with the covers. There is a place for your pen on the side of the cover so that it is always close at hand when taking notes. \u00a0  Leather cover approximate size: - 22,5 x 29 cm  Inner notebook size: - 21,6 x 27,9 cm  Number of sheets: - 96 sheets (lined)  These leather covers can be personalized with two embossed initials, a name (up to 6 characters on one line), or a date. Personalization is available in gold, silver, or colorless.  PRODUCTION TIME:  - If the product in the selected color is available in stock at the time of placing the order, the order will be completed within 3 business days. - If the product in the selected color is not in stock, the production time is up to 1.5 weeks.  For information about availability of the finished product in specific colors, please contact us by calling +371 2208 7727 or e-mailing info@lottespapery.com  PLEASE NOTE:   - If you choose personalization, please indicate the exact word or date in the comment section when placing your order. - The leather may have minor scratches, natural pigment marks, and slight color variations. The shade of the leather may also differ slightly from what you see on your screen, depending on your individual monitor settings.  _  All of Lotte\u2019s leather products are handmade by a master craftsman right here in Latvia, in our small but warm-hearted workshop. We believe that leather is a special and beautiful material, and we are grateful for its past life, so we use it as sparingly as possible.  Our products are primarily made from \u201cCrazy Horse\u201d leather \u2013 high-quality, thick cow leather (full grain), treated with natural waxes. Since leather is a natural material, it may have small scratches or imperfections. We make every effort not to place such \u201cimperfections\u201d in central areas, but please note that light scratches or marks may appear on the back or less visible parts of the product.  Everyday use only enhances the leather \u2013 scratches and friction change its color, creating rich tones and a natural \u201cvintage\u201d effect, making each product unique. The more the product is used, the more distinctive its pattern becomes.  To maintain the leather\u2019s appearance and refresh its \u201cvintage\u201d effect, it can be lightly moistened, rubbed with a clean cloth, and finally polished with a wool glove, sock, or other wool item using linear motions until the leather becomes even and slightly glossy.\" \/>\n<meta name=\"robots\" content=\"index, follow, max-snippet:-1, max-image-preview:large, max-video-preview:-1\" \/>\n<link rel=\"canonical\" href=\"https:\/\/lottespapery.com\/en\/products\/leather-covers-for-the-moleskine-classic-a4-notebook\/\" \/>\n<meta property=\"og:locale\" content=\"en_US\" \/>\n<meta property=\"og:type\" content=\"article\" \/>\n<meta property=\"og:title\" content=\"Leather covers for the Moleskine Classic A4 notebook - Lotte&#039;s Papery\" \/>\n<meta property=\"og:description\" content=\"Genuine leather covers for Moleskine Classic 21,6 x 27,9 cm notebooks. The Moleskine Classic notebook is placed in the cover pockets, the pocket on the front can also be used to store larger notebooks, while the small pocket can be used to store business cards and very small notebooks. The back pocket has a space for a notebook elastic to wrap around and close the book together with the covers. There is a place for your pen on the side of the cover so that it is always close at hand when taking notes. \u00a0  Leather cover approximate size: - 22,5 x 29 cm  Inner notebook size: - 21,6 x 27,9 cm  Number of sheets: - 96 sheets (lined)  These leather covers can be personalized with two embossed initials, a name (up to 6 characters on one line), or a date. Personalization is available in gold, silver, or colorless.  PRODUCTION TIME:  - If the product in the selected color is available in stock at the time of placing the order, the order will be completed within 3 business days. - If the product in the selected color is not in stock, the production time is up to 1.5 weeks.  For information about availability of the finished product in specific colors, please contact us by calling +371 2208 7727 or e-mailing info@lottespapery.com  PLEASE NOTE:   - If you choose personalization, please indicate the exact word or date in the comment section when placing your order. - The leather may have minor scratches, natural pigment marks, and slight color variations. The shade of the leather may also differ slightly from what you see on your screen, depending on your individual monitor settings.  _  All of Lotte\u2019s leather products are handmade by a master craftsman right here in Latvia, in our small but warm-hearted workshop. We believe that leather is a special and beautiful material, and we are grateful for its past life, so we use it as sparingly as possible.  Our products are primarily made from \u201cCrazy Horse\u201d leather \u2013 high-quality, thick cow leather (full grain), treated with natural waxes. Since leather is a natural material, it may have small scratches or imperfections. We make every effort not to place such \u201cimperfections\u201d in central areas, but please note that light scratches or marks may appear on the back or less visible parts of the product.  Everyday use only enhances the leather \u2013 scratches and friction change its color, creating rich tones and a natural \u201cvintage\u201d effect, making each product unique. The more the product is used, the more distinctive its pattern becomes.  To maintain the leather\u2019s appearance and refresh its \u201cvintage\u201d effect, it can be lightly moistened, rubbed with a clean cloth, and finally polished with a wool glove, sock, or other wool item using linear motions until the leather becomes even and slightly glossy.\" \/>\n<meta property=\"og:url\" content=\"https:\/\/lottespapery.com\/en\/products\/leather-covers-for-the-moleskine-classic-a4-notebook\/\" \/>\n<meta property=\"og:site_name\" content=\"Lotte&#039;s Papery\" \/>\n<meta property=\"article:publisher\" content=\"https:\/\/www.facebook.com\/LottesPapery\/\" \/>\n<meta property=\"article:modified_time\" content=\"2026-03-04T14:29:27+00:00\" \/>\n<meta property=\"og:image\" content=\"http:\/\/lottespapery.com\/wp-content\/uploads\/2023\/03\/LOT_9414-scaled-e1679653346173.jpg\" \/>\n\t<meta property=\"og:image:width\" content=\"1707\" \/>\n\t<meta property=\"og:image:height\" content=\"2560\" \/>\n\t<meta property=\"og:image:type\" content=\"image\/jpeg\" \/>\n<meta name=\"twitter:card\" content=\"summary_large_image\" \/>\n<script type=\"application\/ld+json\" class=\"yoast-schema-graph\">{\"@context\":\"https:\/\/schema.org\",\"@graph\":[{\"@type\":\"WebPage\",\"@id\":\"https:\/\/lottespapery.com\/en\/products\/leather-covers-for-the-moleskine-classic-a4-notebook\/\",\"url\":\"https:\/\/lottespapery.com\/en\/products\/leather-covers-for-the-moleskine-classic-a4-notebook\/\",\"name\":\"Leather covers for the Moleskine Classic A4 notebook - Lotte&#039;s Papery\",\"isPartOf\":{\"@id\":\"https:\/\/lottespapery.com\/en\/#website\"},\"datePublished\":\"2023-03-24T09:53:49+00:00\",\"dateModified\":\"2026-03-04T14:29:27+00:00\",\"description\":\"Genuine leather covers for Moleskine Classic 21,6 x 27,9 cm notebooks. The Moleskine Classic notebook is placed in the cover pockets, the pocket on the front can also be used to store larger notebooks, while the small pocket can be used to store business cards and very small notebooks. The back pocket has a space for a notebook elastic to wrap around and close the book together with the covers. There is a place for your pen on the side of the cover so that it is always close at hand when taking notes. \u00a0 Leather cover approximate size: - 22,5 x 29 cm Inner notebook size: - 21,6 x 27,9 cm Number of sheets: - 96 sheets (lined) These leather covers can be personalized with two embossed initials, a name (up to 6 characters on one line), or a date. Personalization is available in gold, silver, or colorless. PRODUCTION TIME: - If the product in the selected color is available in stock at the time of placing the order, the order will be completed within 3 business days. - If the product in the selected color is not in stock, the production time is up to 1.5 weeks. For information about availability of the finished product in specific colors, please contact us by calling +371 2208 7727 or e-mailing info@lottespapery.com PLEASE NOTE: - If you choose personalization, please indicate the exact word or date in the comment section when placing your order. - The leather may have minor scratches, natural pigment marks, and slight color variations. The shade of the leather may also differ slightly from what you see on your screen, depending on your individual monitor settings. _ All of Lotte\u2019s leather products are handmade by a master craftsman right here in Latvia, in our small but warm-hearted workshop. We believe that leather is a special and beautiful material, and we are grateful for its past life, so we use it as sparingly as possible. Our products are primarily made from \u201cCrazy Horse\u201d leather \u2013 high-quality, thick cow leather (full grain), treated with natural waxes. Since leather is a natural material, it may have small scratches or imperfections. We make every effort not to place such \u201cimperfections\u201d in central areas, but please note that light scratches or marks may appear on the back or less visible parts of the product. Everyday use only enhances the leather \u2013 scratches and friction change its color, creating rich tones and a natural \u201cvintage\u201d effect, making each product unique. The more the product is used, the more distinctive its pattern becomes. To maintain the leather\u2019s appearance and refresh its \u201cvintage\u201d effect, it can be lightly moistened, rubbed with a clean cloth, and finally polished with a wool glove, sock, or other wool item using linear motions until the leather becomes even and slightly glossy.\",\"breadcrumb\":{\"@id\":\"https:\/\/lottespapery.com\/en\/products\/leather-covers-for-the-moleskine-classic-a4-notebook\/#breadcrumb\"},\"inLanguage\":\"en-US\",\"potentialAction\":[{\"@type\":\"ReadAction\",\"target\":[\"https:\/\/lottespapery.com\/en\/products\/leather-covers-for-the-moleskine-classic-a4-notebook\/\"]}]},{\"@type\":\"BreadcrumbList\",\"@id\":\"https:\/\/lottespapery.com\/en\/products\/leather-covers-for-the-moleskine-classic-a4-notebook\/#breadcrumb\",\"itemListElement\":[{\"@type\":\"ListItem\",\"position\":1,\"name\":\"Home\",\"item\":\"https:\/\/lottespapery.com\/en\/\"},{\"@type\":\"ListItem\",\"position\":2,\"name\":\"Shop\",\"item\":\"https:\/\/lottespapery.com\/en\/shop\/\"},{\"@type\":\"ListItem\",\"position\":3,\"name\":\"Leather covers for the Moleskine Classic A4 notebook\"}]},{\"@type\":\"WebSite\",\"@id\":\"https:\/\/lottespapery.com\/en\/#website\",\"url\":\"https:\/\/lottespapery.com\/en\/\",\"name\":\"Lotte&#039;s Papery\",\"description\":\"Pap\u012brlietas un \u0101das izstr\u0101d\u0101jumi\",\"publisher\":{\"@id\":\"https:\/\/lottespapery.com\/en\/#organization\"},\"potentialAction\":[{\"@type\":\"SearchAction\",\"target\":{\"@type\":\"EntryPoint\",\"urlTemplate\":\"https:\/\/lottespapery.com\/en\/?s={search_term_string}\"},\"query-input\":\"required name=search_term_string\"}],\"inLanguage\":\"en-US\"},{\"@type\":\"Organization\",\"@id\":\"https:\/\/lottespapery.com\/en\/#organization\",\"name\":\"Lotte&#039;s Papery\",\"url\":\"https:\/\/lottespapery.com\/en\/\",\"logo\":{\"@type\":\"ImageObject\",\"inLanguage\":\"en-US\",\"@id\":\"https:\/\/lottespapery.com\/en\/#\/schema\/logo\/image\/\",\"url\":\"http:\/\/lottespapery.com\/wp-content\/uploads\/2022\/11\/logo-dark_180x@2x.png\",\"contentUrl\":\"http:\/\/lottespapery.com\/wp-content\/uploads\/2022\/11\/logo-dark_180x@2x.png\",\"width\":360,\"height\":100,\"caption\":\"Lotte&#039;s Papery\"},\"image\":{\"@id\":\"https:\/\/lottespapery.com\/en\/#\/schema\/logo\/image\/\"},\"sameAs\":[\"https:\/\/www.instagram.com\/lottes_papery\/\",\"https:\/\/www.facebook.com\/LottesPapery\/\"]}]}<\/script>\n<!-- \/ Yoast SEO plugin. -->","yoast_head_json":{"title":"Leather covers for the Moleskine Classic A4 notebook - Lotte&#039;s Papery","description":"Genuine leather covers for Moleskine Classic 21,6 x 27,9 cm notebooks. The Moleskine Classic notebook is placed in the cover pockets, the pocket on the front can also be used to store larger notebooks, while the small pocket can be used to store business cards and very small notebooks. The back pocket has a space for a notebook elastic to wrap around and close the book together with the covers. There is a place for your pen on the side of the cover so that it is always close at hand when taking notes. \u00a0  Leather cover approximate size: - 22,5 x 29 cm  Inner notebook size: - 21,6 x 27,9 cm  Number of sheets: - 96 sheets (lined)  These leather covers can be personalized with two embossed initials, a name (up to 6 characters on one line), or a date. Personalization is available in gold, silver, or colorless.  PRODUCTION TIME:  - If the product in the selected color is available in stock at the time of placing the order, the order will be completed within 3 business days. - If the product in the selected color is not in stock, the production time is up to 1.5 weeks.  For information about availability of the finished product in specific colors, please contact us by calling +371 2208 7727 or e-mailing info@lottespapery.com  PLEASE NOTE:   - If you choose personalization, please indicate the exact word or date in the comment section when placing your order. - The leather may have minor scratches, natural pigment marks, and slight color variations. The shade of the leather may also differ slightly from what you see on your screen, depending on your individual monitor settings.  _  All of Lotte\u2019s leather products are handmade by a master craftsman right here in Latvia, in our small but warm-hearted workshop. We believe that leather is a special and beautiful material, and we are grateful for its past life, so we use it as sparingly as possible.  Our products are primarily made from \u201cCrazy Horse\u201d leather \u2013 high-quality, thick cow leather (full grain), treated with natural waxes. Since leather is a natural material, it may have small scratches or imperfections. We make every effort not to place such \u201cimperfections\u201d in central areas, but please note that light scratches or marks may appear on the back or less visible parts of the product.  Everyday use only enhances the leather \u2013 scratches and friction change its color, creating rich tones and a natural \u201cvintage\u201d effect, making each product unique. The more the product is used, the more distinctive its pattern becomes.  To maintain the leather\u2019s appearance and refresh its \u201cvintage\u201d effect, it can be lightly moistened, rubbed with a clean cloth, and finally polished with a wool glove, sock, or other wool item using linear motions until the leather becomes even and slightly glossy.","robots":{"index":"index","follow":"follow","max-snippet":"max-snippet:-1","max-image-preview":"max-image-preview:large","max-video-preview":"max-video-preview:-1"},"canonical":"https:\/\/lottespapery.com\/en\/products\/leather-covers-for-the-moleskine-classic-a4-notebook\/","og_locale":"en_US","og_type":"article","og_title":"Leather covers for the Moleskine Classic A4 notebook - Lotte&#039;s Papery","og_description":"Genuine leather covers for Moleskine Classic 21,6 x 27,9 cm notebooks. The Moleskine Classic notebook is placed in the cover pockets, the pocket on the front can also be used to store larger notebooks, while the small pocket can be used to store business cards and very small notebooks. The back pocket has a space for a notebook elastic to wrap around and close the book together with the covers. There is a place for your pen on the side of the cover so that it is always close at hand when taking notes. \u00a0  Leather cover approximate size: - 22,5 x 29 cm  Inner notebook size: - 21,6 x 27,9 cm  Number of sheets: - 96 sheets (lined)  These leather covers can be personalized with two embossed initials, a name (up to 6 characters on one line), or a date. Personalization is available in gold, silver, or colorless.  PRODUCTION TIME:  - If the product in the selected color is available in stock at the time of placing the order, the order will be completed within 3 business days. - If the product in the selected color is not in stock, the production time is up to 1.5 weeks.  For information about availability of the finished product in specific colors, please contact us by calling +371 2208 7727 or e-mailing info@lottespapery.com  PLEASE NOTE:   - If you choose personalization, please indicate the exact word or date in the comment section when placing your order. - The leather may have minor scratches, natural pigment marks, and slight color variations. The shade of the leather may also differ slightly from what you see on your screen, depending on your individual monitor settings.  _  All of Lotte\u2019s leather products are handmade by a master craftsman right here in Latvia, in our small but warm-hearted workshop. We believe that leather is a special and beautiful material, and we are grateful for its past life, so we use it as sparingly as possible.  Our products are primarily made from \u201cCrazy Horse\u201d leather \u2013 high-quality, thick cow leather (full grain), treated with natural waxes. Since leather is a natural material, it may have small scratches or imperfections. We make every effort not to place such \u201cimperfections\u201d in central areas, but please note that light scratches or marks may appear on the back or less visible parts of the product.  Everyday use only enhances the leather \u2013 scratches and friction change its color, creating rich tones and a natural \u201cvintage\u201d effect, making each product unique. The more the product is used, the more distinctive its pattern becomes.  To maintain the leather\u2019s appearance and refresh its \u201cvintage\u201d effect, it can be lightly moistened, rubbed with a clean cloth, and finally polished with a wool glove, sock, or other wool item using linear motions until the leather becomes even and slightly glossy.","og_url":"https:\/\/lottespapery.com\/en\/products\/leather-covers-for-the-moleskine-classic-a4-notebook\/","og_site_name":"Lotte&#039;s Papery","article_publisher":"https:\/\/www.facebook.com\/LottesPapery\/","article_modified_time":"2026-03-04T14:29:27+00:00","og_image":[{"width":1707,"height":2560,"url":"http:\/\/lottespapery.com\/wp-content\/uploads\/2023\/03\/LOT_9414-scaled-e1679653346173.jpg","type":"image\/jpeg"}],"twitter_card":"summary_large_image","schema":{"@context":"https:\/\/schema.org","@graph":[{"@type":"WebPage","@id":"https:\/\/lottespapery.com\/en\/products\/leather-covers-for-the-moleskine-classic-a4-notebook\/","url":"https:\/\/lottespapery.com\/en\/products\/leather-covers-for-the-moleskine-classic-a4-notebook\/","name":"Leather covers for the Moleskine Classic A4 notebook - Lotte&#039;s Papery","isPartOf":{"@id":"https:\/\/lottespapery.com\/en\/#website"},"datePublished":"2023-03-24T09:53:49+00:00","dateModified":"2026-03-04T14:29:27+00:00","description":"Genuine leather covers for Moleskine Classic 21,6 x 27,9 cm notebooks. The Moleskine Classic notebook is placed in the cover pockets, the pocket on the front can also be used to store larger notebooks, while the small pocket can be used to store business cards and very small notebooks. The back pocket has a space for a notebook elastic to wrap around and close the book together with the covers. There is a place for your pen on the side of the cover so that it is always close at hand when taking notes. \u00a0 Leather cover approximate size: - 22,5 x 29 cm Inner notebook size: - 21,6 x 27,9 cm Number of sheets: - 96 sheets (lined) These leather covers can be personalized with two embossed initials, a name (up to 6 characters on one line), or a date. Personalization is available in gold, silver, or colorless. PRODUCTION TIME: - If the product in the selected color is available in stock at the time of placing the order, the order will be completed within 3 business days. - If the product in the selected color is not in stock, the production time is up to 1.5 weeks. For information about availability of the finished product in specific colors, please contact us by calling +371 2208 7727 or e-mailing info@lottespapery.com PLEASE NOTE: - If you choose personalization, please indicate the exact word or date in the comment section when placing your order. - The leather may have minor scratches, natural pigment marks, and slight color variations. The shade of the leather may also differ slightly from what you see on your screen, depending on your individual monitor settings. _ All of Lotte\u2019s leather products are handmade by a master craftsman right here in Latvia, in our small but warm-hearted workshop. We believe that leather is a special and beautiful material, and we are grateful for its past life, so we use it as sparingly as possible. Our products are primarily made from \u201cCrazy Horse\u201d leather \u2013 high-quality, thick cow leather (full grain), treated with natural waxes. Since leather is a natural material, it may have small scratches or imperfections. We make every effort not to place such \u201cimperfections\u201d in central areas, but please note that light scratches or marks may appear on the back or less visible parts of the product. Everyday use only enhances the leather \u2013 scratches and friction change its color, creating rich tones and a natural \u201cvintage\u201d effect, making each product unique. The more the product is used, the more distinctive its pattern becomes. To maintain the leather\u2019s appearance and refresh its \u201cvintage\u201d effect, it can be lightly moistened, rubbed with a clean cloth, and finally polished with a wool glove, sock, or other wool item using linear motions until the leather becomes even and slightly glossy.","breadcrumb":{"@id":"https:\/\/lottespapery.com\/en\/products\/leather-covers-for-the-moleskine-classic-a4-notebook\/#breadcrumb"},"inLanguage":"en-US","potentialAction":[{"@type":"ReadAction","target":["https:\/\/lottespapery.com\/en\/products\/leather-covers-for-the-moleskine-classic-a4-notebook\/"]}]},{"@type":"BreadcrumbList","@id":"https:\/\/lottespapery.com\/en\/products\/leather-covers-for-the-moleskine-classic-a4-notebook\/#breadcrumb","itemListElement":[{"@type":"ListItem","position":1,"name":"Home","item":"https:\/\/lottespapery.com\/en\/"},{"@type":"ListItem","position":2,"name":"Shop","item":"https:\/\/lottespapery.com\/en\/shop\/"},{"@type":"ListItem","position":3,"name":"Leather covers for the Moleskine Classic A4 notebook"}]},{"@type":"WebSite","@id":"https:\/\/lottespapery.com\/en\/#website","url":"https:\/\/lottespapery.com\/en\/","name":"Lotte&#039;s Papery","description":"Pap\u012brlietas un \u0101das izstr\u0101d\u0101jumi","publisher":{"@id":"https:\/\/lottespapery.com\/en\/#organization"},"potentialAction":[{"@type":"SearchAction","target":{"@type":"EntryPoint","urlTemplate":"https:\/\/lottespapery.com\/en\/?s={search_term_string}"},"query-input":"required name=search_term_string"}],"inLanguage":"en-US"},{"@type":"Organization","@id":"https:\/\/lottespapery.com\/en\/#organization","name":"Lotte&#039;s Papery","url":"https:\/\/lottespapery.com\/en\/","logo":{"@type":"ImageObject","inLanguage":"en-US","@id":"https:\/\/lottespapery.com\/en\/#\/schema\/logo\/image\/","url":"http:\/\/lottespapery.com\/wp-content\/uploads\/2022\/11\/logo-dark_180x@2x.png","contentUrl":"http:\/\/lottespapery.com\/wp-content\/uploads\/2022\/11\/logo-dark_180x@2x.png","width":360,"height":100,"caption":"Lotte&#039;s Papery"},"image":{"@id":"https:\/\/lottespapery.com\/en\/#\/schema\/logo\/image\/"},"sameAs":["https:\/\/www.instagram.com\/lottes_papery\/","https:\/\/www.facebook.com\/LottesPapery\/"]}]}},"_links":{"self":[{"href":"https:\/\/lottespapery.com\/en\/wp-json\/wp\/v2\/product\/20654","targetHints":{"allow":["GET"]}}],"collection":[{"href":"https:\/\/lottespapery.com\/en\/wp-json\/wp\/v2\/product"}],"about":[{"href":"https:\/\/lottespapery.com\/en\/wp-json\/wp\/v2\/types\/product"}],"wp:featuredmedia":[{"embeddable":true,"href":"https:\/\/lottespapery.com\/en\/wp-json\/wp\/v2\/media\/18986"}],"wp:attachment":[{"href":"https:\/\/lottespapery.com\/en\/wp-json\/wp\/v2\/media?parent=20654"}],"wp:term":[{"taxonomy":"product_brand","embeddable":true,"href":"https:\/\/lottespapery.com\/en\/wp-json\/wp\/v2\/product_brand?post=20654"},{"taxonomy":"product_cat","embeddable":true,"href":"https:\/\/lottespapery.com\/en\/wp-json\/wp\/v2\/product_cat?post=20654"},{"taxonomy":"product_tag","embeddable":true,"href":"https:\/\/lottespapery.com\/en\/wp-json\/wp\/v2\/product_tag?post=20654"}],"curies":[{"name":"wp","href":"https:\/\/api.w.org\/{rel}","templated":true}]}}