{"id":20725,"date":"2023-03-24T16:02:31","date_gmt":"2023-03-24T14:02:31","guid":{"rendered":"http:\/\/lottespapery.com\/products\/photo-album-in-rustic-leather-covers-with-patched-design-captured-moments-of-happiness\/"},"modified":"2023-04-17T00:02:50","modified_gmt":"2023-04-16T21:02:50","slug":"photo-album-in-rustic-leather-covers-with-patched-design-captured-moments-of-happiness","status":"publish","type":"product","link":"https:\/\/lottespapery.com\/en\/products\/photo-album-in-rustic-leather-covers-with-patched-design-captured-moments-of-happiness\/","title":{"rendered":"Photo album in RUSTIC leather covers with patched design &#8220;Captured moments of happiness&#8221;"},"content":{"rendered":"","protected":false},"excerpt":{"rendered":"","protected":false},"featured_media":19128,"template":"","meta":[],"product_brand":[],"product_cat":[770],"product_tag":[],"class_list":{"0":"post-20725","1":"product","2":"type-product","3":"status-publish","4":"has-post-thumbnail","6":"product_cat-foto-albumi-en","8":"first","9":"instock","10":"taxable","11":"shipping-taxable","12":"purchasable","13":"product-type-variable","14":"has-default-attributes"},"raw_content":{"name":"Photo album in RUSTIC leather covers with patched design \"Captured moments of happiness\"","description":"","short_description":"","status":"publish","sku":"A28F-EDFDFD","original":19121},"wpml":{"translation_type":1,"has_translations":true,"original":19121,"duplicates":[],"translations":{"lv":19121,"en":20725}},"yoast_head":"<!-- This site is optimized with the Yoast SEO plugin v19.10 - https:\/\/yoast.com\/wordpress\/plugins\/seo\/ -->\n<title>Photo album in RUSTIC leather covers with patched design &quot;Captured moments of happiness&quot; - Lotte&#039;s Papery<\/title>\n<meta name=\"description\" content=\"An elegant, hand-bound photo album in leather covers, with the inscription &quot;captured moments of happiness&quot; laser-engraved and a flower motif, thick, high-quality paper and airy interleaves - the right album to store precious memories. Closure with a leather strap of the same color. Album dimensions: - 24 x 35 cm Iek\u0161lapu kr\u0101su varianti: - cream colors - melnas Iek\u0161lapu skaits : - 30 lapas (60 lapaspuses). Up to four 10x15cm photos can be placed on one page. Lai piestiprin\u0101tu fotogr\u0101fijas, izmanto foto st\u016br\u012b\u0161us vai abpus\u0113j\u0101s foto uzl\u012bmes. L\u016aDZU, \u0145EM V\u0112R\u0100: - Izgatavo\u0161anas laiks l\u012bdz 1,5 ned\u0113\u013cai. We mainly use &quot;Crazy horse&quot; leather for our products, treated with natural waxes. Leather is a natural material that has lived its own life, so it may have small scratches or imperfections. We try to never put such &quot;imperfections&quot; in the central areas, but please note that there may also be a slight scratch or mark in the leather on the back or less visible parts of the product. Leather is a wonderful material, and our philosophy is to respect and use it, throwing out as little as possible, thus showing a little respect and gratitude to nature and the world. Crazy horse material has been known for centuries, it is made from thick cow leather (full grain), which is one of the highest quality leathers in the world. It is coated with a layer of natural wax, then polished to a rich finish. Daily use of a product made of such leather only makes it more beautiful - scratches and friction against other objects change the color of the leather, creating rich, multi-graded tones, complementing the product with a natural &quot;vintage&quot; roughness and harshness. The more the product is used, the more unique its pattern will become. If you want the product to last a long time, as well as if you want to update its &quot;vintage&quot; look, all you have to do is wet it thoroughly and rub it with a clean cloth (especially the places where scratches are more visible), wipe off the excess water and finally polish it again using a linear movements and woolen gloves, socks or any other woolen product. Polish until the skin is smooth and slightly shiny. Be prepared that the skin may have small scratches, pigments, slight color changes, and the tone of the skin may differ slightly from what you see on your screen - it depends on individual monitor settings.\" \/>\n<meta name=\"robots\" content=\"index, follow, max-snippet:-1, max-image-preview:large, max-video-preview:-1\" \/>\n<link rel=\"canonical\" href=\"https:\/\/lottespapery.com\/en\/products\/photo-album-in-rustic-leather-covers-with-patched-design-captured-moments-of-happiness\/\" \/>\n<meta property=\"og:locale\" content=\"en_US\" \/>\n<meta property=\"og:type\" content=\"article\" \/>\n<meta property=\"og:title\" content=\"Photo album in RUSTIC leather covers with patched design &quot;Captured moments of happiness&quot; - Lotte&#039;s Papery\" \/>\n<meta property=\"og:description\" content=\"An elegant, hand-bound photo album in leather covers, with the inscription &quot;captured moments of happiness&quot; laser-engraved and a flower motif, thick, high-quality paper and airy interleaves - the right album to store precious memories. Closure with a leather strap of the same color. Album dimensions: - 24 x 35 cm Iek\u0161lapu kr\u0101su varianti: - cream colors - melnas Iek\u0161lapu skaits : - 30 lapas (60 lapaspuses). Up to four 10x15cm photos can be placed on one page. Lai piestiprin\u0101tu fotogr\u0101fijas, izmanto foto st\u016br\u012b\u0161us vai abpus\u0113j\u0101s foto uzl\u012bmes. L\u016aDZU, \u0145EM V\u0112R\u0100: - Izgatavo\u0161anas laiks l\u012bdz 1,5 ned\u0113\u013cai. We mainly use &quot;Crazy horse&quot; leather for our products, treated with natural waxes. Leather is a natural material that has lived its own life, so it may have small scratches or imperfections. We try to never put such &quot;imperfections&quot; in the central areas, but please note that there may also be a slight scratch or mark in the leather on the back or less visible parts of the product. Leather is a wonderful material, and our philosophy is to respect and use it, throwing out as little as possible, thus showing a little respect and gratitude to nature and the world. Crazy horse material has been known for centuries, it is made from thick cow leather (full grain), which is one of the highest quality leathers in the world. It is coated with a layer of natural wax, then polished to a rich finish. Daily use of a product made of such leather only makes it more beautiful - scratches and friction against other objects change the color of the leather, creating rich, multi-graded tones, complementing the product with a natural &quot;vintage&quot; roughness and harshness. The more the product is used, the more unique its pattern will become. If you want the product to last a long time, as well as if you want to update its &quot;vintage&quot; look, all you have to do is wet it thoroughly and rub it with a clean cloth (especially the places where scratches are more visible), wipe off the excess water and finally polish it again using a linear movements and woolen gloves, socks or any other woolen product. Polish until the skin is smooth and slightly shiny. Be prepared that the skin may have small scratches, pigments, slight color changes, and the tone of the skin may differ slightly from what you see on your screen - it depends on individual monitor settings.\" \/>\n<meta property=\"og:url\" content=\"https:\/\/lottespapery.com\/en\/products\/photo-album-in-rustic-leather-covers-with-patched-design-captured-moments-of-happiness\/\" \/>\n<meta property=\"og:site_name\" content=\"Lotte&#039;s Papery\" \/>\n<meta property=\"article:publisher\" content=\"https:\/\/www.facebook.com\/LottesPapery\/\" \/>\n<meta property=\"article:modified_time\" content=\"2023-04-16T21:02:50+00:00\" \/>\n<meta property=\"og:image\" content=\"https:\/\/lottespapery.com\/wp-content\/uploads\/2023\/03\/LOT_9364-scaled-e1679667121811.jpg\" \/>\n\t<meta property=\"og:image:width\" content=\"1707\" \/>\n\t<meta property=\"og:image:height\" content=\"2560\" \/>\n\t<meta property=\"og:image:type\" content=\"image\/jpeg\" \/>\n<meta name=\"twitter:card\" content=\"summary_large_image\" \/>\n<script type=\"application\/ld+json\" class=\"yoast-schema-graph\">{\"@context\":\"https:\/\/schema.org\",\"@graph\":[{\"@type\":\"WebPage\",\"@id\":\"https:\/\/lottespapery.com\/en\/products\/photo-album-in-rustic-leather-covers-with-patched-design-captured-moments-of-happiness\/\",\"url\":\"https:\/\/lottespapery.com\/en\/products\/photo-album-in-rustic-leather-covers-with-patched-design-captured-moments-of-happiness\/\",\"name\":\"Photo album in RUSTIC leather covers with patched design \\\"Captured moments of happiness\\\" - Lotte&#039;s Papery\",\"isPartOf\":{\"@id\":\"https:\/\/lottespapery.com\/en\/#website\"},\"datePublished\":\"2023-03-24T14:02:31+00:00\",\"dateModified\":\"2023-04-16T21:02:50+00:00\",\"description\":\"An elegant, hand-bound photo album in leather covers, with the inscription \\\"captured moments of happiness\\\" laser-engraved and a flower motif, thick, high-quality paper and airy interleaves - the right album to store precious memories. Closure with a leather strap of the same color. Album dimensions: - 24 x 35 cm Iek\u0161lapu kr\u0101su varianti: - cream colors - melnas Iek\u0161lapu skaits : - 30 lapas (60 lapaspuses). Up to four 10x15cm photos can be placed on one page. Lai piestiprin\u0101tu fotogr\u0101fijas, izmanto foto st\u016br\u012b\u0161us vai abpus\u0113j\u0101s foto uzl\u012bmes. L\u016aDZU, \u0145EM V\u0112R\u0100: - Izgatavo\u0161anas laiks l\u012bdz 1,5 ned\u0113\u013cai. We mainly use \\\"Crazy horse\\\" leather for our products, treated with natural waxes. Leather is a natural material that has lived its own life, so it may have small scratches or imperfections. We try to never put such \\\"imperfections\\\" in the central areas, but please note that there may also be a slight scratch or mark in the leather on the back or less visible parts of the product. Leather is a wonderful material, and our philosophy is to respect and use it, throwing out as little as possible, thus showing a little respect and gratitude to nature and the world. Crazy horse material has been known for centuries, it is made from thick cow leather (full grain), which is one of the highest quality leathers in the world. It is coated with a layer of natural wax, then polished to a rich finish. Daily use of a product made of such leather only makes it more beautiful - scratches and friction against other objects change the color of the leather, creating rich, multi-graded tones, complementing the product with a natural \\\"vintage\\\" roughness and harshness. The more the product is used, the more unique its pattern will become. If you want the product to last a long time, as well as if you want to update its \\\"vintage\\\" look, all you have to do is wet it thoroughly and rub it with a clean cloth (especially the places where scratches are more visible), wipe off the excess water and finally polish it again using a linear movements and woolen gloves, socks or any other woolen product. Polish until the skin is smooth and slightly shiny. Be prepared that the skin may have small scratches, pigments, slight color changes, and the tone of the skin may differ slightly from what you see on your screen - it depends on individual monitor settings.\",\"breadcrumb\":{\"@id\":\"https:\/\/lottespapery.com\/en\/products\/photo-album-in-rustic-leather-covers-with-patched-design-captured-moments-of-happiness\/#breadcrumb\"},\"inLanguage\":\"en-US\",\"potentialAction\":[{\"@type\":\"ReadAction\",\"target\":[\"https:\/\/lottespapery.com\/en\/products\/photo-album-in-rustic-leather-covers-with-patched-design-captured-moments-of-happiness\/\"]}]},{\"@type\":\"BreadcrumbList\",\"@id\":\"https:\/\/lottespapery.com\/en\/products\/photo-album-in-rustic-leather-covers-with-patched-design-captured-moments-of-happiness\/#breadcrumb\",\"itemListElement\":[{\"@type\":\"ListItem\",\"position\":1,\"name\":\"Home\",\"item\":\"https:\/\/lottespapery.com\/en\/\"},{\"@type\":\"ListItem\",\"position\":2,\"name\":\"Shop\",\"item\":\"https:\/\/lottespapery.com\/en\/shop\/\"},{\"@type\":\"ListItem\",\"position\":3,\"name\":\"Photo album in RUSTIC leather covers with patched design &#8220;Captured moments of happiness&#8221;\"}]},{\"@type\":\"WebSite\",\"@id\":\"https:\/\/lottespapery.com\/en\/#website\",\"url\":\"https:\/\/lottespapery.com\/en\/\",\"name\":\"Lotte&#039;s Papery\",\"description\":\"Pap\u012brlietas un \u0101das izstr\u0101d\u0101jumi\",\"publisher\":{\"@id\":\"https:\/\/lottespapery.com\/en\/#organization\"},\"potentialAction\":[{\"@type\":\"SearchAction\",\"target\":{\"@type\":\"EntryPoint\",\"urlTemplate\":\"https:\/\/lottespapery.com\/en\/?s={search_term_string}\"},\"query-input\":\"required name=search_term_string\"}],\"inLanguage\":\"en-US\"},{\"@type\":\"Organization\",\"@id\":\"https:\/\/lottespapery.com\/en\/#organization\",\"name\":\"Lotte&#039;s Papery\",\"url\":\"https:\/\/lottespapery.com\/en\/\",\"logo\":{\"@type\":\"ImageObject\",\"inLanguage\":\"en-US\",\"@id\":\"https:\/\/lottespapery.com\/en\/#\/schema\/logo\/image\/\",\"url\":\"http:\/\/lottespapery.com\/wp-content\/uploads\/2022\/11\/logo-dark_180x@2x.png\",\"contentUrl\":\"http:\/\/lottespapery.com\/wp-content\/uploads\/2022\/11\/logo-dark_180x@2x.png\",\"width\":360,\"height\":100,\"caption\":\"Lotte&#039;s Papery\"},\"image\":{\"@id\":\"https:\/\/lottespapery.com\/en\/#\/schema\/logo\/image\/\"},\"sameAs\":[\"https:\/\/www.instagram.com\/lottes_papery\/\",\"https:\/\/www.facebook.com\/LottesPapery\/\"]}]}<\/script>\n<!-- \/ Yoast SEO plugin. -->","yoast_head_json":{"title":"Photo album in RUSTIC leather covers with patched design \"Captured moments of happiness\" - Lotte&#039;s Papery","description":"An elegant, hand-bound photo album in leather covers, with the inscription \"captured moments of happiness\" laser-engraved and a flower motif, thick, high-quality paper and airy interleaves - the right album to store precious memories. Closure with a leather strap of the same color. Album dimensions: - 24 x 35 cm Iek\u0161lapu kr\u0101su varianti: - cream colors - melnas Iek\u0161lapu skaits : - 30 lapas (60 lapaspuses). Up to four 10x15cm photos can be placed on one page. Lai piestiprin\u0101tu fotogr\u0101fijas, izmanto foto st\u016br\u012b\u0161us vai abpus\u0113j\u0101s foto uzl\u012bmes. L\u016aDZU, \u0145EM V\u0112R\u0100: - Izgatavo\u0161anas laiks l\u012bdz 1,5 ned\u0113\u013cai. We mainly use \"Crazy horse\" leather for our products, treated with natural waxes. Leather is a natural material that has lived its own life, so it may have small scratches or imperfections. We try to never put such \"imperfections\" in the central areas, but please note that there may also be a slight scratch or mark in the leather on the back or less visible parts of the product. Leather is a wonderful material, and our philosophy is to respect and use it, throwing out as little as possible, thus showing a little respect and gratitude to nature and the world. Crazy horse material has been known for centuries, it is made from thick cow leather (full grain), which is one of the highest quality leathers in the world. It is coated with a layer of natural wax, then polished to a rich finish. Daily use of a product made of such leather only makes it more beautiful - scratches and friction against other objects change the color of the leather, creating rich, multi-graded tones, complementing the product with a natural \"vintage\" roughness and harshness. The more the product is used, the more unique its pattern will become. If you want the product to last a long time, as well as if you want to update its \"vintage\" look, all you have to do is wet it thoroughly and rub it with a clean cloth (especially the places where scratches are more visible), wipe off the excess water and finally polish it again using a linear movements and woolen gloves, socks or any other woolen product. Polish until the skin is smooth and slightly shiny. Be prepared that the skin may have small scratches, pigments, slight color changes, and the tone of the skin may differ slightly from what you see on your screen - it depends on individual monitor settings.","robots":{"index":"index","follow":"follow","max-snippet":"max-snippet:-1","max-image-preview":"max-image-preview:large","max-video-preview":"max-video-preview:-1"},"canonical":"https:\/\/lottespapery.com\/en\/products\/photo-album-in-rustic-leather-covers-with-patched-design-captured-moments-of-happiness\/","og_locale":"en_US","og_type":"article","og_title":"Photo album in RUSTIC leather covers with patched design \"Captured moments of happiness\" - Lotte&#039;s Papery","og_description":"An elegant, hand-bound photo album in leather covers, with the inscription \"captured moments of happiness\" laser-engraved and a flower motif, thick, high-quality paper and airy interleaves - the right album to store precious memories. Closure with a leather strap of the same color. Album dimensions: - 24 x 35 cm Iek\u0161lapu kr\u0101su varianti: - cream colors - melnas Iek\u0161lapu skaits : - 30 lapas (60 lapaspuses). Up to four 10x15cm photos can be placed on one page. Lai piestiprin\u0101tu fotogr\u0101fijas, izmanto foto st\u016br\u012b\u0161us vai abpus\u0113j\u0101s foto uzl\u012bmes. L\u016aDZU, \u0145EM V\u0112R\u0100: - Izgatavo\u0161anas laiks l\u012bdz 1,5 ned\u0113\u013cai. We mainly use \"Crazy horse\" leather for our products, treated with natural waxes. Leather is a natural material that has lived its own life, so it may have small scratches or imperfections. We try to never put such \"imperfections\" in the central areas, but please note that there may also be a slight scratch or mark in the leather on the back or less visible parts of the product. Leather is a wonderful material, and our philosophy is to respect and use it, throwing out as little as possible, thus showing a little respect and gratitude to nature and the world. Crazy horse material has been known for centuries, it is made from thick cow leather (full grain), which is one of the highest quality leathers in the world. It is coated with a layer of natural wax, then polished to a rich finish. Daily use of a product made of such leather only makes it more beautiful - scratches and friction against other objects change the color of the leather, creating rich, multi-graded tones, complementing the product with a natural \"vintage\" roughness and harshness. The more the product is used, the more unique its pattern will become. If you want the product to last a long time, as well as if you want to update its \"vintage\" look, all you have to do is wet it thoroughly and rub it with a clean cloth (especially the places where scratches are more visible), wipe off the excess water and finally polish it again using a linear movements and woolen gloves, socks or any other woolen product. Polish until the skin is smooth and slightly shiny. Be prepared that the skin may have small scratches, pigments, slight color changes, and the tone of the skin may differ slightly from what you see on your screen - it depends on individual monitor settings.","og_url":"https:\/\/lottespapery.com\/en\/products\/photo-album-in-rustic-leather-covers-with-patched-design-captured-moments-of-happiness\/","og_site_name":"Lotte&#039;s Papery","article_publisher":"https:\/\/www.facebook.com\/LottesPapery\/","article_modified_time":"2023-04-16T21:02:50+00:00","og_image":[{"width":1707,"height":2560,"url":"https:\/\/lottespapery.com\/wp-content\/uploads\/2023\/03\/LOT_9364-scaled-e1679667121811.jpg","type":"image\/jpeg"}],"twitter_card":"summary_large_image","schema":{"@context":"https:\/\/schema.org","@graph":[{"@type":"WebPage","@id":"https:\/\/lottespapery.com\/en\/products\/photo-album-in-rustic-leather-covers-with-patched-design-captured-moments-of-happiness\/","url":"https:\/\/lottespapery.com\/en\/products\/photo-album-in-rustic-leather-covers-with-patched-design-captured-moments-of-happiness\/","name":"Photo album in RUSTIC leather covers with patched design \"Captured moments of happiness\" - Lotte&#039;s Papery","isPartOf":{"@id":"https:\/\/lottespapery.com\/en\/#website"},"datePublished":"2023-03-24T14:02:31+00:00","dateModified":"2023-04-16T21:02:50+00:00","description":"An elegant, hand-bound photo album in leather covers, with the inscription \"captured moments of happiness\" laser-engraved and a flower motif, thick, high-quality paper and airy interleaves - the right album to store precious memories. Closure with a leather strap of the same color. Album dimensions: - 24 x 35 cm Iek\u0161lapu kr\u0101su varianti: - cream colors - melnas Iek\u0161lapu skaits : - 30 lapas (60 lapaspuses). Up to four 10x15cm photos can be placed on one page. Lai piestiprin\u0101tu fotogr\u0101fijas, izmanto foto st\u016br\u012b\u0161us vai abpus\u0113j\u0101s foto uzl\u012bmes. L\u016aDZU, \u0145EM V\u0112R\u0100: - Izgatavo\u0161anas laiks l\u012bdz 1,5 ned\u0113\u013cai. We mainly use \"Crazy horse\" leather for our products, treated with natural waxes. Leather is a natural material that has lived its own life, so it may have small scratches or imperfections. We try to never put such \"imperfections\" in the central areas, but please note that there may also be a slight scratch or mark in the leather on the back or less visible parts of the product. Leather is a wonderful material, and our philosophy is to respect and use it, throwing out as little as possible, thus showing a little respect and gratitude to nature and the world. Crazy horse material has been known for centuries, it is made from thick cow leather (full grain), which is one of the highest quality leathers in the world. It is coated with a layer of natural wax, then polished to a rich finish. Daily use of a product made of such leather only makes it more beautiful - scratches and friction against other objects change the color of the leather, creating rich, multi-graded tones, complementing the product with a natural \"vintage\" roughness and harshness. The more the product is used, the more unique its pattern will become. If you want the product to last a long time, as well as if you want to update its \"vintage\" look, all you have to do is wet it thoroughly and rub it with a clean cloth (especially the places where scratches are more visible), wipe off the excess water and finally polish it again using a linear movements and woolen gloves, socks or any other woolen product. Polish until the skin is smooth and slightly shiny. Be prepared that the skin may have small scratches, pigments, slight color changes, and the tone of the skin may differ slightly from what you see on your screen - it depends on individual monitor settings.","breadcrumb":{"@id":"https:\/\/lottespapery.com\/en\/products\/photo-album-in-rustic-leather-covers-with-patched-design-captured-moments-of-happiness\/#breadcrumb"},"inLanguage":"en-US","potentialAction":[{"@type":"ReadAction","target":["https:\/\/lottespapery.com\/en\/products\/photo-album-in-rustic-leather-covers-with-patched-design-captured-moments-of-happiness\/"]}]},{"@type":"BreadcrumbList","@id":"https:\/\/lottespapery.com\/en\/products\/photo-album-in-rustic-leather-covers-with-patched-design-captured-moments-of-happiness\/#breadcrumb","itemListElement":[{"@type":"ListItem","position":1,"name":"Home","item":"https:\/\/lottespapery.com\/en\/"},{"@type":"ListItem","position":2,"name":"Shop","item":"https:\/\/lottespapery.com\/en\/shop\/"},{"@type":"ListItem","position":3,"name":"Photo album in RUSTIC leather covers with patched design &#8220;Captured moments of happiness&#8221;"}]},{"@type":"WebSite","@id":"https:\/\/lottespapery.com\/en\/#website","url":"https:\/\/lottespapery.com\/en\/","name":"Lotte&#039;s Papery","description":"Pap\u012brlietas un \u0101das izstr\u0101d\u0101jumi","publisher":{"@id":"https:\/\/lottespapery.com\/en\/#organization"},"potentialAction":[{"@type":"SearchAction","target":{"@type":"EntryPoint","urlTemplate":"https:\/\/lottespapery.com\/en\/?s={search_term_string}"},"query-input":"required name=search_term_string"}],"inLanguage":"en-US"},{"@type":"Organization","@id":"https:\/\/lottespapery.com\/en\/#organization","name":"Lotte&#039;s Papery","url":"https:\/\/lottespapery.com\/en\/","logo":{"@type":"ImageObject","inLanguage":"en-US","@id":"https:\/\/lottespapery.com\/en\/#\/schema\/logo\/image\/","url":"http:\/\/lottespapery.com\/wp-content\/uploads\/2022\/11\/logo-dark_180x@2x.png","contentUrl":"http:\/\/lottespapery.com\/wp-content\/uploads\/2022\/11\/logo-dark_180x@2x.png","width":360,"height":100,"caption":"Lotte&#039;s Papery"},"image":{"@id":"https:\/\/lottespapery.com\/en\/#\/schema\/logo\/image\/"},"sameAs":["https:\/\/www.instagram.com\/lottes_papery\/","https:\/\/www.facebook.com\/LottesPapery\/"]}]}},"_links":{"self":[{"href":"https:\/\/lottespapery.com\/en\/wp-json\/wp\/v2\/product\/20725","targetHints":{"allow":["GET"]}}],"collection":[{"href":"https:\/\/lottespapery.com\/en\/wp-json\/wp\/v2\/product"}],"about":[{"href":"https:\/\/lottespapery.com\/en\/wp-json\/wp\/v2\/types\/product"}],"wp:featuredmedia":[{"embeddable":true,"href":"https:\/\/lottespapery.com\/en\/wp-json\/wp\/v2\/media\/19128"}],"wp:attachment":[{"href":"https:\/\/lottespapery.com\/en\/wp-json\/wp\/v2\/media?parent=20725"}],"wp:term":[{"taxonomy":"product_brand","embeddable":true,"href":"https:\/\/lottespapery.com\/en\/wp-json\/wp\/v2\/product_brand?post=20725"},{"taxonomy":"product_cat","embeddable":true,"href":"https:\/\/lottespapery.com\/en\/wp-json\/wp\/v2\/product_cat?post=20725"},{"taxonomy":"product_tag","embeddable":true,"href":"https:\/\/lottespapery.com\/en\/wp-json\/wp\/v2\/product_tag?post=20725"}],"curies":[{"name":"wp","href":"https:\/\/api.w.org\/{rel}","templated":true}]}}