{"id":20787,"date":"2022-11-15T08:22:08","date_gmt":"2022-11-15T06:22:08","guid":{"rendered":"http:\/\/lottespapery.com\/products\/rustic-leather-covers-for-sketchbook\/"},"modified":"2026-03-04T16:46:22","modified_gmt":"2026-03-04T14:46:22","slug":"rustic-leather-covers-for-sketchbook","status":"publish","type":"product","link":"https:\/\/lottespapery.com\/en\/products\/rustic-leather-covers-for-sketchbook\/","title":{"rendered":"RUSTIC leather covers for sketchbook"},"content":{"rendered":"","protected":false},"excerpt":{"rendered":"","protected":false},"featured_media":10660,"template":"","meta":[],"product_brand":[],"product_cat":[883,872],"product_tag":[],"class_list":{"0":"post-20787","1":"product","2":"type-product","3":"status-publish","4":"has-post-thumbnail","6":"product_cat-notebooks-in-leather-covers","7":"product_cat-for-artists","9":"first","10":"instock","11":"taxable","12":"shipping-taxable","13":"purchasable","14":"product-type-variable","15":"has-default-attributes"},"raw_content":{"name":"RUSTIC leather covers for sketchbook","description":"","short_description":"","status":"publish","sku":"LPLTHR_006","original":10630},"wpml":{"translation_type":1,"has_translations":true,"original":10630,"duplicates":[],"translations":{"lv":10630,"en":20787}},"yoast_head":"<!-- This site is optimized with the Yoast SEO plugin v19.10 - https:\/\/yoast.com\/wordpress\/plugins\/seo\/ -->\n<title>RUSTIC leather covers for sketchbook - Lotte&#039;s Papery<\/title>\n<meta name=\"description\" content=\"High-quality A5 leather covers, suitable for any A5 sketchpad with spiral on top. The covers come with a sketchpad \u2013 once it\u2019s full, simply replace the pad and continue using the same covers. The covers include a pocket for notes and other important papers. The leather closure is made from a leather strap that can be wrapped around the covers.  Leather cover approximate size: - 17,5 x 23 cm (when closed)  Inner notebook size (with spiral): - 22 x 15 cm  Number of sheets: - 30 sheets  These leather covers can be personalized with two embossed initials, a name (up to 6 characters on one line), or a date. Personalization is available in gold, silver, or colorless.  PRODUCTION TIME:  - If the product in the selected color is available in stock at the time of placing the order, the order will be completed within 3 business days. - If the product in the selected color is not in stock, the production time is up to 1.5 weeks.  For information about availability of the finished product in specific colors, please contact us by calling +371 2208 7727 or e-mailing info@lottespapery.com  PLEASE NOTE:  - If you choose personalization, please indicate the exact word or date in the comment section when placing your order. - The leather may have minor scratches, natural pigment marks, and slight color variations. The shade of the leather may also differ slightly from what you see on your screen, depending on your individual monitor settings.  _  All of Lotte\u2019s leather products are handmade by a master craftsman right here in Latvia, in our small but warm-hearted workshop. We believe that leather is a special and beautiful material, and we are grateful for its past life, so we use it as sparingly as possible.  Our products are primarily made from \u201cCrazy Horse\u201d leather \u2013 high-quality, thick cow leather (full grain), treated with natural waxes. Since leather is a natural material, it may have small scratches or imperfections. We make every effort not to place such \u201cimperfections\u201d in central areas, but please note that light scratches or marks may appear on the back or less visible parts of the product.  Everyday use only enhances the leather \u2013 scratches and friction change its color, creating rich tones and a natural \u201cvintage\u201d effect, making each product unique. The more the product is used, the more distinctive its pattern becomes.  To maintain the leather\u2019s appearance and refresh its \u201cvintage\u201d effect, it can be lightly moistened, rubbed with a clean cloth, and finally polished with a wool glove, sock, or other wool item using linear motions until the leather becomes even and slightly glossy.\" \/>\n<meta name=\"robots\" content=\"index, follow, max-snippet:-1, max-image-preview:large, max-video-preview:-1\" \/>\n<link rel=\"canonical\" href=\"https:\/\/lottespapery.com\/en\/products\/rustic-leather-covers-for-sketchbook\/\" \/>\n<meta property=\"og:locale\" content=\"en_US\" \/>\n<meta property=\"og:type\" content=\"article\" \/>\n<meta property=\"og:title\" content=\"RUSTIC leather covers for sketchbook - Lotte&#039;s Papery\" \/>\n<meta property=\"og:description\" content=\"High-quality A5 leather covers, suitable for any A5 sketchpad with spiral on top. The covers come with a sketchpad \u2013 once it\u2019s full, simply replace the pad and continue using the same covers. The covers include a pocket for notes and other important papers. The leather closure is made from a leather strap that can be wrapped around the covers.  Leather cover approximate size: - 17,5 x 23 cm (when closed)  Inner notebook size (with spiral): - 22 x 15 cm  Number of sheets: - 30 sheets  These leather covers can be personalized with two embossed initials, a name (up to 6 characters on one line), or a date. Personalization is available in gold, silver, or colorless.  PRODUCTION TIME:  - If the product in the selected color is available in stock at the time of placing the order, the order will be completed within 3 business days. - If the product in the selected color is not in stock, the production time is up to 1.5 weeks.  For information about availability of the finished product in specific colors, please contact us by calling +371 2208 7727 or e-mailing info@lottespapery.com  PLEASE NOTE:  - If you choose personalization, please indicate the exact word or date in the comment section when placing your order. - The leather may have minor scratches, natural pigment marks, and slight color variations. The shade of the leather may also differ slightly from what you see on your screen, depending on your individual monitor settings.  _  All of Lotte\u2019s leather products are handmade by a master craftsman right here in Latvia, in our small but warm-hearted workshop. We believe that leather is a special and beautiful material, and we are grateful for its past life, so we use it as sparingly as possible.  Our products are primarily made from \u201cCrazy Horse\u201d leather \u2013 high-quality, thick cow leather (full grain), treated with natural waxes. Since leather is a natural material, it may have small scratches or imperfections. We make every effort not to place such \u201cimperfections\u201d in central areas, but please note that light scratches or marks may appear on the back or less visible parts of the product.  Everyday use only enhances the leather \u2013 scratches and friction change its color, creating rich tones and a natural \u201cvintage\u201d effect, making each product unique. The more the product is used, the more distinctive its pattern becomes.  To maintain the leather\u2019s appearance and refresh its \u201cvintage\u201d effect, it can be lightly moistened, rubbed with a clean cloth, and finally polished with a wool glove, sock, or other wool item using linear motions until the leather becomes even and slightly glossy.\" \/>\n<meta property=\"og:url\" content=\"https:\/\/lottespapery.com\/en\/products\/rustic-leather-covers-for-sketchbook\/\" \/>\n<meta property=\"og:site_name\" content=\"Lotte&#039;s Papery\" \/>\n<meta property=\"article:publisher\" content=\"https:\/\/www.facebook.com\/LottesPapery\/\" \/>\n<meta property=\"article:modified_time\" content=\"2026-03-04T14:46:22+00:00\" \/>\n<meta property=\"og:image\" content=\"http:\/\/lottespapery.com\/wp-content\/uploads\/2022\/11\/2_98e6ef7e-1e6a-4a89-b286-574dc421648e.jpg\" \/>\n\t<meta property=\"og:image:width\" content=\"2048\" \/>\n\t<meta property=\"og:image:height\" content=\"2048\" \/>\n\t<meta property=\"og:image:type\" content=\"image\/jpeg\" \/>\n<meta name=\"twitter:card\" content=\"summary_large_image\" \/>\n<script type=\"application\/ld+json\" class=\"yoast-schema-graph\">{\"@context\":\"https:\/\/schema.org\",\"@graph\":[{\"@type\":\"WebPage\",\"@id\":\"https:\/\/lottespapery.com\/en\/products\/rustic-leather-covers-for-sketchbook\/\",\"url\":\"https:\/\/lottespapery.com\/en\/products\/rustic-leather-covers-for-sketchbook\/\",\"name\":\"RUSTIC leather covers for sketchbook - Lotte&#039;s Papery\",\"isPartOf\":{\"@id\":\"https:\/\/lottespapery.com\/en\/#website\"},\"datePublished\":\"2022-11-15T06:22:08+00:00\",\"dateModified\":\"2026-03-04T14:46:22+00:00\",\"description\":\"High-quality A5 leather covers, suitable for any A5 sketchpad with spiral on top. The covers come with a sketchpad \u2013 once it\u2019s full, simply replace the pad and continue using the same covers. The covers include a pocket for notes and other important papers. The leather closure is made from a leather strap that can be wrapped around the covers. Leather cover approximate size: - 17,5 x 23 cm (when closed) Inner notebook size (with spiral): - 22 x 15 cm Number of sheets: - 30 sheets These leather covers can be personalized with two embossed initials, a name (up to 6 characters on one line), or a date. Personalization is available in gold, silver, or colorless. PRODUCTION TIME: - If the product in the selected color is available in stock at the time of placing the order, the order will be completed within 3 business days. - If the product in the selected color is not in stock, the production time is up to 1.5 weeks. For information about availability of the finished product in specific colors, please contact us by calling +371 2208 7727 or e-mailing info@lottespapery.com PLEASE NOTE: - If you choose personalization, please indicate the exact word or date in the comment section when placing your order. - The leather may have minor scratches, natural pigment marks, and slight color variations. The shade of the leather may also differ slightly from what you see on your screen, depending on your individual monitor settings. _ All of Lotte\u2019s leather products are handmade by a master craftsman right here in Latvia, in our small but warm-hearted workshop. We believe that leather is a special and beautiful material, and we are grateful for its past life, so we use it as sparingly as possible. Our products are primarily made from \u201cCrazy Horse\u201d leather \u2013 high-quality, thick cow leather (full grain), treated with natural waxes. Since leather is a natural material, it may have small scratches or imperfections. We make every effort not to place such \u201cimperfections\u201d in central areas, but please note that light scratches or marks may appear on the back or less visible parts of the product. Everyday use only enhances the leather \u2013 scratches and friction change its color, creating rich tones and a natural \u201cvintage\u201d effect, making each product unique. The more the product is used, the more distinctive its pattern becomes. To maintain the leather\u2019s appearance and refresh its \u201cvintage\u201d effect, it can be lightly moistened, rubbed with a clean cloth, and finally polished with a wool glove, sock, or other wool item using linear motions until the leather becomes even and slightly glossy.\",\"breadcrumb\":{\"@id\":\"https:\/\/lottespapery.com\/en\/products\/rustic-leather-covers-for-sketchbook\/#breadcrumb\"},\"inLanguage\":\"en-US\",\"potentialAction\":[{\"@type\":\"ReadAction\",\"target\":[\"https:\/\/lottespapery.com\/en\/products\/rustic-leather-covers-for-sketchbook\/\"]}]},{\"@type\":\"BreadcrumbList\",\"@id\":\"https:\/\/lottespapery.com\/en\/products\/rustic-leather-covers-for-sketchbook\/#breadcrumb\",\"itemListElement\":[{\"@type\":\"ListItem\",\"position\":1,\"name\":\"Home\",\"item\":\"https:\/\/lottespapery.com\/en\/\"},{\"@type\":\"ListItem\",\"position\":2,\"name\":\"Shop\",\"item\":\"https:\/\/lottespapery.com\/en\/shop\/\"},{\"@type\":\"ListItem\",\"position\":3,\"name\":\"RUSTIC leather covers for sketchbook\"}]},{\"@type\":\"WebSite\",\"@id\":\"https:\/\/lottespapery.com\/en\/#website\",\"url\":\"https:\/\/lottespapery.com\/en\/\",\"name\":\"Lotte&#039;s Papery\",\"description\":\"Pap\u012brlietas un \u0101das izstr\u0101d\u0101jumi\",\"publisher\":{\"@id\":\"https:\/\/lottespapery.com\/en\/#organization\"},\"potentialAction\":[{\"@type\":\"SearchAction\",\"target\":{\"@type\":\"EntryPoint\",\"urlTemplate\":\"https:\/\/lottespapery.com\/en\/?s={search_term_string}\"},\"query-input\":\"required name=search_term_string\"}],\"inLanguage\":\"en-US\"},{\"@type\":\"Organization\",\"@id\":\"https:\/\/lottespapery.com\/en\/#organization\",\"name\":\"Lotte&#039;s Papery\",\"url\":\"https:\/\/lottespapery.com\/en\/\",\"logo\":{\"@type\":\"ImageObject\",\"inLanguage\":\"en-US\",\"@id\":\"https:\/\/lottespapery.com\/en\/#\/schema\/logo\/image\/\",\"url\":\"http:\/\/lottespapery.com\/wp-content\/uploads\/2022\/11\/logo-dark_180x@2x.png\",\"contentUrl\":\"http:\/\/lottespapery.com\/wp-content\/uploads\/2022\/11\/logo-dark_180x@2x.png\",\"width\":360,\"height\":100,\"caption\":\"Lotte&#039;s Papery\"},\"image\":{\"@id\":\"https:\/\/lottespapery.com\/en\/#\/schema\/logo\/image\/\"},\"sameAs\":[\"https:\/\/www.instagram.com\/lottes_papery\/\",\"https:\/\/www.facebook.com\/LottesPapery\/\"]}]}<\/script>\n<!-- \/ Yoast SEO plugin. -->","yoast_head_json":{"title":"RUSTIC leather covers for sketchbook - Lotte&#039;s Papery","description":"High-quality A5 leather covers, suitable for any A5 sketchpad with spiral on top. The covers come with a sketchpad \u2013 once it\u2019s full, simply replace the pad and continue using the same covers. The covers include a pocket for notes and other important papers. The leather closure is made from a leather strap that can be wrapped around the covers.  Leather cover approximate size: - 17,5 x 23 cm (when closed)  Inner notebook size (with spiral): - 22 x 15 cm  Number of sheets: - 30 sheets  These leather covers can be personalized with two embossed initials, a name (up to 6 characters on one line), or a date. Personalization is available in gold, silver, or colorless.  PRODUCTION TIME:  - If the product in the selected color is available in stock at the time of placing the order, the order will be completed within 3 business days. - If the product in the selected color is not in stock, the production time is up to 1.5 weeks.  For information about availability of the finished product in specific colors, please contact us by calling +371 2208 7727 or e-mailing info@lottespapery.com  PLEASE NOTE:  - If you choose personalization, please indicate the exact word or date in the comment section when placing your order. - The leather may have minor scratches, natural pigment marks, and slight color variations. The shade of the leather may also differ slightly from what you see on your screen, depending on your individual monitor settings.  _  All of Lotte\u2019s leather products are handmade by a master craftsman right here in Latvia, in our small but warm-hearted workshop. We believe that leather is a special and beautiful material, and we are grateful for its past life, so we use it as sparingly as possible.  Our products are primarily made from \u201cCrazy Horse\u201d leather \u2013 high-quality, thick cow leather (full grain), treated with natural waxes. Since leather is a natural material, it may have small scratches or imperfections. We make every effort not to place such \u201cimperfections\u201d in central areas, but please note that light scratches or marks may appear on the back or less visible parts of the product.  Everyday use only enhances the leather \u2013 scratches and friction change its color, creating rich tones and a natural \u201cvintage\u201d effect, making each product unique. The more the product is used, the more distinctive its pattern becomes.  To maintain the leather\u2019s appearance and refresh its \u201cvintage\u201d effect, it can be lightly moistened, rubbed with a clean cloth, and finally polished with a wool glove, sock, or other wool item using linear motions until the leather becomes even and slightly glossy.","robots":{"index":"index","follow":"follow","max-snippet":"max-snippet:-1","max-image-preview":"max-image-preview:large","max-video-preview":"max-video-preview:-1"},"canonical":"https:\/\/lottespapery.com\/en\/products\/rustic-leather-covers-for-sketchbook\/","og_locale":"en_US","og_type":"article","og_title":"RUSTIC leather covers for sketchbook - Lotte&#039;s Papery","og_description":"High-quality A5 leather covers, suitable for any A5 sketchpad with spiral on top. The covers come with a sketchpad \u2013 once it\u2019s full, simply replace the pad and continue using the same covers. The covers include a pocket for notes and other important papers. The leather closure is made from a leather strap that can be wrapped around the covers.  Leather cover approximate size: - 17,5 x 23 cm (when closed)  Inner notebook size (with spiral): - 22 x 15 cm  Number of sheets: - 30 sheets  These leather covers can be personalized with two embossed initials, a name (up to 6 characters on one line), or a date. Personalization is available in gold, silver, or colorless.  PRODUCTION TIME:  - If the product in the selected color is available in stock at the time of placing the order, the order will be completed within 3 business days. - If the product in the selected color is not in stock, the production time is up to 1.5 weeks.  For information about availability of the finished product in specific colors, please contact us by calling +371 2208 7727 or e-mailing info@lottespapery.com  PLEASE NOTE:  - If you choose personalization, please indicate the exact word or date in the comment section when placing your order. - The leather may have minor scratches, natural pigment marks, and slight color variations. The shade of the leather may also differ slightly from what you see on your screen, depending on your individual monitor settings.  _  All of Lotte\u2019s leather products are handmade by a master craftsman right here in Latvia, in our small but warm-hearted workshop. We believe that leather is a special and beautiful material, and we are grateful for its past life, so we use it as sparingly as possible.  Our products are primarily made from \u201cCrazy Horse\u201d leather \u2013 high-quality, thick cow leather (full grain), treated with natural waxes. Since leather is a natural material, it may have small scratches or imperfections. We make every effort not to place such \u201cimperfections\u201d in central areas, but please note that light scratches or marks may appear on the back or less visible parts of the product.  Everyday use only enhances the leather \u2013 scratches and friction change its color, creating rich tones and a natural \u201cvintage\u201d effect, making each product unique. The more the product is used, the more distinctive its pattern becomes.  To maintain the leather\u2019s appearance and refresh its \u201cvintage\u201d effect, it can be lightly moistened, rubbed with a clean cloth, and finally polished with a wool glove, sock, or other wool item using linear motions until the leather becomes even and slightly glossy.","og_url":"https:\/\/lottespapery.com\/en\/products\/rustic-leather-covers-for-sketchbook\/","og_site_name":"Lotte&#039;s Papery","article_publisher":"https:\/\/www.facebook.com\/LottesPapery\/","article_modified_time":"2026-03-04T14:46:22+00:00","og_image":[{"width":2048,"height":2048,"url":"http:\/\/lottespapery.com\/wp-content\/uploads\/2022\/11\/2_98e6ef7e-1e6a-4a89-b286-574dc421648e.jpg","type":"image\/jpeg"}],"twitter_card":"summary_large_image","schema":{"@context":"https:\/\/schema.org","@graph":[{"@type":"WebPage","@id":"https:\/\/lottespapery.com\/en\/products\/rustic-leather-covers-for-sketchbook\/","url":"https:\/\/lottespapery.com\/en\/products\/rustic-leather-covers-for-sketchbook\/","name":"RUSTIC leather covers for sketchbook - Lotte&#039;s Papery","isPartOf":{"@id":"https:\/\/lottespapery.com\/en\/#website"},"datePublished":"2022-11-15T06:22:08+00:00","dateModified":"2026-03-04T14:46:22+00:00","description":"High-quality A5 leather covers, suitable for any A5 sketchpad with spiral on top. The covers come with a sketchpad \u2013 once it\u2019s full, simply replace the pad and continue using the same covers. The covers include a pocket for notes and other important papers. The leather closure is made from a leather strap that can be wrapped around the covers. Leather cover approximate size: - 17,5 x 23 cm (when closed) Inner notebook size (with spiral): - 22 x 15 cm Number of sheets: - 30 sheets These leather covers can be personalized with two embossed initials, a name (up to 6 characters on one line), or a date. Personalization is available in gold, silver, or colorless. PRODUCTION TIME: - If the product in the selected color is available in stock at the time of placing the order, the order will be completed within 3 business days. - If the product in the selected color is not in stock, the production time is up to 1.5 weeks. For information about availability of the finished product in specific colors, please contact us by calling +371 2208 7727 or e-mailing info@lottespapery.com PLEASE NOTE: - If you choose personalization, please indicate the exact word or date in the comment section when placing your order. - The leather may have minor scratches, natural pigment marks, and slight color variations. The shade of the leather may also differ slightly from what you see on your screen, depending on your individual monitor settings. _ All of Lotte\u2019s leather products are handmade by a master craftsman right here in Latvia, in our small but warm-hearted workshop. We believe that leather is a special and beautiful material, and we are grateful for its past life, so we use it as sparingly as possible. Our products are primarily made from \u201cCrazy Horse\u201d leather \u2013 high-quality, thick cow leather (full grain), treated with natural waxes. Since leather is a natural material, it may have small scratches or imperfections. We make every effort not to place such \u201cimperfections\u201d in central areas, but please note that light scratches or marks may appear on the back or less visible parts of the product. Everyday use only enhances the leather \u2013 scratches and friction change its color, creating rich tones and a natural \u201cvintage\u201d effect, making each product unique. The more the product is used, the more distinctive its pattern becomes. To maintain the leather\u2019s appearance and refresh its \u201cvintage\u201d effect, it can be lightly moistened, rubbed with a clean cloth, and finally polished with a wool glove, sock, or other wool item using linear motions until the leather becomes even and slightly glossy.","breadcrumb":{"@id":"https:\/\/lottespapery.com\/en\/products\/rustic-leather-covers-for-sketchbook\/#breadcrumb"},"inLanguage":"en-US","potentialAction":[{"@type":"ReadAction","target":["https:\/\/lottespapery.com\/en\/products\/rustic-leather-covers-for-sketchbook\/"]}]},{"@type":"BreadcrumbList","@id":"https:\/\/lottespapery.com\/en\/products\/rustic-leather-covers-for-sketchbook\/#breadcrumb","itemListElement":[{"@type":"ListItem","position":1,"name":"Home","item":"https:\/\/lottespapery.com\/en\/"},{"@type":"ListItem","position":2,"name":"Shop","item":"https:\/\/lottespapery.com\/en\/shop\/"},{"@type":"ListItem","position":3,"name":"RUSTIC leather covers for sketchbook"}]},{"@type":"WebSite","@id":"https:\/\/lottespapery.com\/en\/#website","url":"https:\/\/lottespapery.com\/en\/","name":"Lotte&#039;s Papery","description":"Pap\u012brlietas un \u0101das izstr\u0101d\u0101jumi","publisher":{"@id":"https:\/\/lottespapery.com\/en\/#organization"},"potentialAction":[{"@type":"SearchAction","target":{"@type":"EntryPoint","urlTemplate":"https:\/\/lottespapery.com\/en\/?s={search_term_string}"},"query-input":"required name=search_term_string"}],"inLanguage":"en-US"},{"@type":"Organization","@id":"https:\/\/lottespapery.com\/en\/#organization","name":"Lotte&#039;s Papery","url":"https:\/\/lottespapery.com\/en\/","logo":{"@type":"ImageObject","inLanguage":"en-US","@id":"https:\/\/lottespapery.com\/en\/#\/schema\/logo\/image\/","url":"http:\/\/lottespapery.com\/wp-content\/uploads\/2022\/11\/logo-dark_180x@2x.png","contentUrl":"http:\/\/lottespapery.com\/wp-content\/uploads\/2022\/11\/logo-dark_180x@2x.png","width":360,"height":100,"caption":"Lotte&#039;s Papery"},"image":{"@id":"https:\/\/lottespapery.com\/en\/#\/schema\/logo\/image\/"},"sameAs":["https:\/\/www.instagram.com\/lottes_papery\/","https:\/\/www.facebook.com\/LottesPapery\/"]}]}},"_links":{"self":[{"href":"https:\/\/lottespapery.com\/en\/wp-json\/wp\/v2\/product\/20787","targetHints":{"allow":["GET"]}}],"collection":[{"href":"https:\/\/lottespapery.com\/en\/wp-json\/wp\/v2\/product"}],"about":[{"href":"https:\/\/lottespapery.com\/en\/wp-json\/wp\/v2\/types\/product"}],"wp:featuredmedia":[{"embeddable":true,"href":"https:\/\/lottespapery.com\/en\/wp-json\/wp\/v2\/media\/10660"}],"wp:attachment":[{"href":"https:\/\/lottespapery.com\/en\/wp-json\/wp\/v2\/media?parent=20787"}],"wp:term":[{"taxonomy":"product_brand","embeddable":true,"href":"https:\/\/lottespapery.com\/en\/wp-json\/wp\/v2\/product_brand?post=20787"},{"taxonomy":"product_cat","embeddable":true,"href":"https:\/\/lottespapery.com\/en\/wp-json\/wp\/v2\/product_cat?post=20787"},{"taxonomy":"product_tag","embeddable":true,"href":"https:\/\/lottespapery.com\/en\/wp-json\/wp\/v2\/product_tag?post=20787"}],"curies":[{"name":"wp","href":"https:\/\/api.w.org\/{rel}","templated":true}]}}