{"id":20916,"date":"2022-11-15T06:34:58","date_gmt":"2022-11-15T04:34:58","guid":{"rendered":"http:\/\/lottespapery.com\/products\/personalized-photo-album-in-rustic-leather-covers-with-patched-design\/"},"modified":"2025-02-14T14:00:14","modified_gmt":"2025-02-14T12:00:14","slug":"small-personalized-photo-album-rustic-adas-covers-with-laseret-design","status":"publish","type":"product","link":"https:\/\/lottespapery.com\/en\/products\/small-personalized-photo-album-rustic-adas-covers-with-laseret-design\/","title":{"rendered":"Personalized photo album in RUSTIC leather covers with patched design"},"content":{"rendered":"","protected":false},"excerpt":{"rendered":"","protected":false},"featured_media":17513,"template":"","meta":[],"product_brand":[],"product_cat":[1640,1749,770],"product_tag":[],"class_list":{"0":"post-20916","1":"product","2":"type-product","3":"status-publish","4":"has-post-thumbnail","6":"product_cat-guest-books-for-polaroid-instax-images","7":"product_cat-photo-albums","8":"product_cat-foto-albumi-en","10":"first","11":"instock","12":"taxable","13":"shipping-taxable","14":"purchasable","15":"product-type-variable","16":"has-default-attributes"},"raw_content":{"name":"Personalized photo album in RUSTIC leather covers with patched design","description":"","short_description":"","status":"publish","sku":"BDDF-67B636","original":4786},"wpml":{"translation_type":1,"has_translations":true,"original":4786,"duplicates":[],"translations":{"lv":4786,"en":20916}},"yoast_head":"<!-- This site is optimized with the Yoast SEO plugin v19.10 - https:\/\/yoast.com\/wordpress\/plugins\/seo\/ -->\n<title>Personalized photo album in RUSTIC leather covers with patched design - Lotte&#039;s Papery<\/title>\n<meta name=\"description\" content=\"Housed in an elegant minimalist style, hand-bound in leather covers, laser-engraved with words chosen by you, thick, high-quality paper and airy interleaves - the right album to store precious memories. Closure with a leather strap of the same color. Pieejamie izm\u0113ri: - 15 x 21 cm - 24 x 35 cm - 30 x 30 cm Iek\u0161lapu kr\u0101su varianti: - cream-colored - black Iek\u0161lapu skaits : - all sizes have 30 sheets (60 pages). Lai piestiprin\u0101tu fotogr\u0101fijas, izmanto foto st\u016br\u012b\u0161us vai abpus\u0113j\u0101s foto uzl\u012bmes. L\u016aDZU, \u0145EM V\u0112R\u0100: - Izgatavo\u0161anas laiks l\u012bdz 1,5 ned\u0113\u013cai. - When placing an order, indicate the initials or names you want to see on the album cover in the comment section. The top layer of skin will be burned away leaving black design lines. We mainly use &quot;Crazy horse&quot; leather for our products, treated with natural waxes. Leather is a natural material that has lived its own life, so it may have small scratches or imperfections. We try to never put such &quot;imperfections&quot; in the central areas, but please note that there may also be a slight scratch or mark in the leather on the back or less visible parts of the product. Leather is a wonderful material, and our philosophy is to respect and use it, throwing out as little as possible, thus showing a little respect and gratitude to nature and the world. Crazy horse material has been known for centuries, it is made from thick cow leather (full grain), which is one of the highest quality leathers in the world. It is coated with a layer of natural wax, then polished to a rich finish. Daily use of a product made of such leather only makes it more beautiful - scratches and friction against other objects change the color of the leather, creating rich, multi-graded tones, complementing the product with a natural &quot;vintage&quot; roughness and harshness. The more the product is used, the more unique its pattern will become. If you want the product to last a long time, as well as if you want to update its &quot;vintage&quot; look, all you have to do is wet it thoroughly and rub it with a clean cloth (especially the places where scratches are more visible), wipe off the excess water and finally polish it again using a linear movements and woolen gloves, socks or any other woolen product. Polish until the skin is smooth and slightly shiny. Be prepared that the skin may have small scratches, pigments, slight color changes, and the tone of the skin may differ slightly from what you see on your screen - it depends on individual monitor settings.\" \/>\n<meta name=\"robots\" content=\"index, follow, max-snippet:-1, max-image-preview:large, max-video-preview:-1\" \/>\n<link rel=\"canonical\" href=\"https:\/\/lottespapery.com\/en\/products\/small-personalized-photo-album-rustic-adas-covers-with-laseret-design\/\" \/>\n<meta property=\"og:locale\" content=\"en_US\" \/>\n<meta property=\"og:type\" content=\"article\" \/>\n<meta property=\"og:title\" content=\"Personalized photo album in RUSTIC leather covers with patched design - Lotte&#039;s Papery\" \/>\n<meta property=\"og:description\" content=\"Housed in an elegant minimalist style, hand-bound in leather covers, laser-engraved with words chosen by you, thick, high-quality paper and airy interleaves - the right album to store precious memories. Closure with a leather strap of the same color. Pieejamie izm\u0113ri: - 15 x 21 cm - 24 x 35 cm - 30 x 30 cm Iek\u0161lapu kr\u0101su varianti: - cream-colored - black Iek\u0161lapu skaits : - all sizes have 30 sheets (60 pages). Lai piestiprin\u0101tu fotogr\u0101fijas, izmanto foto st\u016br\u012b\u0161us vai abpus\u0113j\u0101s foto uzl\u012bmes. L\u016aDZU, \u0145EM V\u0112R\u0100: - Izgatavo\u0161anas laiks l\u012bdz 1,5 ned\u0113\u013cai. - When placing an order, indicate the initials or names you want to see on the album cover in the comment section. The top layer of skin will be burned away leaving black design lines. We mainly use &quot;Crazy horse&quot; leather for our products, treated with natural waxes. Leather is a natural material that has lived its own life, so it may have small scratches or imperfections. We try to never put such &quot;imperfections&quot; in the central areas, but please note that there may also be a slight scratch or mark in the leather on the back or less visible parts of the product. Leather is a wonderful material, and our philosophy is to respect and use it, throwing out as little as possible, thus showing a little respect and gratitude to nature and the world. Crazy horse material has been known for centuries, it is made from thick cow leather (full grain), which is one of the highest quality leathers in the world. It is coated with a layer of natural wax, then polished to a rich finish. Daily use of a product made of such leather only makes it more beautiful - scratches and friction against other objects change the color of the leather, creating rich, multi-graded tones, complementing the product with a natural &quot;vintage&quot; roughness and harshness. The more the product is used, the more unique its pattern will become. If you want the product to last a long time, as well as if you want to update its &quot;vintage&quot; look, all you have to do is wet it thoroughly and rub it with a clean cloth (especially the places where scratches are more visible), wipe off the excess water and finally polish it again using a linear movements and woolen gloves, socks or any other woolen product. Polish until the skin is smooth and slightly shiny. Be prepared that the skin may have small scratches, pigments, slight color changes, and the tone of the skin may differ slightly from what you see on your screen - it depends on individual monitor settings.\" \/>\n<meta property=\"og:url\" content=\"https:\/\/lottespapery.com\/en\/products\/small-personalized-photo-album-rustic-adas-covers-with-laseret-design\/\" \/>\n<meta property=\"og:site_name\" content=\"Lotte&#039;s Papery\" \/>\n<meta property=\"article:publisher\" content=\"https:\/\/www.facebook.com\/LottesPapery\/\" \/>\n<meta property=\"article:modified_time\" content=\"2025-02-14T12:00:14+00:00\" \/>\n<meta property=\"og:image\" content=\"http:\/\/lottespapery.com\/wp-content\/uploads\/2022\/11\/LOT_5339-1-scaled-1-e1676985810996.jpg\" \/>\n\t<meta property=\"og:image:width\" content=\"2560\" \/>\n\t<meta property=\"og:image:height\" content=\"1707\" \/>\n\t<meta property=\"og:image:type\" content=\"image\/jpeg\" \/>\n<meta name=\"twitter:card\" content=\"summary_large_image\" \/>\n<script type=\"application\/ld+json\" class=\"yoast-schema-graph\">{\"@context\":\"https:\/\/schema.org\",\"@graph\":[{\"@type\":\"WebPage\",\"@id\":\"https:\/\/lottespapery.com\/en\/products\/small-personalized-photo-album-rustic-adas-covers-with-laseret-design\/\",\"url\":\"https:\/\/lottespapery.com\/en\/products\/small-personalized-photo-album-rustic-adas-covers-with-laseret-design\/\",\"name\":\"Personalized photo album in RUSTIC leather covers with patched design - Lotte&#039;s Papery\",\"isPartOf\":{\"@id\":\"https:\/\/lottespapery.com\/en\/#website\"},\"datePublished\":\"2022-11-15T04:34:58+00:00\",\"dateModified\":\"2025-02-14T12:00:14+00:00\",\"description\":\"Housed in an elegant minimalist style, hand-bound in leather covers, laser-engraved with words chosen by you, thick, high-quality paper and airy interleaves - the right album to store precious memories. Closure with a leather strap of the same color. Pieejamie izm\u0113ri: - 15 x 21 cm - 24 x 35 cm - 30 x 30 cm Iek\u0161lapu kr\u0101su varianti: - cream-colored - black Iek\u0161lapu skaits : - all sizes have 30 sheets (60 pages). Lai piestiprin\u0101tu fotogr\u0101fijas, izmanto foto st\u016br\u012b\u0161us vai abpus\u0113j\u0101s foto uzl\u012bmes. L\u016aDZU, \u0145EM V\u0112R\u0100: - Izgatavo\u0161anas laiks l\u012bdz 1,5 ned\u0113\u013cai. - When placing an order, indicate the initials or names you want to see on the album cover in the comment section. The top layer of skin will be burned away leaving black design lines. We mainly use \\\"Crazy horse\\\" leather for our products, treated with natural waxes. Leather is a natural material that has lived its own life, so it may have small scratches or imperfections. We try to never put such \\\"imperfections\\\" in the central areas, but please note that there may also be a slight scratch or mark in the leather on the back or less visible parts of the product. Leather is a wonderful material, and our philosophy is to respect and use it, throwing out as little as possible, thus showing a little respect and gratitude to nature and the world. Crazy horse material has been known for centuries, it is made from thick cow leather (full grain), which is one of the highest quality leathers in the world. It is coated with a layer of natural wax, then polished to a rich finish. Daily use of a product made of such leather only makes it more beautiful - scratches and friction against other objects change the color of the leather, creating rich, multi-graded tones, complementing the product with a natural \\\"vintage\\\" roughness and harshness. The more the product is used, the more unique its pattern will become. If you want the product to last a long time, as well as if you want to update its \\\"vintage\\\" look, all you have to do is wet it thoroughly and rub it with a clean cloth (especially the places where scratches are more visible), wipe off the excess water and finally polish it again using a linear movements and woolen gloves, socks or any other woolen product. Polish until the skin is smooth and slightly shiny. Be prepared that the skin may have small scratches, pigments, slight color changes, and the tone of the skin may differ slightly from what you see on your screen - it depends on individual monitor settings.\",\"breadcrumb\":{\"@id\":\"https:\/\/lottespapery.com\/en\/products\/small-personalized-photo-album-rustic-adas-covers-with-laseret-design\/#breadcrumb\"},\"inLanguage\":\"en-US\",\"potentialAction\":[{\"@type\":\"ReadAction\",\"target\":[\"https:\/\/lottespapery.com\/en\/products\/small-personalized-photo-album-rustic-adas-covers-with-laseret-design\/\"]}]},{\"@type\":\"BreadcrumbList\",\"@id\":\"https:\/\/lottespapery.com\/en\/products\/small-personalized-photo-album-rustic-adas-covers-with-laseret-design\/#breadcrumb\",\"itemListElement\":[{\"@type\":\"ListItem\",\"position\":1,\"name\":\"Home\",\"item\":\"https:\/\/lottespapery.com\/en\/\"},{\"@type\":\"ListItem\",\"position\":2,\"name\":\"Shop\",\"item\":\"https:\/\/lottespapery.com\/en\/shop\/\"},{\"@type\":\"ListItem\",\"position\":3,\"name\":\"Personalized photo album in RUSTIC leather covers with patched design\"}]},{\"@type\":\"WebSite\",\"@id\":\"https:\/\/lottespapery.com\/en\/#website\",\"url\":\"https:\/\/lottespapery.com\/en\/\",\"name\":\"Lotte&#039;s Papery\",\"description\":\"Pap\u012brlietas un \u0101das izstr\u0101d\u0101jumi\",\"publisher\":{\"@id\":\"https:\/\/lottespapery.com\/en\/#organization\"},\"potentialAction\":[{\"@type\":\"SearchAction\",\"target\":{\"@type\":\"EntryPoint\",\"urlTemplate\":\"https:\/\/lottespapery.com\/en\/?s={search_term_string}\"},\"query-input\":\"required name=search_term_string\"}],\"inLanguage\":\"en-US\"},{\"@type\":\"Organization\",\"@id\":\"https:\/\/lottespapery.com\/en\/#organization\",\"name\":\"Lotte&#039;s Papery\",\"url\":\"https:\/\/lottespapery.com\/en\/\",\"logo\":{\"@type\":\"ImageObject\",\"inLanguage\":\"en-US\",\"@id\":\"https:\/\/lottespapery.com\/en\/#\/schema\/logo\/image\/\",\"url\":\"http:\/\/lottespapery.com\/wp-content\/uploads\/2022\/11\/logo-dark_180x@2x.png\",\"contentUrl\":\"http:\/\/lottespapery.com\/wp-content\/uploads\/2022\/11\/logo-dark_180x@2x.png\",\"width\":360,\"height\":100,\"caption\":\"Lotte&#039;s Papery\"},\"image\":{\"@id\":\"https:\/\/lottespapery.com\/en\/#\/schema\/logo\/image\/\"},\"sameAs\":[\"https:\/\/www.instagram.com\/lottes_papery\/\",\"https:\/\/www.facebook.com\/LottesPapery\/\"]}]}<\/script>\n<!-- \/ Yoast SEO plugin. -->","yoast_head_json":{"title":"Personalized photo album in RUSTIC leather covers with patched design - Lotte&#039;s Papery","description":"Housed in an elegant minimalist style, hand-bound in leather covers, laser-engraved with words chosen by you, thick, high-quality paper and airy interleaves - the right album to store precious memories. Closure with a leather strap of the same color. Pieejamie izm\u0113ri: - 15 x 21 cm - 24 x 35 cm - 30 x 30 cm Iek\u0161lapu kr\u0101su varianti: - cream-colored - black Iek\u0161lapu skaits : - all sizes have 30 sheets (60 pages). Lai piestiprin\u0101tu fotogr\u0101fijas, izmanto foto st\u016br\u012b\u0161us vai abpus\u0113j\u0101s foto uzl\u012bmes. L\u016aDZU, \u0145EM V\u0112R\u0100: - Izgatavo\u0161anas laiks l\u012bdz 1,5 ned\u0113\u013cai. - When placing an order, indicate the initials or names you want to see on the album cover in the comment section. The top layer of skin will be burned away leaving black design lines. We mainly use \"Crazy horse\" leather for our products, treated with natural waxes. Leather is a natural material that has lived its own life, so it may have small scratches or imperfections. We try to never put such \"imperfections\" in the central areas, but please note that there may also be a slight scratch or mark in the leather on the back or less visible parts of the product. Leather is a wonderful material, and our philosophy is to respect and use it, throwing out as little as possible, thus showing a little respect and gratitude to nature and the world. Crazy horse material has been known for centuries, it is made from thick cow leather (full grain), which is one of the highest quality leathers in the world. It is coated with a layer of natural wax, then polished to a rich finish. Daily use of a product made of such leather only makes it more beautiful - scratches and friction against other objects change the color of the leather, creating rich, multi-graded tones, complementing the product with a natural \"vintage\" roughness and harshness. The more the product is used, the more unique its pattern will become. If you want the product to last a long time, as well as if you want to update its \"vintage\" look, all you have to do is wet it thoroughly and rub it with a clean cloth (especially the places where scratches are more visible), wipe off the excess water and finally polish it again using a linear movements and woolen gloves, socks or any other woolen product. Polish until the skin is smooth and slightly shiny. Be prepared that the skin may have small scratches, pigments, slight color changes, and the tone of the skin may differ slightly from what you see on your screen - it depends on individual monitor settings.","robots":{"index":"index","follow":"follow","max-snippet":"max-snippet:-1","max-image-preview":"max-image-preview:large","max-video-preview":"max-video-preview:-1"},"canonical":"https:\/\/lottespapery.com\/en\/products\/small-personalized-photo-album-rustic-adas-covers-with-laseret-design\/","og_locale":"en_US","og_type":"article","og_title":"Personalized photo album in RUSTIC leather covers with patched design - Lotte&#039;s Papery","og_description":"Housed in an elegant minimalist style, hand-bound in leather covers, laser-engraved with words chosen by you, thick, high-quality paper and airy interleaves - the right album to store precious memories. Closure with a leather strap of the same color. Pieejamie izm\u0113ri: - 15 x 21 cm - 24 x 35 cm - 30 x 30 cm Iek\u0161lapu kr\u0101su varianti: - cream-colored - black Iek\u0161lapu skaits : - all sizes have 30 sheets (60 pages). Lai piestiprin\u0101tu fotogr\u0101fijas, izmanto foto st\u016br\u012b\u0161us vai abpus\u0113j\u0101s foto uzl\u012bmes. L\u016aDZU, \u0145EM V\u0112R\u0100: - Izgatavo\u0161anas laiks l\u012bdz 1,5 ned\u0113\u013cai. - When placing an order, indicate the initials or names you want to see on the album cover in the comment section. The top layer of skin will be burned away leaving black design lines. We mainly use \"Crazy horse\" leather for our products, treated with natural waxes. Leather is a natural material that has lived its own life, so it may have small scratches or imperfections. We try to never put such \"imperfections\" in the central areas, but please note that there may also be a slight scratch or mark in the leather on the back or less visible parts of the product. Leather is a wonderful material, and our philosophy is to respect and use it, throwing out as little as possible, thus showing a little respect and gratitude to nature and the world. Crazy horse material has been known for centuries, it is made from thick cow leather (full grain), which is one of the highest quality leathers in the world. It is coated with a layer of natural wax, then polished to a rich finish. Daily use of a product made of such leather only makes it more beautiful - scratches and friction against other objects change the color of the leather, creating rich, multi-graded tones, complementing the product with a natural \"vintage\" roughness and harshness. The more the product is used, the more unique its pattern will become. If you want the product to last a long time, as well as if you want to update its \"vintage\" look, all you have to do is wet it thoroughly and rub it with a clean cloth (especially the places where scratches are more visible), wipe off the excess water and finally polish it again using a linear movements and woolen gloves, socks or any other woolen product. Polish until the skin is smooth and slightly shiny. Be prepared that the skin may have small scratches, pigments, slight color changes, and the tone of the skin may differ slightly from what you see on your screen - it depends on individual monitor settings.","og_url":"https:\/\/lottespapery.com\/en\/products\/small-personalized-photo-album-rustic-adas-covers-with-laseret-design\/","og_site_name":"Lotte&#039;s Papery","article_publisher":"https:\/\/www.facebook.com\/LottesPapery\/","article_modified_time":"2025-02-14T12:00:14+00:00","og_image":[{"width":2560,"height":1707,"url":"http:\/\/lottespapery.com\/wp-content\/uploads\/2022\/11\/LOT_5339-1-scaled-1-e1676985810996.jpg","type":"image\/jpeg"}],"twitter_card":"summary_large_image","schema":{"@context":"https:\/\/schema.org","@graph":[{"@type":"WebPage","@id":"https:\/\/lottespapery.com\/en\/products\/small-personalized-photo-album-rustic-adas-covers-with-laseret-design\/","url":"https:\/\/lottespapery.com\/en\/products\/small-personalized-photo-album-rustic-adas-covers-with-laseret-design\/","name":"Personalized photo album in RUSTIC leather covers with patched design - Lotte&#039;s Papery","isPartOf":{"@id":"https:\/\/lottespapery.com\/en\/#website"},"datePublished":"2022-11-15T04:34:58+00:00","dateModified":"2025-02-14T12:00:14+00:00","description":"Housed in an elegant minimalist style, hand-bound in leather covers, laser-engraved with words chosen by you, thick, high-quality paper and airy interleaves - the right album to store precious memories. Closure with a leather strap of the same color. Pieejamie izm\u0113ri: - 15 x 21 cm - 24 x 35 cm - 30 x 30 cm Iek\u0161lapu kr\u0101su varianti: - cream-colored - black Iek\u0161lapu skaits : - all sizes have 30 sheets (60 pages). Lai piestiprin\u0101tu fotogr\u0101fijas, izmanto foto st\u016br\u012b\u0161us vai abpus\u0113j\u0101s foto uzl\u012bmes. L\u016aDZU, \u0145EM V\u0112R\u0100: - Izgatavo\u0161anas laiks l\u012bdz 1,5 ned\u0113\u013cai. - When placing an order, indicate the initials or names you want to see on the album cover in the comment section. The top layer of skin will be burned away leaving black design lines. We mainly use \"Crazy horse\" leather for our products, treated with natural waxes. Leather is a natural material that has lived its own life, so it may have small scratches or imperfections. We try to never put such \"imperfections\" in the central areas, but please note that there may also be a slight scratch or mark in the leather on the back or less visible parts of the product. Leather is a wonderful material, and our philosophy is to respect and use it, throwing out as little as possible, thus showing a little respect and gratitude to nature and the world. Crazy horse material has been known for centuries, it is made from thick cow leather (full grain), which is one of the highest quality leathers in the world. It is coated with a layer of natural wax, then polished to a rich finish. Daily use of a product made of such leather only makes it more beautiful - scratches and friction against other objects change the color of the leather, creating rich, multi-graded tones, complementing the product with a natural \"vintage\" roughness and harshness. The more the product is used, the more unique its pattern will become. If you want the product to last a long time, as well as if you want to update its \"vintage\" look, all you have to do is wet it thoroughly and rub it with a clean cloth (especially the places where scratches are more visible), wipe off the excess water and finally polish it again using a linear movements and woolen gloves, socks or any other woolen product. Polish until the skin is smooth and slightly shiny. Be prepared that the skin may have small scratches, pigments, slight color changes, and the tone of the skin may differ slightly from what you see on your screen - it depends on individual monitor settings.","breadcrumb":{"@id":"https:\/\/lottespapery.com\/en\/products\/small-personalized-photo-album-rustic-adas-covers-with-laseret-design\/#breadcrumb"},"inLanguage":"en-US","potentialAction":[{"@type":"ReadAction","target":["https:\/\/lottespapery.com\/en\/products\/small-personalized-photo-album-rustic-adas-covers-with-laseret-design\/"]}]},{"@type":"BreadcrumbList","@id":"https:\/\/lottespapery.com\/en\/products\/small-personalized-photo-album-rustic-adas-covers-with-laseret-design\/#breadcrumb","itemListElement":[{"@type":"ListItem","position":1,"name":"Home","item":"https:\/\/lottespapery.com\/en\/"},{"@type":"ListItem","position":2,"name":"Shop","item":"https:\/\/lottespapery.com\/en\/shop\/"},{"@type":"ListItem","position":3,"name":"Personalized photo album in RUSTIC leather covers with patched design"}]},{"@type":"WebSite","@id":"https:\/\/lottespapery.com\/en\/#website","url":"https:\/\/lottespapery.com\/en\/","name":"Lotte&#039;s Papery","description":"Pap\u012brlietas un \u0101das izstr\u0101d\u0101jumi","publisher":{"@id":"https:\/\/lottespapery.com\/en\/#organization"},"potentialAction":[{"@type":"SearchAction","target":{"@type":"EntryPoint","urlTemplate":"https:\/\/lottespapery.com\/en\/?s={search_term_string}"},"query-input":"required name=search_term_string"}],"inLanguage":"en-US"},{"@type":"Organization","@id":"https:\/\/lottespapery.com\/en\/#organization","name":"Lotte&#039;s Papery","url":"https:\/\/lottespapery.com\/en\/","logo":{"@type":"ImageObject","inLanguage":"en-US","@id":"https:\/\/lottespapery.com\/en\/#\/schema\/logo\/image\/","url":"http:\/\/lottespapery.com\/wp-content\/uploads\/2022\/11\/logo-dark_180x@2x.png","contentUrl":"http:\/\/lottespapery.com\/wp-content\/uploads\/2022\/11\/logo-dark_180x@2x.png","width":360,"height":100,"caption":"Lotte&#039;s Papery"},"image":{"@id":"https:\/\/lottespapery.com\/en\/#\/schema\/logo\/image\/"},"sameAs":["https:\/\/www.instagram.com\/lottes_papery\/","https:\/\/www.facebook.com\/LottesPapery\/"]}]}},"_links":{"self":[{"href":"https:\/\/lottespapery.com\/en\/wp-json\/wp\/v2\/product\/20916","targetHints":{"allow":["GET"]}}],"collection":[{"href":"https:\/\/lottespapery.com\/en\/wp-json\/wp\/v2\/product"}],"about":[{"href":"https:\/\/lottespapery.com\/en\/wp-json\/wp\/v2\/types\/product"}],"wp:featuredmedia":[{"embeddable":true,"href":"https:\/\/lottespapery.com\/en\/wp-json\/wp\/v2\/media\/17513"}],"wp:attachment":[{"href":"https:\/\/lottespapery.com\/en\/wp-json\/wp\/v2\/media?parent=20916"}],"wp:term":[{"taxonomy":"product_brand","embeddable":true,"href":"https:\/\/lottespapery.com\/en\/wp-json\/wp\/v2\/product_brand?post=20916"},{"taxonomy":"product_cat","embeddable":true,"href":"https:\/\/lottespapery.com\/en\/wp-json\/wp\/v2\/product_cat?post=20916"},{"taxonomy":"product_tag","embeddable":true,"href":"https:\/\/lottespapery.com\/en\/wp-json\/wp\/v2\/product_tag?post=20916"}],"curies":[{"name":"wp","href":"https:\/\/api.w.org\/{rel}","templated":true}]}}