{"id":21093,"date":"2023-03-24T09:19:17","date_gmt":"2023-03-24T07:19:17","guid":{"rendered":"http:\/\/lottespapery.com\/products\/photo-album-in-hard-covers-with-velvet\/"},"modified":"2025-02-14T14:00:15","modified_gmt":"2025-02-14T12:00:15","slug":"photo-album-in-hard-covers-with-velvet","status":"publish","type":"product","link":"https:\/\/lottespapery.com\/en\/products\/photo-album-in-hard-covers-with-velvet\/","title":{"rendered":"Photo album in hard covers with velvet"},"content":{"rendered":"","protected":false},"excerpt":{"rendered":"","protected":false},"featured_media":18922,"template":"","meta":[],"product_brand":[],"product_cat":[1749,770],"product_tag":[],"class_list":{"0":"post-21093","1":"product","2":"type-product","3":"status-publish","4":"has-post-thumbnail","6":"product_cat-photo-albums","7":"product_cat-foto-albumi-en","9":"first","10":"instock","11":"taxable","12":"shipping-taxable","13":"purchasable","14":"product-type-variable","15":"has-default-attributes"},"raw_content":{"name":"Photo album in hard covers with velvet","description":"","short_description":"","status":"publish","sku":"0C42-DCE5EC","original":18911},"wpml":{"translation_type":1,"has_translations":true,"original":18911,"duplicates":[],"translations":{"lv":18911,"en":21093}},"yoast_head":"<!-- This site is optimized with the Yoast SEO plugin v19.10 - https:\/\/yoast.com\/wordpress\/plugins\/seo\/ -->\n<title>Photo album in hard covers with velvet - Lotte&#039;s Papery<\/title>\n<meta name=\"description\" content=\"Keep special and heart-warming memories in this elegant hardcover photo album. The covers of the album are wrapped in velvet fabric, which gives it a soft and especially sweet feel. Handmade in Latvia with great care and love, so that your most beautiful moments have a special home.  Album size:  - 15 x 21 cm Iek\u0161lapu kr\u0101su varianti: - cream colors - melnas Iek\u0161lapu skaits : - 30 lapas (60 lapaspuses). Lai piestiprin\u0101tu fotogr\u0101fijas, izmanto foto st\u016br\u012b\u0161us vai abpus\u0113j\u0101s foto uzl\u012bmes. Up to 60 pictures 10x15cm can be placed in the photo album. L\u016aDZU, \u0145EM V\u0112R\u0100: - Izgatavo\u0161anas laiks l\u012bdz 1,5 ned\u0113\u013cai. - Velvet is a delicate material, so when you receive your order, we recommend that you handle it carefully and carefully. Ja uz t\u0101 par\u0101d\u0101s putek\u013ci, tos viegli varat not\u012br\u012bt ar putek\u013cu rull\u012bti.\" \/>\n<meta name=\"robots\" content=\"index, follow, max-snippet:-1, max-image-preview:large, max-video-preview:-1\" \/>\n<link rel=\"canonical\" href=\"https:\/\/lottespapery.com\/en\/products\/photo-album-in-hard-covers-with-velvet\/\" \/>\n<meta property=\"og:locale\" content=\"en_US\" \/>\n<meta property=\"og:type\" content=\"article\" \/>\n<meta property=\"og:title\" content=\"Photo album in hard covers with velvet - Lotte&#039;s Papery\" \/>\n<meta property=\"og:description\" content=\"Keep special and heart-warming memories in this elegant hardcover photo album. The covers of the album are wrapped in velvet fabric, which gives it a soft and especially sweet feel. Handmade in Latvia with great care and love, so that your most beautiful moments have a special home.  Album size:  - 15 x 21 cm Iek\u0161lapu kr\u0101su varianti: - cream colors - melnas Iek\u0161lapu skaits : - 30 lapas (60 lapaspuses). Lai piestiprin\u0101tu fotogr\u0101fijas, izmanto foto st\u016br\u012b\u0161us vai abpus\u0113j\u0101s foto uzl\u012bmes. Up to 60 pictures 10x15cm can be placed in the photo album. L\u016aDZU, \u0145EM V\u0112R\u0100: - Izgatavo\u0161anas laiks l\u012bdz 1,5 ned\u0113\u013cai. - Velvet is a delicate material, so when you receive your order, we recommend that you handle it carefully and carefully. Ja uz t\u0101 par\u0101d\u0101s putek\u013ci, tos viegli varat not\u012br\u012bt ar putek\u013cu rull\u012bti.\" \/>\n<meta property=\"og:url\" content=\"https:\/\/lottespapery.com\/en\/products\/photo-album-in-hard-covers-with-velvet\/\" \/>\n<meta property=\"og:site_name\" content=\"Lotte&#039;s Papery\" \/>\n<meta property=\"article:publisher\" content=\"https:\/\/www.facebook.com\/LottesPapery\/\" \/>\n<meta property=\"article:modified_time\" content=\"2025-02-14T12:00:15+00:00\" \/>\n<meta property=\"og:image\" content=\"http:\/\/lottespapery.com\/wp-content\/uploads\/2023\/03\/LOT_8419-scaled-e1679642872448.jpg\" \/>\n\t<meta property=\"og:image:width\" content=\"2029\" \/>\n\t<meta property=\"og:image:height\" content=\"2560\" \/>\n\t<meta property=\"og:image:type\" content=\"image\/jpeg\" \/>\n<meta name=\"twitter:card\" content=\"summary_large_image\" \/>\n<script type=\"application\/ld+json\" class=\"yoast-schema-graph\">{\"@context\":\"https:\/\/schema.org\",\"@graph\":[{\"@type\":\"WebPage\",\"@id\":\"https:\/\/lottespapery.com\/en\/products\/photo-album-in-hard-covers-with-velvet\/\",\"url\":\"https:\/\/lottespapery.com\/en\/products\/photo-album-in-hard-covers-with-velvet\/\",\"name\":\"Photo album in hard covers with velvet - Lotte&#039;s Papery\",\"isPartOf\":{\"@id\":\"https:\/\/lottespapery.com\/en\/#website\"},\"datePublished\":\"2023-03-24T07:19:17+00:00\",\"dateModified\":\"2025-02-14T12:00:15+00:00\",\"description\":\"Keep special and heart-warming memories in this elegant hardcover photo album. The covers of the album are wrapped in velvet fabric, which gives it a soft and especially sweet feel. Handmade in Latvia with great care and love, so that your most beautiful moments have a special home. Album size: - 15 x 21 cm Iek\u0161lapu kr\u0101su varianti: - cream colors - melnas Iek\u0161lapu skaits : - 30 lapas (60 lapaspuses). Lai piestiprin\u0101tu fotogr\u0101fijas, izmanto foto st\u016br\u012b\u0161us vai abpus\u0113j\u0101s foto uzl\u012bmes. Up to 60 pictures 10x15cm can be placed in the photo album. L\u016aDZU, \u0145EM V\u0112R\u0100: - Izgatavo\u0161anas laiks l\u012bdz 1,5 ned\u0113\u013cai. - Velvet is a delicate material, so when you receive your order, we recommend that you handle it carefully and carefully. Ja uz t\u0101 par\u0101d\u0101s putek\u013ci, tos viegli varat not\u012br\u012bt ar putek\u013cu rull\u012bti.\",\"breadcrumb\":{\"@id\":\"https:\/\/lottespapery.com\/en\/products\/photo-album-in-hard-covers-with-velvet\/#breadcrumb\"},\"inLanguage\":\"en-US\",\"potentialAction\":[{\"@type\":\"ReadAction\",\"target\":[\"https:\/\/lottespapery.com\/en\/products\/photo-album-in-hard-covers-with-velvet\/\"]}]},{\"@type\":\"BreadcrumbList\",\"@id\":\"https:\/\/lottespapery.com\/en\/products\/photo-album-in-hard-covers-with-velvet\/#breadcrumb\",\"itemListElement\":[{\"@type\":\"ListItem\",\"position\":1,\"name\":\"Home\",\"item\":\"https:\/\/lottespapery.com\/en\/\"},{\"@type\":\"ListItem\",\"position\":2,\"name\":\"Shop\",\"item\":\"https:\/\/lottespapery.com\/en\/shop\/\"},{\"@type\":\"ListItem\",\"position\":3,\"name\":\"Photo album in hard covers with velvet\"}]},{\"@type\":\"WebSite\",\"@id\":\"https:\/\/lottespapery.com\/en\/#website\",\"url\":\"https:\/\/lottespapery.com\/en\/\",\"name\":\"Lotte&#039;s Papery\",\"description\":\"Pap\u012brlietas un \u0101das izstr\u0101d\u0101jumi\",\"publisher\":{\"@id\":\"https:\/\/lottespapery.com\/en\/#organization\"},\"potentialAction\":[{\"@type\":\"SearchAction\",\"target\":{\"@type\":\"EntryPoint\",\"urlTemplate\":\"https:\/\/lottespapery.com\/en\/?s={search_term_string}\"},\"query-input\":\"required name=search_term_string\"}],\"inLanguage\":\"en-US\"},{\"@type\":\"Organization\",\"@id\":\"https:\/\/lottespapery.com\/en\/#organization\",\"name\":\"Lotte&#039;s Papery\",\"url\":\"https:\/\/lottespapery.com\/en\/\",\"logo\":{\"@type\":\"ImageObject\",\"inLanguage\":\"en-US\",\"@id\":\"https:\/\/lottespapery.com\/en\/#\/schema\/logo\/image\/\",\"url\":\"http:\/\/lottespapery.com\/wp-content\/uploads\/2022\/11\/logo-dark_180x@2x.png\",\"contentUrl\":\"http:\/\/lottespapery.com\/wp-content\/uploads\/2022\/11\/logo-dark_180x@2x.png\",\"width\":360,\"height\":100,\"caption\":\"Lotte&#039;s Papery\"},\"image\":{\"@id\":\"https:\/\/lottespapery.com\/en\/#\/schema\/logo\/image\/\"},\"sameAs\":[\"https:\/\/www.instagram.com\/lottes_papery\/\",\"https:\/\/www.facebook.com\/LottesPapery\/\"]}]}<\/script>\n<!-- \/ Yoast SEO plugin. -->","yoast_head_json":{"title":"Photo album in hard covers with velvet - Lotte&#039;s Papery","description":"Keep special and heart-warming memories in this elegant hardcover photo album. The covers of the album are wrapped in velvet fabric, which gives it a soft and especially sweet feel. Handmade in Latvia with great care and love, so that your most beautiful moments have a special home.  Album size:  - 15 x 21 cm Iek\u0161lapu kr\u0101su varianti: - cream colors - melnas Iek\u0161lapu skaits : - 30 lapas (60 lapaspuses). Lai piestiprin\u0101tu fotogr\u0101fijas, izmanto foto st\u016br\u012b\u0161us vai abpus\u0113j\u0101s foto uzl\u012bmes. Up to 60 pictures 10x15cm can be placed in the photo album. L\u016aDZU, \u0145EM V\u0112R\u0100: - Izgatavo\u0161anas laiks l\u012bdz 1,5 ned\u0113\u013cai. - Velvet is a delicate material, so when you receive your order, we recommend that you handle it carefully and carefully. Ja uz t\u0101 par\u0101d\u0101s putek\u013ci, tos viegli varat not\u012br\u012bt ar putek\u013cu rull\u012bti.","robots":{"index":"index","follow":"follow","max-snippet":"max-snippet:-1","max-image-preview":"max-image-preview:large","max-video-preview":"max-video-preview:-1"},"canonical":"https:\/\/lottespapery.com\/en\/products\/photo-album-in-hard-covers-with-velvet\/","og_locale":"en_US","og_type":"article","og_title":"Photo album in hard covers with velvet - Lotte&#039;s Papery","og_description":"Keep special and heart-warming memories in this elegant hardcover photo album. The covers of the album are wrapped in velvet fabric, which gives it a soft and especially sweet feel. Handmade in Latvia with great care and love, so that your most beautiful moments have a special home.  Album size:  - 15 x 21 cm Iek\u0161lapu kr\u0101su varianti: - cream colors - melnas Iek\u0161lapu skaits : - 30 lapas (60 lapaspuses). Lai piestiprin\u0101tu fotogr\u0101fijas, izmanto foto st\u016br\u012b\u0161us vai abpus\u0113j\u0101s foto uzl\u012bmes. Up to 60 pictures 10x15cm can be placed in the photo album. L\u016aDZU, \u0145EM V\u0112R\u0100: - Izgatavo\u0161anas laiks l\u012bdz 1,5 ned\u0113\u013cai. - Velvet is a delicate material, so when you receive your order, we recommend that you handle it carefully and carefully. Ja uz t\u0101 par\u0101d\u0101s putek\u013ci, tos viegli varat not\u012br\u012bt ar putek\u013cu rull\u012bti.","og_url":"https:\/\/lottespapery.com\/en\/products\/photo-album-in-hard-covers-with-velvet\/","og_site_name":"Lotte&#039;s Papery","article_publisher":"https:\/\/www.facebook.com\/LottesPapery\/","article_modified_time":"2025-02-14T12:00:15+00:00","og_image":[{"width":2029,"height":2560,"url":"http:\/\/lottespapery.com\/wp-content\/uploads\/2023\/03\/LOT_8419-scaled-e1679642872448.jpg","type":"image\/jpeg"}],"twitter_card":"summary_large_image","schema":{"@context":"https:\/\/schema.org","@graph":[{"@type":"WebPage","@id":"https:\/\/lottespapery.com\/en\/products\/photo-album-in-hard-covers-with-velvet\/","url":"https:\/\/lottespapery.com\/en\/products\/photo-album-in-hard-covers-with-velvet\/","name":"Photo album in hard covers with velvet - Lotte&#039;s Papery","isPartOf":{"@id":"https:\/\/lottespapery.com\/en\/#website"},"datePublished":"2023-03-24T07:19:17+00:00","dateModified":"2025-02-14T12:00:15+00:00","description":"Keep special and heart-warming memories in this elegant hardcover photo album. The covers of the album are wrapped in velvet fabric, which gives it a soft and especially sweet feel. Handmade in Latvia with great care and love, so that your most beautiful moments have a special home. Album size: - 15 x 21 cm Iek\u0161lapu kr\u0101su varianti: - cream colors - melnas Iek\u0161lapu skaits : - 30 lapas (60 lapaspuses). Lai piestiprin\u0101tu fotogr\u0101fijas, izmanto foto st\u016br\u012b\u0161us vai abpus\u0113j\u0101s foto uzl\u012bmes. Up to 60 pictures 10x15cm can be placed in the photo album. L\u016aDZU, \u0145EM V\u0112R\u0100: - Izgatavo\u0161anas laiks l\u012bdz 1,5 ned\u0113\u013cai. - Velvet is a delicate material, so when you receive your order, we recommend that you handle it carefully and carefully. Ja uz t\u0101 par\u0101d\u0101s putek\u013ci, tos viegli varat not\u012br\u012bt ar putek\u013cu rull\u012bti.","breadcrumb":{"@id":"https:\/\/lottespapery.com\/en\/products\/photo-album-in-hard-covers-with-velvet\/#breadcrumb"},"inLanguage":"en-US","potentialAction":[{"@type":"ReadAction","target":["https:\/\/lottespapery.com\/en\/products\/photo-album-in-hard-covers-with-velvet\/"]}]},{"@type":"BreadcrumbList","@id":"https:\/\/lottespapery.com\/en\/products\/photo-album-in-hard-covers-with-velvet\/#breadcrumb","itemListElement":[{"@type":"ListItem","position":1,"name":"Home","item":"https:\/\/lottespapery.com\/en\/"},{"@type":"ListItem","position":2,"name":"Shop","item":"https:\/\/lottespapery.com\/en\/shop\/"},{"@type":"ListItem","position":3,"name":"Photo album in hard covers with velvet"}]},{"@type":"WebSite","@id":"https:\/\/lottespapery.com\/en\/#website","url":"https:\/\/lottespapery.com\/en\/","name":"Lotte&#039;s Papery","description":"Pap\u012brlietas un \u0101das izstr\u0101d\u0101jumi","publisher":{"@id":"https:\/\/lottespapery.com\/en\/#organization"},"potentialAction":[{"@type":"SearchAction","target":{"@type":"EntryPoint","urlTemplate":"https:\/\/lottespapery.com\/en\/?s={search_term_string}"},"query-input":"required name=search_term_string"}],"inLanguage":"en-US"},{"@type":"Organization","@id":"https:\/\/lottespapery.com\/en\/#organization","name":"Lotte&#039;s Papery","url":"https:\/\/lottespapery.com\/en\/","logo":{"@type":"ImageObject","inLanguage":"en-US","@id":"https:\/\/lottespapery.com\/en\/#\/schema\/logo\/image\/","url":"http:\/\/lottespapery.com\/wp-content\/uploads\/2022\/11\/logo-dark_180x@2x.png","contentUrl":"http:\/\/lottespapery.com\/wp-content\/uploads\/2022\/11\/logo-dark_180x@2x.png","width":360,"height":100,"caption":"Lotte&#039;s Papery"},"image":{"@id":"https:\/\/lottespapery.com\/en\/#\/schema\/logo\/image\/"},"sameAs":["https:\/\/www.instagram.com\/lottes_papery\/","https:\/\/www.facebook.com\/LottesPapery\/"]}]}},"_links":{"self":[{"href":"https:\/\/lottespapery.com\/en\/wp-json\/wp\/v2\/product\/21093","targetHints":{"allow":["GET"]}}],"collection":[{"href":"https:\/\/lottespapery.com\/en\/wp-json\/wp\/v2\/product"}],"about":[{"href":"https:\/\/lottespapery.com\/en\/wp-json\/wp\/v2\/types\/product"}],"wp:featuredmedia":[{"embeddable":true,"href":"https:\/\/lottespapery.com\/en\/wp-json\/wp\/v2\/media\/18922"}],"wp:attachment":[{"href":"https:\/\/lottespapery.com\/en\/wp-json\/wp\/v2\/media?parent=21093"}],"wp:term":[{"taxonomy":"product_brand","embeddable":true,"href":"https:\/\/lottespapery.com\/en\/wp-json\/wp\/v2\/product_brand?post=21093"},{"taxonomy":"product_cat","embeddable":true,"href":"https:\/\/lottespapery.com\/en\/wp-json\/wp\/v2\/product_cat?post=21093"},{"taxonomy":"product_tag","embeddable":true,"href":"https:\/\/lottespapery.com\/en\/wp-json\/wp\/v2\/product_tag?post=21093"}],"curies":[{"name":"wp","href":"https:\/\/api.w.org\/{rel}","templated":true}]}}