{"id":21101,"date":"2022-11-15T07:47:05","date_gmt":"2022-11-15T05:47:05","guid":{"rendered":"http:\/\/lottespapery.com\/products\/germinating-greeting-card-lets-root-for-each-other\/"},"modified":"2026-02-23T18:25:36","modified_gmt":"2026-02-23T16:25:36","slug":"germinating-greeting-card-lets-root-for-each-other","status":"publish","type":"product","link":"https:\/\/lottespapery.com\/en\/products\/germinating-greeting-card-lets-root-for-each-other\/","title":{"rendered":"Seed greeting card &#8220;Let&#8217;s root for each other&#8221;"},"content":{"rendered":"","protected":false},"excerpt":{"rendered":"","protected":false},"featured_media":40629,"template":"","meta":[],"product_brand":[],"product_cat":[2120,1751,2045,854,850,878],"product_tag":[],"class_list":{"0":"post-21101","1":"product","2":"type-product","3":"status-publish","4":"has-post-thumbnail","6":"product_cat-vday-greeting-cards","7":"product_cat-gifts-for-newlyweds","8":"product_cat-all-cards","9":"product_cat-wedding","10":"product_cat-seedcards","11":"product_cat-handmade-paper","13":"first","14":"instock","15":"taxable","16":"shipping-taxable","17":"purchasable","18":"product-type-simple"},"raw_content":{"name":"Seed greeting card \"Let's root for each other\"","description":"","short_description":"","status":"publish","sku":"LPCDS_106","original":8962},"wpml":{"translation_type":1,"has_translations":true,"original":8962,"duplicates":[],"translations":{"lv":8962,"en":21101}},"yoast_head":"<!-- This site is optimized with the Yoast SEO plugin v19.10 - https:\/\/yoast.com\/wordpress\/plugins\/seo\/ -->\n<title>Seed greeting card &quot;Let&#039;s root for each other&quot; - Lotte&#039;s Papery<\/title>\n<meta name=\"description\" content=\"Single-sided plantable card made from natural cotton and abaca paper, embedded with a mix of seeds and embossed with gold foil. The reverse side is left blank for writing a message.  The paper is natural white in colour with roughly torn edges for an organic finish, contains a small varied seed mix, including basil, lavender, parsley, delicate flowers, and other plants. Each card includes a transparent envelope and planting instructions.  Approximate card size: 10,5 x 7,5 cm  Please take note! ! The specified size is approximate, as each card is hand-torn and unique. ! Planting the card is symbolic and will not produce a large bouquet of flowers or a bowl of salad. The amount of seeds in each card cannot be regulated - that is part of the magic of handmade papermaking.\" \/>\n<meta name=\"robots\" content=\"index, follow, max-snippet:-1, max-image-preview:large, max-video-preview:-1\" \/>\n<link rel=\"canonical\" href=\"https:\/\/lottespapery.com\/en\/products\/germinating-greeting-card-lets-root-for-each-other\/\" \/>\n<meta property=\"og:locale\" content=\"en_US\" \/>\n<meta property=\"og:type\" content=\"article\" \/>\n<meta property=\"og:title\" content=\"Seed greeting card &quot;Let&#039;s root for each other&quot; - Lotte&#039;s Papery\" \/>\n<meta property=\"og:description\" content=\"Single-sided plantable card made from natural cotton and abaca paper, embedded with a mix of seeds and embossed with gold foil. The reverse side is left blank for writing a message.  The paper is natural white in colour with roughly torn edges for an organic finish, contains a small varied seed mix, including basil, lavender, parsley, delicate flowers, and other plants. Each card includes a transparent envelope and planting instructions.  Approximate card size: 10,5 x 7,5 cm  Please take note! ! The specified size is approximate, as each card is hand-torn and unique. ! Planting the card is symbolic and will not produce a large bouquet of flowers or a bowl of salad. The amount of seeds in each card cannot be regulated - that is part of the magic of handmade papermaking.\" \/>\n<meta property=\"og:url\" content=\"https:\/\/lottespapery.com\/en\/products\/germinating-greeting-card-lets-root-for-each-other\/\" \/>\n<meta property=\"og:site_name\" content=\"Lotte&#039;s Papery\" \/>\n<meta property=\"article:publisher\" content=\"https:\/\/www.facebook.com\/LottesPapery\/\" \/>\n<meta property=\"article:modified_time\" content=\"2026-02-23T16:25:36+00:00\" \/>\n<meta property=\"og:image\" content=\"http:\/\/lottespapery.com\/wp-content\/uploads\/2022\/11\/diedzejama-seklu-apsveikuma-kartite-07-scaled.jpg\" \/>\n\t<meta property=\"og:image:width\" content=\"2560\" \/>\n\t<meta property=\"og:image:height\" content=\"2560\" \/>\n\t<meta property=\"og:image:type\" content=\"image\/jpeg\" \/>\n<meta name=\"twitter:card\" content=\"summary_large_image\" \/>\n<script type=\"application\/ld+json\" class=\"yoast-schema-graph\">{\"@context\":\"https:\/\/schema.org\",\"@graph\":[{\"@type\":\"WebPage\",\"@id\":\"https:\/\/lottespapery.com\/en\/products\/germinating-greeting-card-lets-root-for-each-other\/\",\"url\":\"https:\/\/lottespapery.com\/en\/products\/germinating-greeting-card-lets-root-for-each-other\/\",\"name\":\"Seed greeting card \\\"Let's root for each other\\\" - Lotte&#039;s Papery\",\"isPartOf\":{\"@id\":\"https:\/\/lottespapery.com\/en\/#website\"},\"datePublished\":\"2022-11-15T05:47:05+00:00\",\"dateModified\":\"2026-02-23T16:25:36+00:00\",\"description\":\"Single-sided plantable card made from natural cotton and abaca paper, embedded with a mix of seeds and embossed with gold foil. The reverse side is left blank for writing a message. The paper is natural white in colour with roughly torn edges for an organic finish, contains a small varied seed mix, including basil, lavender, parsley, delicate flowers, and other plants. Each card includes a transparent envelope and planting instructions. Approximate card size: 10,5 x 7,5 cm Please take note! ! The specified size is approximate, as each card is hand-torn and unique. ! Planting the card is symbolic and will not produce a large bouquet of flowers or a bowl of salad. The amount of seeds in each card cannot be regulated - that is part of the magic of handmade papermaking.\",\"breadcrumb\":{\"@id\":\"https:\/\/lottespapery.com\/en\/products\/germinating-greeting-card-lets-root-for-each-other\/#breadcrumb\"},\"inLanguage\":\"en-US\",\"potentialAction\":[{\"@type\":\"ReadAction\",\"target\":[\"https:\/\/lottespapery.com\/en\/products\/germinating-greeting-card-lets-root-for-each-other\/\"]}]},{\"@type\":\"BreadcrumbList\",\"@id\":\"https:\/\/lottespapery.com\/en\/products\/germinating-greeting-card-lets-root-for-each-other\/#breadcrumb\",\"itemListElement\":[{\"@type\":\"ListItem\",\"position\":1,\"name\":\"Home\",\"item\":\"https:\/\/lottespapery.com\/en\/\"},{\"@type\":\"ListItem\",\"position\":2,\"name\":\"Shop\",\"item\":\"https:\/\/lottespapery.com\/en\/shop\/\"},{\"@type\":\"ListItem\",\"position\":3,\"name\":\"Seed greeting card &#8220;Let&#8217;s root for each other&#8221;\"}]},{\"@type\":\"WebSite\",\"@id\":\"https:\/\/lottespapery.com\/en\/#website\",\"url\":\"https:\/\/lottespapery.com\/en\/\",\"name\":\"Lotte&#039;s Papery\",\"description\":\"Pap\u012brlietas un \u0101das izstr\u0101d\u0101jumi\",\"publisher\":{\"@id\":\"https:\/\/lottespapery.com\/en\/#organization\"},\"potentialAction\":[{\"@type\":\"SearchAction\",\"target\":{\"@type\":\"EntryPoint\",\"urlTemplate\":\"https:\/\/lottespapery.com\/en\/?s={search_term_string}\"},\"query-input\":\"required name=search_term_string\"}],\"inLanguage\":\"en-US\"},{\"@type\":\"Organization\",\"@id\":\"https:\/\/lottespapery.com\/en\/#organization\",\"name\":\"Lotte&#039;s Papery\",\"url\":\"https:\/\/lottespapery.com\/en\/\",\"logo\":{\"@type\":\"ImageObject\",\"inLanguage\":\"en-US\",\"@id\":\"https:\/\/lottespapery.com\/en\/#\/schema\/logo\/image\/\",\"url\":\"http:\/\/lottespapery.com\/wp-content\/uploads\/2022\/11\/logo-dark_180x@2x.png\",\"contentUrl\":\"http:\/\/lottespapery.com\/wp-content\/uploads\/2022\/11\/logo-dark_180x@2x.png\",\"width\":360,\"height\":100,\"caption\":\"Lotte&#039;s Papery\"},\"image\":{\"@id\":\"https:\/\/lottespapery.com\/en\/#\/schema\/logo\/image\/\"},\"sameAs\":[\"https:\/\/www.instagram.com\/lottes_papery\/\",\"https:\/\/www.facebook.com\/LottesPapery\/\"]}]}<\/script>\n<!-- \/ Yoast SEO plugin. -->","yoast_head_json":{"title":"Seed greeting card \"Let's root for each other\" - Lotte&#039;s Papery","description":"Single-sided plantable card made from natural cotton and abaca paper, embedded with a mix of seeds and embossed with gold foil. The reverse side is left blank for writing a message.  The paper is natural white in colour with roughly torn edges for an organic finish, contains a small varied seed mix, including basil, lavender, parsley, delicate flowers, and other plants. Each card includes a transparent envelope and planting instructions.  Approximate card size: 10,5 x 7,5 cm  Please take note! ! The specified size is approximate, as each card is hand-torn and unique. ! Planting the card is symbolic and will not produce a large bouquet of flowers or a bowl of salad. The amount of seeds in each card cannot be regulated - that is part of the magic of handmade papermaking.","robots":{"index":"index","follow":"follow","max-snippet":"max-snippet:-1","max-image-preview":"max-image-preview:large","max-video-preview":"max-video-preview:-1"},"canonical":"https:\/\/lottespapery.com\/en\/products\/germinating-greeting-card-lets-root-for-each-other\/","og_locale":"en_US","og_type":"article","og_title":"Seed greeting card \"Let's root for each other\" - Lotte&#039;s Papery","og_description":"Single-sided plantable card made from natural cotton and abaca paper, embedded with a mix of seeds and embossed with gold foil. The reverse side is left blank for writing a message.  The paper is natural white in colour with roughly torn edges for an organic finish, contains a small varied seed mix, including basil, lavender, parsley, delicate flowers, and other plants. Each card includes a transparent envelope and planting instructions.  Approximate card size: 10,5 x 7,5 cm  Please take note! ! The specified size is approximate, as each card is hand-torn and unique. ! Planting the card is symbolic and will not produce a large bouquet of flowers or a bowl of salad. The amount of seeds in each card cannot be regulated - that is part of the magic of handmade papermaking.","og_url":"https:\/\/lottespapery.com\/en\/products\/germinating-greeting-card-lets-root-for-each-other\/","og_site_name":"Lotte&#039;s Papery","article_publisher":"https:\/\/www.facebook.com\/LottesPapery\/","article_modified_time":"2026-02-23T16:25:36+00:00","og_image":[{"width":2560,"height":2560,"url":"http:\/\/lottespapery.com\/wp-content\/uploads\/2022\/11\/diedzejama-seklu-apsveikuma-kartite-07-scaled.jpg","type":"image\/jpeg"}],"twitter_card":"summary_large_image","schema":{"@context":"https:\/\/schema.org","@graph":[{"@type":"WebPage","@id":"https:\/\/lottespapery.com\/en\/products\/germinating-greeting-card-lets-root-for-each-other\/","url":"https:\/\/lottespapery.com\/en\/products\/germinating-greeting-card-lets-root-for-each-other\/","name":"Seed greeting card \"Let's root for each other\" - Lotte&#039;s Papery","isPartOf":{"@id":"https:\/\/lottespapery.com\/en\/#website"},"datePublished":"2022-11-15T05:47:05+00:00","dateModified":"2026-02-23T16:25:36+00:00","description":"Single-sided plantable card made from natural cotton and abaca paper, embedded with a mix of seeds and embossed with gold foil. The reverse side is left blank for writing a message. The paper is natural white in colour with roughly torn edges for an organic finish, contains a small varied seed mix, including basil, lavender, parsley, delicate flowers, and other plants. Each card includes a transparent envelope and planting instructions. Approximate card size: 10,5 x 7,5 cm Please take note! ! The specified size is approximate, as each card is hand-torn and unique. ! Planting the card is symbolic and will not produce a large bouquet of flowers or a bowl of salad. The amount of seeds in each card cannot be regulated - that is part of the magic of handmade papermaking.","breadcrumb":{"@id":"https:\/\/lottespapery.com\/en\/products\/germinating-greeting-card-lets-root-for-each-other\/#breadcrumb"},"inLanguage":"en-US","potentialAction":[{"@type":"ReadAction","target":["https:\/\/lottespapery.com\/en\/products\/germinating-greeting-card-lets-root-for-each-other\/"]}]},{"@type":"BreadcrumbList","@id":"https:\/\/lottespapery.com\/en\/products\/germinating-greeting-card-lets-root-for-each-other\/#breadcrumb","itemListElement":[{"@type":"ListItem","position":1,"name":"Home","item":"https:\/\/lottespapery.com\/en\/"},{"@type":"ListItem","position":2,"name":"Shop","item":"https:\/\/lottespapery.com\/en\/shop\/"},{"@type":"ListItem","position":3,"name":"Seed greeting card &#8220;Let&#8217;s root for each other&#8221;"}]},{"@type":"WebSite","@id":"https:\/\/lottespapery.com\/en\/#website","url":"https:\/\/lottespapery.com\/en\/","name":"Lotte&#039;s Papery","description":"Pap\u012brlietas un \u0101das izstr\u0101d\u0101jumi","publisher":{"@id":"https:\/\/lottespapery.com\/en\/#organization"},"potentialAction":[{"@type":"SearchAction","target":{"@type":"EntryPoint","urlTemplate":"https:\/\/lottespapery.com\/en\/?s={search_term_string}"},"query-input":"required name=search_term_string"}],"inLanguage":"en-US"},{"@type":"Organization","@id":"https:\/\/lottespapery.com\/en\/#organization","name":"Lotte&#039;s Papery","url":"https:\/\/lottespapery.com\/en\/","logo":{"@type":"ImageObject","inLanguage":"en-US","@id":"https:\/\/lottespapery.com\/en\/#\/schema\/logo\/image\/","url":"http:\/\/lottespapery.com\/wp-content\/uploads\/2022\/11\/logo-dark_180x@2x.png","contentUrl":"http:\/\/lottespapery.com\/wp-content\/uploads\/2022\/11\/logo-dark_180x@2x.png","width":360,"height":100,"caption":"Lotte&#039;s Papery"},"image":{"@id":"https:\/\/lottespapery.com\/en\/#\/schema\/logo\/image\/"},"sameAs":["https:\/\/www.instagram.com\/lottes_papery\/","https:\/\/www.facebook.com\/LottesPapery\/"]}]}},"_links":{"self":[{"href":"https:\/\/lottespapery.com\/en\/wp-json\/wp\/v2\/product\/21101","targetHints":{"allow":["GET"]}}],"collection":[{"href":"https:\/\/lottespapery.com\/en\/wp-json\/wp\/v2\/product"}],"about":[{"href":"https:\/\/lottespapery.com\/en\/wp-json\/wp\/v2\/types\/product"}],"wp:featuredmedia":[{"embeddable":true,"href":"https:\/\/lottespapery.com\/en\/wp-json\/wp\/v2\/media\/40629"}],"wp:attachment":[{"href":"https:\/\/lottespapery.com\/en\/wp-json\/wp\/v2\/media?parent=21101"}],"wp:term":[{"taxonomy":"product_brand","embeddable":true,"href":"https:\/\/lottespapery.com\/en\/wp-json\/wp\/v2\/product_brand?post=21101"},{"taxonomy":"product_cat","embeddable":true,"href":"https:\/\/lottespapery.com\/en\/wp-json\/wp\/v2\/product_cat?post=21101"},{"taxonomy":"product_tag","embeddable":true,"href":"https:\/\/lottespapery.com\/en\/wp-json\/wp\/v2\/product_tag?post=21101"}],"curies":[{"name":"wp","href":"https:\/\/api.w.org\/{rel}","templated":true}]}}