{"id":21175,"date":"2022-11-15T07:55:26","date_gmt":"2022-11-15T05:55:26","guid":{"rendered":"http:\/\/lottespapery.com\/products\/clade-with-initials\/"},"modified":"2026-03-06T13:03:15","modified_gmt":"2026-03-06T11:03:15","slug":"smooth-leather-notebook","status":"publish","type":"product","link":"https:\/\/lottespapery.com\/en\/products\/smooth-leather-notebook\/","title":{"rendered":"Smooth leather notebook"},"content":{"rendered":"","protected":false},"excerpt":{"rendered":"","protected":false},"featured_media":9328,"template":"","meta":[],"product_brand":[],"product_cat":[883],"product_tag":[],"class_list":{"0":"post-21175","1":"product","2":"type-product","3":"status-publish","4":"has-post-thumbnail","6":"product_cat-notebooks-in-leather-covers","8":"first","9":"instock","10":"taxable","11":"shipping-taxable","12":"purchasable","13":"product-type-variable","14":"has-default-attributes"},"raw_content":{"name":"Smooth leather notebook","description":"","short_description":"","status":"publish","sku":"LPLTHR_010","original":9262},"wpml":{"translation_type":1,"has_translations":true,"original":9262,"duplicates":[],"translations":{"lv":9262,"en":21175}},"yoast_head":"<!-- This site is optimized with the Yoast SEO plugin v19.10 - https:\/\/yoast.com\/wordpress\/plugins\/seo\/ -->\n<title>Smooth leather notebook - Lotte&#039;s Papery<\/title>\n<meta name=\"description\" content=\"Smooth leather notebook with a leather strap. The inner notebook is built into the covers and is not replaceable.  Notebook size: - 16.5 \u00d7 12 cm  Number of pages: - 100 pages  Page type: - Blank pages  These leather covers can be personalized with two embossed initials or a word (up to 6 characters on one line). Personalization is available in gold, silver, or colorless.  PRODUCTION TIME:  - If the product in the selected color is available in stock at the time of placing the order, the order will be completed within 3 business days. - If the product in the selected color is not in stock, the production time is up to 1.5 weeks.  For information about availability of the finished product in specific colors, please contact us by calling +371 2208 7727 or e-mailing info@lottespapery.com  PLEASE NOTE:  - Other leather shades are also available. Please contact us to find out about the availability of other leather colors. - If you choose personalization, please indicate the exact word in the comment section when placing your order. - Please be aware that the leather tone may slightly differ from what you see on your screen, depending on individual monitor settings.  _  All of Lotte\u2019s leather products are handmade by a master craftsman right here in Latvia, in our small but warm-hearted workshop. We believe that leather is a special and beautiful material, and we are grateful for its past life, so we use it as sparingly as possible.\" \/>\n<meta name=\"robots\" content=\"index, follow, max-snippet:-1, max-image-preview:large, max-video-preview:-1\" \/>\n<link rel=\"canonical\" href=\"https:\/\/lottespapery.com\/en\/products\/smooth-leather-notebook\/\" \/>\n<meta property=\"og:locale\" content=\"en_US\" \/>\n<meta property=\"og:type\" content=\"article\" \/>\n<meta property=\"og:title\" content=\"Smooth leather notebook - Lotte&#039;s Papery\" \/>\n<meta property=\"og:description\" content=\"Smooth leather notebook with a leather strap. The inner notebook is built into the covers and is not replaceable.  Notebook size: - 16.5 \u00d7 12 cm  Number of pages: - 100 pages  Page type: - Blank pages  These leather covers can be personalized with two embossed initials or a word (up to 6 characters on one line). Personalization is available in gold, silver, or colorless.  PRODUCTION TIME:  - If the product in the selected color is available in stock at the time of placing the order, the order will be completed within 3 business days. - If the product in the selected color is not in stock, the production time is up to 1.5 weeks.  For information about availability of the finished product in specific colors, please contact us by calling +371 2208 7727 or e-mailing info@lottespapery.com  PLEASE NOTE:  - Other leather shades are also available. Please contact us to find out about the availability of other leather colors. - If you choose personalization, please indicate the exact word in the comment section when placing your order. - Please be aware that the leather tone may slightly differ from what you see on your screen, depending on individual monitor settings.  _  All of Lotte\u2019s leather products are handmade by a master craftsman right here in Latvia, in our small but warm-hearted workshop. We believe that leather is a special and beautiful material, and we are grateful for its past life, so we use it as sparingly as possible.\" \/>\n<meta property=\"og:url\" content=\"https:\/\/lottespapery.com\/en\/products\/smooth-leather-notebook\/\" \/>\n<meta property=\"og:site_name\" content=\"Lotte&#039;s Papery\" \/>\n<meta property=\"article:publisher\" content=\"https:\/\/www.facebook.com\/LottesPapery\/\" \/>\n<meta property=\"article:modified_time\" content=\"2026-03-06T11:03:15+00:00\" \/>\n<meta property=\"og:image\" content=\"http:\/\/lottespapery.com\/wp-content\/uploads\/2022\/11\/LOT_1446_1024x1024_c3965546-7dde-40ea-9900-b18f2bc8ddc2-1.jpg\" \/>\n\t<meta property=\"og:image:width\" content=\"683\" \/>\n\t<meta property=\"og:image:height\" content=\"683\" \/>\n\t<meta property=\"og:image:type\" content=\"image\/jpeg\" \/>\n<meta name=\"twitter:card\" content=\"summary_large_image\" \/>\n<script type=\"application\/ld+json\" class=\"yoast-schema-graph\">{\"@context\":\"https:\/\/schema.org\",\"@graph\":[{\"@type\":\"WebPage\",\"@id\":\"https:\/\/lottespapery.com\/en\/products\/smooth-leather-notebook\/\",\"url\":\"https:\/\/lottespapery.com\/en\/products\/smooth-leather-notebook\/\",\"name\":\"Smooth leather notebook - Lotte&#039;s Papery\",\"isPartOf\":{\"@id\":\"https:\/\/lottespapery.com\/en\/#website\"},\"datePublished\":\"2022-11-15T05:55:26+00:00\",\"dateModified\":\"2026-03-06T11:03:15+00:00\",\"description\":\"Smooth leather notebook with a leather strap. The inner notebook is built into the covers and is not replaceable. Notebook size: - 16.5 \u00d7 12 cm Number of pages: - 100 pages Page type: - Blank pages These leather covers can be personalized with two embossed initials or a word (up to 6 characters on one line). Personalization is available in gold, silver, or colorless. PRODUCTION TIME: - If the product in the selected color is available in stock at the time of placing the order, the order will be completed within 3 business days. - If the product in the selected color is not in stock, the production time is up to 1.5 weeks. For information about availability of the finished product in specific colors, please contact us by calling +371 2208 7727 or e-mailing info@lottespapery.com PLEASE NOTE: - Other leather shades are also available. Please contact us to find out about the availability of other leather colors. - If you choose personalization, please indicate the exact word in the comment section when placing your order. - Please be aware that the leather tone may slightly differ from what you see on your screen, depending on individual monitor settings. _ All of Lotte\u2019s leather products are handmade by a master craftsman right here in Latvia, in our small but warm-hearted workshop. We believe that leather is a special and beautiful material, and we are grateful for its past life, so we use it as sparingly as possible.\",\"breadcrumb\":{\"@id\":\"https:\/\/lottespapery.com\/en\/products\/smooth-leather-notebook\/#breadcrumb\"},\"inLanguage\":\"en-US\",\"potentialAction\":[{\"@type\":\"ReadAction\",\"target\":[\"https:\/\/lottespapery.com\/en\/products\/smooth-leather-notebook\/\"]}]},{\"@type\":\"BreadcrumbList\",\"@id\":\"https:\/\/lottespapery.com\/en\/products\/smooth-leather-notebook\/#breadcrumb\",\"itemListElement\":[{\"@type\":\"ListItem\",\"position\":1,\"name\":\"Home\",\"item\":\"https:\/\/lottespapery.com\/en\/\"},{\"@type\":\"ListItem\",\"position\":2,\"name\":\"Shop\",\"item\":\"https:\/\/lottespapery.com\/en\/shop\/\"},{\"@type\":\"ListItem\",\"position\":3,\"name\":\"Smooth leather notebook\"}]},{\"@type\":\"WebSite\",\"@id\":\"https:\/\/lottespapery.com\/en\/#website\",\"url\":\"https:\/\/lottespapery.com\/en\/\",\"name\":\"Lotte&#039;s Papery\",\"description\":\"Pap\u012brlietas un \u0101das izstr\u0101d\u0101jumi\",\"publisher\":{\"@id\":\"https:\/\/lottespapery.com\/en\/#organization\"},\"potentialAction\":[{\"@type\":\"SearchAction\",\"target\":{\"@type\":\"EntryPoint\",\"urlTemplate\":\"https:\/\/lottespapery.com\/en\/?s={search_term_string}\"},\"query-input\":\"required name=search_term_string\"}],\"inLanguage\":\"en-US\"},{\"@type\":\"Organization\",\"@id\":\"https:\/\/lottespapery.com\/en\/#organization\",\"name\":\"Lotte&#039;s Papery\",\"url\":\"https:\/\/lottespapery.com\/en\/\",\"logo\":{\"@type\":\"ImageObject\",\"inLanguage\":\"en-US\",\"@id\":\"https:\/\/lottespapery.com\/en\/#\/schema\/logo\/image\/\",\"url\":\"http:\/\/lottespapery.com\/wp-content\/uploads\/2022\/11\/logo-dark_180x@2x.png\",\"contentUrl\":\"http:\/\/lottespapery.com\/wp-content\/uploads\/2022\/11\/logo-dark_180x@2x.png\",\"width\":360,\"height\":100,\"caption\":\"Lotte&#039;s Papery\"},\"image\":{\"@id\":\"https:\/\/lottespapery.com\/en\/#\/schema\/logo\/image\/\"},\"sameAs\":[\"https:\/\/www.instagram.com\/lottes_papery\/\",\"https:\/\/www.facebook.com\/LottesPapery\/\"]}]}<\/script>\n<!-- \/ Yoast SEO plugin. -->","yoast_head_json":{"title":"Smooth leather notebook - Lotte&#039;s Papery","description":"Smooth leather notebook with a leather strap. The inner notebook is built into the covers and is not replaceable.  Notebook size: - 16.5 \u00d7 12 cm  Number of pages: - 100 pages  Page type: - Blank pages  These leather covers can be personalized with two embossed initials or a word (up to 6 characters on one line). Personalization is available in gold, silver, or colorless.  PRODUCTION TIME:  - If the product in the selected color is available in stock at the time of placing the order, the order will be completed within 3 business days. - If the product in the selected color is not in stock, the production time is up to 1.5 weeks.  For information about availability of the finished product in specific colors, please contact us by calling +371 2208 7727 or e-mailing info@lottespapery.com  PLEASE NOTE:  - Other leather shades are also available. Please contact us to find out about the availability of other leather colors. - If you choose personalization, please indicate the exact word in the comment section when placing your order. - Please be aware that the leather tone may slightly differ from what you see on your screen, depending on individual monitor settings.  _  All of Lotte\u2019s leather products are handmade by a master craftsman right here in Latvia, in our small but warm-hearted workshop. We believe that leather is a special and beautiful material, and we are grateful for its past life, so we use it as sparingly as possible.","robots":{"index":"index","follow":"follow","max-snippet":"max-snippet:-1","max-image-preview":"max-image-preview:large","max-video-preview":"max-video-preview:-1"},"canonical":"https:\/\/lottespapery.com\/en\/products\/smooth-leather-notebook\/","og_locale":"en_US","og_type":"article","og_title":"Smooth leather notebook - Lotte&#039;s Papery","og_description":"Smooth leather notebook with a leather strap. The inner notebook is built into the covers and is not replaceable.  Notebook size: - 16.5 \u00d7 12 cm  Number of pages: - 100 pages  Page type: - Blank pages  These leather covers can be personalized with two embossed initials or a word (up to 6 characters on one line). Personalization is available in gold, silver, or colorless.  PRODUCTION TIME:  - If the product in the selected color is available in stock at the time of placing the order, the order will be completed within 3 business days. - If the product in the selected color is not in stock, the production time is up to 1.5 weeks.  For information about availability of the finished product in specific colors, please contact us by calling +371 2208 7727 or e-mailing info@lottespapery.com  PLEASE NOTE:  - Other leather shades are also available. Please contact us to find out about the availability of other leather colors. - If you choose personalization, please indicate the exact word in the comment section when placing your order. - Please be aware that the leather tone may slightly differ from what you see on your screen, depending on individual monitor settings.  _  All of Lotte\u2019s leather products are handmade by a master craftsman right here in Latvia, in our small but warm-hearted workshop. We believe that leather is a special and beautiful material, and we are grateful for its past life, so we use it as sparingly as possible.","og_url":"https:\/\/lottespapery.com\/en\/products\/smooth-leather-notebook\/","og_site_name":"Lotte&#039;s Papery","article_publisher":"https:\/\/www.facebook.com\/LottesPapery\/","article_modified_time":"2026-03-06T11:03:15+00:00","og_image":[{"width":683,"height":683,"url":"http:\/\/lottespapery.com\/wp-content\/uploads\/2022\/11\/LOT_1446_1024x1024_c3965546-7dde-40ea-9900-b18f2bc8ddc2-1.jpg","type":"image\/jpeg"}],"twitter_card":"summary_large_image","schema":{"@context":"https:\/\/schema.org","@graph":[{"@type":"WebPage","@id":"https:\/\/lottespapery.com\/en\/products\/smooth-leather-notebook\/","url":"https:\/\/lottespapery.com\/en\/products\/smooth-leather-notebook\/","name":"Smooth leather notebook - Lotte&#039;s Papery","isPartOf":{"@id":"https:\/\/lottespapery.com\/en\/#website"},"datePublished":"2022-11-15T05:55:26+00:00","dateModified":"2026-03-06T11:03:15+00:00","description":"Smooth leather notebook with a leather strap. The inner notebook is built into the covers and is not replaceable. Notebook size: - 16.5 \u00d7 12 cm Number of pages: - 100 pages Page type: - Blank pages These leather covers can be personalized with two embossed initials or a word (up to 6 characters on one line). Personalization is available in gold, silver, or colorless. PRODUCTION TIME: - If the product in the selected color is available in stock at the time of placing the order, the order will be completed within 3 business days. - If the product in the selected color is not in stock, the production time is up to 1.5 weeks. For information about availability of the finished product in specific colors, please contact us by calling +371 2208 7727 or e-mailing info@lottespapery.com PLEASE NOTE: - Other leather shades are also available. Please contact us to find out about the availability of other leather colors. - If you choose personalization, please indicate the exact word in the comment section when placing your order. - Please be aware that the leather tone may slightly differ from what you see on your screen, depending on individual monitor settings. _ All of Lotte\u2019s leather products are handmade by a master craftsman right here in Latvia, in our small but warm-hearted workshop. We believe that leather is a special and beautiful material, and we are grateful for its past life, so we use it as sparingly as possible.","breadcrumb":{"@id":"https:\/\/lottespapery.com\/en\/products\/smooth-leather-notebook\/#breadcrumb"},"inLanguage":"en-US","potentialAction":[{"@type":"ReadAction","target":["https:\/\/lottespapery.com\/en\/products\/smooth-leather-notebook\/"]}]},{"@type":"BreadcrumbList","@id":"https:\/\/lottespapery.com\/en\/products\/smooth-leather-notebook\/#breadcrumb","itemListElement":[{"@type":"ListItem","position":1,"name":"Home","item":"https:\/\/lottespapery.com\/en\/"},{"@type":"ListItem","position":2,"name":"Shop","item":"https:\/\/lottespapery.com\/en\/shop\/"},{"@type":"ListItem","position":3,"name":"Smooth leather notebook"}]},{"@type":"WebSite","@id":"https:\/\/lottespapery.com\/en\/#website","url":"https:\/\/lottespapery.com\/en\/","name":"Lotte&#039;s Papery","description":"Pap\u012brlietas un \u0101das izstr\u0101d\u0101jumi","publisher":{"@id":"https:\/\/lottespapery.com\/en\/#organization"},"potentialAction":[{"@type":"SearchAction","target":{"@type":"EntryPoint","urlTemplate":"https:\/\/lottespapery.com\/en\/?s={search_term_string}"},"query-input":"required name=search_term_string"}],"inLanguage":"en-US"},{"@type":"Organization","@id":"https:\/\/lottespapery.com\/en\/#organization","name":"Lotte&#039;s Papery","url":"https:\/\/lottespapery.com\/en\/","logo":{"@type":"ImageObject","inLanguage":"en-US","@id":"https:\/\/lottespapery.com\/en\/#\/schema\/logo\/image\/","url":"http:\/\/lottespapery.com\/wp-content\/uploads\/2022\/11\/logo-dark_180x@2x.png","contentUrl":"http:\/\/lottespapery.com\/wp-content\/uploads\/2022\/11\/logo-dark_180x@2x.png","width":360,"height":100,"caption":"Lotte&#039;s Papery"},"image":{"@id":"https:\/\/lottespapery.com\/en\/#\/schema\/logo\/image\/"},"sameAs":["https:\/\/www.instagram.com\/lottes_papery\/","https:\/\/www.facebook.com\/LottesPapery\/"]}]}},"_links":{"self":[{"href":"https:\/\/lottespapery.com\/en\/wp-json\/wp\/v2\/product\/21175","targetHints":{"allow":["GET"]}}],"collection":[{"href":"https:\/\/lottespapery.com\/en\/wp-json\/wp\/v2\/product"}],"about":[{"href":"https:\/\/lottespapery.com\/en\/wp-json\/wp\/v2\/types\/product"}],"wp:featuredmedia":[{"embeddable":true,"href":"https:\/\/lottespapery.com\/en\/wp-json\/wp\/v2\/media\/9328"}],"wp:attachment":[{"href":"https:\/\/lottespapery.com\/en\/wp-json\/wp\/v2\/media?parent=21175"}],"wp:term":[{"taxonomy":"product_brand","embeddable":true,"href":"https:\/\/lottespapery.com\/en\/wp-json\/wp\/v2\/product_brand?post=21175"},{"taxonomy":"product_cat","embeddable":true,"href":"https:\/\/lottespapery.com\/en\/wp-json\/wp\/v2\/product_cat?post=21175"},{"taxonomy":"product_tag","embeddable":true,"href":"https:\/\/lottespapery.com\/en\/wp-json\/wp\/v2\/product_tag?post=21175"}],"curies":[{"name":"wp","href":"https:\/\/api.w.org\/{rel}","templated":true}]}}