{"id":21209,"date":"2022-11-22T12:27:12","date_gmt":"2022-11-22T10:27:12","guid":{"rendered":"http:\/\/lottespapery.com\/products\/black-pencil-with-gold-lettering\/"},"modified":"2026-02-04T11:12:23","modified_gmt":"2026-02-04T09:12:23","slug":"black-pencil-with-gold-lettering","status":"publish","type":"product","link":"https:\/\/lottespapery.com\/en\/products\/black-pencil-with-gold-lettering\/","title":{"rendered":"Pencils with witty texts"},"content":{"rendered":"","protected":false},"excerpt":{"rendered":"","protected":false},"featured_media":29837,"template":"","meta":[],"product_brand":[],"product_cat":[1627,771],"product_tag":[],"class_list":{"0":"post-21209","1":"product","2":"type-product","3":"status-publish","4":"has-post-thumbnail","6":"product_cat-for-fathers-day","7":"product_cat-rakstamlietas-2-en","9":"first","10":"instock","11":"taxable","12":"shipping-taxable","13":"purchasable","14":"product-type-variable","15":"has-default-attributes"},"raw_content":{"name":"Pencils with witty texts","description":"","short_description":"","status":"publish","sku":"96F1-476F11","original":15393},"wpml":{"translation_type":1,"has_translations":true,"original":15393,"duplicates":[],"translations":{"lv":15393,"en":21209}},"yoast_head":"<!-- This site is optimized with the Yoast SEO plugin v19.10 - https:\/\/yoast.com\/wordpress\/plugins\/seo\/ -->\n<title>Pencils with witty texts - Lotte&#039;s Papery<\/title>\n<meta name=\"description\" content=\"\u201cSwearing is an art form. You can express yourself much more directly, much more exactly, much more succinctly, with properly used curse words.\u201d - Coleman Young    Choose one of the pencils or a pencil set as a small helper to remind you of the important things. Color: Black with light grey text. HB graphite hardness.  Available designs:  1. Holy fuckamole! 2. Monday. You bastard. 3. Live. Laugh. Fuck off. 4. Flip off you motherflipping motherflipper. 5. You go get them, you gorgeous motherfucker. 6. Merde \u2013 shit sounds better in French.  Made in Latvia.\" \/>\n<meta name=\"robots\" content=\"index, follow, max-snippet:-1, max-image-preview:large, max-video-preview:-1\" \/>\n<link rel=\"canonical\" href=\"https:\/\/lottespapery.com\/en\/products\/black-pencil-with-gold-lettering\/\" \/>\n<meta property=\"og:locale\" content=\"en_US\" \/>\n<meta property=\"og:type\" content=\"article\" \/>\n<meta property=\"og:title\" content=\"Pencils with witty texts - Lotte&#039;s Papery\" \/>\n<meta property=\"og:description\" content=\"\u201cSwearing is an art form. You can express yourself much more directly, much more exactly, much more succinctly, with properly used curse words.\u201d - Coleman Young    Choose one of the pencils or a pencil set as a small helper to remind you of the important things. Color: Black with light grey text. HB graphite hardness.  Available designs:  1. Holy fuckamole! 2. Monday. You bastard. 3. Live. Laugh. Fuck off. 4. Flip off you motherflipping motherflipper. 5. You go get them, you gorgeous motherfucker. 6. Merde \u2013 shit sounds better in French.  Made in Latvia.\" \/>\n<meta property=\"og:url\" content=\"https:\/\/lottespapery.com\/en\/products\/black-pencil-with-gold-lettering\/\" \/>\n<meta property=\"og:site_name\" content=\"Lotte&#039;s Papery\" \/>\n<meta property=\"article:publisher\" content=\"https:\/\/www.facebook.com\/LottesPapery\/\" \/>\n<meta property=\"article:modified_time\" content=\"2026-02-04T09:12:23+00:00\" \/>\n<meta property=\"og:image\" content=\"http:\/\/lottespapery.com\/wp-content\/uploads\/2022\/11\/F191FBF7-5BC9-4321-B5AB-8ADAB72333661-scaled.jpeg\" \/>\n\t<meta property=\"og:image:width\" content=\"2560\" \/>\n\t<meta property=\"og:image:height\" content=\"2560\" \/>\n\t<meta property=\"og:image:type\" content=\"image\/jpeg\" \/>\n<meta name=\"twitter:card\" content=\"summary_large_image\" \/>\n<script type=\"application\/ld+json\" class=\"yoast-schema-graph\">{\"@context\":\"https:\/\/schema.org\",\"@graph\":[{\"@type\":\"WebPage\",\"@id\":\"https:\/\/lottespapery.com\/en\/products\/black-pencil-with-gold-lettering\/\",\"url\":\"https:\/\/lottespapery.com\/en\/products\/black-pencil-with-gold-lettering\/\",\"name\":\"Pencils with witty texts - Lotte&#039;s Papery\",\"isPartOf\":{\"@id\":\"https:\/\/lottespapery.com\/en\/#website\"},\"datePublished\":\"2022-11-22T10:27:12+00:00\",\"dateModified\":\"2026-02-04T09:12:23+00:00\",\"description\":\"\u201cSwearing is an art form. You can express yourself much more directly, much more exactly, much more succinctly, with properly used curse words.\u201d - Coleman Young Choose one of the pencils or a pencil set as a small helper to remind you of the important things. Color: Black with light grey text. HB graphite hardness. Available designs: 1. Holy fuckamole! 2. Monday. You bastard. 3. Live. Laugh. Fuck off. 4. Flip off you motherflipping motherflipper. 5. You go get them, you gorgeous motherfucker. 6. Merde \u2013 shit sounds better in French. Made in Latvia.\",\"breadcrumb\":{\"@id\":\"https:\/\/lottespapery.com\/en\/products\/black-pencil-with-gold-lettering\/#breadcrumb\"},\"inLanguage\":\"en-US\",\"potentialAction\":[{\"@type\":\"ReadAction\",\"target\":[\"https:\/\/lottespapery.com\/en\/products\/black-pencil-with-gold-lettering\/\"]}]},{\"@type\":\"BreadcrumbList\",\"@id\":\"https:\/\/lottespapery.com\/en\/products\/black-pencil-with-gold-lettering\/#breadcrumb\",\"itemListElement\":[{\"@type\":\"ListItem\",\"position\":1,\"name\":\"Home\",\"item\":\"https:\/\/lottespapery.com\/en\/\"},{\"@type\":\"ListItem\",\"position\":2,\"name\":\"Shop\",\"item\":\"https:\/\/lottespapery.com\/en\/shop\/\"},{\"@type\":\"ListItem\",\"position\":3,\"name\":\"Pencils with witty texts\"}]},{\"@type\":\"WebSite\",\"@id\":\"https:\/\/lottespapery.com\/en\/#website\",\"url\":\"https:\/\/lottespapery.com\/en\/\",\"name\":\"Lotte&#039;s Papery\",\"description\":\"Pap\u012brlietas un \u0101das izstr\u0101d\u0101jumi\",\"publisher\":{\"@id\":\"https:\/\/lottespapery.com\/en\/#organization\"},\"potentialAction\":[{\"@type\":\"SearchAction\",\"target\":{\"@type\":\"EntryPoint\",\"urlTemplate\":\"https:\/\/lottespapery.com\/en\/?s={search_term_string}\"},\"query-input\":\"required name=search_term_string\"}],\"inLanguage\":\"en-US\"},{\"@type\":\"Organization\",\"@id\":\"https:\/\/lottespapery.com\/en\/#organization\",\"name\":\"Lotte&#039;s Papery\",\"url\":\"https:\/\/lottespapery.com\/en\/\",\"logo\":{\"@type\":\"ImageObject\",\"inLanguage\":\"en-US\",\"@id\":\"https:\/\/lottespapery.com\/en\/#\/schema\/logo\/image\/\",\"url\":\"http:\/\/lottespapery.com\/wp-content\/uploads\/2022\/11\/logo-dark_180x@2x.png\",\"contentUrl\":\"http:\/\/lottespapery.com\/wp-content\/uploads\/2022\/11\/logo-dark_180x@2x.png\",\"width\":360,\"height\":100,\"caption\":\"Lotte&#039;s Papery\"},\"image\":{\"@id\":\"https:\/\/lottespapery.com\/en\/#\/schema\/logo\/image\/\"},\"sameAs\":[\"https:\/\/www.instagram.com\/lottes_papery\/\",\"https:\/\/www.facebook.com\/LottesPapery\/\"]}]}<\/script>\n<!-- \/ Yoast SEO plugin. -->","yoast_head_json":{"title":"Pencils with witty texts - Lotte&#039;s Papery","description":"\u201cSwearing is an art form. You can express yourself much more directly, much more exactly, much more succinctly, with properly used curse words.\u201d - Coleman Young    Choose one of the pencils or a pencil set as a small helper to remind you of the important things. Color: Black with light grey text. HB graphite hardness.  Available designs:  1. Holy fuckamole! 2. Monday. You bastard. 3. Live. Laugh. Fuck off. 4. Flip off you motherflipping motherflipper. 5. You go get them, you gorgeous motherfucker. 6. Merde \u2013 shit sounds better in French.  Made in Latvia.","robots":{"index":"index","follow":"follow","max-snippet":"max-snippet:-1","max-image-preview":"max-image-preview:large","max-video-preview":"max-video-preview:-1"},"canonical":"https:\/\/lottespapery.com\/en\/products\/black-pencil-with-gold-lettering\/","og_locale":"en_US","og_type":"article","og_title":"Pencils with witty texts - Lotte&#039;s Papery","og_description":"\u201cSwearing is an art form. You can express yourself much more directly, much more exactly, much more succinctly, with properly used curse words.\u201d - Coleman Young    Choose one of the pencils or a pencil set as a small helper to remind you of the important things. Color: Black with light grey text. HB graphite hardness.  Available designs:  1. Holy fuckamole! 2. Monday. You bastard. 3. Live. Laugh. Fuck off. 4. Flip off you motherflipping motherflipper. 5. You go get them, you gorgeous motherfucker. 6. Merde \u2013 shit sounds better in French.  Made in Latvia.","og_url":"https:\/\/lottespapery.com\/en\/products\/black-pencil-with-gold-lettering\/","og_site_name":"Lotte&#039;s Papery","article_publisher":"https:\/\/www.facebook.com\/LottesPapery\/","article_modified_time":"2026-02-04T09:12:23+00:00","og_image":[{"width":2560,"height":2560,"url":"http:\/\/lottespapery.com\/wp-content\/uploads\/2022\/11\/F191FBF7-5BC9-4321-B5AB-8ADAB72333661-scaled.jpeg","type":"image\/jpeg"}],"twitter_card":"summary_large_image","schema":{"@context":"https:\/\/schema.org","@graph":[{"@type":"WebPage","@id":"https:\/\/lottespapery.com\/en\/products\/black-pencil-with-gold-lettering\/","url":"https:\/\/lottespapery.com\/en\/products\/black-pencil-with-gold-lettering\/","name":"Pencils with witty texts - Lotte&#039;s Papery","isPartOf":{"@id":"https:\/\/lottespapery.com\/en\/#website"},"datePublished":"2022-11-22T10:27:12+00:00","dateModified":"2026-02-04T09:12:23+00:00","description":"\u201cSwearing is an art form. You can express yourself much more directly, much more exactly, much more succinctly, with properly used curse words.\u201d - Coleman Young Choose one of the pencils or a pencil set as a small helper to remind you of the important things. Color: Black with light grey text. HB graphite hardness. Available designs: 1. Holy fuckamole! 2. Monday. You bastard. 3. Live. Laugh. Fuck off. 4. Flip off you motherflipping motherflipper. 5. You go get them, you gorgeous motherfucker. 6. Merde \u2013 shit sounds better in French. Made in Latvia.","breadcrumb":{"@id":"https:\/\/lottespapery.com\/en\/products\/black-pencil-with-gold-lettering\/#breadcrumb"},"inLanguage":"en-US","potentialAction":[{"@type":"ReadAction","target":["https:\/\/lottespapery.com\/en\/products\/black-pencil-with-gold-lettering\/"]}]},{"@type":"BreadcrumbList","@id":"https:\/\/lottespapery.com\/en\/products\/black-pencil-with-gold-lettering\/#breadcrumb","itemListElement":[{"@type":"ListItem","position":1,"name":"Home","item":"https:\/\/lottespapery.com\/en\/"},{"@type":"ListItem","position":2,"name":"Shop","item":"https:\/\/lottespapery.com\/en\/shop\/"},{"@type":"ListItem","position":3,"name":"Pencils with witty texts"}]},{"@type":"WebSite","@id":"https:\/\/lottespapery.com\/en\/#website","url":"https:\/\/lottespapery.com\/en\/","name":"Lotte&#039;s Papery","description":"Pap\u012brlietas un \u0101das izstr\u0101d\u0101jumi","publisher":{"@id":"https:\/\/lottespapery.com\/en\/#organization"},"potentialAction":[{"@type":"SearchAction","target":{"@type":"EntryPoint","urlTemplate":"https:\/\/lottespapery.com\/en\/?s={search_term_string}"},"query-input":"required name=search_term_string"}],"inLanguage":"en-US"},{"@type":"Organization","@id":"https:\/\/lottespapery.com\/en\/#organization","name":"Lotte&#039;s Papery","url":"https:\/\/lottespapery.com\/en\/","logo":{"@type":"ImageObject","inLanguage":"en-US","@id":"https:\/\/lottespapery.com\/en\/#\/schema\/logo\/image\/","url":"http:\/\/lottespapery.com\/wp-content\/uploads\/2022\/11\/logo-dark_180x@2x.png","contentUrl":"http:\/\/lottespapery.com\/wp-content\/uploads\/2022\/11\/logo-dark_180x@2x.png","width":360,"height":100,"caption":"Lotte&#039;s Papery"},"image":{"@id":"https:\/\/lottespapery.com\/en\/#\/schema\/logo\/image\/"},"sameAs":["https:\/\/www.instagram.com\/lottes_papery\/","https:\/\/www.facebook.com\/LottesPapery\/"]}]}},"_links":{"self":[{"href":"https:\/\/lottespapery.com\/en\/wp-json\/wp\/v2\/product\/21209","targetHints":{"allow":["GET"]}}],"collection":[{"href":"https:\/\/lottespapery.com\/en\/wp-json\/wp\/v2\/product"}],"about":[{"href":"https:\/\/lottespapery.com\/en\/wp-json\/wp\/v2\/types\/product"}],"wp:featuredmedia":[{"embeddable":true,"href":"https:\/\/lottespapery.com\/en\/wp-json\/wp\/v2\/media\/29837"}],"wp:attachment":[{"href":"https:\/\/lottespapery.com\/en\/wp-json\/wp\/v2\/media?parent=21209"}],"wp:term":[{"taxonomy":"product_brand","embeddable":true,"href":"https:\/\/lottespapery.com\/en\/wp-json\/wp\/v2\/product_brand?post=21209"},{"taxonomy":"product_cat","embeddable":true,"href":"https:\/\/lottespapery.com\/en\/wp-json\/wp\/v2\/product_cat?post=21209"},{"taxonomy":"product_tag","embeddable":true,"href":"https:\/\/lottespapery.com\/en\/wp-json\/wp\/v2\/product_tag?post=21209"}],"curies":[{"name":"wp","href":"https:\/\/api.w.org\/{rel}","templated":true}]}}