{"id":21379,"date":"2023-03-23T16:15:58","date_gmt":"2023-03-23T14:15:58","guid":{"rendered":"http:\/\/lottespapery.com\/products\/iron-on-luggage-pin-world\/"},"modified":"2026-03-13T11:49:00","modified_gmt":"2026-03-13T09:49:00","slug":"iron-on-luggage-pin-world","status":"publish","type":"product","link":"https:\/\/lottespapery.com\/en\/products\/iron-on-luggage-pin-world\/","title":{"rendered":"Smooth leather luggage tag &#8220;World&#8221;"},"content":{"rendered":"","protected":false},"excerpt":{"rendered":"","protected":false},"featured_media":18667,"template":"","meta":[],"product_brand":[],"product_cat":[658],"product_tag":[],"class_list":{"0":"post-21379","1":"product","2":"type-product","3":"status-publish","4":"has-post-thumbnail","6":"product_cat-for-traveling","8":"first","9":"instock","10":"taxable","11":"shipping-taxable","12":"purchasable","13":"product-type-variable","14":"has-default-attributes"},"raw_content":{"name":"Smooth leather luggage tag \"World\"","description":"","short_description":"","status":"publish","sku":"LPLTHR_021","original":18607},"wpml":{"translation_type":1,"has_translations":true,"original":18607,"duplicates":[],"translations":{"lv":18607,"en":21379}},"yoast_head":"<!-- This site is optimized with the Yoast SEO plugin v19.10 - https:\/\/yoast.com\/wordpress\/plugins\/seo\/ -->\n<title>Smooth leather luggage tag &quot;World&quot; - Lotte&#039;s Papery<\/title>\n<meta name=\"description\" content=\"Luggage tag made from high-quality smooth leather with embossed design, leather strap and buckle to attach to your suitcase when travelling or to your everyday bag. The luggage tag contains a printed piece of paper on which you can write the owner&#039;s details so that it is easier to find if lost.  Luggage tag size (without clasp): - 5,5 x 8,5 cm  This product can be personalized with 2 - 3 embossed initials. Personalization is available in gold, silver or colorless.  PRODUCTION TIME: - If the product in the selected color is available in stock at the time of placing the order, the order will be completed within 3 business days. - If the product in the selected color is not in stock, the production time is up to 1.5 weeks.  For information about availability of the finished product in specific colors, please contact us by calling +371 2208 7727 or e-mailing info@lottespapery.com  PLEASE NOTE: - If you choose personalization, please indicate the exact initials in the comment section when placing your order. - The shade of the leather may differ slightly from what you see on your screen, depending on your individual monitor settings.  _  All of Lotte\u2019s leather products are handmade by a master craftsman right here in Latvia, in our small but warm-hearted workshop. We believe that leather is a special and beautiful material, and we are grateful for its past life, so we use it as sparingly as possible.\" \/>\n<meta name=\"robots\" content=\"index, follow, max-snippet:-1, max-image-preview:large, max-video-preview:-1\" \/>\n<link rel=\"canonical\" href=\"https:\/\/lottespapery.com\/en\/products\/iron-on-luggage-pin-world\/\" \/>\n<meta property=\"og:locale\" content=\"en_US\" \/>\n<meta property=\"og:type\" content=\"article\" \/>\n<meta property=\"og:title\" content=\"Smooth leather luggage tag &quot;World&quot; - Lotte&#039;s Papery\" \/>\n<meta property=\"og:description\" content=\"Luggage tag made from high-quality smooth leather with embossed design, leather strap and buckle to attach to your suitcase when travelling or to your everyday bag. The luggage tag contains a printed piece of paper on which you can write the owner&#039;s details so that it is easier to find if lost.  Luggage tag size (without clasp): - 5,5 x 8,5 cm  This product can be personalized with 2 - 3 embossed initials. Personalization is available in gold, silver or colorless.  PRODUCTION TIME: - If the product in the selected color is available in stock at the time of placing the order, the order will be completed within 3 business days. - If the product in the selected color is not in stock, the production time is up to 1.5 weeks.  For information about availability of the finished product in specific colors, please contact us by calling +371 2208 7727 or e-mailing info@lottespapery.com  PLEASE NOTE: - If you choose personalization, please indicate the exact initials in the comment section when placing your order. - The shade of the leather may differ slightly from what you see on your screen, depending on your individual monitor settings.  _  All of Lotte\u2019s leather products are handmade by a master craftsman right here in Latvia, in our small but warm-hearted workshop. We believe that leather is a special and beautiful material, and we are grateful for its past life, so we use it as sparingly as possible.\" \/>\n<meta property=\"og:url\" content=\"https:\/\/lottespapery.com\/en\/products\/iron-on-luggage-pin-world\/\" \/>\n<meta property=\"og:site_name\" content=\"Lotte&#039;s Papery\" \/>\n<meta property=\"article:publisher\" content=\"https:\/\/www.facebook.com\/LottesPapery\/\" \/>\n<meta property=\"article:modified_time\" content=\"2026-03-13T09:49:00+00:00\" \/>\n<meta property=\"og:image\" content=\"http:\/\/lottespapery.com\/wp-content\/uploads\/2023\/03\/LOT_8495-scaled-e1679581293581.jpg\" \/>\n\t<meta property=\"og:image:width\" content=\"2012\" \/>\n\t<meta property=\"og:image:height\" content=\"2560\" \/>\n\t<meta property=\"og:image:type\" content=\"image\/jpeg\" \/>\n<meta name=\"twitter:card\" content=\"summary_large_image\" \/>\n<script type=\"application\/ld+json\" class=\"yoast-schema-graph\">{\"@context\":\"https:\/\/schema.org\",\"@graph\":[{\"@type\":\"WebPage\",\"@id\":\"https:\/\/lottespapery.com\/en\/products\/iron-on-luggage-pin-world\/\",\"url\":\"https:\/\/lottespapery.com\/en\/products\/iron-on-luggage-pin-world\/\",\"name\":\"Smooth leather luggage tag \\\"World\\\" - Lotte&#039;s Papery\",\"isPartOf\":{\"@id\":\"https:\/\/lottespapery.com\/en\/#website\"},\"datePublished\":\"2023-03-23T14:15:58+00:00\",\"dateModified\":\"2026-03-13T09:49:00+00:00\",\"description\":\"Luggage tag made from high-quality smooth leather with embossed design, leather strap and buckle to attach to your suitcase when travelling or to your everyday bag. The luggage tag contains a printed piece of paper on which you can write the owner's details so that it is easier to find if lost. Luggage tag size (without clasp): - 5,5 x 8,5 cm This product can be personalized with 2 - 3 embossed initials. Personalization is available in gold, silver or colorless. PRODUCTION TIME: - If the product in the selected color is available in stock at the time of placing the order, the order will be completed within 3 business days. - If the product in the selected color is not in stock, the production time is up to 1.5 weeks. For information about availability of the finished product in specific colors, please contact us by calling +371 2208 7727 or e-mailing info@lottespapery.com PLEASE NOTE: - If you choose personalization, please indicate the exact initials in the comment section when placing your order. - The shade of the leather may differ slightly from what you see on your screen, depending on your individual monitor settings. _ All of Lotte\u2019s leather products are handmade by a master craftsman right here in Latvia, in our small but warm-hearted workshop. We believe that leather is a special and beautiful material, and we are grateful for its past life, so we use it as sparingly as possible.\",\"breadcrumb\":{\"@id\":\"https:\/\/lottespapery.com\/en\/products\/iron-on-luggage-pin-world\/#breadcrumb\"},\"inLanguage\":\"en-US\",\"potentialAction\":[{\"@type\":\"ReadAction\",\"target\":[\"https:\/\/lottespapery.com\/en\/products\/iron-on-luggage-pin-world\/\"]}]},{\"@type\":\"BreadcrumbList\",\"@id\":\"https:\/\/lottespapery.com\/en\/products\/iron-on-luggage-pin-world\/#breadcrumb\",\"itemListElement\":[{\"@type\":\"ListItem\",\"position\":1,\"name\":\"Home\",\"item\":\"https:\/\/lottespapery.com\/en\/\"},{\"@type\":\"ListItem\",\"position\":2,\"name\":\"Shop\",\"item\":\"https:\/\/lottespapery.com\/en\/shop\/\"},{\"@type\":\"ListItem\",\"position\":3,\"name\":\"Smooth leather luggage tag &#8220;World&#8221;\"}]},{\"@type\":\"WebSite\",\"@id\":\"https:\/\/lottespapery.com\/en\/#website\",\"url\":\"https:\/\/lottespapery.com\/en\/\",\"name\":\"Lotte&#039;s Papery\",\"description\":\"Pap\u012brlietas un \u0101das izstr\u0101d\u0101jumi\",\"publisher\":{\"@id\":\"https:\/\/lottespapery.com\/en\/#organization\"},\"potentialAction\":[{\"@type\":\"SearchAction\",\"target\":{\"@type\":\"EntryPoint\",\"urlTemplate\":\"https:\/\/lottespapery.com\/en\/?s={search_term_string}\"},\"query-input\":\"required name=search_term_string\"}],\"inLanguage\":\"en-US\"},{\"@type\":\"Organization\",\"@id\":\"https:\/\/lottespapery.com\/en\/#organization\",\"name\":\"Lotte&#039;s Papery\",\"url\":\"https:\/\/lottespapery.com\/en\/\",\"logo\":{\"@type\":\"ImageObject\",\"inLanguage\":\"en-US\",\"@id\":\"https:\/\/lottespapery.com\/en\/#\/schema\/logo\/image\/\",\"url\":\"http:\/\/lottespapery.com\/wp-content\/uploads\/2022\/11\/logo-dark_180x@2x.png\",\"contentUrl\":\"http:\/\/lottespapery.com\/wp-content\/uploads\/2022\/11\/logo-dark_180x@2x.png\",\"width\":360,\"height\":100,\"caption\":\"Lotte&#039;s Papery\"},\"image\":{\"@id\":\"https:\/\/lottespapery.com\/en\/#\/schema\/logo\/image\/\"},\"sameAs\":[\"https:\/\/www.instagram.com\/lottes_papery\/\",\"https:\/\/www.facebook.com\/LottesPapery\/\"]}]}<\/script>\n<!-- \/ Yoast SEO plugin. -->","yoast_head_json":{"title":"Smooth leather luggage tag \"World\" - Lotte&#039;s Papery","description":"Luggage tag made from high-quality smooth leather with embossed design, leather strap and buckle to attach to your suitcase when travelling or to your everyday bag. The luggage tag contains a printed piece of paper on which you can write the owner's details so that it is easier to find if lost.  Luggage tag size (without clasp): - 5,5 x 8,5 cm  This product can be personalized with 2 - 3 embossed initials. Personalization is available in gold, silver or colorless.  PRODUCTION TIME: - If the product in the selected color is available in stock at the time of placing the order, the order will be completed within 3 business days. - If the product in the selected color is not in stock, the production time is up to 1.5 weeks.  For information about availability of the finished product in specific colors, please contact us by calling +371 2208 7727 or e-mailing info@lottespapery.com  PLEASE NOTE: - If you choose personalization, please indicate the exact initials in the comment section when placing your order. - The shade of the leather may differ slightly from what you see on your screen, depending on your individual monitor settings.  _  All of Lotte\u2019s leather products are handmade by a master craftsman right here in Latvia, in our small but warm-hearted workshop. We believe that leather is a special and beautiful material, and we are grateful for its past life, so we use it as sparingly as possible.","robots":{"index":"index","follow":"follow","max-snippet":"max-snippet:-1","max-image-preview":"max-image-preview:large","max-video-preview":"max-video-preview:-1"},"canonical":"https:\/\/lottespapery.com\/en\/products\/iron-on-luggage-pin-world\/","og_locale":"en_US","og_type":"article","og_title":"Smooth leather luggage tag \"World\" - Lotte&#039;s Papery","og_description":"Luggage tag made from high-quality smooth leather with embossed design, leather strap and buckle to attach to your suitcase when travelling or to your everyday bag. The luggage tag contains a printed piece of paper on which you can write the owner's details so that it is easier to find if lost.  Luggage tag size (without clasp): - 5,5 x 8,5 cm  This product can be personalized with 2 - 3 embossed initials. Personalization is available in gold, silver or colorless.  PRODUCTION TIME: - If the product in the selected color is available in stock at the time of placing the order, the order will be completed within 3 business days. - If the product in the selected color is not in stock, the production time is up to 1.5 weeks.  For information about availability of the finished product in specific colors, please contact us by calling +371 2208 7727 or e-mailing info@lottespapery.com  PLEASE NOTE: - If you choose personalization, please indicate the exact initials in the comment section when placing your order. - The shade of the leather may differ slightly from what you see on your screen, depending on your individual monitor settings.  _  All of Lotte\u2019s leather products are handmade by a master craftsman right here in Latvia, in our small but warm-hearted workshop. We believe that leather is a special and beautiful material, and we are grateful for its past life, so we use it as sparingly as possible.","og_url":"https:\/\/lottespapery.com\/en\/products\/iron-on-luggage-pin-world\/","og_site_name":"Lotte&#039;s Papery","article_publisher":"https:\/\/www.facebook.com\/LottesPapery\/","article_modified_time":"2026-03-13T09:49:00+00:00","og_image":[{"width":2012,"height":2560,"url":"http:\/\/lottespapery.com\/wp-content\/uploads\/2023\/03\/LOT_8495-scaled-e1679581293581.jpg","type":"image\/jpeg"}],"twitter_card":"summary_large_image","schema":{"@context":"https:\/\/schema.org","@graph":[{"@type":"WebPage","@id":"https:\/\/lottespapery.com\/en\/products\/iron-on-luggage-pin-world\/","url":"https:\/\/lottespapery.com\/en\/products\/iron-on-luggage-pin-world\/","name":"Smooth leather luggage tag \"World\" - Lotte&#039;s Papery","isPartOf":{"@id":"https:\/\/lottespapery.com\/en\/#website"},"datePublished":"2023-03-23T14:15:58+00:00","dateModified":"2026-03-13T09:49:00+00:00","description":"Luggage tag made from high-quality smooth leather with embossed design, leather strap and buckle to attach to your suitcase when travelling or to your everyday bag. The luggage tag contains a printed piece of paper on which you can write the owner's details so that it is easier to find if lost. Luggage tag size (without clasp): - 5,5 x 8,5 cm This product can be personalized with 2 - 3 embossed initials. Personalization is available in gold, silver or colorless. PRODUCTION TIME: - If the product in the selected color is available in stock at the time of placing the order, the order will be completed within 3 business days. - If the product in the selected color is not in stock, the production time is up to 1.5 weeks. For information about availability of the finished product in specific colors, please contact us by calling +371 2208 7727 or e-mailing info@lottespapery.com PLEASE NOTE: - If you choose personalization, please indicate the exact initials in the comment section when placing your order. - The shade of the leather may differ slightly from what you see on your screen, depending on your individual monitor settings. _ All of Lotte\u2019s leather products are handmade by a master craftsman right here in Latvia, in our small but warm-hearted workshop. We believe that leather is a special and beautiful material, and we are grateful for its past life, so we use it as sparingly as possible.","breadcrumb":{"@id":"https:\/\/lottespapery.com\/en\/products\/iron-on-luggage-pin-world\/#breadcrumb"},"inLanguage":"en-US","potentialAction":[{"@type":"ReadAction","target":["https:\/\/lottespapery.com\/en\/products\/iron-on-luggage-pin-world\/"]}]},{"@type":"BreadcrumbList","@id":"https:\/\/lottespapery.com\/en\/products\/iron-on-luggage-pin-world\/#breadcrumb","itemListElement":[{"@type":"ListItem","position":1,"name":"Home","item":"https:\/\/lottespapery.com\/en\/"},{"@type":"ListItem","position":2,"name":"Shop","item":"https:\/\/lottespapery.com\/en\/shop\/"},{"@type":"ListItem","position":3,"name":"Smooth leather luggage tag &#8220;World&#8221;"}]},{"@type":"WebSite","@id":"https:\/\/lottespapery.com\/en\/#website","url":"https:\/\/lottespapery.com\/en\/","name":"Lotte&#039;s Papery","description":"Pap\u012brlietas un \u0101das izstr\u0101d\u0101jumi","publisher":{"@id":"https:\/\/lottespapery.com\/en\/#organization"},"potentialAction":[{"@type":"SearchAction","target":{"@type":"EntryPoint","urlTemplate":"https:\/\/lottespapery.com\/en\/?s={search_term_string}"},"query-input":"required name=search_term_string"}],"inLanguage":"en-US"},{"@type":"Organization","@id":"https:\/\/lottespapery.com\/en\/#organization","name":"Lotte&#039;s Papery","url":"https:\/\/lottespapery.com\/en\/","logo":{"@type":"ImageObject","inLanguage":"en-US","@id":"https:\/\/lottespapery.com\/en\/#\/schema\/logo\/image\/","url":"http:\/\/lottespapery.com\/wp-content\/uploads\/2022\/11\/logo-dark_180x@2x.png","contentUrl":"http:\/\/lottespapery.com\/wp-content\/uploads\/2022\/11\/logo-dark_180x@2x.png","width":360,"height":100,"caption":"Lotte&#039;s Papery"},"image":{"@id":"https:\/\/lottespapery.com\/en\/#\/schema\/logo\/image\/"},"sameAs":["https:\/\/www.instagram.com\/lottes_papery\/","https:\/\/www.facebook.com\/LottesPapery\/"]}]}},"_links":{"self":[{"href":"https:\/\/lottespapery.com\/en\/wp-json\/wp\/v2\/product\/21379","targetHints":{"allow":["GET"]}}],"collection":[{"href":"https:\/\/lottespapery.com\/en\/wp-json\/wp\/v2\/product"}],"about":[{"href":"https:\/\/lottespapery.com\/en\/wp-json\/wp\/v2\/types\/product"}],"wp:featuredmedia":[{"embeddable":true,"href":"https:\/\/lottespapery.com\/en\/wp-json\/wp\/v2\/media\/18667"}],"wp:attachment":[{"href":"https:\/\/lottespapery.com\/en\/wp-json\/wp\/v2\/media?parent=21379"}],"wp:term":[{"taxonomy":"product_brand","embeddable":true,"href":"https:\/\/lottespapery.com\/en\/wp-json\/wp\/v2\/product_brand?post=21379"},{"taxonomy":"product_cat","embeddable":true,"href":"https:\/\/lottespapery.com\/en\/wp-json\/wp\/v2\/product_cat?post=21379"},{"taxonomy":"product_tag","embeddable":true,"href":"https:\/\/lottespapery.com\/en\/wp-json\/wp\/v2\/product_tag?post=21379"}],"curies":[{"name":"wp","href":"https:\/\/api.w.org\/{rel}","templated":true}]}}