{"id":21412,"date":"2022-11-15T08:28:39","date_gmt":"2022-11-15T06:28:39","guid":{"rendered":"http:\/\/lottespapery.com\/products\/internal-replaceable-paper-pad-for-travel-journal\/"},"modified":"2026-03-06T12:23:16","modified_gmt":"2026-03-06T10:23:16","slug":"internal-replaceable-paper-pad-for-travel-journal","status":"publish","type":"product","link":"https:\/\/lottespapery.com\/en\/products\/internal-replaceable-paper-pad-for-travel-journal\/","title":{"rendered":"Internal replaceable paper notepad for travel journal"},"content":{"rendered":"","protected":false},"excerpt":{"rendered":"","protected":false},"featured_media":11162,"template":"","meta":[],"product_brand":[],"product_cat":[883],"product_tag":[],"class_list":{"0":"post-21412","1":"product","2":"type-product","3":"status-publish","4":"has-post-thumbnail","6":"product_cat-notebooks-in-leather-covers","8":"first","9":"instock","10":"taxable","11":"shipping-taxable","12":"purchasable","13":"product-type-simple"},"raw_content":{"name":"Internal replaceable paper notepad for travel journal","description":"","short_description":"","status":"publish","sku":"LPLTHR_008","original":11160},"wpml":{"translation_type":1,"has_translations":true,"original":11160,"duplicates":[],"translations":{"lv":11160,"en":21412}},"yoast_head":"<!-- This site is optimized with the Yoast SEO plugin v19.10 - https:\/\/yoast.com\/wordpress\/plugins\/seo\/ -->\n<title>Internal replaceable paper notepad for travel journal - Lotte&#039;s Papery<\/title>\n<meta name=\"description\" content=\"If you have collected a lot of travel notes, memories and notes, but there is no more free space in the notepad, don&#039;t worry - we offer you to buy a replaceable internal paper notebook for your favorite travel journal! Take the previous notepad out of the covers and keep them so that you can immerse yourself in past memories. Put the new blank pad of paper in the covers of your travel journal and collect new memories!  The block consists of 50 stitched pages without printing from light but high-quality paper in a soft cream color.  Dimensions of the inner unit when closed: 9.5x19.5cm\" \/>\n<meta name=\"robots\" content=\"index, follow, max-snippet:-1, max-image-preview:large, max-video-preview:-1\" \/>\n<link rel=\"canonical\" href=\"https:\/\/lottespapery.com\/en\/products\/internal-replaceable-paper-pad-for-travel-journal\/\" \/>\n<meta property=\"og:locale\" content=\"en_US\" \/>\n<meta property=\"og:type\" content=\"article\" \/>\n<meta property=\"og:title\" content=\"Internal replaceable paper notepad for travel journal - Lotte&#039;s Papery\" \/>\n<meta property=\"og:description\" content=\"If you have collected a lot of travel notes, memories and notes, but there is no more free space in the notepad, don&#039;t worry - we offer you to buy a replaceable internal paper notebook for your favorite travel journal! Take the previous notepad out of the covers and keep them so that you can immerse yourself in past memories. Put the new blank pad of paper in the covers of your travel journal and collect new memories!  The block consists of 50 stitched pages without printing from light but high-quality paper in a soft cream color.  Dimensions of the inner unit when closed: 9.5x19.5cm\" \/>\n<meta property=\"og:url\" content=\"https:\/\/lottespapery.com\/en\/products\/internal-replaceable-paper-pad-for-travel-journal\/\" \/>\n<meta property=\"og:site_name\" content=\"Lotte&#039;s Papery\" \/>\n<meta property=\"article:publisher\" content=\"https:\/\/www.facebook.com\/LottesPapery\/\" \/>\n<meta property=\"article:modified_time\" content=\"2026-03-06T10:23:16+00:00\" \/>\n<meta property=\"og:image\" content=\"http:\/\/lottespapery.com\/wp-content\/uploads\/2022\/11\/lotte_by_linda_lauva-6870a_3b80a9f7-4502-43b5-8e55-d7043272d962-scaled.jpg\" \/>\n\t<meta property=\"og:image:width\" content=\"2560\" \/>\n\t<meta property=\"og:image:height\" content=\"2560\" \/>\n\t<meta property=\"og:image:type\" content=\"image\/jpeg\" \/>\n<meta name=\"twitter:card\" content=\"summary_large_image\" \/>\n<script type=\"application\/ld+json\" class=\"yoast-schema-graph\">{\"@context\":\"https:\/\/schema.org\",\"@graph\":[{\"@type\":\"WebPage\",\"@id\":\"https:\/\/lottespapery.com\/en\/products\/internal-replaceable-paper-pad-for-travel-journal\/\",\"url\":\"https:\/\/lottespapery.com\/en\/products\/internal-replaceable-paper-pad-for-travel-journal\/\",\"name\":\"Internal replaceable paper notepad for travel journal - Lotte&#039;s Papery\",\"isPartOf\":{\"@id\":\"https:\/\/lottespapery.com\/en\/#website\"},\"datePublished\":\"2022-11-15T06:28:39+00:00\",\"dateModified\":\"2026-03-06T10:23:16+00:00\",\"description\":\"If you have collected a lot of travel notes, memories and notes, but there is no more free space in the notepad, don't worry - we offer you to buy a replaceable internal paper notebook for your favorite travel journal! Take the previous notepad out of the covers and keep them so that you can immerse yourself in past memories. Put the new blank pad of paper in the covers of your travel journal and collect new memories! The block consists of 50 stitched pages without printing from light but high-quality paper in a soft cream color. Dimensions of the inner unit when closed: 9.5x19.5cm\",\"breadcrumb\":{\"@id\":\"https:\/\/lottespapery.com\/en\/products\/internal-replaceable-paper-pad-for-travel-journal\/#breadcrumb\"},\"inLanguage\":\"en-US\",\"potentialAction\":[{\"@type\":\"ReadAction\",\"target\":[\"https:\/\/lottespapery.com\/en\/products\/internal-replaceable-paper-pad-for-travel-journal\/\"]}]},{\"@type\":\"BreadcrumbList\",\"@id\":\"https:\/\/lottespapery.com\/en\/products\/internal-replaceable-paper-pad-for-travel-journal\/#breadcrumb\",\"itemListElement\":[{\"@type\":\"ListItem\",\"position\":1,\"name\":\"Home\",\"item\":\"https:\/\/lottespapery.com\/en\/\"},{\"@type\":\"ListItem\",\"position\":2,\"name\":\"Shop\",\"item\":\"https:\/\/lottespapery.com\/en\/shop\/\"},{\"@type\":\"ListItem\",\"position\":3,\"name\":\"Internal replaceable paper notepad for travel journal\"}]},{\"@type\":\"WebSite\",\"@id\":\"https:\/\/lottespapery.com\/en\/#website\",\"url\":\"https:\/\/lottespapery.com\/en\/\",\"name\":\"Lotte&#039;s Papery\",\"description\":\"Pap\u012brlietas un \u0101das izstr\u0101d\u0101jumi\",\"publisher\":{\"@id\":\"https:\/\/lottespapery.com\/en\/#organization\"},\"potentialAction\":[{\"@type\":\"SearchAction\",\"target\":{\"@type\":\"EntryPoint\",\"urlTemplate\":\"https:\/\/lottespapery.com\/en\/?s={search_term_string}\"},\"query-input\":\"required name=search_term_string\"}],\"inLanguage\":\"en-US\"},{\"@type\":\"Organization\",\"@id\":\"https:\/\/lottespapery.com\/en\/#organization\",\"name\":\"Lotte&#039;s Papery\",\"url\":\"https:\/\/lottespapery.com\/en\/\",\"logo\":{\"@type\":\"ImageObject\",\"inLanguage\":\"en-US\",\"@id\":\"https:\/\/lottespapery.com\/en\/#\/schema\/logo\/image\/\",\"url\":\"http:\/\/lottespapery.com\/wp-content\/uploads\/2022\/11\/logo-dark_180x@2x.png\",\"contentUrl\":\"http:\/\/lottespapery.com\/wp-content\/uploads\/2022\/11\/logo-dark_180x@2x.png\",\"width\":360,\"height\":100,\"caption\":\"Lotte&#039;s Papery\"},\"image\":{\"@id\":\"https:\/\/lottespapery.com\/en\/#\/schema\/logo\/image\/\"},\"sameAs\":[\"https:\/\/www.instagram.com\/lottes_papery\/\",\"https:\/\/www.facebook.com\/LottesPapery\/\"]}]}<\/script>\n<!-- \/ Yoast SEO plugin. -->","yoast_head_json":{"title":"Internal replaceable paper notepad for travel journal - Lotte&#039;s Papery","description":"If you have collected a lot of travel notes, memories and notes, but there is no more free space in the notepad, don't worry - we offer you to buy a replaceable internal paper notebook for your favorite travel journal! Take the previous notepad out of the covers and keep them so that you can immerse yourself in past memories. Put the new blank pad of paper in the covers of your travel journal and collect new memories!  The block consists of 50 stitched pages without printing from light but high-quality paper in a soft cream color.  Dimensions of the inner unit when closed: 9.5x19.5cm","robots":{"index":"index","follow":"follow","max-snippet":"max-snippet:-1","max-image-preview":"max-image-preview:large","max-video-preview":"max-video-preview:-1"},"canonical":"https:\/\/lottespapery.com\/en\/products\/internal-replaceable-paper-pad-for-travel-journal\/","og_locale":"en_US","og_type":"article","og_title":"Internal replaceable paper notepad for travel journal - Lotte&#039;s Papery","og_description":"If you have collected a lot of travel notes, memories and notes, but there is no more free space in the notepad, don't worry - we offer you to buy a replaceable internal paper notebook for your favorite travel journal! Take the previous notepad out of the covers and keep them so that you can immerse yourself in past memories. Put the new blank pad of paper in the covers of your travel journal and collect new memories!  The block consists of 50 stitched pages without printing from light but high-quality paper in a soft cream color.  Dimensions of the inner unit when closed: 9.5x19.5cm","og_url":"https:\/\/lottespapery.com\/en\/products\/internal-replaceable-paper-pad-for-travel-journal\/","og_site_name":"Lotte&#039;s Papery","article_publisher":"https:\/\/www.facebook.com\/LottesPapery\/","article_modified_time":"2026-03-06T10:23:16+00:00","og_image":[{"width":2560,"height":2560,"url":"http:\/\/lottespapery.com\/wp-content\/uploads\/2022\/11\/lotte_by_linda_lauva-6870a_3b80a9f7-4502-43b5-8e55-d7043272d962-scaled.jpg","type":"image\/jpeg"}],"twitter_card":"summary_large_image","schema":{"@context":"https:\/\/schema.org","@graph":[{"@type":"WebPage","@id":"https:\/\/lottespapery.com\/en\/products\/internal-replaceable-paper-pad-for-travel-journal\/","url":"https:\/\/lottespapery.com\/en\/products\/internal-replaceable-paper-pad-for-travel-journal\/","name":"Internal replaceable paper notepad for travel journal - Lotte&#039;s Papery","isPartOf":{"@id":"https:\/\/lottespapery.com\/en\/#website"},"datePublished":"2022-11-15T06:28:39+00:00","dateModified":"2026-03-06T10:23:16+00:00","description":"If you have collected a lot of travel notes, memories and notes, but there is no more free space in the notepad, don't worry - we offer you to buy a replaceable internal paper notebook for your favorite travel journal! Take the previous notepad out of the covers and keep them so that you can immerse yourself in past memories. Put the new blank pad of paper in the covers of your travel journal and collect new memories! The block consists of 50 stitched pages without printing from light but high-quality paper in a soft cream color. Dimensions of the inner unit when closed: 9.5x19.5cm","breadcrumb":{"@id":"https:\/\/lottespapery.com\/en\/products\/internal-replaceable-paper-pad-for-travel-journal\/#breadcrumb"},"inLanguage":"en-US","potentialAction":[{"@type":"ReadAction","target":["https:\/\/lottespapery.com\/en\/products\/internal-replaceable-paper-pad-for-travel-journal\/"]}]},{"@type":"BreadcrumbList","@id":"https:\/\/lottespapery.com\/en\/products\/internal-replaceable-paper-pad-for-travel-journal\/#breadcrumb","itemListElement":[{"@type":"ListItem","position":1,"name":"Home","item":"https:\/\/lottespapery.com\/en\/"},{"@type":"ListItem","position":2,"name":"Shop","item":"https:\/\/lottespapery.com\/en\/shop\/"},{"@type":"ListItem","position":3,"name":"Internal replaceable paper notepad for travel journal"}]},{"@type":"WebSite","@id":"https:\/\/lottespapery.com\/en\/#website","url":"https:\/\/lottespapery.com\/en\/","name":"Lotte&#039;s Papery","description":"Pap\u012brlietas un \u0101das izstr\u0101d\u0101jumi","publisher":{"@id":"https:\/\/lottespapery.com\/en\/#organization"},"potentialAction":[{"@type":"SearchAction","target":{"@type":"EntryPoint","urlTemplate":"https:\/\/lottespapery.com\/en\/?s={search_term_string}"},"query-input":"required name=search_term_string"}],"inLanguage":"en-US"},{"@type":"Organization","@id":"https:\/\/lottespapery.com\/en\/#organization","name":"Lotte&#039;s Papery","url":"https:\/\/lottespapery.com\/en\/","logo":{"@type":"ImageObject","inLanguage":"en-US","@id":"https:\/\/lottespapery.com\/en\/#\/schema\/logo\/image\/","url":"http:\/\/lottespapery.com\/wp-content\/uploads\/2022\/11\/logo-dark_180x@2x.png","contentUrl":"http:\/\/lottespapery.com\/wp-content\/uploads\/2022\/11\/logo-dark_180x@2x.png","width":360,"height":100,"caption":"Lotte&#039;s Papery"},"image":{"@id":"https:\/\/lottespapery.com\/en\/#\/schema\/logo\/image\/"},"sameAs":["https:\/\/www.instagram.com\/lottes_papery\/","https:\/\/www.facebook.com\/LottesPapery\/"]}]}},"_links":{"self":[{"href":"https:\/\/lottespapery.com\/en\/wp-json\/wp\/v2\/product\/21412","targetHints":{"allow":["GET"]}}],"collection":[{"href":"https:\/\/lottespapery.com\/en\/wp-json\/wp\/v2\/product"}],"about":[{"href":"https:\/\/lottespapery.com\/en\/wp-json\/wp\/v2\/types\/product"}],"wp:featuredmedia":[{"embeddable":true,"href":"https:\/\/lottespapery.com\/en\/wp-json\/wp\/v2\/media\/11162"}],"wp:attachment":[{"href":"https:\/\/lottespapery.com\/en\/wp-json\/wp\/v2\/media?parent=21412"}],"wp:term":[{"taxonomy":"product_brand","embeddable":true,"href":"https:\/\/lottespapery.com\/en\/wp-json\/wp\/v2\/product_brand?post=21412"},{"taxonomy":"product_cat","embeddable":true,"href":"https:\/\/lottespapery.com\/en\/wp-json\/wp\/v2\/product_cat?post=21412"},{"taxonomy":"product_tag","embeddable":true,"href":"https:\/\/lottespapery.com\/en\/wp-json\/wp\/v2\/product_tag?post=21412"}],"curies":[{"name":"wp","href":"https:\/\/api.w.org\/{rel}","templated":true}]}}