{"id":21499,"date":"2023-03-23T16:00:58","date_gmt":"2023-03-23T14:00:58","guid":{"rendered":"http:\/\/lottespapery.com\/products\/iron-on-passport-covers-world\/"},"modified":"2026-03-11T18:04:24","modified_gmt":"2026-03-11T16:04:24","slug":"iron-on-passport-covers-world","status":"publish","type":"product","link":"https:\/\/lottespapery.com\/en\/products\/iron-on-passport-covers-world\/","title":{"rendered":"Smooth leather passport covers &#8220;World&#8221;"},"content":{"rendered":"","protected":false},"excerpt":{"rendered":"","protected":false},"featured_media":18542,"template":"","meta":[],"product_brand":[],"product_cat":[658],"product_tag":[],"class_list":{"0":"post-21499","1":"product","2":"type-product","3":"status-publish","4":"has-post-thumbnail","6":"product_cat-for-traveling","8":"first","9":"instock","10":"taxable","11":"shipping-taxable","12":"purchasable","13":"product-type-variable","14":"has-default-attributes"},"raw_content":{"name":"Smooth leather passport covers \"World\"","description":"","short_description":"","status":"publish","sku":"LPLTHR_019","original":18483},"wpml":{"translation_type":1,"has_translations":true,"original":18483,"duplicates":[],"translations":{"lv":18483,"en":21499}},"yoast_head":"<!-- This site is optimized with the Yoast SEO plugin v19.10 - https:\/\/yoast.com\/wordpress\/plugins\/seo\/ -->\n<title>Smooth leather passport covers &quot;World&quot; - Lotte&#039;s Papery<\/title>\n<meta name=\"description\" content=\"Passport covers made from high-quality smooth leather with embossed design.  Passport cover size (when opened): - 20,5 x 14 cm  These leather covers can be personalized with two embossed initials or a word (up to 6 characters on one line). Personalization is available in gold, silver, or colorless.  PRODUCTION TIME: - If the product in the selected color is available in stock at the time of placing the order, the order will be completed within 3 business days. - If the product in the selected color is not in stock, the production time is up to 1.5 weeks.  For information about availability of the finished product in specific colors, please contact us by calling +371 2208 7727 or e-mailing info@lottespapery.com  PLEASE NOTE: - If you choose personalization, please indicate the exact initials in the comment section when placing your order. - The shade of the leather may differ slightly from what you see on your screen, depending on your individual monitor settings. _  All of Lotte\u2019s leather products are handmade by a master craftsman right here in Latvia, in our small but warm-hearted workshop. We believe that leather is a special and beautiful material, and we are grateful for its past life, so we use it as sparingly as possible.\" \/>\n<meta name=\"robots\" content=\"index, follow, max-snippet:-1, max-image-preview:large, max-video-preview:-1\" \/>\n<link rel=\"canonical\" href=\"https:\/\/lottespapery.com\/en\/products\/iron-on-passport-covers-world\/\" \/>\n<meta property=\"og:locale\" content=\"en_US\" \/>\n<meta property=\"og:type\" content=\"article\" \/>\n<meta property=\"og:title\" content=\"Smooth leather passport covers &quot;World&quot; - Lotte&#039;s Papery\" \/>\n<meta property=\"og:description\" content=\"Passport covers made from high-quality smooth leather with embossed design.  Passport cover size (when opened): - 20,5 x 14 cm  These leather covers can be personalized with two embossed initials or a word (up to 6 characters on one line). Personalization is available in gold, silver, or colorless.  PRODUCTION TIME: - If the product in the selected color is available in stock at the time of placing the order, the order will be completed within 3 business days. - If the product in the selected color is not in stock, the production time is up to 1.5 weeks.  For information about availability of the finished product in specific colors, please contact us by calling +371 2208 7727 or e-mailing info@lottespapery.com  PLEASE NOTE: - If you choose personalization, please indicate the exact initials in the comment section when placing your order. - The shade of the leather may differ slightly from what you see on your screen, depending on your individual monitor settings. _  All of Lotte\u2019s leather products are handmade by a master craftsman right here in Latvia, in our small but warm-hearted workshop. We believe that leather is a special and beautiful material, and we are grateful for its past life, so we use it as sparingly as possible.\" \/>\n<meta property=\"og:url\" content=\"https:\/\/lottespapery.com\/en\/products\/iron-on-passport-covers-world\/\" \/>\n<meta property=\"og:site_name\" content=\"Lotte&#039;s Papery\" \/>\n<meta property=\"article:publisher\" content=\"https:\/\/www.facebook.com\/LottesPapery\/\" \/>\n<meta property=\"article:modified_time\" content=\"2026-03-11T16:04:24+00:00\" \/>\n<meta property=\"og:image\" content=\"http:\/\/lottespapery.com\/wp-content\/uploads\/2023\/03\/LOT_8462-scaled-e1679580454200.jpg\" \/>\n\t<meta property=\"og:image:width\" content=\"1900\" \/>\n\t<meta property=\"og:image:height\" content=\"2560\" \/>\n\t<meta property=\"og:image:type\" content=\"image\/jpeg\" \/>\n<meta name=\"twitter:card\" content=\"summary_large_image\" \/>\n<script type=\"application\/ld+json\" class=\"yoast-schema-graph\">{\"@context\":\"https:\/\/schema.org\",\"@graph\":[{\"@type\":\"WebPage\",\"@id\":\"https:\/\/lottespapery.com\/en\/products\/iron-on-passport-covers-world\/\",\"url\":\"https:\/\/lottespapery.com\/en\/products\/iron-on-passport-covers-world\/\",\"name\":\"Smooth leather passport covers \\\"World\\\" - Lotte&#039;s Papery\",\"isPartOf\":{\"@id\":\"https:\/\/lottespapery.com\/en\/#website\"},\"datePublished\":\"2023-03-23T14:00:58+00:00\",\"dateModified\":\"2026-03-11T16:04:24+00:00\",\"description\":\"Passport covers made from high-quality smooth leather with embossed design. Passport cover size (when opened): - 20,5 x 14 cm These leather covers can be personalized with two embossed initials or a word (up to 6 characters on one line). Personalization is available in gold, silver, or colorless. PRODUCTION TIME: - If the product in the selected color is available in stock at the time of placing the order, the order will be completed within 3 business days. - If the product in the selected color is not in stock, the production time is up to 1.5 weeks. For information about availability of the finished product in specific colors, please contact us by calling +371 2208 7727 or e-mailing info@lottespapery.com PLEASE NOTE: - If you choose personalization, please indicate the exact initials in the comment section when placing your order. - The shade of the leather may differ slightly from what you see on your screen, depending on your individual monitor settings. _ All of Lotte\u2019s leather products are handmade by a master craftsman right here in Latvia, in our small but warm-hearted workshop. We believe that leather is a special and beautiful material, and we are grateful for its past life, so we use it as sparingly as possible.\",\"breadcrumb\":{\"@id\":\"https:\/\/lottespapery.com\/en\/products\/iron-on-passport-covers-world\/#breadcrumb\"},\"inLanguage\":\"en-US\",\"potentialAction\":[{\"@type\":\"ReadAction\",\"target\":[\"https:\/\/lottespapery.com\/en\/products\/iron-on-passport-covers-world\/\"]}]},{\"@type\":\"BreadcrumbList\",\"@id\":\"https:\/\/lottespapery.com\/en\/products\/iron-on-passport-covers-world\/#breadcrumb\",\"itemListElement\":[{\"@type\":\"ListItem\",\"position\":1,\"name\":\"Home\",\"item\":\"https:\/\/lottespapery.com\/en\/\"},{\"@type\":\"ListItem\",\"position\":2,\"name\":\"Shop\",\"item\":\"https:\/\/lottespapery.com\/en\/shop\/\"},{\"@type\":\"ListItem\",\"position\":3,\"name\":\"Smooth leather passport covers &#8220;World&#8221;\"}]},{\"@type\":\"WebSite\",\"@id\":\"https:\/\/lottespapery.com\/en\/#website\",\"url\":\"https:\/\/lottespapery.com\/en\/\",\"name\":\"Lotte&#039;s Papery\",\"description\":\"Pap\u012brlietas un \u0101das izstr\u0101d\u0101jumi\",\"publisher\":{\"@id\":\"https:\/\/lottespapery.com\/en\/#organization\"},\"potentialAction\":[{\"@type\":\"SearchAction\",\"target\":{\"@type\":\"EntryPoint\",\"urlTemplate\":\"https:\/\/lottespapery.com\/en\/?s={search_term_string}\"},\"query-input\":\"required name=search_term_string\"}],\"inLanguage\":\"en-US\"},{\"@type\":\"Organization\",\"@id\":\"https:\/\/lottespapery.com\/en\/#organization\",\"name\":\"Lotte&#039;s Papery\",\"url\":\"https:\/\/lottespapery.com\/en\/\",\"logo\":{\"@type\":\"ImageObject\",\"inLanguage\":\"en-US\",\"@id\":\"https:\/\/lottespapery.com\/en\/#\/schema\/logo\/image\/\",\"url\":\"http:\/\/lottespapery.com\/wp-content\/uploads\/2022\/11\/logo-dark_180x@2x.png\",\"contentUrl\":\"http:\/\/lottespapery.com\/wp-content\/uploads\/2022\/11\/logo-dark_180x@2x.png\",\"width\":360,\"height\":100,\"caption\":\"Lotte&#039;s Papery\"},\"image\":{\"@id\":\"https:\/\/lottespapery.com\/en\/#\/schema\/logo\/image\/\"},\"sameAs\":[\"https:\/\/www.instagram.com\/lottes_papery\/\",\"https:\/\/www.facebook.com\/LottesPapery\/\"]}]}<\/script>\n<!-- \/ Yoast SEO plugin. -->","yoast_head_json":{"title":"Smooth leather passport covers \"World\" - Lotte&#039;s Papery","description":"Passport covers made from high-quality smooth leather with embossed design.  Passport cover size (when opened): - 20,5 x 14 cm  These leather covers can be personalized with two embossed initials or a word (up to 6 characters on one line). Personalization is available in gold, silver, or colorless.  PRODUCTION TIME: - If the product in the selected color is available in stock at the time of placing the order, the order will be completed within 3 business days. - If the product in the selected color is not in stock, the production time is up to 1.5 weeks.  For information about availability of the finished product in specific colors, please contact us by calling +371 2208 7727 or e-mailing info@lottespapery.com  PLEASE NOTE: - If you choose personalization, please indicate the exact initials in the comment section when placing your order. - The shade of the leather may differ slightly from what you see on your screen, depending on your individual monitor settings. _  All of Lotte\u2019s leather products are handmade by a master craftsman right here in Latvia, in our small but warm-hearted workshop. We believe that leather is a special and beautiful material, and we are grateful for its past life, so we use it as sparingly as possible.","robots":{"index":"index","follow":"follow","max-snippet":"max-snippet:-1","max-image-preview":"max-image-preview:large","max-video-preview":"max-video-preview:-1"},"canonical":"https:\/\/lottespapery.com\/en\/products\/iron-on-passport-covers-world\/","og_locale":"en_US","og_type":"article","og_title":"Smooth leather passport covers \"World\" - Lotte&#039;s Papery","og_description":"Passport covers made from high-quality smooth leather with embossed design.  Passport cover size (when opened): - 20,5 x 14 cm  These leather covers can be personalized with two embossed initials or a word (up to 6 characters on one line). Personalization is available in gold, silver, or colorless.  PRODUCTION TIME: - If the product in the selected color is available in stock at the time of placing the order, the order will be completed within 3 business days. - If the product in the selected color is not in stock, the production time is up to 1.5 weeks.  For information about availability of the finished product in specific colors, please contact us by calling +371 2208 7727 or e-mailing info@lottespapery.com  PLEASE NOTE: - If you choose personalization, please indicate the exact initials in the comment section when placing your order. - The shade of the leather may differ slightly from what you see on your screen, depending on your individual monitor settings. _  All of Lotte\u2019s leather products are handmade by a master craftsman right here in Latvia, in our small but warm-hearted workshop. We believe that leather is a special and beautiful material, and we are grateful for its past life, so we use it as sparingly as possible.","og_url":"https:\/\/lottespapery.com\/en\/products\/iron-on-passport-covers-world\/","og_site_name":"Lotte&#039;s Papery","article_publisher":"https:\/\/www.facebook.com\/LottesPapery\/","article_modified_time":"2026-03-11T16:04:24+00:00","og_image":[{"width":1900,"height":2560,"url":"http:\/\/lottespapery.com\/wp-content\/uploads\/2023\/03\/LOT_8462-scaled-e1679580454200.jpg","type":"image\/jpeg"}],"twitter_card":"summary_large_image","schema":{"@context":"https:\/\/schema.org","@graph":[{"@type":"WebPage","@id":"https:\/\/lottespapery.com\/en\/products\/iron-on-passport-covers-world\/","url":"https:\/\/lottespapery.com\/en\/products\/iron-on-passport-covers-world\/","name":"Smooth leather passport covers \"World\" - Lotte&#039;s Papery","isPartOf":{"@id":"https:\/\/lottespapery.com\/en\/#website"},"datePublished":"2023-03-23T14:00:58+00:00","dateModified":"2026-03-11T16:04:24+00:00","description":"Passport covers made from high-quality smooth leather with embossed design. Passport cover size (when opened): - 20,5 x 14 cm These leather covers can be personalized with two embossed initials or a word (up to 6 characters on one line). Personalization is available in gold, silver, or colorless. PRODUCTION TIME: - If the product in the selected color is available in stock at the time of placing the order, the order will be completed within 3 business days. - If the product in the selected color is not in stock, the production time is up to 1.5 weeks. For information about availability of the finished product in specific colors, please contact us by calling +371 2208 7727 or e-mailing info@lottespapery.com PLEASE NOTE: - If you choose personalization, please indicate the exact initials in the comment section when placing your order. - The shade of the leather may differ slightly from what you see on your screen, depending on your individual monitor settings. _ All of Lotte\u2019s leather products are handmade by a master craftsman right here in Latvia, in our small but warm-hearted workshop. We believe that leather is a special and beautiful material, and we are grateful for its past life, so we use it as sparingly as possible.","breadcrumb":{"@id":"https:\/\/lottespapery.com\/en\/products\/iron-on-passport-covers-world\/#breadcrumb"},"inLanguage":"en-US","potentialAction":[{"@type":"ReadAction","target":["https:\/\/lottespapery.com\/en\/products\/iron-on-passport-covers-world\/"]}]},{"@type":"BreadcrumbList","@id":"https:\/\/lottespapery.com\/en\/products\/iron-on-passport-covers-world\/#breadcrumb","itemListElement":[{"@type":"ListItem","position":1,"name":"Home","item":"https:\/\/lottespapery.com\/en\/"},{"@type":"ListItem","position":2,"name":"Shop","item":"https:\/\/lottespapery.com\/en\/shop\/"},{"@type":"ListItem","position":3,"name":"Smooth leather passport covers &#8220;World&#8221;"}]},{"@type":"WebSite","@id":"https:\/\/lottespapery.com\/en\/#website","url":"https:\/\/lottespapery.com\/en\/","name":"Lotte&#039;s Papery","description":"Pap\u012brlietas un \u0101das izstr\u0101d\u0101jumi","publisher":{"@id":"https:\/\/lottespapery.com\/en\/#organization"},"potentialAction":[{"@type":"SearchAction","target":{"@type":"EntryPoint","urlTemplate":"https:\/\/lottespapery.com\/en\/?s={search_term_string}"},"query-input":"required name=search_term_string"}],"inLanguage":"en-US"},{"@type":"Organization","@id":"https:\/\/lottespapery.com\/en\/#organization","name":"Lotte&#039;s Papery","url":"https:\/\/lottespapery.com\/en\/","logo":{"@type":"ImageObject","inLanguage":"en-US","@id":"https:\/\/lottespapery.com\/en\/#\/schema\/logo\/image\/","url":"http:\/\/lottespapery.com\/wp-content\/uploads\/2022\/11\/logo-dark_180x@2x.png","contentUrl":"http:\/\/lottespapery.com\/wp-content\/uploads\/2022\/11\/logo-dark_180x@2x.png","width":360,"height":100,"caption":"Lotte&#039;s Papery"},"image":{"@id":"https:\/\/lottespapery.com\/en\/#\/schema\/logo\/image\/"},"sameAs":["https:\/\/www.instagram.com\/lottes_papery\/","https:\/\/www.facebook.com\/LottesPapery\/"]}]}},"_links":{"self":[{"href":"https:\/\/lottespapery.com\/en\/wp-json\/wp\/v2\/product\/21499","targetHints":{"allow":["GET"]}}],"collection":[{"href":"https:\/\/lottespapery.com\/en\/wp-json\/wp\/v2\/product"}],"about":[{"href":"https:\/\/lottespapery.com\/en\/wp-json\/wp\/v2\/types\/product"}],"wp:featuredmedia":[{"embeddable":true,"href":"https:\/\/lottespapery.com\/en\/wp-json\/wp\/v2\/media\/18542"}],"wp:attachment":[{"href":"https:\/\/lottespapery.com\/en\/wp-json\/wp\/v2\/media?parent=21499"}],"wp:term":[{"taxonomy":"product_brand","embeddable":true,"href":"https:\/\/lottespapery.com\/en\/wp-json\/wp\/v2\/product_brand?post=21499"},{"taxonomy":"product_cat","embeddable":true,"href":"https:\/\/lottespapery.com\/en\/wp-json\/wp\/v2\/product_cat?post=21499"},{"taxonomy":"product_tag","embeddable":true,"href":"https:\/\/lottespapery.com\/en\/wp-json\/wp\/v2\/product_tag?post=21499"}],"curies":[{"name":"wp","href":"https:\/\/api.w.org\/{rel}","templated":true}]}}