{"id":21562,"date":"2022-11-15T05:54:04","date_gmt":"2022-11-15T03:54:04","guid":{"rendered":"http:\/\/lottespapery.com\/products\/handmade-paper-notebook-no-design\/"},"modified":"2023-04-17T00:02:54","modified_gmt":"2023-04-16T21:02:54","slug":"handmade-paper-notebook-no-design","status":"publish","type":"product","link":"https:\/\/lottespapery.com\/en\/products\/handmade-paper-notebook-no-design\/","title":{"rendered":"Handmade paper notebook \/\/ no design"},"content":{"rendered":"","protected":false},"excerpt":{"rendered":"","protected":false},"featured_media":2365,"template":"","meta":[],"product_brand":[],"product_cat":[881,878,872],"product_tag":[],"class_list":{"0":"post-21562","1":"product","2":"type-product","3":"status-publish","4":"has-post-thumbnail","6":"product_cat-notepads","7":"product_cat-handmade-paper","8":"product_cat-for-artists","10":"first","11":"instock","12":"taxable","13":"shipping-taxable","14":"purchasable","15":"product-type-variable","16":"has-default-attributes"},"raw_content":{"name":"Handmade paper notebook \/\/ no design","description":"","short_description":"","status":"publish","sku":"C89E-91236E","original":2361},"wpml":{"translation_type":1,"has_translations":true,"original":2361,"duplicates":[],"translations":{"lv":2361,"en":21562}},"yoast_head":"<!-- This site is optimized with the Yoast SEO plugin v19.10 - https:\/\/yoast.com\/wordpress\/plugins\/seo\/ -->\n<title>Handmade paper notebook \/\/ no design - Lotte&#039;s Papery<\/title>\n<meta name=\"description\" content=\"Handmade things, natural cotton paper notebooks.Wonderful raw edges, rough texture - all this gives an authentic feel. Available sizes: 10 x 15 cm and 15 x 20 cm. Number of pages: 192\" \/>\n<meta name=\"robots\" content=\"index, follow, max-snippet:-1, max-image-preview:large, max-video-preview:-1\" \/>\n<link rel=\"canonical\" href=\"https:\/\/lottespapery.com\/en\/products\/handmade-paper-notebook-no-design\/\" \/>\n<meta property=\"og:locale\" content=\"en_US\" \/>\n<meta property=\"og:type\" content=\"article\" \/>\n<meta property=\"og:title\" content=\"Handmade paper notebook \/\/ no design - Lotte&#039;s Papery\" \/>\n<meta property=\"og:description\" content=\"Handmade things, natural cotton paper notebooks.Wonderful raw edges, rough texture - all this gives an authentic feel. Available sizes: 10 x 15 cm and 15 x 20 cm. Number of pages: 192\" \/>\n<meta property=\"og:url\" content=\"https:\/\/lottespapery.com\/en\/products\/handmade-paper-notebook-no-design\/\" \/>\n<meta property=\"og:site_name\" content=\"Lotte&#039;s Papery\" \/>\n<meta property=\"article:publisher\" content=\"https:\/\/www.facebook.com\/LottesPapery\/\" \/>\n<meta property=\"article:modified_time\" content=\"2023-04-16T21:02:54+00:00\" \/>\n<meta property=\"og:image\" content=\"https:\/\/lottespapery.com\/wp-content\/uploads\/2022\/11\/5_33c469a3-a868-459b-bb1d-ba08076b5a8c.jpg\" \/>\n\t<meta property=\"og:image:width\" content=\"828\" \/>\n\t<meta property=\"og:image:height\" content=\"789\" \/>\n\t<meta property=\"og:image:type\" content=\"image\/jpeg\" \/>\n<meta name=\"twitter:card\" content=\"summary_large_image\" \/>\n<script type=\"application\/ld+json\" class=\"yoast-schema-graph\">{\"@context\":\"https:\/\/schema.org\",\"@graph\":[{\"@type\":\"WebPage\",\"@id\":\"https:\/\/lottespapery.com\/en\/products\/handmade-paper-notebook-no-design\/\",\"url\":\"https:\/\/lottespapery.com\/en\/products\/handmade-paper-notebook-no-design\/\",\"name\":\"Handmade paper notebook \/\/ no design - Lotte&#039;s Papery\",\"isPartOf\":{\"@id\":\"https:\/\/lottespapery.com\/en\/#website\"},\"datePublished\":\"2022-11-15T03:54:04+00:00\",\"dateModified\":\"2023-04-16T21:02:54+00:00\",\"description\":\"Handmade things, natural cotton paper notebooks.Wonderful raw edges, rough texture - all this gives an authentic feel. Available sizes: 10 x 15 cm and 15 x 20 cm. Number of pages: 192\",\"breadcrumb\":{\"@id\":\"https:\/\/lottespapery.com\/en\/products\/handmade-paper-notebook-no-design\/#breadcrumb\"},\"inLanguage\":\"en-US\",\"potentialAction\":[{\"@type\":\"ReadAction\",\"target\":[\"https:\/\/lottespapery.com\/en\/products\/handmade-paper-notebook-no-design\/\"]}]},{\"@type\":\"BreadcrumbList\",\"@id\":\"https:\/\/lottespapery.com\/en\/products\/handmade-paper-notebook-no-design\/#breadcrumb\",\"itemListElement\":[{\"@type\":\"ListItem\",\"position\":1,\"name\":\"Home\",\"item\":\"https:\/\/lottespapery.com\/en\/\"},{\"@type\":\"ListItem\",\"position\":2,\"name\":\"Shop\",\"item\":\"https:\/\/lottespapery.com\/en\/shop\/\"},{\"@type\":\"ListItem\",\"position\":3,\"name\":\"Handmade paper notebook \/\/ no design\"}]},{\"@type\":\"WebSite\",\"@id\":\"https:\/\/lottespapery.com\/en\/#website\",\"url\":\"https:\/\/lottespapery.com\/en\/\",\"name\":\"Lotte&#039;s Papery\",\"description\":\"Pap\u012brlietas un \u0101das izstr\u0101d\u0101jumi\",\"publisher\":{\"@id\":\"https:\/\/lottespapery.com\/en\/#organization\"},\"potentialAction\":[{\"@type\":\"SearchAction\",\"target\":{\"@type\":\"EntryPoint\",\"urlTemplate\":\"https:\/\/lottespapery.com\/en\/?s={search_term_string}\"},\"query-input\":\"required name=search_term_string\"}],\"inLanguage\":\"en-US\"},{\"@type\":\"Organization\",\"@id\":\"https:\/\/lottespapery.com\/en\/#organization\",\"name\":\"Lotte&#039;s Papery\",\"url\":\"https:\/\/lottespapery.com\/en\/\",\"logo\":{\"@type\":\"ImageObject\",\"inLanguage\":\"en-US\",\"@id\":\"https:\/\/lottespapery.com\/en\/#\/schema\/logo\/image\/\",\"url\":\"http:\/\/lottespapery.com\/wp-content\/uploads\/2022\/11\/logo-dark_180x@2x.png\",\"contentUrl\":\"http:\/\/lottespapery.com\/wp-content\/uploads\/2022\/11\/logo-dark_180x@2x.png\",\"width\":360,\"height\":100,\"caption\":\"Lotte&#039;s Papery\"},\"image\":{\"@id\":\"https:\/\/lottespapery.com\/en\/#\/schema\/logo\/image\/\"},\"sameAs\":[\"https:\/\/www.instagram.com\/lottes_papery\/\",\"https:\/\/www.facebook.com\/LottesPapery\/\"]}]}<\/script>\n<!-- \/ Yoast SEO plugin. -->","yoast_head_json":{"title":"Handmade paper notebook \/\/ no design - Lotte&#039;s Papery","description":"Handmade things, natural cotton paper notebooks.Wonderful raw edges, rough texture - all this gives an authentic feel. Available sizes: 10 x 15 cm and 15 x 20 cm. Number of pages: 192","robots":{"index":"index","follow":"follow","max-snippet":"max-snippet:-1","max-image-preview":"max-image-preview:large","max-video-preview":"max-video-preview:-1"},"canonical":"https:\/\/lottespapery.com\/en\/products\/handmade-paper-notebook-no-design\/","og_locale":"en_US","og_type":"article","og_title":"Handmade paper notebook \/\/ no design - Lotte&#039;s Papery","og_description":"Handmade things, natural cotton paper notebooks.Wonderful raw edges, rough texture - all this gives an authentic feel. Available sizes: 10 x 15 cm and 15 x 20 cm. Number of pages: 192","og_url":"https:\/\/lottespapery.com\/en\/products\/handmade-paper-notebook-no-design\/","og_site_name":"Lotte&#039;s Papery","article_publisher":"https:\/\/www.facebook.com\/LottesPapery\/","article_modified_time":"2023-04-16T21:02:54+00:00","og_image":[{"width":828,"height":789,"url":"https:\/\/lottespapery.com\/wp-content\/uploads\/2022\/11\/5_33c469a3-a868-459b-bb1d-ba08076b5a8c.jpg","type":"image\/jpeg"}],"twitter_card":"summary_large_image","schema":{"@context":"https:\/\/schema.org","@graph":[{"@type":"WebPage","@id":"https:\/\/lottespapery.com\/en\/products\/handmade-paper-notebook-no-design\/","url":"https:\/\/lottespapery.com\/en\/products\/handmade-paper-notebook-no-design\/","name":"Handmade paper notebook \/\/ no design - Lotte&#039;s Papery","isPartOf":{"@id":"https:\/\/lottespapery.com\/en\/#website"},"datePublished":"2022-11-15T03:54:04+00:00","dateModified":"2023-04-16T21:02:54+00:00","description":"Handmade things, natural cotton paper notebooks.Wonderful raw edges, rough texture - all this gives an authentic feel. Available sizes: 10 x 15 cm and 15 x 20 cm. Number of pages: 192","breadcrumb":{"@id":"https:\/\/lottespapery.com\/en\/products\/handmade-paper-notebook-no-design\/#breadcrumb"},"inLanguage":"en-US","potentialAction":[{"@type":"ReadAction","target":["https:\/\/lottespapery.com\/en\/products\/handmade-paper-notebook-no-design\/"]}]},{"@type":"BreadcrumbList","@id":"https:\/\/lottespapery.com\/en\/products\/handmade-paper-notebook-no-design\/#breadcrumb","itemListElement":[{"@type":"ListItem","position":1,"name":"Home","item":"https:\/\/lottespapery.com\/en\/"},{"@type":"ListItem","position":2,"name":"Shop","item":"https:\/\/lottespapery.com\/en\/shop\/"},{"@type":"ListItem","position":3,"name":"Handmade paper notebook \/\/ no design"}]},{"@type":"WebSite","@id":"https:\/\/lottespapery.com\/en\/#website","url":"https:\/\/lottespapery.com\/en\/","name":"Lotte&#039;s Papery","description":"Pap\u012brlietas un \u0101das izstr\u0101d\u0101jumi","publisher":{"@id":"https:\/\/lottespapery.com\/en\/#organization"},"potentialAction":[{"@type":"SearchAction","target":{"@type":"EntryPoint","urlTemplate":"https:\/\/lottespapery.com\/en\/?s={search_term_string}"},"query-input":"required name=search_term_string"}],"inLanguage":"en-US"},{"@type":"Organization","@id":"https:\/\/lottespapery.com\/en\/#organization","name":"Lotte&#039;s Papery","url":"https:\/\/lottespapery.com\/en\/","logo":{"@type":"ImageObject","inLanguage":"en-US","@id":"https:\/\/lottespapery.com\/en\/#\/schema\/logo\/image\/","url":"http:\/\/lottespapery.com\/wp-content\/uploads\/2022\/11\/logo-dark_180x@2x.png","contentUrl":"http:\/\/lottespapery.com\/wp-content\/uploads\/2022\/11\/logo-dark_180x@2x.png","width":360,"height":100,"caption":"Lotte&#039;s Papery"},"image":{"@id":"https:\/\/lottespapery.com\/en\/#\/schema\/logo\/image\/"},"sameAs":["https:\/\/www.instagram.com\/lottes_papery\/","https:\/\/www.facebook.com\/LottesPapery\/"]}]}},"_links":{"self":[{"href":"https:\/\/lottespapery.com\/en\/wp-json\/wp\/v2\/product\/21562","targetHints":{"allow":["GET"]}}],"collection":[{"href":"https:\/\/lottespapery.com\/en\/wp-json\/wp\/v2\/product"}],"about":[{"href":"https:\/\/lottespapery.com\/en\/wp-json\/wp\/v2\/types\/product"}],"wp:featuredmedia":[{"embeddable":true,"href":"https:\/\/lottespapery.com\/en\/wp-json\/wp\/v2\/media\/2365"}],"wp:attachment":[{"href":"https:\/\/lottespapery.com\/en\/wp-json\/wp\/v2\/media?parent=21562"}],"wp:term":[{"taxonomy":"product_brand","embeddable":true,"href":"https:\/\/lottespapery.com\/en\/wp-json\/wp\/v2\/product_brand?post=21562"},{"taxonomy":"product_cat","embeddable":true,"href":"https:\/\/lottespapery.com\/en\/wp-json\/wp\/v2\/product_cat?post=21562"},{"taxonomy":"product_tag","embeddable":true,"href":"https:\/\/lottespapery.com\/en\/wp-json\/wp\/v2\/product_tag?post=21562"}],"curies":[{"name":"wp","href":"https:\/\/api.w.org\/{rel}","templated":true}]}}