{"id":21646,"date":"2022-11-22T12:27:55","date_gmt":"2022-11-22T10:27:55","guid":{"rendered":"http:\/\/lottespapery.com\/products\/gold-tray-for-little-things-f-it\/"},"modified":"2023-04-17T00:02:54","modified_gmt":"2023-04-16T21:02:54","slug":"gold-tray-for-little-things-f-it","status":"publish","type":"product","link":"https:\/\/lottespapery.com\/en\/products\/gold-tray-for-little-things-f-it\/","title":{"rendered":"Gold tray for little things &#8220;f*&amp;^ it&#8221;"},"content":{"rendered":"","protected":false},"excerpt":{"rendered":"","protected":false},"featured_media":38898,"template":"","meta":[],"product_brand":[],"product_cat":[1685,771],"product_tag":[],"class_list":{"0":"post-21646","1":"product","2":"type-product","3":"status-publish","4":"has-post-thumbnail","6":"product_cat-accessories-for-wedding-day","7":"product_cat-rakstamlietas-2-en","9":"first","10":"instock","11":"taxable","12":"shipping-taxable","13":"purchasable","14":"product-type-simple"},"raw_content":{"name":"Gold tray for little things \"f*&amp;^ it\"","description":"","short_description":"","status":"publish","sku":"DA3D-4A1388","original":15467},"wpml":{"translation_type":1,"has_translations":true,"original":15467,"duplicates":[],"translations":{"lv":15467,"en":21646}},"yoast_head":"<!-- This site is optimized with the Yoast SEO plugin v19.10 - https:\/\/yoast.com\/wordpress\/plugins\/seo\/ -->\n<title>Gold tray for little things &quot;f*&amp;^ it&quot; - Lotte&#039;s Papery<\/title>\n<meta name=\"description\" content=\"A small gold-plated tray for storing jewelry and other small items, in the shape of a heart with the engraved inscription &quot;fuck it&quot; - for lovers of black humor and simply positive people. Size: about 8.8x8.5cm. Material: stainless steel with mirror finish, easy to clean.\" \/>\n<meta name=\"robots\" content=\"index, follow, max-snippet:-1, max-image-preview:large, max-video-preview:-1\" \/>\n<link rel=\"canonical\" href=\"https:\/\/lottespapery.com\/en\/products\/gold-tray-for-little-things-f-it\/\" \/>\n<meta property=\"og:locale\" content=\"en_US\" \/>\n<meta property=\"og:type\" content=\"article\" \/>\n<meta property=\"og:title\" content=\"Gold tray for little things &quot;f*&amp;^ it&quot; - Lotte&#039;s Papery\" \/>\n<meta property=\"og:description\" content=\"A small gold-plated tray for storing jewelry and other small items, in the shape of a heart with the engraved inscription &quot;fuck it&quot; - for lovers of black humor and simply positive people. Size: about 8.8x8.5cm. Material: stainless steel with mirror finish, easy to clean.\" \/>\n<meta property=\"og:url\" content=\"https:\/\/lottespapery.com\/en\/products\/gold-tray-for-little-things-f-it\/\" \/>\n<meta property=\"og:site_name\" content=\"Lotte&#039;s Papery\" \/>\n<meta property=\"article:publisher\" content=\"https:\/\/www.facebook.com\/LottesPapery\/\" \/>\n<meta property=\"article:modified_time\" content=\"2023-04-16T21:02:54+00:00\" \/>\n<meta property=\"og:image\" content=\"http:\/\/lottespapery.com\/wp-content\/uploads\/2022\/11\/198329-47cd1299684d63_jpg.jpg\" \/>\n\t<meta property=\"og:image:width\" content=\"2000\" \/>\n\t<meta property=\"og:image:height\" content=\"2000\" \/>\n\t<meta property=\"og:image:type\" content=\"image\/jpeg\" \/>\n<meta name=\"twitter:card\" content=\"summary_large_image\" \/>\n<script type=\"application\/ld+json\" class=\"yoast-schema-graph\">{\"@context\":\"https:\/\/schema.org\",\"@graph\":[{\"@type\":\"WebPage\",\"@id\":\"https:\/\/lottespapery.com\/en\/products\/gold-tray-for-little-things-f-it\/\",\"url\":\"https:\/\/lottespapery.com\/en\/products\/gold-tray-for-little-things-f-it\/\",\"name\":\"Gold tray for little things \\\"f*&amp;^ it\\\" - Lotte&#039;s Papery\",\"isPartOf\":{\"@id\":\"https:\/\/lottespapery.com\/en\/#website\"},\"datePublished\":\"2022-11-22T10:27:55+00:00\",\"dateModified\":\"2023-04-16T21:02:54+00:00\",\"description\":\"A small gold-plated tray for storing jewelry and other small items, in the shape of a heart with the engraved inscription \\\"fuck it\\\" - for lovers of black humor and simply positive people. Size: about 8.8x8.5cm. Material: stainless steel with mirror finish, easy to clean.\",\"breadcrumb\":{\"@id\":\"https:\/\/lottespapery.com\/en\/products\/gold-tray-for-little-things-f-it\/#breadcrumb\"},\"inLanguage\":\"en-US\",\"potentialAction\":[{\"@type\":\"ReadAction\",\"target\":[\"https:\/\/lottespapery.com\/en\/products\/gold-tray-for-little-things-f-it\/\"]}]},{\"@type\":\"BreadcrumbList\",\"@id\":\"https:\/\/lottespapery.com\/en\/products\/gold-tray-for-little-things-f-it\/#breadcrumb\",\"itemListElement\":[{\"@type\":\"ListItem\",\"position\":1,\"name\":\"Home\",\"item\":\"https:\/\/lottespapery.com\/en\/\"},{\"@type\":\"ListItem\",\"position\":2,\"name\":\"Shop\",\"item\":\"https:\/\/lottespapery.com\/en\/shop\/\"},{\"@type\":\"ListItem\",\"position\":3,\"name\":\"Gold tray for little things &#8220;f*&amp;^ it&#8221;\"}]},{\"@type\":\"WebSite\",\"@id\":\"https:\/\/lottespapery.com\/en\/#website\",\"url\":\"https:\/\/lottespapery.com\/en\/\",\"name\":\"Lotte&#039;s Papery\",\"description\":\"Pap\u012brlietas un \u0101das izstr\u0101d\u0101jumi\",\"publisher\":{\"@id\":\"https:\/\/lottespapery.com\/en\/#organization\"},\"potentialAction\":[{\"@type\":\"SearchAction\",\"target\":{\"@type\":\"EntryPoint\",\"urlTemplate\":\"https:\/\/lottespapery.com\/en\/?s={search_term_string}\"},\"query-input\":\"required name=search_term_string\"}],\"inLanguage\":\"en-US\"},{\"@type\":\"Organization\",\"@id\":\"https:\/\/lottespapery.com\/en\/#organization\",\"name\":\"Lotte&#039;s Papery\",\"url\":\"https:\/\/lottespapery.com\/en\/\",\"logo\":{\"@type\":\"ImageObject\",\"inLanguage\":\"en-US\",\"@id\":\"https:\/\/lottespapery.com\/en\/#\/schema\/logo\/image\/\",\"url\":\"http:\/\/lottespapery.com\/wp-content\/uploads\/2022\/11\/logo-dark_180x@2x.png\",\"contentUrl\":\"http:\/\/lottespapery.com\/wp-content\/uploads\/2022\/11\/logo-dark_180x@2x.png\",\"width\":360,\"height\":100,\"caption\":\"Lotte&#039;s Papery\"},\"image\":{\"@id\":\"https:\/\/lottespapery.com\/en\/#\/schema\/logo\/image\/\"},\"sameAs\":[\"https:\/\/www.instagram.com\/lottes_papery\/\",\"https:\/\/www.facebook.com\/LottesPapery\/\"]}]}<\/script>\n<!-- \/ Yoast SEO plugin. -->","yoast_head_json":{"title":"Gold tray for little things \"f*&amp;^ it\" - Lotte&#039;s Papery","description":"A small gold-plated tray for storing jewelry and other small items, in the shape of a heart with the engraved inscription \"fuck it\" - for lovers of black humor and simply positive people. Size: about 8.8x8.5cm. Material: stainless steel with mirror finish, easy to clean.","robots":{"index":"index","follow":"follow","max-snippet":"max-snippet:-1","max-image-preview":"max-image-preview:large","max-video-preview":"max-video-preview:-1"},"canonical":"https:\/\/lottespapery.com\/en\/products\/gold-tray-for-little-things-f-it\/","og_locale":"en_US","og_type":"article","og_title":"Gold tray for little things \"f*&amp;^ it\" - Lotte&#039;s Papery","og_description":"A small gold-plated tray for storing jewelry and other small items, in the shape of a heart with the engraved inscription \"fuck it\" - for lovers of black humor and simply positive people. Size: about 8.8x8.5cm. Material: stainless steel with mirror finish, easy to clean.","og_url":"https:\/\/lottespapery.com\/en\/products\/gold-tray-for-little-things-f-it\/","og_site_name":"Lotte&#039;s Papery","article_publisher":"https:\/\/www.facebook.com\/LottesPapery\/","article_modified_time":"2023-04-16T21:02:54+00:00","og_image":[{"width":2000,"height":2000,"url":"http:\/\/lottespapery.com\/wp-content\/uploads\/2022\/11\/198329-47cd1299684d63_jpg.jpg","type":"image\/jpeg"}],"twitter_card":"summary_large_image","schema":{"@context":"https:\/\/schema.org","@graph":[{"@type":"WebPage","@id":"https:\/\/lottespapery.com\/en\/products\/gold-tray-for-little-things-f-it\/","url":"https:\/\/lottespapery.com\/en\/products\/gold-tray-for-little-things-f-it\/","name":"Gold tray for little things \"f*&amp;^ it\" - Lotte&#039;s Papery","isPartOf":{"@id":"https:\/\/lottespapery.com\/en\/#website"},"datePublished":"2022-11-22T10:27:55+00:00","dateModified":"2023-04-16T21:02:54+00:00","description":"A small gold-plated tray for storing jewelry and other small items, in the shape of a heart with the engraved inscription \"fuck it\" - for lovers of black humor and simply positive people. Size: about 8.8x8.5cm. Material: stainless steel with mirror finish, easy to clean.","breadcrumb":{"@id":"https:\/\/lottespapery.com\/en\/products\/gold-tray-for-little-things-f-it\/#breadcrumb"},"inLanguage":"en-US","potentialAction":[{"@type":"ReadAction","target":["https:\/\/lottespapery.com\/en\/products\/gold-tray-for-little-things-f-it\/"]}]},{"@type":"BreadcrumbList","@id":"https:\/\/lottespapery.com\/en\/products\/gold-tray-for-little-things-f-it\/#breadcrumb","itemListElement":[{"@type":"ListItem","position":1,"name":"Home","item":"https:\/\/lottespapery.com\/en\/"},{"@type":"ListItem","position":2,"name":"Shop","item":"https:\/\/lottespapery.com\/en\/shop\/"},{"@type":"ListItem","position":3,"name":"Gold tray for little things &#8220;f*&amp;^ it&#8221;"}]},{"@type":"WebSite","@id":"https:\/\/lottespapery.com\/en\/#website","url":"https:\/\/lottespapery.com\/en\/","name":"Lotte&#039;s Papery","description":"Pap\u012brlietas un \u0101das izstr\u0101d\u0101jumi","publisher":{"@id":"https:\/\/lottespapery.com\/en\/#organization"},"potentialAction":[{"@type":"SearchAction","target":{"@type":"EntryPoint","urlTemplate":"https:\/\/lottespapery.com\/en\/?s={search_term_string}"},"query-input":"required name=search_term_string"}],"inLanguage":"en-US"},{"@type":"Organization","@id":"https:\/\/lottespapery.com\/en\/#organization","name":"Lotte&#039;s Papery","url":"https:\/\/lottespapery.com\/en\/","logo":{"@type":"ImageObject","inLanguage":"en-US","@id":"https:\/\/lottespapery.com\/en\/#\/schema\/logo\/image\/","url":"http:\/\/lottespapery.com\/wp-content\/uploads\/2022\/11\/logo-dark_180x@2x.png","contentUrl":"http:\/\/lottespapery.com\/wp-content\/uploads\/2022\/11\/logo-dark_180x@2x.png","width":360,"height":100,"caption":"Lotte&#039;s Papery"},"image":{"@id":"https:\/\/lottespapery.com\/en\/#\/schema\/logo\/image\/"},"sameAs":["https:\/\/www.instagram.com\/lottes_papery\/","https:\/\/www.facebook.com\/LottesPapery\/"]}]}},"_links":{"self":[{"href":"https:\/\/lottespapery.com\/en\/wp-json\/wp\/v2\/product\/21646","targetHints":{"allow":["GET"]}}],"collection":[{"href":"https:\/\/lottespapery.com\/en\/wp-json\/wp\/v2\/product"}],"about":[{"href":"https:\/\/lottespapery.com\/en\/wp-json\/wp\/v2\/types\/product"}],"wp:featuredmedia":[{"embeddable":true,"href":"https:\/\/lottespapery.com\/en\/wp-json\/wp\/v2\/media\/38898"}],"wp:attachment":[{"href":"https:\/\/lottespapery.com\/en\/wp-json\/wp\/v2\/media?parent=21646"}],"wp:term":[{"taxonomy":"product_brand","embeddable":true,"href":"https:\/\/lottespapery.com\/en\/wp-json\/wp\/v2\/product_brand?post=21646"},{"taxonomy":"product_cat","embeddable":true,"href":"https:\/\/lottespapery.com\/en\/wp-json\/wp\/v2\/product_cat?post=21646"},{"taxonomy":"product_tag","embeddable":true,"href":"https:\/\/lottespapery.com\/en\/wp-json\/wp\/v2\/product_tag?post=21646"}],"curies":[{"name":"wp","href":"https:\/\/api.w.org\/{rel}","templated":true}]}}