{"id":21920,"date":"2022-11-15T07:31:07","date_gmt":"2022-11-15T05:31:07","guid":{"rendered":"http:\/\/lottespapery.com\/products\/velvet-envelope-from-this-day-forward\/"},"modified":"2023-04-17T00:02:56","modified_gmt":"2023-04-16T21:02:56","slug":"velvet-envelope-from-this-day-forward","status":"publish","type":"product","link":"https:\/\/lottespapery.com\/en\/products\/velvet-envelope-from-this-day-forward\/","title":{"rendered":"Velvet envelope &#8220;From this day forward&#8221;"},"content":{"rendered":"","protected":false},"excerpt":{"rendered":"","protected":false},"featured_media":8141,"template":"","meta":[],"product_brand":[],"product_cat":[1751],"product_tag":[],"class_list":{"0":"post-21920","1":"product","2":"type-product","3":"status-publish","4":"has-post-thumbnail","6":"product_cat-gifts-for-newlyweds","8":"first","9":"instock","10":"taxable","11":"shipping-taxable","12":"purchasable","13":"product-type-variable","14":"has-default-attributes"},"raw_content":{"name":"Velvet envelope \"From this day forward\"","description":"","short_description":"","status":"publish","sku":"BF49-9346D3","original":8111},"wpml":{"translation_type":1,"has_translations":true,"original":8111,"duplicates":[],"translations":{"lv":8111,"en":21920}},"yoast_head":"<!-- This site is optimized with the Yoast SEO plugin v19.10 - https:\/\/yoast.com\/wordpress\/plugins\/seo\/ -->\n<title>Velvet envelope &quot;From this day forward&quot; - Lotte&#039;s Papery<\/title>\n<meta name=\"description\" content=\"Dress up a letter, invitation or wish in a very special and memorable envelope that is soft to the touch and breathtaking to look at.  Envelope dimensions: 16 x 11.3 cm.  We would like to remind you that velvet is a fragile and fragile material. At the time of receipt, we recommend handling gently and carefully, so as not to create permanent dents.  Envelopes are available in very limited quantities. If you want to order them in larger quantities, please contact us by email.  !! If, when ordering envelopes, the quantity you selected is no longer available, the envelopes will have to be ordered separately. Please consider that in this case the minimum order of envelopes will be 10 pcs. and the order lead time will take 1.5 to 2 weeks.\" \/>\n<meta name=\"robots\" content=\"index, follow, max-snippet:-1, max-image-preview:large, max-video-preview:-1\" \/>\n<link rel=\"canonical\" href=\"https:\/\/lottespapery.com\/en\/products\/velvet-envelope-from-this-day-forward\/\" \/>\n<meta property=\"og:locale\" content=\"en_US\" \/>\n<meta property=\"og:type\" content=\"article\" \/>\n<meta property=\"og:title\" content=\"Velvet envelope &quot;From this day forward&quot; - Lotte&#039;s Papery\" \/>\n<meta property=\"og:description\" content=\"Dress up a letter, invitation or wish in a very special and memorable envelope that is soft to the touch and breathtaking to look at.  Envelope dimensions: 16 x 11.3 cm.  We would like to remind you that velvet is a fragile and fragile material. At the time of receipt, we recommend handling gently and carefully, so as not to create permanent dents.  Envelopes are available in very limited quantities. If you want to order them in larger quantities, please contact us by email.  !! If, when ordering envelopes, the quantity you selected is no longer available, the envelopes will have to be ordered separately. Please consider that in this case the minimum order of envelopes will be 10 pcs. and the order lead time will take 1.5 to 2 weeks.\" \/>\n<meta property=\"og:url\" content=\"https:\/\/lottespapery.com\/en\/products\/velvet-envelope-from-this-day-forward\/\" \/>\n<meta property=\"og:site_name\" content=\"Lotte&#039;s Papery\" \/>\n<meta property=\"article:publisher\" content=\"https:\/\/www.facebook.com\/LottesPapery\/\" \/>\n<meta property=\"article:modified_time\" content=\"2023-04-16T21:02:56+00:00\" \/>\n<meta property=\"og:image\" content=\"https:\/\/lottespapery.com\/wp-content\/uploads\/2022\/11\/LOTTESPAPERY-45-scaled.jpg\" \/>\n\t<meta property=\"og:image:width\" content=\"2560\" \/>\n\t<meta property=\"og:image:height\" content=\"2560\" \/>\n\t<meta property=\"og:image:type\" content=\"image\/jpeg\" \/>\n<meta name=\"twitter:card\" content=\"summary_large_image\" \/>\n<script type=\"application\/ld+json\" class=\"yoast-schema-graph\">{\"@context\":\"https:\/\/schema.org\",\"@graph\":[{\"@type\":\"WebPage\",\"@id\":\"https:\/\/lottespapery.com\/en\/products\/velvet-envelope-from-this-day-forward\/\",\"url\":\"https:\/\/lottespapery.com\/en\/products\/velvet-envelope-from-this-day-forward\/\",\"name\":\"Velvet envelope \\\"From this day forward\\\" - Lotte&#039;s Papery\",\"isPartOf\":{\"@id\":\"https:\/\/lottespapery.com\/en\/#website\"},\"datePublished\":\"2022-11-15T05:31:07+00:00\",\"dateModified\":\"2023-04-16T21:02:56+00:00\",\"description\":\"Dress up a letter, invitation or wish in a very special and memorable envelope that is soft to the touch and breathtaking to look at. Envelope dimensions: 16 x 11.3 cm. We would like to remind you that velvet is a fragile and fragile material. At the time of receipt, we recommend handling gently and carefully, so as not to create permanent dents. Envelopes are available in very limited quantities. If you want to order them in larger quantities, please contact us by email. !! If, when ordering envelopes, the quantity you selected is no longer available, the envelopes will have to be ordered separately. Please consider that in this case the minimum order of envelopes will be 10 pcs. and the order lead time will take 1.5 to 2 weeks.\",\"breadcrumb\":{\"@id\":\"https:\/\/lottespapery.com\/en\/products\/velvet-envelope-from-this-day-forward\/#breadcrumb\"},\"inLanguage\":\"en-US\",\"potentialAction\":[{\"@type\":\"ReadAction\",\"target\":[\"https:\/\/lottespapery.com\/en\/products\/velvet-envelope-from-this-day-forward\/\"]}]},{\"@type\":\"BreadcrumbList\",\"@id\":\"https:\/\/lottespapery.com\/en\/products\/velvet-envelope-from-this-day-forward\/#breadcrumb\",\"itemListElement\":[{\"@type\":\"ListItem\",\"position\":1,\"name\":\"Home\",\"item\":\"https:\/\/lottespapery.com\/en\/\"},{\"@type\":\"ListItem\",\"position\":2,\"name\":\"Shop\",\"item\":\"https:\/\/lottespapery.com\/en\/shop\/\"},{\"@type\":\"ListItem\",\"position\":3,\"name\":\"Velvet envelope &#8220;From this day forward&#8221;\"}]},{\"@type\":\"WebSite\",\"@id\":\"https:\/\/lottespapery.com\/en\/#website\",\"url\":\"https:\/\/lottespapery.com\/en\/\",\"name\":\"Lotte&#039;s Papery\",\"description\":\"Pap\u012brlietas un \u0101das izstr\u0101d\u0101jumi\",\"publisher\":{\"@id\":\"https:\/\/lottespapery.com\/en\/#organization\"},\"potentialAction\":[{\"@type\":\"SearchAction\",\"target\":{\"@type\":\"EntryPoint\",\"urlTemplate\":\"https:\/\/lottespapery.com\/en\/?s={search_term_string}\"},\"query-input\":\"required name=search_term_string\"}],\"inLanguage\":\"en-US\"},{\"@type\":\"Organization\",\"@id\":\"https:\/\/lottespapery.com\/en\/#organization\",\"name\":\"Lotte&#039;s Papery\",\"url\":\"https:\/\/lottespapery.com\/en\/\",\"logo\":{\"@type\":\"ImageObject\",\"inLanguage\":\"en-US\",\"@id\":\"https:\/\/lottespapery.com\/en\/#\/schema\/logo\/image\/\",\"url\":\"http:\/\/lottespapery.com\/wp-content\/uploads\/2022\/11\/logo-dark_180x@2x.png\",\"contentUrl\":\"http:\/\/lottespapery.com\/wp-content\/uploads\/2022\/11\/logo-dark_180x@2x.png\",\"width\":360,\"height\":100,\"caption\":\"Lotte&#039;s Papery\"},\"image\":{\"@id\":\"https:\/\/lottespapery.com\/en\/#\/schema\/logo\/image\/\"},\"sameAs\":[\"https:\/\/www.instagram.com\/lottes_papery\/\",\"https:\/\/www.facebook.com\/LottesPapery\/\"]}]}<\/script>\n<!-- \/ Yoast SEO plugin. -->","yoast_head_json":{"title":"Velvet envelope \"From this day forward\" - Lotte&#039;s Papery","description":"Dress up a letter, invitation or wish in a very special and memorable envelope that is soft to the touch and breathtaking to look at.  Envelope dimensions: 16 x 11.3 cm.  We would like to remind you that velvet is a fragile and fragile material. At the time of receipt, we recommend handling gently and carefully, so as not to create permanent dents.  Envelopes are available in very limited quantities. If you want to order them in larger quantities, please contact us by email.  !! If, when ordering envelopes, the quantity you selected is no longer available, the envelopes will have to be ordered separately. Please consider that in this case the minimum order of envelopes will be 10 pcs. and the order lead time will take 1.5 to 2 weeks.","robots":{"index":"index","follow":"follow","max-snippet":"max-snippet:-1","max-image-preview":"max-image-preview:large","max-video-preview":"max-video-preview:-1"},"canonical":"https:\/\/lottespapery.com\/en\/products\/velvet-envelope-from-this-day-forward\/","og_locale":"en_US","og_type":"article","og_title":"Velvet envelope \"From this day forward\" - Lotte&#039;s Papery","og_description":"Dress up a letter, invitation or wish in a very special and memorable envelope that is soft to the touch and breathtaking to look at.  Envelope dimensions: 16 x 11.3 cm.  We would like to remind you that velvet is a fragile and fragile material. At the time of receipt, we recommend handling gently and carefully, so as not to create permanent dents.  Envelopes are available in very limited quantities. If you want to order them in larger quantities, please contact us by email.  !! If, when ordering envelopes, the quantity you selected is no longer available, the envelopes will have to be ordered separately. Please consider that in this case the minimum order of envelopes will be 10 pcs. and the order lead time will take 1.5 to 2 weeks.","og_url":"https:\/\/lottespapery.com\/en\/products\/velvet-envelope-from-this-day-forward\/","og_site_name":"Lotte&#039;s Papery","article_publisher":"https:\/\/www.facebook.com\/LottesPapery\/","article_modified_time":"2023-04-16T21:02:56+00:00","og_image":[{"width":2560,"height":2560,"url":"https:\/\/lottespapery.com\/wp-content\/uploads\/2022\/11\/LOTTESPAPERY-45-scaled.jpg","type":"image\/jpeg"}],"twitter_card":"summary_large_image","schema":{"@context":"https:\/\/schema.org","@graph":[{"@type":"WebPage","@id":"https:\/\/lottespapery.com\/en\/products\/velvet-envelope-from-this-day-forward\/","url":"https:\/\/lottespapery.com\/en\/products\/velvet-envelope-from-this-day-forward\/","name":"Velvet envelope \"From this day forward\" - Lotte&#039;s Papery","isPartOf":{"@id":"https:\/\/lottespapery.com\/en\/#website"},"datePublished":"2022-11-15T05:31:07+00:00","dateModified":"2023-04-16T21:02:56+00:00","description":"Dress up a letter, invitation or wish in a very special and memorable envelope that is soft to the touch and breathtaking to look at. Envelope dimensions: 16 x 11.3 cm. We would like to remind you that velvet is a fragile and fragile material. At the time of receipt, we recommend handling gently and carefully, so as not to create permanent dents. Envelopes are available in very limited quantities. If you want to order them in larger quantities, please contact us by email. !! If, when ordering envelopes, the quantity you selected is no longer available, the envelopes will have to be ordered separately. Please consider that in this case the minimum order of envelopes will be 10 pcs. and the order lead time will take 1.5 to 2 weeks.","breadcrumb":{"@id":"https:\/\/lottespapery.com\/en\/products\/velvet-envelope-from-this-day-forward\/#breadcrumb"},"inLanguage":"en-US","potentialAction":[{"@type":"ReadAction","target":["https:\/\/lottespapery.com\/en\/products\/velvet-envelope-from-this-day-forward\/"]}]},{"@type":"BreadcrumbList","@id":"https:\/\/lottespapery.com\/en\/products\/velvet-envelope-from-this-day-forward\/#breadcrumb","itemListElement":[{"@type":"ListItem","position":1,"name":"Home","item":"https:\/\/lottespapery.com\/en\/"},{"@type":"ListItem","position":2,"name":"Shop","item":"https:\/\/lottespapery.com\/en\/shop\/"},{"@type":"ListItem","position":3,"name":"Velvet envelope &#8220;From this day forward&#8221;"}]},{"@type":"WebSite","@id":"https:\/\/lottespapery.com\/en\/#website","url":"https:\/\/lottespapery.com\/en\/","name":"Lotte&#039;s Papery","description":"Pap\u012brlietas un \u0101das izstr\u0101d\u0101jumi","publisher":{"@id":"https:\/\/lottespapery.com\/en\/#organization"},"potentialAction":[{"@type":"SearchAction","target":{"@type":"EntryPoint","urlTemplate":"https:\/\/lottespapery.com\/en\/?s={search_term_string}"},"query-input":"required name=search_term_string"}],"inLanguage":"en-US"},{"@type":"Organization","@id":"https:\/\/lottespapery.com\/en\/#organization","name":"Lotte&#039;s Papery","url":"https:\/\/lottespapery.com\/en\/","logo":{"@type":"ImageObject","inLanguage":"en-US","@id":"https:\/\/lottespapery.com\/en\/#\/schema\/logo\/image\/","url":"http:\/\/lottespapery.com\/wp-content\/uploads\/2022\/11\/logo-dark_180x@2x.png","contentUrl":"http:\/\/lottespapery.com\/wp-content\/uploads\/2022\/11\/logo-dark_180x@2x.png","width":360,"height":100,"caption":"Lotte&#039;s Papery"},"image":{"@id":"https:\/\/lottespapery.com\/en\/#\/schema\/logo\/image\/"},"sameAs":["https:\/\/www.instagram.com\/lottes_papery\/","https:\/\/www.facebook.com\/LottesPapery\/"]}]}},"_links":{"self":[{"href":"https:\/\/lottespapery.com\/en\/wp-json\/wp\/v2\/product\/21920","targetHints":{"allow":["GET"]}}],"collection":[{"href":"https:\/\/lottespapery.com\/en\/wp-json\/wp\/v2\/product"}],"about":[{"href":"https:\/\/lottespapery.com\/en\/wp-json\/wp\/v2\/types\/product"}],"wp:featuredmedia":[{"embeddable":true,"href":"https:\/\/lottespapery.com\/en\/wp-json\/wp\/v2\/media\/8141"}],"wp:attachment":[{"href":"https:\/\/lottespapery.com\/en\/wp-json\/wp\/v2\/media?parent=21920"}],"wp:term":[{"taxonomy":"product_brand","embeddable":true,"href":"https:\/\/lottespapery.com\/en\/wp-json\/wp\/v2\/product_brand?post=21920"},{"taxonomy":"product_cat","embeddable":true,"href":"https:\/\/lottespapery.com\/en\/wp-json\/wp\/v2\/product_cat?post=21920"},{"taxonomy":"product_tag","embeddable":true,"href":"https:\/\/lottespapery.com\/en\/wp-json\/wp\/v2\/product_tag?post=21920"}],"curies":[{"name":"wp","href":"https:\/\/api.w.org\/{rel}","templated":true}]}}