{"id":22215,"date":"2022-11-22T12:27:53","date_gmt":"2022-11-22T10:27:53","guid":{"rendered":"http:\/\/lottespapery.com\/products\/gold-tray-for-now-forever-small-items\/"},"modified":"2025-02-12T16:20:20","modified_gmt":"2025-02-12T14:20:20","slug":"gold-vessel-sikums","status":"publish","type":"product","link":"https:\/\/lottespapery.com\/en\/products\/gold-vessel-sikums\/","title":{"rendered":"Golden tray  Now + Forever"},"content":{"rendered":"","protected":false},"excerpt":{"rendered":"","protected":false},"featured_media":30159,"template":"","meta":[],"product_brand":[],"product_cat":[1685,771],"product_tag":[],"class_list":{"0":"post-22215","1":"product","2":"type-product","3":"status-publish","4":"has-post-thumbnail","6":"product_cat-accessories-for-wedding-day","7":"product_cat-rakstamlietas-2-en","9":"first","10":"instock","11":"taxable","12":"shipping-taxable","13":"purchasable","14":"product-type-simple"},"raw_content":{"name":"Golden tray  Now + Forever","description":"","short_description":"","status":"publish","sku":"1","original":15462},"wpml":{"translation_type":1,"has_translations":true,"original":15462,"duplicates":[],"translations":{"lv":15462,"en":22215}},"yoast_head":"<!-- This site is optimized with the Yoast SEO plugin v19.10 - https:\/\/yoast.com\/wordpress\/plugins\/seo\/ -->\n<title>Golden tray Now + Forever - Lotte&#039;s Papery<\/title>\n<meta name=\"description\" content=\"A small gold-plated dish to store jewelry, to present rings on the wedding day or to store small items, in the shape of a heart with the inscription &quot;now + forever&quot;. Size: about 8.8x8.5cm. Material: stainless steel with mirror finish, easy to clean.\" \/>\n<meta name=\"robots\" content=\"index, follow, max-snippet:-1, max-image-preview:large, max-video-preview:-1\" \/>\n<link rel=\"canonical\" href=\"https:\/\/lottespapery.com\/en\/products\/gold-vessel-sikums\/\" \/>\n<meta property=\"og:locale\" content=\"en_US\" \/>\n<meta property=\"og:type\" content=\"article\" \/>\n<meta property=\"og:title\" content=\"Golden tray Now + Forever - Lotte&#039;s Papery\" \/>\n<meta property=\"og:description\" content=\"A small gold-plated dish to store jewelry, to present rings on the wedding day or to store small items, in the shape of a heart with the inscription &quot;now + forever&quot;. Size: about 8.8x8.5cm. Material: stainless steel with mirror finish, easy to clean.\" \/>\n<meta property=\"og:url\" content=\"https:\/\/lottespapery.com\/en\/products\/gold-vessel-sikums\/\" \/>\n<meta property=\"og:site_name\" content=\"Lotte&#039;s Papery\" \/>\n<meta property=\"article:publisher\" content=\"https:\/\/www.facebook.com\/LottesPapery\/\" \/>\n<meta property=\"article:modified_time\" content=\"2025-02-12T14:20:20+00:00\" \/>\n<meta property=\"og:image\" content=\"http:\/\/lottespapery.com\/wp-content\/uploads\/2022\/11\/DAT-03-Herztablett_now_forever_Real-Passionates_low_2_f00c52e4-a58d-4a1d-b224-b6515816e18b.webp\" \/>\n\t<meta property=\"og:image:width\" content=\"1200\" \/>\n\t<meta property=\"og:image:height\" content=\"1200\" \/>\n\t<meta property=\"og:image:type\" content=\"image\/webp\" \/>\n<meta name=\"twitter:card\" content=\"summary_large_image\" \/>\n<script type=\"application\/ld+json\" class=\"yoast-schema-graph\">{\"@context\":\"https:\/\/schema.org\",\"@graph\":[{\"@type\":\"WebPage\",\"@id\":\"https:\/\/lottespapery.com\/en\/products\/gold-vessel-sikums\/\",\"url\":\"https:\/\/lottespapery.com\/en\/products\/gold-vessel-sikums\/\",\"name\":\"Golden tray Now + Forever - Lotte&#039;s Papery\",\"isPartOf\":{\"@id\":\"https:\/\/lottespapery.com\/en\/#website\"},\"datePublished\":\"2022-11-22T10:27:53+00:00\",\"dateModified\":\"2025-02-12T14:20:20+00:00\",\"description\":\"A small gold-plated dish to store jewelry, to present rings on the wedding day or to store small items, in the shape of a heart with the inscription \\\"now + forever\\\". Size: about 8.8x8.5cm. Material: stainless steel with mirror finish, easy to clean.\",\"breadcrumb\":{\"@id\":\"https:\/\/lottespapery.com\/en\/products\/gold-vessel-sikums\/#breadcrumb\"},\"inLanguage\":\"en-US\",\"potentialAction\":[{\"@type\":\"ReadAction\",\"target\":[\"https:\/\/lottespapery.com\/en\/products\/gold-vessel-sikums\/\"]}]},{\"@type\":\"BreadcrumbList\",\"@id\":\"https:\/\/lottespapery.com\/en\/products\/gold-vessel-sikums\/#breadcrumb\",\"itemListElement\":[{\"@type\":\"ListItem\",\"position\":1,\"name\":\"Home\",\"item\":\"https:\/\/lottespapery.com\/en\/\"},{\"@type\":\"ListItem\",\"position\":2,\"name\":\"Shop\",\"item\":\"https:\/\/lottespapery.com\/en\/shop\/\"},{\"@type\":\"ListItem\",\"position\":3,\"name\":\"Golden tray Now + Forever\"}]},{\"@type\":\"WebSite\",\"@id\":\"https:\/\/lottespapery.com\/en\/#website\",\"url\":\"https:\/\/lottespapery.com\/en\/\",\"name\":\"Lotte&#039;s Papery\",\"description\":\"Pap\u012brlietas un \u0101das izstr\u0101d\u0101jumi\",\"publisher\":{\"@id\":\"https:\/\/lottespapery.com\/en\/#organization\"},\"potentialAction\":[{\"@type\":\"SearchAction\",\"target\":{\"@type\":\"EntryPoint\",\"urlTemplate\":\"https:\/\/lottespapery.com\/en\/?s={search_term_string}\"},\"query-input\":\"required name=search_term_string\"}],\"inLanguage\":\"en-US\"},{\"@type\":\"Organization\",\"@id\":\"https:\/\/lottespapery.com\/en\/#organization\",\"name\":\"Lotte&#039;s Papery\",\"url\":\"https:\/\/lottespapery.com\/en\/\",\"logo\":{\"@type\":\"ImageObject\",\"inLanguage\":\"en-US\",\"@id\":\"https:\/\/lottespapery.com\/en\/#\/schema\/logo\/image\/\",\"url\":\"http:\/\/lottespapery.com\/wp-content\/uploads\/2022\/11\/logo-dark_180x@2x.png\",\"contentUrl\":\"http:\/\/lottespapery.com\/wp-content\/uploads\/2022\/11\/logo-dark_180x@2x.png\",\"width\":360,\"height\":100,\"caption\":\"Lotte&#039;s Papery\"},\"image\":{\"@id\":\"https:\/\/lottespapery.com\/en\/#\/schema\/logo\/image\/\"},\"sameAs\":[\"https:\/\/www.instagram.com\/lottes_papery\/\",\"https:\/\/www.facebook.com\/LottesPapery\/\"]}]}<\/script>\n<!-- \/ Yoast SEO plugin. -->","yoast_head_json":{"title":"Golden tray Now + Forever - Lotte&#039;s Papery","description":"A small gold-plated dish to store jewelry, to present rings on the wedding day or to store small items, in the shape of a heart with the inscription \"now + forever\". Size: about 8.8x8.5cm. Material: stainless steel with mirror finish, easy to clean.","robots":{"index":"index","follow":"follow","max-snippet":"max-snippet:-1","max-image-preview":"max-image-preview:large","max-video-preview":"max-video-preview:-1"},"canonical":"https:\/\/lottespapery.com\/en\/products\/gold-vessel-sikums\/","og_locale":"en_US","og_type":"article","og_title":"Golden tray Now + Forever - Lotte&#039;s Papery","og_description":"A small gold-plated dish to store jewelry, to present rings on the wedding day or to store small items, in the shape of a heart with the inscription \"now + forever\". Size: about 8.8x8.5cm. Material: stainless steel with mirror finish, easy to clean.","og_url":"https:\/\/lottespapery.com\/en\/products\/gold-vessel-sikums\/","og_site_name":"Lotte&#039;s Papery","article_publisher":"https:\/\/www.facebook.com\/LottesPapery\/","article_modified_time":"2025-02-12T14:20:20+00:00","og_image":[{"width":1200,"height":1200,"url":"http:\/\/lottespapery.com\/wp-content\/uploads\/2022\/11\/DAT-03-Herztablett_now_forever_Real-Passionates_low_2_f00c52e4-a58d-4a1d-b224-b6515816e18b.webp","type":"image\/webp"}],"twitter_card":"summary_large_image","schema":{"@context":"https:\/\/schema.org","@graph":[{"@type":"WebPage","@id":"https:\/\/lottespapery.com\/en\/products\/gold-vessel-sikums\/","url":"https:\/\/lottespapery.com\/en\/products\/gold-vessel-sikums\/","name":"Golden tray Now + Forever - Lotte&#039;s Papery","isPartOf":{"@id":"https:\/\/lottespapery.com\/en\/#website"},"datePublished":"2022-11-22T10:27:53+00:00","dateModified":"2025-02-12T14:20:20+00:00","description":"A small gold-plated dish to store jewelry, to present rings on the wedding day or to store small items, in the shape of a heart with the inscription \"now + forever\". Size: about 8.8x8.5cm. Material: stainless steel with mirror finish, easy to clean.","breadcrumb":{"@id":"https:\/\/lottespapery.com\/en\/products\/gold-vessel-sikums\/#breadcrumb"},"inLanguage":"en-US","potentialAction":[{"@type":"ReadAction","target":["https:\/\/lottespapery.com\/en\/products\/gold-vessel-sikums\/"]}]},{"@type":"BreadcrumbList","@id":"https:\/\/lottespapery.com\/en\/products\/gold-vessel-sikums\/#breadcrumb","itemListElement":[{"@type":"ListItem","position":1,"name":"Home","item":"https:\/\/lottespapery.com\/en\/"},{"@type":"ListItem","position":2,"name":"Shop","item":"https:\/\/lottespapery.com\/en\/shop\/"},{"@type":"ListItem","position":3,"name":"Golden tray Now + Forever"}]},{"@type":"WebSite","@id":"https:\/\/lottespapery.com\/en\/#website","url":"https:\/\/lottespapery.com\/en\/","name":"Lotte&#039;s Papery","description":"Pap\u012brlietas un \u0101das izstr\u0101d\u0101jumi","publisher":{"@id":"https:\/\/lottespapery.com\/en\/#organization"},"potentialAction":[{"@type":"SearchAction","target":{"@type":"EntryPoint","urlTemplate":"https:\/\/lottespapery.com\/en\/?s={search_term_string}"},"query-input":"required name=search_term_string"}],"inLanguage":"en-US"},{"@type":"Organization","@id":"https:\/\/lottespapery.com\/en\/#organization","name":"Lotte&#039;s Papery","url":"https:\/\/lottespapery.com\/en\/","logo":{"@type":"ImageObject","inLanguage":"en-US","@id":"https:\/\/lottespapery.com\/en\/#\/schema\/logo\/image\/","url":"http:\/\/lottespapery.com\/wp-content\/uploads\/2022\/11\/logo-dark_180x@2x.png","contentUrl":"http:\/\/lottespapery.com\/wp-content\/uploads\/2022\/11\/logo-dark_180x@2x.png","width":360,"height":100,"caption":"Lotte&#039;s Papery"},"image":{"@id":"https:\/\/lottespapery.com\/en\/#\/schema\/logo\/image\/"},"sameAs":["https:\/\/www.instagram.com\/lottes_papery\/","https:\/\/www.facebook.com\/LottesPapery\/"]}]}},"_links":{"self":[{"href":"https:\/\/lottespapery.com\/en\/wp-json\/wp\/v2\/product\/22215","targetHints":{"allow":["GET"]}}],"collection":[{"href":"https:\/\/lottespapery.com\/en\/wp-json\/wp\/v2\/product"}],"about":[{"href":"https:\/\/lottespapery.com\/en\/wp-json\/wp\/v2\/types\/product"}],"wp:featuredmedia":[{"embeddable":true,"href":"https:\/\/lottespapery.com\/en\/wp-json\/wp\/v2\/media\/30159"}],"wp:attachment":[{"href":"https:\/\/lottespapery.com\/en\/wp-json\/wp\/v2\/media?parent=22215"}],"wp:term":[{"taxonomy":"product_brand","embeddable":true,"href":"https:\/\/lottespapery.com\/en\/wp-json\/wp\/v2\/product_brand?post=22215"},{"taxonomy":"product_cat","embeddable":true,"href":"https:\/\/lottespapery.com\/en\/wp-json\/wp\/v2\/product_cat?post=22215"},{"taxonomy":"product_tag","embeddable":true,"href":"https:\/\/lottespapery.com\/en\/wp-json\/wp\/v2\/product_tag?post=22215"}],"curies":[{"name":"wp","href":"https:\/\/api.w.org\/{rel}","templated":true}]}}