{"id":22284,"date":"2022-11-15T06:39:30","date_gmt":"2022-11-15T04:39:30","guid":{"rendered":"http:\/\/lottespapery.com\/products\/skin-tablet\/"},"modified":"2023-04-17T00:02:58","modified_gmt":"2023-04-16T21:02:58","slug":"adas-plansete","status":"publish","type":"product","link":"https:\/\/lottespapery.com\/en\/products\/adas-plansete\/","title":{"rendered":"Skin tablet"},"content":{"rendered":"","protected":false},"excerpt":{"rendered":"","protected":false},"featured_media":5582,"template":"","meta":[],"product_brand":[],"product_cat":[2051,771],"product_tag":[],"class_list":{"0":"post-22284","1":"product","2":"type-product","3":"status-publish","4":"has-post-thumbnail","6":"product_cat-other-en","7":"product_cat-rakstamlietas-2-en","9":"first","10":"outofstock","11":"taxable","12":"shipping-taxable","13":"product-type-simple"},"raw_content":{"name":"Skin tablet","description":"","short_description":"","status":"publish","sku":"29BA-4C752A","original":5579},"wpml":{"translation_type":1,"has_translations":true,"original":5579,"duplicates":[],"translations":{"lv":5579,"en":22284}},"yoast_head":"<!-- This site is optimized with the Yoast SEO plugin v19.10 - https:\/\/yoast.com\/wordpress\/plugins\/seo\/ -->\n<title>Skin tablet - Lotte&#039;s Papery<\/title>\n<meta name=\"description\" content=\"A tablet that will keep papers and documents in one place and provide a solid base to write on. Tablet dimensions: 34.5 x 24 cm, suitable for A4 and smaller pages. Maximum capacity: 50 pages. We use &quot;Crazy horse&quot; leather for our products, treated with natural waxes. Leather is a natural material that has lived its own life, so it may have small scratches or imperfections. We try to never put such &quot;imperfections&quot; in the central areas, but please note that there may also be a slight scratch or mark in the leather on the back or less visible parts of the product. Leather is a wonderful material, and our philosophy is to respect and use it, throwing out as little as possible, thus showing a little respect and gratitude to nature and the world. Crazy horse material has been known for centuries, it is made from thick cow leather (full grain), which is one of the highest quality leathers in the world. It is coated with a layer of natural wax, then polished to a rich finish. Daily use of a product made of such leather only makes it more beautiful - scratches and friction against other objects change the color of the leather, creating rich, multi-graded tones, complementing the product with a natural &quot;vintage&quot; roughness and harshness. The more the product is used, the more unique its pattern will become. If you want the product to last a long time, as well as if you want to update its &quot;vintage&quot; look, all you have to do is wet it thoroughly and rub it with a clean cloth (especially the places where scratches are more visible), wipe off the excess water and finally polish it again using a linear movements and woolen gloves, socks or any other woolen product. Polish until the skin is smooth and slightly shiny.\" \/>\n<meta name=\"robots\" content=\"index, follow, max-snippet:-1, max-image-preview:large, max-video-preview:-1\" \/>\n<link rel=\"canonical\" href=\"https:\/\/lottespapery.com\/en\/products\/adas-plansete\/\" \/>\n<meta property=\"og:locale\" content=\"en_US\" \/>\n<meta property=\"og:type\" content=\"article\" \/>\n<meta property=\"og:title\" content=\"Skin tablet - Lotte&#039;s Papery\" \/>\n<meta property=\"og:description\" content=\"A tablet that will keep papers and documents in one place and provide a solid base to write on. Tablet dimensions: 34.5 x 24 cm, suitable for A4 and smaller pages. Maximum capacity: 50 pages. We use &quot;Crazy horse&quot; leather for our products, treated with natural waxes. Leather is a natural material that has lived its own life, so it may have small scratches or imperfections. We try to never put such &quot;imperfections&quot; in the central areas, but please note that there may also be a slight scratch or mark in the leather on the back or less visible parts of the product. Leather is a wonderful material, and our philosophy is to respect and use it, throwing out as little as possible, thus showing a little respect and gratitude to nature and the world. Crazy horse material has been known for centuries, it is made from thick cow leather (full grain), which is one of the highest quality leathers in the world. It is coated with a layer of natural wax, then polished to a rich finish. Daily use of a product made of such leather only makes it more beautiful - scratches and friction against other objects change the color of the leather, creating rich, multi-graded tones, complementing the product with a natural &quot;vintage&quot; roughness and harshness. The more the product is used, the more unique its pattern will become. If you want the product to last a long time, as well as if you want to update its &quot;vintage&quot; look, all you have to do is wet it thoroughly and rub it with a clean cloth (especially the places where scratches are more visible), wipe off the excess water and finally polish it again using a linear movements and woolen gloves, socks or any other woolen product. Polish until the skin is smooth and slightly shiny.\" \/>\n<meta property=\"og:url\" content=\"https:\/\/lottespapery.com\/en\/products\/adas-plansete\/\" \/>\n<meta property=\"og:site_name\" content=\"Lotte&#039;s Papery\" \/>\n<meta property=\"article:publisher\" content=\"https:\/\/www.facebook.com\/LottesPapery\/\" \/>\n<meta property=\"article:modified_time\" content=\"2023-04-16T21:02:58+00:00\" \/>\n<meta property=\"og:image\" content=\"https:\/\/lottespapery.com\/wp-content\/uploads\/2022\/11\/lotte-ziemassvetku-2021-389.jpg\" \/>\n\t<meta property=\"og:image:width\" content=\"1024\" \/>\n\t<meta property=\"og:image:height\" content=\"1536\" \/>\n\t<meta property=\"og:image:type\" content=\"image\/jpeg\" \/>\n<meta name=\"twitter:card\" content=\"summary_large_image\" \/>\n<script type=\"application\/ld+json\" class=\"yoast-schema-graph\">{\"@context\":\"https:\/\/schema.org\",\"@graph\":[{\"@type\":\"WebPage\",\"@id\":\"https:\/\/lottespapery.com\/en\/products\/adas-plansete\/\",\"url\":\"https:\/\/lottespapery.com\/en\/products\/adas-plansete\/\",\"name\":\"Skin tablet - Lotte&#039;s Papery\",\"isPartOf\":{\"@id\":\"https:\/\/lottespapery.com\/en\/#website\"},\"datePublished\":\"2022-11-15T04:39:30+00:00\",\"dateModified\":\"2023-04-16T21:02:58+00:00\",\"description\":\"A tablet that will keep papers and documents in one place and provide a solid base to write on. Tablet dimensions: 34.5 x 24 cm, suitable for A4 and smaller pages. Maximum capacity: 50 pages. We use \\\"Crazy horse\\\" leather for our products, treated with natural waxes. Leather is a natural material that has lived its own life, so it may have small scratches or imperfections. We try to never put such \\\"imperfections\\\" in the central areas, but please note that there may also be a slight scratch or mark in the leather on the back or less visible parts of the product. Leather is a wonderful material, and our philosophy is to respect and use it, throwing out as little as possible, thus showing a little respect and gratitude to nature and the world. Crazy horse material has been known for centuries, it is made from thick cow leather (full grain), which is one of the highest quality leathers in the world. It is coated with a layer of natural wax, then polished to a rich finish. Daily use of a product made of such leather only makes it more beautiful - scratches and friction against other objects change the color of the leather, creating rich, multi-graded tones, complementing the product with a natural \\\"vintage\\\" roughness and harshness. The more the product is used, the more unique its pattern will become. If you want the product to last a long time, as well as if you want to update its \\\"vintage\\\" look, all you have to do is wet it thoroughly and rub it with a clean cloth (especially the places where scratches are more visible), wipe off the excess water and finally polish it again using a linear movements and woolen gloves, socks or any other woolen product. Polish until the skin is smooth and slightly shiny.\",\"breadcrumb\":{\"@id\":\"https:\/\/lottespapery.com\/en\/products\/adas-plansete\/#breadcrumb\"},\"inLanguage\":\"en-US\",\"potentialAction\":[{\"@type\":\"ReadAction\",\"target\":[\"https:\/\/lottespapery.com\/en\/products\/adas-plansete\/\"]}]},{\"@type\":\"BreadcrumbList\",\"@id\":\"https:\/\/lottespapery.com\/en\/products\/adas-plansete\/#breadcrumb\",\"itemListElement\":[{\"@type\":\"ListItem\",\"position\":1,\"name\":\"Home\",\"item\":\"https:\/\/lottespapery.com\/en\/\"},{\"@type\":\"ListItem\",\"position\":2,\"name\":\"Shop\",\"item\":\"https:\/\/lottespapery.com\/en\/shop\/\"},{\"@type\":\"ListItem\",\"position\":3,\"name\":\"Skin tablet\"}]},{\"@type\":\"WebSite\",\"@id\":\"https:\/\/lottespapery.com\/en\/#website\",\"url\":\"https:\/\/lottespapery.com\/en\/\",\"name\":\"Lotte&#039;s Papery\",\"description\":\"Pap\u012brlietas un \u0101das izstr\u0101d\u0101jumi\",\"publisher\":{\"@id\":\"https:\/\/lottespapery.com\/en\/#organization\"},\"potentialAction\":[{\"@type\":\"SearchAction\",\"target\":{\"@type\":\"EntryPoint\",\"urlTemplate\":\"https:\/\/lottespapery.com\/en\/?s={search_term_string}\"},\"query-input\":\"required name=search_term_string\"}],\"inLanguage\":\"en-US\"},{\"@type\":\"Organization\",\"@id\":\"https:\/\/lottespapery.com\/en\/#organization\",\"name\":\"Lotte&#039;s Papery\",\"url\":\"https:\/\/lottespapery.com\/en\/\",\"logo\":{\"@type\":\"ImageObject\",\"inLanguage\":\"en-US\",\"@id\":\"https:\/\/lottespapery.com\/en\/#\/schema\/logo\/image\/\",\"url\":\"http:\/\/lottespapery.com\/wp-content\/uploads\/2022\/11\/logo-dark_180x@2x.png\",\"contentUrl\":\"http:\/\/lottespapery.com\/wp-content\/uploads\/2022\/11\/logo-dark_180x@2x.png\",\"width\":360,\"height\":100,\"caption\":\"Lotte&#039;s Papery\"},\"image\":{\"@id\":\"https:\/\/lottespapery.com\/en\/#\/schema\/logo\/image\/\"},\"sameAs\":[\"https:\/\/www.instagram.com\/lottes_papery\/\",\"https:\/\/www.facebook.com\/LottesPapery\/\"]}]}<\/script>\n<!-- \/ Yoast SEO plugin. -->","yoast_head_json":{"title":"Skin tablet - Lotte&#039;s Papery","description":"A tablet that will keep papers and documents in one place and provide a solid base to write on. Tablet dimensions: 34.5 x 24 cm, suitable for A4 and smaller pages. Maximum capacity: 50 pages. We use \"Crazy horse\" leather for our products, treated with natural waxes. Leather is a natural material that has lived its own life, so it may have small scratches or imperfections. We try to never put such \"imperfections\" in the central areas, but please note that there may also be a slight scratch or mark in the leather on the back or less visible parts of the product. Leather is a wonderful material, and our philosophy is to respect and use it, throwing out as little as possible, thus showing a little respect and gratitude to nature and the world. Crazy horse material has been known for centuries, it is made from thick cow leather (full grain), which is one of the highest quality leathers in the world. It is coated with a layer of natural wax, then polished to a rich finish. Daily use of a product made of such leather only makes it more beautiful - scratches and friction against other objects change the color of the leather, creating rich, multi-graded tones, complementing the product with a natural \"vintage\" roughness and harshness. The more the product is used, the more unique its pattern will become. If you want the product to last a long time, as well as if you want to update its \"vintage\" look, all you have to do is wet it thoroughly and rub it with a clean cloth (especially the places where scratches are more visible), wipe off the excess water and finally polish it again using a linear movements and woolen gloves, socks or any other woolen product. Polish until the skin is smooth and slightly shiny.","robots":{"index":"index","follow":"follow","max-snippet":"max-snippet:-1","max-image-preview":"max-image-preview:large","max-video-preview":"max-video-preview:-1"},"canonical":"https:\/\/lottespapery.com\/en\/products\/adas-plansete\/","og_locale":"en_US","og_type":"article","og_title":"Skin tablet - Lotte&#039;s Papery","og_description":"A tablet that will keep papers and documents in one place and provide a solid base to write on. Tablet dimensions: 34.5 x 24 cm, suitable for A4 and smaller pages. Maximum capacity: 50 pages. We use \"Crazy horse\" leather for our products, treated with natural waxes. Leather is a natural material that has lived its own life, so it may have small scratches or imperfections. We try to never put such \"imperfections\" in the central areas, but please note that there may also be a slight scratch or mark in the leather on the back or less visible parts of the product. Leather is a wonderful material, and our philosophy is to respect and use it, throwing out as little as possible, thus showing a little respect and gratitude to nature and the world. Crazy horse material has been known for centuries, it is made from thick cow leather (full grain), which is one of the highest quality leathers in the world. It is coated with a layer of natural wax, then polished to a rich finish. Daily use of a product made of such leather only makes it more beautiful - scratches and friction against other objects change the color of the leather, creating rich, multi-graded tones, complementing the product with a natural \"vintage\" roughness and harshness. The more the product is used, the more unique its pattern will become. If you want the product to last a long time, as well as if you want to update its \"vintage\" look, all you have to do is wet it thoroughly and rub it with a clean cloth (especially the places where scratches are more visible), wipe off the excess water and finally polish it again using a linear movements and woolen gloves, socks or any other woolen product. Polish until the skin is smooth and slightly shiny.","og_url":"https:\/\/lottespapery.com\/en\/products\/adas-plansete\/","og_site_name":"Lotte&#039;s Papery","article_publisher":"https:\/\/www.facebook.com\/LottesPapery\/","article_modified_time":"2023-04-16T21:02:58+00:00","og_image":[{"width":1024,"height":1536,"url":"https:\/\/lottespapery.com\/wp-content\/uploads\/2022\/11\/lotte-ziemassvetku-2021-389.jpg","type":"image\/jpeg"}],"twitter_card":"summary_large_image","schema":{"@context":"https:\/\/schema.org","@graph":[{"@type":"WebPage","@id":"https:\/\/lottespapery.com\/en\/products\/adas-plansete\/","url":"https:\/\/lottespapery.com\/en\/products\/adas-plansete\/","name":"Skin tablet - Lotte&#039;s Papery","isPartOf":{"@id":"https:\/\/lottespapery.com\/en\/#website"},"datePublished":"2022-11-15T04:39:30+00:00","dateModified":"2023-04-16T21:02:58+00:00","description":"A tablet that will keep papers and documents in one place and provide a solid base to write on. Tablet dimensions: 34.5 x 24 cm, suitable for A4 and smaller pages. Maximum capacity: 50 pages. We use \"Crazy horse\" leather for our products, treated with natural waxes. Leather is a natural material that has lived its own life, so it may have small scratches or imperfections. We try to never put such \"imperfections\" in the central areas, but please note that there may also be a slight scratch or mark in the leather on the back or less visible parts of the product. Leather is a wonderful material, and our philosophy is to respect and use it, throwing out as little as possible, thus showing a little respect and gratitude to nature and the world. Crazy horse material has been known for centuries, it is made from thick cow leather (full grain), which is one of the highest quality leathers in the world. It is coated with a layer of natural wax, then polished to a rich finish. Daily use of a product made of such leather only makes it more beautiful - scratches and friction against other objects change the color of the leather, creating rich, multi-graded tones, complementing the product with a natural \"vintage\" roughness and harshness. The more the product is used, the more unique its pattern will become. If you want the product to last a long time, as well as if you want to update its \"vintage\" look, all you have to do is wet it thoroughly and rub it with a clean cloth (especially the places where scratches are more visible), wipe off the excess water and finally polish it again using a linear movements and woolen gloves, socks or any other woolen product. Polish until the skin is smooth and slightly shiny.","breadcrumb":{"@id":"https:\/\/lottespapery.com\/en\/products\/adas-plansete\/#breadcrumb"},"inLanguage":"en-US","potentialAction":[{"@type":"ReadAction","target":["https:\/\/lottespapery.com\/en\/products\/adas-plansete\/"]}]},{"@type":"BreadcrumbList","@id":"https:\/\/lottespapery.com\/en\/products\/adas-plansete\/#breadcrumb","itemListElement":[{"@type":"ListItem","position":1,"name":"Home","item":"https:\/\/lottespapery.com\/en\/"},{"@type":"ListItem","position":2,"name":"Shop","item":"https:\/\/lottespapery.com\/en\/shop\/"},{"@type":"ListItem","position":3,"name":"Skin tablet"}]},{"@type":"WebSite","@id":"https:\/\/lottespapery.com\/en\/#website","url":"https:\/\/lottespapery.com\/en\/","name":"Lotte&#039;s Papery","description":"Pap\u012brlietas un \u0101das izstr\u0101d\u0101jumi","publisher":{"@id":"https:\/\/lottespapery.com\/en\/#organization"},"potentialAction":[{"@type":"SearchAction","target":{"@type":"EntryPoint","urlTemplate":"https:\/\/lottespapery.com\/en\/?s={search_term_string}"},"query-input":"required name=search_term_string"}],"inLanguage":"en-US"},{"@type":"Organization","@id":"https:\/\/lottespapery.com\/en\/#organization","name":"Lotte&#039;s Papery","url":"https:\/\/lottespapery.com\/en\/","logo":{"@type":"ImageObject","inLanguage":"en-US","@id":"https:\/\/lottespapery.com\/en\/#\/schema\/logo\/image\/","url":"http:\/\/lottespapery.com\/wp-content\/uploads\/2022\/11\/logo-dark_180x@2x.png","contentUrl":"http:\/\/lottespapery.com\/wp-content\/uploads\/2022\/11\/logo-dark_180x@2x.png","width":360,"height":100,"caption":"Lotte&#039;s Papery"},"image":{"@id":"https:\/\/lottespapery.com\/en\/#\/schema\/logo\/image\/"},"sameAs":["https:\/\/www.instagram.com\/lottes_papery\/","https:\/\/www.facebook.com\/LottesPapery\/"]}]}},"_links":{"self":[{"href":"https:\/\/lottespapery.com\/en\/wp-json\/wp\/v2\/product\/22284","targetHints":{"allow":["GET"]}}],"collection":[{"href":"https:\/\/lottespapery.com\/en\/wp-json\/wp\/v2\/product"}],"about":[{"href":"https:\/\/lottespapery.com\/en\/wp-json\/wp\/v2\/types\/product"}],"wp:featuredmedia":[{"embeddable":true,"href":"https:\/\/lottespapery.com\/en\/wp-json\/wp\/v2\/media\/5582"}],"wp:attachment":[{"href":"https:\/\/lottespapery.com\/en\/wp-json\/wp\/v2\/media?parent=22284"}],"wp:term":[{"taxonomy":"product_brand","embeddable":true,"href":"https:\/\/lottespapery.com\/en\/wp-json\/wp\/v2\/product_brand?post=22284"},{"taxonomy":"product_cat","embeddable":true,"href":"https:\/\/lottespapery.com\/en\/wp-json\/wp\/v2\/product_cat?post=22284"},{"taxonomy":"product_tag","embeddable":true,"href":"https:\/\/lottespapery.com\/en\/wp-json\/wp\/v2\/product_tag?post=22284"}],"curies":[{"name":"wp","href":"https:\/\/api.w.org\/{rel}","templated":true}]}}