{"id":22289,"date":"2022-11-15T08:28:29","date_gmt":"2022-11-15T06:28:29","guid":{"rendered":"http:\/\/lottespapery.com\/products\/changeable-pages-for-a-leather-notebook\/"},"modified":"2026-03-13T17:31:41","modified_gmt":"2026-03-13T15:31:41","slug":"changeable-pages-ads-for-notebook","status":"publish","type":"product","link":"https:\/\/lottespapery.com\/en\/products\/changeable-pages-ads-for-notebook\/","title":{"rendered":"Replaceable pages for a leather notebook"},"content":{"rendered":"","protected":false},"excerpt":{"rendered":"","protected":false},"featured_media":11153,"template":"","meta":[],"product_brand":[],"product_cat":[883],"product_tag":[],"class_list":{"0":"post-22289","1":"product","2":"type-product","3":"status-publish","4":"has-post-thumbnail","6":"product_cat-notebooks-in-leather-covers","8":"first","9":"instock","10":"taxable","11":"shipping-taxable","12":"purchasable","13":"product-type-variable","14":"has-default-attributes"},"raw_content":{"name":"Replaceable pages for a leather notebook","description":"","short_description":"","status":"publish","sku":"6662-A4199F","original":11146},"wpml":{"translation_type":0,"has_translations":false,"original":11146,"duplicates":[],"translations":{"lv":11146,"en":22289}},"yoast_head":"<!-- This site is optimized with the Yoast SEO plugin v19.10 - https:\/\/yoast.com\/wordpress\/plugins\/seo\/ -->\n<title>Replaceable pages for a leather notebook - Lotte&#039;s Papery<\/title>\n<meta name=\"description\" content=\"If your notebook is already full of notes and entries, you can replace the written pages with blank ones, where you can once again write down your thoughts, works and other important things.  We offer you to choose between 5 different page variants - with lines, squares, dotted, white or mix.  There are 130 pages in one set of replacement pages.  Dimensions for inner pages: 14.5 x 21 cm. Compatible with Lotte&#039;s Papery notebooks in leather covers, A5 size, with interchangeable pages.\" \/>\n<meta name=\"robots\" content=\"index, follow, max-snippet:-1, max-image-preview:large, max-video-preview:-1\" \/>\n<link rel=\"canonical\" href=\"https:\/\/lottespapery.com\/en\/products\/changeable-pages-ads-for-notebook\/\" \/>\n<meta property=\"og:locale\" content=\"en_US\" \/>\n<meta property=\"og:type\" content=\"article\" \/>\n<meta property=\"og:title\" content=\"Replaceable pages for a leather notebook - Lotte&#039;s Papery\" \/>\n<meta property=\"og:description\" content=\"If your notebook is already full of notes and entries, you can replace the written pages with blank ones, where you can once again write down your thoughts, works and other important things.  We offer you to choose between 5 different page variants - with lines, squares, dotted, white or mix.  There are 130 pages in one set of replacement pages.  Dimensions for inner pages: 14.5 x 21 cm. Compatible with Lotte&#039;s Papery notebooks in leather covers, A5 size, with interchangeable pages.\" \/>\n<meta property=\"og:url\" content=\"https:\/\/lottespapery.com\/en\/products\/changeable-pages-ads-for-notebook\/\" \/>\n<meta property=\"og:site_name\" content=\"Lotte&#039;s Papery\" \/>\n<meta property=\"article:publisher\" content=\"https:\/\/www.facebook.com\/LottesPapery\/\" \/>\n<meta property=\"article:modified_time\" content=\"2026-03-13T15:31:41+00:00\" \/>\n<meta property=\"og:image\" content=\"http:\/\/lottespapery.com\/wp-content\/uploads\/2022\/11\/Untitled-1-01.jpg\" \/>\n\t<meta property=\"og:image:width\" content=\"1983\" \/>\n\t<meta property=\"og:image:height\" content=\"1983\" \/>\n\t<meta property=\"og:image:type\" content=\"image\/jpeg\" \/>\n<meta name=\"twitter:card\" content=\"summary_large_image\" \/>\n<script type=\"application\/ld+json\" class=\"yoast-schema-graph\">{\"@context\":\"https:\/\/schema.org\",\"@graph\":[{\"@type\":\"WebPage\",\"@id\":\"https:\/\/lottespapery.com\/en\/products\/changeable-pages-ads-for-notebook\/\",\"url\":\"https:\/\/lottespapery.com\/en\/products\/changeable-pages-ads-for-notebook\/\",\"name\":\"Replaceable pages for a leather notebook - Lotte&#039;s Papery\",\"isPartOf\":{\"@id\":\"https:\/\/lottespapery.com\/en\/#website\"},\"datePublished\":\"2022-11-15T06:28:29+00:00\",\"dateModified\":\"2026-03-13T15:31:41+00:00\",\"description\":\"If your notebook is already full of notes and entries, you can replace the written pages with blank ones, where you can once again write down your thoughts, works and other important things. We offer you to choose between 5 different page variants - with lines, squares, dotted, white or mix. There are 130 pages in one set of replacement pages. Dimensions for inner pages: 14.5 x 21 cm. Compatible with Lotte's Papery notebooks in leather covers, A5 size, with interchangeable pages.\",\"breadcrumb\":{\"@id\":\"https:\/\/lottespapery.com\/en\/products\/changeable-pages-ads-for-notebook\/#breadcrumb\"},\"inLanguage\":\"en-US\",\"potentialAction\":[{\"@type\":\"ReadAction\",\"target\":[\"https:\/\/lottespapery.com\/en\/products\/changeable-pages-ads-for-notebook\/\"]}]},{\"@type\":\"BreadcrumbList\",\"@id\":\"https:\/\/lottespapery.com\/en\/products\/changeable-pages-ads-for-notebook\/#breadcrumb\",\"itemListElement\":[{\"@type\":\"ListItem\",\"position\":1,\"name\":\"Home\",\"item\":\"https:\/\/lottespapery.com\/en\/\"},{\"@type\":\"ListItem\",\"position\":2,\"name\":\"Shop\",\"item\":\"https:\/\/lottespapery.com\/en\/shop\/\"},{\"@type\":\"ListItem\",\"position\":3,\"name\":\"Replaceable pages for a leather notebook\"}]},{\"@type\":\"WebSite\",\"@id\":\"https:\/\/lottespapery.com\/en\/#website\",\"url\":\"https:\/\/lottespapery.com\/en\/\",\"name\":\"Lotte&#039;s Papery\",\"description\":\"Pap\u012brlietas un \u0101das izstr\u0101d\u0101jumi\",\"publisher\":{\"@id\":\"https:\/\/lottespapery.com\/en\/#organization\"},\"potentialAction\":[{\"@type\":\"SearchAction\",\"target\":{\"@type\":\"EntryPoint\",\"urlTemplate\":\"https:\/\/lottespapery.com\/en\/?s={search_term_string}\"},\"query-input\":\"required name=search_term_string\"}],\"inLanguage\":\"en-US\"},{\"@type\":\"Organization\",\"@id\":\"https:\/\/lottespapery.com\/en\/#organization\",\"name\":\"Lotte&#039;s Papery\",\"url\":\"https:\/\/lottespapery.com\/en\/\",\"logo\":{\"@type\":\"ImageObject\",\"inLanguage\":\"en-US\",\"@id\":\"https:\/\/lottespapery.com\/en\/#\/schema\/logo\/image\/\",\"url\":\"http:\/\/lottespapery.com\/wp-content\/uploads\/2022\/11\/logo-dark_180x@2x.png\",\"contentUrl\":\"http:\/\/lottespapery.com\/wp-content\/uploads\/2022\/11\/logo-dark_180x@2x.png\",\"width\":360,\"height\":100,\"caption\":\"Lotte&#039;s Papery\"},\"image\":{\"@id\":\"https:\/\/lottespapery.com\/en\/#\/schema\/logo\/image\/\"},\"sameAs\":[\"https:\/\/www.instagram.com\/lottes_papery\/\",\"https:\/\/www.facebook.com\/LottesPapery\/\"]}]}<\/script>\n<!-- \/ Yoast SEO plugin. -->","yoast_head_json":{"title":"Replaceable pages for a leather notebook - Lotte&#039;s Papery","description":"If your notebook is already full of notes and entries, you can replace the written pages with blank ones, where you can once again write down your thoughts, works and other important things.  We offer you to choose between 5 different page variants - with lines, squares, dotted, white or mix.  There are 130 pages in one set of replacement pages.  Dimensions for inner pages: 14.5 x 21 cm. Compatible with Lotte's Papery notebooks in leather covers, A5 size, with interchangeable pages.","robots":{"index":"index","follow":"follow","max-snippet":"max-snippet:-1","max-image-preview":"max-image-preview:large","max-video-preview":"max-video-preview:-1"},"canonical":"https:\/\/lottespapery.com\/en\/products\/changeable-pages-ads-for-notebook\/","og_locale":"en_US","og_type":"article","og_title":"Replaceable pages for a leather notebook - Lotte&#039;s Papery","og_description":"If your notebook is already full of notes and entries, you can replace the written pages with blank ones, where you can once again write down your thoughts, works and other important things.  We offer you to choose between 5 different page variants - with lines, squares, dotted, white or mix.  There are 130 pages in one set of replacement pages.  Dimensions for inner pages: 14.5 x 21 cm. Compatible with Lotte's Papery notebooks in leather covers, A5 size, with interchangeable pages.","og_url":"https:\/\/lottespapery.com\/en\/products\/changeable-pages-ads-for-notebook\/","og_site_name":"Lotte&#039;s Papery","article_publisher":"https:\/\/www.facebook.com\/LottesPapery\/","article_modified_time":"2026-03-13T15:31:41+00:00","og_image":[{"width":1983,"height":1983,"url":"http:\/\/lottespapery.com\/wp-content\/uploads\/2022\/11\/Untitled-1-01.jpg","type":"image\/jpeg"}],"twitter_card":"summary_large_image","schema":{"@context":"https:\/\/schema.org","@graph":[{"@type":"WebPage","@id":"https:\/\/lottespapery.com\/en\/products\/changeable-pages-ads-for-notebook\/","url":"https:\/\/lottespapery.com\/en\/products\/changeable-pages-ads-for-notebook\/","name":"Replaceable pages for a leather notebook - Lotte&#039;s Papery","isPartOf":{"@id":"https:\/\/lottespapery.com\/en\/#website"},"datePublished":"2022-11-15T06:28:29+00:00","dateModified":"2026-03-13T15:31:41+00:00","description":"If your notebook is already full of notes and entries, you can replace the written pages with blank ones, where you can once again write down your thoughts, works and other important things. We offer you to choose between 5 different page variants - with lines, squares, dotted, white or mix. There are 130 pages in one set of replacement pages. Dimensions for inner pages: 14.5 x 21 cm. Compatible with Lotte's Papery notebooks in leather covers, A5 size, with interchangeable pages.","breadcrumb":{"@id":"https:\/\/lottespapery.com\/en\/products\/changeable-pages-ads-for-notebook\/#breadcrumb"},"inLanguage":"en-US","potentialAction":[{"@type":"ReadAction","target":["https:\/\/lottespapery.com\/en\/products\/changeable-pages-ads-for-notebook\/"]}]},{"@type":"BreadcrumbList","@id":"https:\/\/lottespapery.com\/en\/products\/changeable-pages-ads-for-notebook\/#breadcrumb","itemListElement":[{"@type":"ListItem","position":1,"name":"Home","item":"https:\/\/lottespapery.com\/en\/"},{"@type":"ListItem","position":2,"name":"Shop","item":"https:\/\/lottespapery.com\/en\/shop\/"},{"@type":"ListItem","position":3,"name":"Replaceable pages for a leather notebook"}]},{"@type":"WebSite","@id":"https:\/\/lottespapery.com\/en\/#website","url":"https:\/\/lottespapery.com\/en\/","name":"Lotte&#039;s Papery","description":"Pap\u012brlietas un \u0101das izstr\u0101d\u0101jumi","publisher":{"@id":"https:\/\/lottespapery.com\/en\/#organization"},"potentialAction":[{"@type":"SearchAction","target":{"@type":"EntryPoint","urlTemplate":"https:\/\/lottespapery.com\/en\/?s={search_term_string}"},"query-input":"required name=search_term_string"}],"inLanguage":"en-US"},{"@type":"Organization","@id":"https:\/\/lottespapery.com\/en\/#organization","name":"Lotte&#039;s Papery","url":"https:\/\/lottespapery.com\/en\/","logo":{"@type":"ImageObject","inLanguage":"en-US","@id":"https:\/\/lottespapery.com\/en\/#\/schema\/logo\/image\/","url":"http:\/\/lottespapery.com\/wp-content\/uploads\/2022\/11\/logo-dark_180x@2x.png","contentUrl":"http:\/\/lottespapery.com\/wp-content\/uploads\/2022\/11\/logo-dark_180x@2x.png","width":360,"height":100,"caption":"Lotte&#039;s Papery"},"image":{"@id":"https:\/\/lottespapery.com\/en\/#\/schema\/logo\/image\/"},"sameAs":["https:\/\/www.instagram.com\/lottes_papery\/","https:\/\/www.facebook.com\/LottesPapery\/"]}]}},"_links":{"self":[{"href":"https:\/\/lottespapery.com\/en\/wp-json\/wp\/v2\/product\/22289","targetHints":{"allow":["GET"]}}],"collection":[{"href":"https:\/\/lottespapery.com\/en\/wp-json\/wp\/v2\/product"}],"about":[{"href":"https:\/\/lottespapery.com\/en\/wp-json\/wp\/v2\/types\/product"}],"wp:featuredmedia":[{"embeddable":true,"href":"https:\/\/lottespapery.com\/en\/wp-json\/wp\/v2\/media\/11153"}],"wp:attachment":[{"href":"https:\/\/lottespapery.com\/en\/wp-json\/wp\/v2\/media?parent=22289"}],"wp:term":[{"taxonomy":"product_brand","embeddable":true,"href":"https:\/\/lottespapery.com\/en\/wp-json\/wp\/v2\/product_brand?post=22289"},{"taxonomy":"product_cat","embeddable":true,"href":"https:\/\/lottespapery.com\/en\/wp-json\/wp\/v2\/product_cat?post=22289"},{"taxonomy":"product_tag","embeddable":true,"href":"https:\/\/lottespapery.com\/en\/wp-json\/wp\/v2\/product_tag?post=22289"}],"curies":[{"name":"wp","href":"https:\/\/api.w.org\/{rel}","templated":true}]}}