{"id":22582,"date":"2022-11-15T06:50:14","date_gmt":"2022-11-15T04:50:14","guid":{"rendered":"http:\/\/lottespapery.com\/products\/double-sided-stickers-for-attaching-photos-250-pcs\/"},"modified":"2025-02-14T14:04:57","modified_gmt":"2025-02-14T12:04:57","slug":"double-sided-stickers-for-photo-fixing-250-pcs","status":"publish","type":"product","link":"https:\/\/lottespapery.com\/en\/products\/double-sided-stickers-for-photo-fixing-250-pcs\/","title":{"rendered":"Double-sided stickers for attaching photos, 250 pcs."},"content":{"rendered":"","protected":false},"excerpt":{"rendered":"","protected":false},"featured_media":6001,"template":"","meta":[],"product_brand":[],"product_cat":[1685,1749,867],"product_tag":[],"class_list":{"0":"post-22582","1":"product","2":"type-product","3":"status-publish","4":"has-post-thumbnail","6":"product_cat-accessories-for-wedding-day","7":"product_cat-photo-albums","8":"product_cat-stickers-for-attaching-photos","10":"first","11":"outofstock","12":"taxable","13":"shipping-taxable","14":"purchasable","15":"product-type-simple"},"raw_content":{"name":"Double-sided stickers for attaching photos, 250 pcs.","description":"","short_description":"","status":"publish","sku":"6061-17B71B","original":5999},"wpml":{"translation_type":1,"has_translations":true,"original":5999,"duplicates":[],"translations":{"lv":5999,"en":22582}},"yoast_head":"<!-- This site is optimized with the Yoast SEO plugin v19.10 - https:\/\/yoast.com\/wordpress\/plugins\/seo\/ -->\n<title>Double-sided stickers for attaching photos, 250 pcs. - Lotte&#039;s Papery<\/title>\n<meta name=\"description\" content=\"Double-sided stickers for self- adhesive photos on photo album pages and will work for any kind of photos. The stickers are arranged in a long ribbon for convenient and handy use. Stick one sticker in each corner of the photo, tear off the protective paper and stick the photo anywhere on the photo album page.250 pieces in a package.\" \/>\n<meta name=\"robots\" content=\"index, follow, max-snippet:-1, max-image-preview:large, max-video-preview:-1\" \/>\n<link rel=\"canonical\" href=\"https:\/\/lottespapery.com\/en\/products\/double-sided-stickers-for-photo-fixing-250-pcs\/\" \/>\n<meta property=\"og:locale\" content=\"en_US\" \/>\n<meta property=\"og:type\" content=\"article\" \/>\n<meta property=\"og:title\" content=\"Double-sided stickers for attaching photos, 250 pcs. - Lotte&#039;s Papery\" \/>\n<meta property=\"og:description\" content=\"Double-sided stickers for self- adhesive photos on photo album pages and will work for any kind of photos. The stickers are arranged in a long ribbon for convenient and handy use. Stick one sticker in each corner of the photo, tear off the protective paper and stick the photo anywhere on the photo album page.250 pieces in a package.\" \/>\n<meta property=\"og:url\" content=\"https:\/\/lottespapery.com\/en\/products\/double-sided-stickers-for-photo-fixing-250-pcs\/\" \/>\n<meta property=\"og:site_name\" content=\"Lotte&#039;s Papery\" \/>\n<meta property=\"article:publisher\" content=\"https:\/\/www.facebook.com\/LottesPapery\/\" \/>\n<meta property=\"article:modified_time\" content=\"2025-02-14T12:04:57+00:00\" \/>\n<meta property=\"og:image\" content=\"http:\/\/lottespapery.com\/wp-content\/uploads\/2022\/11\/Fotoprzylepce_podklejki_Henzo-250_1.jpg\" \/>\n\t<meta property=\"og:image:width\" content=\"1000\" \/>\n\t<meta property=\"og:image:height\" content=\"1000\" \/>\n\t<meta property=\"og:image:type\" content=\"image\/jpeg\" \/>\n<meta name=\"twitter:card\" content=\"summary_large_image\" \/>\n<script type=\"application\/ld+json\" class=\"yoast-schema-graph\">{\"@context\":\"https:\/\/schema.org\",\"@graph\":[{\"@type\":\"WebPage\",\"@id\":\"https:\/\/lottespapery.com\/en\/products\/double-sided-stickers-for-photo-fixing-250-pcs\/\",\"url\":\"https:\/\/lottespapery.com\/en\/products\/double-sided-stickers-for-photo-fixing-250-pcs\/\",\"name\":\"Double-sided stickers for attaching photos, 250 pcs. - Lotte&#039;s Papery\",\"isPartOf\":{\"@id\":\"https:\/\/lottespapery.com\/en\/#website\"},\"datePublished\":\"2022-11-15T04:50:14+00:00\",\"dateModified\":\"2025-02-14T12:04:57+00:00\",\"description\":\"Double-sided stickers for self- adhesive photos on photo album pages and will work for any kind of photos. The stickers are arranged in a long ribbon for convenient and handy use. Stick one sticker in each corner of the photo, tear off the protective paper and stick the photo anywhere on the photo album page.250 pieces in a package.\",\"breadcrumb\":{\"@id\":\"https:\/\/lottespapery.com\/en\/products\/double-sided-stickers-for-photo-fixing-250-pcs\/#breadcrumb\"},\"inLanguage\":\"en-US\",\"potentialAction\":[{\"@type\":\"ReadAction\",\"target\":[\"https:\/\/lottespapery.com\/en\/products\/double-sided-stickers-for-photo-fixing-250-pcs\/\"]}]},{\"@type\":\"BreadcrumbList\",\"@id\":\"https:\/\/lottespapery.com\/en\/products\/double-sided-stickers-for-photo-fixing-250-pcs\/#breadcrumb\",\"itemListElement\":[{\"@type\":\"ListItem\",\"position\":1,\"name\":\"Home\",\"item\":\"https:\/\/lottespapery.com\/en\/\"},{\"@type\":\"ListItem\",\"position\":2,\"name\":\"Shop\",\"item\":\"https:\/\/lottespapery.com\/en\/shop\/\"},{\"@type\":\"ListItem\",\"position\":3,\"name\":\"Double-sided stickers for attaching photos, 250 pcs.\"}]},{\"@type\":\"WebSite\",\"@id\":\"https:\/\/lottespapery.com\/en\/#website\",\"url\":\"https:\/\/lottespapery.com\/en\/\",\"name\":\"Lotte&#039;s Papery\",\"description\":\"Pap\u012brlietas un \u0101das izstr\u0101d\u0101jumi\",\"publisher\":{\"@id\":\"https:\/\/lottespapery.com\/en\/#organization\"},\"potentialAction\":[{\"@type\":\"SearchAction\",\"target\":{\"@type\":\"EntryPoint\",\"urlTemplate\":\"https:\/\/lottespapery.com\/en\/?s={search_term_string}\"},\"query-input\":\"required name=search_term_string\"}],\"inLanguage\":\"en-US\"},{\"@type\":\"Organization\",\"@id\":\"https:\/\/lottespapery.com\/en\/#organization\",\"name\":\"Lotte&#039;s Papery\",\"url\":\"https:\/\/lottespapery.com\/en\/\",\"logo\":{\"@type\":\"ImageObject\",\"inLanguage\":\"en-US\",\"@id\":\"https:\/\/lottespapery.com\/en\/#\/schema\/logo\/image\/\",\"url\":\"http:\/\/lottespapery.com\/wp-content\/uploads\/2022\/11\/logo-dark_180x@2x.png\",\"contentUrl\":\"http:\/\/lottespapery.com\/wp-content\/uploads\/2022\/11\/logo-dark_180x@2x.png\",\"width\":360,\"height\":100,\"caption\":\"Lotte&#039;s Papery\"},\"image\":{\"@id\":\"https:\/\/lottespapery.com\/en\/#\/schema\/logo\/image\/\"},\"sameAs\":[\"https:\/\/www.instagram.com\/lottes_papery\/\",\"https:\/\/www.facebook.com\/LottesPapery\/\"]}]}<\/script>\n<!-- \/ Yoast SEO plugin. -->","yoast_head_json":{"title":"Double-sided stickers for attaching photos, 250 pcs. - Lotte&#039;s Papery","description":"Double-sided stickers for self- adhesive photos on photo album pages and will work for any kind of photos. The stickers are arranged in a long ribbon for convenient and handy use. Stick one sticker in each corner of the photo, tear off the protective paper and stick the photo anywhere on the photo album page.250 pieces in a package.","robots":{"index":"index","follow":"follow","max-snippet":"max-snippet:-1","max-image-preview":"max-image-preview:large","max-video-preview":"max-video-preview:-1"},"canonical":"https:\/\/lottespapery.com\/en\/products\/double-sided-stickers-for-photo-fixing-250-pcs\/","og_locale":"en_US","og_type":"article","og_title":"Double-sided stickers for attaching photos, 250 pcs. - Lotte&#039;s Papery","og_description":"Double-sided stickers for self- adhesive photos on photo album pages and will work for any kind of photos. The stickers are arranged in a long ribbon for convenient and handy use. Stick one sticker in each corner of the photo, tear off the protective paper and stick the photo anywhere on the photo album page.250 pieces in a package.","og_url":"https:\/\/lottespapery.com\/en\/products\/double-sided-stickers-for-photo-fixing-250-pcs\/","og_site_name":"Lotte&#039;s Papery","article_publisher":"https:\/\/www.facebook.com\/LottesPapery\/","article_modified_time":"2025-02-14T12:04:57+00:00","og_image":[{"width":1000,"height":1000,"url":"http:\/\/lottespapery.com\/wp-content\/uploads\/2022\/11\/Fotoprzylepce_podklejki_Henzo-250_1.jpg","type":"image\/jpeg"}],"twitter_card":"summary_large_image","schema":{"@context":"https:\/\/schema.org","@graph":[{"@type":"WebPage","@id":"https:\/\/lottespapery.com\/en\/products\/double-sided-stickers-for-photo-fixing-250-pcs\/","url":"https:\/\/lottespapery.com\/en\/products\/double-sided-stickers-for-photo-fixing-250-pcs\/","name":"Double-sided stickers for attaching photos, 250 pcs. - Lotte&#039;s Papery","isPartOf":{"@id":"https:\/\/lottespapery.com\/en\/#website"},"datePublished":"2022-11-15T04:50:14+00:00","dateModified":"2025-02-14T12:04:57+00:00","description":"Double-sided stickers for self- adhesive photos on photo album pages and will work for any kind of photos. The stickers are arranged in a long ribbon for convenient and handy use. Stick one sticker in each corner of the photo, tear off the protective paper and stick the photo anywhere on the photo album page.250 pieces in a package.","breadcrumb":{"@id":"https:\/\/lottespapery.com\/en\/products\/double-sided-stickers-for-photo-fixing-250-pcs\/#breadcrumb"},"inLanguage":"en-US","potentialAction":[{"@type":"ReadAction","target":["https:\/\/lottespapery.com\/en\/products\/double-sided-stickers-for-photo-fixing-250-pcs\/"]}]},{"@type":"BreadcrumbList","@id":"https:\/\/lottespapery.com\/en\/products\/double-sided-stickers-for-photo-fixing-250-pcs\/#breadcrumb","itemListElement":[{"@type":"ListItem","position":1,"name":"Home","item":"https:\/\/lottespapery.com\/en\/"},{"@type":"ListItem","position":2,"name":"Shop","item":"https:\/\/lottespapery.com\/en\/shop\/"},{"@type":"ListItem","position":3,"name":"Double-sided stickers for attaching photos, 250 pcs."}]},{"@type":"WebSite","@id":"https:\/\/lottespapery.com\/en\/#website","url":"https:\/\/lottespapery.com\/en\/","name":"Lotte&#039;s Papery","description":"Pap\u012brlietas un \u0101das izstr\u0101d\u0101jumi","publisher":{"@id":"https:\/\/lottespapery.com\/en\/#organization"},"potentialAction":[{"@type":"SearchAction","target":{"@type":"EntryPoint","urlTemplate":"https:\/\/lottespapery.com\/en\/?s={search_term_string}"},"query-input":"required name=search_term_string"}],"inLanguage":"en-US"},{"@type":"Organization","@id":"https:\/\/lottespapery.com\/en\/#organization","name":"Lotte&#039;s Papery","url":"https:\/\/lottespapery.com\/en\/","logo":{"@type":"ImageObject","inLanguage":"en-US","@id":"https:\/\/lottespapery.com\/en\/#\/schema\/logo\/image\/","url":"http:\/\/lottespapery.com\/wp-content\/uploads\/2022\/11\/logo-dark_180x@2x.png","contentUrl":"http:\/\/lottespapery.com\/wp-content\/uploads\/2022\/11\/logo-dark_180x@2x.png","width":360,"height":100,"caption":"Lotte&#039;s Papery"},"image":{"@id":"https:\/\/lottespapery.com\/en\/#\/schema\/logo\/image\/"},"sameAs":["https:\/\/www.instagram.com\/lottes_papery\/","https:\/\/www.facebook.com\/LottesPapery\/"]}]}},"_links":{"self":[{"href":"https:\/\/lottespapery.com\/en\/wp-json\/wp\/v2\/product\/22582","targetHints":{"allow":["GET"]}}],"collection":[{"href":"https:\/\/lottespapery.com\/en\/wp-json\/wp\/v2\/product"}],"about":[{"href":"https:\/\/lottespapery.com\/en\/wp-json\/wp\/v2\/types\/product"}],"wp:featuredmedia":[{"embeddable":true,"href":"https:\/\/lottespapery.com\/en\/wp-json\/wp\/v2\/media\/6001"}],"wp:attachment":[{"href":"https:\/\/lottespapery.com\/en\/wp-json\/wp\/v2\/media?parent=22582"}],"wp:term":[{"taxonomy":"product_brand","embeddable":true,"href":"https:\/\/lottespapery.com\/en\/wp-json\/wp\/v2\/product_brand?post=22582"},{"taxonomy":"product_cat","embeddable":true,"href":"https:\/\/lottespapery.com\/en\/wp-json\/wp\/v2\/product_cat?post=22582"},{"taxonomy":"product_tag","embeddable":true,"href":"https:\/\/lottespapery.com\/en\/wp-json\/wp\/v2\/product_tag?post=22582"}],"curies":[{"name":"wp","href":"https:\/\/api.w.org\/{rel}","templated":true}]}}