{"id":24052,"date":"2022-11-15T06:23:55","date_gmt":"2022-11-15T04:23:55","guid":{"rendered":"http:\/\/lottespapery.com\/products\/gold-stamp\/"},"modified":"2025-02-17T09:59:08","modified_gmt":"2025-02-17T07:59:08","slug":"gold-zimoglaka-2","status":"publish","type":"product","link":"https:\/\/lottespapery.com\/en\/products\/gold-zimoglaka-2\/","title":{"rendered":"Gold Medieval Sealing Wax"},"content":{"rendered":"","protected":false},"excerpt":{"rendered":"","protected":false},"featured_media":3598,"template":"","meta":[],"product_brand":[],"product_cat":[902],"product_tag":[],"class_list":{"0":"post-24052","1":"product","2":"type-product","3":"status-publish","4":"has-post-thumbnail","6":"product_cat-sealing-wax-without-burner","8":"first","9":"instock","10":"taxable","11":"shipping-taxable","12":"purchasable","13":"product-type-simple"},"raw_content":{"name":"Gold Medieval Sealing Wax","description":"","short_description":"","status":"publish","sku":"212F-57FD4F","original":3596},"wpml":{"translation_type":1,"has_translations":true,"original":3596,"duplicates":[],"translations":{"lv":3596,"en":24052}},"yoast_head":"<!-- This site is optimized with the Yoast SEO plugin v19.10 - https:\/\/yoast.com\/wordpress\/plugins\/seo\/ -->\n<title>Gold Medieval Sealing Wax - Lotte&#039;s Papery<\/title>\n<meta name=\"description\" content=\"Gold sealing wax crafted for true wax seal enthusiasts. Handmade in France using medieval recipes, it\u2019s designed for melting with a lighter or breaking into smaller pieces to melt over a flame with a spoon.  Fragile, the stamp will naturally crack or tear when an envelope, gift, or decoration is opened.  Size: 21.5 cm \u00d7 1.1 cm - One stick yields approximately 15\u201320 impressions with a 25mm stamp. - Perfect for high-volume sealing in a short time.  Not suitable for mailing! To protect the seal, place stamped envelopes inside an additional outer envelope, preferably bubble wrap.  Safe for use on greeting cards, invitations, envelopes, scrapbooking, and various materials like paper, glass, wood, and plastic. We recommend handing stamped items to recipients in person rather than mailing them.\" \/>\n<meta name=\"robots\" content=\"index, follow, max-snippet:-1, max-image-preview:large, max-video-preview:-1\" \/>\n<link rel=\"canonical\" href=\"https:\/\/lottespapery.com\/en\/products\/gold-zimoglaka-2\/\" \/>\n<meta property=\"og:locale\" content=\"en_US\" \/>\n<meta property=\"og:type\" content=\"article\" \/>\n<meta property=\"og:title\" content=\"Gold Medieval Sealing Wax - Lotte&#039;s Papery\" \/>\n<meta property=\"og:description\" content=\"Gold sealing wax crafted for true wax seal enthusiasts. Handmade in France using medieval recipes, it\u2019s designed for melting with a lighter or breaking into smaller pieces to melt over a flame with a spoon.  Fragile, the stamp will naturally crack or tear when an envelope, gift, or decoration is opened.  Size: 21.5 cm \u00d7 1.1 cm - One stick yields approximately 15\u201320 impressions with a 25mm stamp. - Perfect for high-volume sealing in a short time.  Not suitable for mailing! To protect the seal, place stamped envelopes inside an additional outer envelope, preferably bubble wrap.  Safe for use on greeting cards, invitations, envelopes, scrapbooking, and various materials like paper, glass, wood, and plastic. We recommend handing stamped items to recipients in person rather than mailing them.\" \/>\n<meta property=\"og:url\" content=\"https:\/\/lottespapery.com\/en\/products\/gold-zimoglaka-2\/\" \/>\n<meta property=\"og:site_name\" content=\"Lotte&#039;s Papery\" \/>\n<meta property=\"article:publisher\" content=\"https:\/\/www.facebook.com\/LottesPapery\/\" \/>\n<meta property=\"article:modified_time\" content=\"2025-02-17T07:59:08+00:00\" \/>\n<meta property=\"og:image\" content=\"http:\/\/lottespapery.com\/wp-content\/uploads\/2022\/11\/LOT_703711.jpg\" \/>\n\t<meta property=\"og:image:width\" content=\"2516\" \/>\n\t<meta property=\"og:image:height\" content=\"2517\" \/>\n\t<meta property=\"og:image:type\" content=\"image\/jpeg\" \/>\n<meta name=\"twitter:card\" content=\"summary_large_image\" \/>\n<script type=\"application\/ld+json\" class=\"yoast-schema-graph\">{\"@context\":\"https:\/\/schema.org\",\"@graph\":[{\"@type\":\"WebPage\",\"@id\":\"https:\/\/lottespapery.com\/en\/products\/gold-zimoglaka-2\/\",\"url\":\"https:\/\/lottespapery.com\/en\/products\/gold-zimoglaka-2\/\",\"name\":\"Gold Medieval Sealing Wax - Lotte&#039;s Papery\",\"isPartOf\":{\"@id\":\"https:\/\/lottespapery.com\/en\/#website\"},\"datePublished\":\"2022-11-15T04:23:55+00:00\",\"dateModified\":\"2025-02-17T07:59:08+00:00\",\"description\":\"Gold sealing wax crafted for true wax seal enthusiasts. Handmade in France using medieval recipes, it\u2019s designed for melting with a lighter or breaking into smaller pieces to melt over a flame with a spoon. Fragile, the stamp will naturally crack or tear when an envelope, gift, or decoration is opened. Size: 21.5 cm \u00d7 1.1 cm - One stick yields approximately 15\u201320 impressions with a 25mm stamp. - Perfect for high-volume sealing in a short time. Not suitable for mailing! To protect the seal, place stamped envelopes inside an additional outer envelope, preferably bubble wrap. Safe for use on greeting cards, invitations, envelopes, scrapbooking, and various materials like paper, glass, wood, and plastic. We recommend handing stamped items to recipients in person rather than mailing them.\",\"breadcrumb\":{\"@id\":\"https:\/\/lottespapery.com\/en\/products\/gold-zimoglaka-2\/#breadcrumb\"},\"inLanguage\":\"en-US\",\"potentialAction\":[{\"@type\":\"ReadAction\",\"target\":[\"https:\/\/lottespapery.com\/en\/products\/gold-zimoglaka-2\/\"]}]},{\"@type\":\"BreadcrumbList\",\"@id\":\"https:\/\/lottespapery.com\/en\/products\/gold-zimoglaka-2\/#breadcrumb\",\"itemListElement\":[{\"@type\":\"ListItem\",\"position\":1,\"name\":\"Home\",\"item\":\"https:\/\/lottespapery.com\/en\/\"},{\"@type\":\"ListItem\",\"position\":2,\"name\":\"Shop\",\"item\":\"https:\/\/lottespapery.com\/en\/shop\/\"},{\"@type\":\"ListItem\",\"position\":3,\"name\":\"Gold Medieval Sealing Wax\"}]},{\"@type\":\"WebSite\",\"@id\":\"https:\/\/lottespapery.com\/en\/#website\",\"url\":\"https:\/\/lottespapery.com\/en\/\",\"name\":\"Lotte&#039;s Papery\",\"description\":\"Pap\u012brlietas un \u0101das izstr\u0101d\u0101jumi\",\"publisher\":{\"@id\":\"https:\/\/lottespapery.com\/en\/#organization\"},\"potentialAction\":[{\"@type\":\"SearchAction\",\"target\":{\"@type\":\"EntryPoint\",\"urlTemplate\":\"https:\/\/lottespapery.com\/en\/?s={search_term_string}\"},\"query-input\":\"required name=search_term_string\"}],\"inLanguage\":\"en-US\"},{\"@type\":\"Organization\",\"@id\":\"https:\/\/lottespapery.com\/en\/#organization\",\"name\":\"Lotte&#039;s Papery\",\"url\":\"https:\/\/lottespapery.com\/en\/\",\"logo\":{\"@type\":\"ImageObject\",\"inLanguage\":\"en-US\",\"@id\":\"https:\/\/lottespapery.com\/en\/#\/schema\/logo\/image\/\",\"url\":\"http:\/\/lottespapery.com\/wp-content\/uploads\/2022\/11\/logo-dark_180x@2x.png\",\"contentUrl\":\"http:\/\/lottespapery.com\/wp-content\/uploads\/2022\/11\/logo-dark_180x@2x.png\",\"width\":360,\"height\":100,\"caption\":\"Lotte&#039;s Papery\"},\"image\":{\"@id\":\"https:\/\/lottespapery.com\/en\/#\/schema\/logo\/image\/\"},\"sameAs\":[\"https:\/\/www.instagram.com\/lottes_papery\/\",\"https:\/\/www.facebook.com\/LottesPapery\/\"]}]}<\/script>\n<!-- \/ Yoast SEO plugin. -->","yoast_head_json":{"title":"Gold Medieval Sealing Wax - Lotte&#039;s Papery","description":"Gold sealing wax crafted for true wax seal enthusiasts. Handmade in France using medieval recipes, it\u2019s designed for melting with a lighter or breaking into smaller pieces to melt over a flame with a spoon.  Fragile, the stamp will naturally crack or tear when an envelope, gift, or decoration is opened.  Size: 21.5 cm \u00d7 1.1 cm - One stick yields approximately 15\u201320 impressions with a 25mm stamp. - Perfect for high-volume sealing in a short time.  Not suitable for mailing! To protect the seal, place stamped envelopes inside an additional outer envelope, preferably bubble wrap.  Safe for use on greeting cards, invitations, envelopes, scrapbooking, and various materials like paper, glass, wood, and plastic. We recommend handing stamped items to recipients in person rather than mailing them.","robots":{"index":"index","follow":"follow","max-snippet":"max-snippet:-1","max-image-preview":"max-image-preview:large","max-video-preview":"max-video-preview:-1"},"canonical":"https:\/\/lottespapery.com\/en\/products\/gold-zimoglaka-2\/","og_locale":"en_US","og_type":"article","og_title":"Gold Medieval Sealing Wax - Lotte&#039;s Papery","og_description":"Gold sealing wax crafted for true wax seal enthusiasts. Handmade in France using medieval recipes, it\u2019s designed for melting with a lighter or breaking into smaller pieces to melt over a flame with a spoon.  Fragile, the stamp will naturally crack or tear when an envelope, gift, or decoration is opened.  Size: 21.5 cm \u00d7 1.1 cm - One stick yields approximately 15\u201320 impressions with a 25mm stamp. - Perfect for high-volume sealing in a short time.  Not suitable for mailing! To protect the seal, place stamped envelopes inside an additional outer envelope, preferably bubble wrap.  Safe for use on greeting cards, invitations, envelopes, scrapbooking, and various materials like paper, glass, wood, and plastic. We recommend handing stamped items to recipients in person rather than mailing them.","og_url":"https:\/\/lottespapery.com\/en\/products\/gold-zimoglaka-2\/","og_site_name":"Lotte&#039;s Papery","article_publisher":"https:\/\/www.facebook.com\/LottesPapery\/","article_modified_time":"2025-02-17T07:59:08+00:00","og_image":[{"width":2516,"height":2517,"url":"http:\/\/lottespapery.com\/wp-content\/uploads\/2022\/11\/LOT_703711.jpg","type":"image\/jpeg"}],"twitter_card":"summary_large_image","schema":{"@context":"https:\/\/schema.org","@graph":[{"@type":"WebPage","@id":"https:\/\/lottespapery.com\/en\/products\/gold-zimoglaka-2\/","url":"https:\/\/lottespapery.com\/en\/products\/gold-zimoglaka-2\/","name":"Gold Medieval Sealing Wax - Lotte&#039;s Papery","isPartOf":{"@id":"https:\/\/lottespapery.com\/en\/#website"},"datePublished":"2022-11-15T04:23:55+00:00","dateModified":"2025-02-17T07:59:08+00:00","description":"Gold sealing wax crafted for true wax seal enthusiasts. Handmade in France using medieval recipes, it\u2019s designed for melting with a lighter or breaking into smaller pieces to melt over a flame with a spoon. Fragile, the stamp will naturally crack or tear when an envelope, gift, or decoration is opened. Size: 21.5 cm \u00d7 1.1 cm - One stick yields approximately 15\u201320 impressions with a 25mm stamp. - Perfect for high-volume sealing in a short time. Not suitable for mailing! To protect the seal, place stamped envelopes inside an additional outer envelope, preferably bubble wrap. Safe for use on greeting cards, invitations, envelopes, scrapbooking, and various materials like paper, glass, wood, and plastic. We recommend handing stamped items to recipients in person rather than mailing them.","breadcrumb":{"@id":"https:\/\/lottespapery.com\/en\/products\/gold-zimoglaka-2\/#breadcrumb"},"inLanguage":"en-US","potentialAction":[{"@type":"ReadAction","target":["https:\/\/lottespapery.com\/en\/products\/gold-zimoglaka-2\/"]}]},{"@type":"BreadcrumbList","@id":"https:\/\/lottespapery.com\/en\/products\/gold-zimoglaka-2\/#breadcrumb","itemListElement":[{"@type":"ListItem","position":1,"name":"Home","item":"https:\/\/lottespapery.com\/en\/"},{"@type":"ListItem","position":2,"name":"Shop","item":"https:\/\/lottespapery.com\/en\/shop\/"},{"@type":"ListItem","position":3,"name":"Gold Medieval Sealing Wax"}]},{"@type":"WebSite","@id":"https:\/\/lottespapery.com\/en\/#website","url":"https:\/\/lottespapery.com\/en\/","name":"Lotte&#039;s Papery","description":"Pap\u012brlietas un \u0101das izstr\u0101d\u0101jumi","publisher":{"@id":"https:\/\/lottespapery.com\/en\/#organization"},"potentialAction":[{"@type":"SearchAction","target":{"@type":"EntryPoint","urlTemplate":"https:\/\/lottespapery.com\/en\/?s={search_term_string}"},"query-input":"required name=search_term_string"}],"inLanguage":"en-US"},{"@type":"Organization","@id":"https:\/\/lottespapery.com\/en\/#organization","name":"Lotte&#039;s Papery","url":"https:\/\/lottespapery.com\/en\/","logo":{"@type":"ImageObject","inLanguage":"en-US","@id":"https:\/\/lottespapery.com\/en\/#\/schema\/logo\/image\/","url":"http:\/\/lottespapery.com\/wp-content\/uploads\/2022\/11\/logo-dark_180x@2x.png","contentUrl":"http:\/\/lottespapery.com\/wp-content\/uploads\/2022\/11\/logo-dark_180x@2x.png","width":360,"height":100,"caption":"Lotte&#039;s Papery"},"image":{"@id":"https:\/\/lottespapery.com\/en\/#\/schema\/logo\/image\/"},"sameAs":["https:\/\/www.instagram.com\/lottes_papery\/","https:\/\/www.facebook.com\/LottesPapery\/"]}]}},"_links":{"self":[{"href":"https:\/\/lottespapery.com\/en\/wp-json\/wp\/v2\/product\/24052","targetHints":{"allow":["GET"]}}],"collection":[{"href":"https:\/\/lottespapery.com\/en\/wp-json\/wp\/v2\/product"}],"about":[{"href":"https:\/\/lottespapery.com\/en\/wp-json\/wp\/v2\/types\/product"}],"wp:featuredmedia":[{"embeddable":true,"href":"https:\/\/lottespapery.com\/en\/wp-json\/wp\/v2\/media\/3598"}],"wp:attachment":[{"href":"https:\/\/lottespapery.com\/en\/wp-json\/wp\/v2\/media?parent=24052"}],"wp:term":[{"taxonomy":"product_brand","embeddable":true,"href":"https:\/\/lottespapery.com\/en\/wp-json\/wp\/v2\/product_brand?post=24052"},{"taxonomy":"product_cat","embeddable":true,"href":"https:\/\/lottespapery.com\/en\/wp-json\/wp\/v2\/product_cat?post=24052"},{"taxonomy":"product_tag","embeddable":true,"href":"https:\/\/lottespapery.com\/en\/wp-json\/wp\/v2\/product_tag?post=24052"}],"curies":[{"name":"wp","href":"https:\/\/api.w.org\/{rel}","templated":true}]}}