{"id":24075,"date":"2022-11-15T06:30:06","date_gmt":"2022-11-15T04:30:06","guid":{"rendered":"http:\/\/lottespapery.com\/products\/bronze-stamp\/"},"modified":"2025-02-17T09:59:32","modified_gmt":"2025-02-17T07:59:32","slug":"bronze-zimoglaka-1","status":"publish","type":"product","link":"https:\/\/lottespapery.com\/en\/products\/bronze-zimoglaka-1\/","title":{"rendered":"Bronze Medieval Sealing Wax"},"content":{"rendered":"","protected":false},"excerpt":{"rendered":"","protected":false},"featured_media":4216,"template":"","meta":[],"product_brand":[],"product_cat":[902],"product_tag":[],"class_list":{"0":"post-24075","1":"product","2":"type-product","3":"status-publish","4":"has-post-thumbnail","6":"product_cat-sealing-wax-without-burner","8":"first","9":"instock","10":"taxable","11":"shipping-taxable","12":"purchasable","13":"product-type-simple"},"raw_content":{"name":"Bronze Medieval Sealing Wax","description":"","short_description":"","status":"publish","sku":"9DF4-B33161","original":4214},"wpml":{"translation_type":1,"has_translations":true,"original":4214,"duplicates":[],"translations":{"lv":4214,"en":24075}},"yoast_head":"<!-- This site is optimized with the Yoast SEO plugin v19.10 - https:\/\/yoast.com\/wordpress\/plugins\/seo\/ -->\n<title>Bronze Medieval Sealing Wax - Lotte&#039;s Papery<\/title>\n<meta name=\"description\" content=\"Bronze wax crafted for true wax seal enthusiasts. Handmade in France using medieval recipes, it\u2019s designed for melting with a lighter or breaking into smaller pieces to melt over a flame with a spoon.  Fragile, the stamp will naturally crack or tear when an envelope, gift, or decoration is opened.  Size: 21.5 cm \u00d7 1.1 cm - One stick yields approximately 15\u201320 impressions with a 25mm stamp. - Perfect for high-volume sealing in a short time.  Not suitable for mailing! To protect the seal, place stamped envelopes inside an additional outer envelope, preferably bubble wrap.  Safe for use on greeting cards, invitations, envelopes, scrapbooking, and various materials like paper, glass, wood, and plastic. We recommend handing stamped items to recipients in person rather than mailing them.\" \/>\n<meta name=\"robots\" content=\"index, follow, max-snippet:-1, max-image-preview:large, max-video-preview:-1\" \/>\n<link rel=\"canonical\" href=\"https:\/\/lottespapery.com\/en\/products\/bronze-zimoglaka-1\/\" \/>\n<meta property=\"og:locale\" content=\"en_US\" \/>\n<meta property=\"og:type\" content=\"article\" \/>\n<meta property=\"og:title\" content=\"Bronze Medieval Sealing Wax - Lotte&#039;s Papery\" \/>\n<meta property=\"og:description\" content=\"Bronze wax crafted for true wax seal enthusiasts. Handmade in France using medieval recipes, it\u2019s designed for melting with a lighter or breaking into smaller pieces to melt over a flame with a spoon.  Fragile, the stamp will naturally crack or tear when an envelope, gift, or decoration is opened.  Size: 21.5 cm \u00d7 1.1 cm - One stick yields approximately 15\u201320 impressions with a 25mm stamp. - Perfect for high-volume sealing in a short time.  Not suitable for mailing! To protect the seal, place stamped envelopes inside an additional outer envelope, preferably bubble wrap.  Safe for use on greeting cards, invitations, envelopes, scrapbooking, and various materials like paper, glass, wood, and plastic. We recommend handing stamped items to recipients in person rather than mailing them.\" \/>\n<meta property=\"og:url\" content=\"https:\/\/lottespapery.com\/en\/products\/bronze-zimoglaka-1\/\" \/>\n<meta property=\"og:site_name\" content=\"Lotte&#039;s Papery\" \/>\n<meta property=\"article:publisher\" content=\"https:\/\/www.facebook.com\/LottesPapery\/\" \/>\n<meta property=\"article:modified_time\" content=\"2025-02-17T07:59:32+00:00\" \/>\n<meta property=\"og:image\" content=\"http:\/\/lottespapery.com\/wp-content\/uploads\/2022\/11\/LOT_7027-scaled.jpg\" \/>\n\t<meta property=\"og:image:width\" content=\"2560\" \/>\n\t<meta property=\"og:image:height\" content=\"2560\" \/>\n\t<meta property=\"og:image:type\" content=\"image\/jpeg\" \/>\n<meta name=\"twitter:card\" content=\"summary_large_image\" \/>\n<script type=\"application\/ld+json\" class=\"yoast-schema-graph\">{\"@context\":\"https:\/\/schema.org\",\"@graph\":[{\"@type\":\"WebPage\",\"@id\":\"https:\/\/lottespapery.com\/en\/products\/bronze-zimoglaka-1\/\",\"url\":\"https:\/\/lottespapery.com\/en\/products\/bronze-zimoglaka-1\/\",\"name\":\"Bronze Medieval Sealing Wax - Lotte&#039;s Papery\",\"isPartOf\":{\"@id\":\"https:\/\/lottespapery.com\/en\/#website\"},\"datePublished\":\"2022-11-15T04:30:06+00:00\",\"dateModified\":\"2025-02-17T07:59:32+00:00\",\"description\":\"Bronze wax crafted for true wax seal enthusiasts. Handmade in France using medieval recipes, it\u2019s designed for melting with a lighter or breaking into smaller pieces to melt over a flame with a spoon. Fragile, the stamp will naturally crack or tear when an envelope, gift, or decoration is opened. Size: 21.5 cm \u00d7 1.1 cm - One stick yields approximately 15\u201320 impressions with a 25mm stamp. - Perfect for high-volume sealing in a short time. Not suitable for mailing! To protect the seal, place stamped envelopes inside an additional outer envelope, preferably bubble wrap. Safe for use on greeting cards, invitations, envelopes, scrapbooking, and various materials like paper, glass, wood, and plastic. We recommend handing stamped items to recipients in person rather than mailing them.\",\"breadcrumb\":{\"@id\":\"https:\/\/lottespapery.com\/en\/products\/bronze-zimoglaka-1\/#breadcrumb\"},\"inLanguage\":\"en-US\",\"potentialAction\":[{\"@type\":\"ReadAction\",\"target\":[\"https:\/\/lottespapery.com\/en\/products\/bronze-zimoglaka-1\/\"]}]},{\"@type\":\"BreadcrumbList\",\"@id\":\"https:\/\/lottespapery.com\/en\/products\/bronze-zimoglaka-1\/#breadcrumb\",\"itemListElement\":[{\"@type\":\"ListItem\",\"position\":1,\"name\":\"Home\",\"item\":\"https:\/\/lottespapery.com\/en\/\"},{\"@type\":\"ListItem\",\"position\":2,\"name\":\"Shop\",\"item\":\"https:\/\/lottespapery.com\/en\/shop\/\"},{\"@type\":\"ListItem\",\"position\":3,\"name\":\"Bronze Medieval Sealing Wax\"}]},{\"@type\":\"WebSite\",\"@id\":\"https:\/\/lottespapery.com\/en\/#website\",\"url\":\"https:\/\/lottespapery.com\/en\/\",\"name\":\"Lotte&#039;s Papery\",\"description\":\"Pap\u012brlietas un \u0101das izstr\u0101d\u0101jumi\",\"publisher\":{\"@id\":\"https:\/\/lottespapery.com\/en\/#organization\"},\"potentialAction\":[{\"@type\":\"SearchAction\",\"target\":{\"@type\":\"EntryPoint\",\"urlTemplate\":\"https:\/\/lottespapery.com\/en\/?s={search_term_string}\"},\"query-input\":\"required name=search_term_string\"}],\"inLanguage\":\"en-US\"},{\"@type\":\"Organization\",\"@id\":\"https:\/\/lottespapery.com\/en\/#organization\",\"name\":\"Lotte&#039;s Papery\",\"url\":\"https:\/\/lottespapery.com\/en\/\",\"logo\":{\"@type\":\"ImageObject\",\"inLanguage\":\"en-US\",\"@id\":\"https:\/\/lottespapery.com\/en\/#\/schema\/logo\/image\/\",\"url\":\"http:\/\/lottespapery.com\/wp-content\/uploads\/2022\/11\/logo-dark_180x@2x.png\",\"contentUrl\":\"http:\/\/lottespapery.com\/wp-content\/uploads\/2022\/11\/logo-dark_180x@2x.png\",\"width\":360,\"height\":100,\"caption\":\"Lotte&#039;s Papery\"},\"image\":{\"@id\":\"https:\/\/lottespapery.com\/en\/#\/schema\/logo\/image\/\"},\"sameAs\":[\"https:\/\/www.instagram.com\/lottes_papery\/\",\"https:\/\/www.facebook.com\/LottesPapery\/\"]}]}<\/script>\n<!-- \/ Yoast SEO plugin. -->","yoast_head_json":{"title":"Bronze Medieval Sealing Wax - Lotte&#039;s Papery","description":"Bronze wax crafted for true wax seal enthusiasts. Handmade in France using medieval recipes, it\u2019s designed for melting with a lighter or breaking into smaller pieces to melt over a flame with a spoon.  Fragile, the stamp will naturally crack or tear when an envelope, gift, or decoration is opened.  Size: 21.5 cm \u00d7 1.1 cm - One stick yields approximately 15\u201320 impressions with a 25mm stamp. - Perfect for high-volume sealing in a short time.  Not suitable for mailing! To protect the seal, place stamped envelopes inside an additional outer envelope, preferably bubble wrap.  Safe for use on greeting cards, invitations, envelopes, scrapbooking, and various materials like paper, glass, wood, and plastic. We recommend handing stamped items to recipients in person rather than mailing them.","robots":{"index":"index","follow":"follow","max-snippet":"max-snippet:-1","max-image-preview":"max-image-preview:large","max-video-preview":"max-video-preview:-1"},"canonical":"https:\/\/lottespapery.com\/en\/products\/bronze-zimoglaka-1\/","og_locale":"en_US","og_type":"article","og_title":"Bronze Medieval Sealing Wax - Lotte&#039;s Papery","og_description":"Bronze wax crafted for true wax seal enthusiasts. Handmade in France using medieval recipes, it\u2019s designed for melting with a lighter or breaking into smaller pieces to melt over a flame with a spoon.  Fragile, the stamp will naturally crack or tear when an envelope, gift, or decoration is opened.  Size: 21.5 cm \u00d7 1.1 cm - One stick yields approximately 15\u201320 impressions with a 25mm stamp. - Perfect for high-volume sealing in a short time.  Not suitable for mailing! To protect the seal, place stamped envelopes inside an additional outer envelope, preferably bubble wrap.  Safe for use on greeting cards, invitations, envelopes, scrapbooking, and various materials like paper, glass, wood, and plastic. We recommend handing stamped items to recipients in person rather than mailing them.","og_url":"https:\/\/lottespapery.com\/en\/products\/bronze-zimoglaka-1\/","og_site_name":"Lotte&#039;s Papery","article_publisher":"https:\/\/www.facebook.com\/LottesPapery\/","article_modified_time":"2025-02-17T07:59:32+00:00","og_image":[{"width":2560,"height":2560,"url":"http:\/\/lottespapery.com\/wp-content\/uploads\/2022\/11\/LOT_7027-scaled.jpg","type":"image\/jpeg"}],"twitter_card":"summary_large_image","schema":{"@context":"https:\/\/schema.org","@graph":[{"@type":"WebPage","@id":"https:\/\/lottespapery.com\/en\/products\/bronze-zimoglaka-1\/","url":"https:\/\/lottespapery.com\/en\/products\/bronze-zimoglaka-1\/","name":"Bronze Medieval Sealing Wax - Lotte&#039;s Papery","isPartOf":{"@id":"https:\/\/lottespapery.com\/en\/#website"},"datePublished":"2022-11-15T04:30:06+00:00","dateModified":"2025-02-17T07:59:32+00:00","description":"Bronze wax crafted for true wax seal enthusiasts. Handmade in France using medieval recipes, it\u2019s designed for melting with a lighter or breaking into smaller pieces to melt over a flame with a spoon. Fragile, the stamp will naturally crack or tear when an envelope, gift, or decoration is opened. Size: 21.5 cm \u00d7 1.1 cm - One stick yields approximately 15\u201320 impressions with a 25mm stamp. - Perfect for high-volume sealing in a short time. Not suitable for mailing! To protect the seal, place stamped envelopes inside an additional outer envelope, preferably bubble wrap. Safe for use on greeting cards, invitations, envelopes, scrapbooking, and various materials like paper, glass, wood, and plastic. We recommend handing stamped items to recipients in person rather than mailing them.","breadcrumb":{"@id":"https:\/\/lottespapery.com\/en\/products\/bronze-zimoglaka-1\/#breadcrumb"},"inLanguage":"en-US","potentialAction":[{"@type":"ReadAction","target":["https:\/\/lottespapery.com\/en\/products\/bronze-zimoglaka-1\/"]}]},{"@type":"BreadcrumbList","@id":"https:\/\/lottespapery.com\/en\/products\/bronze-zimoglaka-1\/#breadcrumb","itemListElement":[{"@type":"ListItem","position":1,"name":"Home","item":"https:\/\/lottespapery.com\/en\/"},{"@type":"ListItem","position":2,"name":"Shop","item":"https:\/\/lottespapery.com\/en\/shop\/"},{"@type":"ListItem","position":3,"name":"Bronze Medieval Sealing Wax"}]},{"@type":"WebSite","@id":"https:\/\/lottespapery.com\/en\/#website","url":"https:\/\/lottespapery.com\/en\/","name":"Lotte&#039;s Papery","description":"Pap\u012brlietas un \u0101das izstr\u0101d\u0101jumi","publisher":{"@id":"https:\/\/lottespapery.com\/en\/#organization"},"potentialAction":[{"@type":"SearchAction","target":{"@type":"EntryPoint","urlTemplate":"https:\/\/lottespapery.com\/en\/?s={search_term_string}"},"query-input":"required name=search_term_string"}],"inLanguage":"en-US"},{"@type":"Organization","@id":"https:\/\/lottespapery.com\/en\/#organization","name":"Lotte&#039;s Papery","url":"https:\/\/lottespapery.com\/en\/","logo":{"@type":"ImageObject","inLanguage":"en-US","@id":"https:\/\/lottespapery.com\/en\/#\/schema\/logo\/image\/","url":"http:\/\/lottespapery.com\/wp-content\/uploads\/2022\/11\/logo-dark_180x@2x.png","contentUrl":"http:\/\/lottespapery.com\/wp-content\/uploads\/2022\/11\/logo-dark_180x@2x.png","width":360,"height":100,"caption":"Lotte&#039;s Papery"},"image":{"@id":"https:\/\/lottespapery.com\/en\/#\/schema\/logo\/image\/"},"sameAs":["https:\/\/www.instagram.com\/lottes_papery\/","https:\/\/www.facebook.com\/LottesPapery\/"]}]}},"_links":{"self":[{"href":"https:\/\/lottespapery.com\/en\/wp-json\/wp\/v2\/product\/24075","targetHints":{"allow":["GET"]}}],"collection":[{"href":"https:\/\/lottespapery.com\/en\/wp-json\/wp\/v2\/product"}],"about":[{"href":"https:\/\/lottespapery.com\/en\/wp-json\/wp\/v2\/types\/product"}],"wp:featuredmedia":[{"embeddable":true,"href":"https:\/\/lottespapery.com\/en\/wp-json\/wp\/v2\/media\/4216"}],"wp:attachment":[{"href":"https:\/\/lottespapery.com\/en\/wp-json\/wp\/v2\/media?parent=24075"}],"wp:term":[{"taxonomy":"product_brand","embeddable":true,"href":"https:\/\/lottespapery.com\/en\/wp-json\/wp\/v2\/product_brand?post=24075"},{"taxonomy":"product_cat","embeddable":true,"href":"https:\/\/lottespapery.com\/en\/wp-json\/wp\/v2\/product_cat?post=24075"},{"taxonomy":"product_tag","embeddable":true,"href":"https:\/\/lottespapery.com\/en\/wp-json\/wp\/v2\/product_tag?post=24075"}],"curies":[{"name":"wp","href":"https:\/\/api.w.org\/{rel}","templated":true}]}}