{"id":24568,"date":"2022-11-15T09:18:04","date_gmt":"2022-11-15T07:18:04","guid":{"rendered":"http:\/\/lottespapery.com\/products\/lilac-color-stamper\/"},"modified":"2023-04-17T00:03:05","modified_gmt":"2023-04-16T21:03:05","slug":"copy-of-vecroza-zimoglaka","status":"publish","type":"product","link":"https:\/\/lottespapery.com\/en\/products\/copy-of-vecroza-zimoglaka\/","title":{"rendered":"Lilac color stamper"},"content":{"rendered":"","protected":false},"excerpt":{"rendered":"","protected":false},"featured_media":13873,"template":"","meta":[],"product_brand":[],"product_cat":[904],"product_tag":[],"class_list":{"0":"post-24568","1":"product","2":"type-product","3":"status-publish","4":"has-post-thumbnail","6":"product_cat-saling-wax-for-small-glue-pistol","8":"first","9":"instock","10":"taxable","11":"shipping-taxable","12":"purchasable","13":"product-type-simple"},"raw_content":{"name":"Lilac color stamper","description":"","short_description":"","status":"publish","sku":"4932-86F6CC","original":13869},"wpml":{"translation_type":0,"has_translations":false,"original":13869,"duplicates":[],"translations":{"lv":13869,"en":24568}},"yoast_head":"<!-- This site is optimized with the Yoast SEO plugin v19.10 - https:\/\/yoast.com\/wordpress\/plugins\/seo\/ -->\n<title>Lilac color stamper - Lotte&#039;s Papery<\/title>\n<meta name=\"description\" content=\"A trendy lilac-colored, mother-of-pearl stamper with an adhesive-based base, making it ideal for mailing and impact-resistant. Can be used together with the standard floristic, low-temperature, small glue gun (rod diameter 7mm), which you can also buy in our e-shop, in the &quot;Stamp accessories&quot; section. One stick is enough for an average of 4-5 stamping impressions, if a 25mm diameter stamp is used (or 3-4 impressions, if other materials such as cords and ribbons are also used for sealing). You can safely use this stamp on greeting cards, envelopes, invitations, paper decorations (&quot;scrapbooking&quot;) and papers of various thicknesses, glass, wood, plastic and other materials. You can see the instructions for using the sealing varnish here .\" \/>\n<meta name=\"robots\" content=\"index, follow, max-snippet:-1, max-image-preview:large, max-video-preview:-1\" \/>\n<link rel=\"canonical\" href=\"https:\/\/lottespapery.com\/en\/products\/copy-of-vecroza-zimoglaka\/\" \/>\n<meta property=\"og:locale\" content=\"en_US\" \/>\n<meta property=\"og:type\" content=\"article\" \/>\n<meta property=\"og:title\" content=\"Lilac color stamper - Lotte&#039;s Papery\" \/>\n<meta property=\"og:description\" content=\"A trendy lilac-colored, mother-of-pearl stamper with an adhesive-based base, making it ideal for mailing and impact-resistant. Can be used together with the standard floristic, low-temperature, small glue gun (rod diameter 7mm), which you can also buy in our e-shop, in the &quot;Stamp accessories&quot; section. One stick is enough for an average of 4-5 stamping impressions, if a 25mm diameter stamp is used (or 3-4 impressions, if other materials such as cords and ribbons are also used for sealing). You can safely use this stamp on greeting cards, envelopes, invitations, paper decorations (&quot;scrapbooking&quot;) and papers of various thicknesses, glass, wood, plastic and other materials. You can see the instructions for using the sealing varnish here .\" \/>\n<meta property=\"og:url\" content=\"https:\/\/lottespapery.com\/en\/products\/copy-of-vecroza-zimoglaka\/\" \/>\n<meta property=\"og:site_name\" content=\"Lotte&#039;s Papery\" \/>\n<meta property=\"article:publisher\" content=\"https:\/\/www.facebook.com\/LottesPapery\/\" \/>\n<meta property=\"article:modified_time\" content=\"2023-04-16T21:03:05+00:00\" \/>\n<meta property=\"og:image\" content=\"https:\/\/lottespapery.com\/wp-content\/uploads\/2022\/11\/perlamutracerinsS-scaled.jpg\" \/>\n\t<meta property=\"og:image:width\" content=\"2560\" \/>\n\t<meta property=\"og:image:height\" content=\"1991\" \/>\n\t<meta property=\"og:image:type\" content=\"image\/jpeg\" \/>\n<meta name=\"twitter:card\" content=\"summary_large_image\" \/>\n<script type=\"application\/ld+json\" class=\"yoast-schema-graph\">{\"@context\":\"https:\/\/schema.org\",\"@graph\":[{\"@type\":\"WebPage\",\"@id\":\"https:\/\/lottespapery.com\/en\/products\/copy-of-vecroza-zimoglaka\/\",\"url\":\"https:\/\/lottespapery.com\/en\/products\/copy-of-vecroza-zimoglaka\/\",\"name\":\"Lilac color stamper - Lotte&#039;s Papery\",\"isPartOf\":{\"@id\":\"https:\/\/lottespapery.com\/en\/#website\"},\"datePublished\":\"2022-11-15T07:18:04+00:00\",\"dateModified\":\"2023-04-16T21:03:05+00:00\",\"description\":\"A trendy lilac-colored, mother-of-pearl stamper with an adhesive-based base, making it ideal for mailing and impact-resistant. Can be used together with the standard floristic, low-temperature, small glue gun (rod diameter 7mm), which you can also buy in our e-shop, in the \\\"Stamp accessories\\\" section. One stick is enough for an average of 4-5 stamping impressions, if a 25mm diameter stamp is used (or 3-4 impressions, if other materials such as cords and ribbons are also used for sealing). You can safely use this stamp on greeting cards, envelopes, invitations, paper decorations (\\\"scrapbooking\\\") and papers of various thicknesses, glass, wood, plastic and other materials. You can see the instructions for using the sealing varnish here .\",\"breadcrumb\":{\"@id\":\"https:\/\/lottespapery.com\/en\/products\/copy-of-vecroza-zimoglaka\/#breadcrumb\"},\"inLanguage\":\"en-US\",\"potentialAction\":[{\"@type\":\"ReadAction\",\"target\":[\"https:\/\/lottespapery.com\/en\/products\/copy-of-vecroza-zimoglaka\/\"]}]},{\"@type\":\"BreadcrumbList\",\"@id\":\"https:\/\/lottespapery.com\/en\/products\/copy-of-vecroza-zimoglaka\/#breadcrumb\",\"itemListElement\":[{\"@type\":\"ListItem\",\"position\":1,\"name\":\"Home\",\"item\":\"https:\/\/lottespapery.com\/en\/\"},{\"@type\":\"ListItem\",\"position\":2,\"name\":\"Shop\",\"item\":\"https:\/\/lottespapery.com\/en\/shop\/\"},{\"@type\":\"ListItem\",\"position\":3,\"name\":\"Lilac color stamper\"}]},{\"@type\":\"WebSite\",\"@id\":\"https:\/\/lottespapery.com\/en\/#website\",\"url\":\"https:\/\/lottespapery.com\/en\/\",\"name\":\"Lotte&#039;s Papery\",\"description\":\"Pap\u012brlietas un \u0101das izstr\u0101d\u0101jumi\",\"publisher\":{\"@id\":\"https:\/\/lottespapery.com\/en\/#organization\"},\"potentialAction\":[{\"@type\":\"SearchAction\",\"target\":{\"@type\":\"EntryPoint\",\"urlTemplate\":\"https:\/\/lottespapery.com\/en\/?s={search_term_string}\"},\"query-input\":\"required name=search_term_string\"}],\"inLanguage\":\"en-US\"},{\"@type\":\"Organization\",\"@id\":\"https:\/\/lottespapery.com\/en\/#organization\",\"name\":\"Lotte&#039;s Papery\",\"url\":\"https:\/\/lottespapery.com\/en\/\",\"logo\":{\"@type\":\"ImageObject\",\"inLanguage\":\"en-US\",\"@id\":\"https:\/\/lottespapery.com\/en\/#\/schema\/logo\/image\/\",\"url\":\"http:\/\/lottespapery.com\/wp-content\/uploads\/2022\/11\/logo-dark_180x@2x.png\",\"contentUrl\":\"http:\/\/lottespapery.com\/wp-content\/uploads\/2022\/11\/logo-dark_180x@2x.png\",\"width\":360,\"height\":100,\"caption\":\"Lotte&#039;s Papery\"},\"image\":{\"@id\":\"https:\/\/lottespapery.com\/en\/#\/schema\/logo\/image\/\"},\"sameAs\":[\"https:\/\/www.instagram.com\/lottes_papery\/\",\"https:\/\/www.facebook.com\/LottesPapery\/\"]}]}<\/script>\n<!-- \/ Yoast SEO plugin. -->","yoast_head_json":{"title":"Lilac color stamper - Lotte&#039;s Papery","description":"A trendy lilac-colored, mother-of-pearl stamper with an adhesive-based base, making it ideal for mailing and impact-resistant. Can be used together with the standard floristic, low-temperature, small glue gun (rod diameter 7mm), which you can also buy in our e-shop, in the \"Stamp accessories\" section. One stick is enough for an average of 4-5 stamping impressions, if a 25mm diameter stamp is used (or 3-4 impressions, if other materials such as cords and ribbons are also used for sealing). You can safely use this stamp on greeting cards, envelopes, invitations, paper decorations (\"scrapbooking\") and papers of various thicknesses, glass, wood, plastic and other materials. You can see the instructions for using the sealing varnish here .","robots":{"index":"index","follow":"follow","max-snippet":"max-snippet:-1","max-image-preview":"max-image-preview:large","max-video-preview":"max-video-preview:-1"},"canonical":"https:\/\/lottespapery.com\/en\/products\/copy-of-vecroza-zimoglaka\/","og_locale":"en_US","og_type":"article","og_title":"Lilac color stamper - Lotte&#039;s Papery","og_description":"A trendy lilac-colored, mother-of-pearl stamper with an adhesive-based base, making it ideal for mailing and impact-resistant. Can be used together with the standard floristic, low-temperature, small glue gun (rod diameter 7mm), which you can also buy in our e-shop, in the \"Stamp accessories\" section. One stick is enough for an average of 4-5 stamping impressions, if a 25mm diameter stamp is used (or 3-4 impressions, if other materials such as cords and ribbons are also used for sealing). You can safely use this stamp on greeting cards, envelopes, invitations, paper decorations (\"scrapbooking\") and papers of various thicknesses, glass, wood, plastic and other materials. You can see the instructions for using the sealing varnish here .","og_url":"https:\/\/lottespapery.com\/en\/products\/copy-of-vecroza-zimoglaka\/","og_site_name":"Lotte&#039;s Papery","article_publisher":"https:\/\/www.facebook.com\/LottesPapery\/","article_modified_time":"2023-04-16T21:03:05+00:00","og_image":[{"width":2560,"height":1991,"url":"https:\/\/lottespapery.com\/wp-content\/uploads\/2022\/11\/perlamutracerinsS-scaled.jpg","type":"image\/jpeg"}],"twitter_card":"summary_large_image","schema":{"@context":"https:\/\/schema.org","@graph":[{"@type":"WebPage","@id":"https:\/\/lottespapery.com\/en\/products\/copy-of-vecroza-zimoglaka\/","url":"https:\/\/lottespapery.com\/en\/products\/copy-of-vecroza-zimoglaka\/","name":"Lilac color stamper - Lotte&#039;s Papery","isPartOf":{"@id":"https:\/\/lottespapery.com\/en\/#website"},"datePublished":"2022-11-15T07:18:04+00:00","dateModified":"2023-04-16T21:03:05+00:00","description":"A trendy lilac-colored, mother-of-pearl stamper with an adhesive-based base, making it ideal for mailing and impact-resistant. Can be used together with the standard floristic, low-temperature, small glue gun (rod diameter 7mm), which you can also buy in our e-shop, in the \"Stamp accessories\" section. One stick is enough for an average of 4-5 stamping impressions, if a 25mm diameter stamp is used (or 3-4 impressions, if other materials such as cords and ribbons are also used for sealing). You can safely use this stamp on greeting cards, envelopes, invitations, paper decorations (\"scrapbooking\") and papers of various thicknesses, glass, wood, plastic and other materials. You can see the instructions for using the sealing varnish here .","breadcrumb":{"@id":"https:\/\/lottespapery.com\/en\/products\/copy-of-vecroza-zimoglaka\/#breadcrumb"},"inLanguage":"en-US","potentialAction":[{"@type":"ReadAction","target":["https:\/\/lottespapery.com\/en\/products\/copy-of-vecroza-zimoglaka\/"]}]},{"@type":"BreadcrumbList","@id":"https:\/\/lottespapery.com\/en\/products\/copy-of-vecroza-zimoglaka\/#breadcrumb","itemListElement":[{"@type":"ListItem","position":1,"name":"Home","item":"https:\/\/lottespapery.com\/en\/"},{"@type":"ListItem","position":2,"name":"Shop","item":"https:\/\/lottespapery.com\/en\/shop\/"},{"@type":"ListItem","position":3,"name":"Lilac color stamper"}]},{"@type":"WebSite","@id":"https:\/\/lottespapery.com\/en\/#website","url":"https:\/\/lottespapery.com\/en\/","name":"Lotte&#039;s Papery","description":"Pap\u012brlietas un \u0101das izstr\u0101d\u0101jumi","publisher":{"@id":"https:\/\/lottespapery.com\/en\/#organization"},"potentialAction":[{"@type":"SearchAction","target":{"@type":"EntryPoint","urlTemplate":"https:\/\/lottespapery.com\/en\/?s={search_term_string}"},"query-input":"required name=search_term_string"}],"inLanguage":"en-US"},{"@type":"Organization","@id":"https:\/\/lottespapery.com\/en\/#organization","name":"Lotte&#039;s Papery","url":"https:\/\/lottespapery.com\/en\/","logo":{"@type":"ImageObject","inLanguage":"en-US","@id":"https:\/\/lottespapery.com\/en\/#\/schema\/logo\/image\/","url":"http:\/\/lottespapery.com\/wp-content\/uploads\/2022\/11\/logo-dark_180x@2x.png","contentUrl":"http:\/\/lottespapery.com\/wp-content\/uploads\/2022\/11\/logo-dark_180x@2x.png","width":360,"height":100,"caption":"Lotte&#039;s Papery"},"image":{"@id":"https:\/\/lottespapery.com\/en\/#\/schema\/logo\/image\/"},"sameAs":["https:\/\/www.instagram.com\/lottes_papery\/","https:\/\/www.facebook.com\/LottesPapery\/"]}]}},"_links":{"self":[{"href":"https:\/\/lottespapery.com\/en\/wp-json\/wp\/v2\/product\/24568","targetHints":{"allow":["GET"]}}],"collection":[{"href":"https:\/\/lottespapery.com\/en\/wp-json\/wp\/v2\/product"}],"about":[{"href":"https:\/\/lottespapery.com\/en\/wp-json\/wp\/v2\/types\/product"}],"wp:featuredmedia":[{"embeddable":true,"href":"https:\/\/lottespapery.com\/en\/wp-json\/wp\/v2\/media\/13873"}],"wp:attachment":[{"href":"https:\/\/lottespapery.com\/en\/wp-json\/wp\/v2\/media?parent=24568"}],"wp:term":[{"taxonomy":"product_brand","embeddable":true,"href":"https:\/\/lottespapery.com\/en\/wp-json\/wp\/v2\/product_brand?post=24568"},{"taxonomy":"product_cat","embeddable":true,"href":"https:\/\/lottespapery.com\/en\/wp-json\/wp\/v2\/product_cat?post=24568"},{"taxonomy":"product_tag","embeddable":true,"href":"https:\/\/lottespapery.com\/en\/wp-json\/wp\/v2\/product_tag?post=24568"}],"curies":[{"name":"wp","href":"https:\/\/api.w.org\/{rel}","templated":true}]}}