{"id":24575,"date":"2023-02-08T12:59:17","date_gmt":"2023-02-08T10:59:17","guid":{"rendered":"http:\/\/lottespapery.com\/products\/dark-gray-paper-envelope\/"},"modified":"2025-02-18T11:01:00","modified_gmt":"2025-02-18T09:01:00","slug":"paper-envelope-darkness-pale-brightness-2","status":"publish","type":"product","link":"https:\/\/lottespapery.com\/en\/products\/paper-envelope-darkness-pale-brightness-2\/","title":{"rendered":"Thick Envelope DARK GRAY"},"content":{"rendered":"","protected":false},"excerpt":{"rendered":"","protected":false},"featured_media":17151,"template":"","meta":[],"product_brand":[],"product_cat":[1763,874],"product_tag":[],"class_list":{"0":"post-24575","1":"product","2":"type-product","3":"status-publish","4":"has-post-thumbnail","6":"product_cat-envelopes-en","7":"product_cat-envelopes","9":"first","10":"instock","11":"taxable","12":"shipping-taxable","13":"purchasable","14":"product-type-simple"},"raw_content":{"name":"Thick Envelope DARK GRAY","description":"","short_description":"","status":"publish","sku":"154E-C3FFBB","original":17145},"wpml":{"translation_type":1,"has_translations":true,"original":17145,"duplicates":[],"translations":{"lv":17145,"en":24575}},"yoast_head":"<!-- This site is optimized with the Yoast SEO plugin v19.10 - https:\/\/yoast.com\/wordpress\/plugins\/seo\/ -->\n<title>Thick Envelope DARK GRAY - Lotte&#039;s Papery<\/title>\n<meta name=\"description\" content=\"A premium, extra-thick envelope with a subtle texture, perfect for elevating your invitations or greeting cards with a sense of quality and durability.  Dimensions: 16 \u00d7 11.3 cm Price: Per envelope (1 pc.)  This envelope comes without an adhesive strip, allowing it to be sealed with a wax stamp or left open for easy, damage-free opening. If you&#039;d like a glue strip added, simply mention it in the order comments. Regular glue can also be used for sealing.\" \/>\n<meta name=\"robots\" content=\"index, follow, max-snippet:-1, max-image-preview:large, max-video-preview:-1\" \/>\n<link rel=\"canonical\" href=\"https:\/\/lottespapery.com\/en\/products\/paper-envelope-darkness-pale-brightness-2\/\" \/>\n<meta property=\"og:locale\" content=\"en_US\" \/>\n<meta property=\"og:type\" content=\"article\" \/>\n<meta property=\"og:title\" content=\"Thick Envelope DARK GRAY - Lotte&#039;s Papery\" \/>\n<meta property=\"og:description\" content=\"A premium, extra-thick envelope with a subtle texture, perfect for elevating your invitations or greeting cards with a sense of quality and durability.  Dimensions: 16 \u00d7 11.3 cm Price: Per envelope (1 pc.)  This envelope comes without an adhesive strip, allowing it to be sealed with a wax stamp or left open for easy, damage-free opening. If you&#039;d like a glue strip added, simply mention it in the order comments. Regular glue can also be used for sealing.\" \/>\n<meta property=\"og:url\" content=\"https:\/\/lottespapery.com\/en\/products\/paper-envelope-darkness-pale-brightness-2\/\" \/>\n<meta property=\"og:site_name\" content=\"Lotte&#039;s Papery\" \/>\n<meta property=\"article:publisher\" content=\"https:\/\/www.facebook.com\/LottesPapery\/\" \/>\n<meta property=\"article:modified_time\" content=\"2025-02-18T09:01:00+00:00\" \/>\n<meta property=\"og:image\" content=\"http:\/\/lottespapery.com\/wp-content\/uploads\/2023\/02\/aploksnes.ai-03.jpg\" \/>\n\t<meta property=\"og:image:width\" content=\"2363\" \/>\n\t<meta property=\"og:image:height\" content=\"2363\" \/>\n\t<meta property=\"og:image:type\" content=\"image\/jpeg\" \/>\n<meta name=\"twitter:card\" content=\"summary_large_image\" \/>\n<script type=\"application\/ld+json\" class=\"yoast-schema-graph\">{\"@context\":\"https:\/\/schema.org\",\"@graph\":[{\"@type\":\"WebPage\",\"@id\":\"https:\/\/lottespapery.com\/en\/products\/paper-envelope-darkness-pale-brightness-2\/\",\"url\":\"https:\/\/lottespapery.com\/en\/products\/paper-envelope-darkness-pale-brightness-2\/\",\"name\":\"Thick Envelope DARK GRAY - Lotte&#039;s Papery\",\"isPartOf\":{\"@id\":\"https:\/\/lottespapery.com\/en\/#website\"},\"datePublished\":\"2023-02-08T10:59:17+00:00\",\"dateModified\":\"2025-02-18T09:01:00+00:00\",\"description\":\"A premium, extra-thick envelope with a subtle texture, perfect for elevating your invitations or greeting cards with a sense of quality and durability. Dimensions: 16 \u00d7 11.3 cm Price: Per envelope (1 pc.) This envelope comes without an adhesive strip, allowing it to be sealed with a wax stamp or left open for easy, damage-free opening. If you'd like a glue strip added, simply mention it in the order comments. Regular glue can also be used for sealing.\",\"breadcrumb\":{\"@id\":\"https:\/\/lottespapery.com\/en\/products\/paper-envelope-darkness-pale-brightness-2\/#breadcrumb\"},\"inLanguage\":\"en-US\",\"potentialAction\":[{\"@type\":\"ReadAction\",\"target\":[\"https:\/\/lottespapery.com\/en\/products\/paper-envelope-darkness-pale-brightness-2\/\"]}]},{\"@type\":\"BreadcrumbList\",\"@id\":\"https:\/\/lottespapery.com\/en\/products\/paper-envelope-darkness-pale-brightness-2\/#breadcrumb\",\"itemListElement\":[{\"@type\":\"ListItem\",\"position\":1,\"name\":\"Home\",\"item\":\"https:\/\/lottespapery.com\/en\/\"},{\"@type\":\"ListItem\",\"position\":2,\"name\":\"Shop\",\"item\":\"https:\/\/lottespapery.com\/en\/shop\/\"},{\"@type\":\"ListItem\",\"position\":3,\"name\":\"Thick Envelope DARK GRAY\"}]},{\"@type\":\"WebSite\",\"@id\":\"https:\/\/lottespapery.com\/en\/#website\",\"url\":\"https:\/\/lottespapery.com\/en\/\",\"name\":\"Lotte&#039;s Papery\",\"description\":\"Pap\u012brlietas un \u0101das izstr\u0101d\u0101jumi\",\"publisher\":{\"@id\":\"https:\/\/lottespapery.com\/en\/#organization\"},\"potentialAction\":[{\"@type\":\"SearchAction\",\"target\":{\"@type\":\"EntryPoint\",\"urlTemplate\":\"https:\/\/lottespapery.com\/en\/?s={search_term_string}\"},\"query-input\":\"required name=search_term_string\"}],\"inLanguage\":\"en-US\"},{\"@type\":\"Organization\",\"@id\":\"https:\/\/lottespapery.com\/en\/#organization\",\"name\":\"Lotte&#039;s Papery\",\"url\":\"https:\/\/lottespapery.com\/en\/\",\"logo\":{\"@type\":\"ImageObject\",\"inLanguage\":\"en-US\",\"@id\":\"https:\/\/lottespapery.com\/en\/#\/schema\/logo\/image\/\",\"url\":\"http:\/\/lottespapery.com\/wp-content\/uploads\/2022\/11\/logo-dark_180x@2x.png\",\"contentUrl\":\"http:\/\/lottespapery.com\/wp-content\/uploads\/2022\/11\/logo-dark_180x@2x.png\",\"width\":360,\"height\":100,\"caption\":\"Lotte&#039;s Papery\"},\"image\":{\"@id\":\"https:\/\/lottespapery.com\/en\/#\/schema\/logo\/image\/\"},\"sameAs\":[\"https:\/\/www.instagram.com\/lottes_papery\/\",\"https:\/\/www.facebook.com\/LottesPapery\/\"]}]}<\/script>\n<!-- \/ Yoast SEO plugin. -->","yoast_head_json":{"title":"Thick Envelope DARK GRAY - Lotte&#039;s Papery","description":"A premium, extra-thick envelope with a subtle texture, perfect for elevating your invitations or greeting cards with a sense of quality and durability.  Dimensions: 16 \u00d7 11.3 cm Price: Per envelope (1 pc.)  This envelope comes without an adhesive strip, allowing it to be sealed with a wax stamp or left open for easy, damage-free opening. If you'd like a glue strip added, simply mention it in the order comments. Regular glue can also be used for sealing.","robots":{"index":"index","follow":"follow","max-snippet":"max-snippet:-1","max-image-preview":"max-image-preview:large","max-video-preview":"max-video-preview:-1"},"canonical":"https:\/\/lottespapery.com\/en\/products\/paper-envelope-darkness-pale-brightness-2\/","og_locale":"en_US","og_type":"article","og_title":"Thick Envelope DARK GRAY - Lotte&#039;s Papery","og_description":"A premium, extra-thick envelope with a subtle texture, perfect for elevating your invitations or greeting cards with a sense of quality and durability.  Dimensions: 16 \u00d7 11.3 cm Price: Per envelope (1 pc.)  This envelope comes without an adhesive strip, allowing it to be sealed with a wax stamp or left open for easy, damage-free opening. If you'd like a glue strip added, simply mention it in the order comments. Regular glue can also be used for sealing.","og_url":"https:\/\/lottespapery.com\/en\/products\/paper-envelope-darkness-pale-brightness-2\/","og_site_name":"Lotte&#039;s Papery","article_publisher":"https:\/\/www.facebook.com\/LottesPapery\/","article_modified_time":"2025-02-18T09:01:00+00:00","og_image":[{"width":2363,"height":2363,"url":"http:\/\/lottespapery.com\/wp-content\/uploads\/2023\/02\/aploksnes.ai-03.jpg","type":"image\/jpeg"}],"twitter_card":"summary_large_image","schema":{"@context":"https:\/\/schema.org","@graph":[{"@type":"WebPage","@id":"https:\/\/lottespapery.com\/en\/products\/paper-envelope-darkness-pale-brightness-2\/","url":"https:\/\/lottespapery.com\/en\/products\/paper-envelope-darkness-pale-brightness-2\/","name":"Thick Envelope DARK GRAY - Lotte&#039;s Papery","isPartOf":{"@id":"https:\/\/lottespapery.com\/en\/#website"},"datePublished":"2023-02-08T10:59:17+00:00","dateModified":"2025-02-18T09:01:00+00:00","description":"A premium, extra-thick envelope with a subtle texture, perfect for elevating your invitations or greeting cards with a sense of quality and durability. Dimensions: 16 \u00d7 11.3 cm Price: Per envelope (1 pc.) This envelope comes without an adhesive strip, allowing it to be sealed with a wax stamp or left open for easy, damage-free opening. If you'd like a glue strip added, simply mention it in the order comments. Regular glue can also be used for sealing.","breadcrumb":{"@id":"https:\/\/lottespapery.com\/en\/products\/paper-envelope-darkness-pale-brightness-2\/#breadcrumb"},"inLanguage":"en-US","potentialAction":[{"@type":"ReadAction","target":["https:\/\/lottespapery.com\/en\/products\/paper-envelope-darkness-pale-brightness-2\/"]}]},{"@type":"BreadcrumbList","@id":"https:\/\/lottespapery.com\/en\/products\/paper-envelope-darkness-pale-brightness-2\/#breadcrumb","itemListElement":[{"@type":"ListItem","position":1,"name":"Home","item":"https:\/\/lottespapery.com\/en\/"},{"@type":"ListItem","position":2,"name":"Shop","item":"https:\/\/lottespapery.com\/en\/shop\/"},{"@type":"ListItem","position":3,"name":"Thick Envelope DARK GRAY"}]},{"@type":"WebSite","@id":"https:\/\/lottespapery.com\/en\/#website","url":"https:\/\/lottespapery.com\/en\/","name":"Lotte&#039;s Papery","description":"Pap\u012brlietas un \u0101das izstr\u0101d\u0101jumi","publisher":{"@id":"https:\/\/lottespapery.com\/en\/#organization"},"potentialAction":[{"@type":"SearchAction","target":{"@type":"EntryPoint","urlTemplate":"https:\/\/lottespapery.com\/en\/?s={search_term_string}"},"query-input":"required name=search_term_string"}],"inLanguage":"en-US"},{"@type":"Organization","@id":"https:\/\/lottespapery.com\/en\/#organization","name":"Lotte&#039;s Papery","url":"https:\/\/lottespapery.com\/en\/","logo":{"@type":"ImageObject","inLanguage":"en-US","@id":"https:\/\/lottespapery.com\/en\/#\/schema\/logo\/image\/","url":"http:\/\/lottespapery.com\/wp-content\/uploads\/2022\/11\/logo-dark_180x@2x.png","contentUrl":"http:\/\/lottespapery.com\/wp-content\/uploads\/2022\/11\/logo-dark_180x@2x.png","width":360,"height":100,"caption":"Lotte&#039;s Papery"},"image":{"@id":"https:\/\/lottespapery.com\/en\/#\/schema\/logo\/image\/"},"sameAs":["https:\/\/www.instagram.com\/lottes_papery\/","https:\/\/www.facebook.com\/LottesPapery\/"]}]}},"_links":{"self":[{"href":"https:\/\/lottespapery.com\/en\/wp-json\/wp\/v2\/product\/24575","targetHints":{"allow":["GET"]}}],"collection":[{"href":"https:\/\/lottespapery.com\/en\/wp-json\/wp\/v2\/product"}],"about":[{"href":"https:\/\/lottespapery.com\/en\/wp-json\/wp\/v2\/types\/product"}],"wp:featuredmedia":[{"embeddable":true,"href":"https:\/\/lottespapery.com\/en\/wp-json\/wp\/v2\/media\/17151"}],"wp:attachment":[{"href":"https:\/\/lottespapery.com\/en\/wp-json\/wp\/v2\/media?parent=24575"}],"wp:term":[{"taxonomy":"product_brand","embeddable":true,"href":"https:\/\/lottespapery.com\/en\/wp-json\/wp\/v2\/product_brand?post=24575"},{"taxonomy":"product_cat","embeddable":true,"href":"https:\/\/lottespapery.com\/en\/wp-json\/wp\/v2\/product_cat?post=24575"},{"taxonomy":"product_tag","embeddable":true,"href":"https:\/\/lottespapery.com\/en\/wp-json\/wp\/v2\/product_tag?post=24575"}],"curies":[{"name":"wp","href":"https:\/\/api.w.org\/{rel}","templated":true}]}}