{"id":24958,"date":"2022-11-15T08:26:40","date_gmt":"2022-11-15T06:26:40","guid":{"rendered":"http:\/\/lottespapery.com\/products\/set-for-a-pair-of-suitcase-pins-mr-mrs\/"},"modified":"2023-04-17T00:03:12","modified_gmt":"2023-04-16T21:03:12","slug":"set-parim-suitcase-pins-mr-mrs","status":"publish","type":"product","link":"https:\/\/lottespapery.com\/en\/products\/set-parim-suitcase-pins-mr-mrs\/","title":{"rendered":"Set for a pair of suitcase pins &#8220;Mr &amp; Mrs&#8221;"},"content":{"rendered":"","protected":false},"excerpt":{"rendered":"","protected":false},"featured_media":10995,"template":"","meta":[],"product_brand":[],"product_cat":[862],"product_tag":[],"class_list":{"0":"post-24958","1":"product","2":"type-product","3":"status-publish","4":"has-post-thumbnail","6":"product_cat-uncategorized","8":"first","9":"instock","10":"taxable","11":"shipping-taxable","12":"purchasable","13":"product-type-variable","14":"has-default-attributes"},"raw_content":{"name":"Set for a pair of suitcase pins \"Mr &amp; Mrs\"","description":"","short_description":"","status":"publish","sku":"476E-B5AF34","original":10966},"wpml":{"translation_type":1,"has_translations":true,"original":10966,"duplicates":[],"translations":{"lv":10966,"en":24958}},"yoast_head":"<!-- This site is optimized with the Yoast SEO plugin v19.10 - https:\/\/yoast.com\/wordpress\/plugins\/seo\/ -->\n<title>Set for a pair of suitcase pins &quot;Mr &amp; Mrs&quot; - Lotte&#039;s Papery<\/title>\n<meta name=\"description\" content=\"Delight the newlyweds with a lovely gift set that will last a long time - a couple&#039;s set that includes matching Mr and Mrs printed suitcase pins. Esam izmantoju\u0161i dab\u012bgi vaskotu \u0101du, kas laikam ejot izskat\u0101s arvien lab\u0101k, jo ieg\u016bst dabiska novalk\u0101juma efektu. Choose between seven different colors and imprint colorless (will last the longest) or in silver\/gold relief! To the dot on the &quot;i&quot; add two initials for both pairs on the back of the pins from the font shown in the image.  The set is presented in a high-quality rigid cardboard box in black color, so it is ready for gifting!  -- All the leather products on display are handmade by a master craftsman right here in Latvia, in our small but warm-hearted workshop. We believe that leather is a special and beautiful material, and we are grateful for its past life, so we use it as sparingly as possible. Ja redzi k\u0101du vieglu skr\u0101p\u0113jumu, tad zini, ka m\u016bsu uztver\u0113 tas nav tr\u016bkums, bet gan pievienot\u0101 v\u0113rt\u012bba konkr\u0113tajam produktam, padarot to unik\u0101lu un ar savu st\u0101stu.\" \/>\n<meta name=\"robots\" content=\"index, follow, max-snippet:-1, max-image-preview:large, max-video-preview:-1\" \/>\n<link rel=\"canonical\" href=\"https:\/\/lottespapery.com\/en\/products\/set-parim-suitcase-pins-mr-mrs\/\" \/>\n<meta property=\"og:locale\" content=\"en_US\" \/>\n<meta property=\"og:type\" content=\"article\" \/>\n<meta property=\"og:title\" content=\"Set for a pair of suitcase pins &quot;Mr &amp; Mrs&quot; - Lotte&#039;s Papery\" \/>\n<meta property=\"og:description\" content=\"Delight the newlyweds with a lovely gift set that will last a long time - a couple&#039;s set that includes matching Mr and Mrs printed suitcase pins. Esam izmantoju\u0161i dab\u012bgi vaskotu \u0101du, kas laikam ejot izskat\u0101s arvien lab\u0101k, jo ieg\u016bst dabiska novalk\u0101juma efektu. Choose between seven different colors and imprint colorless (will last the longest) or in silver\/gold relief! To the dot on the &quot;i&quot; add two initials for both pairs on the back of the pins from the font shown in the image.  The set is presented in a high-quality rigid cardboard box in black color, so it is ready for gifting!  -- All the leather products on display are handmade by a master craftsman right here in Latvia, in our small but warm-hearted workshop. We believe that leather is a special and beautiful material, and we are grateful for its past life, so we use it as sparingly as possible. Ja redzi k\u0101du vieglu skr\u0101p\u0113jumu, tad zini, ka m\u016bsu uztver\u0113 tas nav tr\u016bkums, bet gan pievienot\u0101 v\u0113rt\u012bba konkr\u0113tajam produktam, padarot to unik\u0101lu un ar savu st\u0101stu.\" \/>\n<meta property=\"og:url\" content=\"https:\/\/lottespapery.com\/en\/products\/set-parim-suitcase-pins-mr-mrs\/\" \/>\n<meta property=\"og:site_name\" content=\"Lotte&#039;s Papery\" \/>\n<meta property=\"article:publisher\" content=\"https:\/\/www.facebook.com\/LottesPapery\/\" \/>\n<meta property=\"article:modified_time\" content=\"2023-04-16T21:03:12+00:00\" \/>\n<meta property=\"og:image\" content=\"https:\/\/lottespapery.com\/wp-content\/uploads\/2022\/11\/3_793fde78-f34c-43ee-be38-cb76babbc34b.jpg\" \/>\n\t<meta property=\"og:image:width\" content=\"2048\" \/>\n\t<meta property=\"og:image:height\" content=\"2048\" \/>\n\t<meta property=\"og:image:type\" content=\"image\/jpeg\" \/>\n<meta name=\"twitter:card\" content=\"summary_large_image\" \/>\n<script type=\"application\/ld+json\" class=\"yoast-schema-graph\">{\"@context\":\"https:\/\/schema.org\",\"@graph\":[{\"@type\":\"WebPage\",\"@id\":\"https:\/\/lottespapery.com\/en\/products\/set-parim-suitcase-pins-mr-mrs\/\",\"url\":\"https:\/\/lottespapery.com\/en\/products\/set-parim-suitcase-pins-mr-mrs\/\",\"name\":\"Set for a pair of suitcase pins \\\"Mr &amp; Mrs\\\" - Lotte&#039;s Papery\",\"isPartOf\":{\"@id\":\"https:\/\/lottespapery.com\/en\/#website\"},\"datePublished\":\"2022-11-15T06:26:40+00:00\",\"dateModified\":\"2023-04-16T21:03:12+00:00\",\"description\":\"Delight the newlyweds with a lovely gift set that will last a long time - a couple's set that includes matching Mr and Mrs printed suitcase pins. Esam izmantoju\u0161i dab\u012bgi vaskotu \u0101du, kas laikam ejot izskat\u0101s arvien lab\u0101k, jo ieg\u016bst dabiska novalk\u0101juma efektu. Choose between seven different colors and imprint colorless (will last the longest) or in silver\/gold relief! To the dot on the \\\"i\\\" add two initials for both pairs on the back of the pins from the font shown in the image. The set is presented in a high-quality rigid cardboard box in black color, so it is ready for gifting! -- All the leather products on display are handmade by a master craftsman right here in Latvia, in our small but warm-hearted workshop. We believe that leather is a special and beautiful material, and we are grateful for its past life, so we use it as sparingly as possible. Ja redzi k\u0101du vieglu skr\u0101p\u0113jumu, tad zini, ka m\u016bsu uztver\u0113 tas nav tr\u016bkums, bet gan pievienot\u0101 v\u0113rt\u012bba konkr\u0113tajam produktam, padarot to unik\u0101lu un ar savu st\u0101stu.\",\"breadcrumb\":{\"@id\":\"https:\/\/lottespapery.com\/en\/products\/set-parim-suitcase-pins-mr-mrs\/#breadcrumb\"},\"inLanguage\":\"en-US\",\"potentialAction\":[{\"@type\":\"ReadAction\",\"target\":[\"https:\/\/lottespapery.com\/en\/products\/set-parim-suitcase-pins-mr-mrs\/\"]}]},{\"@type\":\"BreadcrumbList\",\"@id\":\"https:\/\/lottespapery.com\/en\/products\/set-parim-suitcase-pins-mr-mrs\/#breadcrumb\",\"itemListElement\":[{\"@type\":\"ListItem\",\"position\":1,\"name\":\"Home\",\"item\":\"https:\/\/lottespapery.com\/en\/\"},{\"@type\":\"ListItem\",\"position\":2,\"name\":\"Shop\",\"item\":\"https:\/\/lottespapery.com\/en\/shop\/\"},{\"@type\":\"ListItem\",\"position\":3,\"name\":\"Set for a pair of suitcase pins &#8220;Mr &amp; Mrs&#8221;\"}]},{\"@type\":\"WebSite\",\"@id\":\"https:\/\/lottespapery.com\/en\/#website\",\"url\":\"https:\/\/lottespapery.com\/en\/\",\"name\":\"Lotte&#039;s Papery\",\"description\":\"Pap\u012brlietas un \u0101das izstr\u0101d\u0101jumi\",\"publisher\":{\"@id\":\"https:\/\/lottespapery.com\/en\/#organization\"},\"potentialAction\":[{\"@type\":\"SearchAction\",\"target\":{\"@type\":\"EntryPoint\",\"urlTemplate\":\"https:\/\/lottespapery.com\/en\/?s={search_term_string}\"},\"query-input\":\"required name=search_term_string\"}],\"inLanguage\":\"en-US\"},{\"@type\":\"Organization\",\"@id\":\"https:\/\/lottespapery.com\/en\/#organization\",\"name\":\"Lotte&#039;s Papery\",\"url\":\"https:\/\/lottespapery.com\/en\/\",\"logo\":{\"@type\":\"ImageObject\",\"inLanguage\":\"en-US\",\"@id\":\"https:\/\/lottespapery.com\/en\/#\/schema\/logo\/image\/\",\"url\":\"http:\/\/lottespapery.com\/wp-content\/uploads\/2022\/11\/logo-dark_180x@2x.png\",\"contentUrl\":\"http:\/\/lottespapery.com\/wp-content\/uploads\/2022\/11\/logo-dark_180x@2x.png\",\"width\":360,\"height\":100,\"caption\":\"Lotte&#039;s Papery\"},\"image\":{\"@id\":\"https:\/\/lottespapery.com\/en\/#\/schema\/logo\/image\/\"},\"sameAs\":[\"https:\/\/www.instagram.com\/lottes_papery\/\",\"https:\/\/www.facebook.com\/LottesPapery\/\"]}]}<\/script>\n<!-- \/ Yoast SEO plugin. -->","yoast_head_json":{"title":"Set for a pair of suitcase pins \"Mr &amp; Mrs\" - Lotte&#039;s Papery","description":"Delight the newlyweds with a lovely gift set that will last a long time - a couple's set that includes matching Mr and Mrs printed suitcase pins. Esam izmantoju\u0161i dab\u012bgi vaskotu \u0101du, kas laikam ejot izskat\u0101s arvien lab\u0101k, jo ieg\u016bst dabiska novalk\u0101juma efektu. Choose between seven different colors and imprint colorless (will last the longest) or in silver\/gold relief! To the dot on the \"i\" add two initials for both pairs on the back of the pins from the font shown in the image.  The set is presented in a high-quality rigid cardboard box in black color, so it is ready for gifting!  -- All the leather products on display are handmade by a master craftsman right here in Latvia, in our small but warm-hearted workshop. We believe that leather is a special and beautiful material, and we are grateful for its past life, so we use it as sparingly as possible. Ja redzi k\u0101du vieglu skr\u0101p\u0113jumu, tad zini, ka m\u016bsu uztver\u0113 tas nav tr\u016bkums, bet gan pievienot\u0101 v\u0113rt\u012bba konkr\u0113tajam produktam, padarot to unik\u0101lu un ar savu st\u0101stu.","robots":{"index":"index","follow":"follow","max-snippet":"max-snippet:-1","max-image-preview":"max-image-preview:large","max-video-preview":"max-video-preview:-1"},"canonical":"https:\/\/lottespapery.com\/en\/products\/set-parim-suitcase-pins-mr-mrs\/","og_locale":"en_US","og_type":"article","og_title":"Set for a pair of suitcase pins \"Mr &amp; Mrs\" - Lotte&#039;s Papery","og_description":"Delight the newlyweds with a lovely gift set that will last a long time - a couple's set that includes matching Mr and Mrs printed suitcase pins. Esam izmantoju\u0161i dab\u012bgi vaskotu \u0101du, kas laikam ejot izskat\u0101s arvien lab\u0101k, jo ieg\u016bst dabiska novalk\u0101juma efektu. Choose between seven different colors and imprint colorless (will last the longest) or in silver\/gold relief! To the dot on the \"i\" add two initials for both pairs on the back of the pins from the font shown in the image.  The set is presented in a high-quality rigid cardboard box in black color, so it is ready for gifting!  -- All the leather products on display are handmade by a master craftsman right here in Latvia, in our small but warm-hearted workshop. We believe that leather is a special and beautiful material, and we are grateful for its past life, so we use it as sparingly as possible. Ja redzi k\u0101du vieglu skr\u0101p\u0113jumu, tad zini, ka m\u016bsu uztver\u0113 tas nav tr\u016bkums, bet gan pievienot\u0101 v\u0113rt\u012bba konkr\u0113tajam produktam, padarot to unik\u0101lu un ar savu st\u0101stu.","og_url":"https:\/\/lottespapery.com\/en\/products\/set-parim-suitcase-pins-mr-mrs\/","og_site_name":"Lotte&#039;s Papery","article_publisher":"https:\/\/www.facebook.com\/LottesPapery\/","article_modified_time":"2023-04-16T21:03:12+00:00","og_image":[{"width":2048,"height":2048,"url":"https:\/\/lottespapery.com\/wp-content\/uploads\/2022\/11\/3_793fde78-f34c-43ee-be38-cb76babbc34b.jpg","type":"image\/jpeg"}],"twitter_card":"summary_large_image","schema":{"@context":"https:\/\/schema.org","@graph":[{"@type":"WebPage","@id":"https:\/\/lottespapery.com\/en\/products\/set-parim-suitcase-pins-mr-mrs\/","url":"https:\/\/lottespapery.com\/en\/products\/set-parim-suitcase-pins-mr-mrs\/","name":"Set for a pair of suitcase pins \"Mr &amp; Mrs\" - Lotte&#039;s Papery","isPartOf":{"@id":"https:\/\/lottespapery.com\/en\/#website"},"datePublished":"2022-11-15T06:26:40+00:00","dateModified":"2023-04-16T21:03:12+00:00","description":"Delight the newlyweds with a lovely gift set that will last a long time - a couple's set that includes matching Mr and Mrs printed suitcase pins. Esam izmantoju\u0161i dab\u012bgi vaskotu \u0101du, kas laikam ejot izskat\u0101s arvien lab\u0101k, jo ieg\u016bst dabiska novalk\u0101juma efektu. Choose between seven different colors and imprint colorless (will last the longest) or in silver\/gold relief! To the dot on the \"i\" add two initials for both pairs on the back of the pins from the font shown in the image. The set is presented in a high-quality rigid cardboard box in black color, so it is ready for gifting! -- All the leather products on display are handmade by a master craftsman right here in Latvia, in our small but warm-hearted workshop. We believe that leather is a special and beautiful material, and we are grateful for its past life, so we use it as sparingly as possible. Ja redzi k\u0101du vieglu skr\u0101p\u0113jumu, tad zini, ka m\u016bsu uztver\u0113 tas nav tr\u016bkums, bet gan pievienot\u0101 v\u0113rt\u012bba konkr\u0113tajam produktam, padarot to unik\u0101lu un ar savu st\u0101stu.","breadcrumb":{"@id":"https:\/\/lottespapery.com\/en\/products\/set-parim-suitcase-pins-mr-mrs\/#breadcrumb"},"inLanguage":"en-US","potentialAction":[{"@type":"ReadAction","target":["https:\/\/lottespapery.com\/en\/products\/set-parim-suitcase-pins-mr-mrs\/"]}]},{"@type":"BreadcrumbList","@id":"https:\/\/lottespapery.com\/en\/products\/set-parim-suitcase-pins-mr-mrs\/#breadcrumb","itemListElement":[{"@type":"ListItem","position":1,"name":"Home","item":"https:\/\/lottespapery.com\/en\/"},{"@type":"ListItem","position":2,"name":"Shop","item":"https:\/\/lottespapery.com\/en\/shop\/"},{"@type":"ListItem","position":3,"name":"Set for a pair of suitcase pins &#8220;Mr &amp; Mrs&#8221;"}]},{"@type":"WebSite","@id":"https:\/\/lottespapery.com\/en\/#website","url":"https:\/\/lottespapery.com\/en\/","name":"Lotte&#039;s Papery","description":"Pap\u012brlietas un \u0101das izstr\u0101d\u0101jumi","publisher":{"@id":"https:\/\/lottespapery.com\/en\/#organization"},"potentialAction":[{"@type":"SearchAction","target":{"@type":"EntryPoint","urlTemplate":"https:\/\/lottespapery.com\/en\/?s={search_term_string}"},"query-input":"required name=search_term_string"}],"inLanguage":"en-US"},{"@type":"Organization","@id":"https:\/\/lottespapery.com\/en\/#organization","name":"Lotte&#039;s Papery","url":"https:\/\/lottespapery.com\/en\/","logo":{"@type":"ImageObject","inLanguage":"en-US","@id":"https:\/\/lottespapery.com\/en\/#\/schema\/logo\/image\/","url":"http:\/\/lottespapery.com\/wp-content\/uploads\/2022\/11\/logo-dark_180x@2x.png","contentUrl":"http:\/\/lottespapery.com\/wp-content\/uploads\/2022\/11\/logo-dark_180x@2x.png","width":360,"height":100,"caption":"Lotte&#039;s Papery"},"image":{"@id":"https:\/\/lottespapery.com\/en\/#\/schema\/logo\/image\/"},"sameAs":["https:\/\/www.instagram.com\/lottes_papery\/","https:\/\/www.facebook.com\/LottesPapery\/"]}]}},"_links":{"self":[{"href":"https:\/\/lottespapery.com\/en\/wp-json\/wp\/v2\/product\/24958","targetHints":{"allow":["GET"]}}],"collection":[{"href":"https:\/\/lottespapery.com\/en\/wp-json\/wp\/v2\/product"}],"about":[{"href":"https:\/\/lottespapery.com\/en\/wp-json\/wp\/v2\/types\/product"}],"wp:featuredmedia":[{"embeddable":true,"href":"https:\/\/lottespapery.com\/en\/wp-json\/wp\/v2\/media\/10995"}],"wp:attachment":[{"href":"https:\/\/lottespapery.com\/en\/wp-json\/wp\/v2\/media?parent=24958"}],"wp:term":[{"taxonomy":"product_brand","embeddable":true,"href":"https:\/\/lottespapery.com\/en\/wp-json\/wp\/v2\/product_brand?post=24958"},{"taxonomy":"product_cat","embeddable":true,"href":"https:\/\/lottespapery.com\/en\/wp-json\/wp\/v2\/product_cat?post=24958"},{"taxonomy":"product_tag","embeddable":true,"href":"https:\/\/lottespapery.com\/en\/wp-json\/wp\/v2\/product_tag?post=24958"}],"curies":[{"name":"wp","href":"https:\/\/api.w.org\/{rel}","templated":true}]}}