{"id":25270,"date":"2023-03-23T16:21:25","date_gmt":"2023-03-23T14:21:25","guid":{"rendered":"http:\/\/lottespapery.com\/products\/personalized-guestbook-rustic-with-rosemary-motif\/"},"modified":"2026-03-18T13:57:42","modified_gmt":"2026-03-18T11:57:42","slug":"personalized-guest-book-rustic-with-rosemary-motif","status":"publish","type":"product","link":"https:\/\/lottespapery.com\/en\/products\/personalized-guest-book-rustic-with-rosemary-motif\/","title":{"rendered":"Personalized guestbook RUSTIC with rosemary motif"},"content":{"rendered":"","protected":false},"excerpt":{"rendered":"","protected":false},"featured_media":18674,"template":"","meta":[],"product_brand":[],"product_cat":[1639,868],"product_tag":[],"class_list":{"0":"post-25270","1":"product","2":"type-product","3":"status-publish","4":"has-post-thumbnail","6":"product_cat-guest-books-en","7":"product_cat-guest-books","9":"first","10":"instock","11":"taxable","12":"shipping-taxable","13":"purchasable","14":"product-type-variable","15":"has-default-attributes"},"raw_content":{"name":"Personalized guestbook RUSTIC with rosemary motif","description":"","short_description":"","status":"publish","sku":"LPGBS_020","original":18668},"wpml":{"translation_type":1,"has_translations":true,"original":18668,"duplicates":[],"translations":{"lv":18668,"en":25270}},"yoast_head":"<!-- This site is optimized with the Yoast SEO plugin v19.10 - https:\/\/yoast.com\/wordpress\/plugins\/seo\/ -->\n<title>Personalized guestbook RUSTIC with rosemary motif - Lotte&#039;s Papery<\/title>\n<meta name=\"description\" content=\"Guest book with rough, thick leather covers, enhanced with a personalized laser-engraved design. Neat and meticulous handcrafted work with an elegant feel, adding character and style to your wedding or special event.  Guest book size: - 20 x 20 cm  Number of sheets: - 60 sheets (120 pages)  Inner page colour: - light cream  PRODUCTION TIME: 1,5 - 2 weeks.  If you need to receive the guest book by a specific date, please contact us by calling +371 2208 7727 or e-mailing info@lottespapery.com  PLEASE NOTE: - Please provide your chosen text (names, initials, dates) for personalization precisely in the comments section when placing your order. - The leather may have minor scratches, natural pigment marks, and slight color variations. The shade of the leather may also differ slightly from what you see on your screen, depending on your individual monitor settings.  _  All of Lotte\u2019s leather products are handmade by a master craftsman right here in Latvia, in our small but warm-hearted workshop. We believe that leather is a special and beautiful material, and we are grateful for its past life, so we use it as sparingly as possible.  Our products are primarily made from \u201cCrazy Horse\u201d leather \u2013 high-quality, thick cow leather (full grain), treated with natural waxes. Since leather is a natural material, it may have small scratches or imperfections. We make every effort not to place such \u201cimperfections\u201d in central areas, but please note that light scratches or marks may appear on the back or less visible parts of the product.  Everyday use only enhances the leather \u2013 scratches and friction change its color, creating rich tones and a natural \u201cvintage\u201d effect, making each product unique. The more the product is used, the more distinctive its pattern becomes.  To maintain the leather\u2019s appearance and refresh its \u201cvintage\u201d effect, it can be lightly moistened, rubbed with a clean cloth, and finally polished with a wool glove, sock, or other wool item using linear motions until the leather becomes even and slightly glossy.\" \/>\n<meta name=\"robots\" content=\"index, follow, max-snippet:-1, max-image-preview:large, max-video-preview:-1\" \/>\n<link rel=\"canonical\" href=\"https:\/\/lottespapery.com\/en\/products\/personalized-guest-book-rustic-with-rosemary-motif\/\" \/>\n<meta property=\"og:locale\" content=\"en_US\" \/>\n<meta property=\"og:type\" content=\"article\" \/>\n<meta property=\"og:title\" content=\"Personalized guestbook RUSTIC with rosemary motif - Lotte&#039;s Papery\" \/>\n<meta property=\"og:description\" content=\"Guest book with rough, thick leather covers, enhanced with a personalized laser-engraved design. Neat and meticulous handcrafted work with an elegant feel, adding character and style to your wedding or special event.  Guest book size: - 20 x 20 cm  Number of sheets: - 60 sheets (120 pages)  Inner page colour: - light cream  PRODUCTION TIME: 1,5 - 2 weeks.  If you need to receive the guest book by a specific date, please contact us by calling +371 2208 7727 or e-mailing info@lottespapery.com  PLEASE NOTE: - Please provide your chosen text (names, initials, dates) for personalization precisely in the comments section when placing your order. - The leather may have minor scratches, natural pigment marks, and slight color variations. The shade of the leather may also differ slightly from what you see on your screen, depending on your individual monitor settings.  _  All of Lotte\u2019s leather products are handmade by a master craftsman right here in Latvia, in our small but warm-hearted workshop. We believe that leather is a special and beautiful material, and we are grateful for its past life, so we use it as sparingly as possible.  Our products are primarily made from \u201cCrazy Horse\u201d leather \u2013 high-quality, thick cow leather (full grain), treated with natural waxes. Since leather is a natural material, it may have small scratches or imperfections. We make every effort not to place such \u201cimperfections\u201d in central areas, but please note that light scratches or marks may appear on the back or less visible parts of the product.  Everyday use only enhances the leather \u2013 scratches and friction change its color, creating rich tones and a natural \u201cvintage\u201d effect, making each product unique. The more the product is used, the more distinctive its pattern becomes.  To maintain the leather\u2019s appearance and refresh its \u201cvintage\u201d effect, it can be lightly moistened, rubbed with a clean cloth, and finally polished with a wool glove, sock, or other wool item using linear motions until the leather becomes even and slightly glossy.\" \/>\n<meta property=\"og:url\" content=\"https:\/\/lottespapery.com\/en\/products\/personalized-guest-book-rustic-with-rosemary-motif\/\" \/>\n<meta property=\"og:site_name\" content=\"Lotte&#039;s Papery\" \/>\n<meta property=\"article:publisher\" content=\"https:\/\/www.facebook.com\/LottesPapery\/\" \/>\n<meta property=\"article:modified_time\" content=\"2026-03-18T11:57:42+00:00\" \/>\n<meta property=\"og:image\" content=\"http:\/\/lottespapery.com\/wp-content\/uploads\/2023\/03\/LOT_867816-scaled.jpg\" \/>\n\t<meta property=\"og:image:width\" content=\"2560\" \/>\n\t<meta property=\"og:image:height\" content=\"2560\" \/>\n\t<meta property=\"og:image:type\" content=\"image\/jpeg\" \/>\n<meta name=\"twitter:card\" content=\"summary_large_image\" \/>\n<script type=\"application\/ld+json\" class=\"yoast-schema-graph\">{\"@context\":\"https:\/\/schema.org\",\"@graph\":[{\"@type\":\"WebPage\",\"@id\":\"https:\/\/lottespapery.com\/en\/products\/personalized-guest-book-rustic-with-rosemary-motif\/\",\"url\":\"https:\/\/lottespapery.com\/en\/products\/personalized-guest-book-rustic-with-rosemary-motif\/\",\"name\":\"Personalized guestbook RUSTIC with rosemary motif - Lotte&#039;s Papery\",\"isPartOf\":{\"@id\":\"https:\/\/lottespapery.com\/en\/#website\"},\"datePublished\":\"2023-03-23T14:21:25+00:00\",\"dateModified\":\"2026-03-18T11:57:42+00:00\",\"description\":\"Guest book with rough, thick leather covers, enhanced with a personalized laser-engraved design. Neat and meticulous handcrafted work with an elegant feel, adding character and style to your wedding or special event. Guest book size: - 20 x 20 cm Number of sheets: - 60 sheets (120 pages) Inner page colour: - light cream PRODUCTION TIME: 1,5 - 2 weeks. If you need to receive the guest book by a specific date, please contact us by calling +371 2208 7727 or e-mailing info@lottespapery.com PLEASE NOTE: - Please provide your chosen text (names, initials, dates) for personalization precisely in the comments section when placing your order. - The leather may have minor scratches, natural pigment marks, and slight color variations. The shade of the leather may also differ slightly from what you see on your screen, depending on your individual monitor settings. _ All of Lotte\u2019s leather products are handmade by a master craftsman right here in Latvia, in our small but warm-hearted workshop. We believe that leather is a special and beautiful material, and we are grateful for its past life, so we use it as sparingly as possible. Our products are primarily made from \u201cCrazy Horse\u201d leather \u2013 high-quality, thick cow leather (full grain), treated with natural waxes. Since leather is a natural material, it may have small scratches or imperfections. We make every effort not to place such \u201cimperfections\u201d in central areas, but please note that light scratches or marks may appear on the back or less visible parts of the product. Everyday use only enhances the leather \u2013 scratches and friction change its color, creating rich tones and a natural \u201cvintage\u201d effect, making each product unique. The more the product is used, the more distinctive its pattern becomes. To maintain the leather\u2019s appearance and refresh its \u201cvintage\u201d effect, it can be lightly moistened, rubbed with a clean cloth, and finally polished with a wool glove, sock, or other wool item using linear motions until the leather becomes even and slightly glossy.\",\"breadcrumb\":{\"@id\":\"https:\/\/lottespapery.com\/en\/products\/personalized-guest-book-rustic-with-rosemary-motif\/#breadcrumb\"},\"inLanguage\":\"en-US\",\"potentialAction\":[{\"@type\":\"ReadAction\",\"target\":[\"https:\/\/lottespapery.com\/en\/products\/personalized-guest-book-rustic-with-rosemary-motif\/\"]}]},{\"@type\":\"BreadcrumbList\",\"@id\":\"https:\/\/lottespapery.com\/en\/products\/personalized-guest-book-rustic-with-rosemary-motif\/#breadcrumb\",\"itemListElement\":[{\"@type\":\"ListItem\",\"position\":1,\"name\":\"Home\",\"item\":\"https:\/\/lottespapery.com\/en\/\"},{\"@type\":\"ListItem\",\"position\":2,\"name\":\"Shop\",\"item\":\"https:\/\/lottespapery.com\/en\/shop\/\"},{\"@type\":\"ListItem\",\"position\":3,\"name\":\"Personalized guestbook RUSTIC with rosemary motif\"}]},{\"@type\":\"WebSite\",\"@id\":\"https:\/\/lottespapery.com\/en\/#website\",\"url\":\"https:\/\/lottespapery.com\/en\/\",\"name\":\"Lotte&#039;s Papery\",\"description\":\"Pap\u012brlietas un \u0101das izstr\u0101d\u0101jumi\",\"publisher\":{\"@id\":\"https:\/\/lottespapery.com\/en\/#organization\"},\"potentialAction\":[{\"@type\":\"SearchAction\",\"target\":{\"@type\":\"EntryPoint\",\"urlTemplate\":\"https:\/\/lottespapery.com\/en\/?s={search_term_string}\"},\"query-input\":\"required name=search_term_string\"}],\"inLanguage\":\"en-US\"},{\"@type\":\"Organization\",\"@id\":\"https:\/\/lottespapery.com\/en\/#organization\",\"name\":\"Lotte&#039;s Papery\",\"url\":\"https:\/\/lottespapery.com\/en\/\",\"logo\":{\"@type\":\"ImageObject\",\"inLanguage\":\"en-US\",\"@id\":\"https:\/\/lottespapery.com\/en\/#\/schema\/logo\/image\/\",\"url\":\"http:\/\/lottespapery.com\/wp-content\/uploads\/2022\/11\/logo-dark_180x@2x.png\",\"contentUrl\":\"http:\/\/lottespapery.com\/wp-content\/uploads\/2022\/11\/logo-dark_180x@2x.png\",\"width\":360,\"height\":100,\"caption\":\"Lotte&#039;s Papery\"},\"image\":{\"@id\":\"https:\/\/lottespapery.com\/en\/#\/schema\/logo\/image\/\"},\"sameAs\":[\"https:\/\/www.instagram.com\/lottes_papery\/\",\"https:\/\/www.facebook.com\/LottesPapery\/\"]}]}<\/script>\n<!-- \/ Yoast SEO plugin. -->","yoast_head_json":{"title":"Personalized guestbook RUSTIC with rosemary motif - Lotte&#039;s Papery","description":"Guest book with rough, thick leather covers, enhanced with a personalized laser-engraved design. Neat and meticulous handcrafted work with an elegant feel, adding character and style to your wedding or special event.  Guest book size: - 20 x 20 cm  Number of sheets: - 60 sheets (120 pages)  Inner page colour: - light cream  PRODUCTION TIME: 1,5 - 2 weeks.  If you need to receive the guest book by a specific date, please contact us by calling +371 2208 7727 or e-mailing info@lottespapery.com  PLEASE NOTE: - Please provide your chosen text (names, initials, dates) for personalization precisely in the comments section when placing your order. - The leather may have minor scratches, natural pigment marks, and slight color variations. The shade of the leather may also differ slightly from what you see on your screen, depending on your individual monitor settings.  _  All of Lotte\u2019s leather products are handmade by a master craftsman right here in Latvia, in our small but warm-hearted workshop. We believe that leather is a special and beautiful material, and we are grateful for its past life, so we use it as sparingly as possible.  Our products are primarily made from \u201cCrazy Horse\u201d leather \u2013 high-quality, thick cow leather (full grain), treated with natural waxes. Since leather is a natural material, it may have small scratches or imperfections. We make every effort not to place such \u201cimperfections\u201d in central areas, but please note that light scratches or marks may appear on the back or less visible parts of the product.  Everyday use only enhances the leather \u2013 scratches and friction change its color, creating rich tones and a natural \u201cvintage\u201d effect, making each product unique. The more the product is used, the more distinctive its pattern becomes.  To maintain the leather\u2019s appearance and refresh its \u201cvintage\u201d effect, it can be lightly moistened, rubbed with a clean cloth, and finally polished with a wool glove, sock, or other wool item using linear motions until the leather becomes even and slightly glossy.","robots":{"index":"index","follow":"follow","max-snippet":"max-snippet:-1","max-image-preview":"max-image-preview:large","max-video-preview":"max-video-preview:-1"},"canonical":"https:\/\/lottespapery.com\/en\/products\/personalized-guest-book-rustic-with-rosemary-motif\/","og_locale":"en_US","og_type":"article","og_title":"Personalized guestbook RUSTIC with rosemary motif - Lotte&#039;s Papery","og_description":"Guest book with rough, thick leather covers, enhanced with a personalized laser-engraved design. Neat and meticulous handcrafted work with an elegant feel, adding character and style to your wedding or special event.  Guest book size: - 20 x 20 cm  Number of sheets: - 60 sheets (120 pages)  Inner page colour: - light cream  PRODUCTION TIME: 1,5 - 2 weeks.  If you need to receive the guest book by a specific date, please contact us by calling +371 2208 7727 or e-mailing info@lottespapery.com  PLEASE NOTE: - Please provide your chosen text (names, initials, dates) for personalization precisely in the comments section when placing your order. - The leather may have minor scratches, natural pigment marks, and slight color variations. The shade of the leather may also differ slightly from what you see on your screen, depending on your individual monitor settings.  _  All of Lotte\u2019s leather products are handmade by a master craftsman right here in Latvia, in our small but warm-hearted workshop. We believe that leather is a special and beautiful material, and we are grateful for its past life, so we use it as sparingly as possible.  Our products are primarily made from \u201cCrazy Horse\u201d leather \u2013 high-quality, thick cow leather (full grain), treated with natural waxes. Since leather is a natural material, it may have small scratches or imperfections. We make every effort not to place such \u201cimperfections\u201d in central areas, but please note that light scratches or marks may appear on the back or less visible parts of the product.  Everyday use only enhances the leather \u2013 scratches and friction change its color, creating rich tones and a natural \u201cvintage\u201d effect, making each product unique. The more the product is used, the more distinctive its pattern becomes.  To maintain the leather\u2019s appearance and refresh its \u201cvintage\u201d effect, it can be lightly moistened, rubbed with a clean cloth, and finally polished with a wool glove, sock, or other wool item using linear motions until the leather becomes even and slightly glossy.","og_url":"https:\/\/lottespapery.com\/en\/products\/personalized-guest-book-rustic-with-rosemary-motif\/","og_site_name":"Lotte&#039;s Papery","article_publisher":"https:\/\/www.facebook.com\/LottesPapery\/","article_modified_time":"2026-03-18T11:57:42+00:00","og_image":[{"width":2560,"height":2560,"url":"http:\/\/lottespapery.com\/wp-content\/uploads\/2023\/03\/LOT_867816-scaled.jpg","type":"image\/jpeg"}],"twitter_card":"summary_large_image","schema":{"@context":"https:\/\/schema.org","@graph":[{"@type":"WebPage","@id":"https:\/\/lottespapery.com\/en\/products\/personalized-guest-book-rustic-with-rosemary-motif\/","url":"https:\/\/lottespapery.com\/en\/products\/personalized-guest-book-rustic-with-rosemary-motif\/","name":"Personalized guestbook RUSTIC with rosemary motif - Lotte&#039;s Papery","isPartOf":{"@id":"https:\/\/lottespapery.com\/en\/#website"},"datePublished":"2023-03-23T14:21:25+00:00","dateModified":"2026-03-18T11:57:42+00:00","description":"Guest book with rough, thick leather covers, enhanced with a personalized laser-engraved design. Neat and meticulous handcrafted work with an elegant feel, adding character and style to your wedding or special event. Guest book size: - 20 x 20 cm Number of sheets: - 60 sheets (120 pages) Inner page colour: - light cream PRODUCTION TIME: 1,5 - 2 weeks. If you need to receive the guest book by a specific date, please contact us by calling +371 2208 7727 or e-mailing info@lottespapery.com PLEASE NOTE: - Please provide your chosen text (names, initials, dates) for personalization precisely in the comments section when placing your order. - The leather may have minor scratches, natural pigment marks, and slight color variations. The shade of the leather may also differ slightly from what you see on your screen, depending on your individual monitor settings. _ All of Lotte\u2019s leather products are handmade by a master craftsman right here in Latvia, in our small but warm-hearted workshop. We believe that leather is a special and beautiful material, and we are grateful for its past life, so we use it as sparingly as possible. Our products are primarily made from \u201cCrazy Horse\u201d leather \u2013 high-quality, thick cow leather (full grain), treated with natural waxes. Since leather is a natural material, it may have small scratches or imperfections. We make every effort not to place such \u201cimperfections\u201d in central areas, but please note that light scratches or marks may appear on the back or less visible parts of the product. Everyday use only enhances the leather \u2013 scratches and friction change its color, creating rich tones and a natural \u201cvintage\u201d effect, making each product unique. The more the product is used, the more distinctive its pattern becomes. To maintain the leather\u2019s appearance and refresh its \u201cvintage\u201d effect, it can be lightly moistened, rubbed with a clean cloth, and finally polished with a wool glove, sock, or other wool item using linear motions until the leather becomes even and slightly glossy.","breadcrumb":{"@id":"https:\/\/lottespapery.com\/en\/products\/personalized-guest-book-rustic-with-rosemary-motif\/#breadcrumb"},"inLanguage":"en-US","potentialAction":[{"@type":"ReadAction","target":["https:\/\/lottespapery.com\/en\/products\/personalized-guest-book-rustic-with-rosemary-motif\/"]}]},{"@type":"BreadcrumbList","@id":"https:\/\/lottespapery.com\/en\/products\/personalized-guest-book-rustic-with-rosemary-motif\/#breadcrumb","itemListElement":[{"@type":"ListItem","position":1,"name":"Home","item":"https:\/\/lottespapery.com\/en\/"},{"@type":"ListItem","position":2,"name":"Shop","item":"https:\/\/lottespapery.com\/en\/shop\/"},{"@type":"ListItem","position":3,"name":"Personalized guestbook RUSTIC with rosemary motif"}]},{"@type":"WebSite","@id":"https:\/\/lottespapery.com\/en\/#website","url":"https:\/\/lottespapery.com\/en\/","name":"Lotte&#039;s Papery","description":"Pap\u012brlietas un \u0101das izstr\u0101d\u0101jumi","publisher":{"@id":"https:\/\/lottespapery.com\/en\/#organization"},"potentialAction":[{"@type":"SearchAction","target":{"@type":"EntryPoint","urlTemplate":"https:\/\/lottespapery.com\/en\/?s={search_term_string}"},"query-input":"required name=search_term_string"}],"inLanguage":"en-US"},{"@type":"Organization","@id":"https:\/\/lottespapery.com\/en\/#organization","name":"Lotte&#039;s Papery","url":"https:\/\/lottespapery.com\/en\/","logo":{"@type":"ImageObject","inLanguage":"en-US","@id":"https:\/\/lottespapery.com\/en\/#\/schema\/logo\/image\/","url":"http:\/\/lottespapery.com\/wp-content\/uploads\/2022\/11\/logo-dark_180x@2x.png","contentUrl":"http:\/\/lottespapery.com\/wp-content\/uploads\/2022\/11\/logo-dark_180x@2x.png","width":360,"height":100,"caption":"Lotte&#039;s Papery"},"image":{"@id":"https:\/\/lottespapery.com\/en\/#\/schema\/logo\/image\/"},"sameAs":["https:\/\/www.instagram.com\/lottes_papery\/","https:\/\/www.facebook.com\/LottesPapery\/"]}]}},"_links":{"self":[{"href":"https:\/\/lottespapery.com\/en\/wp-json\/wp\/v2\/product\/25270","targetHints":{"allow":["GET"]}}],"collection":[{"href":"https:\/\/lottespapery.com\/en\/wp-json\/wp\/v2\/product"}],"about":[{"href":"https:\/\/lottespapery.com\/en\/wp-json\/wp\/v2\/types\/product"}],"wp:featuredmedia":[{"embeddable":true,"href":"https:\/\/lottespapery.com\/en\/wp-json\/wp\/v2\/media\/18674"}],"wp:attachment":[{"href":"https:\/\/lottespapery.com\/en\/wp-json\/wp\/v2\/media?parent=25270"}],"wp:term":[{"taxonomy":"product_brand","embeddable":true,"href":"https:\/\/lottespapery.com\/en\/wp-json\/wp\/v2\/product_brand?post=25270"},{"taxonomy":"product_cat","embeddable":true,"href":"https:\/\/lottespapery.com\/en\/wp-json\/wp\/v2\/product_cat?post=25270"},{"taxonomy":"product_tag","embeddable":true,"href":"https:\/\/lottespapery.com\/en\/wp-json\/wp\/v2\/product_tag?post=25270"}],"curies":[{"name":"wp","href":"https:\/\/api.w.org\/{rel}","templated":true}]}}