{"id":25716,"date":"2022-11-15T06:23:38","date_gmt":"2022-11-15T04:23:38","guid":{"rendered":"http:\/\/lottespapery.com\/products\/nature-lover-ginkgo-i\/"},"modified":"2026-03-26T14:29:00","modified_gmt":"2026-03-26T12:29:00","slug":"nature-lover-gingko-i","status":"publish","type":"product","link":"https:\/\/lottespapery.com\/en\/products\/nature-lover-gingko-i\/","title":{"rendered":"Nature lover \/\/ Ginkgo I"},"content":{"rendered":"","protected":false},"excerpt":{"rendered":"","protected":false},"featured_media":48412,"template":"","meta":[],"product_brand":[],"product_cat":[1753,901],"product_tag":[],"class_list":{"0":"post-25716","1":"product","2":"type-product","3":"status-publish","4":"has-post-thumbnail","6":"product_cat-custom-wax-stamps-and-sealing-wax","7":"product_cat-stamps-with-symbols","9":"first","10":"instock","11":"taxable","12":"shipping-taxable","13":"purchasable","14":"product-type-simple"},"raw_content":{"name":"Nature lover \/\/ Ginkgo I","description":"","short_description":"","status":"publish","sku":"CCC5-EE3250","original":3589},"wpml":{"translation_type":1,"has_translations":true,"original":3589,"duplicates":[],"translations":{"lv":3589,"en":25716}},"yoast_head":"<!-- This site is optimized with the Yoast SEO plugin v19.10 - https:\/\/yoast.com\/wordpress\/plugins\/seo\/ -->\n<title>Nature lover \/\/ Ginkgo I - Lotte&#039;s Papery<\/title>\n<meta name=\"description\" content=\"The stamp will perfectly serve as an elegant accent for wedding invitations, sealing letters, unusual packaging and other creative ideas, also for joint gifts given from the heart!  Each stamp is packaged in a specially designed black cardboard box with the &quot;lotte&#039;s papery&quot; logo embossed on the lid in matte silver. The stamp is made in Latvia.  Stamp dimensions: brass head 25mm, oak stem 8x2.5cm, 10x2.5cm full length.\" \/>\n<meta name=\"robots\" content=\"index, follow, max-snippet:-1, max-image-preview:large, max-video-preview:-1\" \/>\n<link rel=\"canonical\" href=\"https:\/\/lottespapery.com\/en\/products\/nature-lover-gingko-i\/\" \/>\n<meta property=\"og:locale\" content=\"en_US\" \/>\n<meta property=\"og:type\" content=\"article\" \/>\n<meta property=\"og:title\" content=\"Nature lover \/\/ Ginkgo I - Lotte&#039;s Papery\" \/>\n<meta property=\"og:description\" content=\"The stamp will perfectly serve as an elegant accent for wedding invitations, sealing letters, unusual packaging and other creative ideas, also for joint gifts given from the heart!  Each stamp is packaged in a specially designed black cardboard box with the &quot;lotte&#039;s papery&quot; logo embossed on the lid in matte silver. The stamp is made in Latvia.  Stamp dimensions: brass head 25mm, oak stem 8x2.5cm, 10x2.5cm full length.\" \/>\n<meta property=\"og:url\" content=\"https:\/\/lottespapery.com\/en\/products\/nature-lover-gingko-i\/\" \/>\n<meta property=\"og:site_name\" content=\"Lotte&#039;s Papery\" \/>\n<meta property=\"article:publisher\" content=\"https:\/\/www.facebook.com\/LottesPapery\/\" \/>\n<meta property=\"article:modified_time\" content=\"2026-03-26T12:29:00+00:00\" \/>\n<meta property=\"og:image\" content=\"http:\/\/lottespapery.com\/wp-content\/uploads\/2022\/11\/1-8.jpg\" \/>\n\t<meta property=\"og:image:width\" content=\"2000\" \/>\n\t<meta property=\"og:image:height\" content=\"2000\" \/>\n\t<meta property=\"og:image:type\" content=\"image\/jpeg\" \/>\n<meta name=\"twitter:card\" content=\"summary_large_image\" \/>\n<script type=\"application\/ld+json\" class=\"yoast-schema-graph\">{\"@context\":\"https:\/\/schema.org\",\"@graph\":[{\"@type\":\"WebPage\",\"@id\":\"https:\/\/lottespapery.com\/en\/products\/nature-lover-gingko-i\/\",\"url\":\"https:\/\/lottespapery.com\/en\/products\/nature-lover-gingko-i\/\",\"name\":\"Nature lover \/\/ Ginkgo I - Lotte&#039;s Papery\",\"isPartOf\":{\"@id\":\"https:\/\/lottespapery.com\/en\/#website\"},\"datePublished\":\"2022-11-15T04:23:38+00:00\",\"dateModified\":\"2026-03-26T12:29:00+00:00\",\"description\":\"The stamp will perfectly serve as an elegant accent for wedding invitations, sealing letters, unusual packaging and other creative ideas, also for joint gifts given from the heart! Each stamp is packaged in a specially designed black cardboard box with the \\\"lotte's papery\\\" logo embossed on the lid in matte silver. The stamp is made in Latvia. Stamp dimensions: brass head 25mm, oak stem 8x2.5cm, 10x2.5cm full length.\",\"breadcrumb\":{\"@id\":\"https:\/\/lottespapery.com\/en\/products\/nature-lover-gingko-i\/#breadcrumb\"},\"inLanguage\":\"en-US\",\"potentialAction\":[{\"@type\":\"ReadAction\",\"target\":[\"https:\/\/lottespapery.com\/en\/products\/nature-lover-gingko-i\/\"]}]},{\"@type\":\"BreadcrumbList\",\"@id\":\"https:\/\/lottespapery.com\/en\/products\/nature-lover-gingko-i\/#breadcrumb\",\"itemListElement\":[{\"@type\":\"ListItem\",\"position\":1,\"name\":\"Home\",\"item\":\"https:\/\/lottespapery.com\/en\/\"},{\"@type\":\"ListItem\",\"position\":2,\"name\":\"Shop\",\"item\":\"https:\/\/lottespapery.com\/en\/shop\/\"},{\"@type\":\"ListItem\",\"position\":3,\"name\":\"Nature lover \/\/ Ginkgo I\"}]},{\"@type\":\"WebSite\",\"@id\":\"https:\/\/lottespapery.com\/en\/#website\",\"url\":\"https:\/\/lottespapery.com\/en\/\",\"name\":\"Lotte&#039;s Papery\",\"description\":\"Pap\u012brlietas un \u0101das izstr\u0101d\u0101jumi\",\"publisher\":{\"@id\":\"https:\/\/lottespapery.com\/en\/#organization\"},\"potentialAction\":[{\"@type\":\"SearchAction\",\"target\":{\"@type\":\"EntryPoint\",\"urlTemplate\":\"https:\/\/lottespapery.com\/en\/?s={search_term_string}\"},\"query-input\":\"required name=search_term_string\"}],\"inLanguage\":\"en-US\"},{\"@type\":\"Organization\",\"@id\":\"https:\/\/lottespapery.com\/en\/#organization\",\"name\":\"Lotte&#039;s Papery\",\"url\":\"https:\/\/lottespapery.com\/en\/\",\"logo\":{\"@type\":\"ImageObject\",\"inLanguage\":\"en-US\",\"@id\":\"https:\/\/lottespapery.com\/en\/#\/schema\/logo\/image\/\",\"url\":\"http:\/\/lottespapery.com\/wp-content\/uploads\/2022\/11\/logo-dark_180x@2x.png\",\"contentUrl\":\"http:\/\/lottespapery.com\/wp-content\/uploads\/2022\/11\/logo-dark_180x@2x.png\",\"width\":360,\"height\":100,\"caption\":\"Lotte&#039;s Papery\"},\"image\":{\"@id\":\"https:\/\/lottespapery.com\/en\/#\/schema\/logo\/image\/\"},\"sameAs\":[\"https:\/\/www.instagram.com\/lottes_papery\/\",\"https:\/\/www.facebook.com\/LottesPapery\/\"]}]}<\/script>\n<!-- \/ Yoast SEO plugin. -->","yoast_head_json":{"title":"Nature lover \/\/ Ginkgo I - Lotte&#039;s Papery","description":"The stamp will perfectly serve as an elegant accent for wedding invitations, sealing letters, unusual packaging and other creative ideas, also for joint gifts given from the heart!  Each stamp is packaged in a specially designed black cardboard box with the \"lotte's papery\" logo embossed on the lid in matte silver. The stamp is made in Latvia.  Stamp dimensions: brass head 25mm, oak stem 8x2.5cm, 10x2.5cm full length.","robots":{"index":"index","follow":"follow","max-snippet":"max-snippet:-1","max-image-preview":"max-image-preview:large","max-video-preview":"max-video-preview:-1"},"canonical":"https:\/\/lottespapery.com\/en\/products\/nature-lover-gingko-i\/","og_locale":"en_US","og_type":"article","og_title":"Nature lover \/\/ Ginkgo I - Lotte&#039;s Papery","og_description":"The stamp will perfectly serve as an elegant accent for wedding invitations, sealing letters, unusual packaging and other creative ideas, also for joint gifts given from the heart!  Each stamp is packaged in a specially designed black cardboard box with the \"lotte's papery\" logo embossed on the lid in matte silver. The stamp is made in Latvia.  Stamp dimensions: brass head 25mm, oak stem 8x2.5cm, 10x2.5cm full length.","og_url":"https:\/\/lottespapery.com\/en\/products\/nature-lover-gingko-i\/","og_site_name":"Lotte&#039;s Papery","article_publisher":"https:\/\/www.facebook.com\/LottesPapery\/","article_modified_time":"2026-03-26T12:29:00+00:00","og_image":[{"width":2000,"height":2000,"url":"http:\/\/lottespapery.com\/wp-content\/uploads\/2022\/11\/1-8.jpg","type":"image\/jpeg"}],"twitter_card":"summary_large_image","schema":{"@context":"https:\/\/schema.org","@graph":[{"@type":"WebPage","@id":"https:\/\/lottespapery.com\/en\/products\/nature-lover-gingko-i\/","url":"https:\/\/lottespapery.com\/en\/products\/nature-lover-gingko-i\/","name":"Nature lover \/\/ Ginkgo I - Lotte&#039;s Papery","isPartOf":{"@id":"https:\/\/lottespapery.com\/en\/#website"},"datePublished":"2022-11-15T04:23:38+00:00","dateModified":"2026-03-26T12:29:00+00:00","description":"The stamp will perfectly serve as an elegant accent for wedding invitations, sealing letters, unusual packaging and other creative ideas, also for joint gifts given from the heart! Each stamp is packaged in a specially designed black cardboard box with the \"lotte's papery\" logo embossed on the lid in matte silver. The stamp is made in Latvia. Stamp dimensions: brass head 25mm, oak stem 8x2.5cm, 10x2.5cm full length.","breadcrumb":{"@id":"https:\/\/lottespapery.com\/en\/products\/nature-lover-gingko-i\/#breadcrumb"},"inLanguage":"en-US","potentialAction":[{"@type":"ReadAction","target":["https:\/\/lottespapery.com\/en\/products\/nature-lover-gingko-i\/"]}]},{"@type":"BreadcrumbList","@id":"https:\/\/lottespapery.com\/en\/products\/nature-lover-gingko-i\/#breadcrumb","itemListElement":[{"@type":"ListItem","position":1,"name":"Home","item":"https:\/\/lottespapery.com\/en\/"},{"@type":"ListItem","position":2,"name":"Shop","item":"https:\/\/lottespapery.com\/en\/shop\/"},{"@type":"ListItem","position":3,"name":"Nature lover \/\/ Ginkgo I"}]},{"@type":"WebSite","@id":"https:\/\/lottespapery.com\/en\/#website","url":"https:\/\/lottespapery.com\/en\/","name":"Lotte&#039;s Papery","description":"Pap\u012brlietas un \u0101das izstr\u0101d\u0101jumi","publisher":{"@id":"https:\/\/lottespapery.com\/en\/#organization"},"potentialAction":[{"@type":"SearchAction","target":{"@type":"EntryPoint","urlTemplate":"https:\/\/lottespapery.com\/en\/?s={search_term_string}"},"query-input":"required name=search_term_string"}],"inLanguage":"en-US"},{"@type":"Organization","@id":"https:\/\/lottespapery.com\/en\/#organization","name":"Lotte&#039;s Papery","url":"https:\/\/lottespapery.com\/en\/","logo":{"@type":"ImageObject","inLanguage":"en-US","@id":"https:\/\/lottespapery.com\/en\/#\/schema\/logo\/image\/","url":"http:\/\/lottespapery.com\/wp-content\/uploads\/2022\/11\/logo-dark_180x@2x.png","contentUrl":"http:\/\/lottespapery.com\/wp-content\/uploads\/2022\/11\/logo-dark_180x@2x.png","width":360,"height":100,"caption":"Lotte&#039;s Papery"},"image":{"@id":"https:\/\/lottespapery.com\/en\/#\/schema\/logo\/image\/"},"sameAs":["https:\/\/www.instagram.com\/lottes_papery\/","https:\/\/www.facebook.com\/LottesPapery\/"]}]}},"_links":{"self":[{"href":"https:\/\/lottespapery.com\/en\/wp-json\/wp\/v2\/product\/25716","targetHints":{"allow":["GET"]}}],"collection":[{"href":"https:\/\/lottespapery.com\/en\/wp-json\/wp\/v2\/product"}],"about":[{"href":"https:\/\/lottespapery.com\/en\/wp-json\/wp\/v2\/types\/product"}],"wp:featuredmedia":[{"embeddable":true,"href":"https:\/\/lottespapery.com\/en\/wp-json\/wp\/v2\/media\/48412"}],"wp:attachment":[{"href":"https:\/\/lottespapery.com\/en\/wp-json\/wp\/v2\/media?parent=25716"}],"wp:term":[{"taxonomy":"product_brand","embeddable":true,"href":"https:\/\/lottespapery.com\/en\/wp-json\/wp\/v2\/product_brand?post=25716"},{"taxonomy":"product_cat","embeddable":true,"href":"https:\/\/lottespapery.com\/en\/wp-json\/wp\/v2\/product_cat?post=25716"},{"taxonomy":"product_tag","embeddable":true,"href":"https:\/\/lottespapery.com\/en\/wp-json\/wp\/v2\/product_tag?post=25716"}],"curies":[{"name":"wp","href":"https:\/\/api.w.org\/{rel}","templated":true}]}}