{"id":25721,"date":"2022-11-15T06:39:21","date_gmt":"2022-11-15T04:39:21","guid":{"rendered":"http:\/\/lottespapery.com\/products\/book-of-marriage-vows-made-of-velvet-paper-love-you\/"},"modified":"2025-02-11T22:14:56","modified_gmt":"2025-02-11T20:14:56","slug":"wedding-vow-book-from-velvet-paper-love-you","status":"publish","type":"product","link":"https:\/\/lottespapery.com\/en\/products\/wedding-vow-book-from-velvet-paper-love-you\/","title":{"rendered":"Book of marriage vows made of velvet paper &#8220;love you&#8221;"},"content":{"rendered":"","protected":false},"excerpt":{"rendered":"","protected":false},"featured_media":5570,"template":"","meta":[],"product_brand":[],"product_cat":[866],"product_tag":[],"class_list":{"0":"post-25721","1":"product","2":"type-product","3":"status-publish","4":"has-post-thumbnail","6":"product_cat-marriage-vow-books","8":"first","9":"instock","10":"taxable","11":"shipping-taxable","12":"purchasable","13":"product-type-variable","14":"has-default-attributes"},"raw_content":{"name":"Book of marriage vows made of velvet paper \"love you\"","description":"","short_description":"","status":"publish","sku":"043C-21A54A","original":5540},"wpml":{"translation_type":1,"has_translations":true,"original":5540,"duplicates":[],"translations":{"lv":5540,"en":25721}},"yoast_head":"<!-- This site is optimized with the Yoast SEO plugin v19.10 - https:\/\/yoast.com\/wordpress\/plugins\/seo\/ -->\n<title>Book of marriage vows made of velvet paper &quot;love you&quot; - Lotte&#039;s Papery<\/title>\n<meta name=\"description\" content=\"An exquisite wedding vow book made of velvet paper with the inscription &quot;love you&quot;. Choose the color and imprint: in gold or colorless relief. They will suit different styles, moods and colors at weddings, will be a great gift for a loved one on the wedding day or as a gift for newlyweds, where you can capture the words of the most important moment of the beautiful day, said from the heart.The booklet consists of 10 pages of lined paper. Paper color - natural white. Size: 16.5 cm x 11.5 cm when closed.\" \/>\n<meta name=\"robots\" content=\"index, follow, max-snippet:-1, max-image-preview:large, max-video-preview:-1\" \/>\n<link rel=\"canonical\" href=\"https:\/\/lottespapery.com\/en\/products\/wedding-vow-book-from-velvet-paper-love-you\/\" \/>\n<meta property=\"og:locale\" content=\"en_US\" \/>\n<meta property=\"og:type\" content=\"article\" \/>\n<meta property=\"og:title\" content=\"Book of marriage vows made of velvet paper &quot;love you&quot; - Lotte&#039;s Papery\" \/>\n<meta property=\"og:description\" content=\"An exquisite wedding vow book made of velvet paper with the inscription &quot;love you&quot;. Choose the color and imprint: in gold or colorless relief. They will suit different styles, moods and colors at weddings, will be a great gift for a loved one on the wedding day or as a gift for newlyweds, where you can capture the words of the most important moment of the beautiful day, said from the heart.The booklet consists of 10 pages of lined paper. Paper color - natural white. Size: 16.5 cm x 11.5 cm when closed.\" \/>\n<meta property=\"og:url\" content=\"https:\/\/lottespapery.com\/en\/products\/wedding-vow-book-from-velvet-paper-love-you\/\" \/>\n<meta property=\"og:site_name\" content=\"Lotte&#039;s Papery\" \/>\n<meta property=\"article:publisher\" content=\"https:\/\/www.facebook.com\/LottesPapery\/\" \/>\n<meta property=\"article:modified_time\" content=\"2025-02-11T20:14:56+00:00\" \/>\n<meta property=\"og:image\" content=\"https:\/\/lottespapery.com\/wp-content\/uploads\/2022\/11\/produkti-2021-64_1_112.jpg\" \/>\n\t<meta property=\"og:image:width\" content=\"683\" \/>\n\t<meta property=\"og:image:height\" content=\"683\" \/>\n\t<meta property=\"og:image:type\" content=\"image\/jpeg\" \/>\n<meta name=\"twitter:card\" content=\"summary_large_image\" \/>\n<script type=\"application\/ld+json\" class=\"yoast-schema-graph\">{\"@context\":\"https:\/\/schema.org\",\"@graph\":[{\"@type\":\"WebPage\",\"@id\":\"https:\/\/lottespapery.com\/en\/products\/wedding-vow-book-from-velvet-paper-love-you\/\",\"url\":\"https:\/\/lottespapery.com\/en\/products\/wedding-vow-book-from-velvet-paper-love-you\/\",\"name\":\"Book of marriage vows made of velvet paper \\\"love you\\\" - Lotte&#039;s Papery\",\"isPartOf\":{\"@id\":\"https:\/\/lottespapery.com\/en\/#website\"},\"datePublished\":\"2022-11-15T04:39:21+00:00\",\"dateModified\":\"2025-02-11T20:14:56+00:00\",\"description\":\"An exquisite wedding vow book made of velvet paper with the inscription \\\"love you\\\". Choose the color and imprint: in gold or colorless relief. They will suit different styles, moods and colors at weddings, will be a great gift for a loved one on the wedding day or as a gift for newlyweds, where you can capture the words of the most important moment of the beautiful day, said from the heart.The booklet consists of 10 pages of lined paper. Paper color - natural white. Size: 16.5 cm x 11.5 cm when closed.\",\"breadcrumb\":{\"@id\":\"https:\/\/lottespapery.com\/en\/products\/wedding-vow-book-from-velvet-paper-love-you\/#breadcrumb\"},\"inLanguage\":\"en-US\",\"potentialAction\":[{\"@type\":\"ReadAction\",\"target\":[\"https:\/\/lottespapery.com\/en\/products\/wedding-vow-book-from-velvet-paper-love-you\/\"]}]},{\"@type\":\"BreadcrumbList\",\"@id\":\"https:\/\/lottespapery.com\/en\/products\/wedding-vow-book-from-velvet-paper-love-you\/#breadcrumb\",\"itemListElement\":[{\"@type\":\"ListItem\",\"position\":1,\"name\":\"Home\",\"item\":\"https:\/\/lottespapery.com\/en\/\"},{\"@type\":\"ListItem\",\"position\":2,\"name\":\"Shop\",\"item\":\"https:\/\/lottespapery.com\/en\/shop\/\"},{\"@type\":\"ListItem\",\"position\":3,\"name\":\"Book of marriage vows made of velvet paper &#8220;love you&#8221;\"}]},{\"@type\":\"WebSite\",\"@id\":\"https:\/\/lottespapery.com\/en\/#website\",\"url\":\"https:\/\/lottespapery.com\/en\/\",\"name\":\"Lotte&#039;s Papery\",\"description\":\"Pap\u012brlietas un \u0101das izstr\u0101d\u0101jumi\",\"publisher\":{\"@id\":\"https:\/\/lottespapery.com\/en\/#organization\"},\"potentialAction\":[{\"@type\":\"SearchAction\",\"target\":{\"@type\":\"EntryPoint\",\"urlTemplate\":\"https:\/\/lottespapery.com\/en\/?s={search_term_string}\"},\"query-input\":\"required name=search_term_string\"}],\"inLanguage\":\"en-US\"},{\"@type\":\"Organization\",\"@id\":\"https:\/\/lottespapery.com\/en\/#organization\",\"name\":\"Lotte&#039;s Papery\",\"url\":\"https:\/\/lottespapery.com\/en\/\",\"logo\":{\"@type\":\"ImageObject\",\"inLanguage\":\"en-US\",\"@id\":\"https:\/\/lottespapery.com\/en\/#\/schema\/logo\/image\/\",\"url\":\"http:\/\/lottespapery.com\/wp-content\/uploads\/2022\/11\/logo-dark_180x@2x.png\",\"contentUrl\":\"http:\/\/lottespapery.com\/wp-content\/uploads\/2022\/11\/logo-dark_180x@2x.png\",\"width\":360,\"height\":100,\"caption\":\"Lotte&#039;s Papery\"},\"image\":{\"@id\":\"https:\/\/lottespapery.com\/en\/#\/schema\/logo\/image\/\"},\"sameAs\":[\"https:\/\/www.instagram.com\/lottes_papery\/\",\"https:\/\/www.facebook.com\/LottesPapery\/\"]}]}<\/script>\n<!-- \/ Yoast SEO plugin. -->","yoast_head_json":{"title":"Book of marriage vows made of velvet paper \"love you\" - Lotte&#039;s Papery","description":"An exquisite wedding vow book made of velvet paper with the inscription \"love you\". Choose the color and imprint: in gold or colorless relief. They will suit different styles, moods and colors at weddings, will be a great gift for a loved one on the wedding day or as a gift for newlyweds, where you can capture the words of the most important moment of the beautiful day, said from the heart.The booklet consists of 10 pages of lined paper. Paper color - natural white. Size: 16.5 cm x 11.5 cm when closed.","robots":{"index":"index","follow":"follow","max-snippet":"max-snippet:-1","max-image-preview":"max-image-preview:large","max-video-preview":"max-video-preview:-1"},"canonical":"https:\/\/lottespapery.com\/en\/products\/wedding-vow-book-from-velvet-paper-love-you\/","og_locale":"en_US","og_type":"article","og_title":"Book of marriage vows made of velvet paper \"love you\" - Lotte&#039;s Papery","og_description":"An exquisite wedding vow book made of velvet paper with the inscription \"love you\". Choose the color and imprint: in gold or colorless relief. They will suit different styles, moods and colors at weddings, will be a great gift for a loved one on the wedding day or as a gift for newlyweds, where you can capture the words of the most important moment of the beautiful day, said from the heart.The booklet consists of 10 pages of lined paper. Paper color - natural white. Size: 16.5 cm x 11.5 cm when closed.","og_url":"https:\/\/lottespapery.com\/en\/products\/wedding-vow-book-from-velvet-paper-love-you\/","og_site_name":"Lotte&#039;s Papery","article_publisher":"https:\/\/www.facebook.com\/LottesPapery\/","article_modified_time":"2025-02-11T20:14:56+00:00","og_image":[{"width":683,"height":683,"url":"https:\/\/lottespapery.com\/wp-content\/uploads\/2022\/11\/produkti-2021-64_1_112.jpg","type":"image\/jpeg"}],"twitter_card":"summary_large_image","schema":{"@context":"https:\/\/schema.org","@graph":[{"@type":"WebPage","@id":"https:\/\/lottespapery.com\/en\/products\/wedding-vow-book-from-velvet-paper-love-you\/","url":"https:\/\/lottespapery.com\/en\/products\/wedding-vow-book-from-velvet-paper-love-you\/","name":"Book of marriage vows made of velvet paper \"love you\" - Lotte&#039;s Papery","isPartOf":{"@id":"https:\/\/lottespapery.com\/en\/#website"},"datePublished":"2022-11-15T04:39:21+00:00","dateModified":"2025-02-11T20:14:56+00:00","description":"An exquisite wedding vow book made of velvet paper with the inscription \"love you\". Choose the color and imprint: in gold or colorless relief. They will suit different styles, moods and colors at weddings, will be a great gift for a loved one on the wedding day or as a gift for newlyweds, where you can capture the words of the most important moment of the beautiful day, said from the heart.The booklet consists of 10 pages of lined paper. Paper color - natural white. Size: 16.5 cm x 11.5 cm when closed.","breadcrumb":{"@id":"https:\/\/lottespapery.com\/en\/products\/wedding-vow-book-from-velvet-paper-love-you\/#breadcrumb"},"inLanguage":"en-US","potentialAction":[{"@type":"ReadAction","target":["https:\/\/lottespapery.com\/en\/products\/wedding-vow-book-from-velvet-paper-love-you\/"]}]},{"@type":"BreadcrumbList","@id":"https:\/\/lottespapery.com\/en\/products\/wedding-vow-book-from-velvet-paper-love-you\/#breadcrumb","itemListElement":[{"@type":"ListItem","position":1,"name":"Home","item":"https:\/\/lottespapery.com\/en\/"},{"@type":"ListItem","position":2,"name":"Shop","item":"https:\/\/lottespapery.com\/en\/shop\/"},{"@type":"ListItem","position":3,"name":"Book of marriage vows made of velvet paper &#8220;love you&#8221;"}]},{"@type":"WebSite","@id":"https:\/\/lottespapery.com\/en\/#website","url":"https:\/\/lottespapery.com\/en\/","name":"Lotte&#039;s Papery","description":"Pap\u012brlietas un \u0101das izstr\u0101d\u0101jumi","publisher":{"@id":"https:\/\/lottespapery.com\/en\/#organization"},"potentialAction":[{"@type":"SearchAction","target":{"@type":"EntryPoint","urlTemplate":"https:\/\/lottespapery.com\/en\/?s={search_term_string}"},"query-input":"required name=search_term_string"}],"inLanguage":"en-US"},{"@type":"Organization","@id":"https:\/\/lottespapery.com\/en\/#organization","name":"Lotte&#039;s Papery","url":"https:\/\/lottespapery.com\/en\/","logo":{"@type":"ImageObject","inLanguage":"en-US","@id":"https:\/\/lottespapery.com\/en\/#\/schema\/logo\/image\/","url":"http:\/\/lottespapery.com\/wp-content\/uploads\/2022\/11\/logo-dark_180x@2x.png","contentUrl":"http:\/\/lottespapery.com\/wp-content\/uploads\/2022\/11\/logo-dark_180x@2x.png","width":360,"height":100,"caption":"Lotte&#039;s Papery"},"image":{"@id":"https:\/\/lottespapery.com\/en\/#\/schema\/logo\/image\/"},"sameAs":["https:\/\/www.instagram.com\/lottes_papery\/","https:\/\/www.facebook.com\/LottesPapery\/"]}]}},"_links":{"self":[{"href":"https:\/\/lottespapery.com\/en\/wp-json\/wp\/v2\/product\/25721","targetHints":{"allow":["GET"]}}],"collection":[{"href":"https:\/\/lottespapery.com\/en\/wp-json\/wp\/v2\/product"}],"about":[{"href":"https:\/\/lottespapery.com\/en\/wp-json\/wp\/v2\/types\/product"}],"wp:featuredmedia":[{"embeddable":true,"href":"https:\/\/lottespapery.com\/en\/wp-json\/wp\/v2\/media\/5570"}],"wp:attachment":[{"href":"https:\/\/lottespapery.com\/en\/wp-json\/wp\/v2\/media?parent=25721"}],"wp:term":[{"taxonomy":"product_brand","embeddable":true,"href":"https:\/\/lottespapery.com\/en\/wp-json\/wp\/v2\/product_brand?post=25721"},{"taxonomy":"product_cat","embeddable":true,"href":"https:\/\/lottespapery.com\/en\/wp-json\/wp\/v2\/product_cat?post=25721"},{"taxonomy":"product_tag","embeddable":true,"href":"https:\/\/lottespapery.com\/en\/wp-json\/wp\/v2\/product_tag?post=25721"}],"curies":[{"name":"wp","href":"https:\/\/api.w.org\/{rel}","templated":true}]}}