{"id":25804,"date":"2022-11-15T09:19:11","date_gmt":"2022-11-15T07:19:11","guid":{"rendered":"http:\/\/lottespapery.com\/products\/lighter-for-melting-sealing-wax\/"},"modified":"2023-11-19T16:20:12","modified_gmt":"2023-11-19T14:20:12","slug":"skiltava-zymoglaka-for-melting","status":"publish","type":"product","link":"https:\/\/lottespapery.com\/en\/products\/skiltava-zymoglaka-for-melting\/","title":{"rendered":"Lighter for melting sealing wax"},"content":{"rendered":"","protected":false},"excerpt":{"rendered":"","protected":false},"featured_media":14014,"template":"","meta":[],"product_brand":[],"product_cat":[905],"product_tag":[],"class_list":{"0":"post-25804","1":"product","2":"type-product","3":"status-publish","4":"has-post-thumbnail","6":"product_cat-sealing-wax-accessories","8":"first","9":"outofstock","10":"taxable","11":"shipping-taxable","12":"purchasable","13":"product-type-simple"},"raw_content":{"name":"Lighter for melting sealing wax","description":"","short_description":"","status":"publish","sku":"16A3-BEF57C","original":14012},"wpml":{"translation_type":1,"has_translations":true,"original":14012,"duplicates":[],"translations":{"lv":14012,"en":25804}},"yoast_head":"<!-- This site is optimized with the Yoast SEO plugin v19.10 - https:\/\/yoast.com\/wordpress\/plugins\/seo\/ -->\n<title>Lighter for melting sealing wax - Lotte&#039;s Papery<\/title>\n<meta name=\"description\" content=\"Lighters can be used for melting medieval sealing wax, refillable with gas. Especially convenient when you need to stamp a large volume in a relatively short period of time. Easy to use for those who have not melted the authentic sealer before, and will also help ensure a beautiful print, as the rate of melting of the sealer is easy to control. The image is illustrative, the visual appearance and color of the lighter may vary. Adjustable flame intensity. The video can be viewed in the USEFUL section.\" \/>\n<meta name=\"robots\" content=\"index, follow, max-snippet:-1, max-image-preview:large, max-video-preview:-1\" \/>\n<link rel=\"canonical\" href=\"https:\/\/lottespapery.com\/en\/products\/skiltava-zymoglaka-for-melting\/\" \/>\n<meta property=\"og:locale\" content=\"en_US\" \/>\n<meta property=\"og:type\" content=\"article\" \/>\n<meta property=\"og:title\" content=\"Lighter for melting sealing wax - Lotte&#039;s Papery\" \/>\n<meta property=\"og:description\" content=\"Lighters can be used for melting medieval sealing wax, refillable with gas. Especially convenient when you need to stamp a large volume in a relatively short period of time. Easy to use for those who have not melted the authentic sealer before, and will also help ensure a beautiful print, as the rate of melting of the sealer is easy to control. The image is illustrative, the visual appearance and color of the lighter may vary. Adjustable flame intensity. The video can be viewed in the USEFUL section.\" \/>\n<meta property=\"og:url\" content=\"https:\/\/lottespapery.com\/en\/products\/skiltava-zymoglaka-for-melting\/\" \/>\n<meta property=\"og:site_name\" content=\"Lotte&#039;s Papery\" \/>\n<meta property=\"article:publisher\" content=\"https:\/\/www.facebook.com\/LottesPapery\/\" \/>\n<meta property=\"article:modified_time\" content=\"2023-11-19T14:20:12+00:00\" \/>\n<meta property=\"og:image\" content=\"https:\/\/lottespapery.com\/wp-content\/uploads\/2022\/11\/LOT_9178-scaled.jpg\" \/>\n\t<meta property=\"og:image:width\" content=\"2560\" \/>\n\t<meta property=\"og:image:height\" content=\"2560\" \/>\n\t<meta property=\"og:image:type\" content=\"image\/jpeg\" \/>\n<meta name=\"twitter:card\" content=\"summary_large_image\" \/>\n<script type=\"application\/ld+json\" class=\"yoast-schema-graph\">{\"@context\":\"https:\/\/schema.org\",\"@graph\":[{\"@type\":\"WebPage\",\"@id\":\"https:\/\/lottespapery.com\/en\/products\/skiltava-zymoglaka-for-melting\/\",\"url\":\"https:\/\/lottespapery.com\/en\/products\/skiltava-zymoglaka-for-melting\/\",\"name\":\"Lighter for melting sealing wax - Lotte&#039;s Papery\",\"isPartOf\":{\"@id\":\"https:\/\/lottespapery.com\/en\/#website\"},\"datePublished\":\"2022-11-15T07:19:11+00:00\",\"dateModified\":\"2023-11-19T14:20:12+00:00\",\"description\":\"Lighters can be used for melting medieval sealing wax, refillable with gas. Especially convenient when you need to stamp a large volume in a relatively short period of time. Easy to use for those who have not melted the authentic sealer before, and will also help ensure a beautiful print, as the rate of melting of the sealer is easy to control. The image is illustrative, the visual appearance and color of the lighter may vary. Adjustable flame intensity. The video can be viewed in the USEFUL section.\",\"breadcrumb\":{\"@id\":\"https:\/\/lottespapery.com\/en\/products\/skiltava-zymoglaka-for-melting\/#breadcrumb\"},\"inLanguage\":\"en-US\",\"potentialAction\":[{\"@type\":\"ReadAction\",\"target\":[\"https:\/\/lottespapery.com\/en\/products\/skiltava-zymoglaka-for-melting\/\"]}]},{\"@type\":\"BreadcrumbList\",\"@id\":\"https:\/\/lottespapery.com\/en\/products\/skiltava-zymoglaka-for-melting\/#breadcrumb\",\"itemListElement\":[{\"@type\":\"ListItem\",\"position\":1,\"name\":\"Home\",\"item\":\"https:\/\/lottespapery.com\/en\/\"},{\"@type\":\"ListItem\",\"position\":2,\"name\":\"Shop\",\"item\":\"https:\/\/lottespapery.com\/en\/shop\/\"},{\"@type\":\"ListItem\",\"position\":3,\"name\":\"Lighter for melting sealing wax\"}]},{\"@type\":\"WebSite\",\"@id\":\"https:\/\/lottespapery.com\/en\/#website\",\"url\":\"https:\/\/lottespapery.com\/en\/\",\"name\":\"Lotte&#039;s Papery\",\"description\":\"Pap\u012brlietas un \u0101das izstr\u0101d\u0101jumi\",\"publisher\":{\"@id\":\"https:\/\/lottespapery.com\/en\/#organization\"},\"potentialAction\":[{\"@type\":\"SearchAction\",\"target\":{\"@type\":\"EntryPoint\",\"urlTemplate\":\"https:\/\/lottespapery.com\/en\/?s={search_term_string}\"},\"query-input\":\"required name=search_term_string\"}],\"inLanguage\":\"en-US\"},{\"@type\":\"Organization\",\"@id\":\"https:\/\/lottespapery.com\/en\/#organization\",\"name\":\"Lotte&#039;s Papery\",\"url\":\"https:\/\/lottespapery.com\/en\/\",\"logo\":{\"@type\":\"ImageObject\",\"inLanguage\":\"en-US\",\"@id\":\"https:\/\/lottespapery.com\/en\/#\/schema\/logo\/image\/\",\"url\":\"http:\/\/lottespapery.com\/wp-content\/uploads\/2022\/11\/logo-dark_180x@2x.png\",\"contentUrl\":\"http:\/\/lottespapery.com\/wp-content\/uploads\/2022\/11\/logo-dark_180x@2x.png\",\"width\":360,\"height\":100,\"caption\":\"Lotte&#039;s Papery\"},\"image\":{\"@id\":\"https:\/\/lottespapery.com\/en\/#\/schema\/logo\/image\/\"},\"sameAs\":[\"https:\/\/www.instagram.com\/lottes_papery\/\",\"https:\/\/www.facebook.com\/LottesPapery\/\"]}]}<\/script>\n<!-- \/ Yoast SEO plugin. -->","yoast_head_json":{"title":"Lighter for melting sealing wax - Lotte&#039;s Papery","description":"Lighters can be used for melting medieval sealing wax, refillable with gas. Especially convenient when you need to stamp a large volume in a relatively short period of time. Easy to use for those who have not melted the authentic sealer before, and will also help ensure a beautiful print, as the rate of melting of the sealer is easy to control. The image is illustrative, the visual appearance and color of the lighter may vary. Adjustable flame intensity. The video can be viewed in the USEFUL section.","robots":{"index":"index","follow":"follow","max-snippet":"max-snippet:-1","max-image-preview":"max-image-preview:large","max-video-preview":"max-video-preview:-1"},"canonical":"https:\/\/lottespapery.com\/en\/products\/skiltava-zymoglaka-for-melting\/","og_locale":"en_US","og_type":"article","og_title":"Lighter for melting sealing wax - Lotte&#039;s Papery","og_description":"Lighters can be used for melting medieval sealing wax, refillable with gas. Especially convenient when you need to stamp a large volume in a relatively short period of time. Easy to use for those who have not melted the authentic sealer before, and will also help ensure a beautiful print, as the rate of melting of the sealer is easy to control. The image is illustrative, the visual appearance and color of the lighter may vary. Adjustable flame intensity. The video can be viewed in the USEFUL section.","og_url":"https:\/\/lottespapery.com\/en\/products\/skiltava-zymoglaka-for-melting\/","og_site_name":"Lotte&#039;s Papery","article_publisher":"https:\/\/www.facebook.com\/LottesPapery\/","article_modified_time":"2023-11-19T14:20:12+00:00","og_image":[{"width":2560,"height":2560,"url":"https:\/\/lottespapery.com\/wp-content\/uploads\/2022\/11\/LOT_9178-scaled.jpg","type":"image\/jpeg"}],"twitter_card":"summary_large_image","schema":{"@context":"https:\/\/schema.org","@graph":[{"@type":"WebPage","@id":"https:\/\/lottespapery.com\/en\/products\/skiltava-zymoglaka-for-melting\/","url":"https:\/\/lottespapery.com\/en\/products\/skiltava-zymoglaka-for-melting\/","name":"Lighter for melting sealing wax - Lotte&#039;s Papery","isPartOf":{"@id":"https:\/\/lottespapery.com\/en\/#website"},"datePublished":"2022-11-15T07:19:11+00:00","dateModified":"2023-11-19T14:20:12+00:00","description":"Lighters can be used for melting medieval sealing wax, refillable with gas. Especially convenient when you need to stamp a large volume in a relatively short period of time. Easy to use for those who have not melted the authentic sealer before, and will also help ensure a beautiful print, as the rate of melting of the sealer is easy to control. The image is illustrative, the visual appearance and color of the lighter may vary. Adjustable flame intensity. The video can be viewed in the USEFUL section.","breadcrumb":{"@id":"https:\/\/lottespapery.com\/en\/products\/skiltava-zymoglaka-for-melting\/#breadcrumb"},"inLanguage":"en-US","potentialAction":[{"@type":"ReadAction","target":["https:\/\/lottespapery.com\/en\/products\/skiltava-zymoglaka-for-melting\/"]}]},{"@type":"BreadcrumbList","@id":"https:\/\/lottespapery.com\/en\/products\/skiltava-zymoglaka-for-melting\/#breadcrumb","itemListElement":[{"@type":"ListItem","position":1,"name":"Home","item":"https:\/\/lottespapery.com\/en\/"},{"@type":"ListItem","position":2,"name":"Shop","item":"https:\/\/lottespapery.com\/en\/shop\/"},{"@type":"ListItem","position":3,"name":"Lighter for melting sealing wax"}]},{"@type":"WebSite","@id":"https:\/\/lottespapery.com\/en\/#website","url":"https:\/\/lottespapery.com\/en\/","name":"Lotte&#039;s Papery","description":"Pap\u012brlietas un \u0101das izstr\u0101d\u0101jumi","publisher":{"@id":"https:\/\/lottespapery.com\/en\/#organization"},"potentialAction":[{"@type":"SearchAction","target":{"@type":"EntryPoint","urlTemplate":"https:\/\/lottespapery.com\/en\/?s={search_term_string}"},"query-input":"required name=search_term_string"}],"inLanguage":"en-US"},{"@type":"Organization","@id":"https:\/\/lottespapery.com\/en\/#organization","name":"Lotte&#039;s Papery","url":"https:\/\/lottespapery.com\/en\/","logo":{"@type":"ImageObject","inLanguage":"en-US","@id":"https:\/\/lottespapery.com\/en\/#\/schema\/logo\/image\/","url":"http:\/\/lottespapery.com\/wp-content\/uploads\/2022\/11\/logo-dark_180x@2x.png","contentUrl":"http:\/\/lottespapery.com\/wp-content\/uploads\/2022\/11\/logo-dark_180x@2x.png","width":360,"height":100,"caption":"Lotte&#039;s Papery"},"image":{"@id":"https:\/\/lottespapery.com\/en\/#\/schema\/logo\/image\/"},"sameAs":["https:\/\/www.instagram.com\/lottes_papery\/","https:\/\/www.facebook.com\/LottesPapery\/"]}]}},"_links":{"self":[{"href":"https:\/\/lottespapery.com\/en\/wp-json\/wp\/v2\/product\/25804","targetHints":{"allow":["GET"]}}],"collection":[{"href":"https:\/\/lottespapery.com\/en\/wp-json\/wp\/v2\/product"}],"about":[{"href":"https:\/\/lottespapery.com\/en\/wp-json\/wp\/v2\/types\/product"}],"wp:featuredmedia":[{"embeddable":true,"href":"https:\/\/lottespapery.com\/en\/wp-json\/wp\/v2\/media\/14014"}],"wp:attachment":[{"href":"https:\/\/lottespapery.com\/en\/wp-json\/wp\/v2\/media?parent=25804"}],"wp:term":[{"taxonomy":"product_brand","embeddable":true,"href":"https:\/\/lottespapery.com\/en\/wp-json\/wp\/v2\/product_brand?post=25804"},{"taxonomy":"product_cat","embeddable":true,"href":"https:\/\/lottespapery.com\/en\/wp-json\/wp\/v2\/product_cat?post=25804"},{"taxonomy":"product_tag","embeddable":true,"href":"https:\/\/lottespapery.com\/en\/wp-json\/wp\/v2\/product_tag?post=25804"}],"curies":[{"name":"wp","href":"https:\/\/api.w.org\/{rel}","templated":true}]}}