{"id":25900,"date":"2023-04-05T17:09:45","date_gmt":"2023-04-05T14:09:45","guid":{"rendered":"http:\/\/lottespapery.com\/products\/seal-calligraphic-letter\/"},"modified":"2023-04-17T00:03:15","modified_gmt":"2023-04-16T21:03:15","slug":"seal-calligraphic-letter","status":"publish","type":"product","link":"https:\/\/lottespapery.com\/en\/products\/seal-calligraphic-letter\/","title":{"rendered":"Seal \/\/ Calligraphic letter"},"content":{"rendered":"","protected":false},"excerpt":{"rendered":"","protected":false},"featured_media":19958,"template":"","meta":[],"product_brand":[],"product_cat":[901],"product_tag":[],"class_list":{"0":"post-25900","1":"product","2":"type-product","3":"status-publish","4":"has-post-thumbnail","6":"product_cat-stamps-with-symbols","8":"first","9":"instock","10":"taxable","11":"shipping-taxable","12":"purchasable","13":"product-type-variable"},"raw_content":{"name":"Seal \/\/ Calligraphic letter","description":"","short_description":"","status":"publish","sku":"D588-BE1498","original":19956},"wpml":{"translation_type":1,"has_translations":true,"original":19956,"duplicates":[],"translations":{"lv":19956,"en":25900}},"yoast_head":"<!-- This site is optimized with the Yoast SEO plugin v19.10 - https:\/\/yoast.com\/wordpress\/plugins\/seo\/ -->\n<title>Seal \/\/ Calligraphic letter - Lotte&#039;s Papery<\/title>\n<meta name=\"description\" content=\"The stamp will perfectly serve as an elegant accent for wedding invitations, sealing letters, unusual packaging and other creative ideas, also for joint gifts given from the heart! Each stamp is packaged in a specially designed black cardboard box with the &quot;lotte&#039;s papery&quot; logo embossed on the lid in matte silver. The stamp is made in Latvia. Stamp dimensions: brass head 25mm, oak stem 8x2.5cm, 10x2.5cm full length.\" \/>\n<meta name=\"robots\" content=\"index, follow, max-snippet:-1, max-image-preview:large, max-video-preview:-1\" \/>\n<link rel=\"canonical\" href=\"https:\/\/lottespapery.com\/en\/products\/seal-calligraphic-letter\/\" \/>\n<meta property=\"og:locale\" content=\"en_US\" \/>\n<meta property=\"og:type\" content=\"article\" \/>\n<meta property=\"og:title\" content=\"Seal \/\/ Calligraphic letter - Lotte&#039;s Papery\" \/>\n<meta property=\"og:description\" content=\"The stamp will perfectly serve as an elegant accent for wedding invitations, sealing letters, unusual packaging and other creative ideas, also for joint gifts given from the heart! Each stamp is packaged in a specially designed black cardboard box with the &quot;lotte&#039;s papery&quot; logo embossed on the lid in matte silver. The stamp is made in Latvia. Stamp dimensions: brass head 25mm, oak stem 8x2.5cm, 10x2.5cm full length.\" \/>\n<meta property=\"og:url\" content=\"https:\/\/lottespapery.com\/en\/products\/seal-calligraphic-letter\/\" \/>\n<meta property=\"og:site_name\" content=\"Lotte&#039;s Papery\" \/>\n<meta property=\"article:publisher\" content=\"https:\/\/www.facebook.com\/LottesPapery\/\" \/>\n<meta property=\"article:modified_time\" content=\"2023-04-16T21:03:15+00:00\" \/>\n<meta property=\"og:image\" content=\"https:\/\/lottespapery.com\/wp-content\/uploads\/2023\/04\/vaksa-zimogs-kaligrafisks-burts.jpg\" \/>\n\t<meta property=\"og:image:width\" content=\"2307\" \/>\n\t<meta property=\"og:image:height\" content=\"2307\" \/>\n\t<meta property=\"og:image:type\" content=\"image\/jpeg\" \/>\n<meta name=\"twitter:card\" content=\"summary_large_image\" \/>\n<script type=\"application\/ld+json\" class=\"yoast-schema-graph\">{\"@context\":\"https:\/\/schema.org\",\"@graph\":[{\"@type\":\"WebPage\",\"@id\":\"https:\/\/lottespapery.com\/en\/products\/seal-calligraphic-letter\/\",\"url\":\"https:\/\/lottespapery.com\/en\/products\/seal-calligraphic-letter\/\",\"name\":\"Seal \/\/ Calligraphic letter - Lotte&#039;s Papery\",\"isPartOf\":{\"@id\":\"https:\/\/lottespapery.com\/en\/#website\"},\"datePublished\":\"2023-04-05T14:09:45+00:00\",\"dateModified\":\"2023-04-16T21:03:15+00:00\",\"description\":\"The stamp will perfectly serve as an elegant accent for wedding invitations, sealing letters, unusual packaging and other creative ideas, also for joint gifts given from the heart! Each stamp is packaged in a specially designed black cardboard box with the \\\"lotte's papery\\\" logo embossed on the lid in matte silver. The stamp is made in Latvia. Stamp dimensions: brass head 25mm, oak stem 8x2.5cm, 10x2.5cm full length.\",\"breadcrumb\":{\"@id\":\"https:\/\/lottespapery.com\/en\/products\/seal-calligraphic-letter\/#breadcrumb\"},\"inLanguage\":\"en-US\",\"potentialAction\":[{\"@type\":\"ReadAction\",\"target\":[\"https:\/\/lottespapery.com\/en\/products\/seal-calligraphic-letter\/\"]}]},{\"@type\":\"BreadcrumbList\",\"@id\":\"https:\/\/lottespapery.com\/en\/products\/seal-calligraphic-letter\/#breadcrumb\",\"itemListElement\":[{\"@type\":\"ListItem\",\"position\":1,\"name\":\"Home\",\"item\":\"https:\/\/lottespapery.com\/en\/\"},{\"@type\":\"ListItem\",\"position\":2,\"name\":\"Shop\",\"item\":\"https:\/\/lottespapery.com\/en\/shop\/\"},{\"@type\":\"ListItem\",\"position\":3,\"name\":\"Seal \/\/ Calligraphic letter\"}]},{\"@type\":\"WebSite\",\"@id\":\"https:\/\/lottespapery.com\/en\/#website\",\"url\":\"https:\/\/lottespapery.com\/en\/\",\"name\":\"Lotte&#039;s Papery\",\"description\":\"Pap\u012brlietas un \u0101das izstr\u0101d\u0101jumi\",\"publisher\":{\"@id\":\"https:\/\/lottespapery.com\/en\/#organization\"},\"potentialAction\":[{\"@type\":\"SearchAction\",\"target\":{\"@type\":\"EntryPoint\",\"urlTemplate\":\"https:\/\/lottespapery.com\/en\/?s={search_term_string}\"},\"query-input\":\"required name=search_term_string\"}],\"inLanguage\":\"en-US\"},{\"@type\":\"Organization\",\"@id\":\"https:\/\/lottespapery.com\/en\/#organization\",\"name\":\"Lotte&#039;s Papery\",\"url\":\"https:\/\/lottespapery.com\/en\/\",\"logo\":{\"@type\":\"ImageObject\",\"inLanguage\":\"en-US\",\"@id\":\"https:\/\/lottespapery.com\/en\/#\/schema\/logo\/image\/\",\"url\":\"http:\/\/lottespapery.com\/wp-content\/uploads\/2022\/11\/logo-dark_180x@2x.png\",\"contentUrl\":\"http:\/\/lottespapery.com\/wp-content\/uploads\/2022\/11\/logo-dark_180x@2x.png\",\"width\":360,\"height\":100,\"caption\":\"Lotte&#039;s Papery\"},\"image\":{\"@id\":\"https:\/\/lottespapery.com\/en\/#\/schema\/logo\/image\/\"},\"sameAs\":[\"https:\/\/www.instagram.com\/lottes_papery\/\",\"https:\/\/www.facebook.com\/LottesPapery\/\"]}]}<\/script>\n<!-- \/ Yoast SEO plugin. -->","yoast_head_json":{"title":"Seal \/\/ Calligraphic letter - Lotte&#039;s Papery","description":"The stamp will perfectly serve as an elegant accent for wedding invitations, sealing letters, unusual packaging and other creative ideas, also for joint gifts given from the heart! Each stamp is packaged in a specially designed black cardboard box with the \"lotte's papery\" logo embossed on the lid in matte silver. The stamp is made in Latvia. Stamp dimensions: brass head 25mm, oak stem 8x2.5cm, 10x2.5cm full length.","robots":{"index":"index","follow":"follow","max-snippet":"max-snippet:-1","max-image-preview":"max-image-preview:large","max-video-preview":"max-video-preview:-1"},"canonical":"https:\/\/lottespapery.com\/en\/products\/seal-calligraphic-letter\/","og_locale":"en_US","og_type":"article","og_title":"Seal \/\/ Calligraphic letter - Lotte&#039;s Papery","og_description":"The stamp will perfectly serve as an elegant accent for wedding invitations, sealing letters, unusual packaging and other creative ideas, also for joint gifts given from the heart! Each stamp is packaged in a specially designed black cardboard box with the \"lotte's papery\" logo embossed on the lid in matte silver. The stamp is made in Latvia. Stamp dimensions: brass head 25mm, oak stem 8x2.5cm, 10x2.5cm full length.","og_url":"https:\/\/lottespapery.com\/en\/products\/seal-calligraphic-letter\/","og_site_name":"Lotte&#039;s Papery","article_publisher":"https:\/\/www.facebook.com\/LottesPapery\/","article_modified_time":"2023-04-16T21:03:15+00:00","og_image":[{"width":2307,"height":2307,"url":"https:\/\/lottespapery.com\/wp-content\/uploads\/2023\/04\/vaksa-zimogs-kaligrafisks-burts.jpg","type":"image\/jpeg"}],"twitter_card":"summary_large_image","schema":{"@context":"https:\/\/schema.org","@graph":[{"@type":"WebPage","@id":"https:\/\/lottespapery.com\/en\/products\/seal-calligraphic-letter\/","url":"https:\/\/lottespapery.com\/en\/products\/seal-calligraphic-letter\/","name":"Seal \/\/ Calligraphic letter - Lotte&#039;s Papery","isPartOf":{"@id":"https:\/\/lottespapery.com\/en\/#website"},"datePublished":"2023-04-05T14:09:45+00:00","dateModified":"2023-04-16T21:03:15+00:00","description":"The stamp will perfectly serve as an elegant accent for wedding invitations, sealing letters, unusual packaging and other creative ideas, also for joint gifts given from the heart! Each stamp is packaged in a specially designed black cardboard box with the \"lotte's papery\" logo embossed on the lid in matte silver. The stamp is made in Latvia. Stamp dimensions: brass head 25mm, oak stem 8x2.5cm, 10x2.5cm full length.","breadcrumb":{"@id":"https:\/\/lottespapery.com\/en\/products\/seal-calligraphic-letter\/#breadcrumb"},"inLanguage":"en-US","potentialAction":[{"@type":"ReadAction","target":["https:\/\/lottespapery.com\/en\/products\/seal-calligraphic-letter\/"]}]},{"@type":"BreadcrumbList","@id":"https:\/\/lottespapery.com\/en\/products\/seal-calligraphic-letter\/#breadcrumb","itemListElement":[{"@type":"ListItem","position":1,"name":"Home","item":"https:\/\/lottespapery.com\/en\/"},{"@type":"ListItem","position":2,"name":"Shop","item":"https:\/\/lottespapery.com\/en\/shop\/"},{"@type":"ListItem","position":3,"name":"Seal \/\/ Calligraphic letter"}]},{"@type":"WebSite","@id":"https:\/\/lottespapery.com\/en\/#website","url":"https:\/\/lottespapery.com\/en\/","name":"Lotte&#039;s Papery","description":"Pap\u012brlietas un \u0101das izstr\u0101d\u0101jumi","publisher":{"@id":"https:\/\/lottespapery.com\/en\/#organization"},"potentialAction":[{"@type":"SearchAction","target":{"@type":"EntryPoint","urlTemplate":"https:\/\/lottespapery.com\/en\/?s={search_term_string}"},"query-input":"required name=search_term_string"}],"inLanguage":"en-US"},{"@type":"Organization","@id":"https:\/\/lottespapery.com\/en\/#organization","name":"Lotte&#039;s Papery","url":"https:\/\/lottespapery.com\/en\/","logo":{"@type":"ImageObject","inLanguage":"en-US","@id":"https:\/\/lottespapery.com\/en\/#\/schema\/logo\/image\/","url":"http:\/\/lottespapery.com\/wp-content\/uploads\/2022\/11\/logo-dark_180x@2x.png","contentUrl":"http:\/\/lottespapery.com\/wp-content\/uploads\/2022\/11\/logo-dark_180x@2x.png","width":360,"height":100,"caption":"Lotte&#039;s Papery"},"image":{"@id":"https:\/\/lottespapery.com\/en\/#\/schema\/logo\/image\/"},"sameAs":["https:\/\/www.instagram.com\/lottes_papery\/","https:\/\/www.facebook.com\/LottesPapery\/"]}]}},"_links":{"self":[{"href":"https:\/\/lottespapery.com\/en\/wp-json\/wp\/v2\/product\/25900","targetHints":{"allow":["GET"]}}],"collection":[{"href":"https:\/\/lottespapery.com\/en\/wp-json\/wp\/v2\/product"}],"about":[{"href":"https:\/\/lottespapery.com\/en\/wp-json\/wp\/v2\/types\/product"}],"wp:featuredmedia":[{"embeddable":true,"href":"https:\/\/lottespapery.com\/en\/wp-json\/wp\/v2\/media\/19958"}],"wp:attachment":[{"href":"https:\/\/lottespapery.com\/en\/wp-json\/wp\/v2\/media?parent=25900"}],"wp:term":[{"taxonomy":"product_brand","embeddable":true,"href":"https:\/\/lottespapery.com\/en\/wp-json\/wp\/v2\/product_brand?post=25900"},{"taxonomy":"product_cat","embeddable":true,"href":"https:\/\/lottespapery.com\/en\/wp-json\/wp\/v2\/product_cat?post=25900"},{"taxonomy":"product_tag","embeddable":true,"href":"https:\/\/lottespapery.com\/en\/wp-json\/wp\/v2\/product_tag?post=25900"}],"curies":[{"name":"wp","href":"https:\/\/api.w.org\/{rel}","templated":true}]}}