{"id":26214,"date":"2022-11-15T07:23:35","date_gmt":"2022-11-15T05:23:35","guid":{"rendered":"http:\/\/lottespapery.com\/products\/waterproof-notebook-karst-paper\/"},"modified":"2023-04-17T00:03:17","modified_gmt":"2023-04-16T21:03:17","slug":"udenszituriga-notes-book","status":"publish","type":"product","link":"https:\/\/lottespapery.com\/en\/products\/udenszituriga-notes-book\/","title":{"rendered":"Waterproof notebook &#8220;Karst Paper&#8221;"},"content":{"rendered":"","protected":false},"excerpt":{"rendered":"","protected":false},"featured_media":7497,"template":"","meta":[],"product_brand":[],"product_cat":[881],"product_tag":[],"class_list":{"0":"post-26214","1":"product","2":"type-product","3":"status-publish","4":"has-post-thumbnail","6":"product_cat-notepads","8":"first","9":"instock","10":"taxable","11":"shipping-taxable","12":"purchasable","13":"product-type-variable","14":"has-default-attributes"},"raw_content":{"name":"Waterproof notebook \"Karst Paper\"","description":"","short_description":"","status":"publish","sku":"ACCF-8737A7","original":7479},"wpml":{"translation_type":1,"has_translations":true,"original":7479,"duplicates":[],"translations":{"lv":7479,"en":26214}},"yoast_head":"<!-- This site is optimized with the Yoast SEO plugin v19.10 - https:\/\/yoast.com\/wordpress\/plugins\/seo\/ -->\n<title>Waterproof notebook &quot;Karst Paper&quot; - Lotte&#039;s Papery<\/title>\n<meta name=\"description\" content=\"A notebook in hard covers from the Australian manufacturer Karst will surprise you with its unprecedented quality, application and ultra-smooth paper texture! Now you can safely make notes next to your morning coffee, without worrying about accidentally spilled coffee, because the notebook pages are waterproof! Yes, take notes in the bath, pool or go hiking in the rain and the note sheets will remain intact! If you happen to spill something on them, wipe it with a cloth and continue using it without stains! The texture of the pages is particularly smooth, the stitching ensures a flat opening on any side of the page, which will be convenient for notes and flight of thoughts at any time of the day! There is an expandable pocket on the back of the case for storing business cards, notepads and other small things, the corners of the case are rounded. Choose a paper pattern - dotted, striped, checked or blank, printed with soy ink. Size: A5 14.8 x 21cm The book has 144 pages, which are thin enough for comfortable notes and at the same time thick enough so that the ink does not squeeze through on the other side of the page.\" \/>\n<meta name=\"robots\" content=\"index, follow, max-snippet:-1, max-image-preview:large, max-video-preview:-1\" \/>\n<link rel=\"canonical\" href=\"https:\/\/lottespapery.com\/en\/products\/udenszituriga-notes-book\/\" \/>\n<meta property=\"og:locale\" content=\"en_US\" \/>\n<meta property=\"og:type\" content=\"article\" \/>\n<meta property=\"og:title\" content=\"Waterproof notebook &quot;Karst Paper&quot; - Lotte&#039;s Papery\" \/>\n<meta property=\"og:description\" content=\"A notebook in hard covers from the Australian manufacturer Karst will surprise you with its unprecedented quality, application and ultra-smooth paper texture! Now you can safely make notes next to your morning coffee, without worrying about accidentally spilled coffee, because the notebook pages are waterproof! Yes, take notes in the bath, pool or go hiking in the rain and the note sheets will remain intact! If you happen to spill something on them, wipe it with a cloth and continue using it without stains! The texture of the pages is particularly smooth, the stitching ensures a flat opening on any side of the page, which will be convenient for notes and flight of thoughts at any time of the day! There is an expandable pocket on the back of the case for storing business cards, notepads and other small things, the corners of the case are rounded. Choose a paper pattern - dotted, striped, checked or blank, printed with soy ink. Size: A5 14.8 x 21cm The book has 144 pages, which are thin enough for comfortable notes and at the same time thick enough so that the ink does not squeeze through on the other side of the page.\" \/>\n<meta property=\"og:url\" content=\"https:\/\/lottespapery.com\/en\/products\/udenszituriga-notes-book\/\" \/>\n<meta property=\"og:site_name\" content=\"Lotte&#039;s Papery\" \/>\n<meta property=\"article:publisher\" content=\"https:\/\/www.facebook.com\/LottesPapery\/\" \/>\n<meta property=\"article:modified_time\" content=\"2023-04-16T21:03:17+00:00\" \/>\n<meta property=\"og:image\" content=\"https:\/\/lottespapery.com\/wp-content\/uploads\/2022\/11\/Kar-HC-Front-Angle-BBLined-Black_1024x1024_5a14d223-731f-424e-a266-22524630cf81.jpg\" \/>\n\t<meta property=\"og:image:width\" content=\"1000\" \/>\n\t<meta property=\"og:image:height\" content=\"1000\" \/>\n\t<meta property=\"og:image:type\" content=\"image\/jpeg\" \/>\n<meta name=\"twitter:card\" content=\"summary_large_image\" \/>\n<script type=\"application\/ld+json\" class=\"yoast-schema-graph\">{\"@context\":\"https:\/\/schema.org\",\"@graph\":[{\"@type\":\"WebPage\",\"@id\":\"https:\/\/lottespapery.com\/en\/products\/udenszituriga-notes-book\/\",\"url\":\"https:\/\/lottespapery.com\/en\/products\/udenszituriga-notes-book\/\",\"name\":\"Waterproof notebook \\\"Karst Paper\\\" - Lotte&#039;s Papery\",\"isPartOf\":{\"@id\":\"https:\/\/lottespapery.com\/en\/#website\"},\"datePublished\":\"2022-11-15T05:23:35+00:00\",\"dateModified\":\"2023-04-16T21:03:17+00:00\",\"description\":\"A notebook in hard covers from the Australian manufacturer Karst will surprise you with its unprecedented quality, application and ultra-smooth paper texture! Now you can safely make notes next to your morning coffee, without worrying about accidentally spilled coffee, because the notebook pages are waterproof! Yes, take notes in the bath, pool or go hiking in the rain and the note sheets will remain intact! If you happen to spill something on them, wipe it with a cloth and continue using it without stains! The texture of the pages is particularly smooth, the stitching ensures a flat opening on any side of the page, which will be convenient for notes and flight of thoughts at any time of the day! There is an expandable pocket on the back of the case for storing business cards, notepads and other small things, the corners of the case are rounded. Choose a paper pattern - dotted, striped, checked or blank, printed with soy ink. Size: A5 14.8 x 21cm The book has 144 pages, which are thin enough for comfortable notes and at the same time thick enough so that the ink does not squeeze through on the other side of the page.\",\"breadcrumb\":{\"@id\":\"https:\/\/lottespapery.com\/en\/products\/udenszituriga-notes-book\/#breadcrumb\"},\"inLanguage\":\"en-US\",\"potentialAction\":[{\"@type\":\"ReadAction\",\"target\":[\"https:\/\/lottespapery.com\/en\/products\/udenszituriga-notes-book\/\"]}]},{\"@type\":\"BreadcrumbList\",\"@id\":\"https:\/\/lottespapery.com\/en\/products\/udenszituriga-notes-book\/#breadcrumb\",\"itemListElement\":[{\"@type\":\"ListItem\",\"position\":1,\"name\":\"Home\",\"item\":\"https:\/\/lottespapery.com\/en\/\"},{\"@type\":\"ListItem\",\"position\":2,\"name\":\"Shop\",\"item\":\"https:\/\/lottespapery.com\/en\/shop\/\"},{\"@type\":\"ListItem\",\"position\":3,\"name\":\"Waterproof notebook &#8220;Karst Paper&#8221;\"}]},{\"@type\":\"WebSite\",\"@id\":\"https:\/\/lottespapery.com\/en\/#website\",\"url\":\"https:\/\/lottespapery.com\/en\/\",\"name\":\"Lotte&#039;s Papery\",\"description\":\"Pap\u012brlietas un \u0101das izstr\u0101d\u0101jumi\",\"publisher\":{\"@id\":\"https:\/\/lottespapery.com\/en\/#organization\"},\"potentialAction\":[{\"@type\":\"SearchAction\",\"target\":{\"@type\":\"EntryPoint\",\"urlTemplate\":\"https:\/\/lottespapery.com\/en\/?s={search_term_string}\"},\"query-input\":\"required name=search_term_string\"}],\"inLanguage\":\"en-US\"},{\"@type\":\"Organization\",\"@id\":\"https:\/\/lottespapery.com\/en\/#organization\",\"name\":\"Lotte&#039;s Papery\",\"url\":\"https:\/\/lottespapery.com\/en\/\",\"logo\":{\"@type\":\"ImageObject\",\"inLanguage\":\"en-US\",\"@id\":\"https:\/\/lottespapery.com\/en\/#\/schema\/logo\/image\/\",\"url\":\"http:\/\/lottespapery.com\/wp-content\/uploads\/2022\/11\/logo-dark_180x@2x.png\",\"contentUrl\":\"http:\/\/lottespapery.com\/wp-content\/uploads\/2022\/11\/logo-dark_180x@2x.png\",\"width\":360,\"height\":100,\"caption\":\"Lotte&#039;s Papery\"},\"image\":{\"@id\":\"https:\/\/lottespapery.com\/en\/#\/schema\/logo\/image\/\"},\"sameAs\":[\"https:\/\/www.instagram.com\/lottes_papery\/\",\"https:\/\/www.facebook.com\/LottesPapery\/\"]}]}<\/script>\n<!-- \/ Yoast SEO plugin. -->","yoast_head_json":{"title":"Waterproof notebook \"Karst Paper\" - Lotte&#039;s Papery","description":"A notebook in hard covers from the Australian manufacturer Karst will surprise you with its unprecedented quality, application and ultra-smooth paper texture! Now you can safely make notes next to your morning coffee, without worrying about accidentally spilled coffee, because the notebook pages are waterproof! Yes, take notes in the bath, pool or go hiking in the rain and the note sheets will remain intact! If you happen to spill something on them, wipe it with a cloth and continue using it without stains! The texture of the pages is particularly smooth, the stitching ensures a flat opening on any side of the page, which will be convenient for notes and flight of thoughts at any time of the day! There is an expandable pocket on the back of the case for storing business cards, notepads and other small things, the corners of the case are rounded. Choose a paper pattern - dotted, striped, checked or blank, printed with soy ink. Size: A5 14.8 x 21cm The book has 144 pages, which are thin enough for comfortable notes and at the same time thick enough so that the ink does not squeeze through on the other side of the page.","robots":{"index":"index","follow":"follow","max-snippet":"max-snippet:-1","max-image-preview":"max-image-preview:large","max-video-preview":"max-video-preview:-1"},"canonical":"https:\/\/lottespapery.com\/en\/products\/udenszituriga-notes-book\/","og_locale":"en_US","og_type":"article","og_title":"Waterproof notebook \"Karst Paper\" - Lotte&#039;s Papery","og_description":"A notebook in hard covers from the Australian manufacturer Karst will surprise you with its unprecedented quality, application and ultra-smooth paper texture! Now you can safely make notes next to your morning coffee, without worrying about accidentally spilled coffee, because the notebook pages are waterproof! Yes, take notes in the bath, pool or go hiking in the rain and the note sheets will remain intact! If you happen to spill something on them, wipe it with a cloth and continue using it without stains! The texture of the pages is particularly smooth, the stitching ensures a flat opening on any side of the page, which will be convenient for notes and flight of thoughts at any time of the day! There is an expandable pocket on the back of the case for storing business cards, notepads and other small things, the corners of the case are rounded. Choose a paper pattern - dotted, striped, checked or blank, printed with soy ink. Size: A5 14.8 x 21cm The book has 144 pages, which are thin enough for comfortable notes and at the same time thick enough so that the ink does not squeeze through on the other side of the page.","og_url":"https:\/\/lottespapery.com\/en\/products\/udenszituriga-notes-book\/","og_site_name":"Lotte&#039;s Papery","article_publisher":"https:\/\/www.facebook.com\/LottesPapery\/","article_modified_time":"2023-04-16T21:03:17+00:00","og_image":[{"width":1000,"height":1000,"url":"https:\/\/lottespapery.com\/wp-content\/uploads\/2022\/11\/Kar-HC-Front-Angle-BBLined-Black_1024x1024_5a14d223-731f-424e-a266-22524630cf81.jpg","type":"image\/jpeg"}],"twitter_card":"summary_large_image","schema":{"@context":"https:\/\/schema.org","@graph":[{"@type":"WebPage","@id":"https:\/\/lottespapery.com\/en\/products\/udenszituriga-notes-book\/","url":"https:\/\/lottespapery.com\/en\/products\/udenszituriga-notes-book\/","name":"Waterproof notebook \"Karst Paper\" - Lotte&#039;s Papery","isPartOf":{"@id":"https:\/\/lottespapery.com\/en\/#website"},"datePublished":"2022-11-15T05:23:35+00:00","dateModified":"2023-04-16T21:03:17+00:00","description":"A notebook in hard covers from the Australian manufacturer Karst will surprise you with its unprecedented quality, application and ultra-smooth paper texture! Now you can safely make notes next to your morning coffee, without worrying about accidentally spilled coffee, because the notebook pages are waterproof! Yes, take notes in the bath, pool or go hiking in the rain and the note sheets will remain intact! If you happen to spill something on them, wipe it with a cloth and continue using it without stains! The texture of the pages is particularly smooth, the stitching ensures a flat opening on any side of the page, which will be convenient for notes and flight of thoughts at any time of the day! There is an expandable pocket on the back of the case for storing business cards, notepads and other small things, the corners of the case are rounded. Choose a paper pattern - dotted, striped, checked or blank, printed with soy ink. Size: A5 14.8 x 21cm The book has 144 pages, which are thin enough for comfortable notes and at the same time thick enough so that the ink does not squeeze through on the other side of the page.","breadcrumb":{"@id":"https:\/\/lottespapery.com\/en\/products\/udenszituriga-notes-book\/#breadcrumb"},"inLanguage":"en-US","potentialAction":[{"@type":"ReadAction","target":["https:\/\/lottespapery.com\/en\/products\/udenszituriga-notes-book\/"]}]},{"@type":"BreadcrumbList","@id":"https:\/\/lottespapery.com\/en\/products\/udenszituriga-notes-book\/#breadcrumb","itemListElement":[{"@type":"ListItem","position":1,"name":"Home","item":"https:\/\/lottespapery.com\/en\/"},{"@type":"ListItem","position":2,"name":"Shop","item":"https:\/\/lottespapery.com\/en\/shop\/"},{"@type":"ListItem","position":3,"name":"Waterproof notebook &#8220;Karst Paper&#8221;"}]},{"@type":"WebSite","@id":"https:\/\/lottespapery.com\/en\/#website","url":"https:\/\/lottespapery.com\/en\/","name":"Lotte&#039;s Papery","description":"Pap\u012brlietas un \u0101das izstr\u0101d\u0101jumi","publisher":{"@id":"https:\/\/lottespapery.com\/en\/#organization"},"potentialAction":[{"@type":"SearchAction","target":{"@type":"EntryPoint","urlTemplate":"https:\/\/lottespapery.com\/en\/?s={search_term_string}"},"query-input":"required name=search_term_string"}],"inLanguage":"en-US"},{"@type":"Organization","@id":"https:\/\/lottespapery.com\/en\/#organization","name":"Lotte&#039;s Papery","url":"https:\/\/lottespapery.com\/en\/","logo":{"@type":"ImageObject","inLanguage":"en-US","@id":"https:\/\/lottespapery.com\/en\/#\/schema\/logo\/image\/","url":"http:\/\/lottespapery.com\/wp-content\/uploads\/2022\/11\/logo-dark_180x@2x.png","contentUrl":"http:\/\/lottespapery.com\/wp-content\/uploads\/2022\/11\/logo-dark_180x@2x.png","width":360,"height":100,"caption":"Lotte&#039;s Papery"},"image":{"@id":"https:\/\/lottespapery.com\/en\/#\/schema\/logo\/image\/"},"sameAs":["https:\/\/www.instagram.com\/lottes_papery\/","https:\/\/www.facebook.com\/LottesPapery\/"]}]}},"_links":{"self":[{"href":"https:\/\/lottespapery.com\/en\/wp-json\/wp\/v2\/product\/26214","targetHints":{"allow":["GET"]}}],"collection":[{"href":"https:\/\/lottespapery.com\/en\/wp-json\/wp\/v2\/product"}],"about":[{"href":"https:\/\/lottespapery.com\/en\/wp-json\/wp\/v2\/types\/product"}],"wp:featuredmedia":[{"embeddable":true,"href":"https:\/\/lottespapery.com\/en\/wp-json\/wp\/v2\/media\/7497"}],"wp:attachment":[{"href":"https:\/\/lottespapery.com\/en\/wp-json\/wp\/v2\/media?parent=26214"}],"wp:term":[{"taxonomy":"product_brand","embeddable":true,"href":"https:\/\/lottespapery.com\/en\/wp-json\/wp\/v2\/product_brand?post=26214"},{"taxonomy":"product_cat","embeddable":true,"href":"https:\/\/lottespapery.com\/en\/wp-json\/wp\/v2\/product_cat?post=26214"},{"taxonomy":"product_tag","embeddable":true,"href":"https:\/\/lottespapery.com\/en\/wp-json\/wp\/v2\/product_tag?post=26214"}],"curies":[{"name":"wp","href":"https:\/\/api.w.org\/{rel}","templated":true}]}}