{"id":26273,"date":"2022-11-15T09:06:05","date_gmt":"2022-11-15T07:06:05","guid":{"rendered":"http:\/\/lottespapery.com\/products\/notebook-in-leather-covers-with-a-plaque\/"},"modified":"2023-04-17T00:03:18","modified_gmt":"2023-04-16T21:03:18","slug":"small-notebook-adas-in-covers-with-a-strip","status":"publish","type":"product","link":"https:\/\/lottespapery.com\/en\/products\/small-notebook-adas-in-covers-with-a-strip\/","title":{"rendered":"Notebook in leather covers with a plaque"},"content":{"rendered":"","protected":false},"excerpt":{"rendered":"","protected":false},"featured_media":13390,"template":"","meta":[],"product_brand":[],"product_cat":[883],"product_tag":[],"class_list":{"0":"post-26273","1":"product","2":"type-product","3":"status-publish","4":"has-post-thumbnail","6":"product_cat-notebooks-in-leather-covers","8":"first","9":"instock","10":"taxable","11":"shipping-taxable","12":"product-type-variable","13":"has-default-attributes"},"raw_content":{"name":"Notebook in leather covers with a plaque","description":"","short_description":"","status":"publish","sku":"194E-853500","original":13356},"wpml":{"translation_type":1,"has_translations":true,"original":13356,"duplicates":[],"translations":{"lv":13356,"en":26273}},"yoast_head":"<!-- This site is optimized with the Yoast SEO plugin v19.10 - https:\/\/yoast.com\/wordpress\/plugins\/seo\/ -->\n<title>Notebook in leather covers with a plaque - Lotte&#039;s Papery<\/title>\n<meta name=\"description\" content=\"Hand-bound book in quality leather covers. Make the book extra personal by adding a brass plaque with a personalized message, short quote or initials. The inside pages are made of high-quality cream-colored Italian paper with a light watermark. It will be perfect for jotting down memos, love letters, novels, travel notes and other important thoughts. The brass plate is treated with a special varnish that protects it from tarnishing and scratches for a longer period of time. The book is available in two sizes: 12 x 16.5 cm and 14.8 x 21.00 cm. The book has 144 pages. When ordering the book, write in the comments the desired quote or phrase that you want engraved on the brass plate. Our range of skins changes regularly, write to lottessealingwax@gmail.com or indicate the desired skin tone in the comments.! The price includes the creation of 2 plate visualizations. An additional 2.50 euros must be paid for each subsequent layout.\" \/>\n<meta name=\"robots\" content=\"index, follow, max-snippet:-1, max-image-preview:large, max-video-preview:-1\" \/>\n<link rel=\"canonical\" href=\"https:\/\/lottespapery.com\/en\/products\/small-notebook-adas-in-covers-with-a-strip\/\" \/>\n<meta property=\"og:locale\" content=\"en_US\" \/>\n<meta property=\"og:type\" content=\"article\" \/>\n<meta property=\"og:title\" content=\"Notebook in leather covers with a plaque - Lotte&#039;s Papery\" \/>\n<meta property=\"og:description\" content=\"Hand-bound book in quality leather covers. Make the book extra personal by adding a brass plaque with a personalized message, short quote or initials. The inside pages are made of high-quality cream-colored Italian paper with a light watermark. It will be perfect for jotting down memos, love letters, novels, travel notes and other important thoughts. The brass plate is treated with a special varnish that protects it from tarnishing and scratches for a longer period of time. The book is available in two sizes: 12 x 16.5 cm and 14.8 x 21.00 cm. The book has 144 pages. When ordering the book, write in the comments the desired quote or phrase that you want engraved on the brass plate. Our range of skins changes regularly, write to lottessealingwax@gmail.com or indicate the desired skin tone in the comments.! The price includes the creation of 2 plate visualizations. An additional 2.50 euros must be paid for each subsequent layout.\" \/>\n<meta property=\"og:url\" content=\"https:\/\/lottespapery.com\/en\/products\/small-notebook-adas-in-covers-with-a-strip\/\" \/>\n<meta property=\"og:site_name\" content=\"Lotte&#039;s Papery\" \/>\n<meta property=\"article:publisher\" content=\"https:\/\/www.facebook.com\/LottesPapery\/\" \/>\n<meta property=\"article:modified_time\" content=\"2023-04-16T21:03:18+00:00\" \/>\n<meta property=\"og:image\" content=\"https:\/\/lottespapery.com\/wp-content\/uploads\/2022\/11\/2_81d26200-1997-4d5a-8906-13c698688a60.jpg\" \/>\n\t<meta property=\"og:image:width\" content=\"2048\" \/>\n\t<meta property=\"og:image:height\" content=\"2048\" \/>\n\t<meta property=\"og:image:type\" content=\"image\/jpeg\" \/>\n<meta name=\"twitter:card\" content=\"summary_large_image\" \/>\n<script type=\"application\/ld+json\" class=\"yoast-schema-graph\">{\"@context\":\"https:\/\/schema.org\",\"@graph\":[{\"@type\":\"WebPage\",\"@id\":\"https:\/\/lottespapery.com\/en\/products\/small-notebook-adas-in-covers-with-a-strip\/\",\"url\":\"https:\/\/lottespapery.com\/en\/products\/small-notebook-adas-in-covers-with-a-strip\/\",\"name\":\"Notebook in leather covers with a plaque - Lotte&#039;s Papery\",\"isPartOf\":{\"@id\":\"https:\/\/lottespapery.com\/en\/#website\"},\"datePublished\":\"2022-11-15T07:06:05+00:00\",\"dateModified\":\"2023-04-16T21:03:18+00:00\",\"description\":\"Hand-bound book in quality leather covers. Make the book extra personal by adding a brass plaque with a personalized message, short quote or initials. The inside pages are made of high-quality cream-colored Italian paper with a light watermark. It will be perfect for jotting down memos, love letters, novels, travel notes and other important thoughts. The brass plate is treated with a special varnish that protects it from tarnishing and scratches for a longer period of time. The book is available in two sizes: 12 x 16.5 cm and 14.8 x 21.00 cm. The book has 144 pages. When ordering the book, write in the comments the desired quote or phrase that you want engraved on the brass plate. Our range of skins changes regularly, write to lottessealingwax@gmail.com or indicate the desired skin tone in the comments. ! The price includes the creation of 2 plate visualizations. An additional 2.50 euros must be paid for each subsequent layout.\",\"breadcrumb\":{\"@id\":\"https:\/\/lottespapery.com\/en\/products\/small-notebook-adas-in-covers-with-a-strip\/#breadcrumb\"},\"inLanguage\":\"en-US\",\"potentialAction\":[{\"@type\":\"ReadAction\",\"target\":[\"https:\/\/lottespapery.com\/en\/products\/small-notebook-adas-in-covers-with-a-strip\/\"]}]},{\"@type\":\"BreadcrumbList\",\"@id\":\"https:\/\/lottespapery.com\/en\/products\/small-notebook-adas-in-covers-with-a-strip\/#breadcrumb\",\"itemListElement\":[{\"@type\":\"ListItem\",\"position\":1,\"name\":\"Home\",\"item\":\"https:\/\/lottespapery.com\/en\/\"},{\"@type\":\"ListItem\",\"position\":2,\"name\":\"Shop\",\"item\":\"https:\/\/lottespapery.com\/en\/shop\/\"},{\"@type\":\"ListItem\",\"position\":3,\"name\":\"Notebook in leather covers with a plaque\"}]},{\"@type\":\"WebSite\",\"@id\":\"https:\/\/lottespapery.com\/en\/#website\",\"url\":\"https:\/\/lottespapery.com\/en\/\",\"name\":\"Lotte&#039;s Papery\",\"description\":\"Pap\u012brlietas un \u0101das izstr\u0101d\u0101jumi\",\"publisher\":{\"@id\":\"https:\/\/lottespapery.com\/en\/#organization\"},\"potentialAction\":[{\"@type\":\"SearchAction\",\"target\":{\"@type\":\"EntryPoint\",\"urlTemplate\":\"https:\/\/lottespapery.com\/en\/?s={search_term_string}\"},\"query-input\":\"required name=search_term_string\"}],\"inLanguage\":\"en-US\"},{\"@type\":\"Organization\",\"@id\":\"https:\/\/lottespapery.com\/en\/#organization\",\"name\":\"Lotte&#039;s Papery\",\"url\":\"https:\/\/lottespapery.com\/en\/\",\"logo\":{\"@type\":\"ImageObject\",\"inLanguage\":\"en-US\",\"@id\":\"https:\/\/lottespapery.com\/en\/#\/schema\/logo\/image\/\",\"url\":\"http:\/\/lottespapery.com\/wp-content\/uploads\/2022\/11\/logo-dark_180x@2x.png\",\"contentUrl\":\"http:\/\/lottespapery.com\/wp-content\/uploads\/2022\/11\/logo-dark_180x@2x.png\",\"width\":360,\"height\":100,\"caption\":\"Lotte&#039;s Papery\"},\"image\":{\"@id\":\"https:\/\/lottespapery.com\/en\/#\/schema\/logo\/image\/\"},\"sameAs\":[\"https:\/\/www.instagram.com\/lottes_papery\/\",\"https:\/\/www.facebook.com\/LottesPapery\/\"]}]}<\/script>\n<!-- \/ Yoast SEO plugin. -->","yoast_head_json":{"title":"Notebook in leather covers with a plaque - Lotte&#039;s Papery","description":"Hand-bound book in quality leather covers. Make the book extra personal by adding a brass plaque with a personalized message, short quote or initials. The inside pages are made of high-quality cream-colored Italian paper with a light watermark. It will be perfect for jotting down memos, love letters, novels, travel notes and other important thoughts. The brass plate is treated with a special varnish that protects it from tarnishing and scratches for a longer period of time. The book is available in two sizes: 12 x 16.5 cm and 14.8 x 21.00 cm. The book has 144 pages. When ordering the book, write in the comments the desired quote or phrase that you want engraved on the brass plate. Our range of skins changes regularly, write to lottessealingwax@gmail.com or indicate the desired skin tone in the comments.! The price includes the creation of 2 plate visualizations. An additional 2.50 euros must be paid for each subsequent layout.","robots":{"index":"index","follow":"follow","max-snippet":"max-snippet:-1","max-image-preview":"max-image-preview:large","max-video-preview":"max-video-preview:-1"},"canonical":"https:\/\/lottespapery.com\/en\/products\/small-notebook-adas-in-covers-with-a-strip\/","og_locale":"en_US","og_type":"article","og_title":"Notebook in leather covers with a plaque - Lotte&#039;s Papery","og_description":"Hand-bound book in quality leather covers. Make the book extra personal by adding a brass plaque with a personalized message, short quote or initials. The inside pages are made of high-quality cream-colored Italian paper with a light watermark. It will be perfect for jotting down memos, love letters, novels, travel notes and other important thoughts. The brass plate is treated with a special varnish that protects it from tarnishing and scratches for a longer period of time. The book is available in two sizes: 12 x 16.5 cm and 14.8 x 21.00 cm. The book has 144 pages. When ordering the book, write in the comments the desired quote or phrase that you want engraved on the brass plate. Our range of skins changes regularly, write to lottessealingwax@gmail.com or indicate the desired skin tone in the comments.! The price includes the creation of 2 plate visualizations. An additional 2.50 euros must be paid for each subsequent layout.","og_url":"https:\/\/lottespapery.com\/en\/products\/small-notebook-adas-in-covers-with-a-strip\/","og_site_name":"Lotte&#039;s Papery","article_publisher":"https:\/\/www.facebook.com\/LottesPapery\/","article_modified_time":"2023-04-16T21:03:18+00:00","og_image":[{"width":2048,"height":2048,"url":"https:\/\/lottespapery.com\/wp-content\/uploads\/2022\/11\/2_81d26200-1997-4d5a-8906-13c698688a60.jpg","type":"image\/jpeg"}],"twitter_card":"summary_large_image","schema":{"@context":"https:\/\/schema.org","@graph":[{"@type":"WebPage","@id":"https:\/\/lottespapery.com\/en\/products\/small-notebook-adas-in-covers-with-a-strip\/","url":"https:\/\/lottespapery.com\/en\/products\/small-notebook-adas-in-covers-with-a-strip\/","name":"Notebook in leather covers with a plaque - Lotte&#039;s Papery","isPartOf":{"@id":"https:\/\/lottespapery.com\/en\/#website"},"datePublished":"2022-11-15T07:06:05+00:00","dateModified":"2023-04-16T21:03:18+00:00","description":"Hand-bound book in quality leather covers. Make the book extra personal by adding a brass plaque with a personalized message, short quote or initials. The inside pages are made of high-quality cream-colored Italian paper with a light watermark. It will be perfect for jotting down memos, love letters, novels, travel notes and other important thoughts. The brass plate is treated with a special varnish that protects it from tarnishing and scratches for a longer period of time. The book is available in two sizes: 12 x 16.5 cm and 14.8 x 21.00 cm. The book has 144 pages. When ordering the book, write in the comments the desired quote or phrase that you want engraved on the brass plate. Our range of skins changes regularly, write to lottessealingwax@gmail.com or indicate the desired skin tone in the comments. ! The price includes the creation of 2 plate visualizations. An additional 2.50 euros must be paid for each subsequent layout.","breadcrumb":{"@id":"https:\/\/lottespapery.com\/en\/products\/small-notebook-adas-in-covers-with-a-strip\/#breadcrumb"},"inLanguage":"en-US","potentialAction":[{"@type":"ReadAction","target":["https:\/\/lottespapery.com\/en\/products\/small-notebook-adas-in-covers-with-a-strip\/"]}]},{"@type":"BreadcrumbList","@id":"https:\/\/lottespapery.com\/en\/products\/small-notebook-adas-in-covers-with-a-strip\/#breadcrumb","itemListElement":[{"@type":"ListItem","position":1,"name":"Home","item":"https:\/\/lottespapery.com\/en\/"},{"@type":"ListItem","position":2,"name":"Shop","item":"https:\/\/lottespapery.com\/en\/shop\/"},{"@type":"ListItem","position":3,"name":"Notebook in leather covers with a plaque"}]},{"@type":"WebSite","@id":"https:\/\/lottespapery.com\/en\/#website","url":"https:\/\/lottespapery.com\/en\/","name":"Lotte&#039;s Papery","description":"Pap\u012brlietas un \u0101das izstr\u0101d\u0101jumi","publisher":{"@id":"https:\/\/lottespapery.com\/en\/#organization"},"potentialAction":[{"@type":"SearchAction","target":{"@type":"EntryPoint","urlTemplate":"https:\/\/lottespapery.com\/en\/?s={search_term_string}"},"query-input":"required name=search_term_string"}],"inLanguage":"en-US"},{"@type":"Organization","@id":"https:\/\/lottespapery.com\/en\/#organization","name":"Lotte&#039;s Papery","url":"https:\/\/lottespapery.com\/en\/","logo":{"@type":"ImageObject","inLanguage":"en-US","@id":"https:\/\/lottespapery.com\/en\/#\/schema\/logo\/image\/","url":"http:\/\/lottespapery.com\/wp-content\/uploads\/2022\/11\/logo-dark_180x@2x.png","contentUrl":"http:\/\/lottespapery.com\/wp-content\/uploads\/2022\/11\/logo-dark_180x@2x.png","width":360,"height":100,"caption":"Lotte&#039;s Papery"},"image":{"@id":"https:\/\/lottespapery.com\/en\/#\/schema\/logo\/image\/"},"sameAs":["https:\/\/www.instagram.com\/lottes_papery\/","https:\/\/www.facebook.com\/LottesPapery\/"]}]}},"_links":{"self":[{"href":"https:\/\/lottespapery.com\/en\/wp-json\/wp\/v2\/product\/26273","targetHints":{"allow":["GET"]}}],"collection":[{"href":"https:\/\/lottespapery.com\/en\/wp-json\/wp\/v2\/product"}],"about":[{"href":"https:\/\/lottespapery.com\/en\/wp-json\/wp\/v2\/types\/product"}],"wp:featuredmedia":[{"embeddable":true,"href":"https:\/\/lottespapery.com\/en\/wp-json\/wp\/v2\/media\/13390"}],"wp:attachment":[{"href":"https:\/\/lottespapery.com\/en\/wp-json\/wp\/v2\/media?parent=26273"}],"wp:term":[{"taxonomy":"product_brand","embeddable":true,"href":"https:\/\/lottespapery.com\/en\/wp-json\/wp\/v2\/product_brand?post=26273"},{"taxonomy":"product_cat","embeddable":true,"href":"https:\/\/lottespapery.com\/en\/wp-json\/wp\/v2\/product_cat?post=26273"},{"taxonomy":"product_tag","embeddable":true,"href":"https:\/\/lottespapery.com\/en\/wp-json\/wp\/v2\/product_tag?post=26273"}],"curies":[{"name":"wp","href":"https:\/\/api.w.org\/{rel}","templated":true}]}}