{"id":26441,"date":"2022-11-15T06:37:21","date_gmt":"2022-11-15T04:37:21","guid":{"rendered":"http:\/\/lottespapery.com\/products\/moleskine-cahier-set-of-notebooks-3-pieces\/"},"modified":"2023-04-17T00:03:17","modified_gmt":"2023-04-16T21:03:17","slug":"note-book-with-some-page","status":"publish","type":"product","link":"https:\/\/lottespapery.com\/en\/products\/note-book-with-some-page\/","title":{"rendered":"Moleskine Cahier Set of notebooks (3 pieces)"},"content":{"rendered":"","protected":false},"excerpt":{"rendered":"","protected":false},"featured_media":5215,"template":"","meta":[],"product_brand":[],"product_cat":[881],"product_tag":[],"class_list":{"0":"post-26441","1":"product","2":"type-product","3":"status-publish","4":"has-post-thumbnail","6":"product_cat-notepads","8":"first","9":"instock","10":"taxable","11":"shipping-taxable","12":"purchasable","13":"product-type-variable","14":"has-default-attributes"},"raw_content":{"name":"Moleskine Cahier Set of notebooks (3 pieces)","description":"","short_description":"","status":"publish","sku":"23FA-0289BE","original":5210},"wpml":{"translation_type":1,"has_translations":true,"original":5210,"duplicates":[],"translations":{"lv":5210,"en":26441}},"yoast_head":"<!-- This site is optimized with the Yoast SEO plugin v19.10 - https:\/\/yoast.com\/wordpress\/plugins\/seo\/ -->\n<title>Moleskine Cahier Set of notebooks (3 pieces) - Lotte&#039;s Papery<\/title>\n<meta name=\"description\" content=\"A set of notebooks in black covers with lined, checkered or dotted inner pages. Cahier Notebooks are a light, flexible paper companion for everyday notes and writing. The set includes 3 notebooks that you can use for different projects, tasks and plans. The letterbox also includes tear-out pages, which are great for lists, notes, and reminders you want to pass on. Use the notebooks as they are or use them together with our Rustic covers, which are specially designed for them: http:\/\/lottespapery.com\/collections\/vintage-rust-kolekcija\/products\/mazie-adas-vaki-vai-komplekts-ar-piezimju- classClade parameters:-80 pages, in a set of 3 pcs. - black, flexible covers, with a visible seam on the back-size: 13 x 21 cm\" \/>\n<meta name=\"robots\" content=\"index, follow, max-snippet:-1, max-image-preview:large, max-video-preview:-1\" \/>\n<link rel=\"canonical\" href=\"https:\/\/lottespapery.com\/en\/products\/note-book-with-some-page\/\" \/>\n<meta property=\"og:locale\" content=\"en_US\" \/>\n<meta property=\"og:type\" content=\"article\" \/>\n<meta property=\"og:title\" content=\"Moleskine Cahier Set of notebooks (3 pieces) - Lotte&#039;s Papery\" \/>\n<meta property=\"og:description\" content=\"A set of notebooks in black covers with lined, checkered or dotted inner pages. Cahier Notebooks are a light, flexible paper companion for everyday notes and writing. The set includes 3 notebooks that you can use for different projects, tasks and plans. The letterbox also includes tear-out pages, which are great for lists, notes, and reminders you want to pass on. Use the notebooks as they are or use them together with our Rustic covers, which are specially designed for them: http:\/\/lottespapery.com\/collections\/vintage-rust-kolekcija\/products\/mazie-adas-vaki-vai-komplekts-ar-piezimju- classClade parameters:-80 pages, in a set of 3 pcs. - black, flexible covers, with a visible seam on the back-size: 13 x 21 cm\" \/>\n<meta property=\"og:url\" content=\"https:\/\/lottespapery.com\/en\/products\/note-book-with-some-page\/\" \/>\n<meta property=\"og:site_name\" content=\"Lotte&#039;s Papery\" \/>\n<meta property=\"article:publisher\" content=\"https:\/\/www.facebook.com\/LottesPapery\/\" \/>\n<meta property=\"article:modified_time\" content=\"2023-04-16T21:03:17+00:00\" \/>\n<meta property=\"og:image\" content=\"https:\/\/lottespapery.com\/wp-content\/uploads\/2022\/11\/5637148989_b_1.jpg\" \/>\n\t<meta property=\"og:image:width\" content=\"617\" \/>\n\t<meta property=\"og:image:height\" content=\"463\" \/>\n\t<meta property=\"og:image:type\" content=\"image\/jpeg\" \/>\n<meta name=\"twitter:card\" content=\"summary_large_image\" \/>\n<script type=\"application\/ld+json\" class=\"yoast-schema-graph\">{\"@context\":\"https:\/\/schema.org\",\"@graph\":[{\"@type\":\"WebPage\",\"@id\":\"https:\/\/lottespapery.com\/en\/products\/note-book-with-some-page\/\",\"url\":\"https:\/\/lottespapery.com\/en\/products\/note-book-with-some-page\/\",\"name\":\"Moleskine Cahier Set of notebooks (3 pieces) - Lotte&#039;s Papery\",\"isPartOf\":{\"@id\":\"https:\/\/lottespapery.com\/en\/#website\"},\"datePublished\":\"2022-11-15T04:37:21+00:00\",\"dateModified\":\"2023-04-16T21:03:17+00:00\",\"description\":\"A set of notebooks in black covers with lined, checkered or dotted inner pages. Cahier Notebooks are a light, flexible paper companion for everyday notes and writing. The set includes 3 notebooks that you can use for different projects, tasks and plans. The letterbox also includes tear-out pages, which are great for lists, notes, and reminders you want to pass on. Use the notebooks as they are or use them together with our Rustic covers, which are specially designed for them: http:\/\/lottespapery.com\/collections\/vintage-rust-kolekcija\/products\/mazie-adas-vaki-vai-komplekts-ar-piezimju- class Clade parameters: -80 pages, in a set of 3 pcs. - black, flexible covers, with a visible seam on the back-size: 13 x 21 cm\",\"breadcrumb\":{\"@id\":\"https:\/\/lottespapery.com\/en\/products\/note-book-with-some-page\/#breadcrumb\"},\"inLanguage\":\"en-US\",\"potentialAction\":[{\"@type\":\"ReadAction\",\"target\":[\"https:\/\/lottespapery.com\/en\/products\/note-book-with-some-page\/\"]}]},{\"@type\":\"BreadcrumbList\",\"@id\":\"https:\/\/lottespapery.com\/en\/products\/note-book-with-some-page\/#breadcrumb\",\"itemListElement\":[{\"@type\":\"ListItem\",\"position\":1,\"name\":\"Home\",\"item\":\"https:\/\/lottespapery.com\/en\/\"},{\"@type\":\"ListItem\",\"position\":2,\"name\":\"Shop\",\"item\":\"https:\/\/lottespapery.com\/en\/shop\/\"},{\"@type\":\"ListItem\",\"position\":3,\"name\":\"Moleskine Cahier Set of notebooks (3 pieces)\"}]},{\"@type\":\"WebSite\",\"@id\":\"https:\/\/lottespapery.com\/en\/#website\",\"url\":\"https:\/\/lottespapery.com\/en\/\",\"name\":\"Lotte&#039;s Papery\",\"description\":\"Pap\u012brlietas un \u0101das izstr\u0101d\u0101jumi\",\"publisher\":{\"@id\":\"https:\/\/lottespapery.com\/en\/#organization\"},\"potentialAction\":[{\"@type\":\"SearchAction\",\"target\":{\"@type\":\"EntryPoint\",\"urlTemplate\":\"https:\/\/lottespapery.com\/en\/?s={search_term_string}\"},\"query-input\":\"required name=search_term_string\"}],\"inLanguage\":\"en-US\"},{\"@type\":\"Organization\",\"@id\":\"https:\/\/lottespapery.com\/en\/#organization\",\"name\":\"Lotte&#039;s Papery\",\"url\":\"https:\/\/lottespapery.com\/en\/\",\"logo\":{\"@type\":\"ImageObject\",\"inLanguage\":\"en-US\",\"@id\":\"https:\/\/lottespapery.com\/en\/#\/schema\/logo\/image\/\",\"url\":\"http:\/\/lottespapery.com\/wp-content\/uploads\/2022\/11\/logo-dark_180x@2x.png\",\"contentUrl\":\"http:\/\/lottespapery.com\/wp-content\/uploads\/2022\/11\/logo-dark_180x@2x.png\",\"width\":360,\"height\":100,\"caption\":\"Lotte&#039;s Papery\"},\"image\":{\"@id\":\"https:\/\/lottespapery.com\/en\/#\/schema\/logo\/image\/\"},\"sameAs\":[\"https:\/\/www.instagram.com\/lottes_papery\/\",\"https:\/\/www.facebook.com\/LottesPapery\/\"]}]}<\/script>\n<!-- \/ Yoast SEO plugin. -->","yoast_head_json":{"title":"Moleskine Cahier Set of notebooks (3 pieces) - Lotte&#039;s Papery","description":"A set of notebooks in black covers with lined, checkered or dotted inner pages. Cahier Notebooks are a light, flexible paper companion for everyday notes and writing. The set includes 3 notebooks that you can use for different projects, tasks and plans. The letterbox also includes tear-out pages, which are great for lists, notes, and reminders you want to pass on. Use the notebooks as they are or use them together with our Rustic covers, which are specially designed for them: http:\/\/lottespapery.com\/collections\/vintage-rust-kolekcija\/products\/mazie-adas-vaki-vai-komplekts-ar-piezimju- classClade parameters:-80 pages, in a set of 3 pcs. - black, flexible covers, with a visible seam on the back-size: 13 x 21 cm","robots":{"index":"index","follow":"follow","max-snippet":"max-snippet:-1","max-image-preview":"max-image-preview:large","max-video-preview":"max-video-preview:-1"},"canonical":"https:\/\/lottespapery.com\/en\/products\/note-book-with-some-page\/","og_locale":"en_US","og_type":"article","og_title":"Moleskine Cahier Set of notebooks (3 pieces) - Lotte&#039;s Papery","og_description":"A set of notebooks in black covers with lined, checkered or dotted inner pages. Cahier Notebooks are a light, flexible paper companion for everyday notes and writing. The set includes 3 notebooks that you can use for different projects, tasks and plans. The letterbox also includes tear-out pages, which are great for lists, notes, and reminders you want to pass on. Use the notebooks as they are or use them together with our Rustic covers, which are specially designed for them: http:\/\/lottespapery.com\/collections\/vintage-rust-kolekcija\/products\/mazie-adas-vaki-vai-komplekts-ar-piezimju- classClade parameters:-80 pages, in a set of 3 pcs. - black, flexible covers, with a visible seam on the back-size: 13 x 21 cm","og_url":"https:\/\/lottespapery.com\/en\/products\/note-book-with-some-page\/","og_site_name":"Lotte&#039;s Papery","article_publisher":"https:\/\/www.facebook.com\/LottesPapery\/","article_modified_time":"2023-04-16T21:03:17+00:00","og_image":[{"width":617,"height":463,"url":"https:\/\/lottespapery.com\/wp-content\/uploads\/2022\/11\/5637148989_b_1.jpg","type":"image\/jpeg"}],"twitter_card":"summary_large_image","schema":{"@context":"https:\/\/schema.org","@graph":[{"@type":"WebPage","@id":"https:\/\/lottespapery.com\/en\/products\/note-book-with-some-page\/","url":"https:\/\/lottespapery.com\/en\/products\/note-book-with-some-page\/","name":"Moleskine Cahier Set of notebooks (3 pieces) - Lotte&#039;s Papery","isPartOf":{"@id":"https:\/\/lottespapery.com\/en\/#website"},"datePublished":"2022-11-15T04:37:21+00:00","dateModified":"2023-04-16T21:03:17+00:00","description":"A set of notebooks in black covers with lined, checkered or dotted inner pages. Cahier Notebooks are a light, flexible paper companion for everyday notes and writing. The set includes 3 notebooks that you can use for different projects, tasks and plans. The letterbox also includes tear-out pages, which are great for lists, notes, and reminders you want to pass on. Use the notebooks as they are or use them together with our Rustic covers, which are specially designed for them: http:\/\/lottespapery.com\/collections\/vintage-rust-kolekcija\/products\/mazie-adas-vaki-vai-komplekts-ar-piezimju- class Clade parameters: -80 pages, in a set of 3 pcs. - black, flexible covers, with a visible seam on the back-size: 13 x 21 cm","breadcrumb":{"@id":"https:\/\/lottespapery.com\/en\/products\/note-book-with-some-page\/#breadcrumb"},"inLanguage":"en-US","potentialAction":[{"@type":"ReadAction","target":["https:\/\/lottespapery.com\/en\/products\/note-book-with-some-page\/"]}]},{"@type":"BreadcrumbList","@id":"https:\/\/lottespapery.com\/en\/products\/note-book-with-some-page\/#breadcrumb","itemListElement":[{"@type":"ListItem","position":1,"name":"Home","item":"https:\/\/lottespapery.com\/en\/"},{"@type":"ListItem","position":2,"name":"Shop","item":"https:\/\/lottespapery.com\/en\/shop\/"},{"@type":"ListItem","position":3,"name":"Moleskine Cahier Set of notebooks (3 pieces)"}]},{"@type":"WebSite","@id":"https:\/\/lottespapery.com\/en\/#website","url":"https:\/\/lottespapery.com\/en\/","name":"Lotte&#039;s Papery","description":"Pap\u012brlietas un \u0101das izstr\u0101d\u0101jumi","publisher":{"@id":"https:\/\/lottespapery.com\/en\/#organization"},"potentialAction":[{"@type":"SearchAction","target":{"@type":"EntryPoint","urlTemplate":"https:\/\/lottespapery.com\/en\/?s={search_term_string}"},"query-input":"required name=search_term_string"}],"inLanguage":"en-US"},{"@type":"Organization","@id":"https:\/\/lottespapery.com\/en\/#organization","name":"Lotte&#039;s Papery","url":"https:\/\/lottespapery.com\/en\/","logo":{"@type":"ImageObject","inLanguage":"en-US","@id":"https:\/\/lottespapery.com\/en\/#\/schema\/logo\/image\/","url":"http:\/\/lottespapery.com\/wp-content\/uploads\/2022\/11\/logo-dark_180x@2x.png","contentUrl":"http:\/\/lottespapery.com\/wp-content\/uploads\/2022\/11\/logo-dark_180x@2x.png","width":360,"height":100,"caption":"Lotte&#039;s Papery"},"image":{"@id":"https:\/\/lottespapery.com\/en\/#\/schema\/logo\/image\/"},"sameAs":["https:\/\/www.instagram.com\/lottes_papery\/","https:\/\/www.facebook.com\/LottesPapery\/"]}]}},"_links":{"self":[{"href":"https:\/\/lottespapery.com\/en\/wp-json\/wp\/v2\/product\/26441","targetHints":{"allow":["GET"]}}],"collection":[{"href":"https:\/\/lottespapery.com\/en\/wp-json\/wp\/v2\/product"}],"about":[{"href":"https:\/\/lottespapery.com\/en\/wp-json\/wp\/v2\/types\/product"}],"wp:featuredmedia":[{"embeddable":true,"href":"https:\/\/lottespapery.com\/en\/wp-json\/wp\/v2\/media\/5215"}],"wp:attachment":[{"href":"https:\/\/lottespapery.com\/en\/wp-json\/wp\/v2\/media?parent=26441"}],"wp:term":[{"taxonomy":"product_brand","embeddable":true,"href":"https:\/\/lottespapery.com\/en\/wp-json\/wp\/v2\/product_brand?post=26441"},{"taxonomy":"product_cat","embeddable":true,"href":"https:\/\/lottespapery.com\/en\/wp-json\/wp\/v2\/product_cat?post=26441"},{"taxonomy":"product_tag","embeddable":true,"href":"https:\/\/lottespapery.com\/en\/wp-json\/wp\/v2\/product_tag?post=26441"}],"curies":[{"name":"wp","href":"https:\/\/api.w.org\/{rel}","templated":true}]}}