{"id":26918,"date":"2022-11-15T08:06:22","date_gmt":"2022-11-15T06:06:22","guid":{"rendered":"http:\/\/lottespapery.com\/products\/stamp-with-two-initials-xx\/"},"modified":"2026-03-25T16:23:40","modified_gmt":"2026-03-25T14:23:40","slug":"stamp-with-two-initials-xx","status":"publish","type":"product","link":"https:\/\/lottespapery.com\/en\/products\/stamp-with-two-initials-xx\/","title":{"rendered":"Stamp with two initials XX"},"content":{"rendered":"","protected":false},"excerpt":{"rendered":"","protected":false},"featured_media":10485,"template":"","meta":[],"product_brand":[],"product_cat":[900],"product_tag":[],"class_list":{"0":"post-26918","1":"product","2":"type-product","3":"status-publish","4":"has-post-thumbnail","6":"product_cat-stamps-with-initials","8":"first","9":"instock","10":"taxable","11":"shipping-taxable","12":"purchasable","13":"product-type-variable","14":"has-default-attributes"},"raw_content":{"name":"Stamp with two initials XX","description":"","short_description":"","status":"publish","sku":"6E89-6A5663","original":10483},"wpml":{"translation_type":1,"has_translations":true,"original":10483,"duplicates":[],"translations":{"lv":10483,"en":26918}},"yoast_head":"<!-- This site is optimized with the Yoast SEO plugin v19.10 - https:\/\/yoast.com\/wordpress\/plugins\/seo\/ -->\n<title>Stamp with two initials XX - Lotte&#039;s Papery<\/title>\n<meta name=\"description\" content=\"A stamp made in Latvia with an engraved monogram of two classical letters and a wreath of decorative branches. Choose your initials and write them in the initials field. When ordering a stamp, we will send you a visualization by e-mail for final corrections or confirmation.  The stamp will perfectly serve as an elegant accent for wedding invitations, sealing letters, unusual packaging and other creative ideas. Each stamp is packaged in a specially designed black cardboard box with the &quot;lotte&#039;s papery&quot; logo embossed on the lid in matte silver.  Stamp dimensions: brass head 25mm, oak stem 8x2.5cm, 10x2.5cm full length.\" \/>\n<meta name=\"robots\" content=\"index, follow, max-snippet:-1, max-image-preview:large, max-video-preview:-1\" \/>\n<link rel=\"canonical\" href=\"https:\/\/lottespapery.com\/en\/products\/stamp-with-two-initials-xx\/\" \/>\n<meta property=\"og:locale\" content=\"en_US\" \/>\n<meta property=\"og:type\" content=\"article\" \/>\n<meta property=\"og:title\" content=\"Stamp with two initials XX - Lotte&#039;s Papery\" \/>\n<meta property=\"og:description\" content=\"A stamp made in Latvia with an engraved monogram of two classical letters and a wreath of decorative branches. Choose your initials and write them in the initials field. When ordering a stamp, we will send you a visualization by e-mail for final corrections or confirmation.  The stamp will perfectly serve as an elegant accent for wedding invitations, sealing letters, unusual packaging and other creative ideas. Each stamp is packaged in a specially designed black cardboard box with the &quot;lotte&#039;s papery&quot; logo embossed on the lid in matte silver.  Stamp dimensions: brass head 25mm, oak stem 8x2.5cm, 10x2.5cm full length.\" \/>\n<meta property=\"og:url\" content=\"https:\/\/lottespapery.com\/en\/products\/stamp-with-two-initials-xx\/\" \/>\n<meta property=\"og:site_name\" content=\"Lotte&#039;s Papery\" \/>\n<meta property=\"article:publisher\" content=\"https:\/\/www.facebook.com\/LottesPapery\/\" \/>\n<meta property=\"article:modified_time\" content=\"2026-03-25T14:23:40+00:00\" \/>\n<meta property=\"og:image\" content=\"http:\/\/lottespapery.com\/wp-content\/uploads\/2022\/11\/LOT_1163oo-01.jpg\" \/>\n\t<meta property=\"og:image:width\" content=\"2307\" \/>\n\t<meta property=\"og:image:height\" content=\"2307\" \/>\n\t<meta property=\"og:image:type\" content=\"image\/jpeg\" \/>\n<meta name=\"twitter:card\" content=\"summary_large_image\" \/>\n<script type=\"application\/ld+json\" class=\"yoast-schema-graph\">{\"@context\":\"https:\/\/schema.org\",\"@graph\":[{\"@type\":\"WebPage\",\"@id\":\"https:\/\/lottespapery.com\/en\/products\/stamp-with-two-initials-xx\/\",\"url\":\"https:\/\/lottespapery.com\/en\/products\/stamp-with-two-initials-xx\/\",\"name\":\"Stamp with two initials XX - Lotte&#039;s Papery\",\"isPartOf\":{\"@id\":\"https:\/\/lottespapery.com\/en\/#website\"},\"datePublished\":\"2022-11-15T06:06:22+00:00\",\"dateModified\":\"2026-03-25T14:23:40+00:00\",\"description\":\"A stamp made in Latvia with an engraved monogram of two classical letters and a wreath of decorative branches. Choose your initials and write them in the initials field. When ordering a stamp, we will send you a visualization by e-mail for final corrections or confirmation. The stamp will perfectly serve as an elegant accent for wedding invitations, sealing letters, unusual packaging and other creative ideas. Each stamp is packaged in a specially designed black cardboard box with the \\\"lotte's papery\\\" logo embossed on the lid in matte silver. Stamp dimensions: brass head 25mm, oak stem 8x2.5cm, 10x2.5cm full length.\",\"breadcrumb\":{\"@id\":\"https:\/\/lottespapery.com\/en\/products\/stamp-with-two-initials-xx\/#breadcrumb\"},\"inLanguage\":\"en-US\",\"potentialAction\":[{\"@type\":\"ReadAction\",\"target\":[\"https:\/\/lottespapery.com\/en\/products\/stamp-with-two-initials-xx\/\"]}]},{\"@type\":\"BreadcrumbList\",\"@id\":\"https:\/\/lottespapery.com\/en\/products\/stamp-with-two-initials-xx\/#breadcrumb\",\"itemListElement\":[{\"@type\":\"ListItem\",\"position\":1,\"name\":\"Home\",\"item\":\"https:\/\/lottespapery.com\/en\/\"},{\"@type\":\"ListItem\",\"position\":2,\"name\":\"Shop\",\"item\":\"https:\/\/lottespapery.com\/en\/shop\/\"},{\"@type\":\"ListItem\",\"position\":3,\"name\":\"Stamp with two initials XX\"}]},{\"@type\":\"WebSite\",\"@id\":\"https:\/\/lottespapery.com\/en\/#website\",\"url\":\"https:\/\/lottespapery.com\/en\/\",\"name\":\"Lotte&#039;s Papery\",\"description\":\"Pap\u012brlietas un \u0101das izstr\u0101d\u0101jumi\",\"publisher\":{\"@id\":\"https:\/\/lottespapery.com\/en\/#organization\"},\"potentialAction\":[{\"@type\":\"SearchAction\",\"target\":{\"@type\":\"EntryPoint\",\"urlTemplate\":\"https:\/\/lottespapery.com\/en\/?s={search_term_string}\"},\"query-input\":\"required name=search_term_string\"}],\"inLanguage\":\"en-US\"},{\"@type\":\"Organization\",\"@id\":\"https:\/\/lottespapery.com\/en\/#organization\",\"name\":\"Lotte&#039;s Papery\",\"url\":\"https:\/\/lottespapery.com\/en\/\",\"logo\":{\"@type\":\"ImageObject\",\"inLanguage\":\"en-US\",\"@id\":\"https:\/\/lottespapery.com\/en\/#\/schema\/logo\/image\/\",\"url\":\"http:\/\/lottespapery.com\/wp-content\/uploads\/2022\/11\/logo-dark_180x@2x.png\",\"contentUrl\":\"http:\/\/lottespapery.com\/wp-content\/uploads\/2022\/11\/logo-dark_180x@2x.png\",\"width\":360,\"height\":100,\"caption\":\"Lotte&#039;s Papery\"},\"image\":{\"@id\":\"https:\/\/lottespapery.com\/en\/#\/schema\/logo\/image\/\"},\"sameAs\":[\"https:\/\/www.instagram.com\/lottes_papery\/\",\"https:\/\/www.facebook.com\/LottesPapery\/\"]}]}<\/script>\n<!-- \/ Yoast SEO plugin. -->","yoast_head_json":{"title":"Stamp with two initials XX - Lotte&#039;s Papery","description":"A stamp made in Latvia with an engraved monogram of two classical letters and a wreath of decorative branches. Choose your initials and write them in the initials field. When ordering a stamp, we will send you a visualization by e-mail for final corrections or confirmation.  The stamp will perfectly serve as an elegant accent for wedding invitations, sealing letters, unusual packaging and other creative ideas. Each stamp is packaged in a specially designed black cardboard box with the \"lotte's papery\" logo embossed on the lid in matte silver.  Stamp dimensions: brass head 25mm, oak stem 8x2.5cm, 10x2.5cm full length.","robots":{"index":"index","follow":"follow","max-snippet":"max-snippet:-1","max-image-preview":"max-image-preview:large","max-video-preview":"max-video-preview:-1"},"canonical":"https:\/\/lottespapery.com\/en\/products\/stamp-with-two-initials-xx\/","og_locale":"en_US","og_type":"article","og_title":"Stamp with two initials XX - Lotte&#039;s Papery","og_description":"A stamp made in Latvia with an engraved monogram of two classical letters and a wreath of decorative branches. Choose your initials and write them in the initials field. When ordering a stamp, we will send you a visualization by e-mail for final corrections or confirmation.  The stamp will perfectly serve as an elegant accent for wedding invitations, sealing letters, unusual packaging and other creative ideas. Each stamp is packaged in a specially designed black cardboard box with the \"lotte's papery\" logo embossed on the lid in matte silver.  Stamp dimensions: brass head 25mm, oak stem 8x2.5cm, 10x2.5cm full length.","og_url":"https:\/\/lottespapery.com\/en\/products\/stamp-with-two-initials-xx\/","og_site_name":"Lotte&#039;s Papery","article_publisher":"https:\/\/www.facebook.com\/LottesPapery\/","article_modified_time":"2026-03-25T14:23:40+00:00","og_image":[{"width":2307,"height":2307,"url":"http:\/\/lottespapery.com\/wp-content\/uploads\/2022\/11\/LOT_1163oo-01.jpg","type":"image\/jpeg"}],"twitter_card":"summary_large_image","schema":{"@context":"https:\/\/schema.org","@graph":[{"@type":"WebPage","@id":"https:\/\/lottespapery.com\/en\/products\/stamp-with-two-initials-xx\/","url":"https:\/\/lottespapery.com\/en\/products\/stamp-with-two-initials-xx\/","name":"Stamp with two initials XX - Lotte&#039;s Papery","isPartOf":{"@id":"https:\/\/lottespapery.com\/en\/#website"},"datePublished":"2022-11-15T06:06:22+00:00","dateModified":"2026-03-25T14:23:40+00:00","description":"A stamp made in Latvia with an engraved monogram of two classical letters and a wreath of decorative branches. Choose your initials and write them in the initials field. When ordering a stamp, we will send you a visualization by e-mail for final corrections or confirmation. The stamp will perfectly serve as an elegant accent for wedding invitations, sealing letters, unusual packaging and other creative ideas. Each stamp is packaged in a specially designed black cardboard box with the \"lotte's papery\" logo embossed on the lid in matte silver. Stamp dimensions: brass head 25mm, oak stem 8x2.5cm, 10x2.5cm full length.","breadcrumb":{"@id":"https:\/\/lottespapery.com\/en\/products\/stamp-with-two-initials-xx\/#breadcrumb"},"inLanguage":"en-US","potentialAction":[{"@type":"ReadAction","target":["https:\/\/lottespapery.com\/en\/products\/stamp-with-two-initials-xx\/"]}]},{"@type":"BreadcrumbList","@id":"https:\/\/lottespapery.com\/en\/products\/stamp-with-two-initials-xx\/#breadcrumb","itemListElement":[{"@type":"ListItem","position":1,"name":"Home","item":"https:\/\/lottespapery.com\/en\/"},{"@type":"ListItem","position":2,"name":"Shop","item":"https:\/\/lottespapery.com\/en\/shop\/"},{"@type":"ListItem","position":3,"name":"Stamp with two initials XX"}]},{"@type":"WebSite","@id":"https:\/\/lottespapery.com\/en\/#website","url":"https:\/\/lottespapery.com\/en\/","name":"Lotte&#039;s Papery","description":"Pap\u012brlietas un \u0101das izstr\u0101d\u0101jumi","publisher":{"@id":"https:\/\/lottespapery.com\/en\/#organization"},"potentialAction":[{"@type":"SearchAction","target":{"@type":"EntryPoint","urlTemplate":"https:\/\/lottespapery.com\/en\/?s={search_term_string}"},"query-input":"required name=search_term_string"}],"inLanguage":"en-US"},{"@type":"Organization","@id":"https:\/\/lottespapery.com\/en\/#organization","name":"Lotte&#039;s Papery","url":"https:\/\/lottespapery.com\/en\/","logo":{"@type":"ImageObject","inLanguage":"en-US","@id":"https:\/\/lottespapery.com\/en\/#\/schema\/logo\/image\/","url":"http:\/\/lottespapery.com\/wp-content\/uploads\/2022\/11\/logo-dark_180x@2x.png","contentUrl":"http:\/\/lottespapery.com\/wp-content\/uploads\/2022\/11\/logo-dark_180x@2x.png","width":360,"height":100,"caption":"Lotte&#039;s Papery"},"image":{"@id":"https:\/\/lottespapery.com\/en\/#\/schema\/logo\/image\/"},"sameAs":["https:\/\/www.instagram.com\/lottes_papery\/","https:\/\/www.facebook.com\/LottesPapery\/"]}]}},"_links":{"self":[{"href":"https:\/\/lottespapery.com\/en\/wp-json\/wp\/v2\/product\/26918","targetHints":{"allow":["GET"]}}],"collection":[{"href":"https:\/\/lottespapery.com\/en\/wp-json\/wp\/v2\/product"}],"about":[{"href":"https:\/\/lottespapery.com\/en\/wp-json\/wp\/v2\/types\/product"}],"wp:featuredmedia":[{"embeddable":true,"href":"https:\/\/lottespapery.com\/en\/wp-json\/wp\/v2\/media\/10485"}],"wp:attachment":[{"href":"https:\/\/lottespapery.com\/en\/wp-json\/wp\/v2\/media?parent=26918"}],"wp:term":[{"taxonomy":"product_brand","embeddable":true,"href":"https:\/\/lottespapery.com\/en\/wp-json\/wp\/v2\/product_brand?post=26918"},{"taxonomy":"product_cat","embeddable":true,"href":"https:\/\/lottespapery.com\/en\/wp-json\/wp\/v2\/product_cat?post=26918"},{"taxonomy":"product_tag","embeddable":true,"href":"https:\/\/lottespapery.com\/en\/wp-json\/wp\/v2\/product_tag?post=26918"}],"curies":[{"name":"wp","href":"https:\/\/api.w.org\/{rel}","templated":true}]}}