{"id":27117,"date":"2022-11-15T08:31:10","date_gmt":"2022-11-15T06:31:10","guid":{"rendered":"http:\/\/lottespapery.com\/products\/double-sided-adhesive-tape-for-sealing-impressions-50-pcs\/"},"modified":"2025-11-10T14:48:15","modified_gmt":"2025-11-10T12:48:15","slug":"double-sided-glue-tape-circle-zimogluka-for-prints","status":"publish","type":"product","link":"https:\/\/lottespapery.com\/en\/products\/double-sided-glue-tape-circle-zimogluka-for-prints\/","title":{"rendered":"Double-sided adhesive tape for wax stamps 50 pcs."},"content":{"rendered":"","protected":false},"excerpt":{"rendered":"","protected":false},"featured_media":11285,"template":"","meta":[],"product_brand":[],"product_cat":[906,905],"product_tag":[],"class_list":{"0":"post-27117","1":"product","2":"type-product","3":"status-publish","4":"has-post-thumbnail","6":"product_cat-sealing-wax-stamps","7":"product_cat-sealing-wax-accessories","9":"first","10":"instock","11":"taxable","12":"shipping-taxable","13":"purchasable","14":"product-type-simple"},"raw_content":{"name":"Double-sided adhesive tape for wax stamps 50 pcs.","description":"","short_description":"","status":"publish","sku":"97E2-DE9192","original":11283},"wpml":{"translation_type":1,"has_translations":true,"original":11283,"duplicates":[],"translations":{"lv":11283,"en":27117}},"yoast_head":"<!-- This site is optimized with the Yoast SEO plugin v19.10 - https:\/\/yoast.com\/wordpress\/plugins\/seo\/ -->\n<title>Double-sided adhesive tape for wax stamps 50 pcs. - Lotte&#039;s Papery<\/title>\n<meta name=\"description\" content=\"The double-sided adhesive tape circles are for your stamp prints that you want to attach to different surfaces, places and shapes.  All you have to do is make your special stamp, attach a double-sided adhesive circle to the bottom, tear off the protective paper on the other side of the circle and stick it on an invitation, envelope, gift or any other object. The stamp circle will also be easy to use on curved objects like bottles and will look great as an accent when giving gifts and anything else you can think of to personalize!  INSTRUCTIONS FOR USE:  Peel off the protective film from the double-sided adhesive pad attached to the other side of the stamper print, place the print in the desired location, press and rub it well using your fingers to make it stick evenly and firmly, and voila!\" \/>\n<meta name=\"robots\" content=\"index, follow, max-snippet:-1, max-image-preview:large, max-video-preview:-1\" \/>\n<link rel=\"canonical\" href=\"https:\/\/lottespapery.com\/en\/products\/double-sided-glue-tape-circle-zimogluka-for-prints\/\" \/>\n<meta property=\"og:locale\" content=\"en_US\" \/>\n<meta property=\"og:type\" content=\"article\" \/>\n<meta property=\"og:title\" content=\"Double-sided adhesive tape for wax stamps 50 pcs. - Lotte&#039;s Papery\" \/>\n<meta property=\"og:description\" content=\"The double-sided adhesive tape circles are for your stamp prints that you want to attach to different surfaces, places and shapes.  All you have to do is make your special stamp, attach a double-sided adhesive circle to the bottom, tear off the protective paper on the other side of the circle and stick it on an invitation, envelope, gift or any other object. The stamp circle will also be easy to use on curved objects like bottles and will look great as an accent when giving gifts and anything else you can think of to personalize!  INSTRUCTIONS FOR USE:  Peel off the protective film from the double-sided adhesive pad attached to the other side of the stamper print, place the print in the desired location, press and rub it well using your fingers to make it stick evenly and firmly, and voila!\" \/>\n<meta property=\"og:url\" content=\"https:\/\/lottespapery.com\/en\/products\/double-sided-glue-tape-circle-zimogluka-for-prints\/\" \/>\n<meta property=\"og:site_name\" content=\"Lotte&#039;s Papery\" \/>\n<meta property=\"article:publisher\" content=\"https:\/\/www.facebook.com\/LottesPapery\/\" \/>\n<meta property=\"article:modified_time\" content=\"2025-11-10T12:48:15+00:00\" \/>\n<meta property=\"og:image\" content=\"http:\/\/lottespapery.com\/wp-content\/uploads\/2022\/11\/1_0bb0bc75-9f1a-4d2d-9ad4-6cb2fdf61a47.jpg\" \/>\n\t<meta property=\"og:image:width\" content=\"2048\" \/>\n\t<meta property=\"og:image:height\" content=\"2048\" \/>\n\t<meta property=\"og:image:type\" content=\"image\/jpeg\" \/>\n<meta name=\"twitter:card\" content=\"summary_large_image\" \/>\n<script type=\"application\/ld+json\" class=\"yoast-schema-graph\">{\"@context\":\"https:\/\/schema.org\",\"@graph\":[{\"@type\":\"WebPage\",\"@id\":\"https:\/\/lottespapery.com\/en\/products\/double-sided-glue-tape-circle-zimogluka-for-prints\/\",\"url\":\"https:\/\/lottespapery.com\/en\/products\/double-sided-glue-tape-circle-zimogluka-for-prints\/\",\"name\":\"Double-sided adhesive tape for wax stamps 50 pcs. - Lotte&#039;s Papery\",\"isPartOf\":{\"@id\":\"https:\/\/lottespapery.com\/en\/#website\"},\"datePublished\":\"2022-11-15T06:31:10+00:00\",\"dateModified\":\"2025-11-10T12:48:15+00:00\",\"description\":\"The double-sided adhesive tape circles are for your stamp prints that you want to attach to different surfaces, places and shapes. All you have to do is make your special stamp, attach a double-sided adhesive circle to the bottom, tear off the protective paper on the other side of the circle and stick it on an invitation, envelope, gift or any other object. The stamp circle will also be easy to use on curved objects like bottles and will look great as an accent when giving gifts and anything else you can think of to personalize! INSTRUCTIONS FOR USE: Peel off the protective film from the double-sided adhesive pad attached to the other side of the stamper print, place the print in the desired location, press and rub it well using your fingers to make it stick evenly and firmly, and voila!\",\"breadcrumb\":{\"@id\":\"https:\/\/lottespapery.com\/en\/products\/double-sided-glue-tape-circle-zimogluka-for-prints\/#breadcrumb\"},\"inLanguage\":\"en-US\",\"potentialAction\":[{\"@type\":\"ReadAction\",\"target\":[\"https:\/\/lottespapery.com\/en\/products\/double-sided-glue-tape-circle-zimogluka-for-prints\/\"]}]},{\"@type\":\"BreadcrumbList\",\"@id\":\"https:\/\/lottespapery.com\/en\/products\/double-sided-glue-tape-circle-zimogluka-for-prints\/#breadcrumb\",\"itemListElement\":[{\"@type\":\"ListItem\",\"position\":1,\"name\":\"Home\",\"item\":\"https:\/\/lottespapery.com\/en\/\"},{\"@type\":\"ListItem\",\"position\":2,\"name\":\"Shop\",\"item\":\"https:\/\/lottespapery.com\/en\/shop\/\"},{\"@type\":\"ListItem\",\"position\":3,\"name\":\"Double-sided adhesive tape for wax stamps 50 pcs.\"}]},{\"@type\":\"WebSite\",\"@id\":\"https:\/\/lottespapery.com\/en\/#website\",\"url\":\"https:\/\/lottespapery.com\/en\/\",\"name\":\"Lotte&#039;s Papery\",\"description\":\"Pap\u012brlietas un \u0101das izstr\u0101d\u0101jumi\",\"publisher\":{\"@id\":\"https:\/\/lottespapery.com\/en\/#organization\"},\"potentialAction\":[{\"@type\":\"SearchAction\",\"target\":{\"@type\":\"EntryPoint\",\"urlTemplate\":\"https:\/\/lottespapery.com\/en\/?s={search_term_string}\"},\"query-input\":\"required name=search_term_string\"}],\"inLanguage\":\"en-US\"},{\"@type\":\"Organization\",\"@id\":\"https:\/\/lottespapery.com\/en\/#organization\",\"name\":\"Lotte&#039;s Papery\",\"url\":\"https:\/\/lottespapery.com\/en\/\",\"logo\":{\"@type\":\"ImageObject\",\"inLanguage\":\"en-US\",\"@id\":\"https:\/\/lottespapery.com\/en\/#\/schema\/logo\/image\/\",\"url\":\"http:\/\/lottespapery.com\/wp-content\/uploads\/2022\/11\/logo-dark_180x@2x.png\",\"contentUrl\":\"http:\/\/lottespapery.com\/wp-content\/uploads\/2022\/11\/logo-dark_180x@2x.png\",\"width\":360,\"height\":100,\"caption\":\"Lotte&#039;s Papery\"},\"image\":{\"@id\":\"https:\/\/lottespapery.com\/en\/#\/schema\/logo\/image\/\"},\"sameAs\":[\"https:\/\/www.instagram.com\/lottes_papery\/\",\"https:\/\/www.facebook.com\/LottesPapery\/\"]}]}<\/script>\n<!-- \/ Yoast SEO plugin. -->","yoast_head_json":{"title":"Double-sided adhesive tape for wax stamps 50 pcs. - Lotte&#039;s Papery","description":"The double-sided adhesive tape circles are for your stamp prints that you want to attach to different surfaces, places and shapes.  All you have to do is make your special stamp, attach a double-sided adhesive circle to the bottom, tear off the protective paper on the other side of the circle and stick it on an invitation, envelope, gift or any other object. The stamp circle will also be easy to use on curved objects like bottles and will look great as an accent when giving gifts and anything else you can think of to personalize!  INSTRUCTIONS FOR USE:  Peel off the protective film from the double-sided adhesive pad attached to the other side of the stamper print, place the print in the desired location, press and rub it well using your fingers to make it stick evenly and firmly, and voila!","robots":{"index":"index","follow":"follow","max-snippet":"max-snippet:-1","max-image-preview":"max-image-preview:large","max-video-preview":"max-video-preview:-1"},"canonical":"https:\/\/lottespapery.com\/en\/products\/double-sided-glue-tape-circle-zimogluka-for-prints\/","og_locale":"en_US","og_type":"article","og_title":"Double-sided adhesive tape for wax stamps 50 pcs. - Lotte&#039;s Papery","og_description":"The double-sided adhesive tape circles are for your stamp prints that you want to attach to different surfaces, places and shapes.  All you have to do is make your special stamp, attach a double-sided adhesive circle to the bottom, tear off the protective paper on the other side of the circle and stick it on an invitation, envelope, gift or any other object. The stamp circle will also be easy to use on curved objects like bottles and will look great as an accent when giving gifts and anything else you can think of to personalize!  INSTRUCTIONS FOR USE:  Peel off the protective film from the double-sided adhesive pad attached to the other side of the stamper print, place the print in the desired location, press and rub it well using your fingers to make it stick evenly and firmly, and voila!","og_url":"https:\/\/lottespapery.com\/en\/products\/double-sided-glue-tape-circle-zimogluka-for-prints\/","og_site_name":"Lotte&#039;s Papery","article_publisher":"https:\/\/www.facebook.com\/LottesPapery\/","article_modified_time":"2025-11-10T12:48:15+00:00","og_image":[{"width":2048,"height":2048,"url":"http:\/\/lottespapery.com\/wp-content\/uploads\/2022\/11\/1_0bb0bc75-9f1a-4d2d-9ad4-6cb2fdf61a47.jpg","type":"image\/jpeg"}],"twitter_card":"summary_large_image","schema":{"@context":"https:\/\/schema.org","@graph":[{"@type":"WebPage","@id":"https:\/\/lottespapery.com\/en\/products\/double-sided-glue-tape-circle-zimogluka-for-prints\/","url":"https:\/\/lottespapery.com\/en\/products\/double-sided-glue-tape-circle-zimogluka-for-prints\/","name":"Double-sided adhesive tape for wax stamps 50 pcs. - Lotte&#039;s Papery","isPartOf":{"@id":"https:\/\/lottespapery.com\/en\/#website"},"datePublished":"2022-11-15T06:31:10+00:00","dateModified":"2025-11-10T12:48:15+00:00","description":"The double-sided adhesive tape circles are for your stamp prints that you want to attach to different surfaces, places and shapes. All you have to do is make your special stamp, attach a double-sided adhesive circle to the bottom, tear off the protective paper on the other side of the circle and stick it on an invitation, envelope, gift or any other object. The stamp circle will also be easy to use on curved objects like bottles and will look great as an accent when giving gifts and anything else you can think of to personalize! INSTRUCTIONS FOR USE: Peel off the protective film from the double-sided adhesive pad attached to the other side of the stamper print, place the print in the desired location, press and rub it well using your fingers to make it stick evenly and firmly, and voila!","breadcrumb":{"@id":"https:\/\/lottespapery.com\/en\/products\/double-sided-glue-tape-circle-zimogluka-for-prints\/#breadcrumb"},"inLanguage":"en-US","potentialAction":[{"@type":"ReadAction","target":["https:\/\/lottespapery.com\/en\/products\/double-sided-glue-tape-circle-zimogluka-for-prints\/"]}]},{"@type":"BreadcrumbList","@id":"https:\/\/lottespapery.com\/en\/products\/double-sided-glue-tape-circle-zimogluka-for-prints\/#breadcrumb","itemListElement":[{"@type":"ListItem","position":1,"name":"Home","item":"https:\/\/lottespapery.com\/en\/"},{"@type":"ListItem","position":2,"name":"Shop","item":"https:\/\/lottespapery.com\/en\/shop\/"},{"@type":"ListItem","position":3,"name":"Double-sided adhesive tape for wax stamps 50 pcs."}]},{"@type":"WebSite","@id":"https:\/\/lottespapery.com\/en\/#website","url":"https:\/\/lottespapery.com\/en\/","name":"Lotte&#039;s Papery","description":"Pap\u012brlietas un \u0101das izstr\u0101d\u0101jumi","publisher":{"@id":"https:\/\/lottespapery.com\/en\/#organization"},"potentialAction":[{"@type":"SearchAction","target":{"@type":"EntryPoint","urlTemplate":"https:\/\/lottespapery.com\/en\/?s={search_term_string}"},"query-input":"required name=search_term_string"}],"inLanguage":"en-US"},{"@type":"Organization","@id":"https:\/\/lottespapery.com\/en\/#organization","name":"Lotte&#039;s Papery","url":"https:\/\/lottespapery.com\/en\/","logo":{"@type":"ImageObject","inLanguage":"en-US","@id":"https:\/\/lottespapery.com\/en\/#\/schema\/logo\/image\/","url":"http:\/\/lottespapery.com\/wp-content\/uploads\/2022\/11\/logo-dark_180x@2x.png","contentUrl":"http:\/\/lottespapery.com\/wp-content\/uploads\/2022\/11\/logo-dark_180x@2x.png","width":360,"height":100,"caption":"Lotte&#039;s Papery"},"image":{"@id":"https:\/\/lottespapery.com\/en\/#\/schema\/logo\/image\/"},"sameAs":["https:\/\/www.instagram.com\/lottes_papery\/","https:\/\/www.facebook.com\/LottesPapery\/"]}]}},"_links":{"self":[{"href":"https:\/\/lottespapery.com\/en\/wp-json\/wp\/v2\/product\/27117","targetHints":{"allow":["GET"]}}],"collection":[{"href":"https:\/\/lottespapery.com\/en\/wp-json\/wp\/v2\/product"}],"about":[{"href":"https:\/\/lottespapery.com\/en\/wp-json\/wp\/v2\/types\/product"}],"wp:featuredmedia":[{"embeddable":true,"href":"https:\/\/lottespapery.com\/en\/wp-json\/wp\/v2\/media\/11285"}],"wp:attachment":[{"href":"https:\/\/lottespapery.com\/en\/wp-json\/wp\/v2\/media?parent=27117"}],"wp:term":[{"taxonomy":"product_brand","embeddable":true,"href":"https:\/\/lottespapery.com\/en\/wp-json\/wp\/v2\/product_brand?post=27117"},{"taxonomy":"product_cat","embeddable":true,"href":"https:\/\/lottespapery.com\/en\/wp-json\/wp\/v2\/product_cat?post=27117"},{"taxonomy":"product_tag","embeddable":true,"href":"https:\/\/lottespapery.com\/en\/wp-json\/wp\/v2\/product_tag?post=27117"}],"curies":[{"name":"wp","href":"https:\/\/api.w.org\/{rel}","templated":true}]}}