{"id":27129,"date":"2022-11-15T08:35:57","date_gmt":"2022-11-15T06:35:57","guid":{"rendered":"http:\/\/lottespapery.com\/products\/stamp-with-logo-personalized-engraving\/"},"modified":"2025-02-19T17:35:48","modified_gmt":"2025-02-19T15:35:48","slug":"stamp-with-logo-personalized-engraving","status":"publish","type":"product","link":"https:\/\/lottespapery.com\/en\/products\/stamp-with-logo-personalized-engraving\/","title":{"rendered":"Stamp with logo \/ personalized engraving"},"content":{"rendered":"","protected":false},"excerpt":{"rendered":"","protected":false},"featured_media":35805,"template":"","meta":[],"product_brand":[],"product_cat":[1753,899,900,901],"product_tag":[],"class_list":{"0":"post-27129","1":"product","2":"type-product","3":"status-publish","4":"has-post-thumbnail","6":"product_cat-custom-wax-stamps-and-sealing-wax","7":"product_cat-stamps-various","8":"product_cat-stamps-with-initials","9":"product_cat-stamps-with-symbols","11":"first","12":"instock","13":"taxable","14":"shipping-taxable","15":"purchasable","16":"product-type-variable","17":"has-default-attributes"},"raw_content":{"name":"Stamp with logo \/ personalized engraving","description":"","short_description":"","status":"publish","sku":"FE63-23DCF1","original":11601},"wpml":{"translation_type":1,"has_translations":true,"original":11601,"duplicates":[],"translations":{"lv":11601,"en":27129}},"yoast_head":"<!-- This site is optimized with the Yoast SEO plugin v19.10 - https:\/\/yoast.com\/wordpress\/plugins\/seo\/ -->\n<title>Stamp with logo \/ personalized engraving - Lotte&#039;s Papery<\/title>\n<meta name=\"description\" content=\"Stamp made in Latvia with personalized engraving - your logo, monogram, family coat of arms, etc. designs. Tips for preparing the file:   the thickness of the lines should preferably be no narrower than 0.3 mm to look good in the stamp print;  the diameter of the stamp is 25mm, while the area on which you can create a drawing is 23mm in diameter;  the vectors must be filled lines, not straight lines, and the vectors must not cross each other, but merged into one.  Before engraving, we will send you a visualization of the stamp to your e-mail for confirmation or final corrections. Stamp production time \u2013 2 working days from the approval of the layout. Even if you don&#039;t have any files or blanks, but have an idea that you want to see in your dream stamp, feel free to contact us and we will create a solution together. Send questions and files to: design@lottespapery.com  Choose one of the offered options when ordering a stamp (if you are not sure which option would be yours, feel free to write\/call us): - &quot;with sent layout&quot; - you have prepared the file, taking into account our requirements (see the section below in the description &quot;tips&quot;); - &quot;with sent layout (+processing)&quot; - You have a vector pdf file, but you want us to adapt it to the required parameters of the stamp; - &quot;with sent mock-up (+complex)&quot; - You have a very complex design (e.g. coat of arms, complicated company logo, etc.); - &quot;without mockup .jpg&quot; - You have a black on white picture and want to use it in the stamp design; - &quot;no layout + easy&quot; - you want us to create an easy layout, for example, a monogram with two letters, etc. - &quot;no layout + complex&quot; - you want us to create a complex and complicated design for your stamp. Stamp dimensions: brass head 25mm, mahogany or oak stem 8x2.5cm, 10x2.5cm full length. The stamp will serve perfectly as an elegant accent for wedding invitations, sealing letters, unusual packaging, and other creative ideas. Each stamp is packaged in a specially designed black cardboard box with the &quot;lotte&#039;s papery&quot; logo embossed on the lid in matte silver.\" \/>\n<meta name=\"robots\" content=\"index, follow, max-snippet:-1, max-image-preview:large, max-video-preview:-1\" \/>\n<link rel=\"canonical\" href=\"https:\/\/lottespapery.com\/en\/products\/stamp-with-logo-personalized-engraving\/\" \/>\n<meta property=\"og:locale\" content=\"en_US\" \/>\n<meta property=\"og:type\" content=\"article\" \/>\n<meta property=\"og:title\" content=\"Stamp with logo \/ personalized engraving - Lotte&#039;s Papery\" \/>\n<meta property=\"og:description\" content=\"Stamp made in Latvia with personalized engraving - your logo, monogram, family coat of arms, etc. designs. Tips for preparing the file:   the thickness of the lines should preferably be no narrower than 0.3 mm to look good in the stamp print;  the diameter of the stamp is 25mm, while the area on which you can create a drawing is 23mm in diameter;  the vectors must be filled lines, not straight lines, and the vectors must not cross each other, but merged into one.  Before engraving, we will send you a visualization of the stamp to your e-mail for confirmation or final corrections. Stamp production time \u2013 2 working days from the approval of the layout. Even if you don&#039;t have any files or blanks, but have an idea that you want to see in your dream stamp, feel free to contact us and we will create a solution together. Send questions and files to: design@lottespapery.com  Choose one of the offered options when ordering a stamp (if you are not sure which option would be yours, feel free to write\/call us): - &quot;with sent layout&quot; - you have prepared the file, taking into account our requirements (see the section below in the description &quot;tips&quot;); - &quot;with sent layout (+processing)&quot; - You have a vector pdf file, but you want us to adapt it to the required parameters of the stamp; - &quot;with sent mock-up (+complex)&quot; - You have a very complex design (e.g. coat of arms, complicated company logo, etc.); - &quot;without mockup .jpg&quot; - You have a black on white picture and want to use it in the stamp design; - &quot;no layout + easy&quot; - you want us to create an easy layout, for example, a monogram with two letters, etc. - &quot;no layout + complex&quot; - you want us to create a complex and complicated design for your stamp. Stamp dimensions: brass head 25mm, mahogany or oak stem 8x2.5cm, 10x2.5cm full length. The stamp will serve perfectly as an elegant accent for wedding invitations, sealing letters, unusual packaging, and other creative ideas. Each stamp is packaged in a specially designed black cardboard box with the &quot;lotte&#039;s papery&quot; logo embossed on the lid in matte silver.\" \/>\n<meta property=\"og:url\" content=\"https:\/\/lottespapery.com\/en\/products\/stamp-with-logo-personalized-engraving\/\" \/>\n<meta property=\"og:site_name\" content=\"Lotte&#039;s Papery\" \/>\n<meta property=\"article:publisher\" content=\"https:\/\/www.facebook.com\/LottesPapery\/\" \/>\n<meta property=\"article:modified_time\" content=\"2025-02-19T15:35:48+00:00\" \/>\n<meta property=\"og:image\" content=\"https:\/\/lottespapery.com\/wp-content\/uploads\/2022\/11\/YOUR-LOGO-HERE-zimogs-01.jpg\" \/>\n\t<meta property=\"og:image:width\" content=\"1440\" \/>\n\t<meta property=\"og:image:height\" content=\"1440\" \/>\n\t<meta property=\"og:image:type\" content=\"image\/jpeg\" \/>\n<meta name=\"twitter:card\" content=\"summary_large_image\" \/>\n<script type=\"application\/ld+json\" class=\"yoast-schema-graph\">{\"@context\":\"https:\/\/schema.org\",\"@graph\":[{\"@type\":\"WebPage\",\"@id\":\"https:\/\/lottespapery.com\/en\/products\/stamp-with-logo-personalized-engraving\/\",\"url\":\"https:\/\/lottespapery.com\/en\/products\/stamp-with-logo-personalized-engraving\/\",\"name\":\"Stamp with logo \/ personalized engraving - Lotte&#039;s Papery\",\"isPartOf\":{\"@id\":\"https:\/\/lottespapery.com\/en\/#website\"},\"datePublished\":\"2022-11-15T06:35:57+00:00\",\"dateModified\":\"2025-02-19T15:35:48+00:00\",\"description\":\"Stamp made in Latvia with personalized engraving - your logo, monogram, family coat of arms, etc. designs. Tips for preparing the file: \u2022 the thickness of the lines should preferably be no narrower than 0.3 mm to look good in the stamp print; \u2022 the diameter of the stamp is 25mm, while the area on which you can create a drawing is 23mm in diameter; \u2022 the vectors must be filled lines, not straight lines, and the vectors must not cross each other, but merged into one. Before engraving, we will send you a visualization of the stamp to your e-mail for confirmation or final corrections. Stamp production time \u2013 2 working days from the approval of the layout. Even if you don't have any files or blanks, but have an idea that you want to see in your dream stamp, feel free to contact us and we will create a solution together. Send questions and files to: design@lottespapery.com Choose one of the offered options when ordering a stamp (if you are not sure which option would be yours, feel free to write\/call us): - \\\"with sent layout\\\" - you have prepared the file, taking into account our requirements (see the section below in the description \\\"tips\\\"); - \\\"with sent layout (+processing)\\\" - You have a vector pdf file, but you want us to adapt it to the required parameters of the stamp; - \\\"with sent mock-up (+complex)\\\" - You have a very complex design (e.g. coat of arms, complicated company logo, etc.); - \\\"without mockup .jpg\\\" - You have a black on white picture and want to use it in the stamp design; - \\\"no layout + easy\\\" - you want us to create an easy layout, for example, a monogram with two letters, etc. - \\\"no layout + complex\\\" - you want us to create a complex and complicated design for your stamp. Stamp dimensions: brass head 25mm, mahogany or oak stem 8x2.5cm, 10x2.5cm full length. The stamp will serve perfectly as an elegant accent for wedding invitations, sealing letters, unusual packaging, and other creative ideas. Each stamp is packaged in a specially designed black cardboard box with the \\\"lotte's papery\\\" logo embossed on the lid in matte silver.\",\"breadcrumb\":{\"@id\":\"https:\/\/lottespapery.com\/en\/products\/stamp-with-logo-personalized-engraving\/#breadcrumb\"},\"inLanguage\":\"en-US\",\"potentialAction\":[{\"@type\":\"ReadAction\",\"target\":[\"https:\/\/lottespapery.com\/en\/products\/stamp-with-logo-personalized-engraving\/\"]}]},{\"@type\":\"BreadcrumbList\",\"@id\":\"https:\/\/lottespapery.com\/en\/products\/stamp-with-logo-personalized-engraving\/#breadcrumb\",\"itemListElement\":[{\"@type\":\"ListItem\",\"position\":1,\"name\":\"Home\",\"item\":\"https:\/\/lottespapery.com\/en\/\"},{\"@type\":\"ListItem\",\"position\":2,\"name\":\"Shop\",\"item\":\"https:\/\/lottespapery.com\/en\/shop\/\"},{\"@type\":\"ListItem\",\"position\":3,\"name\":\"Stamp with logo \/ personalized engraving\"}]},{\"@type\":\"WebSite\",\"@id\":\"https:\/\/lottespapery.com\/en\/#website\",\"url\":\"https:\/\/lottespapery.com\/en\/\",\"name\":\"Lotte&#039;s Papery\",\"description\":\"Pap\u012brlietas un \u0101das izstr\u0101d\u0101jumi\",\"publisher\":{\"@id\":\"https:\/\/lottespapery.com\/en\/#organization\"},\"potentialAction\":[{\"@type\":\"SearchAction\",\"target\":{\"@type\":\"EntryPoint\",\"urlTemplate\":\"https:\/\/lottespapery.com\/en\/?s={search_term_string}\"},\"query-input\":\"required name=search_term_string\"}],\"inLanguage\":\"en-US\"},{\"@type\":\"Organization\",\"@id\":\"https:\/\/lottespapery.com\/en\/#organization\",\"name\":\"Lotte&#039;s Papery\",\"url\":\"https:\/\/lottespapery.com\/en\/\",\"logo\":{\"@type\":\"ImageObject\",\"inLanguage\":\"en-US\",\"@id\":\"https:\/\/lottespapery.com\/en\/#\/schema\/logo\/image\/\",\"url\":\"http:\/\/lottespapery.com\/wp-content\/uploads\/2022\/11\/logo-dark_180x@2x.png\",\"contentUrl\":\"http:\/\/lottespapery.com\/wp-content\/uploads\/2022\/11\/logo-dark_180x@2x.png\",\"width\":360,\"height\":100,\"caption\":\"Lotte&#039;s Papery\"},\"image\":{\"@id\":\"https:\/\/lottespapery.com\/en\/#\/schema\/logo\/image\/\"},\"sameAs\":[\"https:\/\/www.instagram.com\/lottes_papery\/\",\"https:\/\/www.facebook.com\/LottesPapery\/\"]}]}<\/script>\n<!-- \/ Yoast SEO plugin. -->","yoast_head_json":{"title":"Stamp with logo \/ personalized engraving - Lotte&#039;s Papery","description":"Stamp made in Latvia with personalized engraving - your logo, monogram, family coat of arms, etc. designs. Tips for preparing the file:   the thickness of the lines should preferably be no narrower than 0.3 mm to look good in the stamp print;  the diameter of the stamp is 25mm, while the area on which you can create a drawing is 23mm in diameter;  the vectors must be filled lines, not straight lines, and the vectors must not cross each other, but merged into one.  Before engraving, we will send you a visualization of the stamp to your e-mail for confirmation or final corrections. Stamp production time \u2013 2 working days from the approval of the layout. Even if you don't have any files or blanks, but have an idea that you want to see in your dream stamp, feel free to contact us and we will create a solution together. Send questions and files to: design@lottespapery.com  Choose one of the offered options when ordering a stamp (if you are not sure which option would be yours, feel free to write\/call us): - \"with sent layout\" - you have prepared the file, taking into account our requirements (see the section below in the description \"tips\"); - \"with sent layout (+processing)\" - You have a vector pdf file, but you want us to adapt it to the required parameters of the stamp; - \"with sent mock-up (+complex)\" - You have a very complex design (e.g. coat of arms, complicated company logo, etc.); - \"without mockup .jpg\" - You have a black on white picture and want to use it in the stamp design; - \"no layout + easy\" - you want us to create an easy layout, for example, a monogram with two letters, etc. - \"no layout + complex\" - you want us to create a complex and complicated design for your stamp. Stamp dimensions: brass head 25mm, mahogany or oak stem 8x2.5cm, 10x2.5cm full length. The stamp will serve perfectly as an elegant accent for wedding invitations, sealing letters, unusual packaging, and other creative ideas. Each stamp is packaged in a specially designed black cardboard box with the \"lotte's papery\" logo embossed on the lid in matte silver.","robots":{"index":"index","follow":"follow","max-snippet":"max-snippet:-1","max-image-preview":"max-image-preview:large","max-video-preview":"max-video-preview:-1"},"canonical":"https:\/\/lottespapery.com\/en\/products\/stamp-with-logo-personalized-engraving\/","og_locale":"en_US","og_type":"article","og_title":"Stamp with logo \/ personalized engraving - Lotte&#039;s Papery","og_description":"Stamp made in Latvia with personalized engraving - your logo, monogram, family coat of arms, etc. designs. Tips for preparing the file:   the thickness of the lines should preferably be no narrower than 0.3 mm to look good in the stamp print;  the diameter of the stamp is 25mm, while the area on which you can create a drawing is 23mm in diameter;  the vectors must be filled lines, not straight lines, and the vectors must not cross each other, but merged into one.  Before engraving, we will send you a visualization of the stamp to your e-mail for confirmation or final corrections. Stamp production time \u2013 2 working days from the approval of the layout. Even if you don't have any files or blanks, but have an idea that you want to see in your dream stamp, feel free to contact us and we will create a solution together. Send questions and files to: design@lottespapery.com  Choose one of the offered options when ordering a stamp (if you are not sure which option would be yours, feel free to write\/call us): - \"with sent layout\" - you have prepared the file, taking into account our requirements (see the section below in the description \"tips\"); - \"with sent layout (+processing)\" - You have a vector pdf file, but you want us to adapt it to the required parameters of the stamp; - \"with sent mock-up (+complex)\" - You have a very complex design (e.g. coat of arms, complicated company logo, etc.); - \"without mockup .jpg\" - You have a black on white picture and want to use it in the stamp design; - \"no layout + easy\" - you want us to create an easy layout, for example, a monogram with two letters, etc. - \"no layout + complex\" - you want us to create a complex and complicated design for your stamp. Stamp dimensions: brass head 25mm, mahogany or oak stem 8x2.5cm, 10x2.5cm full length. The stamp will serve perfectly as an elegant accent for wedding invitations, sealing letters, unusual packaging, and other creative ideas. Each stamp is packaged in a specially designed black cardboard box with the \"lotte's papery\" logo embossed on the lid in matte silver.","og_url":"https:\/\/lottespapery.com\/en\/products\/stamp-with-logo-personalized-engraving\/","og_site_name":"Lotte&#039;s Papery","article_publisher":"https:\/\/www.facebook.com\/LottesPapery\/","article_modified_time":"2025-02-19T15:35:48+00:00","og_image":[{"width":1440,"height":1440,"url":"https:\/\/lottespapery.com\/wp-content\/uploads\/2022\/11\/YOUR-LOGO-HERE-zimogs-01.jpg","type":"image\/jpeg"}],"twitter_card":"summary_large_image","schema":{"@context":"https:\/\/schema.org","@graph":[{"@type":"WebPage","@id":"https:\/\/lottespapery.com\/en\/products\/stamp-with-logo-personalized-engraving\/","url":"https:\/\/lottespapery.com\/en\/products\/stamp-with-logo-personalized-engraving\/","name":"Stamp with logo \/ personalized engraving - Lotte&#039;s Papery","isPartOf":{"@id":"https:\/\/lottespapery.com\/en\/#website"},"datePublished":"2022-11-15T06:35:57+00:00","dateModified":"2025-02-19T15:35:48+00:00","description":"Stamp made in Latvia with personalized engraving - your logo, monogram, family coat of arms, etc. designs. Tips for preparing the file: \u2022 the thickness of the lines should preferably be no narrower than 0.3 mm to look good in the stamp print; \u2022 the diameter of the stamp is 25mm, while the area on which you can create a drawing is 23mm in diameter; \u2022 the vectors must be filled lines, not straight lines, and the vectors must not cross each other, but merged into one. Before engraving, we will send you a visualization of the stamp to your e-mail for confirmation or final corrections. Stamp production time \u2013 2 working days from the approval of the layout. Even if you don't have any files or blanks, but have an idea that you want to see in your dream stamp, feel free to contact us and we will create a solution together. Send questions and files to: design@lottespapery.com Choose one of the offered options when ordering a stamp (if you are not sure which option would be yours, feel free to write\/call us): - \"with sent layout\" - you have prepared the file, taking into account our requirements (see the section below in the description \"tips\"); - \"with sent layout (+processing)\" - You have a vector pdf file, but you want us to adapt it to the required parameters of the stamp; - \"with sent mock-up (+complex)\" - You have a very complex design (e.g. coat of arms, complicated company logo, etc.); - \"without mockup .jpg\" - You have a black on white picture and want to use it in the stamp design; - \"no layout + easy\" - you want us to create an easy layout, for example, a monogram with two letters, etc. - \"no layout + complex\" - you want us to create a complex and complicated design for your stamp. Stamp dimensions: brass head 25mm, mahogany or oak stem 8x2.5cm, 10x2.5cm full length. The stamp will serve perfectly as an elegant accent for wedding invitations, sealing letters, unusual packaging, and other creative ideas. Each stamp is packaged in a specially designed black cardboard box with the \"lotte's papery\" logo embossed on the lid in matte silver.","breadcrumb":{"@id":"https:\/\/lottespapery.com\/en\/products\/stamp-with-logo-personalized-engraving\/#breadcrumb"},"inLanguage":"en-US","potentialAction":[{"@type":"ReadAction","target":["https:\/\/lottespapery.com\/en\/products\/stamp-with-logo-personalized-engraving\/"]}]},{"@type":"BreadcrumbList","@id":"https:\/\/lottespapery.com\/en\/products\/stamp-with-logo-personalized-engraving\/#breadcrumb","itemListElement":[{"@type":"ListItem","position":1,"name":"Home","item":"https:\/\/lottespapery.com\/en\/"},{"@type":"ListItem","position":2,"name":"Shop","item":"https:\/\/lottespapery.com\/en\/shop\/"},{"@type":"ListItem","position":3,"name":"Stamp with logo \/ personalized engraving"}]},{"@type":"WebSite","@id":"https:\/\/lottespapery.com\/en\/#website","url":"https:\/\/lottespapery.com\/en\/","name":"Lotte&#039;s Papery","description":"Pap\u012brlietas un \u0101das izstr\u0101d\u0101jumi","publisher":{"@id":"https:\/\/lottespapery.com\/en\/#organization"},"potentialAction":[{"@type":"SearchAction","target":{"@type":"EntryPoint","urlTemplate":"https:\/\/lottespapery.com\/en\/?s={search_term_string}"},"query-input":"required name=search_term_string"}],"inLanguage":"en-US"},{"@type":"Organization","@id":"https:\/\/lottespapery.com\/en\/#organization","name":"Lotte&#039;s Papery","url":"https:\/\/lottespapery.com\/en\/","logo":{"@type":"ImageObject","inLanguage":"en-US","@id":"https:\/\/lottespapery.com\/en\/#\/schema\/logo\/image\/","url":"http:\/\/lottespapery.com\/wp-content\/uploads\/2022\/11\/logo-dark_180x@2x.png","contentUrl":"http:\/\/lottespapery.com\/wp-content\/uploads\/2022\/11\/logo-dark_180x@2x.png","width":360,"height":100,"caption":"Lotte&#039;s Papery"},"image":{"@id":"https:\/\/lottespapery.com\/en\/#\/schema\/logo\/image\/"},"sameAs":["https:\/\/www.instagram.com\/lottes_papery\/","https:\/\/www.facebook.com\/LottesPapery\/"]}]}},"_links":{"self":[{"href":"https:\/\/lottespapery.com\/en\/wp-json\/wp\/v2\/product\/27129","targetHints":{"allow":["GET"]}}],"collection":[{"href":"https:\/\/lottespapery.com\/en\/wp-json\/wp\/v2\/product"}],"about":[{"href":"https:\/\/lottespapery.com\/en\/wp-json\/wp\/v2\/types\/product"}],"wp:featuredmedia":[{"embeddable":true,"href":"https:\/\/lottespapery.com\/en\/wp-json\/wp\/v2\/media\/35805"}],"wp:attachment":[{"href":"https:\/\/lottespapery.com\/en\/wp-json\/wp\/v2\/media?parent=27129"}],"wp:term":[{"taxonomy":"product_brand","embeddable":true,"href":"https:\/\/lottespapery.com\/en\/wp-json\/wp\/v2\/product_brand?post=27129"},{"taxonomy":"product_cat","embeddable":true,"href":"https:\/\/lottespapery.com\/en\/wp-json\/wp\/v2\/product_cat?post=27129"},{"taxonomy":"product_tag","embeddable":true,"href":"https:\/\/lottespapery.com\/en\/wp-json\/wp\/v2\/product_tag?post=27129"}],"curies":[{"name":"wp","href":"https:\/\/api.w.org\/{rel}","templated":true}]}}