{"id":27148,"date":"2023-03-30T15:27:48","date_gmt":"2023-03-30T12:27:48","guid":{"rendered":"http:\/\/lottespapery.com\/products\/color-halves-ready-made-hand-melted-sealing-wax-stickers\/"},"modified":"2025-11-10T14:49:38","modified_gmt":"2025-11-10T12:49:38","slug":"krasu-half-ready-for-hand-causets-zymoglaka-stickers","status":"publish","type":"product","link":"https:\/\/lottespapery.com\/en\/products\/krasu-half-ready-for-hand-causets-zymoglaka-stickers\/","title":{"rendered":"Color splits \/\/ Ready-made self adhesive sealing wax stickers"},"content":{"rendered":"","protected":false},"excerpt":{"rendered":"","protected":false},"featured_media":19663,"template":"","meta":[],"product_brand":[],"product_cat":[896,897,1792,906],"product_tag":[],"class_list":{"0":"post-27148","1":"product","2":"type-product","3":"status-publish","4":"has-post-thumbnail","6":"product_cat-stickers","7":"product_cat-stamps","8":"product_cat-wax-stickers","9":"product_cat-sealing-wax-stamps","11":"first","12":"instock","13":"taxable","14":"shipping-taxable","15":"purchasable","16":"product-type-simple"},"raw_content":{"name":"Color splits \/\/ Ready-made self adhesive sealing wax stickers","description":"","short_description":"","status":"publish","sku":"E841-5AACC6","original":19653},"wpml":{"translation_type":1,"has_translations":true,"original":19653,"duplicates":[],"translations":{"lv":19653,"en":27148}},"yoast_head":"<!-- This site is optimized with the Yoast SEO plugin v19.10 - https:\/\/yoast.com\/wordpress\/plugins\/seo\/ -->\n<title>Color splits \/\/ Ready-made self adhesive sealing wax stickers - Lotte&#039;s Papery<\/title>\n<meta name=\"description\" content=\"Adhesive wax stickers  The set consists of the following colors:  - gold + dark green - gold + red - light silver + dark blue - light silver + gold  Stamps are a beautiful addition to invitations, gifts and greetings and are becoming especially popular in the wedding stationery industry. We offer to skip the complicated fusing process and save money on the purchase of stamp, sealing wax and melting tools! Make the process effortless, even if crafting isn\u2019t your thing\u2014simply choose from our ready-made design stamps! Just peel off the protective paper on the other side, stick it on an invitation, envelope, gift or other object - and voila! Admire the beautiful end result and do a little dance of joy :)  The stamp is very flexible, so you can safely send it by post, but please read the important information below to avoid mistakes.  Production time: 2-5 working days.  IMPORTANT INFORMATION:  - The stamp print is durable and we use a strong double sided tape to hold the sticker in place. However, we recommend placing the sealed invitation or envelope in another envelope if you decide to send it by mail, to avoid tearing, which can happen due to the mechanical operation of modern mail sorting machines.  - All wax stickers are created by hand, so each one is unique and no two are the same. If you notice a bubble on the edge or slightly uneven edges, it\u2019s simply a natural part of the melting process. In our view, this isn\u2019t a flaw but rather a unique touch that adds character to the final product.  We strive to represent the stamp colors as accurately as possible. However, due to varying monitor settings, please keep in mind that the final impression may differ slightly. If you need an exact color, please order order a sample to see real life colors or come to our workshop to see the shades in person.  INSTRUCTIONS FOR USE:  Peel off the protective film on the back of the sticker, place the stamp in your desired location, and press firmly, rubbing it evenly with your fingers for a secure hold\u2014and you&#039;re done!\" \/>\n<meta name=\"robots\" content=\"index, follow, max-snippet:-1, max-image-preview:large, max-video-preview:-1\" \/>\n<link rel=\"canonical\" href=\"https:\/\/lottespapery.com\/en\/products\/krasu-half-ready-for-hand-causets-zymoglaka-stickers\/\" \/>\n<meta property=\"og:locale\" content=\"en_US\" \/>\n<meta property=\"og:type\" content=\"article\" \/>\n<meta property=\"og:title\" content=\"Color splits \/\/ Ready-made self adhesive sealing wax stickers - Lotte&#039;s Papery\" \/>\n<meta property=\"og:description\" content=\"Adhesive wax stickers  The set consists of the following colors:  - gold + dark green - gold + red - light silver + dark blue - light silver + gold  Stamps are a beautiful addition to invitations, gifts and greetings and are becoming especially popular in the wedding stationery industry. We offer to skip the complicated fusing process and save money on the purchase of stamp, sealing wax and melting tools! Make the process effortless, even if crafting isn\u2019t your thing\u2014simply choose from our ready-made design stamps! Just peel off the protective paper on the other side, stick it on an invitation, envelope, gift or other object - and voila! Admire the beautiful end result and do a little dance of joy :)  The stamp is very flexible, so you can safely send it by post, but please read the important information below to avoid mistakes.  Production time: 2-5 working days.  IMPORTANT INFORMATION:  - The stamp print is durable and we use a strong double sided tape to hold the sticker in place. However, we recommend placing the sealed invitation or envelope in another envelope if you decide to send it by mail, to avoid tearing, which can happen due to the mechanical operation of modern mail sorting machines.  - All wax stickers are created by hand, so each one is unique and no two are the same. If you notice a bubble on the edge or slightly uneven edges, it\u2019s simply a natural part of the melting process. In our view, this isn\u2019t a flaw but rather a unique touch that adds character to the final product.  We strive to represent the stamp colors as accurately as possible. However, due to varying monitor settings, please keep in mind that the final impression may differ slightly. If you need an exact color, please order order a sample to see real life colors or come to our workshop to see the shades in person.  INSTRUCTIONS FOR USE:  Peel off the protective film on the back of the sticker, place the stamp in your desired location, and press firmly, rubbing it evenly with your fingers for a secure hold\u2014and you&#039;re done!\" \/>\n<meta property=\"og:url\" content=\"https:\/\/lottespapery.com\/en\/products\/krasu-half-ready-for-hand-causets-zymoglaka-stickers\/\" \/>\n<meta property=\"og:site_name\" content=\"Lotte&#039;s Papery\" \/>\n<meta property=\"article:publisher\" content=\"https:\/\/www.facebook.com\/LottesPapery\/\" \/>\n<meta property=\"article:modified_time\" content=\"2025-11-10T12:49:38+00:00\" \/>\n<meta property=\"og:image\" content=\"http:\/\/lottespapery.com\/wp-content\/uploads\/2023\/03\/LOT_6319_1-1024x1024.jpg\" \/>\n\t<meta property=\"og:image:width\" content=\"1024\" \/>\n\t<meta property=\"og:image:height\" content=\"1024\" \/>\n\t<meta property=\"og:image:type\" content=\"image\/jpeg\" \/>\n<meta name=\"twitter:card\" content=\"summary_large_image\" \/>\n<script type=\"application\/ld+json\" class=\"yoast-schema-graph\">{\"@context\":\"https:\/\/schema.org\",\"@graph\":[{\"@type\":\"WebPage\",\"@id\":\"https:\/\/lottespapery.com\/en\/products\/krasu-half-ready-for-hand-causets-zymoglaka-stickers\/\",\"url\":\"https:\/\/lottespapery.com\/en\/products\/krasu-half-ready-for-hand-causets-zymoglaka-stickers\/\",\"name\":\"Color splits \/\/ Ready-made self adhesive sealing wax stickers - Lotte&#039;s Papery\",\"isPartOf\":{\"@id\":\"https:\/\/lottespapery.com\/en\/#website\"},\"datePublished\":\"2023-03-30T12:27:48+00:00\",\"dateModified\":\"2025-11-10T12:49:38+00:00\",\"description\":\"Adhesive wax stickers The set consists of the following colors: - gold + dark green - gold + red - light silver + dark blue - light silver + gold Stamps are a beautiful addition to invitations, gifts and greetings and are becoming especially popular in the wedding stationery industry. We offer to skip the complicated fusing process and save money on the purchase of stamp, sealing wax and melting tools! Make the process effortless, even if crafting isn\u2019t your thing\u2014simply choose from our ready-made design stamps! Just peel off the protective paper on the other side, stick it on an invitation, envelope, gift or other object - and voila! Admire the beautiful end result and do a little dance of joy :) The stamp is very flexible, so you can safely send it by post, but please read the important information below to avoid mistakes. Production time: 2-5 working days. IMPORTANT INFORMATION: - The stamp print is durable and we use a strong double sided tape to hold the sticker in place. However, we recommend placing the sealed invitation or envelope in another envelope if you decide to send it by mail, to avoid tearing, which can happen due to the mechanical operation of modern mail sorting machines. - All wax stickers are created by hand, so each one is unique and no two are the same. If you notice a bubble on the edge or slightly uneven edges, it\u2019s simply a natural part of the melting process. In our view, this isn\u2019t a flaw but rather a unique touch that adds character to the final product. We strive to represent the stamp colors as accurately as possible. However, due to varying monitor settings, please keep in mind that the final impression may differ slightly. If you need an exact color, please order order a sample to see real life colors or come to our workshop to see the shades in person. INSTRUCTIONS FOR USE: Peel off the protective film on the back of the sticker, place the stamp in your desired location, and press firmly, rubbing it evenly with your fingers for a secure hold\u2014and you're done!\",\"breadcrumb\":{\"@id\":\"https:\/\/lottespapery.com\/en\/products\/krasu-half-ready-for-hand-causets-zymoglaka-stickers\/#breadcrumb\"},\"inLanguage\":\"en-US\",\"potentialAction\":[{\"@type\":\"ReadAction\",\"target\":[\"https:\/\/lottespapery.com\/en\/products\/krasu-half-ready-for-hand-causets-zymoglaka-stickers\/\"]}]},{\"@type\":\"BreadcrumbList\",\"@id\":\"https:\/\/lottespapery.com\/en\/products\/krasu-half-ready-for-hand-causets-zymoglaka-stickers\/#breadcrumb\",\"itemListElement\":[{\"@type\":\"ListItem\",\"position\":1,\"name\":\"Home\",\"item\":\"https:\/\/lottespapery.com\/en\/\"},{\"@type\":\"ListItem\",\"position\":2,\"name\":\"Shop\",\"item\":\"https:\/\/lottespapery.com\/en\/shop\/\"},{\"@type\":\"ListItem\",\"position\":3,\"name\":\"Color splits \/\/ Ready-made self adhesive sealing wax stickers\"}]},{\"@type\":\"WebSite\",\"@id\":\"https:\/\/lottespapery.com\/en\/#website\",\"url\":\"https:\/\/lottespapery.com\/en\/\",\"name\":\"Lotte&#039;s Papery\",\"description\":\"Pap\u012brlietas un \u0101das izstr\u0101d\u0101jumi\",\"publisher\":{\"@id\":\"https:\/\/lottespapery.com\/en\/#organization\"},\"potentialAction\":[{\"@type\":\"SearchAction\",\"target\":{\"@type\":\"EntryPoint\",\"urlTemplate\":\"https:\/\/lottespapery.com\/en\/?s={search_term_string}\"},\"query-input\":\"required name=search_term_string\"}],\"inLanguage\":\"en-US\"},{\"@type\":\"Organization\",\"@id\":\"https:\/\/lottespapery.com\/en\/#organization\",\"name\":\"Lotte&#039;s Papery\",\"url\":\"https:\/\/lottespapery.com\/en\/\",\"logo\":{\"@type\":\"ImageObject\",\"inLanguage\":\"en-US\",\"@id\":\"https:\/\/lottespapery.com\/en\/#\/schema\/logo\/image\/\",\"url\":\"http:\/\/lottespapery.com\/wp-content\/uploads\/2022\/11\/logo-dark_180x@2x.png\",\"contentUrl\":\"http:\/\/lottespapery.com\/wp-content\/uploads\/2022\/11\/logo-dark_180x@2x.png\",\"width\":360,\"height\":100,\"caption\":\"Lotte&#039;s Papery\"},\"image\":{\"@id\":\"https:\/\/lottespapery.com\/en\/#\/schema\/logo\/image\/\"},\"sameAs\":[\"https:\/\/www.instagram.com\/lottes_papery\/\",\"https:\/\/www.facebook.com\/LottesPapery\/\"]}]}<\/script>\n<!-- \/ Yoast SEO plugin. -->","yoast_head_json":{"title":"Color splits \/\/ Ready-made self adhesive sealing wax stickers - Lotte&#039;s Papery","description":"Adhesive wax stickers  The set consists of the following colors:  - gold + dark green - gold + red - light silver + dark blue - light silver + gold  Stamps are a beautiful addition to invitations, gifts and greetings and are becoming especially popular in the wedding stationery industry. We offer to skip the complicated fusing process and save money on the purchase of stamp, sealing wax and melting tools! Make the process effortless, even if crafting isn\u2019t your thing\u2014simply choose from our ready-made design stamps! Just peel off the protective paper on the other side, stick it on an invitation, envelope, gift or other object - and voila! Admire the beautiful end result and do a little dance of joy :)  The stamp is very flexible, so you can safely send it by post, but please read the important information below to avoid mistakes.  Production time: 2-5 working days.  IMPORTANT INFORMATION:  - The stamp print is durable and we use a strong double sided tape to hold the sticker in place. However, we recommend placing the sealed invitation or envelope in another envelope if you decide to send it by mail, to avoid tearing, which can happen due to the mechanical operation of modern mail sorting machines.  - All wax stickers are created by hand, so each one is unique and no two are the same. If you notice a bubble on the edge or slightly uneven edges, it\u2019s simply a natural part of the melting process. In our view, this isn\u2019t a flaw but rather a unique touch that adds character to the final product.  We strive to represent the stamp colors as accurately as possible. However, due to varying monitor settings, please keep in mind that the final impression may differ slightly. If you need an exact color, please order order a sample to see real life colors or come to our workshop to see the shades in person.  INSTRUCTIONS FOR USE:  Peel off the protective film on the back of the sticker, place the stamp in your desired location, and press firmly, rubbing it evenly with your fingers for a secure hold\u2014and you're done!","robots":{"index":"index","follow":"follow","max-snippet":"max-snippet:-1","max-image-preview":"max-image-preview:large","max-video-preview":"max-video-preview:-1"},"canonical":"https:\/\/lottespapery.com\/en\/products\/krasu-half-ready-for-hand-causets-zymoglaka-stickers\/","og_locale":"en_US","og_type":"article","og_title":"Color splits \/\/ Ready-made self adhesive sealing wax stickers - Lotte&#039;s Papery","og_description":"Adhesive wax stickers  The set consists of the following colors:  - gold + dark green - gold + red - light silver + dark blue - light silver + gold  Stamps are a beautiful addition to invitations, gifts and greetings and are becoming especially popular in the wedding stationery industry. We offer to skip the complicated fusing process and save money on the purchase of stamp, sealing wax and melting tools! Make the process effortless, even if crafting isn\u2019t your thing\u2014simply choose from our ready-made design stamps! Just peel off the protective paper on the other side, stick it on an invitation, envelope, gift or other object - and voila! Admire the beautiful end result and do a little dance of joy :)  The stamp is very flexible, so you can safely send it by post, but please read the important information below to avoid mistakes.  Production time: 2-5 working days.  IMPORTANT INFORMATION:  - The stamp print is durable and we use a strong double sided tape to hold the sticker in place. However, we recommend placing the sealed invitation or envelope in another envelope if you decide to send it by mail, to avoid tearing, which can happen due to the mechanical operation of modern mail sorting machines.  - All wax stickers are created by hand, so each one is unique and no two are the same. If you notice a bubble on the edge or slightly uneven edges, it\u2019s simply a natural part of the melting process. In our view, this isn\u2019t a flaw but rather a unique touch that adds character to the final product.  We strive to represent the stamp colors as accurately as possible. However, due to varying monitor settings, please keep in mind that the final impression may differ slightly. If you need an exact color, please order order a sample to see real life colors or come to our workshop to see the shades in person.  INSTRUCTIONS FOR USE:  Peel off the protective film on the back of the sticker, place the stamp in your desired location, and press firmly, rubbing it evenly with your fingers for a secure hold\u2014and you're done!","og_url":"https:\/\/lottespapery.com\/en\/products\/krasu-half-ready-for-hand-causets-zymoglaka-stickers\/","og_site_name":"Lotte&#039;s Papery","article_publisher":"https:\/\/www.facebook.com\/LottesPapery\/","article_modified_time":"2025-11-10T12:49:38+00:00","og_image":[{"width":1024,"height":1024,"url":"http:\/\/lottespapery.com\/wp-content\/uploads\/2023\/03\/LOT_6319_1-1024x1024.jpg","type":"image\/jpeg"}],"twitter_card":"summary_large_image","schema":{"@context":"https:\/\/schema.org","@graph":[{"@type":"WebPage","@id":"https:\/\/lottespapery.com\/en\/products\/krasu-half-ready-for-hand-causets-zymoglaka-stickers\/","url":"https:\/\/lottespapery.com\/en\/products\/krasu-half-ready-for-hand-causets-zymoglaka-stickers\/","name":"Color splits \/\/ Ready-made self adhesive sealing wax stickers - Lotte&#039;s Papery","isPartOf":{"@id":"https:\/\/lottespapery.com\/en\/#website"},"datePublished":"2023-03-30T12:27:48+00:00","dateModified":"2025-11-10T12:49:38+00:00","description":"Adhesive wax stickers The set consists of the following colors: - gold + dark green - gold + red - light silver + dark blue - light silver + gold Stamps are a beautiful addition to invitations, gifts and greetings and are becoming especially popular in the wedding stationery industry. We offer to skip the complicated fusing process and save money on the purchase of stamp, sealing wax and melting tools! Make the process effortless, even if crafting isn\u2019t your thing\u2014simply choose from our ready-made design stamps! Just peel off the protective paper on the other side, stick it on an invitation, envelope, gift or other object - and voila! Admire the beautiful end result and do a little dance of joy :) The stamp is very flexible, so you can safely send it by post, but please read the important information below to avoid mistakes. Production time: 2-5 working days. IMPORTANT INFORMATION: - The stamp print is durable and we use a strong double sided tape to hold the sticker in place. However, we recommend placing the sealed invitation or envelope in another envelope if you decide to send it by mail, to avoid tearing, which can happen due to the mechanical operation of modern mail sorting machines. - All wax stickers are created by hand, so each one is unique and no two are the same. If you notice a bubble on the edge or slightly uneven edges, it\u2019s simply a natural part of the melting process. In our view, this isn\u2019t a flaw but rather a unique touch that adds character to the final product. We strive to represent the stamp colors as accurately as possible. However, due to varying monitor settings, please keep in mind that the final impression may differ slightly. If you need an exact color, please order order a sample to see real life colors or come to our workshop to see the shades in person. INSTRUCTIONS FOR USE: Peel off the protective film on the back of the sticker, place the stamp in your desired location, and press firmly, rubbing it evenly with your fingers for a secure hold\u2014and you're done!","breadcrumb":{"@id":"https:\/\/lottespapery.com\/en\/products\/krasu-half-ready-for-hand-causets-zymoglaka-stickers\/#breadcrumb"},"inLanguage":"en-US","potentialAction":[{"@type":"ReadAction","target":["https:\/\/lottespapery.com\/en\/products\/krasu-half-ready-for-hand-causets-zymoglaka-stickers\/"]}]},{"@type":"BreadcrumbList","@id":"https:\/\/lottespapery.com\/en\/products\/krasu-half-ready-for-hand-causets-zymoglaka-stickers\/#breadcrumb","itemListElement":[{"@type":"ListItem","position":1,"name":"Home","item":"https:\/\/lottespapery.com\/en\/"},{"@type":"ListItem","position":2,"name":"Shop","item":"https:\/\/lottespapery.com\/en\/shop\/"},{"@type":"ListItem","position":3,"name":"Color splits \/\/ Ready-made self adhesive sealing wax stickers"}]},{"@type":"WebSite","@id":"https:\/\/lottespapery.com\/en\/#website","url":"https:\/\/lottespapery.com\/en\/","name":"Lotte&#039;s Papery","description":"Pap\u012brlietas un \u0101das izstr\u0101d\u0101jumi","publisher":{"@id":"https:\/\/lottespapery.com\/en\/#organization"},"potentialAction":[{"@type":"SearchAction","target":{"@type":"EntryPoint","urlTemplate":"https:\/\/lottespapery.com\/en\/?s={search_term_string}"},"query-input":"required name=search_term_string"}],"inLanguage":"en-US"},{"@type":"Organization","@id":"https:\/\/lottespapery.com\/en\/#organization","name":"Lotte&#039;s Papery","url":"https:\/\/lottespapery.com\/en\/","logo":{"@type":"ImageObject","inLanguage":"en-US","@id":"https:\/\/lottespapery.com\/en\/#\/schema\/logo\/image\/","url":"http:\/\/lottespapery.com\/wp-content\/uploads\/2022\/11\/logo-dark_180x@2x.png","contentUrl":"http:\/\/lottespapery.com\/wp-content\/uploads\/2022\/11\/logo-dark_180x@2x.png","width":360,"height":100,"caption":"Lotte&#039;s Papery"},"image":{"@id":"https:\/\/lottespapery.com\/en\/#\/schema\/logo\/image\/"},"sameAs":["https:\/\/www.instagram.com\/lottes_papery\/","https:\/\/www.facebook.com\/LottesPapery\/"]}]}},"_links":{"self":[{"href":"https:\/\/lottespapery.com\/en\/wp-json\/wp\/v2\/product\/27148","targetHints":{"allow":["GET"]}}],"collection":[{"href":"https:\/\/lottespapery.com\/en\/wp-json\/wp\/v2\/product"}],"about":[{"href":"https:\/\/lottespapery.com\/en\/wp-json\/wp\/v2\/types\/product"}],"wp:featuredmedia":[{"embeddable":true,"href":"https:\/\/lottespapery.com\/en\/wp-json\/wp\/v2\/media\/19663"}],"wp:attachment":[{"href":"https:\/\/lottespapery.com\/en\/wp-json\/wp\/v2\/media?parent=27148"}],"wp:term":[{"taxonomy":"product_brand","embeddable":true,"href":"https:\/\/lottespapery.com\/en\/wp-json\/wp\/v2\/product_brand?post=27148"},{"taxonomy":"product_cat","embeddable":true,"href":"https:\/\/lottespapery.com\/en\/wp-json\/wp\/v2\/product_cat?post=27148"},{"taxonomy":"product_tag","embeddable":true,"href":"https:\/\/lottespapery.com\/en\/wp-json\/wp\/v2\/product_tag?post=27148"}],"curies":[{"name":"wp","href":"https:\/\/api.w.org\/{rel}","templated":true}]}}