{"id":27178,"date":"2022-11-15T05:55:24","date_gmt":"2022-11-15T03:55:24","guid":{"rendered":"http:\/\/lottespapery.com\/products\/retro-bus-ready-made-hand-melted-rubber-stamp-stickers\/"},"modified":"2025-11-10T14:45:42","modified_gmt":"2025-11-10T12:45:42","slug":"retro-busins-ready-to-use-causets-zymoglakas-stickers","status":"publish","type":"product","link":"https:\/\/lottespapery.com\/en\/products\/retro-busins-ready-to-use-causets-zymoglakas-stickers\/","title":{"rendered":"Retro bus \/\/ Ready-made self adhesive wax stickers"},"content":{"rendered":"","protected":false},"excerpt":{"rendered":"","protected":false},"featured_media":2629,"template":"","meta":[],"product_brand":[],"product_cat":[906],"product_tag":[],"class_list":{"0":"post-27178","1":"product","2":"type-product","3":"status-publish","4":"has-post-thumbnail","6":"product_cat-sealing-wax-stamps","8":"first","9":"instock","10":"taxable","11":"shipping-taxable","12":"purchasable","13":"product-type-variable","14":"has-default-attributes"},"raw_content":{"name":"Retro bus \/\/ Ready-made self adhesive wax stickers","description":"","short_description":"","status":"publish","sku":"6CFA-6783BE","original":2547},"wpml":{"translation_type":1,"has_translations":true,"original":2547,"duplicates":[],"translations":{"lv":2547,"en":27178}},"yoast_head":"<!-- This site is optimized with the Yoast SEO plugin v19.10 - https:\/\/yoast.com\/wordpress\/plugins\/seo\/ -->\n<title>Retro bus \/\/ Ready-made self adhesive wax stickers - Lotte&#039;s Papery<\/title>\n<meta name=\"description\" content=\"Ready-made wax stamp stickers with a retro bus symbol in the color of your choice.  Stamps are a beautiful addition to invitations, gifts, greetings and are becoming especially popular in the wedding stationery industry. We offer to skip the complicated fusing process and save money on the purchase of stamp, sealer and fusing tools! Make this process pleasant if you are not one with handicrafts - You just have to choose one of our ready-made design stamps! Tear off the protective paper on the other side, stick it on an invitation, envelope, gift or other object - and voila! All that remains is to admire the beautiful end result and do a little dance of joy :)  The stamp is very flexible, so you can safely send it by post, but please read the important information below to avoid mistakes.  Production time: 2-5 working days.  Size: A 25mm stamp is used, but the imprint together with the edges forms a circle of approximately 30mm diameter.  IMPORTANT INFORMATION:  - The stamp print is super durable and we use a super strong double sided tape circle to hold the print in place. However, we recommend placing the stamped invitation or envelope in another envelope if you decide to send it by mail, to avoid tearing, which can happen due to the mechanical operation of modern mail sorting machines.  - All rubber stamps are created by hand, so each one is unique and will not be repeated. If you see a bubble on the edge or the edges are not all smooth, you know that this is part of the natural melting process and, in our opinion, this is not a disadvantage, but rather adds uniqueness to the product.  - We try to represent the colors of the stamp as natural as possible, but due to different monitor settings, please take into account that the final impression may vary slightly. If you need special precision, then order a sample or come to our office to see the shades in person.  INSTRUCTIONS FOR USE:  Peel off the protective film on the other side of the stamper print, place the print in the desired location, press and rub it well using your fingers so that it adheres evenly and firmly, and you&#039;re done!\" \/>\n<meta name=\"robots\" content=\"index, follow, max-snippet:-1, max-image-preview:large, max-video-preview:-1\" \/>\n<link rel=\"canonical\" href=\"https:\/\/lottespapery.com\/en\/products\/retro-busins-ready-to-use-causets-zymoglakas-stickers\/\" \/>\n<meta property=\"og:locale\" content=\"en_US\" \/>\n<meta property=\"og:type\" content=\"article\" \/>\n<meta property=\"og:title\" content=\"Retro bus \/\/ Ready-made self adhesive wax stickers - Lotte&#039;s Papery\" \/>\n<meta property=\"og:description\" content=\"Ready-made wax stamp stickers with a retro bus symbol in the color of your choice.  Stamps are a beautiful addition to invitations, gifts, greetings and are becoming especially popular in the wedding stationery industry. We offer to skip the complicated fusing process and save money on the purchase of stamp, sealer and fusing tools! Make this process pleasant if you are not one with handicrafts - You just have to choose one of our ready-made design stamps! Tear off the protective paper on the other side, stick it on an invitation, envelope, gift or other object - and voila! All that remains is to admire the beautiful end result and do a little dance of joy :)  The stamp is very flexible, so you can safely send it by post, but please read the important information below to avoid mistakes.  Production time: 2-5 working days.  Size: A 25mm stamp is used, but the imprint together with the edges forms a circle of approximately 30mm diameter.  IMPORTANT INFORMATION:  - The stamp print is super durable and we use a super strong double sided tape circle to hold the print in place. However, we recommend placing the stamped invitation or envelope in another envelope if you decide to send it by mail, to avoid tearing, which can happen due to the mechanical operation of modern mail sorting machines.  - All rubber stamps are created by hand, so each one is unique and will not be repeated. If you see a bubble on the edge or the edges are not all smooth, you know that this is part of the natural melting process and, in our opinion, this is not a disadvantage, but rather adds uniqueness to the product.  - We try to represent the colors of the stamp as natural as possible, but due to different monitor settings, please take into account that the final impression may vary slightly. If you need special precision, then order a sample or come to our office to see the shades in person.  INSTRUCTIONS FOR USE:  Peel off the protective film on the other side of the stamper print, place the print in the desired location, press and rub it well using your fingers so that it adheres evenly and firmly, and you&#039;re done!\" \/>\n<meta property=\"og:url\" content=\"https:\/\/lottespapery.com\/en\/products\/retro-busins-ready-to-use-causets-zymoglakas-stickers\/\" \/>\n<meta property=\"og:site_name\" content=\"Lotte&#039;s Papery\" \/>\n<meta property=\"article:publisher\" content=\"https:\/\/www.facebook.com\/LottesPapery\/\" \/>\n<meta property=\"article:modified_time\" content=\"2025-11-10T12:45:42+00:00\" \/>\n<meta property=\"og:image\" content=\"http:\/\/lottespapery.com\/wp-content\/uploads\/2022\/11\/Zimoguvizualizacijas_2022pavasaris-022-22-0111-0111-0111-0111-0111-01-0111-0111-01_a802e0ae-ca74-4868-8973-006db9ed3b0c-scaled.jpg\" \/>\n\t<meta property=\"og:image:width\" content=\"2560\" \/>\n\t<meta property=\"og:image:height\" content=\"2560\" \/>\n\t<meta property=\"og:image:type\" content=\"image\/jpeg\" \/>\n<meta name=\"twitter:card\" content=\"summary_large_image\" \/>\n<script type=\"application\/ld+json\" class=\"yoast-schema-graph\">{\"@context\":\"https:\/\/schema.org\",\"@graph\":[{\"@type\":\"WebPage\",\"@id\":\"https:\/\/lottespapery.com\/en\/products\/retro-busins-ready-to-use-causets-zymoglakas-stickers\/\",\"url\":\"https:\/\/lottespapery.com\/en\/products\/retro-busins-ready-to-use-causets-zymoglakas-stickers\/\",\"name\":\"Retro bus \/\/ Ready-made self adhesive wax stickers - Lotte&#039;s Papery\",\"isPartOf\":{\"@id\":\"https:\/\/lottespapery.com\/en\/#website\"},\"datePublished\":\"2022-11-15T03:55:24+00:00\",\"dateModified\":\"2025-11-10T12:45:42+00:00\",\"description\":\"Ready-made wax stamp stickers with a retro bus symbol in the color of your choice. Stamps are a beautiful addition to invitations, gifts, greetings and are becoming especially popular in the wedding stationery industry. We offer to skip the complicated fusing process and save money on the purchase of stamp, sealer and fusing tools! Make this process pleasant if you are not one with handicrafts - You just have to choose one of our ready-made design stamps! Tear off the protective paper on the other side, stick it on an invitation, envelope, gift or other object - and voila! All that remains is to admire the beautiful end result and do a little dance of joy :) The stamp is very flexible, so you can safely send it by post, but please read the important information below to avoid mistakes. Production time: 2-5 working days. Size: A 25mm stamp is used, but the imprint together with the edges forms a circle of approximately 30mm diameter. IMPORTANT INFORMATION: - The stamp print is super durable and we use a super strong double sided tape circle to hold the print in place. However, we recommend placing the stamped invitation or envelope in another envelope if you decide to send it by mail, to avoid tearing, which can happen due to the mechanical operation of modern mail sorting machines. - All rubber stamps are created by hand, so each one is unique and will not be repeated. If you see a bubble on the edge or the edges are not all smooth, you know that this is part of the natural melting process and, in our opinion, this is not a disadvantage, but rather adds uniqueness to the product. - We try to represent the colors of the stamp as natural as possible, but due to different monitor settings, please take into account that the final impression may vary slightly. If you need special precision, then order a sample or come to our office to see the shades in person. INSTRUCTIONS FOR USE: Peel off the protective film on the other side of the stamper print, place the print in the desired location, press and rub it well using your fingers so that it adheres evenly and firmly, and you're done!\",\"breadcrumb\":{\"@id\":\"https:\/\/lottespapery.com\/en\/products\/retro-busins-ready-to-use-causets-zymoglakas-stickers\/#breadcrumb\"},\"inLanguage\":\"en-US\",\"potentialAction\":[{\"@type\":\"ReadAction\",\"target\":[\"https:\/\/lottespapery.com\/en\/products\/retro-busins-ready-to-use-causets-zymoglakas-stickers\/\"]}]},{\"@type\":\"BreadcrumbList\",\"@id\":\"https:\/\/lottespapery.com\/en\/products\/retro-busins-ready-to-use-causets-zymoglakas-stickers\/#breadcrumb\",\"itemListElement\":[{\"@type\":\"ListItem\",\"position\":1,\"name\":\"Home\",\"item\":\"https:\/\/lottespapery.com\/en\/\"},{\"@type\":\"ListItem\",\"position\":2,\"name\":\"Shop\",\"item\":\"https:\/\/lottespapery.com\/en\/shop\/\"},{\"@type\":\"ListItem\",\"position\":3,\"name\":\"Retro bus \/\/ Ready-made self adhesive wax stickers\"}]},{\"@type\":\"WebSite\",\"@id\":\"https:\/\/lottespapery.com\/en\/#website\",\"url\":\"https:\/\/lottespapery.com\/en\/\",\"name\":\"Lotte&#039;s Papery\",\"description\":\"Pap\u012brlietas un \u0101das izstr\u0101d\u0101jumi\",\"publisher\":{\"@id\":\"https:\/\/lottespapery.com\/en\/#organization\"},\"potentialAction\":[{\"@type\":\"SearchAction\",\"target\":{\"@type\":\"EntryPoint\",\"urlTemplate\":\"https:\/\/lottespapery.com\/en\/?s={search_term_string}\"},\"query-input\":\"required name=search_term_string\"}],\"inLanguage\":\"en-US\"},{\"@type\":\"Organization\",\"@id\":\"https:\/\/lottespapery.com\/en\/#organization\",\"name\":\"Lotte&#039;s Papery\",\"url\":\"https:\/\/lottespapery.com\/en\/\",\"logo\":{\"@type\":\"ImageObject\",\"inLanguage\":\"en-US\",\"@id\":\"https:\/\/lottespapery.com\/en\/#\/schema\/logo\/image\/\",\"url\":\"http:\/\/lottespapery.com\/wp-content\/uploads\/2022\/11\/logo-dark_180x@2x.png\",\"contentUrl\":\"http:\/\/lottespapery.com\/wp-content\/uploads\/2022\/11\/logo-dark_180x@2x.png\",\"width\":360,\"height\":100,\"caption\":\"Lotte&#039;s Papery\"},\"image\":{\"@id\":\"https:\/\/lottespapery.com\/en\/#\/schema\/logo\/image\/\"},\"sameAs\":[\"https:\/\/www.instagram.com\/lottes_papery\/\",\"https:\/\/www.facebook.com\/LottesPapery\/\"]}]}<\/script>\n<!-- \/ Yoast SEO plugin. -->","yoast_head_json":{"title":"Retro bus \/\/ Ready-made self adhesive wax stickers - Lotte&#039;s Papery","description":"Ready-made wax stamp stickers with a retro bus symbol in the color of your choice.  Stamps are a beautiful addition to invitations, gifts, greetings and are becoming especially popular in the wedding stationery industry. We offer to skip the complicated fusing process and save money on the purchase of stamp, sealer and fusing tools! Make this process pleasant if you are not one with handicrafts - You just have to choose one of our ready-made design stamps! Tear off the protective paper on the other side, stick it on an invitation, envelope, gift or other object - and voila! All that remains is to admire the beautiful end result and do a little dance of joy :)  The stamp is very flexible, so you can safely send it by post, but please read the important information below to avoid mistakes.  Production time: 2-5 working days.  Size: A 25mm stamp is used, but the imprint together with the edges forms a circle of approximately 30mm diameter.  IMPORTANT INFORMATION:  - The stamp print is super durable and we use a super strong double sided tape circle to hold the print in place. However, we recommend placing the stamped invitation or envelope in another envelope if you decide to send it by mail, to avoid tearing, which can happen due to the mechanical operation of modern mail sorting machines.  - All rubber stamps are created by hand, so each one is unique and will not be repeated. If you see a bubble on the edge or the edges are not all smooth, you know that this is part of the natural melting process and, in our opinion, this is not a disadvantage, but rather adds uniqueness to the product.  - We try to represent the colors of the stamp as natural as possible, but due to different monitor settings, please take into account that the final impression may vary slightly. If you need special precision, then order a sample or come to our office to see the shades in person.  INSTRUCTIONS FOR USE:  Peel off the protective film on the other side of the stamper print, place the print in the desired location, press and rub it well using your fingers so that it adheres evenly and firmly, and you're done!","robots":{"index":"index","follow":"follow","max-snippet":"max-snippet:-1","max-image-preview":"max-image-preview:large","max-video-preview":"max-video-preview:-1"},"canonical":"https:\/\/lottespapery.com\/en\/products\/retro-busins-ready-to-use-causets-zymoglakas-stickers\/","og_locale":"en_US","og_type":"article","og_title":"Retro bus \/\/ Ready-made self adhesive wax stickers - Lotte&#039;s Papery","og_description":"Ready-made wax stamp stickers with a retro bus symbol in the color of your choice.  Stamps are a beautiful addition to invitations, gifts, greetings and are becoming especially popular in the wedding stationery industry. We offer to skip the complicated fusing process and save money on the purchase of stamp, sealer and fusing tools! Make this process pleasant if you are not one with handicrafts - You just have to choose one of our ready-made design stamps! Tear off the protective paper on the other side, stick it on an invitation, envelope, gift or other object - and voila! All that remains is to admire the beautiful end result and do a little dance of joy :)  The stamp is very flexible, so you can safely send it by post, but please read the important information below to avoid mistakes.  Production time: 2-5 working days.  Size: A 25mm stamp is used, but the imprint together with the edges forms a circle of approximately 30mm diameter.  IMPORTANT INFORMATION:  - The stamp print is super durable and we use a super strong double sided tape circle to hold the print in place. However, we recommend placing the stamped invitation or envelope in another envelope if you decide to send it by mail, to avoid tearing, which can happen due to the mechanical operation of modern mail sorting machines.  - All rubber stamps are created by hand, so each one is unique and will not be repeated. If you see a bubble on the edge or the edges are not all smooth, you know that this is part of the natural melting process and, in our opinion, this is not a disadvantage, but rather adds uniqueness to the product.  - We try to represent the colors of the stamp as natural as possible, but due to different monitor settings, please take into account that the final impression may vary slightly. If you need special precision, then order a sample or come to our office to see the shades in person.  INSTRUCTIONS FOR USE:  Peel off the protective film on the other side of the stamper print, place the print in the desired location, press and rub it well using your fingers so that it adheres evenly and firmly, and you're done!","og_url":"https:\/\/lottespapery.com\/en\/products\/retro-busins-ready-to-use-causets-zymoglakas-stickers\/","og_site_name":"Lotte&#039;s Papery","article_publisher":"https:\/\/www.facebook.com\/LottesPapery\/","article_modified_time":"2025-11-10T12:45:42+00:00","og_image":[{"width":2560,"height":2560,"url":"http:\/\/lottespapery.com\/wp-content\/uploads\/2022\/11\/Zimoguvizualizacijas_2022pavasaris-022-22-0111-0111-0111-0111-0111-01-0111-0111-01_a802e0ae-ca74-4868-8973-006db9ed3b0c-scaled.jpg","type":"image\/jpeg"}],"twitter_card":"summary_large_image","schema":{"@context":"https:\/\/schema.org","@graph":[{"@type":"WebPage","@id":"https:\/\/lottespapery.com\/en\/products\/retro-busins-ready-to-use-causets-zymoglakas-stickers\/","url":"https:\/\/lottespapery.com\/en\/products\/retro-busins-ready-to-use-causets-zymoglakas-stickers\/","name":"Retro bus \/\/ Ready-made self adhesive wax stickers - Lotte&#039;s Papery","isPartOf":{"@id":"https:\/\/lottespapery.com\/en\/#website"},"datePublished":"2022-11-15T03:55:24+00:00","dateModified":"2025-11-10T12:45:42+00:00","description":"Ready-made wax stamp stickers with a retro bus symbol in the color of your choice. Stamps are a beautiful addition to invitations, gifts, greetings and are becoming especially popular in the wedding stationery industry. We offer to skip the complicated fusing process and save money on the purchase of stamp, sealer and fusing tools! Make this process pleasant if you are not one with handicrafts - You just have to choose one of our ready-made design stamps! Tear off the protective paper on the other side, stick it on an invitation, envelope, gift or other object - and voila! All that remains is to admire the beautiful end result and do a little dance of joy :) The stamp is very flexible, so you can safely send it by post, but please read the important information below to avoid mistakes. Production time: 2-5 working days. Size: A 25mm stamp is used, but the imprint together with the edges forms a circle of approximately 30mm diameter. IMPORTANT INFORMATION: - The stamp print is super durable and we use a super strong double sided tape circle to hold the print in place. However, we recommend placing the stamped invitation or envelope in another envelope if you decide to send it by mail, to avoid tearing, which can happen due to the mechanical operation of modern mail sorting machines. - All rubber stamps are created by hand, so each one is unique and will not be repeated. If you see a bubble on the edge or the edges are not all smooth, you know that this is part of the natural melting process and, in our opinion, this is not a disadvantage, but rather adds uniqueness to the product. - We try to represent the colors of the stamp as natural as possible, but due to different monitor settings, please take into account that the final impression may vary slightly. If you need special precision, then order a sample or come to our office to see the shades in person. INSTRUCTIONS FOR USE: Peel off the protective film on the other side of the stamper print, place the print in the desired location, press and rub it well using your fingers so that it adheres evenly and firmly, and you're done!","breadcrumb":{"@id":"https:\/\/lottespapery.com\/en\/products\/retro-busins-ready-to-use-causets-zymoglakas-stickers\/#breadcrumb"},"inLanguage":"en-US","potentialAction":[{"@type":"ReadAction","target":["https:\/\/lottespapery.com\/en\/products\/retro-busins-ready-to-use-causets-zymoglakas-stickers\/"]}]},{"@type":"BreadcrumbList","@id":"https:\/\/lottespapery.com\/en\/products\/retro-busins-ready-to-use-causets-zymoglakas-stickers\/#breadcrumb","itemListElement":[{"@type":"ListItem","position":1,"name":"Home","item":"https:\/\/lottespapery.com\/en\/"},{"@type":"ListItem","position":2,"name":"Shop","item":"https:\/\/lottespapery.com\/en\/shop\/"},{"@type":"ListItem","position":3,"name":"Retro bus \/\/ Ready-made self adhesive wax stickers"}]},{"@type":"WebSite","@id":"https:\/\/lottespapery.com\/en\/#website","url":"https:\/\/lottespapery.com\/en\/","name":"Lotte&#039;s Papery","description":"Pap\u012brlietas un \u0101das izstr\u0101d\u0101jumi","publisher":{"@id":"https:\/\/lottespapery.com\/en\/#organization"},"potentialAction":[{"@type":"SearchAction","target":{"@type":"EntryPoint","urlTemplate":"https:\/\/lottespapery.com\/en\/?s={search_term_string}"},"query-input":"required name=search_term_string"}],"inLanguage":"en-US"},{"@type":"Organization","@id":"https:\/\/lottespapery.com\/en\/#organization","name":"Lotte&#039;s Papery","url":"https:\/\/lottespapery.com\/en\/","logo":{"@type":"ImageObject","inLanguage":"en-US","@id":"https:\/\/lottespapery.com\/en\/#\/schema\/logo\/image\/","url":"http:\/\/lottespapery.com\/wp-content\/uploads\/2022\/11\/logo-dark_180x@2x.png","contentUrl":"http:\/\/lottespapery.com\/wp-content\/uploads\/2022\/11\/logo-dark_180x@2x.png","width":360,"height":100,"caption":"Lotte&#039;s Papery"},"image":{"@id":"https:\/\/lottespapery.com\/en\/#\/schema\/logo\/image\/"},"sameAs":["https:\/\/www.instagram.com\/lottes_papery\/","https:\/\/www.facebook.com\/LottesPapery\/"]}]}},"_links":{"self":[{"href":"https:\/\/lottespapery.com\/en\/wp-json\/wp\/v2\/product\/27178","targetHints":{"allow":["GET"]}}],"collection":[{"href":"https:\/\/lottespapery.com\/en\/wp-json\/wp\/v2\/product"}],"about":[{"href":"https:\/\/lottespapery.com\/en\/wp-json\/wp\/v2\/types\/product"}],"wp:featuredmedia":[{"embeddable":true,"href":"https:\/\/lottespapery.com\/en\/wp-json\/wp\/v2\/media\/2629"}],"wp:attachment":[{"href":"https:\/\/lottespapery.com\/en\/wp-json\/wp\/v2\/media?parent=27178"}],"wp:term":[{"taxonomy":"product_brand","embeddable":true,"href":"https:\/\/lottespapery.com\/en\/wp-json\/wp\/v2\/product_brand?post=27178"},{"taxonomy":"product_cat","embeddable":true,"href":"https:\/\/lottespapery.com\/en\/wp-json\/wp\/v2\/product_cat?post=27178"},{"taxonomy":"product_tag","embeddable":true,"href":"https:\/\/lottespapery.com\/en\/wp-json\/wp\/v2\/product_tag?post=27178"}],"curies":[{"name":"wp","href":"https:\/\/api.w.org\/{rel}","templated":true}]}}