{"id":27974,"date":"2023-05-16T15:30:19","date_gmt":"2023-05-16T12:30:19","guid":{"rendered":"http:\/\/lottespapery.com\/?post_type=product&#038;p=27974"},"modified":"2025-08-05T15:02:45","modified_gmt":"2025-08-05T12:02:45","slug":"black-photo-corners-108-pcs","status":"publish","type":"product","link":"https:\/\/lottespapery.com\/en\/products\/black-photo-corners-108-pcs\/","title":{"rendered":"Black photo corners, 108 pcs."},"content":{"rendered":"","protected":false},"excerpt":{"rendered":"","protected":false},"featured_media":27976,"template":"","meta":[],"product_brand":[],"product_cat":[1685,1749,867],"product_tag":[],"class_list":{"0":"post-27974","1":"product","2":"type-product","3":"status-publish","4":"has-post-thumbnail","6":"product_cat-accessories-for-wedding-day","7":"product_cat-photo-albums","8":"product_cat-stickers-for-attaching-photos","10":"first","11":"instock","12":"taxable","13":"shipping-taxable","14":"purchasable","15":"product-type-simple"},"raw_content":{"name":"Black photo corners, 108 pcs.","description":"","short_description":"","status":"publish","sku":"3130-DB3ABD","original":27973},"wpml":{"translation_type":1,"has_translations":true,"original":27973,"duplicates":[],"translations":{"lv":27973,"en":27974}},"yoast_head":"<!-- This site is optimized with the Yoast SEO plugin v19.10 - https:\/\/yoast.com\/wordpress\/plugins\/seo\/ -->\n<title>Black photo corners, 108 pcs. - Lotte&#039;s Papery<\/title>\n<meta name=\"description\" content=\"Black self-adhesive corners for photos, designed for DIY photo framing in your photo album and suitable for any type of photos. Place one corner on each corner of the photo, tear off the protective papers and attach the photo anywhere on the photo album page. 108 pieces in the package.\" \/>\n<meta name=\"robots\" content=\"index, follow, max-snippet:-1, max-image-preview:large, max-video-preview:-1\" \/>\n<link rel=\"canonical\" href=\"https:\/\/lottespapery.com\/en\/products\/black-photo-corners-108-pcs\/\" \/>\n<meta property=\"og:locale\" content=\"en_US\" \/>\n<meta property=\"og:type\" content=\"article\" \/>\n<meta property=\"og:title\" content=\"Black photo corners, 108 pcs. - Lotte&#039;s Papery\" \/>\n<meta property=\"og:description\" content=\"Black self-adhesive corners for photos, designed for DIY photo framing in your photo album and suitable for any type of photos. Place one corner on each corner of the photo, tear off the protective papers and attach the photo anywhere on the photo album page. 108 pieces in the package.\" \/>\n<meta property=\"og:url\" content=\"https:\/\/lottespapery.com\/en\/products\/black-photo-corners-108-pcs\/\" \/>\n<meta property=\"og:site_name\" content=\"Lotte&#039;s Papery\" \/>\n<meta property=\"article:publisher\" content=\"https:\/\/www.facebook.com\/LottesPapery\/\" \/>\n<meta property=\"article:modified_time\" content=\"2025-08-05T12:02:45+00:00\" \/>\n<meta property=\"og:image\" content=\"http:\/\/lottespapery.com\/wp-content\/uploads\/2023\/05\/41BxQBqbWdL._AC_.jpg\" \/>\n\t<meta property=\"og:image:width\" content=\"554\" \/>\n\t<meta property=\"og:image:height\" content=\"772\" \/>\n\t<meta property=\"og:image:type\" content=\"image\/jpeg\" \/>\n<meta name=\"twitter:card\" content=\"summary_large_image\" \/>\n<script type=\"application\/ld+json\" class=\"yoast-schema-graph\">{\"@context\":\"https:\/\/schema.org\",\"@graph\":[{\"@type\":\"WebPage\",\"@id\":\"https:\/\/lottespapery.com\/en\/products\/black-photo-corners-108-pcs\/\",\"url\":\"https:\/\/lottespapery.com\/en\/products\/black-photo-corners-108-pcs\/\",\"name\":\"Black photo corners, 108 pcs. - Lotte&#039;s Papery\",\"isPartOf\":{\"@id\":\"https:\/\/lottespapery.com\/en\/#website\"},\"datePublished\":\"2023-05-16T12:30:19+00:00\",\"dateModified\":\"2025-08-05T12:02:45+00:00\",\"description\":\"Black self-adhesive corners for photos, designed for DIY photo framing in your photo album and suitable for any type of photos. Place one corner on each corner of the photo, tear off the protective papers and attach the photo anywhere on the photo album page. 108 pieces in the package.\",\"breadcrumb\":{\"@id\":\"https:\/\/lottespapery.com\/en\/products\/black-photo-corners-108-pcs\/#breadcrumb\"},\"inLanguage\":\"en-US\",\"potentialAction\":[{\"@type\":\"ReadAction\",\"target\":[\"https:\/\/lottespapery.com\/en\/products\/black-photo-corners-108-pcs\/\"]}]},{\"@type\":\"BreadcrumbList\",\"@id\":\"https:\/\/lottespapery.com\/en\/products\/black-photo-corners-108-pcs\/#breadcrumb\",\"itemListElement\":[{\"@type\":\"ListItem\",\"position\":1,\"name\":\"Home\",\"item\":\"https:\/\/lottespapery.com\/en\/\"},{\"@type\":\"ListItem\",\"position\":2,\"name\":\"Shop\",\"item\":\"https:\/\/lottespapery.com\/en\/shop\/\"},{\"@type\":\"ListItem\",\"position\":3,\"name\":\"Black photo corners, 108 pcs.\"}]},{\"@type\":\"WebSite\",\"@id\":\"https:\/\/lottespapery.com\/en\/#website\",\"url\":\"https:\/\/lottespapery.com\/en\/\",\"name\":\"Lotte&#039;s Papery\",\"description\":\"Pap\u012brlietas un \u0101das izstr\u0101d\u0101jumi\",\"publisher\":{\"@id\":\"https:\/\/lottespapery.com\/en\/#organization\"},\"potentialAction\":[{\"@type\":\"SearchAction\",\"target\":{\"@type\":\"EntryPoint\",\"urlTemplate\":\"https:\/\/lottespapery.com\/en\/?s={search_term_string}\"},\"query-input\":\"required name=search_term_string\"}],\"inLanguage\":\"en-US\"},{\"@type\":\"Organization\",\"@id\":\"https:\/\/lottespapery.com\/en\/#organization\",\"name\":\"Lotte&#039;s Papery\",\"url\":\"https:\/\/lottespapery.com\/en\/\",\"logo\":{\"@type\":\"ImageObject\",\"inLanguage\":\"en-US\",\"@id\":\"https:\/\/lottespapery.com\/en\/#\/schema\/logo\/image\/\",\"url\":\"http:\/\/lottespapery.com\/wp-content\/uploads\/2022\/11\/logo-dark_180x@2x.png\",\"contentUrl\":\"http:\/\/lottespapery.com\/wp-content\/uploads\/2022\/11\/logo-dark_180x@2x.png\",\"width\":360,\"height\":100,\"caption\":\"Lotte&#039;s Papery\"},\"image\":{\"@id\":\"https:\/\/lottespapery.com\/en\/#\/schema\/logo\/image\/\"},\"sameAs\":[\"https:\/\/www.instagram.com\/lottes_papery\/\",\"https:\/\/www.facebook.com\/LottesPapery\/\"]}]}<\/script>\n<!-- \/ Yoast SEO plugin. -->","yoast_head_json":{"title":"Black photo corners, 108 pcs. - Lotte&#039;s Papery","description":"Black self-adhesive corners for photos, designed for DIY photo framing in your photo album and suitable for any type of photos. Place one corner on each corner of the photo, tear off the protective papers and attach the photo anywhere on the photo album page. 108 pieces in the package.","robots":{"index":"index","follow":"follow","max-snippet":"max-snippet:-1","max-image-preview":"max-image-preview:large","max-video-preview":"max-video-preview:-1"},"canonical":"https:\/\/lottespapery.com\/en\/products\/black-photo-corners-108-pcs\/","og_locale":"en_US","og_type":"article","og_title":"Black photo corners, 108 pcs. - Lotte&#039;s Papery","og_description":"Black self-adhesive corners for photos, designed for DIY photo framing in your photo album and suitable for any type of photos. Place one corner on each corner of the photo, tear off the protective papers and attach the photo anywhere on the photo album page. 108 pieces in the package.","og_url":"https:\/\/lottespapery.com\/en\/products\/black-photo-corners-108-pcs\/","og_site_name":"Lotte&#039;s Papery","article_publisher":"https:\/\/www.facebook.com\/LottesPapery\/","article_modified_time":"2025-08-05T12:02:45+00:00","og_image":[{"width":554,"height":772,"url":"http:\/\/lottespapery.com\/wp-content\/uploads\/2023\/05\/41BxQBqbWdL._AC_.jpg","type":"image\/jpeg"}],"twitter_card":"summary_large_image","schema":{"@context":"https:\/\/schema.org","@graph":[{"@type":"WebPage","@id":"https:\/\/lottespapery.com\/en\/products\/black-photo-corners-108-pcs\/","url":"https:\/\/lottespapery.com\/en\/products\/black-photo-corners-108-pcs\/","name":"Black photo corners, 108 pcs. - Lotte&#039;s Papery","isPartOf":{"@id":"https:\/\/lottespapery.com\/en\/#website"},"datePublished":"2023-05-16T12:30:19+00:00","dateModified":"2025-08-05T12:02:45+00:00","description":"Black self-adhesive corners for photos, designed for DIY photo framing in your photo album and suitable for any type of photos. Place one corner on each corner of the photo, tear off the protective papers and attach the photo anywhere on the photo album page. 108 pieces in the package.","breadcrumb":{"@id":"https:\/\/lottespapery.com\/en\/products\/black-photo-corners-108-pcs\/#breadcrumb"},"inLanguage":"en-US","potentialAction":[{"@type":"ReadAction","target":["https:\/\/lottespapery.com\/en\/products\/black-photo-corners-108-pcs\/"]}]},{"@type":"BreadcrumbList","@id":"https:\/\/lottespapery.com\/en\/products\/black-photo-corners-108-pcs\/#breadcrumb","itemListElement":[{"@type":"ListItem","position":1,"name":"Home","item":"https:\/\/lottespapery.com\/en\/"},{"@type":"ListItem","position":2,"name":"Shop","item":"https:\/\/lottespapery.com\/en\/shop\/"},{"@type":"ListItem","position":3,"name":"Black photo corners, 108 pcs."}]},{"@type":"WebSite","@id":"https:\/\/lottespapery.com\/en\/#website","url":"https:\/\/lottespapery.com\/en\/","name":"Lotte&#039;s Papery","description":"Pap\u012brlietas un \u0101das izstr\u0101d\u0101jumi","publisher":{"@id":"https:\/\/lottespapery.com\/en\/#organization"},"potentialAction":[{"@type":"SearchAction","target":{"@type":"EntryPoint","urlTemplate":"https:\/\/lottespapery.com\/en\/?s={search_term_string}"},"query-input":"required name=search_term_string"}],"inLanguage":"en-US"},{"@type":"Organization","@id":"https:\/\/lottespapery.com\/en\/#organization","name":"Lotte&#039;s Papery","url":"https:\/\/lottespapery.com\/en\/","logo":{"@type":"ImageObject","inLanguage":"en-US","@id":"https:\/\/lottespapery.com\/en\/#\/schema\/logo\/image\/","url":"http:\/\/lottespapery.com\/wp-content\/uploads\/2022\/11\/logo-dark_180x@2x.png","contentUrl":"http:\/\/lottespapery.com\/wp-content\/uploads\/2022\/11\/logo-dark_180x@2x.png","width":360,"height":100,"caption":"Lotte&#039;s Papery"},"image":{"@id":"https:\/\/lottespapery.com\/en\/#\/schema\/logo\/image\/"},"sameAs":["https:\/\/www.instagram.com\/lottes_papery\/","https:\/\/www.facebook.com\/LottesPapery\/"]}]}},"_links":{"self":[{"href":"https:\/\/lottespapery.com\/en\/wp-json\/wp\/v2\/product\/27974","targetHints":{"allow":["GET"]}}],"collection":[{"href":"https:\/\/lottespapery.com\/en\/wp-json\/wp\/v2\/product"}],"about":[{"href":"https:\/\/lottespapery.com\/en\/wp-json\/wp\/v2\/types\/product"}],"wp:featuredmedia":[{"embeddable":true,"href":"https:\/\/lottespapery.com\/en\/wp-json\/wp\/v2\/media\/27976"}],"wp:attachment":[{"href":"https:\/\/lottespapery.com\/en\/wp-json\/wp\/v2\/media?parent=27974"}],"wp:term":[{"taxonomy":"product_brand","embeddable":true,"href":"https:\/\/lottespapery.com\/en\/wp-json\/wp\/v2\/product_brand?post=27974"},{"taxonomy":"product_cat","embeddable":true,"href":"https:\/\/lottespapery.com\/en\/wp-json\/wp\/v2\/product_cat?post=27974"},{"taxonomy":"product_tag","embeddable":true,"href":"https:\/\/lottespapery.com\/en\/wp-json\/wp\/v2\/product_tag?post=27974"}],"curies":[{"name":"wp","href":"https:\/\/api.w.org\/{rel}","templated":true}]}}