{"id":29559,"date":"2023-10-19T14:38:30","date_gmt":"2023-10-19T11:38:30","guid":{"rendered":"http:\/\/lottespapery.com\/?post_type=product&#038;p=29559"},"modified":"2025-02-11T17:46:01","modified_gmt":"2025-02-11T15:46:01","slug":"air-rose-gold-zymoglak","status":"publish","type":"product","link":"https:\/\/lottespapery.com\/en\/products\/air-rose-gold-zymoglak\/","title":{"rendered":"Light rose gold stamping polish"},"content":{"rendered":"","protected":false},"excerpt":{"rendered":"","protected":false},"featured_media":29561,"template":"","meta":[],"product_brand":[],"product_cat":[903],"product_tag":[],"class_list":{"0":"post-29559","1":"product","2":"type-product","3":"status-publish","4":"has-post-thumbnail","6":"product_cat-sealing-wax-for-large-glue-pistol","8":"first","9":"instock","10":"taxable","11":"shipping-taxable","12":"purchasable","13":"product-type-simple"},"raw_content":{"name":"Light rose gold stamping polish","description":"","short_description":"","status":"publish","sku":"360B-3AC11E","original":29558},"wpml":{"translation_type":1,"has_translations":true,"original":29558,"duplicates":[],"translations":{"lv":29558,"en":29559}},"yoast_head":"<!-- This site is optimized with the Yoast SEO plugin v19.10 - https:\/\/yoast.com\/wordpress\/plugins\/seo\/ -->\n<title>Light rose gold stamping polish - Lotte&#039;s Papery<\/title>\n<meta name=\"description\" content=\"A modern stamp based on glue, making it ideal for mailing and resistant to various impacts. Can be used together with a standard floristic, low-temperature glue gun (stick diameter 10mm). One stick is enough for an average of 10-11 stamp impressions, if a 25mm diameter stamp is used. The stamper will be ideal if you need to stamp a large volume in a relatively short time. !! Price for 1 stamp stick. You can safely use this stamp on greeting cards, envelopes, invitations, paper decorations (&quot;scrapbooking&quot;) and papers of various thicknesses, glass, wood, plastic and other materials.\" \/>\n<meta name=\"robots\" content=\"index, follow, max-snippet:-1, max-image-preview:large, max-video-preview:-1\" \/>\n<link rel=\"canonical\" href=\"https:\/\/lottespapery.com\/en\/products\/air-rose-gold-zymoglak\/\" \/>\n<meta property=\"og:locale\" content=\"en_US\" \/>\n<meta property=\"og:type\" content=\"article\" \/>\n<meta property=\"og:title\" content=\"Light rose gold stamping polish - Lotte&#039;s Papery\" \/>\n<meta property=\"og:description\" content=\"A modern stamp based on glue, making it ideal for mailing and resistant to various impacts. Can be used together with a standard floristic, low-temperature glue gun (stick diameter 10mm). One stick is enough for an average of 10-11 stamp impressions, if a 25mm diameter stamp is used. The stamper will be ideal if you need to stamp a large volume in a relatively short time. !! Price for 1 stamp stick. You can safely use this stamp on greeting cards, envelopes, invitations, paper decorations (&quot;scrapbooking&quot;) and papers of various thicknesses, glass, wood, plastic and other materials.\" \/>\n<meta property=\"og:url\" content=\"https:\/\/lottespapery.com\/en\/products\/air-rose-gold-zymoglak\/\" \/>\n<meta property=\"og:site_name\" content=\"Lotte&#039;s Papery\" \/>\n<meta property=\"article:publisher\" content=\"https:\/\/www.facebook.com\/LottesPapery\/\" \/>\n<meta property=\"article:modified_time\" content=\"2025-02-11T15:46:01+00:00\" \/>\n<meta property=\"og:image\" content=\"https:\/\/lottespapery.com\/wp-content\/uploads\/2023\/10\/Warm-gold-sealing-wax-sticks-for-wedding-invitations-1.jpg\" \/>\n\t<meta property=\"og:image:width\" content=\"823\" \/>\n\t<meta property=\"og:image:height\" content=\"823\" \/>\n\t<meta property=\"og:image:type\" content=\"image\/jpeg\" \/>\n<meta name=\"twitter:card\" content=\"summary_large_image\" \/>\n<script type=\"application\/ld+json\" class=\"yoast-schema-graph\">{\"@context\":\"https:\/\/schema.org\",\"@graph\":[{\"@type\":\"WebPage\",\"@id\":\"https:\/\/lottespapery.com\/en\/products\/air-rose-gold-zymoglak\/\",\"url\":\"https:\/\/lottespapery.com\/en\/products\/air-rose-gold-zymoglak\/\",\"name\":\"Light rose gold stamping polish - Lotte&#039;s Papery\",\"isPartOf\":{\"@id\":\"https:\/\/lottespapery.com\/en\/#website\"},\"datePublished\":\"2023-10-19T11:38:30+00:00\",\"dateModified\":\"2025-02-11T15:46:01+00:00\",\"description\":\"A modern stamp based on glue, making it ideal for mailing and resistant to various impacts. Can be used together with a standard floristic, low-temperature glue gun (stick diameter 10mm). One stick is enough for an average of 10-11 stamp impressions, if a 25mm diameter stamp is used. The stamper will be ideal if you need to stamp a large volume in a relatively short time. !! Price for 1 stamp stick. You can safely use this stamp on greeting cards, envelopes, invitations, paper decorations (\\\"scrapbooking\\\") and papers of various thicknesses, glass, wood, plastic and other materials.\",\"breadcrumb\":{\"@id\":\"https:\/\/lottespapery.com\/en\/products\/air-rose-gold-zymoglak\/#breadcrumb\"},\"inLanguage\":\"en-US\",\"potentialAction\":[{\"@type\":\"ReadAction\",\"target\":[\"https:\/\/lottespapery.com\/en\/products\/air-rose-gold-zymoglak\/\"]}]},{\"@type\":\"BreadcrumbList\",\"@id\":\"https:\/\/lottespapery.com\/en\/products\/air-rose-gold-zymoglak\/#breadcrumb\",\"itemListElement\":[{\"@type\":\"ListItem\",\"position\":1,\"name\":\"Home\",\"item\":\"https:\/\/lottespapery.com\/en\/\"},{\"@type\":\"ListItem\",\"position\":2,\"name\":\"Shop\",\"item\":\"https:\/\/lottespapery.com\/en\/shop\/\"},{\"@type\":\"ListItem\",\"position\":3,\"name\":\"Light rose gold stamping polish\"}]},{\"@type\":\"WebSite\",\"@id\":\"https:\/\/lottespapery.com\/en\/#website\",\"url\":\"https:\/\/lottespapery.com\/en\/\",\"name\":\"Lotte&#039;s Papery\",\"description\":\"Pap\u012brlietas un \u0101das izstr\u0101d\u0101jumi\",\"publisher\":{\"@id\":\"https:\/\/lottespapery.com\/en\/#organization\"},\"potentialAction\":[{\"@type\":\"SearchAction\",\"target\":{\"@type\":\"EntryPoint\",\"urlTemplate\":\"https:\/\/lottespapery.com\/en\/?s={search_term_string}\"},\"query-input\":\"required name=search_term_string\"}],\"inLanguage\":\"en-US\"},{\"@type\":\"Organization\",\"@id\":\"https:\/\/lottespapery.com\/en\/#organization\",\"name\":\"Lotte&#039;s Papery\",\"url\":\"https:\/\/lottespapery.com\/en\/\",\"logo\":{\"@type\":\"ImageObject\",\"inLanguage\":\"en-US\",\"@id\":\"https:\/\/lottespapery.com\/en\/#\/schema\/logo\/image\/\",\"url\":\"http:\/\/lottespapery.com\/wp-content\/uploads\/2022\/11\/logo-dark_180x@2x.png\",\"contentUrl\":\"http:\/\/lottespapery.com\/wp-content\/uploads\/2022\/11\/logo-dark_180x@2x.png\",\"width\":360,\"height\":100,\"caption\":\"Lotte&#039;s Papery\"},\"image\":{\"@id\":\"https:\/\/lottespapery.com\/en\/#\/schema\/logo\/image\/\"},\"sameAs\":[\"https:\/\/www.instagram.com\/lottes_papery\/\",\"https:\/\/www.facebook.com\/LottesPapery\/\"]}]}<\/script>\n<!-- \/ Yoast SEO plugin. -->","yoast_head_json":{"title":"Light rose gold stamping polish - Lotte&#039;s Papery","description":"A modern stamp based on glue, making it ideal for mailing and resistant to various impacts. Can be used together with a standard floristic, low-temperature glue gun (stick diameter 10mm). One stick is enough for an average of 10-11 stamp impressions, if a 25mm diameter stamp is used. The stamper will be ideal if you need to stamp a large volume in a relatively short time. !! Price for 1 stamp stick. You can safely use this stamp on greeting cards, envelopes, invitations, paper decorations (\"scrapbooking\") and papers of various thicknesses, glass, wood, plastic and other materials.","robots":{"index":"index","follow":"follow","max-snippet":"max-snippet:-1","max-image-preview":"max-image-preview:large","max-video-preview":"max-video-preview:-1"},"canonical":"https:\/\/lottespapery.com\/en\/products\/air-rose-gold-zymoglak\/","og_locale":"en_US","og_type":"article","og_title":"Light rose gold stamping polish - Lotte&#039;s Papery","og_description":"A modern stamp based on glue, making it ideal for mailing and resistant to various impacts. Can be used together with a standard floristic, low-temperature glue gun (stick diameter 10mm). One stick is enough for an average of 10-11 stamp impressions, if a 25mm diameter stamp is used. The stamper will be ideal if you need to stamp a large volume in a relatively short time. !! Price for 1 stamp stick. You can safely use this stamp on greeting cards, envelopes, invitations, paper decorations (\"scrapbooking\") and papers of various thicknesses, glass, wood, plastic and other materials.","og_url":"https:\/\/lottespapery.com\/en\/products\/air-rose-gold-zymoglak\/","og_site_name":"Lotte&#039;s Papery","article_publisher":"https:\/\/www.facebook.com\/LottesPapery\/","article_modified_time":"2025-02-11T15:46:01+00:00","og_image":[{"width":823,"height":823,"url":"https:\/\/lottespapery.com\/wp-content\/uploads\/2023\/10\/Warm-gold-sealing-wax-sticks-for-wedding-invitations-1.jpg","type":"image\/jpeg"}],"twitter_card":"summary_large_image","schema":{"@context":"https:\/\/schema.org","@graph":[{"@type":"WebPage","@id":"https:\/\/lottespapery.com\/en\/products\/air-rose-gold-zymoglak\/","url":"https:\/\/lottespapery.com\/en\/products\/air-rose-gold-zymoglak\/","name":"Light rose gold stamping polish - Lotte&#039;s Papery","isPartOf":{"@id":"https:\/\/lottespapery.com\/en\/#website"},"datePublished":"2023-10-19T11:38:30+00:00","dateModified":"2025-02-11T15:46:01+00:00","description":"A modern stamp based on glue, making it ideal for mailing and resistant to various impacts. Can be used together with a standard floristic, low-temperature glue gun (stick diameter 10mm). One stick is enough for an average of 10-11 stamp impressions, if a 25mm diameter stamp is used. The stamper will be ideal if you need to stamp a large volume in a relatively short time. !! Price for 1 stamp stick. You can safely use this stamp on greeting cards, envelopes, invitations, paper decorations (\"scrapbooking\") and papers of various thicknesses, glass, wood, plastic and other materials.","breadcrumb":{"@id":"https:\/\/lottespapery.com\/en\/products\/air-rose-gold-zymoglak\/#breadcrumb"},"inLanguage":"en-US","potentialAction":[{"@type":"ReadAction","target":["https:\/\/lottespapery.com\/en\/products\/air-rose-gold-zymoglak\/"]}]},{"@type":"BreadcrumbList","@id":"https:\/\/lottespapery.com\/en\/products\/air-rose-gold-zymoglak\/#breadcrumb","itemListElement":[{"@type":"ListItem","position":1,"name":"Home","item":"https:\/\/lottespapery.com\/en\/"},{"@type":"ListItem","position":2,"name":"Shop","item":"https:\/\/lottespapery.com\/en\/shop\/"},{"@type":"ListItem","position":3,"name":"Light rose gold stamping polish"}]},{"@type":"WebSite","@id":"https:\/\/lottespapery.com\/en\/#website","url":"https:\/\/lottespapery.com\/en\/","name":"Lotte&#039;s Papery","description":"Pap\u012brlietas un \u0101das izstr\u0101d\u0101jumi","publisher":{"@id":"https:\/\/lottespapery.com\/en\/#organization"},"potentialAction":[{"@type":"SearchAction","target":{"@type":"EntryPoint","urlTemplate":"https:\/\/lottespapery.com\/en\/?s={search_term_string}"},"query-input":"required name=search_term_string"}],"inLanguage":"en-US"},{"@type":"Organization","@id":"https:\/\/lottespapery.com\/en\/#organization","name":"Lotte&#039;s Papery","url":"https:\/\/lottespapery.com\/en\/","logo":{"@type":"ImageObject","inLanguage":"en-US","@id":"https:\/\/lottespapery.com\/en\/#\/schema\/logo\/image\/","url":"http:\/\/lottespapery.com\/wp-content\/uploads\/2022\/11\/logo-dark_180x@2x.png","contentUrl":"http:\/\/lottespapery.com\/wp-content\/uploads\/2022\/11\/logo-dark_180x@2x.png","width":360,"height":100,"caption":"Lotte&#039;s Papery"},"image":{"@id":"https:\/\/lottespapery.com\/en\/#\/schema\/logo\/image\/"},"sameAs":["https:\/\/www.instagram.com\/lottes_papery\/","https:\/\/www.facebook.com\/LottesPapery\/"]}]}},"_links":{"self":[{"href":"https:\/\/lottespapery.com\/en\/wp-json\/wp\/v2\/product\/29559","targetHints":{"allow":["GET"]}}],"collection":[{"href":"https:\/\/lottespapery.com\/en\/wp-json\/wp\/v2\/product"}],"about":[{"href":"https:\/\/lottespapery.com\/en\/wp-json\/wp\/v2\/types\/product"}],"wp:featuredmedia":[{"embeddable":true,"href":"https:\/\/lottespapery.com\/en\/wp-json\/wp\/v2\/media\/29561"}],"wp:attachment":[{"href":"https:\/\/lottespapery.com\/en\/wp-json\/wp\/v2\/media?parent=29559"}],"wp:term":[{"taxonomy":"product_brand","embeddable":true,"href":"https:\/\/lottespapery.com\/en\/wp-json\/wp\/v2\/product_brand?post=29559"},{"taxonomy":"product_cat","embeddable":true,"href":"https:\/\/lottespapery.com\/en\/wp-json\/wp\/v2\/product_cat?post=29559"},{"taxonomy":"product_tag","embeddable":true,"href":"https:\/\/lottespapery.com\/en\/wp-json\/wp\/v2\/product_tag?post=29559"}],"curies":[{"name":"wp","href":"https:\/\/api.w.org\/{rel}","templated":true}]}}