{"id":32153,"date":"2024-03-04T16:17:52","date_gmt":"2024-03-04T14:17:52","guid":{"rendered":"https:\/\/lottespapery.com\/?post_type=product&#038;p=32153"},"modified":"2025-07-29T15:25:10","modified_gmt":"2025-07-29T12:25:10","slug":"personalized-velvet-paper-marriage-certificate-covers-gold-wreath","status":"publish","type":"product","link":"https:\/\/lottespapery.com\/en\/products\/personalized-velvet-paper-marriage-certificate-covers-gold-wreath\/","title":{"rendered":"Customized velvet paper marriage certificate covers &#8220;GOLDEN CROWN&#8221;"},"content":{"rendered":"","protected":false},"excerpt":{"rendered":"","protected":false},"featured_media":32128,"template":"","meta":[],"product_brand":[],"product_cat":[1634,865],"product_tag":[],"class_list":{"0":"post-32153","1":"product","2":"type-product","3":"status-publish","4":"has-post-thumbnail","6":"product_cat-marriage-certificate-covers","7":"product_cat-certificate-covers","9":"first","10":"instock","11":"taxable","12":"shipping-taxable","13":"purchasable","14":"product-type-variable","15":"has-default-attributes"},"raw_content":{"name":"Customized velvet paper marriage certificate covers \"GOLDEN CROWN\"","description":"","short_description":"","status":"publish","sku":"CA29-E2A0ED","original":32151},"wpml":{"translation_type":1,"has_translations":true,"original":32151,"duplicates":[],"translations":{"lv":32151,"en":32153}},"yoast_head":"<!-- This site is optimized with the Yoast SEO plugin v19.10 - https:\/\/yoast.com\/wordpress\/plugins\/seo\/ -->\n<title>Customized velvet paper marriage certificate covers &quot;GOLDEN CROWN&quot;<\/title>\n<meta name=\"description\" content=\"Customized velvet marriage certificate covers with initials provide a beautiful and convenient way to store your first joint document, adding a personalized touch to your wedding or special event. Crafted with accurate, careful, and elegant handmade work, these covers are designed to complement your celebration.  A certificate in A4 size can be placed in the covers. The size of the covers is 22 x 31cm , suitable for an A4 size document, which is inserted by inserting it into the two corners built into the cover on the sides. The velvet tone may differ slightly from what you see on your screen - it depends on individual monitor settings. The velvet color shown in the product title image: &quot;dark green&quot;   Please note that depending on the workload, the production time for marriage certificate covers may take up to 1.5 weeks.  Velvet is an elegant and delicate material, so we recommend treating it with care. If dust appears on it, you can easily clean it with a dust removal roller.    For a unified design, choose a velvet guest book and a velvet vow book from our velvet collection.  If you want to coordinate something else that is not visible in our product range, write to us about the possibilities at info@lottespapery.com !\" \/>\n<meta name=\"robots\" content=\"index, follow, max-snippet:-1, max-image-preview:large, max-video-preview:-1\" \/>\n<link rel=\"canonical\" href=\"https:\/\/lottespapery.com\/en\/products\/personalized-velvet-paper-marriage-certificate-covers-gold-wreath\/\" \/>\n<meta property=\"og:locale\" content=\"en_US\" \/>\n<meta property=\"og:type\" content=\"article\" \/>\n<meta property=\"og:title\" content=\"Customized velvet paper marriage certificate covers &quot;GOLDEN CROWN&quot;\" \/>\n<meta property=\"og:description\" content=\"Customized velvet marriage certificate covers with initials provide a beautiful and convenient way to store your first joint document, adding a personalized touch to your wedding or special event. Crafted with accurate, careful, and elegant handmade work, these covers are designed to complement your celebration.  A certificate in A4 size can be placed in the covers. The size of the covers is 22 x 31cm , suitable for an A4 size document, which is inserted by inserting it into the two corners built into the cover on the sides. The velvet tone may differ slightly from what you see on your screen - it depends on individual monitor settings. The velvet color shown in the product title image: &quot;dark green&quot;   Please note that depending on the workload, the production time for marriage certificate covers may take up to 1.5 weeks.  Velvet is an elegant and delicate material, so we recommend treating it with care. If dust appears on it, you can easily clean it with a dust removal roller.    For a unified design, choose a velvet guest book and a velvet vow book from our velvet collection.  If you want to coordinate something else that is not visible in our product range, write to us about the possibilities at info@lottespapery.com !\" \/>\n<meta property=\"og:url\" content=\"https:\/\/lottespapery.com\/en\/products\/personalized-velvet-paper-marriage-certificate-covers-gold-wreath\/\" \/>\n<meta property=\"og:site_name\" content=\"Lotte&#039;s Papery\" \/>\n<meta property=\"article:publisher\" content=\"https:\/\/www.facebook.com\/LottesPapery\/\" \/>\n<meta property=\"article:modified_time\" content=\"2025-07-29T12:25:10+00:00\" \/>\n<meta property=\"og:image\" content=\"http:\/\/lottespapery.com\/wp-content\/uploads\/2024\/03\/green-aplieciobu-vaki_-zelt-avainaigs-scaled.jpg\" \/>\n\t<meta property=\"og:image:width\" content=\"1707\" \/>\n\t<meta property=\"og:image:height\" content=\"2560\" \/>\n\t<meta property=\"og:image:type\" content=\"image\/jpeg\" \/>\n<meta name=\"twitter:card\" content=\"summary_large_image\" \/>\n<script type=\"application\/ld+json\" class=\"yoast-schema-graph\">{\"@context\":\"https:\/\/schema.org\",\"@graph\":[{\"@type\":\"WebPage\",\"@id\":\"https:\/\/lottespapery.com\/en\/products\/personalized-velvet-paper-marriage-certificate-covers-gold-wreath\/\",\"url\":\"https:\/\/lottespapery.com\/en\/products\/personalized-velvet-paper-marriage-certificate-covers-gold-wreath\/\",\"name\":\"Customized velvet paper marriage certificate covers \\\"GOLDEN CROWN\\\"\",\"isPartOf\":{\"@id\":\"https:\/\/lottespapery.com\/en\/#website\"},\"datePublished\":\"2024-03-04T14:17:52+00:00\",\"dateModified\":\"2025-07-29T12:25:10+00:00\",\"description\":\"Customized velvet marriage certificate covers with initials provide a beautiful and convenient way to store your first joint document, adding a personalized touch to your wedding or special event. Crafted with accurate, careful, and elegant handmade work, these covers are designed to complement your celebration. A certificate in A4 size can be placed in the covers. The size of the covers is 22 x 31cm , suitable for an A4 size document, which is inserted by inserting it into the two corners built into the cover on the sides. The velvet tone may differ slightly from what you see on your screen - it depends on individual monitor settings. The velvet color shown in the product title image: \\\"dark green\\\" Please note that depending on the workload, the production time for marriage certificate covers may take up to 1.5 weeks. Velvet is an elegant and delicate material, so we recommend treating it with care. If dust appears on it, you can easily clean it with a dust removal roller. For a unified design, choose a velvet guest book and a velvet vow book from our velvet collection. If you want to coordinate something else that is not visible in our product range, write to us about the possibilities at info@lottespapery.com !\",\"breadcrumb\":{\"@id\":\"https:\/\/lottespapery.com\/en\/products\/personalized-velvet-paper-marriage-certificate-covers-gold-wreath\/#breadcrumb\"},\"inLanguage\":\"en-US\",\"potentialAction\":[{\"@type\":\"ReadAction\",\"target\":[\"https:\/\/lottespapery.com\/en\/products\/personalized-velvet-paper-marriage-certificate-covers-gold-wreath\/\"]}]},{\"@type\":\"BreadcrumbList\",\"@id\":\"https:\/\/lottespapery.com\/en\/products\/personalized-velvet-paper-marriage-certificate-covers-gold-wreath\/#breadcrumb\",\"itemListElement\":[{\"@type\":\"ListItem\",\"position\":1,\"name\":\"Home\",\"item\":\"https:\/\/lottespapery.com\/en\/\"},{\"@type\":\"ListItem\",\"position\":2,\"name\":\"Shop\",\"item\":\"https:\/\/lottespapery.com\/en\/shop\/\"},{\"@type\":\"ListItem\",\"position\":3,\"name\":\"Customized velvet paper marriage certificate covers &#8220;GOLDEN CROWN&#8221;\"}]},{\"@type\":\"WebSite\",\"@id\":\"https:\/\/lottespapery.com\/en\/#website\",\"url\":\"https:\/\/lottespapery.com\/en\/\",\"name\":\"Lotte&#039;s Papery\",\"description\":\"Pap\u012brlietas un \u0101das izstr\u0101d\u0101jumi\",\"publisher\":{\"@id\":\"https:\/\/lottespapery.com\/en\/#organization\"},\"potentialAction\":[{\"@type\":\"SearchAction\",\"target\":{\"@type\":\"EntryPoint\",\"urlTemplate\":\"https:\/\/lottespapery.com\/en\/?s={search_term_string}\"},\"query-input\":\"required name=search_term_string\"}],\"inLanguage\":\"en-US\"},{\"@type\":\"Organization\",\"@id\":\"https:\/\/lottespapery.com\/en\/#organization\",\"name\":\"Lotte&#039;s Papery\",\"url\":\"https:\/\/lottespapery.com\/en\/\",\"logo\":{\"@type\":\"ImageObject\",\"inLanguage\":\"en-US\",\"@id\":\"https:\/\/lottespapery.com\/en\/#\/schema\/logo\/image\/\",\"url\":\"http:\/\/lottespapery.com\/wp-content\/uploads\/2022\/11\/logo-dark_180x@2x.png\",\"contentUrl\":\"http:\/\/lottespapery.com\/wp-content\/uploads\/2022\/11\/logo-dark_180x@2x.png\",\"width\":360,\"height\":100,\"caption\":\"Lotte&#039;s Papery\"},\"image\":{\"@id\":\"https:\/\/lottespapery.com\/en\/#\/schema\/logo\/image\/\"},\"sameAs\":[\"https:\/\/www.instagram.com\/lottes_papery\/\",\"https:\/\/www.facebook.com\/LottesPapery\/\"]}]}<\/script>\n<!-- \/ Yoast SEO plugin. -->","yoast_head_json":{"title":"Customized velvet paper marriage certificate covers \"GOLDEN CROWN\"","description":"Customized velvet marriage certificate covers with initials provide a beautiful and convenient way to store your first joint document, adding a personalized touch to your wedding or special event. Crafted with accurate, careful, and elegant handmade work, these covers are designed to complement your celebration.  A certificate in A4 size can be placed in the covers. The size of the covers is 22 x 31cm , suitable for an A4 size document, which is inserted by inserting it into the two corners built into the cover on the sides. The velvet tone may differ slightly from what you see on your screen - it depends on individual monitor settings. The velvet color shown in the product title image: \"dark green\"   Please note that depending on the workload, the production time for marriage certificate covers may take up to 1.5 weeks.  Velvet is an elegant and delicate material, so we recommend treating it with care. If dust appears on it, you can easily clean it with a dust removal roller.    For a unified design, choose a velvet guest book and a velvet vow book from our velvet collection.  If you want to coordinate something else that is not visible in our product range, write to us about the possibilities at info@lottespapery.com !","robots":{"index":"index","follow":"follow","max-snippet":"max-snippet:-1","max-image-preview":"max-image-preview:large","max-video-preview":"max-video-preview:-1"},"canonical":"https:\/\/lottespapery.com\/en\/products\/personalized-velvet-paper-marriage-certificate-covers-gold-wreath\/","og_locale":"en_US","og_type":"article","og_title":"Customized velvet paper marriage certificate covers \"GOLDEN CROWN\"","og_description":"Customized velvet marriage certificate covers with initials provide a beautiful and convenient way to store your first joint document, adding a personalized touch to your wedding or special event. Crafted with accurate, careful, and elegant handmade work, these covers are designed to complement your celebration.  A certificate in A4 size can be placed in the covers. The size of the covers is 22 x 31cm , suitable for an A4 size document, which is inserted by inserting it into the two corners built into the cover on the sides. The velvet tone may differ slightly from what you see on your screen - it depends on individual monitor settings. The velvet color shown in the product title image: \"dark green\"   Please note that depending on the workload, the production time for marriage certificate covers may take up to 1.5 weeks.  Velvet is an elegant and delicate material, so we recommend treating it with care. If dust appears on it, you can easily clean it with a dust removal roller.    For a unified design, choose a velvet guest book and a velvet vow book from our velvet collection.  If you want to coordinate something else that is not visible in our product range, write to us about the possibilities at info@lottespapery.com !","og_url":"https:\/\/lottespapery.com\/en\/products\/personalized-velvet-paper-marriage-certificate-covers-gold-wreath\/","og_site_name":"Lotte&#039;s Papery","article_publisher":"https:\/\/www.facebook.com\/LottesPapery\/","article_modified_time":"2025-07-29T12:25:10+00:00","og_image":[{"width":1707,"height":2560,"url":"http:\/\/lottespapery.com\/wp-content\/uploads\/2024\/03\/green-aplieciobu-vaki_-zelt-avainaigs-scaled.jpg","type":"image\/jpeg"}],"twitter_card":"summary_large_image","schema":{"@context":"https:\/\/schema.org","@graph":[{"@type":"WebPage","@id":"https:\/\/lottespapery.com\/en\/products\/personalized-velvet-paper-marriage-certificate-covers-gold-wreath\/","url":"https:\/\/lottespapery.com\/en\/products\/personalized-velvet-paper-marriage-certificate-covers-gold-wreath\/","name":"Customized velvet paper marriage certificate covers \"GOLDEN CROWN\"","isPartOf":{"@id":"https:\/\/lottespapery.com\/en\/#website"},"datePublished":"2024-03-04T14:17:52+00:00","dateModified":"2025-07-29T12:25:10+00:00","description":"Customized velvet marriage certificate covers with initials provide a beautiful and convenient way to store your first joint document, adding a personalized touch to your wedding or special event. Crafted with accurate, careful, and elegant handmade work, these covers are designed to complement your celebration. A certificate in A4 size can be placed in the covers. The size of the covers is 22 x 31cm , suitable for an A4 size document, which is inserted by inserting it into the two corners built into the cover on the sides. The velvet tone may differ slightly from what you see on your screen - it depends on individual monitor settings. The velvet color shown in the product title image: \"dark green\" Please note that depending on the workload, the production time for marriage certificate covers may take up to 1.5 weeks. Velvet is an elegant and delicate material, so we recommend treating it with care. If dust appears on it, you can easily clean it with a dust removal roller. For a unified design, choose a velvet guest book and a velvet vow book from our velvet collection. If you want to coordinate something else that is not visible in our product range, write to us about the possibilities at info@lottespapery.com !","breadcrumb":{"@id":"https:\/\/lottespapery.com\/en\/products\/personalized-velvet-paper-marriage-certificate-covers-gold-wreath\/#breadcrumb"},"inLanguage":"en-US","potentialAction":[{"@type":"ReadAction","target":["https:\/\/lottespapery.com\/en\/products\/personalized-velvet-paper-marriage-certificate-covers-gold-wreath\/"]}]},{"@type":"BreadcrumbList","@id":"https:\/\/lottespapery.com\/en\/products\/personalized-velvet-paper-marriage-certificate-covers-gold-wreath\/#breadcrumb","itemListElement":[{"@type":"ListItem","position":1,"name":"Home","item":"https:\/\/lottespapery.com\/en\/"},{"@type":"ListItem","position":2,"name":"Shop","item":"https:\/\/lottespapery.com\/en\/shop\/"},{"@type":"ListItem","position":3,"name":"Customized velvet paper marriage certificate covers &#8220;GOLDEN CROWN&#8221;"}]},{"@type":"WebSite","@id":"https:\/\/lottespapery.com\/en\/#website","url":"https:\/\/lottespapery.com\/en\/","name":"Lotte&#039;s Papery","description":"Pap\u012brlietas un \u0101das izstr\u0101d\u0101jumi","publisher":{"@id":"https:\/\/lottespapery.com\/en\/#organization"},"potentialAction":[{"@type":"SearchAction","target":{"@type":"EntryPoint","urlTemplate":"https:\/\/lottespapery.com\/en\/?s={search_term_string}"},"query-input":"required name=search_term_string"}],"inLanguage":"en-US"},{"@type":"Organization","@id":"https:\/\/lottespapery.com\/en\/#organization","name":"Lotte&#039;s Papery","url":"https:\/\/lottespapery.com\/en\/","logo":{"@type":"ImageObject","inLanguage":"en-US","@id":"https:\/\/lottespapery.com\/en\/#\/schema\/logo\/image\/","url":"http:\/\/lottespapery.com\/wp-content\/uploads\/2022\/11\/logo-dark_180x@2x.png","contentUrl":"http:\/\/lottespapery.com\/wp-content\/uploads\/2022\/11\/logo-dark_180x@2x.png","width":360,"height":100,"caption":"Lotte&#039;s Papery"},"image":{"@id":"https:\/\/lottespapery.com\/en\/#\/schema\/logo\/image\/"},"sameAs":["https:\/\/www.instagram.com\/lottes_papery\/","https:\/\/www.facebook.com\/LottesPapery\/"]}]}},"_links":{"self":[{"href":"https:\/\/lottespapery.com\/en\/wp-json\/wp\/v2\/product\/32153","targetHints":{"allow":["GET"]}}],"collection":[{"href":"https:\/\/lottespapery.com\/en\/wp-json\/wp\/v2\/product"}],"about":[{"href":"https:\/\/lottespapery.com\/en\/wp-json\/wp\/v2\/types\/product"}],"wp:featuredmedia":[{"embeddable":true,"href":"https:\/\/lottespapery.com\/en\/wp-json\/wp\/v2\/media\/32128"}],"wp:attachment":[{"href":"https:\/\/lottespapery.com\/en\/wp-json\/wp\/v2\/media?parent=32153"}],"wp:term":[{"taxonomy":"product_brand","embeddable":true,"href":"https:\/\/lottespapery.com\/en\/wp-json\/wp\/v2\/product_brand?post=32153"},{"taxonomy":"product_cat","embeddable":true,"href":"https:\/\/lottespapery.com\/en\/wp-json\/wp\/v2\/product_cat?post=32153"},{"taxonomy":"product_tag","embeddable":true,"href":"https:\/\/lottespapery.com\/en\/wp-json\/wp\/v2\/product_tag?post=32153"}],"curies":[{"name":"wp","href":"https:\/\/api.w.org\/{rel}","templated":true}]}}