{"id":32197,"date":"2024-03-04T16:41:24","date_gmt":"2024-03-04T14:41:24","guid":{"rendered":"https:\/\/lottespapery.com\/?post_type=product&#038;p=32197"},"modified":"2025-02-11T22:28:35","modified_gmt":"2025-02-11T20:28:35","slug":"wedding-vow-book-made-of-velvet-paper-modern","status":"publish","type":"product","link":"https:\/\/lottespapery.com\/en\/products\/wedding-vow-book-made-of-velvet-paper-modern\/","title":{"rendered":"Wedding vow book made of velvet paper MODERN"},"content":{"rendered":"","protected":false},"excerpt":{"rendered":"","protected":false},"featured_media":33829,"template":"","meta":[],"product_brand":[],"product_cat":[866],"product_tag":[],"class_list":{"0":"post-32197","1":"product","2":"type-product","3":"status-publish","4":"has-post-thumbnail","6":"product_cat-marriage-vow-books","8":"first","9":"instock","10":"taxable","11":"shipping-taxable","12":"purchasable","13":"product-type-variable","14":"has-default-attributes"},"raw_content":{"name":"Wedding vow book made of velvet paper MODERN","description":"","short_description":"","status":"publish","sku":"90D4-84EF43","original":32195},"wpml":{"translation_type":1,"has_translations":true,"original":32195,"duplicates":[],"translations":{"lv":32195,"en":32197}},"yoast_head":"<!-- This site is optimized with the Yoast SEO plugin v19.10 - https:\/\/yoast.com\/wordpress\/plugins\/seo\/ -->\n<title>Wedding vow book made of velvet paper MODERN - Lotte&#039;s Papery<\/title>\n<meta name=\"description\" content=\"An exquisite wedding vow book made from velvet paper. Choose the color of the inscription: gold or silver.  They will suit different styles, moods and colors at weddings, will be a great gift for a loved one on the wedding day or as a gift for newlyweds, where you can capture the words of the most important moment of the beautiful day, said from the heart.The booklet consists of 10 pages of lined paper. Paper color - natural white. Size: 16.5 cm x 11.5 cm when closed. Product velvet color &quot;Old Pink&quot;.\" \/>\n<meta name=\"robots\" content=\"index, follow, max-snippet:-1, max-image-preview:large, max-video-preview:-1\" \/>\n<link rel=\"canonical\" href=\"https:\/\/lottespapery.com\/en\/products\/wedding-vow-book-made-of-velvet-paper-modern\/\" \/>\n<meta property=\"og:locale\" content=\"en_US\" \/>\n<meta property=\"og:type\" content=\"article\" \/>\n<meta property=\"og:title\" content=\"Wedding vow book made of velvet paper MODERN - Lotte&#039;s Papery\" \/>\n<meta property=\"og:description\" content=\"An exquisite wedding vow book made from velvet paper. Choose the color of the inscription: gold or silver.  They will suit different styles, moods and colors at weddings, will be a great gift for a loved one on the wedding day or as a gift for newlyweds, where you can capture the words of the most important moment of the beautiful day, said from the heart.The booklet consists of 10 pages of lined paper. Paper color - natural white. Size: 16.5 cm x 11.5 cm when closed. Product velvet color &quot;Old Pink&quot;.\" \/>\n<meta property=\"og:url\" content=\"https:\/\/lottespapery.com\/en\/products\/wedding-vow-book-made-of-velvet-paper-modern\/\" \/>\n<meta property=\"og:site_name\" content=\"Lotte&#039;s Papery\" \/>\n<meta property=\"article:publisher\" content=\"https:\/\/www.facebook.com\/LottesPapery\/\" \/>\n<meta property=\"article:modified_time\" content=\"2025-02-11T20:28:35+00:00\" \/>\n<meta property=\"og:image\" content=\"http:\/\/lottespapery.com\/wp-content\/uploads\/2024\/03\/pink-zverestu-gramatina-2-scaled.jpg\" \/>\n\t<meta property=\"og:image:width\" content=\"2560\" \/>\n\t<meta property=\"og:image:height\" content=\"2560\" \/>\n\t<meta property=\"og:image:type\" content=\"image\/jpeg\" \/>\n<meta name=\"twitter:card\" content=\"summary_large_image\" \/>\n<script type=\"application\/ld+json\" class=\"yoast-schema-graph\">{\"@context\":\"https:\/\/schema.org\",\"@graph\":[{\"@type\":\"WebPage\",\"@id\":\"https:\/\/lottespapery.com\/en\/products\/wedding-vow-book-made-of-velvet-paper-modern\/\",\"url\":\"https:\/\/lottespapery.com\/en\/products\/wedding-vow-book-made-of-velvet-paper-modern\/\",\"name\":\"Wedding vow book made of velvet paper MODERN - Lotte&#039;s Papery\",\"isPartOf\":{\"@id\":\"https:\/\/lottespapery.com\/en\/#website\"},\"datePublished\":\"2024-03-04T14:41:24+00:00\",\"dateModified\":\"2025-02-11T20:28:35+00:00\",\"description\":\"An exquisite wedding vow book made from velvet paper. Choose the color of the inscription: gold or silver. They will suit different styles, moods and colors at weddings, will be a great gift for a loved one on the wedding day or as a gift for newlyweds, where you can capture the words of the most important moment of the beautiful day, said from the heart.The booklet consists of 10 pages of lined paper. Paper color - natural white. Size: 16.5 cm x 11.5 cm when closed. Product velvet color \\\"Old Pink\\\".\",\"breadcrumb\":{\"@id\":\"https:\/\/lottespapery.com\/en\/products\/wedding-vow-book-made-of-velvet-paper-modern\/#breadcrumb\"},\"inLanguage\":\"en-US\",\"potentialAction\":[{\"@type\":\"ReadAction\",\"target\":[\"https:\/\/lottespapery.com\/en\/products\/wedding-vow-book-made-of-velvet-paper-modern\/\"]}]},{\"@type\":\"BreadcrumbList\",\"@id\":\"https:\/\/lottespapery.com\/en\/products\/wedding-vow-book-made-of-velvet-paper-modern\/#breadcrumb\",\"itemListElement\":[{\"@type\":\"ListItem\",\"position\":1,\"name\":\"Home\",\"item\":\"https:\/\/lottespapery.com\/en\/\"},{\"@type\":\"ListItem\",\"position\":2,\"name\":\"Shop\",\"item\":\"https:\/\/lottespapery.com\/en\/shop\/\"},{\"@type\":\"ListItem\",\"position\":3,\"name\":\"Wedding vow book made of velvet paper MODERN\"}]},{\"@type\":\"WebSite\",\"@id\":\"https:\/\/lottespapery.com\/en\/#website\",\"url\":\"https:\/\/lottespapery.com\/en\/\",\"name\":\"Lotte&#039;s Papery\",\"description\":\"Pap\u012brlietas un \u0101das izstr\u0101d\u0101jumi\",\"publisher\":{\"@id\":\"https:\/\/lottespapery.com\/en\/#organization\"},\"potentialAction\":[{\"@type\":\"SearchAction\",\"target\":{\"@type\":\"EntryPoint\",\"urlTemplate\":\"https:\/\/lottespapery.com\/en\/?s={search_term_string}\"},\"query-input\":\"required name=search_term_string\"}],\"inLanguage\":\"en-US\"},{\"@type\":\"Organization\",\"@id\":\"https:\/\/lottespapery.com\/en\/#organization\",\"name\":\"Lotte&#039;s Papery\",\"url\":\"https:\/\/lottespapery.com\/en\/\",\"logo\":{\"@type\":\"ImageObject\",\"inLanguage\":\"en-US\",\"@id\":\"https:\/\/lottespapery.com\/en\/#\/schema\/logo\/image\/\",\"url\":\"http:\/\/lottespapery.com\/wp-content\/uploads\/2022\/11\/logo-dark_180x@2x.png\",\"contentUrl\":\"http:\/\/lottespapery.com\/wp-content\/uploads\/2022\/11\/logo-dark_180x@2x.png\",\"width\":360,\"height\":100,\"caption\":\"Lotte&#039;s Papery\"},\"image\":{\"@id\":\"https:\/\/lottespapery.com\/en\/#\/schema\/logo\/image\/\"},\"sameAs\":[\"https:\/\/www.instagram.com\/lottes_papery\/\",\"https:\/\/www.facebook.com\/LottesPapery\/\"]}]}<\/script>\n<!-- \/ Yoast SEO plugin. -->","yoast_head_json":{"title":"Wedding vow book made of velvet paper MODERN - Lotte&#039;s Papery","description":"An exquisite wedding vow book made from velvet paper. Choose the color of the inscription: gold or silver.  They will suit different styles, moods and colors at weddings, will be a great gift for a loved one on the wedding day or as a gift for newlyweds, where you can capture the words of the most important moment of the beautiful day, said from the heart.The booklet consists of 10 pages of lined paper. Paper color - natural white. Size: 16.5 cm x 11.5 cm when closed. Product velvet color \"Old Pink\".","robots":{"index":"index","follow":"follow","max-snippet":"max-snippet:-1","max-image-preview":"max-image-preview:large","max-video-preview":"max-video-preview:-1"},"canonical":"https:\/\/lottespapery.com\/en\/products\/wedding-vow-book-made-of-velvet-paper-modern\/","og_locale":"en_US","og_type":"article","og_title":"Wedding vow book made of velvet paper MODERN - Lotte&#039;s Papery","og_description":"An exquisite wedding vow book made from velvet paper. Choose the color of the inscription: gold or silver.  They will suit different styles, moods and colors at weddings, will be a great gift for a loved one on the wedding day or as a gift for newlyweds, where you can capture the words of the most important moment of the beautiful day, said from the heart.The booklet consists of 10 pages of lined paper. Paper color - natural white. Size: 16.5 cm x 11.5 cm when closed. Product velvet color \"Old Pink\".","og_url":"https:\/\/lottespapery.com\/en\/products\/wedding-vow-book-made-of-velvet-paper-modern\/","og_site_name":"Lotte&#039;s Papery","article_publisher":"https:\/\/www.facebook.com\/LottesPapery\/","article_modified_time":"2025-02-11T20:28:35+00:00","og_image":[{"width":2560,"height":2560,"url":"http:\/\/lottespapery.com\/wp-content\/uploads\/2024\/03\/pink-zverestu-gramatina-2-scaled.jpg","type":"image\/jpeg"}],"twitter_card":"summary_large_image","schema":{"@context":"https:\/\/schema.org","@graph":[{"@type":"WebPage","@id":"https:\/\/lottespapery.com\/en\/products\/wedding-vow-book-made-of-velvet-paper-modern\/","url":"https:\/\/lottespapery.com\/en\/products\/wedding-vow-book-made-of-velvet-paper-modern\/","name":"Wedding vow book made of velvet paper MODERN - Lotte&#039;s Papery","isPartOf":{"@id":"https:\/\/lottespapery.com\/en\/#website"},"datePublished":"2024-03-04T14:41:24+00:00","dateModified":"2025-02-11T20:28:35+00:00","description":"An exquisite wedding vow book made from velvet paper. Choose the color of the inscription: gold or silver. They will suit different styles, moods and colors at weddings, will be a great gift for a loved one on the wedding day or as a gift for newlyweds, where you can capture the words of the most important moment of the beautiful day, said from the heart.The booklet consists of 10 pages of lined paper. Paper color - natural white. Size: 16.5 cm x 11.5 cm when closed. Product velvet color \"Old Pink\".","breadcrumb":{"@id":"https:\/\/lottespapery.com\/en\/products\/wedding-vow-book-made-of-velvet-paper-modern\/#breadcrumb"},"inLanguage":"en-US","potentialAction":[{"@type":"ReadAction","target":["https:\/\/lottespapery.com\/en\/products\/wedding-vow-book-made-of-velvet-paper-modern\/"]}]},{"@type":"BreadcrumbList","@id":"https:\/\/lottespapery.com\/en\/products\/wedding-vow-book-made-of-velvet-paper-modern\/#breadcrumb","itemListElement":[{"@type":"ListItem","position":1,"name":"Home","item":"https:\/\/lottespapery.com\/en\/"},{"@type":"ListItem","position":2,"name":"Shop","item":"https:\/\/lottespapery.com\/en\/shop\/"},{"@type":"ListItem","position":3,"name":"Wedding vow book made of velvet paper MODERN"}]},{"@type":"WebSite","@id":"https:\/\/lottespapery.com\/en\/#website","url":"https:\/\/lottespapery.com\/en\/","name":"Lotte&#039;s Papery","description":"Pap\u012brlietas un \u0101das izstr\u0101d\u0101jumi","publisher":{"@id":"https:\/\/lottespapery.com\/en\/#organization"},"potentialAction":[{"@type":"SearchAction","target":{"@type":"EntryPoint","urlTemplate":"https:\/\/lottespapery.com\/en\/?s={search_term_string}"},"query-input":"required name=search_term_string"}],"inLanguage":"en-US"},{"@type":"Organization","@id":"https:\/\/lottespapery.com\/en\/#organization","name":"Lotte&#039;s Papery","url":"https:\/\/lottespapery.com\/en\/","logo":{"@type":"ImageObject","inLanguage":"en-US","@id":"https:\/\/lottespapery.com\/en\/#\/schema\/logo\/image\/","url":"http:\/\/lottespapery.com\/wp-content\/uploads\/2022\/11\/logo-dark_180x@2x.png","contentUrl":"http:\/\/lottespapery.com\/wp-content\/uploads\/2022\/11\/logo-dark_180x@2x.png","width":360,"height":100,"caption":"Lotte&#039;s Papery"},"image":{"@id":"https:\/\/lottespapery.com\/en\/#\/schema\/logo\/image\/"},"sameAs":["https:\/\/www.instagram.com\/lottes_papery\/","https:\/\/www.facebook.com\/LottesPapery\/"]}]}},"_links":{"self":[{"href":"https:\/\/lottespapery.com\/en\/wp-json\/wp\/v2\/product\/32197","targetHints":{"allow":["GET"]}}],"collection":[{"href":"https:\/\/lottespapery.com\/en\/wp-json\/wp\/v2\/product"}],"about":[{"href":"https:\/\/lottespapery.com\/en\/wp-json\/wp\/v2\/types\/product"}],"wp:featuredmedia":[{"embeddable":true,"href":"https:\/\/lottespapery.com\/en\/wp-json\/wp\/v2\/media\/33829"}],"wp:attachment":[{"href":"https:\/\/lottespapery.com\/en\/wp-json\/wp\/v2\/media?parent=32197"}],"wp:term":[{"taxonomy":"product_brand","embeddable":true,"href":"https:\/\/lottespapery.com\/en\/wp-json\/wp\/v2\/product_brand?post=32197"},{"taxonomy":"product_cat","embeddable":true,"href":"https:\/\/lottespapery.com\/en\/wp-json\/wp\/v2\/product_cat?post=32197"},{"taxonomy":"product_tag","embeddable":true,"href":"https:\/\/lottespapery.com\/en\/wp-json\/wp\/v2\/product_tag?post=32197"}],"curies":[{"name":"wp","href":"https:\/\/api.w.org\/{rel}","templated":true}]}}