{"id":32506,"date":"2024-03-30T11:54:34","date_gmt":"2024-03-30T09:54:34","guid":{"rendered":"https:\/\/lottespapery.com\/?post_type=product&#038;p=32506"},"modified":"2026-03-25T15:02:37","modified_gmt":"2026-03-25T13:02:37","slug":"personalized-guest-book-terra-memoir","status":"publish","type":"product","link":"https:\/\/lottespapery.com\/en\/products\/personalized-guest-book-terra-memoir\/","title":{"rendered":"Personalizable guest book TERRA \/\/ MEMOIR"},"content":{"rendered":"","protected":false},"excerpt":{"rendered":"","protected":false},"featured_media":32376,"template":"","meta":[],"product_brand":[],"product_cat":[1639,868],"product_tag":[],"class_list":{"0":"post-32506","1":"product","2":"type-product","3":"status-publish","4":"has-post-thumbnail","6":"product_cat-guest-books-en","7":"product_cat-guest-books","9":"first","10":"instock","11":"taxable","12":"shipping-taxable","13":"purchasable","14":"product-type-variable","15":"has-default-attributes"},"raw_content":{"name":"Personalizable guest book TERRA \/\/ MEMOIR","description":"","short_description":"","status":"publish","sku":"LPGBS_038","original":32504},"wpml":{"translation_type":1,"has_translations":true,"original":32504,"duplicates":[],"translations":{"lv":32504,"en":32506}},"yoast_head":"<!-- This site is optimized with the Yoast SEO plugin v19.10 - https:\/\/yoast.com\/wordpress\/plugins\/seo\/ -->\n<title>Personalizable guest book TERRA \/\/ MEMOIR - Lotte&#039;s Papery<\/title>\n<meta name=\"description\" content=\"Guest book from the TERRA collection, characterized by elegant minimalism, pleasant texture, and unobtrusive gold or silver accents.  The book is meticulously handmade, neatly bound in sturdy covers covered with a linen-like textured material, which makes it particularly pleasant to the touch. Personalize with your chosen initials in silver or gold.  The cover material tone used in the cover image is &quot;light porcelain&quot;.  Size:  - 20 x 20 cm  Color of inner pages:  - white, blank pages  Iek\u0161lapu skaits :  - 60 pages (120 pages)  L\u016aDZU, \u0145EM V\u0112R\u0100:  - Izgatavo\u0161anas laiks l\u012bdz 1,5 ned\u0113\u013cai. - In the comments section, indicate the initials you would like to add. - The tone of the material may differ slightly from what you see on your screen - it depends on individual monitor settings.\" \/>\n<meta name=\"robots\" content=\"index, follow, max-snippet:-1, max-image-preview:large, max-video-preview:-1\" \/>\n<link rel=\"canonical\" href=\"https:\/\/lottespapery.com\/en\/products\/personalized-guest-book-terra-memoir\/\" \/>\n<meta property=\"og:locale\" content=\"en_US\" \/>\n<meta property=\"og:type\" content=\"article\" \/>\n<meta property=\"og:title\" content=\"Personalizable guest book TERRA \/\/ MEMOIR - Lotte&#039;s Papery\" \/>\n<meta property=\"og:description\" content=\"Guest book from the TERRA collection, characterized by elegant minimalism, pleasant texture, and unobtrusive gold or silver accents.  The book is meticulously handmade, neatly bound in sturdy covers covered with a linen-like textured material, which makes it particularly pleasant to the touch. Personalize with your chosen initials in silver or gold.  The cover material tone used in the cover image is &quot;light porcelain&quot;.  Size:  - 20 x 20 cm  Color of inner pages:  - white, blank pages  Iek\u0161lapu skaits :  - 60 pages (120 pages)  L\u016aDZU, \u0145EM V\u0112R\u0100:  - Izgatavo\u0161anas laiks l\u012bdz 1,5 ned\u0113\u013cai. - In the comments section, indicate the initials you would like to add. - The tone of the material may differ slightly from what you see on your screen - it depends on individual monitor settings.\" \/>\n<meta property=\"og:url\" content=\"https:\/\/lottespapery.com\/en\/products\/personalized-guest-book-terra-memoir\/\" \/>\n<meta property=\"og:site_name\" content=\"Lotte&#039;s Papery\" \/>\n<meta property=\"article:publisher\" content=\"https:\/\/www.facebook.com\/LottesPapery\/\" \/>\n<meta property=\"article:modified_time\" content=\"2026-03-25T13:02:37+00:00\" \/>\n<meta property=\"og:image\" content=\"http:\/\/lottespapery.com\/wp-content\/uploads\/2024\/03\/LOT_6304-scaled-e1711792675760.jpg\" \/>\n\t<meta property=\"og:image:width\" content=\"2560\" \/>\n\t<meta property=\"og:image:height\" content=\"1801\" \/>\n\t<meta property=\"og:image:type\" content=\"image\/jpeg\" \/>\n<meta name=\"twitter:card\" content=\"summary_large_image\" \/>\n<script type=\"application\/ld+json\" class=\"yoast-schema-graph\">{\"@context\":\"https:\/\/schema.org\",\"@graph\":[{\"@type\":\"WebPage\",\"@id\":\"https:\/\/lottespapery.com\/en\/products\/personalized-guest-book-terra-memoir\/\",\"url\":\"https:\/\/lottespapery.com\/en\/products\/personalized-guest-book-terra-memoir\/\",\"name\":\"Personalizable guest book TERRA \/\/ MEMOIR - Lotte&#039;s Papery\",\"isPartOf\":{\"@id\":\"https:\/\/lottespapery.com\/en\/#website\"},\"datePublished\":\"2024-03-30T09:54:34+00:00\",\"dateModified\":\"2026-03-25T13:02:37+00:00\",\"description\":\"Guest book from the TERRA collection, characterized by elegant minimalism, pleasant texture, and unobtrusive gold or silver accents. The book is meticulously handmade, neatly bound in sturdy covers covered with a linen-like textured material, which makes it particularly pleasant to the touch. Personalize with your chosen initials in silver or gold. The cover material tone used in the cover image is \\\"light porcelain\\\". Size: - 20 x 20 cm Color of inner pages: - white, blank pages Iek\u0161lapu skaits : - 60 pages (120 pages) L\u016aDZU, \u0145EM V\u0112R\u0100: - Izgatavo\u0161anas laiks l\u012bdz 1,5 ned\u0113\u013cai. - In the comments section, indicate the initials you would like to add. - The tone of the material may differ slightly from what you see on your screen - it depends on individual monitor settings.\",\"breadcrumb\":{\"@id\":\"https:\/\/lottespapery.com\/en\/products\/personalized-guest-book-terra-memoir\/#breadcrumb\"},\"inLanguage\":\"en-US\",\"potentialAction\":[{\"@type\":\"ReadAction\",\"target\":[\"https:\/\/lottespapery.com\/en\/products\/personalized-guest-book-terra-memoir\/\"]}]},{\"@type\":\"BreadcrumbList\",\"@id\":\"https:\/\/lottespapery.com\/en\/products\/personalized-guest-book-terra-memoir\/#breadcrumb\",\"itemListElement\":[{\"@type\":\"ListItem\",\"position\":1,\"name\":\"Home\",\"item\":\"https:\/\/lottespapery.com\/en\/\"},{\"@type\":\"ListItem\",\"position\":2,\"name\":\"Shop\",\"item\":\"https:\/\/lottespapery.com\/en\/shop\/\"},{\"@type\":\"ListItem\",\"position\":3,\"name\":\"Personalizable guest book TERRA \/\/ MEMOIR\"}]},{\"@type\":\"WebSite\",\"@id\":\"https:\/\/lottespapery.com\/en\/#website\",\"url\":\"https:\/\/lottespapery.com\/en\/\",\"name\":\"Lotte&#039;s Papery\",\"description\":\"Pap\u012brlietas un \u0101das izstr\u0101d\u0101jumi\",\"publisher\":{\"@id\":\"https:\/\/lottespapery.com\/en\/#organization\"},\"potentialAction\":[{\"@type\":\"SearchAction\",\"target\":{\"@type\":\"EntryPoint\",\"urlTemplate\":\"https:\/\/lottespapery.com\/en\/?s={search_term_string}\"},\"query-input\":\"required name=search_term_string\"}],\"inLanguage\":\"en-US\"},{\"@type\":\"Organization\",\"@id\":\"https:\/\/lottespapery.com\/en\/#organization\",\"name\":\"Lotte&#039;s Papery\",\"url\":\"https:\/\/lottespapery.com\/en\/\",\"logo\":{\"@type\":\"ImageObject\",\"inLanguage\":\"en-US\",\"@id\":\"https:\/\/lottespapery.com\/en\/#\/schema\/logo\/image\/\",\"url\":\"http:\/\/lottespapery.com\/wp-content\/uploads\/2022\/11\/logo-dark_180x@2x.png\",\"contentUrl\":\"http:\/\/lottespapery.com\/wp-content\/uploads\/2022\/11\/logo-dark_180x@2x.png\",\"width\":360,\"height\":100,\"caption\":\"Lotte&#039;s Papery\"},\"image\":{\"@id\":\"https:\/\/lottespapery.com\/en\/#\/schema\/logo\/image\/\"},\"sameAs\":[\"https:\/\/www.instagram.com\/lottes_papery\/\",\"https:\/\/www.facebook.com\/LottesPapery\/\"]}]}<\/script>\n<!-- \/ Yoast SEO plugin. -->","yoast_head_json":{"title":"Personalizable guest book TERRA \/\/ MEMOIR - Lotte&#039;s Papery","description":"Guest book from the TERRA collection, characterized by elegant minimalism, pleasant texture, and unobtrusive gold or silver accents.  The book is meticulously handmade, neatly bound in sturdy covers covered with a linen-like textured material, which makes it particularly pleasant to the touch. Personalize with your chosen initials in silver or gold.  The cover material tone used in the cover image is \"light porcelain\".  Size:  - 20 x 20 cm  Color of inner pages:  - white, blank pages  Iek\u0161lapu skaits :  - 60 pages (120 pages)  L\u016aDZU, \u0145EM V\u0112R\u0100:  - Izgatavo\u0161anas laiks l\u012bdz 1,5 ned\u0113\u013cai. - In the comments section, indicate the initials you would like to add. - The tone of the material may differ slightly from what you see on your screen - it depends on individual monitor settings.","robots":{"index":"index","follow":"follow","max-snippet":"max-snippet:-1","max-image-preview":"max-image-preview:large","max-video-preview":"max-video-preview:-1"},"canonical":"https:\/\/lottespapery.com\/en\/products\/personalized-guest-book-terra-memoir\/","og_locale":"en_US","og_type":"article","og_title":"Personalizable guest book TERRA \/\/ MEMOIR - Lotte&#039;s Papery","og_description":"Guest book from the TERRA collection, characterized by elegant minimalism, pleasant texture, and unobtrusive gold or silver accents.  The book is meticulously handmade, neatly bound in sturdy covers covered with a linen-like textured material, which makes it particularly pleasant to the touch. Personalize with your chosen initials in silver or gold.  The cover material tone used in the cover image is \"light porcelain\".  Size:  - 20 x 20 cm  Color of inner pages:  - white, blank pages  Iek\u0161lapu skaits :  - 60 pages (120 pages)  L\u016aDZU, \u0145EM V\u0112R\u0100:  - Izgatavo\u0161anas laiks l\u012bdz 1,5 ned\u0113\u013cai. - In the comments section, indicate the initials you would like to add. - The tone of the material may differ slightly from what you see on your screen - it depends on individual monitor settings.","og_url":"https:\/\/lottespapery.com\/en\/products\/personalized-guest-book-terra-memoir\/","og_site_name":"Lotte&#039;s Papery","article_publisher":"https:\/\/www.facebook.com\/LottesPapery\/","article_modified_time":"2026-03-25T13:02:37+00:00","og_image":[{"width":2560,"height":1801,"url":"http:\/\/lottespapery.com\/wp-content\/uploads\/2024\/03\/LOT_6304-scaled-e1711792675760.jpg","type":"image\/jpeg"}],"twitter_card":"summary_large_image","schema":{"@context":"https:\/\/schema.org","@graph":[{"@type":"WebPage","@id":"https:\/\/lottespapery.com\/en\/products\/personalized-guest-book-terra-memoir\/","url":"https:\/\/lottespapery.com\/en\/products\/personalized-guest-book-terra-memoir\/","name":"Personalizable guest book TERRA \/\/ MEMOIR - Lotte&#039;s Papery","isPartOf":{"@id":"https:\/\/lottespapery.com\/en\/#website"},"datePublished":"2024-03-30T09:54:34+00:00","dateModified":"2026-03-25T13:02:37+00:00","description":"Guest book from the TERRA collection, characterized by elegant minimalism, pleasant texture, and unobtrusive gold or silver accents. The book is meticulously handmade, neatly bound in sturdy covers covered with a linen-like textured material, which makes it particularly pleasant to the touch. Personalize with your chosen initials in silver or gold. The cover material tone used in the cover image is \"light porcelain\". Size: - 20 x 20 cm Color of inner pages: - white, blank pages Iek\u0161lapu skaits : - 60 pages (120 pages) L\u016aDZU, \u0145EM V\u0112R\u0100: - Izgatavo\u0161anas laiks l\u012bdz 1,5 ned\u0113\u013cai. - In the comments section, indicate the initials you would like to add. - The tone of the material may differ slightly from what you see on your screen - it depends on individual monitor settings.","breadcrumb":{"@id":"https:\/\/lottespapery.com\/en\/products\/personalized-guest-book-terra-memoir\/#breadcrumb"},"inLanguage":"en-US","potentialAction":[{"@type":"ReadAction","target":["https:\/\/lottespapery.com\/en\/products\/personalized-guest-book-terra-memoir\/"]}]},{"@type":"BreadcrumbList","@id":"https:\/\/lottespapery.com\/en\/products\/personalized-guest-book-terra-memoir\/#breadcrumb","itemListElement":[{"@type":"ListItem","position":1,"name":"Home","item":"https:\/\/lottespapery.com\/en\/"},{"@type":"ListItem","position":2,"name":"Shop","item":"https:\/\/lottespapery.com\/en\/shop\/"},{"@type":"ListItem","position":3,"name":"Personalizable guest book TERRA \/\/ MEMOIR"}]},{"@type":"WebSite","@id":"https:\/\/lottespapery.com\/en\/#website","url":"https:\/\/lottespapery.com\/en\/","name":"Lotte&#039;s Papery","description":"Pap\u012brlietas un \u0101das izstr\u0101d\u0101jumi","publisher":{"@id":"https:\/\/lottespapery.com\/en\/#organization"},"potentialAction":[{"@type":"SearchAction","target":{"@type":"EntryPoint","urlTemplate":"https:\/\/lottespapery.com\/en\/?s={search_term_string}"},"query-input":"required name=search_term_string"}],"inLanguage":"en-US"},{"@type":"Organization","@id":"https:\/\/lottespapery.com\/en\/#organization","name":"Lotte&#039;s Papery","url":"https:\/\/lottespapery.com\/en\/","logo":{"@type":"ImageObject","inLanguage":"en-US","@id":"https:\/\/lottespapery.com\/en\/#\/schema\/logo\/image\/","url":"http:\/\/lottespapery.com\/wp-content\/uploads\/2022\/11\/logo-dark_180x@2x.png","contentUrl":"http:\/\/lottespapery.com\/wp-content\/uploads\/2022\/11\/logo-dark_180x@2x.png","width":360,"height":100,"caption":"Lotte&#039;s Papery"},"image":{"@id":"https:\/\/lottespapery.com\/en\/#\/schema\/logo\/image\/"},"sameAs":["https:\/\/www.instagram.com\/lottes_papery\/","https:\/\/www.facebook.com\/LottesPapery\/"]}]}},"_links":{"self":[{"href":"https:\/\/lottespapery.com\/en\/wp-json\/wp\/v2\/product\/32506","targetHints":{"allow":["GET"]}}],"collection":[{"href":"https:\/\/lottespapery.com\/en\/wp-json\/wp\/v2\/product"}],"about":[{"href":"https:\/\/lottespapery.com\/en\/wp-json\/wp\/v2\/types\/product"}],"wp:featuredmedia":[{"embeddable":true,"href":"https:\/\/lottespapery.com\/en\/wp-json\/wp\/v2\/media\/32376"}],"wp:attachment":[{"href":"https:\/\/lottespapery.com\/en\/wp-json\/wp\/v2\/media?parent=32506"}],"wp:term":[{"taxonomy":"product_brand","embeddable":true,"href":"https:\/\/lottespapery.com\/en\/wp-json\/wp\/v2\/product_brand?post=32506"},{"taxonomy":"product_cat","embeddable":true,"href":"https:\/\/lottespapery.com\/en\/wp-json\/wp\/v2\/product_cat?post=32506"},{"taxonomy":"product_tag","embeddable":true,"href":"https:\/\/lottespapery.com\/en\/wp-json\/wp\/v2\/product_tag?post=32506"}],"curies":[{"name":"wp","href":"https:\/\/api.w.org\/{rel}","templated":true}]}}