{"id":32577,"date":"2024-04-08T14:48:29","date_gmt":"2024-04-08T11:48:29","guid":{"rendered":"https:\/\/lottespapery.com\/?post_type=product&#038;p=32577"},"modified":"2026-02-27T13:18:03","modified_gmt":"2026-02-27T11:18:03","slug":"old-pink-velvet-envelope-with-heart","status":"publish","type":"product","link":"https:\/\/lottespapery.com\/en\/products\/old-pink-velvet-envelope-with-heart\/","title":{"rendered":"Pale pink velvet envelope with a heart"},"content":{"rendered":"","protected":false},"excerpt":{"rendered":"","protected":false},"featured_media":32625,"template":"","meta":[],"product_brand":[],"product_cat":[2120,887,1751,1763,874],"product_tag":[],"class_list":{"0":"post-32577","1":"product","2":"type-product","3":"status-publish","4":"has-post-thumbnail","6":"product_cat-vday-greeting-cards","7":"product_cat-christmas-envelopes","8":"product_cat-gifts-for-newlyweds","9":"product_cat-envelopes-en","10":"product_cat-envelopes","12":"first","13":"instock","14":"taxable","15":"shipping-taxable","16":"purchasable","17":"product-type-simple"},"raw_content":{"name":"Pale pink velvet envelope with a heart","description":"","short_description":"","status":"publish","sku":"LPENV_023","original":32576},"wpml":{"translation_type":1,"has_translations":true,"original":32576,"duplicates":[],"translations":{"lv":32576,"en":32577}},"yoast_head":"<!-- This site is optimized with the Yoast SEO plugin v19.10 - https:\/\/yoast.com\/wordpress\/plugins\/seo\/ -->\n<title>Pale pink velvet envelope with a heart - Lotte&#039;s Papery<\/title>\n<meta name=\"description\" content=\"Velvet paper envelope with gold embossed elements that will elegantly dress up your chosen greeting card, note or letter so it can be delivered to the recipient safely and beautifully.  Envelope size: 16 x 11,3 cm  Please take note! Velvet is a delicate and sensitive material. We recommend handling it gently and carefully upon receiving to avoid creating permanent marks.\" \/>\n<meta name=\"robots\" content=\"index, follow, max-snippet:-1, max-image-preview:large, max-video-preview:-1\" \/>\n<link rel=\"canonical\" href=\"https:\/\/lottespapery.com\/en\/products\/old-pink-velvet-envelope-with-heart\/\" \/>\n<meta property=\"og:locale\" content=\"en_US\" \/>\n<meta property=\"og:type\" content=\"article\" \/>\n<meta property=\"og:title\" content=\"Pale pink velvet envelope with a heart - Lotte&#039;s Papery\" \/>\n<meta property=\"og:description\" content=\"Velvet paper envelope with gold embossed elements that will elegantly dress up your chosen greeting card, note or letter so it can be delivered to the recipient safely and beautifully.  Envelope size: 16 x 11,3 cm  Please take note! Velvet is a delicate and sensitive material. We recommend handling it gently and carefully upon receiving to avoid creating permanent marks.\" \/>\n<meta property=\"og:url\" content=\"https:\/\/lottespapery.com\/en\/products\/old-pink-velvet-envelope-with-heart\/\" \/>\n<meta property=\"og:site_name\" content=\"Lotte&#039;s Papery\" \/>\n<meta property=\"article:publisher\" content=\"https:\/\/www.facebook.com\/LottesPapery\/\" \/>\n<meta property=\"article:modified_time\" content=\"2026-02-27T11:18:03+00:00\" \/>\n<meta property=\"og:image\" content=\"http:\/\/lottespapery.com\/wp-content\/uploads\/2024\/04\/LOT_6769-scaled.jpg\" \/>\n\t<meta property=\"og:image:width\" content=\"2560\" \/>\n\t<meta property=\"og:image:height\" content=\"2560\" \/>\n\t<meta property=\"og:image:type\" content=\"image\/jpeg\" \/>\n<meta name=\"twitter:card\" content=\"summary_large_image\" \/>\n<script type=\"application\/ld+json\" class=\"yoast-schema-graph\">{\"@context\":\"https:\/\/schema.org\",\"@graph\":[{\"@type\":\"WebPage\",\"@id\":\"https:\/\/lottespapery.com\/en\/products\/old-pink-velvet-envelope-with-heart\/\",\"url\":\"https:\/\/lottespapery.com\/en\/products\/old-pink-velvet-envelope-with-heart\/\",\"name\":\"Pale pink velvet envelope with a heart - Lotte&#039;s Papery\",\"isPartOf\":{\"@id\":\"https:\/\/lottespapery.com\/en\/#website\"},\"datePublished\":\"2024-04-08T11:48:29+00:00\",\"dateModified\":\"2026-02-27T11:18:03+00:00\",\"description\":\"Velvet paper envelope with gold embossed elements that will elegantly dress up your chosen greeting card, note or letter so it can be delivered to the recipient safely and beautifully. Envelope size: 16 x 11,3 cm Please take note! Velvet is a delicate and sensitive material. We recommend handling it gently and carefully upon receiving to avoid creating permanent marks.\",\"breadcrumb\":{\"@id\":\"https:\/\/lottespapery.com\/en\/products\/old-pink-velvet-envelope-with-heart\/#breadcrumb\"},\"inLanguage\":\"en-US\",\"potentialAction\":[{\"@type\":\"ReadAction\",\"target\":[\"https:\/\/lottespapery.com\/en\/products\/old-pink-velvet-envelope-with-heart\/\"]}]},{\"@type\":\"BreadcrumbList\",\"@id\":\"https:\/\/lottespapery.com\/en\/products\/old-pink-velvet-envelope-with-heart\/#breadcrumb\",\"itemListElement\":[{\"@type\":\"ListItem\",\"position\":1,\"name\":\"Home\",\"item\":\"https:\/\/lottespapery.com\/en\/\"},{\"@type\":\"ListItem\",\"position\":2,\"name\":\"Shop\",\"item\":\"https:\/\/lottespapery.com\/en\/shop\/\"},{\"@type\":\"ListItem\",\"position\":3,\"name\":\"Pale pink velvet envelope with a heart\"}]},{\"@type\":\"WebSite\",\"@id\":\"https:\/\/lottespapery.com\/en\/#website\",\"url\":\"https:\/\/lottespapery.com\/en\/\",\"name\":\"Lotte&#039;s Papery\",\"description\":\"Pap\u012brlietas un \u0101das izstr\u0101d\u0101jumi\",\"publisher\":{\"@id\":\"https:\/\/lottespapery.com\/en\/#organization\"},\"potentialAction\":[{\"@type\":\"SearchAction\",\"target\":{\"@type\":\"EntryPoint\",\"urlTemplate\":\"https:\/\/lottespapery.com\/en\/?s={search_term_string}\"},\"query-input\":\"required name=search_term_string\"}],\"inLanguage\":\"en-US\"},{\"@type\":\"Organization\",\"@id\":\"https:\/\/lottespapery.com\/en\/#organization\",\"name\":\"Lotte&#039;s Papery\",\"url\":\"https:\/\/lottespapery.com\/en\/\",\"logo\":{\"@type\":\"ImageObject\",\"inLanguage\":\"en-US\",\"@id\":\"https:\/\/lottespapery.com\/en\/#\/schema\/logo\/image\/\",\"url\":\"http:\/\/lottespapery.com\/wp-content\/uploads\/2022\/11\/logo-dark_180x@2x.png\",\"contentUrl\":\"http:\/\/lottespapery.com\/wp-content\/uploads\/2022\/11\/logo-dark_180x@2x.png\",\"width\":360,\"height\":100,\"caption\":\"Lotte&#039;s Papery\"},\"image\":{\"@id\":\"https:\/\/lottespapery.com\/en\/#\/schema\/logo\/image\/\"},\"sameAs\":[\"https:\/\/www.instagram.com\/lottes_papery\/\",\"https:\/\/www.facebook.com\/LottesPapery\/\"]}]}<\/script>\n<!-- \/ Yoast SEO plugin. -->","yoast_head_json":{"title":"Pale pink velvet envelope with a heart - Lotte&#039;s Papery","description":"Velvet paper envelope with gold embossed elements that will elegantly dress up your chosen greeting card, note or letter so it can be delivered to the recipient safely and beautifully.  Envelope size: 16 x 11,3 cm  Please take note! Velvet is a delicate and sensitive material. We recommend handling it gently and carefully upon receiving to avoid creating permanent marks.","robots":{"index":"index","follow":"follow","max-snippet":"max-snippet:-1","max-image-preview":"max-image-preview:large","max-video-preview":"max-video-preview:-1"},"canonical":"https:\/\/lottespapery.com\/en\/products\/old-pink-velvet-envelope-with-heart\/","og_locale":"en_US","og_type":"article","og_title":"Pale pink velvet envelope with a heart - Lotte&#039;s Papery","og_description":"Velvet paper envelope with gold embossed elements that will elegantly dress up your chosen greeting card, note or letter so it can be delivered to the recipient safely and beautifully.  Envelope size: 16 x 11,3 cm  Please take note! Velvet is a delicate and sensitive material. We recommend handling it gently and carefully upon receiving to avoid creating permanent marks.","og_url":"https:\/\/lottespapery.com\/en\/products\/old-pink-velvet-envelope-with-heart\/","og_site_name":"Lotte&#039;s Papery","article_publisher":"https:\/\/www.facebook.com\/LottesPapery\/","article_modified_time":"2026-02-27T11:18:03+00:00","og_image":[{"width":2560,"height":2560,"url":"http:\/\/lottespapery.com\/wp-content\/uploads\/2024\/04\/LOT_6769-scaled.jpg","type":"image\/jpeg"}],"twitter_card":"summary_large_image","schema":{"@context":"https:\/\/schema.org","@graph":[{"@type":"WebPage","@id":"https:\/\/lottespapery.com\/en\/products\/old-pink-velvet-envelope-with-heart\/","url":"https:\/\/lottespapery.com\/en\/products\/old-pink-velvet-envelope-with-heart\/","name":"Pale pink velvet envelope with a heart - Lotte&#039;s Papery","isPartOf":{"@id":"https:\/\/lottespapery.com\/en\/#website"},"datePublished":"2024-04-08T11:48:29+00:00","dateModified":"2026-02-27T11:18:03+00:00","description":"Velvet paper envelope with gold embossed elements that will elegantly dress up your chosen greeting card, note or letter so it can be delivered to the recipient safely and beautifully. Envelope size: 16 x 11,3 cm Please take note! Velvet is a delicate and sensitive material. We recommend handling it gently and carefully upon receiving to avoid creating permanent marks.","breadcrumb":{"@id":"https:\/\/lottespapery.com\/en\/products\/old-pink-velvet-envelope-with-heart\/#breadcrumb"},"inLanguage":"en-US","potentialAction":[{"@type":"ReadAction","target":["https:\/\/lottespapery.com\/en\/products\/old-pink-velvet-envelope-with-heart\/"]}]},{"@type":"BreadcrumbList","@id":"https:\/\/lottespapery.com\/en\/products\/old-pink-velvet-envelope-with-heart\/#breadcrumb","itemListElement":[{"@type":"ListItem","position":1,"name":"Home","item":"https:\/\/lottespapery.com\/en\/"},{"@type":"ListItem","position":2,"name":"Shop","item":"https:\/\/lottespapery.com\/en\/shop\/"},{"@type":"ListItem","position":3,"name":"Pale pink velvet envelope with a heart"}]},{"@type":"WebSite","@id":"https:\/\/lottespapery.com\/en\/#website","url":"https:\/\/lottespapery.com\/en\/","name":"Lotte&#039;s Papery","description":"Pap\u012brlietas un \u0101das izstr\u0101d\u0101jumi","publisher":{"@id":"https:\/\/lottespapery.com\/en\/#organization"},"potentialAction":[{"@type":"SearchAction","target":{"@type":"EntryPoint","urlTemplate":"https:\/\/lottespapery.com\/en\/?s={search_term_string}"},"query-input":"required name=search_term_string"}],"inLanguage":"en-US"},{"@type":"Organization","@id":"https:\/\/lottespapery.com\/en\/#organization","name":"Lotte&#039;s Papery","url":"https:\/\/lottespapery.com\/en\/","logo":{"@type":"ImageObject","inLanguage":"en-US","@id":"https:\/\/lottespapery.com\/en\/#\/schema\/logo\/image\/","url":"http:\/\/lottespapery.com\/wp-content\/uploads\/2022\/11\/logo-dark_180x@2x.png","contentUrl":"http:\/\/lottespapery.com\/wp-content\/uploads\/2022\/11\/logo-dark_180x@2x.png","width":360,"height":100,"caption":"Lotte&#039;s Papery"},"image":{"@id":"https:\/\/lottespapery.com\/en\/#\/schema\/logo\/image\/"},"sameAs":["https:\/\/www.instagram.com\/lottes_papery\/","https:\/\/www.facebook.com\/LottesPapery\/"]}]}},"_links":{"self":[{"href":"https:\/\/lottespapery.com\/en\/wp-json\/wp\/v2\/product\/32577","targetHints":{"allow":["GET"]}}],"collection":[{"href":"https:\/\/lottespapery.com\/en\/wp-json\/wp\/v2\/product"}],"about":[{"href":"https:\/\/lottespapery.com\/en\/wp-json\/wp\/v2\/types\/product"}],"wp:featuredmedia":[{"embeddable":true,"href":"https:\/\/lottespapery.com\/en\/wp-json\/wp\/v2\/media\/32625"}],"wp:attachment":[{"href":"https:\/\/lottespapery.com\/en\/wp-json\/wp\/v2\/media?parent=32577"}],"wp:term":[{"taxonomy":"product_brand","embeddable":true,"href":"https:\/\/lottespapery.com\/en\/wp-json\/wp\/v2\/product_brand?post=32577"},{"taxonomy":"product_cat","embeddable":true,"href":"https:\/\/lottespapery.com\/en\/wp-json\/wp\/v2\/product_cat?post=32577"},{"taxonomy":"product_tag","embeddable":true,"href":"https:\/\/lottespapery.com\/en\/wp-json\/wp\/v2\/product_tag?post=32577"}],"curies":[{"name":"wp","href":"https:\/\/api.w.org\/{rel}","templated":true}]}}