{"id":33792,"date":"2024-07-08T14:48:49","date_gmt":"2024-07-08T11:48:49","guid":{"rendered":"https:\/\/lottespapery.com\/?post_type=product&#038;p=33792"},"modified":"2025-11-12T14:20:05","modified_gmt":"2025-11-12T12:20:05","slug":"photo-album-happy-moments","status":"publish","type":"product","link":"https:\/\/lottespapery.com\/en\/products\/photo-album-happy-moments\/","title":{"rendered":"Photo album &#8220;Happy moments&#8221;"},"content":{"rendered":"","protected":false},"excerpt":{"rendered":"","protected":false},"featured_media":33806,"template":"","meta":[],"product_brand":[],"product_cat":[1640,1749,770],"product_tag":[],"class_list":{"0":"post-33792","1":"product","2":"type-product","3":"status-publish","4":"has-post-thumbnail","6":"product_cat-guest-books-for-polaroid-instax-images","7":"product_cat-photo-albums","8":"product_cat-foto-albumi-en","10":"first","11":"instock","12":"taxable","13":"shipping-taxable","14":"purchasable","15":"product-type-simple"},"raw_content":{"name":"Photo album \"Happy moments\"","description":"","short_description":"","status":"publish","sku":"867B-C429E9","original":33789},"wpml":{"translation_type":1,"has_translations":true,"original":33789,"duplicates":[],"translations":{"lv":33789,"en":33792}},"yoast_head":"<!-- This site is optimized with the Yoast SEO plugin v19.10 - https:\/\/yoast.com\/wordpress\/plugins\/seo\/ -->\n<title>Photo album &quot;Happy moments&quot; - Lotte&#039;s Papery<\/title>\n<meta name=\"description\" content=\"An album in an elegant minimalist style with &quot;happy moments&quot; embossed in gold. The album consists of thick, high-quality paper and airy interleaves - the perfect album to store precious memories.  Available sizes:  - 24 x 35 cm  Inner page color options:  - cream color  Number of pages :  - 30 sheets (60 pages). To attach photos, use photo corners or double-sided photo stickers.  Available album color:  - terra  - Text color:  - gold  PLEASE NOTE:  - Production time is up to 1.5 weeks. If you need the product by a specific date, please contact us before placing your order by writing to info@lottespapery.com.\" \/>\n<meta name=\"robots\" content=\"index, follow, max-snippet:-1, max-image-preview:large, max-video-preview:-1\" \/>\n<link rel=\"canonical\" href=\"https:\/\/lottespapery.com\/en\/products\/photo-album-happy-moments\/\" \/>\n<meta property=\"og:locale\" content=\"en_US\" \/>\n<meta property=\"og:type\" content=\"article\" \/>\n<meta property=\"og:title\" content=\"Photo album &quot;Happy moments&quot; - Lotte&#039;s Papery\" \/>\n<meta property=\"og:description\" content=\"An album in an elegant minimalist style with &quot;happy moments&quot; embossed in gold. The album consists of thick, high-quality paper and airy interleaves - the perfect album to store precious memories.  Available sizes:  - 24 x 35 cm  Inner page color options:  - cream color  Number of pages :  - 30 sheets (60 pages). To attach photos, use photo corners or double-sided photo stickers.  Available album color:  - terra  - Text color:  - gold  PLEASE NOTE:  - Production time is up to 1.5 weeks. If you need the product by a specific date, please contact us before placing your order by writing to info@lottespapery.com.\" \/>\n<meta property=\"og:url\" content=\"https:\/\/lottespapery.com\/en\/products\/photo-album-happy-moments\/\" \/>\n<meta property=\"og:site_name\" content=\"Lotte&#039;s Papery\" \/>\n<meta property=\"article:publisher\" content=\"https:\/\/www.facebook.com\/LottesPapery\/\" \/>\n<meta property=\"article:modified_time\" content=\"2025-11-12T12:20:05+00:00\" \/>\n<meta property=\"og:image\" content=\"http:\/\/lottespapery.com\/wp-content\/uploads\/2024\/07\/IMG_1481-1024x1024.jpg\" \/>\n\t<meta property=\"og:image:width\" content=\"1024\" \/>\n\t<meta property=\"og:image:height\" content=\"1024\" \/>\n\t<meta property=\"og:image:type\" content=\"image\/jpeg\" \/>\n<meta name=\"twitter:card\" content=\"summary_large_image\" \/>\n<script type=\"application\/ld+json\" class=\"yoast-schema-graph\">{\"@context\":\"https:\/\/schema.org\",\"@graph\":[{\"@type\":\"WebPage\",\"@id\":\"https:\/\/lottespapery.com\/en\/products\/photo-album-happy-moments\/\",\"url\":\"https:\/\/lottespapery.com\/en\/products\/photo-album-happy-moments\/\",\"name\":\"Photo album \\\"Happy moments\\\" - Lotte&#039;s Papery\",\"isPartOf\":{\"@id\":\"https:\/\/lottespapery.com\/en\/#website\"},\"datePublished\":\"2024-07-08T11:48:49+00:00\",\"dateModified\":\"2025-11-12T12:20:05+00:00\",\"description\":\"An album in an elegant minimalist style with \\\"happy moments\\\" embossed in gold. The album consists of thick, high-quality paper and airy interleaves - the perfect album to store precious memories. Available sizes: - 24 x 35 cm Inner page color options: - cream color Number of pages : - 30 sheets (60 pages). To attach photos, use photo corners or double-sided photo stickers. Available album color: - terra - Text color: - gold PLEASE NOTE: - Production time is up to 1.5 weeks. If you need the product by a specific date, please contact us before placing your order by writing to info@lottespapery.com.\",\"breadcrumb\":{\"@id\":\"https:\/\/lottespapery.com\/en\/products\/photo-album-happy-moments\/#breadcrumb\"},\"inLanguage\":\"en-US\",\"potentialAction\":[{\"@type\":\"ReadAction\",\"target\":[\"https:\/\/lottespapery.com\/en\/products\/photo-album-happy-moments\/\"]}]},{\"@type\":\"BreadcrumbList\",\"@id\":\"https:\/\/lottespapery.com\/en\/products\/photo-album-happy-moments\/#breadcrumb\",\"itemListElement\":[{\"@type\":\"ListItem\",\"position\":1,\"name\":\"Home\",\"item\":\"https:\/\/lottespapery.com\/en\/\"},{\"@type\":\"ListItem\",\"position\":2,\"name\":\"Shop\",\"item\":\"https:\/\/lottespapery.com\/en\/shop\/\"},{\"@type\":\"ListItem\",\"position\":3,\"name\":\"Photo album &#8220;Happy moments&#8221;\"}]},{\"@type\":\"WebSite\",\"@id\":\"https:\/\/lottespapery.com\/en\/#website\",\"url\":\"https:\/\/lottespapery.com\/en\/\",\"name\":\"Lotte&#039;s Papery\",\"description\":\"Pap\u012brlietas un \u0101das izstr\u0101d\u0101jumi\",\"publisher\":{\"@id\":\"https:\/\/lottespapery.com\/en\/#organization\"},\"potentialAction\":[{\"@type\":\"SearchAction\",\"target\":{\"@type\":\"EntryPoint\",\"urlTemplate\":\"https:\/\/lottespapery.com\/en\/?s={search_term_string}\"},\"query-input\":\"required name=search_term_string\"}],\"inLanguage\":\"en-US\"},{\"@type\":\"Organization\",\"@id\":\"https:\/\/lottespapery.com\/en\/#organization\",\"name\":\"Lotte&#039;s Papery\",\"url\":\"https:\/\/lottespapery.com\/en\/\",\"logo\":{\"@type\":\"ImageObject\",\"inLanguage\":\"en-US\",\"@id\":\"https:\/\/lottespapery.com\/en\/#\/schema\/logo\/image\/\",\"url\":\"http:\/\/lottespapery.com\/wp-content\/uploads\/2022\/11\/logo-dark_180x@2x.png\",\"contentUrl\":\"http:\/\/lottespapery.com\/wp-content\/uploads\/2022\/11\/logo-dark_180x@2x.png\",\"width\":360,\"height\":100,\"caption\":\"Lotte&#039;s Papery\"},\"image\":{\"@id\":\"https:\/\/lottespapery.com\/en\/#\/schema\/logo\/image\/\"},\"sameAs\":[\"https:\/\/www.instagram.com\/lottes_papery\/\",\"https:\/\/www.facebook.com\/LottesPapery\/\"]}]}<\/script>\n<!-- \/ Yoast SEO plugin. -->","yoast_head_json":{"title":"Photo album \"Happy moments\" - Lotte&#039;s Papery","description":"An album in an elegant minimalist style with \"happy moments\" embossed in gold. The album consists of thick, high-quality paper and airy interleaves - the perfect album to store precious memories.  Available sizes:  - 24 x 35 cm  Inner page color options:  - cream color  Number of pages :  - 30 sheets (60 pages). To attach photos, use photo corners or double-sided photo stickers.  Available album color:  - terra  - Text color:  - gold  PLEASE NOTE:  - Production time is up to 1.5 weeks. If you need the product by a specific date, please contact us before placing your order by writing to info@lottespapery.com.","robots":{"index":"index","follow":"follow","max-snippet":"max-snippet:-1","max-image-preview":"max-image-preview:large","max-video-preview":"max-video-preview:-1"},"canonical":"https:\/\/lottespapery.com\/en\/products\/photo-album-happy-moments\/","og_locale":"en_US","og_type":"article","og_title":"Photo album \"Happy moments\" - Lotte&#039;s Papery","og_description":"An album in an elegant minimalist style with \"happy moments\" embossed in gold. The album consists of thick, high-quality paper and airy interleaves - the perfect album to store precious memories.  Available sizes:  - 24 x 35 cm  Inner page color options:  - cream color  Number of pages :  - 30 sheets (60 pages). To attach photos, use photo corners or double-sided photo stickers.  Available album color:  - terra  - Text color:  - gold  PLEASE NOTE:  - Production time is up to 1.5 weeks. If you need the product by a specific date, please contact us before placing your order by writing to info@lottespapery.com.","og_url":"https:\/\/lottespapery.com\/en\/products\/photo-album-happy-moments\/","og_site_name":"Lotte&#039;s Papery","article_publisher":"https:\/\/www.facebook.com\/LottesPapery\/","article_modified_time":"2025-11-12T12:20:05+00:00","og_image":[{"width":1024,"height":1024,"url":"http:\/\/lottespapery.com\/wp-content\/uploads\/2024\/07\/IMG_1481-1024x1024.jpg","type":"image\/jpeg"}],"twitter_card":"summary_large_image","schema":{"@context":"https:\/\/schema.org","@graph":[{"@type":"WebPage","@id":"https:\/\/lottespapery.com\/en\/products\/photo-album-happy-moments\/","url":"https:\/\/lottespapery.com\/en\/products\/photo-album-happy-moments\/","name":"Photo album \"Happy moments\" - Lotte&#039;s Papery","isPartOf":{"@id":"https:\/\/lottespapery.com\/en\/#website"},"datePublished":"2024-07-08T11:48:49+00:00","dateModified":"2025-11-12T12:20:05+00:00","description":"An album in an elegant minimalist style with \"happy moments\" embossed in gold. The album consists of thick, high-quality paper and airy interleaves - the perfect album to store precious memories. Available sizes: - 24 x 35 cm Inner page color options: - cream color Number of pages : - 30 sheets (60 pages). To attach photos, use photo corners or double-sided photo stickers. Available album color: - terra - Text color: - gold PLEASE NOTE: - Production time is up to 1.5 weeks. If you need the product by a specific date, please contact us before placing your order by writing to info@lottespapery.com.","breadcrumb":{"@id":"https:\/\/lottespapery.com\/en\/products\/photo-album-happy-moments\/#breadcrumb"},"inLanguage":"en-US","potentialAction":[{"@type":"ReadAction","target":["https:\/\/lottespapery.com\/en\/products\/photo-album-happy-moments\/"]}]},{"@type":"BreadcrumbList","@id":"https:\/\/lottespapery.com\/en\/products\/photo-album-happy-moments\/#breadcrumb","itemListElement":[{"@type":"ListItem","position":1,"name":"Home","item":"https:\/\/lottespapery.com\/en\/"},{"@type":"ListItem","position":2,"name":"Shop","item":"https:\/\/lottespapery.com\/en\/shop\/"},{"@type":"ListItem","position":3,"name":"Photo album &#8220;Happy moments&#8221;"}]},{"@type":"WebSite","@id":"https:\/\/lottespapery.com\/en\/#website","url":"https:\/\/lottespapery.com\/en\/","name":"Lotte&#039;s Papery","description":"Pap\u012brlietas un \u0101das izstr\u0101d\u0101jumi","publisher":{"@id":"https:\/\/lottespapery.com\/en\/#organization"},"potentialAction":[{"@type":"SearchAction","target":{"@type":"EntryPoint","urlTemplate":"https:\/\/lottespapery.com\/en\/?s={search_term_string}"},"query-input":"required name=search_term_string"}],"inLanguage":"en-US"},{"@type":"Organization","@id":"https:\/\/lottespapery.com\/en\/#organization","name":"Lotte&#039;s Papery","url":"https:\/\/lottespapery.com\/en\/","logo":{"@type":"ImageObject","inLanguage":"en-US","@id":"https:\/\/lottespapery.com\/en\/#\/schema\/logo\/image\/","url":"http:\/\/lottespapery.com\/wp-content\/uploads\/2022\/11\/logo-dark_180x@2x.png","contentUrl":"http:\/\/lottespapery.com\/wp-content\/uploads\/2022\/11\/logo-dark_180x@2x.png","width":360,"height":100,"caption":"Lotte&#039;s Papery"},"image":{"@id":"https:\/\/lottespapery.com\/en\/#\/schema\/logo\/image\/"},"sameAs":["https:\/\/www.instagram.com\/lottes_papery\/","https:\/\/www.facebook.com\/LottesPapery\/"]}]}},"_links":{"self":[{"href":"https:\/\/lottespapery.com\/en\/wp-json\/wp\/v2\/product\/33792","targetHints":{"allow":["GET"]}}],"collection":[{"href":"https:\/\/lottespapery.com\/en\/wp-json\/wp\/v2\/product"}],"about":[{"href":"https:\/\/lottespapery.com\/en\/wp-json\/wp\/v2\/types\/product"}],"wp:featuredmedia":[{"embeddable":true,"href":"https:\/\/lottespapery.com\/en\/wp-json\/wp\/v2\/media\/33806"}],"wp:attachment":[{"href":"https:\/\/lottespapery.com\/en\/wp-json\/wp\/v2\/media?parent=33792"}],"wp:term":[{"taxonomy":"product_brand","embeddable":true,"href":"https:\/\/lottespapery.com\/en\/wp-json\/wp\/v2\/product_brand?post=33792"},{"taxonomy":"product_cat","embeddable":true,"href":"https:\/\/lottespapery.com\/en\/wp-json\/wp\/v2\/product_cat?post=33792"},{"taxonomy":"product_tag","embeddable":true,"href":"https:\/\/lottespapery.com\/en\/wp-json\/wp\/v2\/product_tag?post=33792"}],"curies":[{"name":"wp","href":"https:\/\/api.w.org\/{rel}","templated":true}]}}