{"id":33946,"date":"2024-07-17T16:59:39","date_gmt":"2024-07-17T13:59:39","guid":{"rendered":"https:\/\/lottespapery.com\/?post_type=product&#038;p=33946"},"modified":"2025-02-11T17:45:52","modified_gmt":"2025-02-11T15:45:52","slug":"notebook-brilliant-ideas","status":"publish","type":"product","link":"https:\/\/lottespapery.com\/en\/products\/notebook-brilliant-ideas\/","title":{"rendered":"Notebook &#8220;brilliant ideas&#8221;"},"content":{"rendered":"","protected":false},"excerpt":{"rendered":"","protected":false},"featured_media":33964,"template":"","meta":[],"product_brand":[],"product_cat":[881],"product_tag":[],"class_list":{"0":"post-33946","1":"product","2":"type-product","3":"status-publish","4":"has-post-thumbnail","6":"product_cat-notepads","8":"first","9":"instock","10":"taxable","11":"shipping-taxable","12":"purchasable","13":"product-type-variable","14":"has-default-attributes"},"raw_content":{"name":"Notebook \"brilliant ideas\"","description":"","short_description":"","status":"publish","sku":"B762-430549","original":33928},"wpml":{"translation_type":1,"has_translations":true,"original":33928,"duplicates":[],"translations":{"lv":33928,"en":33946}},"yoast_head":"<!-- This site is optimized with the Yoast SEO plugin v19.10 - https:\/\/yoast.com\/wordpress\/plugins\/seo\/ -->\n<title>Notebook &quot;brilliant ideas&quot; - Lotte&#039;s Papery<\/title>\n<meta name=\"description\" content=\"The notebook is meticulously handcrafted and is covered with a linen-like textured material, which makes it particularly pleasant to the touch. The text &quot;brilliant ideas I had while drinking wine&quot; is embossed in gold or black.    ----  Size: 12.5 x 17.5 cm. Lid color: light porcelain Type of inner pages: blank\" \/>\n<meta name=\"robots\" content=\"index, follow, max-snippet:-1, max-image-preview:large, max-video-preview:-1\" \/>\n<link rel=\"canonical\" href=\"https:\/\/lottespapery.com\/en\/products\/notebook-brilliant-ideas\/\" \/>\n<meta property=\"og:locale\" content=\"en_US\" \/>\n<meta property=\"og:type\" content=\"article\" \/>\n<meta property=\"og:title\" content=\"Notebook &quot;brilliant ideas&quot; - Lotte&#039;s Papery\" \/>\n<meta property=\"og:description\" content=\"The notebook is meticulously handcrafted and is covered with a linen-like textured material, which makes it particularly pleasant to the touch. The text &quot;brilliant ideas I had while drinking wine&quot; is embossed in gold or black.    ----  Size: 12.5 x 17.5 cm. Lid color: light porcelain Type of inner pages: blank\" \/>\n<meta property=\"og:url\" content=\"https:\/\/lottespapery.com\/en\/products\/notebook-brilliant-ideas\/\" \/>\n<meta property=\"og:site_name\" content=\"Lotte&#039;s Papery\" \/>\n<meta property=\"article:publisher\" content=\"https:\/\/www.facebook.com\/LottesPapery\/\" \/>\n<meta property=\"article:modified_time\" content=\"2025-02-11T15:45:52+00:00\" \/>\n<meta property=\"og:image\" content=\"https:\/\/lottespapery.com\/wp-content\/uploads\/2024\/07\/Linen-notebook-9-scaled.jpg\" \/>\n\t<meta property=\"og:image:width\" content=\"2560\" \/>\n\t<meta property=\"og:image:height\" content=\"2560\" \/>\n\t<meta property=\"og:image:type\" content=\"image\/jpeg\" \/>\n<meta name=\"twitter:card\" content=\"summary_large_image\" \/>\n<script type=\"application\/ld+json\" class=\"yoast-schema-graph\">{\"@context\":\"https:\/\/schema.org\",\"@graph\":[{\"@type\":\"WebPage\",\"@id\":\"https:\/\/lottespapery.com\/en\/products\/notebook-brilliant-ideas\/\",\"url\":\"https:\/\/lottespapery.com\/en\/products\/notebook-brilliant-ideas\/\",\"name\":\"Notebook \\\"brilliant ideas\\\" - Lotte&#039;s Papery\",\"isPartOf\":{\"@id\":\"https:\/\/lottespapery.com\/en\/#website\"},\"datePublished\":\"2024-07-17T13:59:39+00:00\",\"dateModified\":\"2025-02-11T15:45:52+00:00\",\"description\":\"The notebook is meticulously handcrafted and is covered with a linen-like textured material, which makes it particularly pleasant to the touch. The text \\\"brilliant ideas I had while drinking wine\\\" is embossed in gold or black. ---- Size: 12.5 x 17.5 cm. Lid color: light porcelain Type of inner pages: blank\",\"breadcrumb\":{\"@id\":\"https:\/\/lottespapery.com\/en\/products\/notebook-brilliant-ideas\/#breadcrumb\"},\"inLanguage\":\"en-US\",\"potentialAction\":[{\"@type\":\"ReadAction\",\"target\":[\"https:\/\/lottespapery.com\/en\/products\/notebook-brilliant-ideas\/\"]}]},{\"@type\":\"BreadcrumbList\",\"@id\":\"https:\/\/lottespapery.com\/en\/products\/notebook-brilliant-ideas\/#breadcrumb\",\"itemListElement\":[{\"@type\":\"ListItem\",\"position\":1,\"name\":\"Home\",\"item\":\"https:\/\/lottespapery.com\/en\/\"},{\"@type\":\"ListItem\",\"position\":2,\"name\":\"Shop\",\"item\":\"https:\/\/lottespapery.com\/en\/shop\/\"},{\"@type\":\"ListItem\",\"position\":3,\"name\":\"Notebook &#8220;brilliant ideas&#8221;\"}]},{\"@type\":\"WebSite\",\"@id\":\"https:\/\/lottespapery.com\/en\/#website\",\"url\":\"https:\/\/lottespapery.com\/en\/\",\"name\":\"Lotte&#039;s Papery\",\"description\":\"Pap\u012brlietas un \u0101das izstr\u0101d\u0101jumi\",\"publisher\":{\"@id\":\"https:\/\/lottespapery.com\/en\/#organization\"},\"potentialAction\":[{\"@type\":\"SearchAction\",\"target\":{\"@type\":\"EntryPoint\",\"urlTemplate\":\"https:\/\/lottespapery.com\/en\/?s={search_term_string}\"},\"query-input\":\"required name=search_term_string\"}],\"inLanguage\":\"en-US\"},{\"@type\":\"Organization\",\"@id\":\"https:\/\/lottespapery.com\/en\/#organization\",\"name\":\"Lotte&#039;s Papery\",\"url\":\"https:\/\/lottespapery.com\/en\/\",\"logo\":{\"@type\":\"ImageObject\",\"inLanguage\":\"en-US\",\"@id\":\"https:\/\/lottespapery.com\/en\/#\/schema\/logo\/image\/\",\"url\":\"http:\/\/lottespapery.com\/wp-content\/uploads\/2022\/11\/logo-dark_180x@2x.png\",\"contentUrl\":\"http:\/\/lottespapery.com\/wp-content\/uploads\/2022\/11\/logo-dark_180x@2x.png\",\"width\":360,\"height\":100,\"caption\":\"Lotte&#039;s Papery\"},\"image\":{\"@id\":\"https:\/\/lottespapery.com\/en\/#\/schema\/logo\/image\/\"},\"sameAs\":[\"https:\/\/www.instagram.com\/lottes_papery\/\",\"https:\/\/www.facebook.com\/LottesPapery\/\"]}]}<\/script>\n<!-- \/ Yoast SEO plugin. -->","yoast_head_json":{"title":"Notebook \"brilliant ideas\" - Lotte&#039;s Papery","description":"The notebook is meticulously handcrafted and is covered with a linen-like textured material, which makes it particularly pleasant to the touch. The text \"brilliant ideas I had while drinking wine\" is embossed in gold or black.    ----  Size: 12.5 x 17.5 cm. Lid color: light porcelain Type of inner pages: blank","robots":{"index":"index","follow":"follow","max-snippet":"max-snippet:-1","max-image-preview":"max-image-preview:large","max-video-preview":"max-video-preview:-1"},"canonical":"https:\/\/lottespapery.com\/en\/products\/notebook-brilliant-ideas\/","og_locale":"en_US","og_type":"article","og_title":"Notebook \"brilliant ideas\" - Lotte&#039;s Papery","og_description":"The notebook is meticulously handcrafted and is covered with a linen-like textured material, which makes it particularly pleasant to the touch. The text \"brilliant ideas I had while drinking wine\" is embossed in gold or black.    ----  Size: 12.5 x 17.5 cm. Lid color: light porcelain Type of inner pages: blank","og_url":"https:\/\/lottespapery.com\/en\/products\/notebook-brilliant-ideas\/","og_site_name":"Lotte&#039;s Papery","article_publisher":"https:\/\/www.facebook.com\/LottesPapery\/","article_modified_time":"2025-02-11T15:45:52+00:00","og_image":[{"width":2560,"height":2560,"url":"https:\/\/lottespapery.com\/wp-content\/uploads\/2024\/07\/Linen-notebook-9-scaled.jpg","type":"image\/jpeg"}],"twitter_card":"summary_large_image","schema":{"@context":"https:\/\/schema.org","@graph":[{"@type":"WebPage","@id":"https:\/\/lottespapery.com\/en\/products\/notebook-brilliant-ideas\/","url":"https:\/\/lottespapery.com\/en\/products\/notebook-brilliant-ideas\/","name":"Notebook \"brilliant ideas\" - Lotte&#039;s Papery","isPartOf":{"@id":"https:\/\/lottespapery.com\/en\/#website"},"datePublished":"2024-07-17T13:59:39+00:00","dateModified":"2025-02-11T15:45:52+00:00","description":"The notebook is meticulously handcrafted and is covered with a linen-like textured material, which makes it particularly pleasant to the touch. The text \"brilliant ideas I had while drinking wine\" is embossed in gold or black. ---- Size: 12.5 x 17.5 cm. Lid color: light porcelain Type of inner pages: blank","breadcrumb":{"@id":"https:\/\/lottespapery.com\/en\/products\/notebook-brilliant-ideas\/#breadcrumb"},"inLanguage":"en-US","potentialAction":[{"@type":"ReadAction","target":["https:\/\/lottespapery.com\/en\/products\/notebook-brilliant-ideas\/"]}]},{"@type":"BreadcrumbList","@id":"https:\/\/lottespapery.com\/en\/products\/notebook-brilliant-ideas\/#breadcrumb","itemListElement":[{"@type":"ListItem","position":1,"name":"Home","item":"https:\/\/lottespapery.com\/en\/"},{"@type":"ListItem","position":2,"name":"Shop","item":"https:\/\/lottespapery.com\/en\/shop\/"},{"@type":"ListItem","position":3,"name":"Notebook &#8220;brilliant ideas&#8221;"}]},{"@type":"WebSite","@id":"https:\/\/lottespapery.com\/en\/#website","url":"https:\/\/lottespapery.com\/en\/","name":"Lotte&#039;s Papery","description":"Pap\u012brlietas un \u0101das izstr\u0101d\u0101jumi","publisher":{"@id":"https:\/\/lottespapery.com\/en\/#organization"},"potentialAction":[{"@type":"SearchAction","target":{"@type":"EntryPoint","urlTemplate":"https:\/\/lottespapery.com\/en\/?s={search_term_string}"},"query-input":"required name=search_term_string"}],"inLanguage":"en-US"},{"@type":"Organization","@id":"https:\/\/lottespapery.com\/en\/#organization","name":"Lotte&#039;s Papery","url":"https:\/\/lottespapery.com\/en\/","logo":{"@type":"ImageObject","inLanguage":"en-US","@id":"https:\/\/lottespapery.com\/en\/#\/schema\/logo\/image\/","url":"http:\/\/lottespapery.com\/wp-content\/uploads\/2022\/11\/logo-dark_180x@2x.png","contentUrl":"http:\/\/lottespapery.com\/wp-content\/uploads\/2022\/11\/logo-dark_180x@2x.png","width":360,"height":100,"caption":"Lotte&#039;s Papery"},"image":{"@id":"https:\/\/lottespapery.com\/en\/#\/schema\/logo\/image\/"},"sameAs":["https:\/\/www.instagram.com\/lottes_papery\/","https:\/\/www.facebook.com\/LottesPapery\/"]}]}},"_links":{"self":[{"href":"https:\/\/lottespapery.com\/en\/wp-json\/wp\/v2\/product\/33946","targetHints":{"allow":["GET"]}}],"collection":[{"href":"https:\/\/lottespapery.com\/en\/wp-json\/wp\/v2\/product"}],"about":[{"href":"https:\/\/lottespapery.com\/en\/wp-json\/wp\/v2\/types\/product"}],"wp:featuredmedia":[{"embeddable":true,"href":"https:\/\/lottespapery.com\/en\/wp-json\/wp\/v2\/media\/33964"}],"wp:attachment":[{"href":"https:\/\/lottespapery.com\/en\/wp-json\/wp\/v2\/media?parent=33946"}],"wp:term":[{"taxonomy":"product_brand","embeddable":true,"href":"https:\/\/lottespapery.com\/en\/wp-json\/wp\/v2\/product_brand?post=33946"},{"taxonomy":"product_cat","embeddable":true,"href":"https:\/\/lottespapery.com\/en\/wp-json\/wp\/v2\/product_cat?post=33946"},{"taxonomy":"product_tag","embeddable":true,"href":"https:\/\/lottespapery.com\/en\/wp-json\/wp\/v2\/product_tag?post=33946"}],"curies":[{"name":"wp","href":"https:\/\/api.w.org\/{rel}","templated":true}]}}